{"id":70296357,"date":"2019-09-05T15:59:00","date_gmt":"2019-09-05T13:59:00","guid":{"rendered":"http:\/\/abisagtuellmann.bpk-news.de\/atbild\/landwirtschaftlicher-unterricht-in-der-schule-der-lpg-schenkenberg-bei-leipzig\/"},"modified":"2020-08-11T17:06:19","modified_gmt":"2020-08-11T15:06:19","slug":"landwirtschaftlicher-unterricht-in-der-schule-der-lpg-schenkenberg-bei-leipzig","status":"publish","type":"product","link":"https:\/\/bpk-archive.de\/tuellmann\/produkt\/landwirtschaftlicher-unterricht-in-der-schule-der-lpg-schenkenberg-bei-leipzig\/","title":{"rendered":"Landwirtschaftlicher Unterricht in der Schule der LPG Schenkenberg bei Leipzig"},"content":{"rendered":"<p>An der Wand ein Portr\u00e4t von Walter Ulbricht R\u00fcckseitenbeschriftung von Hand der Fotografin: &#8222;LPG Schenkenberg, landwirtschaftlicher Unterricht in der Schule (bei Leipzig)&#8220;<\/p>\n","protected":false},"excerpt":{"rendered":"<p>An der Wand ein Portr\u00e4t von Walter Ulbricht R\u00fcckseitenbeschriftung von Hand der Fotografin: &#8222;LPG Schenkenberg, landwirtschaftlicher Unterricht in der Schule (bei Leipzig)&#8220;<\/p>\n","protected":false},"featured_media":70292538,"template":"","meta":[],"product_brand":[],"product_cat":[73393],"product_tag":[13774,13232,13234,13231,13233,13775,47921,62149,13777,47541,47542,47543,47544,47545,47547,47548,62150,55062,47988,13784,13785,50141,53393,60455,60456,13253,13254,53398,60649,13255,53399,60648,13256,13257,13471,13472,13473,48971,52424,52426,13293,13786,13787,13294,13295,13296,13297,47267,14327,62537,13498,14205,14206,14207,14213,14218,14219,52297,52298,50873,50874,50875,62540,50876,50877,50878,50879,62551,52822,52823,60466,60467,50119,62544,13818,13819,13826,60469,60470,60471,60472,60473,61255,61256,62287,62288,54028,47899,47900,13328,13827,13828,13329,13330,13331,13332,47332,47901,48020,48021,48022,48023,47902,13829,13835,13836,13842,13843,62545,47958,53169,54029,47333,47334,47335,47336,47337,47594,47595,13877,13879,62546,61285,61286,61287,61288,61289,61290,61291,62547,62548,50163,50164,54158,55073,55074,62503,13865,13864,13866,13858,13859,13860,13861,13862,13863,13867,13869,13870,13871,13872,14243,14244,14245,14246,14247,14248,14249,56233,56234,56235,56236,56237,56238,56239,60655,53107,53108,53109,53110,53111,62552,62553,62554,13519,13520,13521,13522,13523,13524,47967,13878,13880,60656,47968,61333,52832,52834,52835,47615,13525,58934,62555,49008,49009,49010,49011,49012,49013],"class_list":{"0":"post-70296357","1":"product","2":"type-product","3":"status-publish","4":"has-post-thumbnail","6":"product_cat-schule","7":"product_tag-1960er-jahre","8":"product_tag-20-jahrhundert-nach-chr","9":"product_tag-20-jh-n-chr","10":"product_tag-20-jahrhundert","11":"product_tag-20-jh","12":"product_tag-60er","13":"product_tag-abisag","14":"product_tag-abt_005","15":"product_tag-abzug","16":"product_tag-alltag","17":"product_tag-alltaeglich","18":"product_tag-alltaegliche","19":"product_tag-alltaeglicher","20":"product_tag-alltaegliches","21":"product_tag-alltagsszene","22":"product_tag-alltagsszenen","23":"product_tag-at_paedagogik","24":"product_tag-ausbildung","25":"product_tag-bild-im-bild","26":"product_tag-bildnis","27":"product_tag-bildnisse","28":"product_tag-bildung","29":"product_tag-ddr","30":"product_tag-ddr-buerger","31":"product_tag-ddr-buergers","32":"product_tag-deutsch","33":"product_tag-deutsche","34":"product_tag-deutsche-demokratische-republik","35":"product_tag-deutsche-teilung","36":"product_tag-deutschen","37":"product_tag-deutschen-demokratischen-republik","38":"product_tag-deutschen-teilung","39":"product_tag-deutscher","40":"product_tag-deutsches","41":"product_tag-deutschland","42":"product_tag-deutschlands","43":"product_tag-drinnen","44":"product_tag-erklaeren","45":"product_tag-erziehen","46":"product_tag-erziehung","47":"product_tag-foto","48":"product_tag-fotoabzug","49":"product_tag-fotoabzuege","50":"product_tag-fotografie","51":"product_tag-fotografien","52":"product_tag-fotografin","53":"product_tag-fotografinnen","54":"product_tag-fotoreportage","55":"product_tag-gesellschaft","56":"product_tag-indoktrination","57":"product_tag-innen","58":"product_tag-kind","59":"product_tag-kinde","60":"product_tag-kinder","61":"product_tag-kindern","62":"product_tag-kindes","63":"product_tag-kindheit","64":"product_tag-klassenraum","65":"product_tag-klassenzimmer","66":"product_tag-landwirtschaft","67":"product_tag-landwirtschaftlich","68":"product_tag-landwirtschaftliche","69":"product_tag-landwirtschaftliche-produktionsgenossenschaft","70":"product_tag-landwirtschaftlichem","71":"product_tag-landwirtschaftlichen","72":"product_tag-landwirtschaftlicher","73":"product_tag-landwirtschaftliches","74":"product_tag-landwirtschaftsschule","75":"product_tag-lehrer","76":"product_tag-lehrers","77":"product_tag-leipzig","78":"product_tag-leipziger","79":"product_tag-lernen","80":"product_tag-lpg","81":"product_tag-mann","82":"product_tag-maenner","83":"product_tag-mannes","84":"product_tag-ostdeutsch","85":"product_tag-ostdeutsche","86":"product_tag-ostdeutschen","87":"product_tag-ostdeutscher","88":"product_tag-ostdeutsches","89":"product_tag-ostdeutschland","90":"product_tag-ostdeutschlands","91":"product_tag-paedagoge","92":"product_tag-paedagogen","93":"product_tag-paedagogik","94":"product_tag-persoenlichkeit","95":"product_tag-persoenlichkeiten","96":"product_tag-photo","97":"product_tag-photoabzug","98":"product_tag-photoabzuege","99":"product_tag-photographie","100":"product_tag-photographien","101":"product_tag-photographin","102":"product_tag-photographinnen","103":"product_tag-photoreportage","104":"product_tag-politiker","105":"product_tag-politikerportrait","106":"product_tag-politikerportraits","107":"product_tag-politikerportraet","108":"product_tag-politikerportraets","109":"product_tag-politikers","110":"product_tag-portrait","111":"product_tag-portraits","112":"product_tag-portraet","113":"product_tag-portraets","114":"product_tag-print","115":"product_tag-produktionsgenossenschaft","116":"product_tag-querformat","117":"product_tag-reise","118":"product_tag-reisen","119":"product_tag-reportage","120":"product_tag-reportagefoto","121":"product_tag-reportagefotografie","122":"product_tag-reportagephoto","123":"product_tag-reportagephotographie","124":"product_tag-rueckansicht","125":"product_tag-rueckseite","126":"product_tag-s-w-fotografie","127":"product_tag-s-w-photographie","128":"product_tag-sachse","129":"product_tag-sachsen","130":"product_tag-sachsens","131":"product_tag-saechsisch","132":"product_tag-saechsische","133":"product_tag-saechsischem","134":"product_tag-saechsischen","135":"product_tag-saechsisches","136":"product_tag-schenkenberg","137":"product_tag-schenkenberger","138":"product_tag-schule","139":"product_tag-schulen","140":"product_tag-schueler","141":"product_tag-schulklasse","142":"product_tag-schulklassen","143":"product_tag-schulunterricht","144":"product_tag-schwarzweissphotographie","145":"product_tag-schwarz-weiss-fotografie","146":"product_tag-schwarz-weiss-photographie","147":"product_tag-schwarzweiss","148":"product_tag-schwarzweisse","149":"product_tag-schwarzweissen","150":"product_tag-schwarzweisser","151":"product_tag-schwarzweisses","152":"product_tag-schwarzweissfotografie","153":"product_tag-sechziger","154":"product_tag-silbergelatine","155":"product_tag-silbergelatineabzug","156":"product_tag-silbergelatineabzuege","157":"product_tag-silbergelatineprint","158":"product_tag-sitzen","159":"product_tag-sitzend","160":"product_tag-sitzende","161":"product_tag-sitzenden","162":"product_tag-sitzender","163":"product_tag-sitzendes","164":"product_tag-sitzt","165":"product_tag-sozialismus","166":"product_tag-sozialistisch","167":"product_tag-sozialistische","168":"product_tag-sozialistischem","169":"product_tag-sozialistischen","170":"product_tag-sozialistischer","171":"product_tag-sozialistisches","172":"product_tag-spaltung-deutschlands","173":"product_tag-staatschef","174":"product_tag-staatschefs","175":"product_tag-staatsoberhaupt","176":"product_tag-staatsoberhauptes","177":"product_tag-staatsoberhaupts","178":"product_tag-staatsratsvorsitzende","179":"product_tag-staatsratsvorsitzenden","180":"product_tag-staatsratsvorsitzender","181":"product_tag-stehen","182":"product_tag-stehend","183":"product_tag-stehende","184":"product_tag-stehenden","185":"product_tag-stehender","186":"product_tag-stehendes","187":"product_tag-sw","188":"product_tag-sw-fotografie","189":"product_tag-sw-photographie","190":"product_tag-teilung-deutschlands","191":"product_tag-tuellmann","192":"product_tag-ulbricht","193":"product_tag-unterricht","194":"product_tag-unterrichtes","195":"product_tag-unterrichts","196":"product_tag-von-hinten","197":"product_tag-von-innen","198":"product_tag-walter","199":"product_tag-walter_ulbricht","200":"product_tag-zuhoeren","201":"product_tag-zuhoerend","202":"product_tag-zuhoerende","203":"product_tag-zuhoerenden","204":"product_tag-zuhoerender","205":"product_tag-zuhoerendes","206":"pa_datierung-april-1963","207":"pa_fotograf-abisag-tuellmann","208":"pa_geografischer_bezug-aufnahmeort-schenkenberg-bei-leipzig-ddr-deutschland","209":"pa_grunddaten_material_technik-foto-silbergelatine-auf-barytpapier","210":"pa_inventarnummer-tue-63-059-02","211":"pa_jahr_von-55020","212":"pa_massangaben-bildformat-foto-233-x-296-cm","213":"pa_mediennummer-62549","214":"pa_objekt_typ-fotografie","216":"first","217":"instock","218":"product-type-simple"},"yoast_head":"<!-- This site is optimized with the Yoast SEO plugin v27.4 - https:\/\/yoast.com\/product\/yoast-seo-wordpress\/ -->\n<title>Landwirtschaftlicher Unterricht in der Schule der LPG Schenkenberg bei Leipzig - Abisag T\u00fcllmann<\/title>\n<meta name=\"robots\" content=\"index, follow, max-snippet:-1, max-image-preview:large, max-video-preview:-1\" \/>\n<link rel=\"canonical\" href=\"https:\/\/bpk-archive.de\/tuellmann\/produkt\/landwirtschaftlicher-unterricht-in-der-schule-der-lpg-schenkenberg-bei-leipzig\/\" \/>\n<meta property=\"og:locale\" content=\"de_DE\" \/>\n<meta property=\"og:type\" content=\"article\" \/>\n<meta property=\"og:title\" content=\"Landwirtschaftlicher Unterricht in der Schule der LPG Schenkenberg bei Leipzig - Abisag T\u00fcllmann\" \/>\n<meta property=\"og:description\" content=\"An der Wand ein Portr\u00e4t von Walter Ulbricht R\u00fcckseitenbeschriftung von Hand der Fotografin: &#8222;LPG Schenkenberg, landwirtschaftlicher Unterricht in der Schule (bei Leipzig)&#8220;\" \/>\n<meta property=\"og:url\" content=\"https:\/\/bpk-archive.de\/tuellmann\/produkt\/landwirtschaftlicher-unterricht-in-der-schule-der-lpg-schenkenberg-bei-leipzig\/\" \/>\n<meta property=\"og:site_name\" content=\"Abisag T\u00fcllmann\" \/>\n<meta property=\"article:modified_time\" content=\"2020-08-11T15:06:19+00:00\" \/>\n<meta property=\"og:image\" content=\"https:\/\/bpk-archive.de\/tuellmann\/wp-content\/uploads\/2019\/08\/bpk_70243176.jpg\" \/>\n\t<meta property=\"og:image:width\" content=\"1200\" \/>\n\t<meta property=\"og:image:height\" content=\"955\" \/>\n\t<meta property=\"og:image:type\" content=\"image\/jpeg\" \/>\n<meta name=\"twitter:card\" content=\"summary_large_image\" \/>\n<script type=\"application\/ld+json\" class=\"yoast-schema-graph\">{\"@context\":\"https:\\\/\\\/schema.org\",\"@graph\":[{\"@type\":\"WebPage\",\"@id\":\"https:\\\/\\\/bpk-archive.de\\\/tuellmann\\\/produkt\\\/landwirtschaftlicher-unterricht-in-der-schule-der-lpg-schenkenberg-bei-leipzig\\\/\",\"url\":\"https:\\\/\\\/bpk-archive.de\\\/tuellmann\\\/produkt\\\/landwirtschaftlicher-unterricht-in-der-schule-der-lpg-schenkenberg-bei-leipzig\\\/\",\"name\":\"Landwirtschaftlicher Unterricht in der Schule der LPG Schenkenberg bei Leipzig - Abisag T\u00fcllmann\",\"isPartOf\":{\"@id\":\"https:\\\/\\\/bpk-archive.de\\\/tuellmann\\\/#website\"},\"primaryImageOfPage\":{\"@id\":\"https:\\\/\\\/bpk-archive.de\\\/tuellmann\\\/produkt\\\/landwirtschaftlicher-unterricht-in-der-schule-der-lpg-schenkenberg-bei-leipzig\\\/#primaryimage\"},\"image\":{\"@id\":\"https:\\\/\\\/bpk-archive.de\\\/tuellmann\\\/produkt\\\/landwirtschaftlicher-unterricht-in-der-schule-der-lpg-schenkenberg-bei-leipzig\\\/#primaryimage\"},\"thumbnailUrl\":\"https:\\\/\\\/bpk-archive.de\\\/tuellmann\\\/wp-content\\\/uploads\\\/2019\\\/08\\\/bpk_70243176.jpg\",\"datePublished\":\"2019-09-05T13:59:00+00:00\",\"dateModified\":\"2020-08-11T15:06:19+00:00\",\"breadcrumb\":{\"@id\":\"https:\\\/\\\/bpk-archive.de\\\/tuellmann\\\/produkt\\\/landwirtschaftlicher-unterricht-in-der-schule-der-lpg-schenkenberg-bei-leipzig\\\/#breadcrumb\"},\"inLanguage\":\"de\",\"potentialAction\":[{\"@type\":\"ReadAction\",\"target\":[\"https:\\\/\\\/bpk-archive.de\\\/tuellmann\\\/produkt\\\/landwirtschaftlicher-unterricht-in-der-schule-der-lpg-schenkenberg-bei-leipzig\\\/\"]}]},{\"@type\":\"ImageObject\",\"inLanguage\":\"de\",\"@id\":\"https:\\\/\\\/bpk-archive.de\\\/tuellmann\\\/produkt\\\/landwirtschaftlicher-unterricht-in-der-schule-der-lpg-schenkenberg-bei-leipzig\\\/#primaryimage\",\"url\":\"https:\\\/\\\/bpk-archive.de\\\/tuellmann\\\/wp-content\\\/uploads\\\/2019\\\/08\\\/bpk_70243176.jpg\",\"contentUrl\":\"https:\\\/\\\/bpk-archive.de\\\/tuellmann\\\/wp-content\\\/uploads\\\/2019\\\/08\\\/bpk_70243176.jpg\",\"width\":1200,\"height\":955,\"caption\":\"Landwirtschaftlicher Unterricht in der Schule der LPG Schenkenberg bei Leipzig\"},{\"@type\":\"BreadcrumbList\",\"@id\":\"https:\\\/\\\/bpk-archive.de\\\/tuellmann\\\/produkt\\\/landwirtschaftlicher-unterricht-in-der-schule-der-lpg-schenkenberg-bei-leipzig\\\/#breadcrumb\",\"itemListElement\":[{\"@type\":\"ListItem\",\"position\":1,\"name\":\"Startseite\",\"item\":\"https:\\\/\\\/bpk-archive.de\\\/tuellmann\\\/\"},{\"@type\":\"ListItem\",\"position\":2,\"name\":\"Shop\",\"item\":\"https:\\\/\\\/bpk-archive.de\\\/tuellmann\\\/shop\\\/\"},{\"@type\":\"ListItem\",\"position\":3,\"name\":\"Landwirtschaftlicher Unterricht in der Schule der LPG Schenkenberg bei Leipzig\"}]},{\"@type\":\"WebSite\",\"@id\":\"https:\\\/\\\/bpk-archive.de\\\/tuellmann\\\/#website\",\"url\":\"https:\\\/\\\/bpk-archive.de\\\/tuellmann\\\/\",\"name\":\"Abisag T\u00fcllmann\",\"description\":\"Eine weitere WordPress-Website\",\"potentialAction\":[{\"@type\":\"SearchAction\",\"target\":{\"@type\":\"EntryPoint\",\"urlTemplate\":\"https:\\\/\\\/bpk-archive.de\\\/tuellmann\\\/?s={search_term_string}\"},\"query-input\":{\"@type\":\"PropertyValueSpecification\",\"valueRequired\":true,\"valueName\":\"search_term_string\"}}],\"inLanguage\":\"de\"}]}<\/script>\n<!-- \/ Yoast SEO plugin. -->","yoast_head_json":{"title":"Landwirtschaftlicher Unterricht in der Schule der LPG Schenkenberg bei Leipzig - Abisag T\u00fcllmann","robots":{"index":"index","follow":"follow","max-snippet":"max-snippet:-1","max-image-preview":"max-image-preview:large","max-video-preview":"max-video-preview:-1"},"canonical":"https:\/\/bpk-archive.de\/tuellmann\/produkt\/landwirtschaftlicher-unterricht-in-der-schule-der-lpg-schenkenberg-bei-leipzig\/","og_locale":"de_DE","og_type":"article","og_title":"Landwirtschaftlicher Unterricht in der Schule der LPG Schenkenberg bei Leipzig - Abisag T\u00fcllmann","og_description":"An der Wand ein Portr\u00e4t von Walter Ulbricht R\u00fcckseitenbeschriftung von Hand der Fotografin: &#8222;LPG Schenkenberg, landwirtschaftlicher Unterricht in der Schule (bei Leipzig)&#8220;","og_url":"https:\/\/bpk-archive.de\/tuellmann\/produkt\/landwirtschaftlicher-unterricht-in-der-schule-der-lpg-schenkenberg-bei-leipzig\/","og_site_name":"Abisag T\u00fcllmann","article_modified_time":"2020-08-11T15:06:19+00:00","og_image":[{"width":1200,"height":955,"url":"https:\/\/bpk-archive.de\/tuellmann\/wp-content\/uploads\/2019\/08\/bpk_70243176.jpg","type":"image\/jpeg"}],"twitter_card":"summary_large_image","schema":{"@context":"https:\/\/schema.org","@graph":[{"@type":"WebPage","@id":"https:\/\/bpk-archive.de\/tuellmann\/produkt\/landwirtschaftlicher-unterricht-in-der-schule-der-lpg-schenkenberg-bei-leipzig\/","url":"https:\/\/bpk-archive.de\/tuellmann\/produkt\/landwirtschaftlicher-unterricht-in-der-schule-der-lpg-schenkenberg-bei-leipzig\/","name":"Landwirtschaftlicher Unterricht in der Schule der LPG Schenkenberg bei Leipzig - Abisag T\u00fcllmann","isPartOf":{"@id":"https:\/\/bpk-archive.de\/tuellmann\/#website"},"primaryImageOfPage":{"@id":"https:\/\/bpk-archive.de\/tuellmann\/produkt\/landwirtschaftlicher-unterricht-in-der-schule-der-lpg-schenkenberg-bei-leipzig\/#primaryimage"},"image":{"@id":"https:\/\/bpk-archive.de\/tuellmann\/produkt\/landwirtschaftlicher-unterricht-in-der-schule-der-lpg-schenkenberg-bei-leipzig\/#primaryimage"},"thumbnailUrl":"https:\/\/bpk-archive.de\/tuellmann\/wp-content\/uploads\/2019\/08\/bpk_70243176.jpg","datePublished":"2019-09-05T13:59:00+00:00","dateModified":"2020-08-11T15:06:19+00:00","breadcrumb":{"@id":"https:\/\/bpk-archive.de\/tuellmann\/produkt\/landwirtschaftlicher-unterricht-in-der-schule-der-lpg-schenkenberg-bei-leipzig\/#breadcrumb"},"inLanguage":"de","potentialAction":[{"@type":"ReadAction","target":["https:\/\/bpk-archive.de\/tuellmann\/produkt\/landwirtschaftlicher-unterricht-in-der-schule-der-lpg-schenkenberg-bei-leipzig\/"]}]},{"@type":"ImageObject","inLanguage":"de","@id":"https:\/\/bpk-archive.de\/tuellmann\/produkt\/landwirtschaftlicher-unterricht-in-der-schule-der-lpg-schenkenberg-bei-leipzig\/#primaryimage","url":"https:\/\/bpk-archive.de\/tuellmann\/wp-content\/uploads\/2019\/08\/bpk_70243176.jpg","contentUrl":"https:\/\/bpk-archive.de\/tuellmann\/wp-content\/uploads\/2019\/08\/bpk_70243176.jpg","width":1200,"height":955,"caption":"Landwirtschaftlicher Unterricht in der Schule der LPG Schenkenberg bei Leipzig"},{"@type":"BreadcrumbList","@id":"https:\/\/bpk-archive.de\/tuellmann\/produkt\/landwirtschaftlicher-unterricht-in-der-schule-der-lpg-schenkenberg-bei-leipzig\/#breadcrumb","itemListElement":[{"@type":"ListItem","position":1,"name":"Startseite","item":"https:\/\/bpk-archive.de\/tuellmann\/"},{"@type":"ListItem","position":2,"name":"Shop","item":"https:\/\/bpk-archive.de\/tuellmann\/shop\/"},{"@type":"ListItem","position":3,"name":"Landwirtschaftlicher Unterricht in der Schule der LPG Schenkenberg bei Leipzig"}]},{"@type":"WebSite","@id":"https:\/\/bpk-archive.de\/tuellmann\/#website","url":"https:\/\/bpk-archive.de\/tuellmann\/","name":"Abisag T\u00fcllmann","description":"Eine weitere WordPress-Website","potentialAction":[{"@type":"SearchAction","target":{"@type":"EntryPoint","urlTemplate":"https:\/\/bpk-archive.de\/tuellmann\/?s={search_term_string}"},"query-input":{"@type":"PropertyValueSpecification","valueRequired":true,"valueName":"search_term_string"}}],"inLanguage":"de"}]}},"_links":{"self":[{"href":"https:\/\/bpk-archive.de\/tuellmann\/wp-json\/wp\/v2\/product\/70296357","targetHints":{"allow":["GET"]}}],"collection":[{"href":"https:\/\/bpk-archive.de\/tuellmann\/wp-json\/wp\/v2\/product"}],"about":[{"href":"https:\/\/bpk-archive.de\/tuellmann\/wp-json\/wp\/v2\/types\/product"}],"wp:featuredmedia":[{"embeddable":true,"href":"https:\/\/bpk-archive.de\/tuellmann\/wp-json\/wp\/v2\/media\/70292538"}],"wp:attachment":[{"href":"https:\/\/bpk-archive.de\/tuellmann\/wp-json\/wp\/v2\/media?parent=70296357"}],"wp:term":[{"taxonomy":"product_brand","embeddable":true,"href":"https:\/\/bpk-archive.de\/tuellmann\/wp-json\/wp\/v2\/product_brand?post=70296357"},{"taxonomy":"product_cat","embeddable":true,"href":"https:\/\/bpk-archive.de\/tuellmann\/wp-json\/wp\/v2\/product_cat?post=70296357"},{"taxonomy":"product_tag","embeddable":true,"href":"https:\/\/bpk-archive.de\/tuellmann\/wp-json\/wp\/v2\/product_tag?post=70296357"}],"curies":[{"name":"wp","href":"https:\/\/api.w.org\/{rel}","templated":true}]}}