{"id":70296354,"date":"2019-09-05T15:59:00","date_gmt":"2019-09-05T13:59:00","guid":{"rendered":"http:\/\/abisagtuellmann.bpk-news.de\/atbild\/walter-schaefer-schulleiter-des-landerziehungsheims-odenwaldschule\/"},"modified":"2019-09-05T15:59:13","modified_gmt":"2019-09-05T13:59:13","slug":"walter-schaefer-schulleiter-des-landerziehungsheims-odenwaldschule","status":"publish","type":"product","link":"https:\/\/bpk-archive.de\/tuellmann\/produkt\/walter-schaefer-schulleiter-des-landerziehungsheims-odenwaldschule\/","title":{"rendered":"Walter Sch\u00e4fer, Schulleiter des Landerziehungsheims Odenwaldschule"},"content":{"rendered":"<p>R\u00fcckseitenbeschriftung von Hand der Fotografin: &#8222;Odenwaldschule, Direktor Sch\u00e4fer&#8220;<\/p>\n","protected":false},"excerpt":{"rendered":"<p>R\u00fcckseitenbeschriftung von Hand der Fotografin: &#8222;Odenwaldschule, Direktor Sch\u00e4fer&#8220;<\/p>\n","protected":false},"featured_media":70292523,"template":"","meta":[],"product_brand":[],"product_cat":[],"product_tag":[13774,13232,13234,13231,13233,13775,62149,13777,62150,13784,13785,50141,13469,50567,50568,50569,50570,13470,47881,47882,14060,14061,13253,13254,13255,13256,13257,13471,13472,62520,62521,13473,52424,52426,62250,13293,13786,13787,13294,13295,13296,13297,47267,14327,47579,47580,47581,47582,13492,13493,13494,13495,13496,13497,13498,62251,47589,47590,62253,62254,52822,52823,50119,13818,13819,13820,13821,13822,13823,13824,13825,13826,62260,62261,62287,62288,54028,47899,47900,13328,13827,13828,13329,13330,13331,13332,47332,13829,13830,13831,13832,13833,13834,13835,13836,13837,13838,13839,13840,13841,13842,13843,48677,14073,14074,14075,14076,14077,48678,62154,62155,62241,13877,13879,62156,62522,50163,50164,62523,13865,13864,13866,13858,13859,13860,13861,13862,13863,13867,13869,13870,13871,13872,14243,14244,14245,14246,14247,14248,14249,49006,13878,13880,13525,14081,14082,48686],"class_list":{"0":"post-70296354","1":"product","2":"type-product","3":"status-publish","4":"has-post-thumbnail","6":"product_tag-1960er-jahre","7":"product_tag-20-jahrhundert-nach-chr","8":"product_tag-20-jh-n-chr","9":"product_tag-20-jahrhundert","10":"product_tag-20-jh","11":"product_tag-60er","12":"product_tag-abt_005","13":"product_tag-abzug","14":"product_tag-at_paedagogik","15":"product_tag-bildnis","16":"product_tag-bildnisse","17":"product_tag-bildung","18":"product_tag-brd","19":"product_tag-brustbild","20":"product_tag-brustbilder","21":"product_tag-brustbildnis","22":"product_tag-bruststueck","23":"product_tag-bundesrepublik-deutschland","24":"product_tag-bureau","25":"product_tag-buero","26":"product_tag-cigarette","27":"product_tag-cigaretten","28":"product_tag-deutsch","29":"product_tag-deutsche","30":"product_tag-deutschen","31":"product_tag-deutscher","32":"product_tag-deutsches","33":"product_tag-deutschland","34":"product_tag-deutschlands","35":"product_tag-direktor","36":"product_tag-direktoren","37":"product_tag-drinnen","38":"product_tag-erziehen","39":"product_tag-erziehung","40":"product_tag-erziehungswesen","41":"product_tag-foto","42":"product_tag-fotoabzug","43":"product_tag-fotoabzuege","44":"product_tag-fotografie","45":"product_tag-fotografien","46":"product_tag-fotografin","47":"product_tag-fotografinnen","48":"product_tag-fotoreportage","49":"product_tag-gesellschaft","50":"product_tag-gespraech","51":"product_tag-gespraeche","52":"product_tag-gespraeches","53":"product_tag-gespraechs","54":"product_tag-hessen","55":"product_tag-hessisch","56":"product_tag-hessische","57":"product_tag-hessischen","58":"product_tag-hessischer","59":"product_tag-hessisches","60":"product_tag-innen","61":"product_tag-internat","62":"product_tag-konversation","63":"product_tag-konversationen","64":"product_tag-landerziehungsheim","65":"product_tag-landerziehungsheime","66":"product_tag-lehrer","67":"product_tag-lehrers","68":"product_tag-lernen","69":"product_tag-mann","70":"product_tag-maenner","71":"product_tag-maennerbildnis","72":"product_tag-maennerbildnisse","73":"product_tag-maennerportrait","74":"product_tag-maennerportraits","75":"product_tag-maennerportraet","76":"product_tag-maennerportraets","77":"product_tag-mannes","78":"product_tag-odenwald","79":"product_tag-oso","80":"product_tag-paedagoge","81":"product_tag-paedagogen","82":"product_tag-paedagogik","83":"product_tag-persoenlichkeit","84":"product_tag-persoenlichkeiten","85":"product_tag-photo","86":"product_tag-photoabzug","87":"product_tag-photoabzuege","88":"product_tag-photographie","89":"product_tag-photographien","90":"product_tag-photographin","91":"product_tag-photographinnen","92":"product_tag-photoreportage","93":"product_tag-portrait","94":"product_tag-portraitaufnahme","95":"product_tag-portraitfoto","96":"product_tag-portraitfotografie","97":"product_tag-portraitphoto","98":"product_tag-portraitphotographie","99":"product_tag-portraits","100":"product_tag-portraet","101":"product_tag-portraetaufnahme","102":"product_tag-portraetfoto","103":"product_tag-portraetfotografie","104":"product_tag-portraetphoto","105":"product_tag-portraetphotographie","106":"product_tag-portraets","107":"product_tag-print","108":"product_tag-rauchen","109":"product_tag-rauchend","110":"product_tag-rauchende","111":"product_tag-rauchenden","112":"product_tag-rauchender","113":"product_tag-rauchendes","114":"product_tag-raucher","115":"product_tag-reform","116":"product_tag-reformen","117":"product_tag-reformpaedagogik","118":"product_tag-s-w-fotografie","119":"product_tag-s-w-photographie","120":"product_tag-schulbildung","121":"product_tag-schuldirektor","122":"product_tag-schule","123":"product_tag-schulen","124":"product_tag-schulleiter","125":"product_tag-schwarzweissphotographie","126":"product_tag-schwarz-weiss-fotografie","127":"product_tag-schwarz-weiss-photographie","128":"product_tag-schwarzweiss","129":"product_tag-schwarzweisse","130":"product_tag-schwarzweissen","131":"product_tag-schwarzweisser","132":"product_tag-schwarzweisses","133":"product_tag-schwarzweissfotografie","134":"product_tag-sechziger","135":"product_tag-silbergelatine","136":"product_tag-silbergelatineabzug","137":"product_tag-silbergelatineabzuege","138":"product_tag-silbergelatineprint","139":"product_tag-sitzen","140":"product_tag-sitzend","141":"product_tag-sitzende","142":"product_tag-sitzenden","143":"product_tag-sitzender","144":"product_tag-sitzendes","145":"product_tag-sitzt","146":"product_tag-sprechen","147":"product_tag-sw-fotografie","148":"product_tag-sw-photographie","149":"product_tag-von-innen","150":"product_tag-zigarette","151":"product_tag-zigaretten","152":"product_tag-zigarettenraucher","153":"pa_datierung-dezember-1968","154":"pa_fotograf-abisag-tuellmann","155":"pa_geografischer_bezug-aufnahmeort-heppenheim-ober-hambach-deutschland","156":"pa_grunddaten_material_technik-foto-silbergelatine-auf-barytpapier","157":"pa_inventarnummer-tue-68-321-35","158":"pa_jahr_von-14267","159":"pa_massangaben-bildformat-foto-236-x-293-cm","160":"pa_mediennummer-62517","161":"pa_objekt_typ-fotografie","162":"pa_personen-walter-schaefer-1910-1984-deutscher-geschichtslehrer-reformpaedagoge-und-schulleiter-der-odenwaldschule-1962-1972","164":"first","165":"instock","166":"product-type-simple"},"yoast_head":"<!-- This site is optimized with the Yoast SEO plugin v27.4 - https:\/\/yoast.com\/product\/yoast-seo-wordpress\/ -->\n<title>Walter Sch\u00e4fer, Schulleiter des Landerziehungsheims Odenwaldschule - Abisag T\u00fcllmann<\/title>\n<meta name=\"robots\" content=\"index, follow, max-snippet:-1, max-image-preview:large, max-video-preview:-1\" \/>\n<link rel=\"canonical\" href=\"https:\/\/bpk-archive.de\/tuellmann\/produkt\/walter-schaefer-schulleiter-des-landerziehungsheims-odenwaldschule\/\" \/>\n<meta property=\"og:locale\" content=\"de_DE\" \/>\n<meta property=\"og:type\" content=\"article\" \/>\n<meta property=\"og:title\" content=\"Walter Sch\u00e4fer, Schulleiter des Landerziehungsheims Odenwaldschule - Abisag T\u00fcllmann\" \/>\n<meta property=\"og:description\" content=\"R\u00fcckseitenbeschriftung von Hand der Fotografin: &#8222;Odenwaldschule, Direktor Sch\u00e4fer&#8220;\" \/>\n<meta property=\"og:url\" content=\"https:\/\/bpk-archive.de\/tuellmann\/produkt\/walter-schaefer-schulleiter-des-landerziehungsheims-odenwaldschule\/\" \/>\n<meta property=\"og:site_name\" content=\"Abisag T\u00fcllmann\" \/>\n<meta property=\"article:modified_time\" content=\"2019-09-05T13:59:13+00:00\" \/>\n<meta property=\"og:image\" content=\"https:\/\/bpk-archive.de\/tuellmann\/wp-content\/uploads\/2019\/08\/bpk_70243171.jpg\" \/>\n\t<meta property=\"og:image:width\" content=\"1200\" \/>\n\t<meta property=\"og:image:height\" content=\"980\" \/>\n\t<meta property=\"og:image:type\" content=\"image\/jpeg\" \/>\n<meta name=\"twitter:card\" content=\"summary_large_image\" \/>\n<script type=\"application\/ld+json\" class=\"yoast-schema-graph\">{\"@context\":\"https:\\\/\\\/schema.org\",\"@graph\":[{\"@type\":\"WebPage\",\"@id\":\"https:\\\/\\\/bpk-archive.de\\\/tuellmann\\\/produkt\\\/walter-schaefer-schulleiter-des-landerziehungsheims-odenwaldschule\\\/\",\"url\":\"https:\\\/\\\/bpk-archive.de\\\/tuellmann\\\/produkt\\\/walter-schaefer-schulleiter-des-landerziehungsheims-odenwaldschule\\\/\",\"name\":\"Walter Sch\u00e4fer, Schulleiter des Landerziehungsheims Odenwaldschule - Abisag T\u00fcllmann\",\"isPartOf\":{\"@id\":\"https:\\\/\\\/bpk-archive.de\\\/tuellmann\\\/#website\"},\"primaryImageOfPage\":{\"@id\":\"https:\\\/\\\/bpk-archive.de\\\/tuellmann\\\/produkt\\\/walter-schaefer-schulleiter-des-landerziehungsheims-odenwaldschule\\\/#primaryimage\"},\"image\":{\"@id\":\"https:\\\/\\\/bpk-archive.de\\\/tuellmann\\\/produkt\\\/walter-schaefer-schulleiter-des-landerziehungsheims-odenwaldschule\\\/#primaryimage\"},\"thumbnailUrl\":\"https:\\\/\\\/bpk-archive.de\\\/tuellmann\\\/wp-content\\\/uploads\\\/2019\\\/08\\\/bpk_70243171.jpg\",\"datePublished\":\"2019-09-05T13:59:00+00:00\",\"dateModified\":\"2019-09-05T13:59:13+00:00\",\"breadcrumb\":{\"@id\":\"https:\\\/\\\/bpk-archive.de\\\/tuellmann\\\/produkt\\\/walter-schaefer-schulleiter-des-landerziehungsheims-odenwaldschule\\\/#breadcrumb\"},\"inLanguage\":\"de\",\"potentialAction\":[{\"@type\":\"ReadAction\",\"target\":[\"https:\\\/\\\/bpk-archive.de\\\/tuellmann\\\/produkt\\\/walter-schaefer-schulleiter-des-landerziehungsheims-odenwaldschule\\\/\"]}]},{\"@type\":\"ImageObject\",\"inLanguage\":\"de\",\"@id\":\"https:\\\/\\\/bpk-archive.de\\\/tuellmann\\\/produkt\\\/walter-schaefer-schulleiter-des-landerziehungsheims-odenwaldschule\\\/#primaryimage\",\"url\":\"https:\\\/\\\/bpk-archive.de\\\/tuellmann\\\/wp-content\\\/uploads\\\/2019\\\/08\\\/bpk_70243171.jpg\",\"contentUrl\":\"https:\\\/\\\/bpk-archive.de\\\/tuellmann\\\/wp-content\\\/uploads\\\/2019\\\/08\\\/bpk_70243171.jpg\",\"width\":1200,\"height\":980,\"caption\":\"Walter Sch\u00e4fer, Schulleiter des Landerziehungsheims Odenwaldschule\"},{\"@type\":\"BreadcrumbList\",\"@id\":\"https:\\\/\\\/bpk-archive.de\\\/tuellmann\\\/produkt\\\/walter-schaefer-schulleiter-des-landerziehungsheims-odenwaldschule\\\/#breadcrumb\",\"itemListElement\":[{\"@type\":\"ListItem\",\"position\":1,\"name\":\"Startseite\",\"item\":\"https:\\\/\\\/bpk-archive.de\\\/tuellmann\\\/\"},{\"@type\":\"ListItem\",\"position\":2,\"name\":\"Shop\",\"item\":\"https:\\\/\\\/bpk-archive.de\\\/tuellmann\\\/shop\\\/\"},{\"@type\":\"ListItem\",\"position\":3,\"name\":\"Walter Sch\u00e4fer, Schulleiter des Landerziehungsheims Odenwaldschule\"}]},{\"@type\":\"WebSite\",\"@id\":\"https:\\\/\\\/bpk-archive.de\\\/tuellmann\\\/#website\",\"url\":\"https:\\\/\\\/bpk-archive.de\\\/tuellmann\\\/\",\"name\":\"Abisag T\u00fcllmann\",\"description\":\"Eine weitere WordPress-Website\",\"potentialAction\":[{\"@type\":\"SearchAction\",\"target\":{\"@type\":\"EntryPoint\",\"urlTemplate\":\"https:\\\/\\\/bpk-archive.de\\\/tuellmann\\\/?s={search_term_string}\"},\"query-input\":{\"@type\":\"PropertyValueSpecification\",\"valueRequired\":true,\"valueName\":\"search_term_string\"}}],\"inLanguage\":\"de\"}]}<\/script>\n<!-- \/ Yoast SEO plugin. -->","yoast_head_json":{"title":"Walter Sch\u00e4fer, Schulleiter des Landerziehungsheims Odenwaldschule - Abisag T\u00fcllmann","robots":{"index":"index","follow":"follow","max-snippet":"max-snippet:-1","max-image-preview":"max-image-preview:large","max-video-preview":"max-video-preview:-1"},"canonical":"https:\/\/bpk-archive.de\/tuellmann\/produkt\/walter-schaefer-schulleiter-des-landerziehungsheims-odenwaldschule\/","og_locale":"de_DE","og_type":"article","og_title":"Walter Sch\u00e4fer, Schulleiter des Landerziehungsheims Odenwaldschule - Abisag T\u00fcllmann","og_description":"R\u00fcckseitenbeschriftung von Hand der Fotografin: &#8222;Odenwaldschule, Direktor Sch\u00e4fer&#8220;","og_url":"https:\/\/bpk-archive.de\/tuellmann\/produkt\/walter-schaefer-schulleiter-des-landerziehungsheims-odenwaldschule\/","og_site_name":"Abisag T\u00fcllmann","article_modified_time":"2019-09-05T13:59:13+00:00","og_image":[{"width":1200,"height":980,"url":"https:\/\/bpk-archive.de\/tuellmann\/wp-content\/uploads\/2019\/08\/bpk_70243171.jpg","type":"image\/jpeg"}],"twitter_card":"summary_large_image","schema":{"@context":"https:\/\/schema.org","@graph":[{"@type":"WebPage","@id":"https:\/\/bpk-archive.de\/tuellmann\/produkt\/walter-schaefer-schulleiter-des-landerziehungsheims-odenwaldschule\/","url":"https:\/\/bpk-archive.de\/tuellmann\/produkt\/walter-schaefer-schulleiter-des-landerziehungsheims-odenwaldschule\/","name":"Walter Sch\u00e4fer, Schulleiter des Landerziehungsheims Odenwaldschule - Abisag T\u00fcllmann","isPartOf":{"@id":"https:\/\/bpk-archive.de\/tuellmann\/#website"},"primaryImageOfPage":{"@id":"https:\/\/bpk-archive.de\/tuellmann\/produkt\/walter-schaefer-schulleiter-des-landerziehungsheims-odenwaldschule\/#primaryimage"},"image":{"@id":"https:\/\/bpk-archive.de\/tuellmann\/produkt\/walter-schaefer-schulleiter-des-landerziehungsheims-odenwaldschule\/#primaryimage"},"thumbnailUrl":"https:\/\/bpk-archive.de\/tuellmann\/wp-content\/uploads\/2019\/08\/bpk_70243171.jpg","datePublished":"2019-09-05T13:59:00+00:00","dateModified":"2019-09-05T13:59:13+00:00","breadcrumb":{"@id":"https:\/\/bpk-archive.de\/tuellmann\/produkt\/walter-schaefer-schulleiter-des-landerziehungsheims-odenwaldschule\/#breadcrumb"},"inLanguage":"de","potentialAction":[{"@type":"ReadAction","target":["https:\/\/bpk-archive.de\/tuellmann\/produkt\/walter-schaefer-schulleiter-des-landerziehungsheims-odenwaldschule\/"]}]},{"@type":"ImageObject","inLanguage":"de","@id":"https:\/\/bpk-archive.de\/tuellmann\/produkt\/walter-schaefer-schulleiter-des-landerziehungsheims-odenwaldschule\/#primaryimage","url":"https:\/\/bpk-archive.de\/tuellmann\/wp-content\/uploads\/2019\/08\/bpk_70243171.jpg","contentUrl":"https:\/\/bpk-archive.de\/tuellmann\/wp-content\/uploads\/2019\/08\/bpk_70243171.jpg","width":1200,"height":980,"caption":"Walter Sch\u00e4fer, Schulleiter des Landerziehungsheims Odenwaldschule"},{"@type":"BreadcrumbList","@id":"https:\/\/bpk-archive.de\/tuellmann\/produkt\/walter-schaefer-schulleiter-des-landerziehungsheims-odenwaldschule\/#breadcrumb","itemListElement":[{"@type":"ListItem","position":1,"name":"Startseite","item":"https:\/\/bpk-archive.de\/tuellmann\/"},{"@type":"ListItem","position":2,"name":"Shop","item":"https:\/\/bpk-archive.de\/tuellmann\/shop\/"},{"@type":"ListItem","position":3,"name":"Walter Sch\u00e4fer, Schulleiter des Landerziehungsheims Odenwaldschule"}]},{"@type":"WebSite","@id":"https:\/\/bpk-archive.de\/tuellmann\/#website","url":"https:\/\/bpk-archive.de\/tuellmann\/","name":"Abisag T\u00fcllmann","description":"Eine weitere WordPress-Website","potentialAction":[{"@type":"SearchAction","target":{"@type":"EntryPoint","urlTemplate":"https:\/\/bpk-archive.de\/tuellmann\/?s={search_term_string}"},"query-input":{"@type":"PropertyValueSpecification","valueRequired":true,"valueName":"search_term_string"}}],"inLanguage":"de"}]}},"_links":{"self":[{"href":"https:\/\/bpk-archive.de\/tuellmann\/wp-json\/wp\/v2\/product\/70296354","targetHints":{"allow":["GET"]}}],"collection":[{"href":"https:\/\/bpk-archive.de\/tuellmann\/wp-json\/wp\/v2\/product"}],"about":[{"href":"https:\/\/bpk-archive.de\/tuellmann\/wp-json\/wp\/v2\/types\/product"}],"wp:featuredmedia":[{"embeddable":true,"href":"https:\/\/bpk-archive.de\/tuellmann\/wp-json\/wp\/v2\/media\/70292523"}],"wp:attachment":[{"href":"https:\/\/bpk-archive.de\/tuellmann\/wp-json\/wp\/v2\/media?parent=70296354"}],"wp:term":[{"taxonomy":"product_brand","embeddable":true,"href":"https:\/\/bpk-archive.de\/tuellmann\/wp-json\/wp\/v2\/product_brand?post=70296354"},{"taxonomy":"product_cat","embeddable":true,"href":"https:\/\/bpk-archive.de\/tuellmann\/wp-json\/wp\/v2\/product_cat?post=70296354"},{"taxonomy":"product_tag","embeddable":true,"href":"https:\/\/bpk-archive.de\/tuellmann\/wp-json\/wp\/v2\/product_tag?post=70296354"}],"curies":[{"name":"wp","href":"https:\/\/api.w.org\/{rel}","templated":true}]}}