{"id":70296353,"date":"2019-09-05T15:59:00","date_gmt":"2019-09-05T13:59:00","guid":{"rendered":"http:\/\/abisagtuellmann.bpk-news.de\/atbild\/landerziehungsheim-odenwaldschule-schueler-in-der-schreinerwerkstatt\/"},"modified":"2019-09-05T15:59:12","modified_gmt":"2019-09-05T13:59:12","slug":"landerziehungsheim-odenwaldschule-schueler-in-der-schreinerwerkstatt","status":"publish","type":"product","link":"https:\/\/bpk-archive.de\/tuellmann\/produkt\/landerziehungsheim-odenwaldschule-schueler-in-der-schreinerwerkstatt\/","title":{"rendered":"Landerziehungsheim Odenwaldschule &#8211; Sch\u00fcler in der Schreinerwerkstatt"},"content":{"rendered":"<p>R\u00fcckseitenbeschriftung von anderer Hand: &#8222;Odenwald, Schreinerei&#8220;<\/p>\n","protected":false},"excerpt":{"rendered":"<p>R\u00fcckseitenbeschriftung von anderer Hand: &#8222;Odenwald, Schreinerei&#8220;<\/p>\n","protected":false},"featured_media":70292520,"template":"","meta":[],"product_brand":[],"product_cat":[],"product_tag":[13774,13232,13234,13231,13233,13775,47921,62149,13777,47456,47457,47458,47459,47460,47461,47462,62150,55062,13784,13785,50141,13469,59884,59886,59887,14178,14179,13470,13253,13254,13255,13256,13257,13471,13472,13473,52424,52426,62250,13293,13786,13787,13294,13295,13296,13297,47267,14327,14195,14196,14197,14198,14199,14200,51452,51453,13492,13493,13494,13495,13496,13497,62507,62508,62509,62510,62511,13498,62251,13813,13814,50444,50445,14203,14204,14208,14209,14210,14214,14215,14216,14217,14220,14221,50446,50447,50448,50449,50450,50152,50153,50154,50155,50156,50157,50158,62253,62254,50119,62260,62261,54028,13328,13827,13828,13329,13330,13331,13332,47332,13829,13830,13831,13832,13833,13834,13835,13836,13837,13838,13839,13840,13841,13842,13843,47958,62154,62155,62241,13877,13879,51468,62512,62513,62514,62156,50163,50164,54158,53860,53861,13865,13864,13866,13858,13859,13860,13861,13862,13863,13867,13869,13870,13871,13872,14243,14244,14245,14246,14247,14248,14249,13519,13520,13521,13522,13523,13524,47967,13878,13880,51471,51472,51473,47968,52832,52834,52835,13525,51031,51032,62515,62516,51033],"class_list":{"0":"post-70296353","1":"product","2":"type-product","3":"status-publish","4":"has-post-thumbnail","6":"product_tag-1960er-jahre","7":"product_tag-20-jahrhundert-nach-chr","8":"product_tag-20-jh-n-chr","9":"product_tag-20-jahrhundert","10":"product_tag-20-jh","11":"product_tag-60er","12":"product_tag-abisag","13":"product_tag-abt_005","14":"product_tag-abzug","15":"product_tag-arbeit","16":"product_tag-arbeiten","17":"product_tag-arbeitend","18":"product_tag-arbeitende","19":"product_tag-arbeitenden","20":"product_tag-arbeitender","21":"product_tag-arbeitendes","22":"product_tag-at_paedagogik","23":"product_tag-ausbildung","24":"product_tag-bildnis","25":"product_tag-bildnisse","26":"product_tag-bildung","27":"product_tag-brd","28":"product_tag-brett","29":"product_tag-bretter","30":"product_tag-brettern","31":"product_tag-bube","32":"product_tag-buben","33":"product_tag-bundesrepublik-deutschland","34":"product_tag-deutsch","35":"product_tag-deutsche","36":"product_tag-deutschen","37":"product_tag-deutscher","38":"product_tag-deutsches","39":"product_tag-deutschland","40":"product_tag-deutschlands","41":"product_tag-drinnen","42":"product_tag-erziehen","43":"product_tag-erziehung","44":"product_tag-erziehungswesen","45":"product_tag-foto","46":"product_tag-fotoabzug","47":"product_tag-fotoabzuege","48":"product_tag-fotografie","49":"product_tag-fotografien","50":"product_tag-fotografin","51":"product_tag-fotografinnen","52":"product_tag-fotoreportage","53":"product_tag-gesellschaft","54":"product_tag-gruppenbild","55":"product_tag-gruppenbilder","56":"product_tag-gruppenportrait","57":"product_tag-gruppenportraits","58":"product_tag-gruppenportraet","59":"product_tag-gruppenportraets","60":"product_tag-handwerk","61":"product_tag-handwerke","62":"product_tag-hessen","63":"product_tag-hessisch","64":"product_tag-hessische","65":"product_tag-hessischen","66":"product_tag-hessischer","67":"product_tag-hessisches","68":"product_tag-hobel","69":"product_tag-hobelbank","70":"product_tag-hobeln","71":"product_tag-holzarbeit","72":"product_tag-holzarbeiten","73":"product_tag-innen","74":"product_tag-internat","75":"product_tag-junge","76":"product_tag-jungen","77":"product_tag-jungenportrait","78":"product_tag-jungenportraet","79":"product_tag-jungens","80":"product_tag-jungs","81":"product_tag-kinderbild","82":"product_tag-kinderbildnis","83":"product_tag-kinderbildnisse","84":"product_tag-kinderportrait","85":"product_tag-kinderportraits","86":"product_tag-kinderportraet","87":"product_tag-kinderportraets","88":"product_tag-knabe","89":"product_tag-knaben","90":"product_tag-knabenbildnis","91":"product_tag-knabenbildnisse","92":"product_tag-knabenportrait","93":"product_tag-knabenportraet","94":"product_tag-knabenportraets","95":"product_tag-konzentiertes","96":"product_tag-konzentration","97":"product_tag-konzentrieren","98":"product_tag-konzentriert","99":"product_tag-konzentrierte","100":"product_tag-konzentrierten","101":"product_tag-konzentrierter","102":"product_tag-landerziehungsheim","103":"product_tag-landerziehungsheime","104":"product_tag-lernen","105":"product_tag-odenwald","106":"product_tag-oso","107":"product_tag-paedagogik","108":"product_tag-photo","109":"product_tag-photoabzug","110":"product_tag-photoabzuege","111":"product_tag-photographie","112":"product_tag-photographien","113":"product_tag-photographin","114":"product_tag-photographinnen","115":"product_tag-photoreportage","116":"product_tag-portrait","117":"product_tag-portraitaufnahme","118":"product_tag-portraitfoto","119":"product_tag-portraitfotografie","120":"product_tag-portraitphoto","121":"product_tag-portraitphotographie","122":"product_tag-portraits","123":"product_tag-portraet","124":"product_tag-portraetaufnahme","125":"product_tag-portraetfoto","126":"product_tag-portraetfotografie","127":"product_tag-portraetphoto","128":"product_tag-portraetphotographie","129":"product_tag-portraets","130":"product_tag-print","131":"product_tag-querformat","132":"product_tag-reform","133":"product_tag-reformen","134":"product_tag-reformpaedagogik","135":"product_tag-s-w-fotografie","136":"product_tag-s-w-photographie","137":"product_tag-schreiner","138":"product_tag-schreinerei","139":"product_tag-schreinereien","140":"product_tag-schreinerlehre","141":"product_tag-schulbildung","142":"product_tag-schule","143":"product_tag-schulen","144":"product_tag-schueler","145":"product_tag-schulkind","146":"product_tag-schulkinder","147":"product_tag-schwarzweissphotographie","148":"product_tag-schwarz-weiss-fotografie","149":"product_tag-schwarz-weiss-photographie","150":"product_tag-schwarzweiss","151":"product_tag-schwarzweisse","152":"product_tag-schwarzweissen","153":"product_tag-schwarzweisser","154":"product_tag-schwarzweisses","155":"product_tag-schwarzweissfotografie","156":"product_tag-sechziger","157":"product_tag-silbergelatine","158":"product_tag-silbergelatineabzug","159":"product_tag-silbergelatineabzuege","160":"product_tag-silbergelatineprint","161":"product_tag-sitzen","162":"product_tag-sitzend","163":"product_tag-sitzende","164":"product_tag-sitzenden","165":"product_tag-sitzender","166":"product_tag-sitzendes","167":"product_tag-sitzt","168":"product_tag-stehen","169":"product_tag-stehend","170":"product_tag-stehende","171":"product_tag-stehenden","172":"product_tag-stehender","173":"product_tag-stehendes","174":"product_tag-sw","175":"product_tag-sw-fotografie","176":"product_tag-sw-photographie","177":"product_tag-tischler","178":"product_tag-tischlerei","179":"product_tag-tischlereien","180":"product_tag-tuellmann","181":"product_tag-unterricht","182":"product_tag-unterrichtes","183":"product_tag-unterrichts","184":"product_tag-von-innen","185":"product_tag-werkbank","186":"product_tag-werkbaenke","187":"product_tag-werken","188":"product_tag-werkraum","189":"product_tag-werkstatt","190":"pa_datierung-dezember-1968","191":"pa_fotograf-abisag-tuellmann","192":"pa_geografischer_bezug-aufnahmeort-heppenheim-ober-hambach-deutschland","193":"pa_grunddaten_material_technik-foto-silbergelatine-auf-barytpapier","194":"pa_inventarnummer-tue-68-317-28","195":"pa_jahr_von-14267","196":"pa_massangaben-bildformat-foto-234-x-296-cm","197":"pa_mediennummer-62505","198":"pa_objekt_typ-fotografie","200":"first","201":"instock","202":"product-type-simple"},"yoast_head":"<!-- This site is optimized with the Yoast SEO plugin v27.4 - https:\/\/yoast.com\/product\/yoast-seo-wordpress\/ -->\n<title>Landerziehungsheim Odenwaldschule - Sch\u00fcler in der Schreinerwerkstatt - Abisag T\u00fcllmann<\/title>\n<meta name=\"robots\" content=\"index, follow, max-snippet:-1, max-image-preview:large, max-video-preview:-1\" \/>\n<link rel=\"canonical\" href=\"https:\/\/bpk-archive.de\/tuellmann\/produkt\/landerziehungsheim-odenwaldschule-schueler-in-der-schreinerwerkstatt\/\" \/>\n<meta property=\"og:locale\" content=\"de_DE\" \/>\n<meta property=\"og:type\" content=\"article\" \/>\n<meta property=\"og:title\" content=\"Landerziehungsheim Odenwaldschule - Sch\u00fcler in der Schreinerwerkstatt - Abisag T\u00fcllmann\" \/>\n<meta property=\"og:description\" content=\"R\u00fcckseitenbeschriftung von anderer Hand: &#8222;Odenwald, Schreinerei&#8220;\" \/>\n<meta property=\"og:url\" content=\"https:\/\/bpk-archive.de\/tuellmann\/produkt\/landerziehungsheim-odenwaldschule-schueler-in-der-schreinerwerkstatt\/\" \/>\n<meta property=\"og:site_name\" content=\"Abisag T\u00fcllmann\" \/>\n<meta property=\"article:modified_time\" content=\"2019-09-05T13:59:12+00:00\" \/>\n<meta property=\"og:image\" content=\"https:\/\/bpk-archive.de\/tuellmann\/wp-content\/uploads\/2019\/08\/bpk_70243170.jpg\" \/>\n\t<meta property=\"og:image:width\" content=\"1200\" \/>\n\t<meta property=\"og:image:height\" content=\"955\" \/>\n\t<meta property=\"og:image:type\" content=\"image\/jpeg\" \/>\n<meta name=\"twitter:card\" content=\"summary_large_image\" \/>\n<script type=\"application\/ld+json\" class=\"yoast-schema-graph\">{\"@context\":\"https:\\\/\\\/schema.org\",\"@graph\":[{\"@type\":\"WebPage\",\"@id\":\"https:\\\/\\\/bpk-archive.de\\\/tuellmann\\\/produkt\\\/landerziehungsheim-odenwaldschule-schueler-in-der-schreinerwerkstatt\\\/\",\"url\":\"https:\\\/\\\/bpk-archive.de\\\/tuellmann\\\/produkt\\\/landerziehungsheim-odenwaldschule-schueler-in-der-schreinerwerkstatt\\\/\",\"name\":\"Landerziehungsheim Odenwaldschule - Sch\u00fcler in der Schreinerwerkstatt - Abisag T\u00fcllmann\",\"isPartOf\":{\"@id\":\"https:\\\/\\\/bpk-archive.de\\\/tuellmann\\\/#website\"},\"primaryImageOfPage\":{\"@id\":\"https:\\\/\\\/bpk-archive.de\\\/tuellmann\\\/produkt\\\/landerziehungsheim-odenwaldschule-schueler-in-der-schreinerwerkstatt\\\/#primaryimage\"},\"image\":{\"@id\":\"https:\\\/\\\/bpk-archive.de\\\/tuellmann\\\/produkt\\\/landerziehungsheim-odenwaldschule-schueler-in-der-schreinerwerkstatt\\\/#primaryimage\"},\"thumbnailUrl\":\"https:\\\/\\\/bpk-archive.de\\\/tuellmann\\\/wp-content\\\/uploads\\\/2019\\\/08\\\/bpk_70243170.jpg\",\"datePublished\":\"2019-09-05T13:59:00+00:00\",\"dateModified\":\"2019-09-05T13:59:12+00:00\",\"breadcrumb\":{\"@id\":\"https:\\\/\\\/bpk-archive.de\\\/tuellmann\\\/produkt\\\/landerziehungsheim-odenwaldschule-schueler-in-der-schreinerwerkstatt\\\/#breadcrumb\"},\"inLanguage\":\"de\",\"potentialAction\":[{\"@type\":\"ReadAction\",\"target\":[\"https:\\\/\\\/bpk-archive.de\\\/tuellmann\\\/produkt\\\/landerziehungsheim-odenwaldschule-schueler-in-der-schreinerwerkstatt\\\/\"]}]},{\"@type\":\"ImageObject\",\"inLanguage\":\"de\",\"@id\":\"https:\\\/\\\/bpk-archive.de\\\/tuellmann\\\/produkt\\\/landerziehungsheim-odenwaldschule-schueler-in-der-schreinerwerkstatt\\\/#primaryimage\",\"url\":\"https:\\\/\\\/bpk-archive.de\\\/tuellmann\\\/wp-content\\\/uploads\\\/2019\\\/08\\\/bpk_70243170.jpg\",\"contentUrl\":\"https:\\\/\\\/bpk-archive.de\\\/tuellmann\\\/wp-content\\\/uploads\\\/2019\\\/08\\\/bpk_70243170.jpg\",\"width\":1200,\"height\":955,\"caption\":\"Landerziehungsheim Odenwaldschule - Sch\u00fcler in der Schreinerwerkstatt\"},{\"@type\":\"BreadcrumbList\",\"@id\":\"https:\\\/\\\/bpk-archive.de\\\/tuellmann\\\/produkt\\\/landerziehungsheim-odenwaldschule-schueler-in-der-schreinerwerkstatt\\\/#breadcrumb\",\"itemListElement\":[{\"@type\":\"ListItem\",\"position\":1,\"name\":\"Startseite\",\"item\":\"https:\\\/\\\/bpk-archive.de\\\/tuellmann\\\/\"},{\"@type\":\"ListItem\",\"position\":2,\"name\":\"Shop\",\"item\":\"https:\\\/\\\/bpk-archive.de\\\/tuellmann\\\/shop\\\/\"},{\"@type\":\"ListItem\",\"position\":3,\"name\":\"Landerziehungsheim Odenwaldschule &#8211; Sch\u00fcler in der Schreinerwerkstatt\"}]},{\"@type\":\"WebSite\",\"@id\":\"https:\\\/\\\/bpk-archive.de\\\/tuellmann\\\/#website\",\"url\":\"https:\\\/\\\/bpk-archive.de\\\/tuellmann\\\/\",\"name\":\"Abisag T\u00fcllmann\",\"description\":\"Eine weitere WordPress-Website\",\"potentialAction\":[{\"@type\":\"SearchAction\",\"target\":{\"@type\":\"EntryPoint\",\"urlTemplate\":\"https:\\\/\\\/bpk-archive.de\\\/tuellmann\\\/?s={search_term_string}\"},\"query-input\":{\"@type\":\"PropertyValueSpecification\",\"valueRequired\":true,\"valueName\":\"search_term_string\"}}],\"inLanguage\":\"de\"}]}<\/script>\n<!-- \/ Yoast SEO plugin. -->","yoast_head_json":{"title":"Landerziehungsheim Odenwaldschule - Sch\u00fcler in der Schreinerwerkstatt - Abisag T\u00fcllmann","robots":{"index":"index","follow":"follow","max-snippet":"max-snippet:-1","max-image-preview":"max-image-preview:large","max-video-preview":"max-video-preview:-1"},"canonical":"https:\/\/bpk-archive.de\/tuellmann\/produkt\/landerziehungsheim-odenwaldschule-schueler-in-der-schreinerwerkstatt\/","og_locale":"de_DE","og_type":"article","og_title":"Landerziehungsheim Odenwaldschule - Sch\u00fcler in der Schreinerwerkstatt - Abisag T\u00fcllmann","og_description":"R\u00fcckseitenbeschriftung von anderer Hand: &#8222;Odenwald, Schreinerei&#8220;","og_url":"https:\/\/bpk-archive.de\/tuellmann\/produkt\/landerziehungsheim-odenwaldschule-schueler-in-der-schreinerwerkstatt\/","og_site_name":"Abisag T\u00fcllmann","article_modified_time":"2019-09-05T13:59:12+00:00","og_image":[{"width":1200,"height":955,"url":"https:\/\/bpk-archive.de\/tuellmann\/wp-content\/uploads\/2019\/08\/bpk_70243170.jpg","type":"image\/jpeg"}],"twitter_card":"summary_large_image","schema":{"@context":"https:\/\/schema.org","@graph":[{"@type":"WebPage","@id":"https:\/\/bpk-archive.de\/tuellmann\/produkt\/landerziehungsheim-odenwaldschule-schueler-in-der-schreinerwerkstatt\/","url":"https:\/\/bpk-archive.de\/tuellmann\/produkt\/landerziehungsheim-odenwaldschule-schueler-in-der-schreinerwerkstatt\/","name":"Landerziehungsheim Odenwaldschule - Sch\u00fcler in der Schreinerwerkstatt - Abisag T\u00fcllmann","isPartOf":{"@id":"https:\/\/bpk-archive.de\/tuellmann\/#website"},"primaryImageOfPage":{"@id":"https:\/\/bpk-archive.de\/tuellmann\/produkt\/landerziehungsheim-odenwaldschule-schueler-in-der-schreinerwerkstatt\/#primaryimage"},"image":{"@id":"https:\/\/bpk-archive.de\/tuellmann\/produkt\/landerziehungsheim-odenwaldschule-schueler-in-der-schreinerwerkstatt\/#primaryimage"},"thumbnailUrl":"https:\/\/bpk-archive.de\/tuellmann\/wp-content\/uploads\/2019\/08\/bpk_70243170.jpg","datePublished":"2019-09-05T13:59:00+00:00","dateModified":"2019-09-05T13:59:12+00:00","breadcrumb":{"@id":"https:\/\/bpk-archive.de\/tuellmann\/produkt\/landerziehungsheim-odenwaldschule-schueler-in-der-schreinerwerkstatt\/#breadcrumb"},"inLanguage":"de","potentialAction":[{"@type":"ReadAction","target":["https:\/\/bpk-archive.de\/tuellmann\/produkt\/landerziehungsheim-odenwaldschule-schueler-in-der-schreinerwerkstatt\/"]}]},{"@type":"ImageObject","inLanguage":"de","@id":"https:\/\/bpk-archive.de\/tuellmann\/produkt\/landerziehungsheim-odenwaldschule-schueler-in-der-schreinerwerkstatt\/#primaryimage","url":"https:\/\/bpk-archive.de\/tuellmann\/wp-content\/uploads\/2019\/08\/bpk_70243170.jpg","contentUrl":"https:\/\/bpk-archive.de\/tuellmann\/wp-content\/uploads\/2019\/08\/bpk_70243170.jpg","width":1200,"height":955,"caption":"Landerziehungsheim Odenwaldschule - Sch\u00fcler in der Schreinerwerkstatt"},{"@type":"BreadcrumbList","@id":"https:\/\/bpk-archive.de\/tuellmann\/produkt\/landerziehungsheim-odenwaldschule-schueler-in-der-schreinerwerkstatt\/#breadcrumb","itemListElement":[{"@type":"ListItem","position":1,"name":"Startseite","item":"https:\/\/bpk-archive.de\/tuellmann\/"},{"@type":"ListItem","position":2,"name":"Shop","item":"https:\/\/bpk-archive.de\/tuellmann\/shop\/"},{"@type":"ListItem","position":3,"name":"Landerziehungsheim Odenwaldschule &#8211; Sch\u00fcler in der Schreinerwerkstatt"}]},{"@type":"WebSite","@id":"https:\/\/bpk-archive.de\/tuellmann\/#website","url":"https:\/\/bpk-archive.de\/tuellmann\/","name":"Abisag T\u00fcllmann","description":"Eine weitere WordPress-Website","potentialAction":[{"@type":"SearchAction","target":{"@type":"EntryPoint","urlTemplate":"https:\/\/bpk-archive.de\/tuellmann\/?s={search_term_string}"},"query-input":{"@type":"PropertyValueSpecification","valueRequired":true,"valueName":"search_term_string"}}],"inLanguage":"de"}]}},"_links":{"self":[{"href":"https:\/\/bpk-archive.de\/tuellmann\/wp-json\/wp\/v2\/product\/70296353","targetHints":{"allow":["GET"]}}],"collection":[{"href":"https:\/\/bpk-archive.de\/tuellmann\/wp-json\/wp\/v2\/product"}],"about":[{"href":"https:\/\/bpk-archive.de\/tuellmann\/wp-json\/wp\/v2\/types\/product"}],"wp:featuredmedia":[{"embeddable":true,"href":"https:\/\/bpk-archive.de\/tuellmann\/wp-json\/wp\/v2\/media\/70292520"}],"wp:attachment":[{"href":"https:\/\/bpk-archive.de\/tuellmann\/wp-json\/wp\/v2\/media?parent=70296353"}],"wp:term":[{"taxonomy":"product_brand","embeddable":true,"href":"https:\/\/bpk-archive.de\/tuellmann\/wp-json\/wp\/v2\/product_brand?post=70296353"},{"taxonomy":"product_cat","embeddable":true,"href":"https:\/\/bpk-archive.de\/tuellmann\/wp-json\/wp\/v2\/product_cat?post=70296353"},{"taxonomy":"product_tag","embeddable":true,"href":"https:\/\/bpk-archive.de\/tuellmann\/wp-json\/wp\/v2\/product_tag?post=70296353"}],"curies":[{"name":"wp","href":"https:\/\/api.w.org\/{rel}","templated":true}]}}