{"id":70296351,"date":"2019-09-05T15:59:00","date_gmt":"2019-09-05T13:59:00","guid":{"rendered":"http:\/\/abisagtuellmann.bpk-news.de\/atbild\/unterricht-der-13-klasse-im-landerziehungsheim-odenwaldschule\/"},"modified":"2020-08-11T17:06:31","modified_gmt":"2020-08-11T15:06:31","slug":"unterricht-der-13-klasse-im-landerziehungsheim-odenwaldschule","status":"publish","type":"product","link":"https:\/\/bpk-archive.de\/tuellmann\/produkt\/unterricht-der-13-klasse-im-landerziehungsheim-odenwaldschule\/","title":{"rendered":"Unterricht der 13. Klasse im Landerziehungsheim Odenwaldschule"},"content":{"rendered":"<p>Studiendirektor Ernest Jouhy im Gespr\u00e4ch mit dem Sch\u00fcler Heiner Lindemann<\/p>\n","protected":false},"excerpt":{"rendered":"<p>Studiendirektor Ernest Jouhy im Gespr\u00e4ch mit dem Sch\u00fcler Heiner Lindemann<\/p>\n","protected":false},"featured_media":70292503,"template":"","meta":[],"product_brand":[],"product_cat":[73393],"product_tag":[13774,13232,13234,13231,13233,13775,62501,62502,62149,13777,47418,47419,47420,47421,47422,47423,47424,62150,13784,13785,50141,13469,13470,14060,14061,13253,13254,13255,13256,13257,13471,13472,13960,13961,13962,13963,13964,13965,13473,52424,52426,62250,13293,13786,13787,13294,13295,13296,13297,47267,50356,50357,50358,50359,50360,50361,14327,47579,47580,47581,47582,47430,47431,47432,13492,13493,13494,13495,13496,13497,13498,62251,13807,13808,13809,13812,13813,13814,13815,13816,52297,52298,50411,50412,50413,50414,50415,50416,50417,47589,47590,62253,62254,52822,52823,50119,13818,13819,13826,62258,62260,62261,62287,62288,54028,47899,47900,13328,13827,13828,13329,13330,13331,13332,47332,13829,13830,13831,13832,13833,13834,13835,13836,13837,13838,13839,13840,13841,13842,13843,48677,14073,14074,14075,14076,14077,48678,62154,62155,62241,13877,13879,62156,50163,50164,54158,62503,13865,13864,13866,13858,13859,13860,13861,13862,13863,13867,13869,13870,13871,13872,14243,14244,14245,14246,14247,14248,14249,13519,13520,13521,13522,13523,13524,13878,13880,52832,52834,52835,13525,14081,14082,48686],"class_list":{"0":"post-70296351","1":"product","2":"type-product","3":"status-publish","4":"has-post-thumbnail","6":"product_cat-schule","7":"product_tag-1960er-jahre","8":"product_tag-20-jahrhundert-nach-chr","9":"product_tag-20-jh-n-chr","10":"product_tag-20-jahrhundert","11":"product_tag-20-jh","12":"product_tag-60er","13":"product_tag-abiturient","14":"product_tag-abiturienten","15":"product_tag-abt_005","16":"product_tag-abzug","17":"product_tag-alt","18":"product_tag-alte","19":"product_tag-alten","20":"product_tag-alter","21":"product_tag-aeltere","22":"product_tag-aelterer","23":"product_tag-altes","24":"product_tag-at_paedagogik","25":"product_tag-bildnis","26":"product_tag-bildnisse","27":"product_tag-bildung","28":"product_tag-brd","29":"product_tag-bundesrepublik-deutschland","30":"product_tag-cigarette","31":"product_tag-cigaretten","32":"product_tag-deutsch","33":"product_tag-deutsche","34":"product_tag-deutschen","35":"product_tag-deutscher","36":"product_tag-deutsches","37":"product_tag-deutschland","38":"product_tag-deutschlands","39":"product_tag-doppelbildnis","40":"product_tag-doppelbildnisse","41":"product_tag-doppelportrait","42":"product_tag-doppelportraits","43":"product_tag-doppelportraet","44":"product_tag-doppelportraets","45":"product_tag-drinnen","46":"product_tag-erziehen","47":"product_tag-erziehung","48":"product_tag-erziehungswesen","49":"product_tag-foto","50":"product_tag-fotoabzug","51":"product_tag-fotoabzuege","52":"product_tag-fotografie","53":"product_tag-fotografien","54":"product_tag-fotografin","55":"product_tag-fotografinnen","56":"product_tag-fotoreportage","57":"product_tag-gebeugt","58":"product_tag-gebeugte","59":"product_tag-gebeugtem","60":"product_tag-gebeugten","61":"product_tag-gebeugter","62":"product_tag-gebeugtes","63":"product_tag-gesellschaft","64":"product_tag-gespraech","65":"product_tag-gespraeche","66":"product_tag-gespraeches","67":"product_tag-gespraechs","68":"product_tag-heranwachsende","69":"product_tag-heranwachsenden","70":"product_tag-heranwachsender","71":"product_tag-hessen","72":"product_tag-hessisch","73":"product_tag-hessische","74":"product_tag-hessischen","75":"product_tag-hessischer","76":"product_tag-hessisches","77":"product_tag-innen","78":"product_tag-internat","79":"product_tag-jugendliche","80":"product_tag-jugendlichen","81":"product_tag-jugendlicher","82":"product_tag-jung","83":"product_tag-junge","84":"product_tag-jungen","85":"product_tag-junger","86":"product_tag-junges","87":"product_tag-klassenraum","88":"product_tag-klassenzimmer","89":"product_tag-kontrast","90":"product_tag-kontraste","91":"product_tag-kontraststark","92":"product_tag-kontraststarke","93":"product_tag-kontraststarken","94":"product_tag-kontraststarker","95":"product_tag-kontraststarkes","96":"product_tag-konversation","97":"product_tag-konversationen","98":"product_tag-landerziehungsheim","99":"product_tag-landerziehungsheime","100":"product_tag-lehrer","101":"product_tag-lehrers","102":"product_tag-lernen","103":"product_tag-mann","104":"product_tag-maenner","105":"product_tag-mannes","106":"product_tag-oberstufe","107":"product_tag-odenwald","108":"product_tag-oso","109":"product_tag-paedagoge","110":"product_tag-paedagogen","111":"product_tag-paedagogik","112":"product_tag-persoenlichkeit","113":"product_tag-persoenlichkeiten","114":"product_tag-photo","115":"product_tag-photoabzug","116":"product_tag-photoabzuege","117":"product_tag-photographie","118":"product_tag-photographien","119":"product_tag-photographin","120":"product_tag-photographinnen","121":"product_tag-photoreportage","122":"product_tag-portrait","123":"product_tag-portraitaufnahme","124":"product_tag-portraitfoto","125":"product_tag-portraitfotografie","126":"product_tag-portraitphoto","127":"product_tag-portraitphotographie","128":"product_tag-portraits","129":"product_tag-portraet","130":"product_tag-portraetaufnahme","131":"product_tag-portraetfoto","132":"product_tag-portraetfotografie","133":"product_tag-portraetphoto","134":"product_tag-portraetphotographie","135":"product_tag-portraets","136":"product_tag-print","137":"product_tag-rauchen","138":"product_tag-rauchend","139":"product_tag-rauchende","140":"product_tag-rauchenden","141":"product_tag-rauchender","142":"product_tag-rauchendes","143":"product_tag-raucher","144":"product_tag-reform","145":"product_tag-reformen","146":"product_tag-reformpaedagogik","147":"product_tag-s-w-fotografie","148":"product_tag-s-w-photographie","149":"product_tag-schulbildung","150":"product_tag-schule","151":"product_tag-schulen","152":"product_tag-schueler","153":"product_tag-schulunterricht","154":"product_tag-schwarzweissphotographie","155":"product_tag-schwarz-weiss-fotografie","156":"product_tag-schwarz-weiss-photographie","157":"product_tag-schwarzweiss","158":"product_tag-schwarzweisse","159":"product_tag-schwarzweissen","160":"product_tag-schwarzweisser","161":"product_tag-schwarzweisses","162":"product_tag-schwarzweissfotografie","163":"product_tag-sechziger","164":"product_tag-silbergelatine","165":"product_tag-silbergelatineabzug","166":"product_tag-silbergelatineabzuege","167":"product_tag-silbergelatineprint","168":"product_tag-sitzen","169":"product_tag-sitzend","170":"product_tag-sitzende","171":"product_tag-sitzenden","172":"product_tag-sitzender","173":"product_tag-sitzendes","174":"product_tag-sitzt","175":"product_tag-stehen","176":"product_tag-stehend","177":"product_tag-stehende","178":"product_tag-stehenden","179":"product_tag-stehender","180":"product_tag-stehendes","181":"product_tag-sw-fotografie","182":"product_tag-sw-photographie","183":"product_tag-unterricht","184":"product_tag-unterrichtes","185":"product_tag-unterrichts","186":"product_tag-von-innen","187":"product_tag-zigarette","188":"product_tag-zigaretten","189":"product_tag-zigarettenraucher","190":"pa_datierung-dezember-1968","191":"pa_fotograf-abisag-tuellmann","192":"pa_geografischer_bezug-aufnahmeort-heppenheim-ober-hambach-deutschland","193":"pa_grunddaten_material_technik-foto-silbergelatine-auf-barytpapier","194":"pa_inventarnummer-tue-68-321-07","195":"pa_jahr_von-14267","196":"pa_massangaben-bildformat-foto-232-x-297-cm","197":"pa_mediennummer-62498","198":"pa_objekt_typ-fotografie","199":"pa_personen-ernest-jouhy-eigentlich-ernst-leopold-jablonski-1913-1988-erziehungs-und-kulturwissenschafter-und-mitglied-der-resistance","201":"first","202":"instock","203":"product-type-simple"},"yoast_head":"<!-- This site is optimized with the Yoast SEO plugin v27.4 - https:\/\/yoast.com\/product\/yoast-seo-wordpress\/ -->\n<title>Unterricht der 13. Klasse im Landerziehungsheim Odenwaldschule - Abisag T\u00fcllmann<\/title>\n<meta name=\"robots\" content=\"index, follow, max-snippet:-1, max-image-preview:large, max-video-preview:-1\" \/>\n<link rel=\"canonical\" href=\"https:\/\/bpk-archive.de\/tuellmann\/produkt\/unterricht-der-13-klasse-im-landerziehungsheim-odenwaldschule\/\" \/>\n<meta property=\"og:locale\" content=\"de_DE\" \/>\n<meta property=\"og:type\" content=\"article\" \/>\n<meta property=\"og:title\" content=\"Unterricht der 13. Klasse im Landerziehungsheim Odenwaldschule - Abisag T\u00fcllmann\" \/>\n<meta property=\"og:description\" content=\"Studiendirektor Ernest Jouhy im Gespr\u00e4ch mit dem Sch\u00fcler Heiner Lindemann\" \/>\n<meta property=\"og:url\" content=\"https:\/\/bpk-archive.de\/tuellmann\/produkt\/unterricht-der-13-klasse-im-landerziehungsheim-odenwaldschule\/\" \/>\n<meta property=\"og:site_name\" content=\"Abisag T\u00fcllmann\" \/>\n<meta property=\"article:modified_time\" content=\"2020-08-11T15:06:31+00:00\" \/>\n<meta property=\"og:image\" content=\"https:\/\/bpk-archive.de\/tuellmann\/wp-content\/uploads\/2019\/08\/bpk_70243164.jpg\" \/>\n\t<meta property=\"og:image:width\" content=\"1200\" \/>\n\t<meta property=\"og:image:height\" content=\"948\" \/>\n\t<meta property=\"og:image:type\" content=\"image\/jpeg\" \/>\n<meta name=\"twitter:card\" content=\"summary_large_image\" \/>\n<script type=\"application\/ld+json\" class=\"yoast-schema-graph\">{\"@context\":\"https:\\\/\\\/schema.org\",\"@graph\":[{\"@type\":\"WebPage\",\"@id\":\"https:\\\/\\\/bpk-archive.de\\\/tuellmann\\\/produkt\\\/unterricht-der-13-klasse-im-landerziehungsheim-odenwaldschule\\\/\",\"url\":\"https:\\\/\\\/bpk-archive.de\\\/tuellmann\\\/produkt\\\/unterricht-der-13-klasse-im-landerziehungsheim-odenwaldschule\\\/\",\"name\":\"Unterricht der 13. Klasse im Landerziehungsheim Odenwaldschule - Abisag T\u00fcllmann\",\"isPartOf\":{\"@id\":\"https:\\\/\\\/bpk-archive.de\\\/tuellmann\\\/#website\"},\"primaryImageOfPage\":{\"@id\":\"https:\\\/\\\/bpk-archive.de\\\/tuellmann\\\/produkt\\\/unterricht-der-13-klasse-im-landerziehungsheim-odenwaldschule\\\/#primaryimage\"},\"image\":{\"@id\":\"https:\\\/\\\/bpk-archive.de\\\/tuellmann\\\/produkt\\\/unterricht-der-13-klasse-im-landerziehungsheim-odenwaldschule\\\/#primaryimage\"},\"thumbnailUrl\":\"https:\\\/\\\/bpk-archive.de\\\/tuellmann\\\/wp-content\\\/uploads\\\/2019\\\/08\\\/bpk_70243164.jpg\",\"datePublished\":\"2019-09-05T13:59:00+00:00\",\"dateModified\":\"2020-08-11T15:06:31+00:00\",\"breadcrumb\":{\"@id\":\"https:\\\/\\\/bpk-archive.de\\\/tuellmann\\\/produkt\\\/unterricht-der-13-klasse-im-landerziehungsheim-odenwaldschule\\\/#breadcrumb\"},\"inLanguage\":\"de\",\"potentialAction\":[{\"@type\":\"ReadAction\",\"target\":[\"https:\\\/\\\/bpk-archive.de\\\/tuellmann\\\/produkt\\\/unterricht-der-13-klasse-im-landerziehungsheim-odenwaldschule\\\/\"]}]},{\"@type\":\"ImageObject\",\"inLanguage\":\"de\",\"@id\":\"https:\\\/\\\/bpk-archive.de\\\/tuellmann\\\/produkt\\\/unterricht-der-13-klasse-im-landerziehungsheim-odenwaldschule\\\/#primaryimage\",\"url\":\"https:\\\/\\\/bpk-archive.de\\\/tuellmann\\\/wp-content\\\/uploads\\\/2019\\\/08\\\/bpk_70243164.jpg\",\"contentUrl\":\"https:\\\/\\\/bpk-archive.de\\\/tuellmann\\\/wp-content\\\/uploads\\\/2019\\\/08\\\/bpk_70243164.jpg\",\"width\":1200,\"height\":948,\"caption\":\"Unterricht der 13. Klasse im Landerziehungsheim Odenwaldschule\"},{\"@type\":\"BreadcrumbList\",\"@id\":\"https:\\\/\\\/bpk-archive.de\\\/tuellmann\\\/produkt\\\/unterricht-der-13-klasse-im-landerziehungsheim-odenwaldschule\\\/#breadcrumb\",\"itemListElement\":[{\"@type\":\"ListItem\",\"position\":1,\"name\":\"Startseite\",\"item\":\"https:\\\/\\\/bpk-archive.de\\\/tuellmann\\\/\"},{\"@type\":\"ListItem\",\"position\":2,\"name\":\"Shop\",\"item\":\"https:\\\/\\\/bpk-archive.de\\\/tuellmann\\\/shop\\\/\"},{\"@type\":\"ListItem\",\"position\":3,\"name\":\"Unterricht der 13. Klasse im Landerziehungsheim Odenwaldschule\"}]},{\"@type\":\"WebSite\",\"@id\":\"https:\\\/\\\/bpk-archive.de\\\/tuellmann\\\/#website\",\"url\":\"https:\\\/\\\/bpk-archive.de\\\/tuellmann\\\/\",\"name\":\"Abisag T\u00fcllmann\",\"description\":\"Eine weitere WordPress-Website\",\"potentialAction\":[{\"@type\":\"SearchAction\",\"target\":{\"@type\":\"EntryPoint\",\"urlTemplate\":\"https:\\\/\\\/bpk-archive.de\\\/tuellmann\\\/?s={search_term_string}\"},\"query-input\":{\"@type\":\"PropertyValueSpecification\",\"valueRequired\":true,\"valueName\":\"search_term_string\"}}],\"inLanguage\":\"de\"}]}<\/script>\n<!-- \/ Yoast SEO plugin. -->","yoast_head_json":{"title":"Unterricht der 13. Klasse im Landerziehungsheim Odenwaldschule - Abisag T\u00fcllmann","robots":{"index":"index","follow":"follow","max-snippet":"max-snippet:-1","max-image-preview":"max-image-preview:large","max-video-preview":"max-video-preview:-1"},"canonical":"https:\/\/bpk-archive.de\/tuellmann\/produkt\/unterricht-der-13-klasse-im-landerziehungsheim-odenwaldschule\/","og_locale":"de_DE","og_type":"article","og_title":"Unterricht der 13. Klasse im Landerziehungsheim Odenwaldschule - Abisag T\u00fcllmann","og_description":"Studiendirektor Ernest Jouhy im Gespr\u00e4ch mit dem Sch\u00fcler Heiner Lindemann","og_url":"https:\/\/bpk-archive.de\/tuellmann\/produkt\/unterricht-der-13-klasse-im-landerziehungsheim-odenwaldschule\/","og_site_name":"Abisag T\u00fcllmann","article_modified_time":"2020-08-11T15:06:31+00:00","og_image":[{"width":1200,"height":948,"url":"https:\/\/bpk-archive.de\/tuellmann\/wp-content\/uploads\/2019\/08\/bpk_70243164.jpg","type":"image\/jpeg"}],"twitter_card":"summary_large_image","schema":{"@context":"https:\/\/schema.org","@graph":[{"@type":"WebPage","@id":"https:\/\/bpk-archive.de\/tuellmann\/produkt\/unterricht-der-13-klasse-im-landerziehungsheim-odenwaldschule\/","url":"https:\/\/bpk-archive.de\/tuellmann\/produkt\/unterricht-der-13-klasse-im-landerziehungsheim-odenwaldschule\/","name":"Unterricht der 13. Klasse im Landerziehungsheim Odenwaldschule - Abisag T\u00fcllmann","isPartOf":{"@id":"https:\/\/bpk-archive.de\/tuellmann\/#website"},"primaryImageOfPage":{"@id":"https:\/\/bpk-archive.de\/tuellmann\/produkt\/unterricht-der-13-klasse-im-landerziehungsheim-odenwaldschule\/#primaryimage"},"image":{"@id":"https:\/\/bpk-archive.de\/tuellmann\/produkt\/unterricht-der-13-klasse-im-landerziehungsheim-odenwaldschule\/#primaryimage"},"thumbnailUrl":"https:\/\/bpk-archive.de\/tuellmann\/wp-content\/uploads\/2019\/08\/bpk_70243164.jpg","datePublished":"2019-09-05T13:59:00+00:00","dateModified":"2020-08-11T15:06:31+00:00","breadcrumb":{"@id":"https:\/\/bpk-archive.de\/tuellmann\/produkt\/unterricht-der-13-klasse-im-landerziehungsheim-odenwaldschule\/#breadcrumb"},"inLanguage":"de","potentialAction":[{"@type":"ReadAction","target":["https:\/\/bpk-archive.de\/tuellmann\/produkt\/unterricht-der-13-klasse-im-landerziehungsheim-odenwaldschule\/"]}]},{"@type":"ImageObject","inLanguage":"de","@id":"https:\/\/bpk-archive.de\/tuellmann\/produkt\/unterricht-der-13-klasse-im-landerziehungsheim-odenwaldschule\/#primaryimage","url":"https:\/\/bpk-archive.de\/tuellmann\/wp-content\/uploads\/2019\/08\/bpk_70243164.jpg","contentUrl":"https:\/\/bpk-archive.de\/tuellmann\/wp-content\/uploads\/2019\/08\/bpk_70243164.jpg","width":1200,"height":948,"caption":"Unterricht der 13. Klasse im Landerziehungsheim Odenwaldschule"},{"@type":"BreadcrumbList","@id":"https:\/\/bpk-archive.de\/tuellmann\/produkt\/unterricht-der-13-klasse-im-landerziehungsheim-odenwaldschule\/#breadcrumb","itemListElement":[{"@type":"ListItem","position":1,"name":"Startseite","item":"https:\/\/bpk-archive.de\/tuellmann\/"},{"@type":"ListItem","position":2,"name":"Shop","item":"https:\/\/bpk-archive.de\/tuellmann\/shop\/"},{"@type":"ListItem","position":3,"name":"Unterricht der 13. Klasse im Landerziehungsheim Odenwaldschule"}]},{"@type":"WebSite","@id":"https:\/\/bpk-archive.de\/tuellmann\/#website","url":"https:\/\/bpk-archive.de\/tuellmann\/","name":"Abisag T\u00fcllmann","description":"Eine weitere WordPress-Website","potentialAction":[{"@type":"SearchAction","target":{"@type":"EntryPoint","urlTemplate":"https:\/\/bpk-archive.de\/tuellmann\/?s={search_term_string}"},"query-input":{"@type":"PropertyValueSpecification","valueRequired":true,"valueName":"search_term_string"}}],"inLanguage":"de"}]}},"_links":{"self":[{"href":"https:\/\/bpk-archive.de\/tuellmann\/wp-json\/wp\/v2\/product\/70296351","targetHints":{"allow":["GET"]}}],"collection":[{"href":"https:\/\/bpk-archive.de\/tuellmann\/wp-json\/wp\/v2\/product"}],"about":[{"href":"https:\/\/bpk-archive.de\/tuellmann\/wp-json\/wp\/v2\/types\/product"}],"wp:featuredmedia":[{"embeddable":true,"href":"https:\/\/bpk-archive.de\/tuellmann\/wp-json\/wp\/v2\/media\/70292503"}],"wp:attachment":[{"href":"https:\/\/bpk-archive.de\/tuellmann\/wp-json\/wp\/v2\/media?parent=70296351"}],"wp:term":[{"taxonomy":"product_brand","embeddable":true,"href":"https:\/\/bpk-archive.de\/tuellmann\/wp-json\/wp\/v2\/product_brand?post=70296351"},{"taxonomy":"product_cat","embeddable":true,"href":"https:\/\/bpk-archive.de\/tuellmann\/wp-json\/wp\/v2\/product_cat?post=70296351"},{"taxonomy":"product_tag","embeddable":true,"href":"https:\/\/bpk-archive.de\/tuellmann\/wp-json\/wp\/v2\/product_tag?post=70296351"}],"curies":[{"name":"wp","href":"https:\/\/api.w.org\/{rel}","templated":true}]}}