{"id":70296340,"date":"2019-09-05T15:59:00","date_gmt":"2019-09-05T13:59:00","guid":{"rendered":"http:\/\/abisagtuellmann.bpk-news.de\/atbild\/der-indische-vizepraesident-b-d-jatti-links-mit-dem-tansanischen-praesidenten-julius-nyerere-2\/"},"modified":"2020-08-11T17:01:03","modified_gmt":"2020-08-11T15:01:03","slug":"der-indische-vizepraesident-b-d-jatti-links-mit-dem-tansanischen-praesidenten-julius-nyerere-2","status":"publish","type":"product","link":"https:\/\/bpk-archive.de\/tuellmann\/produkt\/der-indische-vizepraesident-b-d-jatti-links-mit-dem-tansanischen-praesidenten-julius-nyerere-2\/","title":{"rendered":"Der indische Vizepr\u00e4sident B. D. Jatti (links) mit dem tansanischen Pr\u00e4sidenten Julius Nyerere"},"content":{"rendered":"<p>Bei der Er\u00f6ffnung der &#8222;Tiyende Pamodzi Show&#8220; (Landwirtschafts- und Industrieausstellung) in Sambia R\u00fcckseitenbeschriftung von Hand der Fotografin: &#8222;Julius Nyerere mit dem indischen Vizepr\u00e4sidenten Jatti&#8220;<\/p>\n","protected":false},"excerpt":{"rendered":"<p>Bei der Er\u00f6ffnung der &#8222;Tiyende Pamodzi Show&#8220; (Landwirtschafts- und Industrieausstellung) in Sambia R\u00fcckseitenbeschriftung von Hand der Fotografin: &#8222;Julius Nyerere mit dem indischen Vizepr\u00e4sidenten Jatti&#8220;<\/p>\n","protected":false},"featured_media":70292455,"template":"","meta":[],"product_brand":[],"product_cat":[73369],"product_tag":[62460,62463,13230,13232,13234,13231,13233,13235,62361,13777,13236,13237,13240,13241,13242,13243,13244,13245,60555,13250,13784,13785,50567,50568,50569,50570,13253,62450,62451,13254,13255,13256,13257,13960,13961,13962,13963,13964,13965,13260,13473,13261,51161,51162,13268,13269,13270,13271,13280,13281,13290,13293,13786,13787,13294,13295,13296,13297,47579,47580,47581,47582,48986,48987,48988,48989,48990,48991,48992,48993,48994,48995,48996,13301,62321,57977,57978,62322,57979,57980,57981,57982,57983,57984,47854,62404,62405,47855,13498,62461,62462,47589,47590,50873,62406,62407,13818,13819,13826,47899,47900,13328,13827,13828,13329,13330,13331,13332,47901,48020,48021,48022,48023,47902,13829,13830,13831,13832,13833,13834,13835,13836,13837,13838,13839,13840,13841,13842,53105,53106,13843,13877,13879,13333,13334,13338,13339,13340,13341,13342,13865,13864,13866,13351,13352,13353,13858,13859,13860,13861,13862,13863,13354,13869,13870,13871,13872,14243,14244,14245,14246,14247,14248,14249,49006,53107,53108,53109,53110,53111,13363,13364,13365,13366,13367,13368,13369,13878,13880,62452,62453,62454,62455,62456,62457,62458,62459,13525,62377,49008,49009,49010,49011,49012,49013,47359,58522,58523,58524,58525],"class_list":{"0":"post-70296340","1":"product","2":"type-product","3":"status-publish","4":"has-post-thumbnail","6":"product_cat-sambia","7":"product_tag-nyerere","8":"product_tag-13-04-1922-14-10-1999","9":"product_tag-1970er-jahre","10":"product_tag-20-jahrhundert-nach-chr","11":"product_tag-20-jh-n-chr","12":"product_tag-20-jahrhundert","13":"product_tag-20-jh","14":"product_tag-70er","15":"product_tag-abt_011","16":"product_tag-abzug","17":"product_tag-afrika","18":"product_tag-afrikaner","19":"product_tag-afrikanisch","20":"product_tag-afrikanische","21":"product_tag-afrikanischen","22":"product_tag-afrikanischer","23":"product_tag-afrikanisches","24":"product_tag-afrikas","25":"product_tag-at_sambia","26":"product_tag-aussen","27":"product_tag-bildnis","28":"product_tag-bildnisse","29":"product_tag-brustbild","30":"product_tag-brustbilder","31":"product_tag-brustbildnis","32":"product_tag-bruststueck","33":"product_tag-deutsch","34":"product_tag-deutsch-ostafrika","35":"product_tag-deutsch-ostafrikas","36":"product_tag-deutsche","37":"product_tag-deutschen","38":"product_tag-deutscher","39":"product_tag-deutsches","40":"product_tag-doppelbildnis","41":"product_tag-doppelbildnisse","42":"product_tag-doppelportrait","43":"product_tag-doppelportraits","44":"product_tag-doppelportraet","45":"product_tag-doppelportraets","46":"product_tag-draussen","47":"product_tag-drinnen","48":"product_tag-dunkelhaeutiger","49":"product_tag-eroeffnung","50":"product_tag-eroeffnungsfeier","51":"product_tag-farbige","52":"product_tag-farbigen","53":"product_tag-farbiger","54":"product_tag-farbiges","55":"product_tag-feierlichkeit","56":"product_tag-feierlichkeiten","57":"product_tag-festakt","58":"product_tag-foto","59":"product_tag-fotoabzug","60":"product_tag-fotoabzuege","61":"product_tag-fotografie","62":"product_tag-fotografien","63":"product_tag-fotografin","64":"product_tag-fotografinnen","65":"product_tag-gespraech","66":"product_tag-gespraeche","67":"product_tag-gespraeches","68":"product_tag-gespraechs","69":"product_tag-geste","70":"product_tag-gesten","71":"product_tag-gestik","72":"product_tag-gestikulation","73":"product_tag-gestikulieren","74":"product_tag-gestikulierend","75":"product_tag-gestikulierende","76":"product_tag-gestikulierenden","77":"product_tag-gestikulierender","78":"product_tag-gestikulierendes","79":"product_tag-gestikuliert","80":"product_tag-im-freien","81":"product_tag-inder","82":"product_tag-indien","83":"product_tag-indiens","84":"product_tag-indier","85":"product_tag-indisch","86":"product_tag-indische","87":"product_tag-indischem","88":"product_tag-indischen","89":"product_tag-indischer","90":"product_tag-indisches","91":"product_tag-industrie","92":"product_tag-industrieausstellung","93":"product_tag-industrieausstellungen","94":"product_tag-industrien","95":"product_tag-innen","96":"product_tag-julius","97":"product_tag-julius-kambarage","98":"product_tag-konversation","99":"product_tag-konversationen","100":"product_tag-landwirtschaft","101":"product_tag-landwirtschaftsausstellung","102":"product_tag-landwirtschaftsausstellungen","103":"product_tag-mann","104":"product_tag-maenner","105":"product_tag-mannes","106":"product_tag-persoenlichkeit","107":"product_tag-persoenlichkeiten","108":"product_tag-photo","109":"product_tag-photoabzug","110":"product_tag-photoabzuege","111":"product_tag-photographie","112":"product_tag-photographien","113":"product_tag-photographin","114":"product_tag-photographinnen","115":"product_tag-politiker","116":"product_tag-politikerportrait","117":"product_tag-politikerportraits","118":"product_tag-politikerportraet","119":"product_tag-politikerportraets","120":"product_tag-politikers","121":"product_tag-portrait","122":"product_tag-portraitaufnahme","123":"product_tag-portraitfoto","124":"product_tag-portraitfotografie","125":"product_tag-portraitphoto","126":"product_tag-portraitphotographie","127":"product_tag-portraits","128":"product_tag-portraet","129":"product_tag-portraetaufnahme","130":"product_tag-portraetfoto","131":"product_tag-portraetfotografie","132":"product_tag-portraetphoto","133":"product_tag-portraetphotographie","134":"product_tag-portraets","135":"product_tag-praesident","136":"product_tag-praesidenten","137":"product_tag-print","138":"product_tag-s-w-fotografie","139":"product_tag-s-w-photographie","140":"product_tag-sambia","141":"product_tag-sambias","142":"product_tag-sambisch","143":"product_tag-sambische","144":"product_tag-sambischem","145":"product_tag-sambischen","146":"product_tag-sambischer","147":"product_tag-schwarzweissphotographie","148":"product_tag-schwarz-weiss-fotografie","149":"product_tag-schwarz-weiss-photographie","150":"product_tag-schwarze","151":"product_tag-schwarzen","152":"product_tag-schwarzer","153":"product_tag-schwarzweiss","154":"product_tag-schwarzweisse","155":"product_tag-schwarzweissen","156":"product_tag-schwarzweisser","157":"product_tag-schwarzweisses","158":"product_tag-schwarzweissfotografie","159":"product_tag-siebziger","160":"product_tag-silbergelatine","161":"product_tag-silbergelatineabzug","162":"product_tag-silbergelatineabzuege","163":"product_tag-silbergelatineprint","164":"product_tag-sitzen","165":"product_tag-sitzend","166":"product_tag-sitzende","167":"product_tag-sitzenden","168":"product_tag-sitzender","169":"product_tag-sitzendes","170":"product_tag-sitzt","171":"product_tag-sprechen","172":"product_tag-staatschef","173":"product_tag-staatschefs","174":"product_tag-staatsoberhaupt","175":"product_tag-staatsoberhauptes","176":"product_tag-staatsoberhaupts","177":"product_tag-suedafrika","178":"product_tag-suedafrikanisch","179":"product_tag-suedafrikanische","180":"product_tag-suedafrikanischen","181":"product_tag-suedafrikanischer","182":"product_tag-suedafrikanisches","183":"product_tag-suedafrikas","184":"product_tag-sw-fotografie","185":"product_tag-sw-photographie","186":"product_tag-tansania","187":"product_tag-tansanias","188":"product_tag-tansanier","189":"product_tag-tansanisch","190":"product_tag-tansanische","191":"product_tag-tansanischer","192":"product_tag-vizepraesident","193":"product_tag-vizepraesidenten","194":"product_tag-von-innen","195":"product_tag-zambia","196":"product_tag-zuhoeren","197":"product_tag-zuhoerend","198":"product_tag-zuhoerende","199":"product_tag-zuhoerenden","200":"product_tag-zuhoerender","201":"product_tag-zuhoerendes","202":"product_tag-zwei","203":"product_tag-zwiegespraech","204":"product_tag-zwiegespraeches","205":"product_tag-zwiegespraechs","206":"product_tag-zwiesprache","207":"pa_datierung-oktober-1974","208":"pa_fotograf-abisag-tuellmann","209":"pa_geografischer_bezug-aufnahmeort-sambia","210":"pa_grunddaten_material_technik-foto-silbergelatine-auf-barytpapier","211":"pa_inventarnummer-tue-74-232-07","212":"pa_jahr_von-51802","213":"pa_massangaben-bildformat-foto-236-x-299-cm","214":"pa_mediennummer-62464","215":"pa_objekt_typ-fotografie","217":"first","218":"instock","219":"product-type-simple"},"yoast_head":"<!-- This site is optimized with the Yoast SEO plugin v27.4 - https:\/\/yoast.com\/product\/yoast-seo-wordpress\/ -->\n<title>Der indische Vizepr\u00e4sident B. D. Jatti (links) mit dem tansanischen Pr\u00e4sidenten Julius Nyerere - Abisag T\u00fcllmann<\/title>\n<meta name=\"robots\" content=\"index, follow, max-snippet:-1, max-image-preview:large, max-video-preview:-1\" \/>\n<link rel=\"canonical\" href=\"https:\/\/bpk-archive.de\/tuellmann\/produkt\/der-indische-vizepraesident-b-d-jatti-links-mit-dem-tansanischen-praesidenten-julius-nyerere-2\/\" \/>\n<meta property=\"og:locale\" content=\"de_DE\" \/>\n<meta property=\"og:type\" content=\"article\" \/>\n<meta property=\"og:title\" content=\"Der indische Vizepr\u00e4sident B. D. Jatti (links) mit dem tansanischen Pr\u00e4sidenten Julius Nyerere - Abisag T\u00fcllmann\" \/>\n<meta property=\"og:description\" content=\"Bei der Er\u00f6ffnung der &#8222;Tiyende Pamodzi Show&#8220; (Landwirtschafts- und Industrieausstellung) in Sambia R\u00fcckseitenbeschriftung von Hand der Fotografin: &#8222;Julius Nyerere mit dem indischen Vizepr\u00e4sidenten Jatti&#8220;\" \/>\n<meta property=\"og:url\" content=\"https:\/\/bpk-archive.de\/tuellmann\/produkt\/der-indische-vizepraesident-b-d-jatti-links-mit-dem-tansanischen-praesidenten-julius-nyerere-2\/\" \/>\n<meta property=\"og:site_name\" content=\"Abisag T\u00fcllmann\" \/>\n<meta property=\"article:modified_time\" content=\"2020-08-11T15:01:03+00:00\" \/>\n<meta property=\"og:image\" content=\"https:\/\/bpk-archive.de\/tuellmann\/wp-content\/uploads\/2019\/08\/bpk_70243098.jpg\" \/>\n\t<meta property=\"og:image:width\" content=\"1200\" \/>\n\t<meta property=\"og:image:height\" content=\"956\" \/>\n\t<meta property=\"og:image:type\" content=\"image\/jpeg\" \/>\n<meta name=\"twitter:card\" content=\"summary_large_image\" \/>\n<script type=\"application\/ld+json\" class=\"yoast-schema-graph\">{\"@context\":\"https:\\\/\\\/schema.org\",\"@graph\":[{\"@type\":\"WebPage\",\"@id\":\"https:\\\/\\\/bpk-archive.de\\\/tuellmann\\\/produkt\\\/der-indische-vizepraesident-b-d-jatti-links-mit-dem-tansanischen-praesidenten-julius-nyerere-2\\\/\",\"url\":\"https:\\\/\\\/bpk-archive.de\\\/tuellmann\\\/produkt\\\/der-indische-vizepraesident-b-d-jatti-links-mit-dem-tansanischen-praesidenten-julius-nyerere-2\\\/\",\"name\":\"Der indische Vizepr\u00e4sident B. D. Jatti (links) mit dem tansanischen Pr\u00e4sidenten Julius Nyerere - Abisag T\u00fcllmann\",\"isPartOf\":{\"@id\":\"https:\\\/\\\/bpk-archive.de\\\/tuellmann\\\/#website\"},\"primaryImageOfPage\":{\"@id\":\"https:\\\/\\\/bpk-archive.de\\\/tuellmann\\\/produkt\\\/der-indische-vizepraesident-b-d-jatti-links-mit-dem-tansanischen-praesidenten-julius-nyerere-2\\\/#primaryimage\"},\"image\":{\"@id\":\"https:\\\/\\\/bpk-archive.de\\\/tuellmann\\\/produkt\\\/der-indische-vizepraesident-b-d-jatti-links-mit-dem-tansanischen-praesidenten-julius-nyerere-2\\\/#primaryimage\"},\"thumbnailUrl\":\"https:\\\/\\\/bpk-archive.de\\\/tuellmann\\\/wp-content\\\/uploads\\\/2019\\\/08\\\/bpk_70243098.jpg\",\"datePublished\":\"2019-09-05T13:59:00+00:00\",\"dateModified\":\"2020-08-11T15:01:03+00:00\",\"breadcrumb\":{\"@id\":\"https:\\\/\\\/bpk-archive.de\\\/tuellmann\\\/produkt\\\/der-indische-vizepraesident-b-d-jatti-links-mit-dem-tansanischen-praesidenten-julius-nyerere-2\\\/#breadcrumb\"},\"inLanguage\":\"de\",\"potentialAction\":[{\"@type\":\"ReadAction\",\"target\":[\"https:\\\/\\\/bpk-archive.de\\\/tuellmann\\\/produkt\\\/der-indische-vizepraesident-b-d-jatti-links-mit-dem-tansanischen-praesidenten-julius-nyerere-2\\\/\"]}]},{\"@type\":\"ImageObject\",\"inLanguage\":\"de\",\"@id\":\"https:\\\/\\\/bpk-archive.de\\\/tuellmann\\\/produkt\\\/der-indische-vizepraesident-b-d-jatti-links-mit-dem-tansanischen-praesidenten-julius-nyerere-2\\\/#primaryimage\",\"url\":\"https:\\\/\\\/bpk-archive.de\\\/tuellmann\\\/wp-content\\\/uploads\\\/2019\\\/08\\\/bpk_70243098.jpg\",\"contentUrl\":\"https:\\\/\\\/bpk-archive.de\\\/tuellmann\\\/wp-content\\\/uploads\\\/2019\\\/08\\\/bpk_70243098.jpg\",\"width\":1200,\"height\":956,\"caption\":\"Der indische Vizepr\u00e4sident B. D. Jatti (links) mit dem tansanischen Pr\u00e4sidenten Julius Nyerere\"},{\"@type\":\"BreadcrumbList\",\"@id\":\"https:\\\/\\\/bpk-archive.de\\\/tuellmann\\\/produkt\\\/der-indische-vizepraesident-b-d-jatti-links-mit-dem-tansanischen-praesidenten-julius-nyerere-2\\\/#breadcrumb\",\"itemListElement\":[{\"@type\":\"ListItem\",\"position\":1,\"name\":\"Startseite\",\"item\":\"https:\\\/\\\/bpk-archive.de\\\/tuellmann\\\/\"},{\"@type\":\"ListItem\",\"position\":2,\"name\":\"Shop\",\"item\":\"https:\\\/\\\/bpk-archive.de\\\/tuellmann\\\/shop\\\/\"},{\"@type\":\"ListItem\",\"position\":3,\"name\":\"Der indische Vizepr\u00e4sident B. D. Jatti (links) mit dem tansanischen Pr\u00e4sidenten Julius Nyerere\"}]},{\"@type\":\"WebSite\",\"@id\":\"https:\\\/\\\/bpk-archive.de\\\/tuellmann\\\/#website\",\"url\":\"https:\\\/\\\/bpk-archive.de\\\/tuellmann\\\/\",\"name\":\"Abisag T\u00fcllmann\",\"description\":\"Eine weitere WordPress-Website\",\"potentialAction\":[{\"@type\":\"SearchAction\",\"target\":{\"@type\":\"EntryPoint\",\"urlTemplate\":\"https:\\\/\\\/bpk-archive.de\\\/tuellmann\\\/?s={search_term_string}\"},\"query-input\":{\"@type\":\"PropertyValueSpecification\",\"valueRequired\":true,\"valueName\":\"search_term_string\"}}],\"inLanguage\":\"de\"}]}<\/script>\n<!-- \/ Yoast SEO plugin. -->","yoast_head_json":{"title":"Der indische Vizepr\u00e4sident B. D. Jatti (links) mit dem tansanischen Pr\u00e4sidenten Julius Nyerere - Abisag T\u00fcllmann","robots":{"index":"index","follow":"follow","max-snippet":"max-snippet:-1","max-image-preview":"max-image-preview:large","max-video-preview":"max-video-preview:-1"},"canonical":"https:\/\/bpk-archive.de\/tuellmann\/produkt\/der-indische-vizepraesident-b-d-jatti-links-mit-dem-tansanischen-praesidenten-julius-nyerere-2\/","og_locale":"de_DE","og_type":"article","og_title":"Der indische Vizepr\u00e4sident B. D. Jatti (links) mit dem tansanischen Pr\u00e4sidenten Julius Nyerere - Abisag T\u00fcllmann","og_description":"Bei der Er\u00f6ffnung der &#8222;Tiyende Pamodzi Show&#8220; (Landwirtschafts- und Industrieausstellung) in Sambia R\u00fcckseitenbeschriftung von Hand der Fotografin: &#8222;Julius Nyerere mit dem indischen Vizepr\u00e4sidenten Jatti&#8220;","og_url":"https:\/\/bpk-archive.de\/tuellmann\/produkt\/der-indische-vizepraesident-b-d-jatti-links-mit-dem-tansanischen-praesidenten-julius-nyerere-2\/","og_site_name":"Abisag T\u00fcllmann","article_modified_time":"2020-08-11T15:01:03+00:00","og_image":[{"width":1200,"height":956,"url":"https:\/\/bpk-archive.de\/tuellmann\/wp-content\/uploads\/2019\/08\/bpk_70243098.jpg","type":"image\/jpeg"}],"twitter_card":"summary_large_image","schema":{"@context":"https:\/\/schema.org","@graph":[{"@type":"WebPage","@id":"https:\/\/bpk-archive.de\/tuellmann\/produkt\/der-indische-vizepraesident-b-d-jatti-links-mit-dem-tansanischen-praesidenten-julius-nyerere-2\/","url":"https:\/\/bpk-archive.de\/tuellmann\/produkt\/der-indische-vizepraesident-b-d-jatti-links-mit-dem-tansanischen-praesidenten-julius-nyerere-2\/","name":"Der indische Vizepr\u00e4sident B. D. Jatti (links) mit dem tansanischen Pr\u00e4sidenten Julius Nyerere - Abisag T\u00fcllmann","isPartOf":{"@id":"https:\/\/bpk-archive.de\/tuellmann\/#website"},"primaryImageOfPage":{"@id":"https:\/\/bpk-archive.de\/tuellmann\/produkt\/der-indische-vizepraesident-b-d-jatti-links-mit-dem-tansanischen-praesidenten-julius-nyerere-2\/#primaryimage"},"image":{"@id":"https:\/\/bpk-archive.de\/tuellmann\/produkt\/der-indische-vizepraesident-b-d-jatti-links-mit-dem-tansanischen-praesidenten-julius-nyerere-2\/#primaryimage"},"thumbnailUrl":"https:\/\/bpk-archive.de\/tuellmann\/wp-content\/uploads\/2019\/08\/bpk_70243098.jpg","datePublished":"2019-09-05T13:59:00+00:00","dateModified":"2020-08-11T15:01:03+00:00","breadcrumb":{"@id":"https:\/\/bpk-archive.de\/tuellmann\/produkt\/der-indische-vizepraesident-b-d-jatti-links-mit-dem-tansanischen-praesidenten-julius-nyerere-2\/#breadcrumb"},"inLanguage":"de","potentialAction":[{"@type":"ReadAction","target":["https:\/\/bpk-archive.de\/tuellmann\/produkt\/der-indische-vizepraesident-b-d-jatti-links-mit-dem-tansanischen-praesidenten-julius-nyerere-2\/"]}]},{"@type":"ImageObject","inLanguage":"de","@id":"https:\/\/bpk-archive.de\/tuellmann\/produkt\/der-indische-vizepraesident-b-d-jatti-links-mit-dem-tansanischen-praesidenten-julius-nyerere-2\/#primaryimage","url":"https:\/\/bpk-archive.de\/tuellmann\/wp-content\/uploads\/2019\/08\/bpk_70243098.jpg","contentUrl":"https:\/\/bpk-archive.de\/tuellmann\/wp-content\/uploads\/2019\/08\/bpk_70243098.jpg","width":1200,"height":956,"caption":"Der indische Vizepr\u00e4sident B. D. Jatti (links) mit dem tansanischen Pr\u00e4sidenten Julius Nyerere"},{"@type":"BreadcrumbList","@id":"https:\/\/bpk-archive.de\/tuellmann\/produkt\/der-indische-vizepraesident-b-d-jatti-links-mit-dem-tansanischen-praesidenten-julius-nyerere-2\/#breadcrumb","itemListElement":[{"@type":"ListItem","position":1,"name":"Startseite","item":"https:\/\/bpk-archive.de\/tuellmann\/"},{"@type":"ListItem","position":2,"name":"Shop","item":"https:\/\/bpk-archive.de\/tuellmann\/shop\/"},{"@type":"ListItem","position":3,"name":"Der indische Vizepr\u00e4sident B. D. Jatti (links) mit dem tansanischen Pr\u00e4sidenten Julius Nyerere"}]},{"@type":"WebSite","@id":"https:\/\/bpk-archive.de\/tuellmann\/#website","url":"https:\/\/bpk-archive.de\/tuellmann\/","name":"Abisag T\u00fcllmann","description":"Eine weitere WordPress-Website","potentialAction":[{"@type":"SearchAction","target":{"@type":"EntryPoint","urlTemplate":"https:\/\/bpk-archive.de\/tuellmann\/?s={search_term_string}"},"query-input":{"@type":"PropertyValueSpecification","valueRequired":true,"valueName":"search_term_string"}}],"inLanguage":"de"}]}},"_links":{"self":[{"href":"https:\/\/bpk-archive.de\/tuellmann\/wp-json\/wp\/v2\/product\/70296340","targetHints":{"allow":["GET"]}}],"collection":[{"href":"https:\/\/bpk-archive.de\/tuellmann\/wp-json\/wp\/v2\/product"}],"about":[{"href":"https:\/\/bpk-archive.de\/tuellmann\/wp-json\/wp\/v2\/types\/product"}],"wp:featuredmedia":[{"embeddable":true,"href":"https:\/\/bpk-archive.de\/tuellmann\/wp-json\/wp\/v2\/media\/70292455"}],"wp:attachment":[{"href":"https:\/\/bpk-archive.de\/tuellmann\/wp-json\/wp\/v2\/media?parent=70296340"}],"wp:term":[{"taxonomy":"product_brand","embeddable":true,"href":"https:\/\/bpk-archive.de\/tuellmann\/wp-json\/wp\/v2\/product_brand?post=70296340"},{"taxonomy":"product_cat","embeddable":true,"href":"https:\/\/bpk-archive.de\/tuellmann\/wp-json\/wp\/v2\/product_cat?post=70296340"},{"taxonomy":"product_tag","embeddable":true,"href":"https:\/\/bpk-archive.de\/tuellmann\/wp-json\/wp\/v2\/product_tag?post=70296340"}],"curies":[{"name":"wp","href":"https:\/\/api.w.org\/{rel}","templated":true}]}}