{"id":70296331,"date":"2019-09-05T15:58:43","date_gmt":"2019-09-05T13:58:43","guid":{"rendered":"http:\/\/abisagtuellmann.bpk-news.de\/atbild\/chapula-irrigation-project-bauer-beim-verspruehen-von-pflanzenschutzmittel-auf-einem-feld\/"},"modified":"2019-09-05T15:58:54","modified_gmt":"2019-09-05T13:58:54","slug":"chapula-irrigation-project-bauer-beim-verspruehen-von-pflanzenschutzmittel-auf-einem-feld","status":"publish","type":"product","link":"https:\/\/bpk-archive.de\/tuellmann\/produkt\/chapula-irrigation-project-bauer-beim-verspruehen-von-pflanzenschutzmittel-auf-einem-feld\/","title":{"rendered":"&#8222;Chapula Irrigation Project&#8220;: Bauer beim Verspr\u00fchen von Pflanzenschutzmittel auf einem Feld"},"content":{"rendered":"<p>R\u00fcckseitenbeschriftung von Hand der Fotografin: &#8222;Zambia: Chapula Irrigation Project (liegt am Rande des Copper Beld, 140 Bauern z\u00fcchten Gem\u00fcse, das in den St\u00e4dten des Copper Belt verkauft wird), von der FAO und Zambia getragen&#8220;<\/p>\n","protected":false},"excerpt":{"rendered":"<p>R\u00fcckseitenbeschriftung von Hand der Fotografin: &#8222;Zambia: Chapula Irrigation Project (liegt am Rande des Copper Beld, 140 Bauern z\u00fcchten Gem\u00fcse, das in den St\u00e4dten des Copper Belt verkauft wird), von der FAO und Zambia getragen&#8220;<\/p>\n","protected":false},"featured_media":70292560,"template":"","meta":[],"product_brand":[],"product_cat":[],"product_tag":[13230,13232,13234,13231,13233,13235,62361,13777,50963,13236,13237,13240,13241,13242,13243,13244,13245,51434,51435,47456,47457,47458,47459,47460,47461,47462,60555,13250,47796,47797,13784,13785,53969,62362,62363,62364,62365,13253,13254,13255,13256,13257,13260,13261,13268,13269,13270,13271,50858,50862,50863,50864,50865,13293,13786,13787,13294,13295,13296,13297,50867,62366,62367,62368,13301,59286,62369,62370,62371,50869,50870,50871,50872,47816,47817,50873,50874,50875,50876,50877,50878,50879,13818,13819,13820,13821,13822,13823,13824,13825,13826,62372,13328,13827,13828,13329,13330,13331,13332,13829,13830,13831,13832,13833,13834,13835,13836,13837,13838,13839,13840,13841,13842,13843,62373,13877,13879,13333,13334,13335,13338,13339,13340,13341,13342,13865,13864,13866,13351,13352,13353,13858,13859,13860,13861,13862,13863,13868,13354,13869,13870,13871,13872,62374,62375,62376,13519,13520,13521,13522,13523,13524,13363,13364,13365,13366,13367,13368,13369,13878,13880,62377,13882],"class_list":{"0":"post-70296331","1":"product","2":"type-product","3":"status-publish","4":"has-post-thumbnail","6":"product_tag-1970er-jahre","7":"product_tag-20-jahrhundert-nach-chr","8":"product_tag-20-jh-n-chr","9":"product_tag-20-jahrhundert","10":"product_tag-20-jh","11":"product_tag-70er","12":"product_tag-abt_011","13":"product_tag-abzug","14":"product_tag-ackerbau","15":"product_tag-afrika","16":"product_tag-afrikaner","17":"product_tag-afrikanisch","18":"product_tag-afrikanische","19":"product_tag-afrikanischen","20":"product_tag-afrikanischer","21":"product_tag-afrikanisches","22":"product_tag-afrikas","23":"product_tag-anbau","24":"product_tag-anbauten","25":"product_tag-arbeit","26":"product_tag-arbeiten","27":"product_tag-arbeitend","28":"product_tag-arbeitende","29":"product_tag-arbeitenden","30":"product_tag-arbeitender","31":"product_tag-arbeitendes","32":"product_tag-at_sambia","33":"product_tag-aussen","34":"product_tag-bauer","35":"product_tag-bauern","36":"product_tag-bildnis","37":"product_tag-bildnisse","38":"product_tag-chemie","39":"product_tag-chemisch","40":"product_tag-chemische","41":"product_tag-chemischer","42":"product_tag-chemisches","43":"product_tag-deutsch","44":"product_tag-deutsche","45":"product_tag-deutschen","46":"product_tag-deutscher","47":"product_tag-deutsches","48":"product_tag-draussen","49":"product_tag-dunkelhaeutiger","50":"product_tag-farbige","51":"product_tag-farbigen","52":"product_tag-farbiger","53":"product_tag-farbiges","54":"product_tag-feld","55":"product_tag-felde","56":"product_tag-felder","57":"product_tag-feldern","58":"product_tag-feldes","59":"product_tag-foto","60":"product_tag-fotoabzug","61":"product_tag-fotoabzuege","62":"product_tag-fotografie","63":"product_tag-fotografien","64":"product_tag-fotografin","65":"product_tag-fotografinnen","66":"product_tag-gemueseanbau","67":"product_tag-giftspritze","68":"product_tag-handpumpe","69":"product_tag-handpumpen","70":"product_tag-im-freien","71":"product_tag-kohl","72":"product_tag-kohlfeld","73":"product_tag-kohlkopf","74":"product_tag-kohlkoepfe","75":"product_tag-landarbeit","76":"product_tag-landarbeiter","77":"product_tag-landarbeitern","78":"product_tag-landarbeiters","79":"product_tag-landwirt","80":"product_tag-landwirte","81":"product_tag-landwirtschaft","82":"product_tag-landwirtschaftlich","83":"product_tag-landwirtschaftliche","84":"product_tag-landwirtschaftlichem","85":"product_tag-landwirtschaftlichen","86":"product_tag-landwirtschaftlicher","87":"product_tag-landwirtschaftliches","88":"product_tag-mann","89":"product_tag-maenner","90":"product_tag-maennerbildnis","91":"product_tag-maennerbildnisse","92":"product_tag-maennerportrait","93":"product_tag-maennerportraits","94":"product_tag-maennerportraet","95":"product_tag-maennerportraets","96":"product_tag-mannes","97":"product_tag-pflanzenschutzmittel","98":"product_tag-photo","99":"product_tag-photoabzug","100":"product_tag-photoabzuege","101":"product_tag-photographie","102":"product_tag-photographien","103":"product_tag-photographin","104":"product_tag-photographinnen","105":"product_tag-portrait","106":"product_tag-portraitaufnahme","107":"product_tag-portraitfoto","108":"product_tag-portraitfotografie","109":"product_tag-portraitphoto","110":"product_tag-portraitphotographie","111":"product_tag-portraits","112":"product_tag-portraet","113":"product_tag-portraetaufnahme","114":"product_tag-portraetfoto","115":"product_tag-portraetfotografie","116":"product_tag-portraetphoto","117":"product_tag-portraetphotographie","118":"product_tag-portraets","119":"product_tag-print","120":"product_tag-pumpflasche","121":"product_tag-s-w-fotografie","122":"product_tag-s-w-photographie","123":"product_tag-sambia","124":"product_tag-sambias","125":"product_tag-sambier","126":"product_tag-sambisch","127":"product_tag-sambische","128":"product_tag-sambischem","129":"product_tag-sambischen","130":"product_tag-sambischer","131":"product_tag-schwarzweissphotographie","132":"product_tag-schwarz-weiss-fotografie","133":"product_tag-schwarz-weiss-photographie","134":"product_tag-schwarze","135":"product_tag-schwarzen","136":"product_tag-schwarzer","137":"product_tag-schwarzweiss","138":"product_tag-schwarzweisse","139":"product_tag-schwarzweissen","140":"product_tag-schwarzweisser","141":"product_tag-schwarzweisses","142":"product_tag-schwarzweissfotografie","143":"product_tag-seitlich","144":"product_tag-siebziger","145":"product_tag-silbergelatine","146":"product_tag-silbergelatineabzug","147":"product_tag-silbergelatineabzuege","148":"product_tag-silbergelatineprint","149":"product_tag-spruehen","150":"product_tag-spruehgeraet","151":"product_tag-spruehgeraete","152":"product_tag-stehen","153":"product_tag-stehend","154":"product_tag-stehende","155":"product_tag-stehenden","156":"product_tag-stehender","157":"product_tag-stehendes","158":"product_tag-suedafrika","159":"product_tag-suedafrikanisch","160":"product_tag-suedafrikanische","161":"product_tag-suedafrikanischen","162":"product_tag-suedafrikanischer","163":"product_tag-suedafrikanisches","164":"product_tag-suedafrikas","165":"product_tag-sw-fotografie","166":"product_tag-sw-photographie","167":"product_tag-zambia","168":"product_tag-zur-seite","169":"pa_datierung-oktober-1974","170":"pa_fotograf-abisag-tuellmann","171":"pa_geografischer_bezug-aufnahmeort-kitwe-sambia","172":"pa_grunddaten_material_technik-foto-silbergelatine-auf-barytpapier","173":"pa_inventarnummer-tue-74-224-15","174":"pa_jahr_von-51802","175":"pa_massangaben-bildformat-foto-232-x-303-cm","176":"pa_mediennummer-62357","177":"pa_objekt_typ-fotografie","179":"first","180":"instock","181":"product-type-simple"},"yoast_head":"<!-- This site is optimized with the Yoast SEO plugin v27.3 - https:\/\/yoast.com\/product\/yoast-seo-wordpress\/ -->\n<title>&quot;Chapula Irrigation Project&quot;: Bauer beim Verspr\u00fchen von Pflanzenschutzmittel auf einem Feld - Abisag T\u00fcllmann<\/title>\n<meta name=\"robots\" content=\"index, follow, max-snippet:-1, max-image-preview:large, max-video-preview:-1\" \/>\n<link rel=\"canonical\" href=\"https:\/\/bpk-archive.de\/tuellmann\/produkt\/chapula-irrigation-project-bauer-beim-verspruehen-von-pflanzenschutzmittel-auf-einem-feld\/\" \/>\n<meta property=\"og:locale\" content=\"de_DE\" \/>\n<meta property=\"og:type\" content=\"article\" \/>\n<meta property=\"og:title\" content=\"&quot;Chapula Irrigation Project&quot;: Bauer beim Verspr\u00fchen von Pflanzenschutzmittel auf einem Feld - Abisag T\u00fcllmann\" \/>\n<meta property=\"og:description\" content=\"R\u00fcckseitenbeschriftung von Hand der Fotografin: &#8222;Zambia: Chapula Irrigation Project (liegt am Rande des Copper Beld, 140 Bauern z\u00fcchten Gem\u00fcse, das in den St\u00e4dten des Copper Belt verkauft wird), von der FAO und Zambia getragen&#8220;\" \/>\n<meta property=\"og:url\" content=\"https:\/\/bpk-archive.de\/tuellmann\/produkt\/chapula-irrigation-project-bauer-beim-verspruehen-von-pflanzenschutzmittel-auf-einem-feld\/\" \/>\n<meta property=\"og:site_name\" content=\"Abisag T\u00fcllmann\" \/>\n<meta property=\"article:modified_time\" content=\"2019-09-05T13:58:54+00:00\" \/>\n<meta property=\"og:image\" content=\"https:\/\/bpk-archive.de\/tuellmann\/wp-content\/uploads\/2019\/08\/bpk_70243183.jpg\" \/>\n\t<meta property=\"og:image:width\" content=\"1200\" \/>\n\t<meta property=\"og:image:height\" content=\"929\" \/>\n\t<meta property=\"og:image:type\" content=\"image\/jpeg\" \/>\n<meta name=\"twitter:card\" content=\"summary_large_image\" \/>\n<script type=\"application\/ld+json\" class=\"yoast-schema-graph\">{\"@context\":\"https:\\\/\\\/schema.org\",\"@graph\":[{\"@type\":\"WebPage\",\"@id\":\"https:\\\/\\\/bpk-archive.de\\\/tuellmann\\\/produkt\\\/chapula-irrigation-project-bauer-beim-verspruehen-von-pflanzenschutzmittel-auf-einem-feld\\\/\",\"url\":\"https:\\\/\\\/bpk-archive.de\\\/tuellmann\\\/produkt\\\/chapula-irrigation-project-bauer-beim-verspruehen-von-pflanzenschutzmittel-auf-einem-feld\\\/\",\"name\":\"\\\"Chapula Irrigation Project\\\": Bauer beim Verspr\u00fchen von Pflanzenschutzmittel auf einem Feld - Abisag T\u00fcllmann\",\"isPartOf\":{\"@id\":\"https:\\\/\\\/bpk-archive.de\\\/tuellmann\\\/#website\"},\"primaryImageOfPage\":{\"@id\":\"https:\\\/\\\/bpk-archive.de\\\/tuellmann\\\/produkt\\\/chapula-irrigation-project-bauer-beim-verspruehen-von-pflanzenschutzmittel-auf-einem-feld\\\/#primaryimage\"},\"image\":{\"@id\":\"https:\\\/\\\/bpk-archive.de\\\/tuellmann\\\/produkt\\\/chapula-irrigation-project-bauer-beim-verspruehen-von-pflanzenschutzmittel-auf-einem-feld\\\/#primaryimage\"},\"thumbnailUrl\":\"https:\\\/\\\/bpk-archive.de\\\/tuellmann\\\/wp-content\\\/uploads\\\/2019\\\/08\\\/bpk_70243183.jpg\",\"datePublished\":\"2019-09-05T13:58:43+00:00\",\"dateModified\":\"2019-09-05T13:58:54+00:00\",\"breadcrumb\":{\"@id\":\"https:\\\/\\\/bpk-archive.de\\\/tuellmann\\\/produkt\\\/chapula-irrigation-project-bauer-beim-verspruehen-von-pflanzenschutzmittel-auf-einem-feld\\\/#breadcrumb\"},\"inLanguage\":\"de\",\"potentialAction\":[{\"@type\":\"ReadAction\",\"target\":[\"https:\\\/\\\/bpk-archive.de\\\/tuellmann\\\/produkt\\\/chapula-irrigation-project-bauer-beim-verspruehen-von-pflanzenschutzmittel-auf-einem-feld\\\/\"]}]},{\"@type\":\"ImageObject\",\"inLanguage\":\"de\",\"@id\":\"https:\\\/\\\/bpk-archive.de\\\/tuellmann\\\/produkt\\\/chapula-irrigation-project-bauer-beim-verspruehen-von-pflanzenschutzmittel-auf-einem-feld\\\/#primaryimage\",\"url\":\"https:\\\/\\\/bpk-archive.de\\\/tuellmann\\\/wp-content\\\/uploads\\\/2019\\\/08\\\/bpk_70243183.jpg\",\"contentUrl\":\"https:\\\/\\\/bpk-archive.de\\\/tuellmann\\\/wp-content\\\/uploads\\\/2019\\\/08\\\/bpk_70243183.jpg\",\"width\":1200,\"height\":929,\"caption\":\"\\\"Chapula Irrigation Project\\\": Bauer beim Verspr\u00fchen von Pflanzenschutzmittel auf einem Feld\"},{\"@type\":\"BreadcrumbList\",\"@id\":\"https:\\\/\\\/bpk-archive.de\\\/tuellmann\\\/produkt\\\/chapula-irrigation-project-bauer-beim-verspruehen-von-pflanzenschutzmittel-auf-einem-feld\\\/#breadcrumb\",\"itemListElement\":[{\"@type\":\"ListItem\",\"position\":1,\"name\":\"Startseite\",\"item\":\"https:\\\/\\\/bpk-archive.de\\\/tuellmann\\\/\"},{\"@type\":\"ListItem\",\"position\":2,\"name\":\"Shop\",\"item\":\"https:\\\/\\\/bpk-archive.de\\\/tuellmann\\\/shop\\\/\"},{\"@type\":\"ListItem\",\"position\":3,\"name\":\"&#8220;Chapula Irrigation Project&#8221;: Bauer beim Verspr\u00fchen von Pflanzenschutzmittel auf einem Feld\"}]},{\"@type\":\"WebSite\",\"@id\":\"https:\\\/\\\/bpk-archive.de\\\/tuellmann\\\/#website\",\"url\":\"https:\\\/\\\/bpk-archive.de\\\/tuellmann\\\/\",\"name\":\"Abisag T\u00fcllmann\",\"description\":\"Eine weitere WordPress-Website\",\"potentialAction\":[{\"@type\":\"SearchAction\",\"target\":{\"@type\":\"EntryPoint\",\"urlTemplate\":\"https:\\\/\\\/bpk-archive.de\\\/tuellmann\\\/?s={search_term_string}\"},\"query-input\":{\"@type\":\"PropertyValueSpecification\",\"valueRequired\":true,\"valueName\":\"search_term_string\"}}],\"inLanguage\":\"de\"}]}<\/script>\n<!-- \/ Yoast SEO plugin. -->","yoast_head_json":{"title":"\"Chapula Irrigation Project\": Bauer beim Verspr\u00fchen von Pflanzenschutzmittel auf einem Feld - Abisag T\u00fcllmann","robots":{"index":"index","follow":"follow","max-snippet":"max-snippet:-1","max-image-preview":"max-image-preview:large","max-video-preview":"max-video-preview:-1"},"canonical":"https:\/\/bpk-archive.de\/tuellmann\/produkt\/chapula-irrigation-project-bauer-beim-verspruehen-von-pflanzenschutzmittel-auf-einem-feld\/","og_locale":"de_DE","og_type":"article","og_title":"\"Chapula Irrigation Project\": Bauer beim Verspr\u00fchen von Pflanzenschutzmittel auf einem Feld - Abisag T\u00fcllmann","og_description":"R\u00fcckseitenbeschriftung von Hand der Fotografin: &#8222;Zambia: Chapula Irrigation Project (liegt am Rande des Copper Beld, 140 Bauern z\u00fcchten Gem\u00fcse, das in den St\u00e4dten des Copper Belt verkauft wird), von der FAO und Zambia getragen&#8220;","og_url":"https:\/\/bpk-archive.de\/tuellmann\/produkt\/chapula-irrigation-project-bauer-beim-verspruehen-von-pflanzenschutzmittel-auf-einem-feld\/","og_site_name":"Abisag T\u00fcllmann","article_modified_time":"2019-09-05T13:58:54+00:00","og_image":[{"width":1200,"height":929,"url":"https:\/\/bpk-archive.de\/tuellmann\/wp-content\/uploads\/2019\/08\/bpk_70243183.jpg","type":"image\/jpeg"}],"twitter_card":"summary_large_image","schema":{"@context":"https:\/\/schema.org","@graph":[{"@type":"WebPage","@id":"https:\/\/bpk-archive.de\/tuellmann\/produkt\/chapula-irrigation-project-bauer-beim-verspruehen-von-pflanzenschutzmittel-auf-einem-feld\/","url":"https:\/\/bpk-archive.de\/tuellmann\/produkt\/chapula-irrigation-project-bauer-beim-verspruehen-von-pflanzenschutzmittel-auf-einem-feld\/","name":"\"Chapula Irrigation Project\": Bauer beim Verspr\u00fchen von Pflanzenschutzmittel auf einem Feld - Abisag T\u00fcllmann","isPartOf":{"@id":"https:\/\/bpk-archive.de\/tuellmann\/#website"},"primaryImageOfPage":{"@id":"https:\/\/bpk-archive.de\/tuellmann\/produkt\/chapula-irrigation-project-bauer-beim-verspruehen-von-pflanzenschutzmittel-auf-einem-feld\/#primaryimage"},"image":{"@id":"https:\/\/bpk-archive.de\/tuellmann\/produkt\/chapula-irrigation-project-bauer-beim-verspruehen-von-pflanzenschutzmittel-auf-einem-feld\/#primaryimage"},"thumbnailUrl":"https:\/\/bpk-archive.de\/tuellmann\/wp-content\/uploads\/2019\/08\/bpk_70243183.jpg","datePublished":"2019-09-05T13:58:43+00:00","dateModified":"2019-09-05T13:58:54+00:00","breadcrumb":{"@id":"https:\/\/bpk-archive.de\/tuellmann\/produkt\/chapula-irrigation-project-bauer-beim-verspruehen-von-pflanzenschutzmittel-auf-einem-feld\/#breadcrumb"},"inLanguage":"de","potentialAction":[{"@type":"ReadAction","target":["https:\/\/bpk-archive.de\/tuellmann\/produkt\/chapula-irrigation-project-bauer-beim-verspruehen-von-pflanzenschutzmittel-auf-einem-feld\/"]}]},{"@type":"ImageObject","inLanguage":"de","@id":"https:\/\/bpk-archive.de\/tuellmann\/produkt\/chapula-irrigation-project-bauer-beim-verspruehen-von-pflanzenschutzmittel-auf-einem-feld\/#primaryimage","url":"https:\/\/bpk-archive.de\/tuellmann\/wp-content\/uploads\/2019\/08\/bpk_70243183.jpg","contentUrl":"https:\/\/bpk-archive.de\/tuellmann\/wp-content\/uploads\/2019\/08\/bpk_70243183.jpg","width":1200,"height":929,"caption":"\"Chapula Irrigation Project\": Bauer beim Verspr\u00fchen von Pflanzenschutzmittel auf einem Feld"},{"@type":"BreadcrumbList","@id":"https:\/\/bpk-archive.de\/tuellmann\/produkt\/chapula-irrigation-project-bauer-beim-verspruehen-von-pflanzenschutzmittel-auf-einem-feld\/#breadcrumb","itemListElement":[{"@type":"ListItem","position":1,"name":"Startseite","item":"https:\/\/bpk-archive.de\/tuellmann\/"},{"@type":"ListItem","position":2,"name":"Shop","item":"https:\/\/bpk-archive.de\/tuellmann\/shop\/"},{"@type":"ListItem","position":3,"name":"&#8220;Chapula Irrigation Project&#8221;: Bauer beim Verspr\u00fchen von Pflanzenschutzmittel auf einem Feld"}]},{"@type":"WebSite","@id":"https:\/\/bpk-archive.de\/tuellmann\/#website","url":"https:\/\/bpk-archive.de\/tuellmann\/","name":"Abisag T\u00fcllmann","description":"Eine weitere WordPress-Website","potentialAction":[{"@type":"SearchAction","target":{"@type":"EntryPoint","urlTemplate":"https:\/\/bpk-archive.de\/tuellmann\/?s={search_term_string}"},"query-input":{"@type":"PropertyValueSpecification","valueRequired":true,"valueName":"search_term_string"}}],"inLanguage":"de"}]}},"_links":{"self":[{"href":"https:\/\/bpk-archive.de\/tuellmann\/wp-json\/wp\/v2\/product\/70296331","targetHints":{"allow":["GET"]}}],"collection":[{"href":"https:\/\/bpk-archive.de\/tuellmann\/wp-json\/wp\/v2\/product"}],"about":[{"href":"https:\/\/bpk-archive.de\/tuellmann\/wp-json\/wp\/v2\/types\/product"}],"wp:featuredmedia":[{"embeddable":true,"href":"https:\/\/bpk-archive.de\/tuellmann\/wp-json\/wp\/v2\/media\/70292560"}],"wp:attachment":[{"href":"https:\/\/bpk-archive.de\/tuellmann\/wp-json\/wp\/v2\/media?parent=70296331"}],"wp:term":[{"taxonomy":"product_brand","embeddable":true,"href":"https:\/\/bpk-archive.de\/tuellmann\/wp-json\/wp\/v2\/product_brand?post=70296331"},{"taxonomy":"product_cat","embeddable":true,"href":"https:\/\/bpk-archive.de\/tuellmann\/wp-json\/wp\/v2\/product_cat?post=70296331"},{"taxonomy":"product_tag","embeddable":true,"href":"https:\/\/bpk-archive.de\/tuellmann\/wp-json\/wp\/v2\/product_tag?post=70296331"}],"curies":[{"name":"wp","href":"https:\/\/api.w.org\/{rel}","templated":true}]}}