{"id":70296329,"date":"2019-09-05T15:58:43","date_gmt":"2019-09-05T13:58:43","guid":{"rendered":"http:\/\/abisagtuellmann.bpk-news.de\/atbild\/ernst-reuter-schule-deutschunterricht-in-der-6-klasse\/"},"modified":"2019-09-05T15:58:52","modified_gmt":"2019-09-05T13:58:52","slug":"ernst-reuter-schule-deutschunterricht-in-der-6-klasse","status":"publish","type":"product","link":"https:\/\/bpk-archive.de\/tuellmann\/produkt\/ernst-reuter-schule-deutschunterricht-in-der-6-klasse\/","title":{"rendered":"Ernst-Reuter-Schule &#8211; Deutschunterricht in der 6. Klasse"},"content":{"rendered":"<p>R\u00fcckseite siehe: 70243173 R\u00fcckseitenbeschriftung von Hand der Fotografin: &#8222;Deutsch-Unterricht, F\u00f6rderstufe, 6. Klasse, Ernst-Reuter-Schule &#8211; Die Kinder d\u00fcrfen (und sollen) sich mit ihren Nachbarn \u00fcber ein Thema unterhalten&#8220;<\/p>\n","protected":false},"excerpt":{"rendered":"<p>R\u00fcckseite siehe: 70243173 R\u00fcckseitenbeschriftung von Hand der Fotografin: &#8222;Deutsch-Unterricht, F\u00f6rderstufe, 6. Klasse, Ernst-Reuter-Schule &#8211; Die Kinder d\u00fcrfen (und sollen) sich mit ihren Nachbarn \u00fcber ein Thema unterhalten&#8220;<\/p>\n","protected":false},"featured_media":70292526,"template":"","meta":[],"product_brand":[],"product_cat":[],"product_tag":[13774,13232,13234,13231,13233,13775,62149,13777,62150,13784,13785,50141,47880,13469,13470,13253,13254,13255,13256,13257,13471,13472,62326,13473,52424,52426,62250,62327,62328,62329,62330,13293,13786,13787,13294,13295,13296,13297,47267,13485,13486,13482,13481,13483,13484,62331,52335,62151,62152,14327,47579,47580,47581,47582,62332,13492,13493,13494,13495,13496,13497,13498,14205,14206,14207,14211,14212,14213,14218,14219,52297,52298,47589,47590,62239,62240,50119,62153,62333,62334,62335,62336,54028,13328,13827,13828,13329,13330,13331,13332,13829,13830,13831,13832,13833,13834,13835,13836,13837,13838,13839,13840,13841,13842,13843,51055,51056,62154,62155,62241,62337,14342,56213,56214,56215,56216,56217,13877,13879,62338,62339,62340,62156,50163,50164,54158,13346,13347,53860,53861,55073,55074,13865,13864,13866,13858,13859,13860,13861,13862,13863,13867,13869,13870,13871,13872,13878,13880,62341,51212,52832,52834,52835,62342,62343,13525,51057,51058,51059,51060],"class_list":{"0":"post-70296329","1":"product","2":"type-product","3":"status-publish","4":"has-post-thumbnail","6":"product_tag-1960er-jahre","7":"product_tag-20-jahrhundert-nach-chr","8":"product_tag-20-jh-n-chr","9":"product_tag-20-jahrhundert","10":"product_tag-20-jh","11":"product_tag-60er","12":"product_tag-abt_005","13":"product_tag-abzug","14":"product_tag-at_paedagogik","15":"product_tag-bildnis","16":"product_tag-bildnisse","17":"product_tag-bildung","18":"product_tag-blickwechsel","19":"product_tag-brd","20":"product_tag-bundesrepublik-deutschland","21":"product_tag-deutsch","22":"product_tag-deutsche","23":"product_tag-deutschen","24":"product_tag-deutscher","25":"product_tag-deutsches","26":"product_tag-deutschland","27":"product_tag-deutschlands","28":"product_tag-deutschunterricht","29":"product_tag-drinnen","30":"product_tag-erziehen","31":"product_tag-erziehung","32":"product_tag-erziehungswesen","33":"product_tag-faerbung","34":"product_tag-foerderklasse","35":"product_tag-foerderschule","36":"product_tag-foerderstufe","37":"product_tag-foto","38":"product_tag-fotoabzug","39":"product_tag-fotoabzuege","40":"product_tag-fotografie","41":"product_tag-fotografien","42":"product_tag-fotografin","43":"product_tag-fotografinnen","44":"product_tag-fotoreportage","45":"product_tag-frankfurt-m","46":"product_tag-frankfurt-main","47":"product_tag-frankfurt-a-main","48":"product_tag-frankfurt-a-m","49":"product_tag-frankfurt-am-main","50":"product_tag-frankfurter","51":"product_tag-gefaerbt","52":"product_tag-gegenueber","53":"product_tag-gesamtschule","54":"product_tag-gesamtschulen","55":"product_tag-gesellschaft","56":"product_tag-gespraech","57":"product_tag-gespraeche","58":"product_tag-gespraeches","59":"product_tag-gespraechs","60":"product_tag-getoent","61":"product_tag-hessen","62":"product_tag-hessisch","63":"product_tag-hessische","64":"product_tag-hessischen","65":"product_tag-hessischer","66":"product_tag-hessisches","67":"product_tag-innen","68":"product_tag-kind","69":"product_tag-kinde","70":"product_tag-kinder","71":"product_tag-kindergruppe","72":"product_tag-kindergruppen","73":"product_tag-kindern","74":"product_tag-kindes","75":"product_tag-kindheit","76":"product_tag-klassenraum","77":"product_tag-klassenzimmer","78":"product_tag-konversation","79":"product_tag-konversationen","80":"product_tag-lehrmethode","81":"product_tag-lehrmethoden","82":"product_tag-lernen","83":"product_tag-modellschule","84":"product_tag-paarweise","85":"product_tag-paarweisen","86":"product_tag-paarweiser","87":"product_tag-paarweises","88":"product_tag-paedagogik","89":"product_tag-photo","90":"product_tag-photoabzug","91":"product_tag-photoabzuege","92":"product_tag-photographie","93":"product_tag-photographien","94":"product_tag-photographin","95":"product_tag-photographinnen","96":"product_tag-portrait","97":"product_tag-portraitaufnahme","98":"product_tag-portraitfoto","99":"product_tag-portraitfotografie","100":"product_tag-portraitphoto","101":"product_tag-portraitphotographie","102":"product_tag-portraits","103":"product_tag-portraet","104":"product_tag-portraetaufnahme","105":"product_tag-portraetfoto","106":"product_tag-portraetfotografie","107":"product_tag-portraetphoto","108":"product_tag-portraetphotographie","109":"product_tag-portraets","110":"product_tag-print","111":"product_tag-r","112":"product_tag-recto","113":"product_tag-reform","114":"product_tag-reformen","115":"product_tag-reformpaedagogik","116":"product_tag-retusche","117":"product_tag-rot","118":"product_tag-rote","119":"product_tag-rotem","120":"product_tag-roten","121":"product_tag-roter","122":"product_tag-rotes","123":"product_tag-s-w-fotografie","124":"product_tag-s-w-photographie","125":"product_tag-schulbank","126":"product_tag-schulbaenke","127":"product_tag-schulbaenken","128":"product_tag-schulbildung","129":"product_tag-schule","130":"product_tag-schulen","131":"product_tag-schueler","132":"product_tag-schuelerin","133":"product_tag-schuelerinnen","134":"product_tag-schulkind","135":"product_tag-schulkinder","136":"product_tag-schulklasse","137":"product_tag-schulklassen","138":"product_tag-schwarzweissphotographie","139":"product_tag-schwarz-weiss-fotografie","140":"product_tag-schwarz-weiss-photographie","141":"product_tag-schwarzweiss","142":"product_tag-schwarzweisse","143":"product_tag-schwarzweissen","144":"product_tag-schwarzweisser","145":"product_tag-schwarzweisses","146":"product_tag-schwarzweissfotografie","147":"product_tag-sechziger","148":"product_tag-silbergelatine","149":"product_tag-silbergelatineabzug","150":"product_tag-silbergelatineabzuege","151":"product_tag-silbergelatineprint","152":"product_tag-sw-fotografie","153":"product_tag-sw-photographie","154":"product_tag-toenung","155":"product_tag-unterhaltung","156":"product_tag-unterricht","157":"product_tag-unterrichtes","158":"product_tag-unterrichts","159":"product_tag-viragiert","160":"product_tag-viragierung","161":"product_tag-von-innen","162":"product_tag-von-vorn","163":"product_tag-von-vorne","164":"product_tag-vorderansicht","165":"product_tag-vorderseite","166":"pa_datierung-maerz-1969","167":"pa_fotograf-abisag-tuellmann","168":"pa_geografischer_bezug-aufnahmeort-frankfurt-am-main-deutschland","169":"pa_grunddaten_material_technik-foto-silbergelatine-auf-barytpapier","170":"pa_inventarnummer-tue-69-094-34","171":"pa_jahr_von-14258","172":"pa_massangaben-bildformat-foto-232-x-299-cm","173":"pa_mediennummer-62325","174":"pa_objekt_typ-fotografie","176":"first","177":"instock","178":"product-type-simple"},"yoast_head":"<!-- This site is optimized with the Yoast SEO plugin v27.4 - https:\/\/yoast.com\/product\/yoast-seo-wordpress\/ -->\n<title>Ernst-Reuter-Schule - Deutschunterricht in der 6. Klasse - Abisag T\u00fcllmann<\/title>\n<meta name=\"robots\" content=\"index, follow, max-snippet:-1, max-image-preview:large, max-video-preview:-1\" \/>\n<link rel=\"canonical\" href=\"https:\/\/bpk-archive.de\/tuellmann\/produkt\/ernst-reuter-schule-deutschunterricht-in-der-6-klasse\/\" \/>\n<meta property=\"og:locale\" content=\"de_DE\" \/>\n<meta property=\"og:type\" content=\"article\" \/>\n<meta property=\"og:title\" content=\"Ernst-Reuter-Schule - Deutschunterricht in der 6. Klasse - Abisag T\u00fcllmann\" \/>\n<meta property=\"og:description\" content=\"R\u00fcckseite siehe: 70243173 R\u00fcckseitenbeschriftung von Hand der Fotografin: &#8222;Deutsch-Unterricht, F\u00f6rderstufe, 6. Klasse, Ernst-Reuter-Schule &#8211; Die Kinder d\u00fcrfen (und sollen) sich mit ihren Nachbarn \u00fcber ein Thema unterhalten&#8220;\" \/>\n<meta property=\"og:url\" content=\"https:\/\/bpk-archive.de\/tuellmann\/produkt\/ernst-reuter-schule-deutschunterricht-in-der-6-klasse\/\" \/>\n<meta property=\"og:site_name\" content=\"Abisag T\u00fcllmann\" \/>\n<meta property=\"article:modified_time\" content=\"2019-09-05T13:58:52+00:00\" \/>\n<meta property=\"og:image\" content=\"https:\/\/bpk-archive.de\/tuellmann\/wp-content\/uploads\/2019\/08\/bpk_70243172.jpg\" \/>\n\t<meta property=\"og:image:width\" content=\"1200\" \/>\n\t<meta property=\"og:image:height\" content=\"948\" \/>\n\t<meta property=\"og:image:type\" content=\"image\/jpeg\" \/>\n<meta name=\"twitter:card\" content=\"summary_large_image\" \/>\n<script type=\"application\/ld+json\" class=\"yoast-schema-graph\">{\"@context\":\"https:\\\/\\\/schema.org\",\"@graph\":[{\"@type\":\"WebPage\",\"@id\":\"https:\\\/\\\/bpk-archive.de\\\/tuellmann\\\/produkt\\\/ernst-reuter-schule-deutschunterricht-in-der-6-klasse\\\/\",\"url\":\"https:\\\/\\\/bpk-archive.de\\\/tuellmann\\\/produkt\\\/ernst-reuter-schule-deutschunterricht-in-der-6-klasse\\\/\",\"name\":\"Ernst-Reuter-Schule - Deutschunterricht in der 6. Klasse - Abisag T\u00fcllmann\",\"isPartOf\":{\"@id\":\"https:\\\/\\\/bpk-archive.de\\\/tuellmann\\\/#website\"},\"primaryImageOfPage\":{\"@id\":\"https:\\\/\\\/bpk-archive.de\\\/tuellmann\\\/produkt\\\/ernst-reuter-schule-deutschunterricht-in-der-6-klasse\\\/#primaryimage\"},\"image\":{\"@id\":\"https:\\\/\\\/bpk-archive.de\\\/tuellmann\\\/produkt\\\/ernst-reuter-schule-deutschunterricht-in-der-6-klasse\\\/#primaryimage\"},\"thumbnailUrl\":\"https:\\\/\\\/bpk-archive.de\\\/tuellmann\\\/wp-content\\\/uploads\\\/2019\\\/08\\\/bpk_70243172.jpg\",\"datePublished\":\"2019-09-05T13:58:43+00:00\",\"dateModified\":\"2019-09-05T13:58:52+00:00\",\"breadcrumb\":{\"@id\":\"https:\\\/\\\/bpk-archive.de\\\/tuellmann\\\/produkt\\\/ernst-reuter-schule-deutschunterricht-in-der-6-klasse\\\/#breadcrumb\"},\"inLanguage\":\"de\",\"potentialAction\":[{\"@type\":\"ReadAction\",\"target\":[\"https:\\\/\\\/bpk-archive.de\\\/tuellmann\\\/produkt\\\/ernst-reuter-schule-deutschunterricht-in-der-6-klasse\\\/\"]}]},{\"@type\":\"ImageObject\",\"inLanguage\":\"de\",\"@id\":\"https:\\\/\\\/bpk-archive.de\\\/tuellmann\\\/produkt\\\/ernst-reuter-schule-deutschunterricht-in-der-6-klasse\\\/#primaryimage\",\"url\":\"https:\\\/\\\/bpk-archive.de\\\/tuellmann\\\/wp-content\\\/uploads\\\/2019\\\/08\\\/bpk_70243172.jpg\",\"contentUrl\":\"https:\\\/\\\/bpk-archive.de\\\/tuellmann\\\/wp-content\\\/uploads\\\/2019\\\/08\\\/bpk_70243172.jpg\",\"width\":1200,\"height\":948,\"caption\":\"Ernst-Reuter-Schule - Deutschunterricht in der 6. Klasse\"},{\"@type\":\"BreadcrumbList\",\"@id\":\"https:\\\/\\\/bpk-archive.de\\\/tuellmann\\\/produkt\\\/ernst-reuter-schule-deutschunterricht-in-der-6-klasse\\\/#breadcrumb\",\"itemListElement\":[{\"@type\":\"ListItem\",\"position\":1,\"name\":\"Startseite\",\"item\":\"https:\\\/\\\/bpk-archive.de\\\/tuellmann\\\/\"},{\"@type\":\"ListItem\",\"position\":2,\"name\":\"Shop\",\"item\":\"https:\\\/\\\/bpk-archive.de\\\/tuellmann\\\/shop\\\/\"},{\"@type\":\"ListItem\",\"position\":3,\"name\":\"Ernst-Reuter-Schule &#8211; Deutschunterricht in der 6. Klasse\"}]},{\"@type\":\"WebSite\",\"@id\":\"https:\\\/\\\/bpk-archive.de\\\/tuellmann\\\/#website\",\"url\":\"https:\\\/\\\/bpk-archive.de\\\/tuellmann\\\/\",\"name\":\"Abisag T\u00fcllmann\",\"description\":\"Eine weitere WordPress-Website\",\"potentialAction\":[{\"@type\":\"SearchAction\",\"target\":{\"@type\":\"EntryPoint\",\"urlTemplate\":\"https:\\\/\\\/bpk-archive.de\\\/tuellmann\\\/?s={search_term_string}\"},\"query-input\":{\"@type\":\"PropertyValueSpecification\",\"valueRequired\":true,\"valueName\":\"search_term_string\"}}],\"inLanguage\":\"de\"}]}<\/script>\n<!-- \/ Yoast SEO plugin. -->","yoast_head_json":{"title":"Ernst-Reuter-Schule - Deutschunterricht in der 6. Klasse - Abisag T\u00fcllmann","robots":{"index":"index","follow":"follow","max-snippet":"max-snippet:-1","max-image-preview":"max-image-preview:large","max-video-preview":"max-video-preview:-1"},"canonical":"https:\/\/bpk-archive.de\/tuellmann\/produkt\/ernst-reuter-schule-deutschunterricht-in-der-6-klasse\/","og_locale":"de_DE","og_type":"article","og_title":"Ernst-Reuter-Schule - Deutschunterricht in der 6. Klasse - Abisag T\u00fcllmann","og_description":"R\u00fcckseite siehe: 70243173 R\u00fcckseitenbeschriftung von Hand der Fotografin: &#8222;Deutsch-Unterricht, F\u00f6rderstufe, 6. Klasse, Ernst-Reuter-Schule &#8211; Die Kinder d\u00fcrfen (und sollen) sich mit ihren Nachbarn \u00fcber ein Thema unterhalten&#8220;","og_url":"https:\/\/bpk-archive.de\/tuellmann\/produkt\/ernst-reuter-schule-deutschunterricht-in-der-6-klasse\/","og_site_name":"Abisag T\u00fcllmann","article_modified_time":"2019-09-05T13:58:52+00:00","og_image":[{"width":1200,"height":948,"url":"https:\/\/bpk-archive.de\/tuellmann\/wp-content\/uploads\/2019\/08\/bpk_70243172.jpg","type":"image\/jpeg"}],"twitter_card":"summary_large_image","schema":{"@context":"https:\/\/schema.org","@graph":[{"@type":"WebPage","@id":"https:\/\/bpk-archive.de\/tuellmann\/produkt\/ernst-reuter-schule-deutschunterricht-in-der-6-klasse\/","url":"https:\/\/bpk-archive.de\/tuellmann\/produkt\/ernst-reuter-schule-deutschunterricht-in-der-6-klasse\/","name":"Ernst-Reuter-Schule - Deutschunterricht in der 6. Klasse - Abisag T\u00fcllmann","isPartOf":{"@id":"https:\/\/bpk-archive.de\/tuellmann\/#website"},"primaryImageOfPage":{"@id":"https:\/\/bpk-archive.de\/tuellmann\/produkt\/ernst-reuter-schule-deutschunterricht-in-der-6-klasse\/#primaryimage"},"image":{"@id":"https:\/\/bpk-archive.de\/tuellmann\/produkt\/ernst-reuter-schule-deutschunterricht-in-der-6-klasse\/#primaryimage"},"thumbnailUrl":"https:\/\/bpk-archive.de\/tuellmann\/wp-content\/uploads\/2019\/08\/bpk_70243172.jpg","datePublished":"2019-09-05T13:58:43+00:00","dateModified":"2019-09-05T13:58:52+00:00","breadcrumb":{"@id":"https:\/\/bpk-archive.de\/tuellmann\/produkt\/ernst-reuter-schule-deutschunterricht-in-der-6-klasse\/#breadcrumb"},"inLanguage":"de","potentialAction":[{"@type":"ReadAction","target":["https:\/\/bpk-archive.de\/tuellmann\/produkt\/ernst-reuter-schule-deutschunterricht-in-der-6-klasse\/"]}]},{"@type":"ImageObject","inLanguage":"de","@id":"https:\/\/bpk-archive.de\/tuellmann\/produkt\/ernst-reuter-schule-deutschunterricht-in-der-6-klasse\/#primaryimage","url":"https:\/\/bpk-archive.de\/tuellmann\/wp-content\/uploads\/2019\/08\/bpk_70243172.jpg","contentUrl":"https:\/\/bpk-archive.de\/tuellmann\/wp-content\/uploads\/2019\/08\/bpk_70243172.jpg","width":1200,"height":948,"caption":"Ernst-Reuter-Schule - Deutschunterricht in der 6. Klasse"},{"@type":"BreadcrumbList","@id":"https:\/\/bpk-archive.de\/tuellmann\/produkt\/ernst-reuter-schule-deutschunterricht-in-der-6-klasse\/#breadcrumb","itemListElement":[{"@type":"ListItem","position":1,"name":"Startseite","item":"https:\/\/bpk-archive.de\/tuellmann\/"},{"@type":"ListItem","position":2,"name":"Shop","item":"https:\/\/bpk-archive.de\/tuellmann\/shop\/"},{"@type":"ListItem","position":3,"name":"Ernst-Reuter-Schule &#8211; Deutschunterricht in der 6. Klasse"}]},{"@type":"WebSite","@id":"https:\/\/bpk-archive.de\/tuellmann\/#website","url":"https:\/\/bpk-archive.de\/tuellmann\/","name":"Abisag T\u00fcllmann","description":"Eine weitere WordPress-Website","potentialAction":[{"@type":"SearchAction","target":{"@type":"EntryPoint","urlTemplate":"https:\/\/bpk-archive.de\/tuellmann\/?s={search_term_string}"},"query-input":{"@type":"PropertyValueSpecification","valueRequired":true,"valueName":"search_term_string"}}],"inLanguage":"de"}]}},"_links":{"self":[{"href":"https:\/\/bpk-archive.de\/tuellmann\/wp-json\/wp\/v2\/product\/70296329","targetHints":{"allow":["GET"]}}],"collection":[{"href":"https:\/\/bpk-archive.de\/tuellmann\/wp-json\/wp\/v2\/product"}],"about":[{"href":"https:\/\/bpk-archive.de\/tuellmann\/wp-json\/wp\/v2\/types\/product"}],"wp:featuredmedia":[{"embeddable":true,"href":"https:\/\/bpk-archive.de\/tuellmann\/wp-json\/wp\/v2\/media\/70292526"}],"wp:attachment":[{"href":"https:\/\/bpk-archive.de\/tuellmann\/wp-json\/wp\/v2\/media?parent=70296329"}],"wp:term":[{"taxonomy":"product_brand","embeddable":true,"href":"https:\/\/bpk-archive.de\/tuellmann\/wp-json\/wp\/v2\/product_brand?post=70296329"},{"taxonomy":"product_cat","embeddable":true,"href":"https:\/\/bpk-archive.de\/tuellmann\/wp-json\/wp\/v2\/product_cat?post=70296329"},{"taxonomy":"product_tag","embeddable":true,"href":"https:\/\/bpk-archive.de\/tuellmann\/wp-json\/wp\/v2\/product_tag?post=70296329"}],"curies":[{"name":"wp","href":"https:\/\/api.w.org\/{rel}","templated":true}]}}