{"id":70296328,"date":"2019-09-05T15:58:43","date_gmt":"2019-09-05T13:58:43","guid":{"rendered":"http:\/\/abisagtuellmann.bpk-news.de\/atbild\/an-der-boerse-in-johannesburg-suedafrika-2\/"},"modified":"2019-09-05T15:58:51","modified_gmt":"2019-09-05T13:58:51","slug":"an-der-boerse-in-johannesburg-suedafrika-2","status":"publish","type":"product","link":"https:\/\/bpk-archive.de\/tuellmann\/produkt\/an-der-boerse-in-johannesburg-suedafrika-2\/","title":{"rendered":"An der B\u00f6rse in Johannesburg, S\u00fcdafrika"},"content":{"rendered":"","protected":false},"excerpt":{"rendered":"","protected":false},"featured_media":70292600,"template":"","meta":[],"product_brand":[],"product_cat":[],"product_tag":[13230,13232,13234,13231,13233,13235,13777,13236,13237,13240,13241,13242,13243,13244,13245,47456,47457,47458,47459,47460,47461,47462,51804,62065,55129,55132,62314,13473,51107,54538,13293,13786,13787,13294,13295,13296,13297,54539,54540,13498,62058,62059,53212,53213,62316,62317,13328,13827,13828,13329,13330,13331,13332,13843,13877,13879,13865,13864,13866,13858,13859,13860,13861,13862,13863,13354,13869,13870,13871,13872,13519,13520,13521,13522,13523,13524,13363,51811,13364,13365,13366,13367,13368,13369,13878,13880,51130,51134,51135,51136,51137,51138,51139,51140,51143,13525,56623,56624,56625,56626,56627,56628],"class_list":{"0":"post-70296328","1":"product","2":"type-product","3":"status-publish","4":"has-post-thumbnail","6":"product_tag-1970er-jahre","7":"product_tag-20-jahrhundert-nach-chr","8":"product_tag-20-jh-n-chr","9":"product_tag-20-jahrhundert","10":"product_tag-20-jh","11":"product_tag-70er","12":"product_tag-abzug","13":"product_tag-afrika","14":"product_tag-afrikaner","15":"product_tag-afrikanisch","16":"product_tag-afrikanische","17":"product_tag-afrikanischen","18":"product_tag-afrikanischer","19":"product_tag-afrikanisches","20":"product_tag-afrikas","21":"product_tag-arbeit","22":"product_tag-arbeiten","23":"product_tag-arbeitend","24":"product_tag-arbeitende","25":"product_tag-arbeitenden","26":"product_tag-arbeitender","27":"product_tag-arbeitendes","28":"product_tag-at_suedafrika","29":"product_tag-atb_012","30":"product_tag-boerse","31":"product_tag-boersenmakler","32":"product_tag-broker","33":"product_tag-drinnen","34":"product_tag-fernsprecher","35":"product_tag-finanzwesen","36":"product_tag-foto","37":"product_tag-fotoabzug","38":"product_tag-fotoabzuege","39":"product_tag-fotografie","40":"product_tag-fotografien","41":"product_tag-fotografin","42":"product_tag-fotografinnen","43":"product_tag-geldwesen","44":"product_tag-geldwirtschaft","45":"product_tag-innen","46":"product_tag-johannesburg","47":"product_tag-johannesburger","48":"product_tag-kabine","49":"product_tag-kabinen","50":"product_tag-makler","51":"product_tag-maklers","52":"product_tag-photo","53":"product_tag-photoabzug","54":"product_tag-photoabzuege","55":"product_tag-photographie","56":"product_tag-photographien","57":"product_tag-photographin","58":"product_tag-photographinnen","59":"product_tag-print","60":"product_tag-s-w-fotografie","61":"product_tag-s-w-photographie","62":"product_tag-schwarzweissphotographie","63":"product_tag-schwarz-weiss-fotografie","64":"product_tag-schwarz-weiss-photographie","65":"product_tag-schwarzweiss","66":"product_tag-schwarzweisse","67":"product_tag-schwarzweissen","68":"product_tag-schwarzweisser","69":"product_tag-schwarzweisses","70":"product_tag-schwarzweissfotografie","71":"product_tag-siebziger","72":"product_tag-silbergelatine","73":"product_tag-silbergelatineabzug","74":"product_tag-silbergelatineabzuege","75":"product_tag-silbergelatineprint","76":"product_tag-stehen","77":"product_tag-stehend","78":"product_tag-stehende","79":"product_tag-stehenden","80":"product_tag-stehender","81":"product_tag-stehendes","82":"product_tag-suedafrika","83":"product_tag-suedafrikaner","84":"product_tag-suedafrikanisch","85":"product_tag-suedafrikanische","86":"product_tag-suedafrikanischen","87":"product_tag-suedafrikanischer","88":"product_tag-suedafrikanisches","89":"product_tag-suedafrikas","90":"product_tag-sw-fotografie","91":"product_tag-sw-photographie","92":"product_tag-telefon","93":"product_tag-telefonie","94":"product_tag-telefonieren","95":"product_tag-telefonierend","96":"product_tag-telefonierende","97":"product_tag-telefonierenden","98":"product_tag-telefonierender","99":"product_tag-telephon","100":"product_tag-telephonie","101":"product_tag-von-innen","102":"product_tag-weiss","103":"product_tag-weisse","104":"product_tag-weissem","105":"product_tag-weissen","106":"product_tag-weisser","107":"product_tag-weisses","108":"pa_datierung-oktober-1971","109":"pa_fotograf-abisag-tuellmann","110":"pa_geografischer_bezug-aufnahmeort-johannesburg-suedafrika","111":"pa_grunddaten_material_technik-foto-silbergelatine-auf-barytpapier","112":"pa_inventarnummer-tue-71-241-15","113":"pa_jahr_von-49516","114":"pa_massangaben-bildformat-foto-232-x-301-cm","115":"pa_mediennummer-62323","116":"pa_objekt_typ-fotografie","118":"first","119":"instock","120":"product-type-simple"},"yoast_head":"<!-- This site is optimized with the Yoast SEO plugin v27.3 - https:\/\/yoast.com\/product\/yoast-seo-wordpress\/ -->\n<title>An der B\u00f6rse in Johannesburg, S\u00fcdafrika - Abisag T\u00fcllmann<\/title>\n<meta name=\"robots\" content=\"index, follow, max-snippet:-1, max-image-preview:large, max-video-preview:-1\" \/>\n<link rel=\"canonical\" href=\"https:\/\/bpk-archive.de\/tuellmann\/produkt\/an-der-boerse-in-johannesburg-suedafrika-2\/\" \/>\n<meta property=\"og:locale\" content=\"de_DE\" \/>\n<meta property=\"og:type\" content=\"article\" \/>\n<meta property=\"og:title\" content=\"An der B\u00f6rse in Johannesburg, S\u00fcdafrika - Abisag T\u00fcllmann\" \/>\n<meta property=\"og:url\" content=\"https:\/\/bpk-archive.de\/tuellmann\/produkt\/an-der-boerse-in-johannesburg-suedafrika-2\/\" \/>\n<meta property=\"og:site_name\" content=\"Abisag T\u00fcllmann\" \/>\n<meta property=\"article:modified_time\" content=\"2019-09-05T13:58:51+00:00\" \/>\n<meta property=\"og:image\" content=\"https:\/\/bpk-archive.de\/tuellmann\/wp-content\/uploads\/2019\/08\/bpk_70243197.jpg\" \/>\n\t<meta property=\"og:image:width\" content=\"1200\" \/>\n\t<meta property=\"og:image:height\" content=\"940\" \/>\n\t<meta property=\"og:image:type\" content=\"image\/jpeg\" \/>\n<meta name=\"twitter:card\" content=\"summary_large_image\" \/>\n<script type=\"application\/ld+json\" class=\"yoast-schema-graph\">{\"@context\":\"https:\\\/\\\/schema.org\",\"@graph\":[{\"@type\":\"WebPage\",\"@id\":\"https:\\\/\\\/bpk-archive.de\\\/tuellmann\\\/produkt\\\/an-der-boerse-in-johannesburg-suedafrika-2\\\/\",\"url\":\"https:\\\/\\\/bpk-archive.de\\\/tuellmann\\\/produkt\\\/an-der-boerse-in-johannesburg-suedafrika-2\\\/\",\"name\":\"An der B\u00f6rse in Johannesburg, S\u00fcdafrika - Abisag T\u00fcllmann\",\"isPartOf\":{\"@id\":\"https:\\\/\\\/bpk-archive.de\\\/tuellmann\\\/#website\"},\"primaryImageOfPage\":{\"@id\":\"https:\\\/\\\/bpk-archive.de\\\/tuellmann\\\/produkt\\\/an-der-boerse-in-johannesburg-suedafrika-2\\\/#primaryimage\"},\"image\":{\"@id\":\"https:\\\/\\\/bpk-archive.de\\\/tuellmann\\\/produkt\\\/an-der-boerse-in-johannesburg-suedafrika-2\\\/#primaryimage\"},\"thumbnailUrl\":\"https:\\\/\\\/bpk-archive.de\\\/tuellmann\\\/wp-content\\\/uploads\\\/2019\\\/08\\\/bpk_70243197.jpg\",\"datePublished\":\"2019-09-05T13:58:43+00:00\",\"dateModified\":\"2019-09-05T13:58:51+00:00\",\"breadcrumb\":{\"@id\":\"https:\\\/\\\/bpk-archive.de\\\/tuellmann\\\/produkt\\\/an-der-boerse-in-johannesburg-suedafrika-2\\\/#breadcrumb\"},\"inLanguage\":\"de\",\"potentialAction\":[{\"@type\":\"ReadAction\",\"target\":[\"https:\\\/\\\/bpk-archive.de\\\/tuellmann\\\/produkt\\\/an-der-boerse-in-johannesburg-suedafrika-2\\\/\"]}]},{\"@type\":\"ImageObject\",\"inLanguage\":\"de\",\"@id\":\"https:\\\/\\\/bpk-archive.de\\\/tuellmann\\\/produkt\\\/an-der-boerse-in-johannesburg-suedafrika-2\\\/#primaryimage\",\"url\":\"https:\\\/\\\/bpk-archive.de\\\/tuellmann\\\/wp-content\\\/uploads\\\/2019\\\/08\\\/bpk_70243197.jpg\",\"contentUrl\":\"https:\\\/\\\/bpk-archive.de\\\/tuellmann\\\/wp-content\\\/uploads\\\/2019\\\/08\\\/bpk_70243197.jpg\",\"width\":1200,\"height\":940,\"caption\":\"An der B\u00f6rse in Johannesburg, S\u00fcdafrika\"},{\"@type\":\"BreadcrumbList\",\"@id\":\"https:\\\/\\\/bpk-archive.de\\\/tuellmann\\\/produkt\\\/an-der-boerse-in-johannesburg-suedafrika-2\\\/#breadcrumb\",\"itemListElement\":[{\"@type\":\"ListItem\",\"position\":1,\"name\":\"Startseite\",\"item\":\"https:\\\/\\\/bpk-archive.de\\\/tuellmann\\\/\"},{\"@type\":\"ListItem\",\"position\":2,\"name\":\"Shop\",\"item\":\"https:\\\/\\\/bpk-archive.de\\\/tuellmann\\\/shop\\\/\"},{\"@type\":\"ListItem\",\"position\":3,\"name\":\"An der B\u00f6rse in Johannesburg, S\u00fcdafrika\"}]},{\"@type\":\"WebSite\",\"@id\":\"https:\\\/\\\/bpk-archive.de\\\/tuellmann\\\/#website\",\"url\":\"https:\\\/\\\/bpk-archive.de\\\/tuellmann\\\/\",\"name\":\"Abisag T\u00fcllmann\",\"description\":\"Eine weitere WordPress-Website\",\"potentialAction\":[{\"@type\":\"SearchAction\",\"target\":{\"@type\":\"EntryPoint\",\"urlTemplate\":\"https:\\\/\\\/bpk-archive.de\\\/tuellmann\\\/?s={search_term_string}\"},\"query-input\":{\"@type\":\"PropertyValueSpecification\",\"valueRequired\":true,\"valueName\":\"search_term_string\"}}],\"inLanguage\":\"de\"}]}<\/script>\n<!-- \/ Yoast SEO plugin. -->","yoast_head_json":{"title":"An der B\u00f6rse in Johannesburg, S\u00fcdafrika - Abisag T\u00fcllmann","robots":{"index":"index","follow":"follow","max-snippet":"max-snippet:-1","max-image-preview":"max-image-preview:large","max-video-preview":"max-video-preview:-1"},"canonical":"https:\/\/bpk-archive.de\/tuellmann\/produkt\/an-der-boerse-in-johannesburg-suedafrika-2\/","og_locale":"de_DE","og_type":"article","og_title":"An der B\u00f6rse in Johannesburg, S\u00fcdafrika - Abisag T\u00fcllmann","og_url":"https:\/\/bpk-archive.de\/tuellmann\/produkt\/an-der-boerse-in-johannesburg-suedafrika-2\/","og_site_name":"Abisag T\u00fcllmann","article_modified_time":"2019-09-05T13:58:51+00:00","og_image":[{"width":1200,"height":940,"url":"https:\/\/bpk-archive.de\/tuellmann\/wp-content\/uploads\/2019\/08\/bpk_70243197.jpg","type":"image\/jpeg"}],"twitter_card":"summary_large_image","schema":{"@context":"https:\/\/schema.org","@graph":[{"@type":"WebPage","@id":"https:\/\/bpk-archive.de\/tuellmann\/produkt\/an-der-boerse-in-johannesburg-suedafrika-2\/","url":"https:\/\/bpk-archive.de\/tuellmann\/produkt\/an-der-boerse-in-johannesburg-suedafrika-2\/","name":"An der B\u00f6rse in Johannesburg, S\u00fcdafrika - Abisag T\u00fcllmann","isPartOf":{"@id":"https:\/\/bpk-archive.de\/tuellmann\/#website"},"primaryImageOfPage":{"@id":"https:\/\/bpk-archive.de\/tuellmann\/produkt\/an-der-boerse-in-johannesburg-suedafrika-2\/#primaryimage"},"image":{"@id":"https:\/\/bpk-archive.de\/tuellmann\/produkt\/an-der-boerse-in-johannesburg-suedafrika-2\/#primaryimage"},"thumbnailUrl":"https:\/\/bpk-archive.de\/tuellmann\/wp-content\/uploads\/2019\/08\/bpk_70243197.jpg","datePublished":"2019-09-05T13:58:43+00:00","dateModified":"2019-09-05T13:58:51+00:00","breadcrumb":{"@id":"https:\/\/bpk-archive.de\/tuellmann\/produkt\/an-der-boerse-in-johannesburg-suedafrika-2\/#breadcrumb"},"inLanguage":"de","potentialAction":[{"@type":"ReadAction","target":["https:\/\/bpk-archive.de\/tuellmann\/produkt\/an-der-boerse-in-johannesburg-suedafrika-2\/"]}]},{"@type":"ImageObject","inLanguage":"de","@id":"https:\/\/bpk-archive.de\/tuellmann\/produkt\/an-der-boerse-in-johannesburg-suedafrika-2\/#primaryimage","url":"https:\/\/bpk-archive.de\/tuellmann\/wp-content\/uploads\/2019\/08\/bpk_70243197.jpg","contentUrl":"https:\/\/bpk-archive.de\/tuellmann\/wp-content\/uploads\/2019\/08\/bpk_70243197.jpg","width":1200,"height":940,"caption":"An der B\u00f6rse in Johannesburg, S\u00fcdafrika"},{"@type":"BreadcrumbList","@id":"https:\/\/bpk-archive.de\/tuellmann\/produkt\/an-der-boerse-in-johannesburg-suedafrika-2\/#breadcrumb","itemListElement":[{"@type":"ListItem","position":1,"name":"Startseite","item":"https:\/\/bpk-archive.de\/tuellmann\/"},{"@type":"ListItem","position":2,"name":"Shop","item":"https:\/\/bpk-archive.de\/tuellmann\/shop\/"},{"@type":"ListItem","position":3,"name":"An der B\u00f6rse in Johannesburg, S\u00fcdafrika"}]},{"@type":"WebSite","@id":"https:\/\/bpk-archive.de\/tuellmann\/#website","url":"https:\/\/bpk-archive.de\/tuellmann\/","name":"Abisag T\u00fcllmann","description":"Eine weitere WordPress-Website","potentialAction":[{"@type":"SearchAction","target":{"@type":"EntryPoint","urlTemplate":"https:\/\/bpk-archive.de\/tuellmann\/?s={search_term_string}"},"query-input":{"@type":"PropertyValueSpecification","valueRequired":true,"valueName":"search_term_string"}}],"inLanguage":"de"}]}},"_links":{"self":[{"href":"https:\/\/bpk-archive.de\/tuellmann\/wp-json\/wp\/v2\/product\/70296328","targetHints":{"allow":["GET"]}}],"collection":[{"href":"https:\/\/bpk-archive.de\/tuellmann\/wp-json\/wp\/v2\/product"}],"about":[{"href":"https:\/\/bpk-archive.de\/tuellmann\/wp-json\/wp\/v2\/types\/product"}],"wp:featuredmedia":[{"embeddable":true,"href":"https:\/\/bpk-archive.de\/tuellmann\/wp-json\/wp\/v2\/media\/70292600"}],"wp:attachment":[{"href":"https:\/\/bpk-archive.de\/tuellmann\/wp-json\/wp\/v2\/media?parent=70296328"}],"wp:term":[{"taxonomy":"product_brand","embeddable":true,"href":"https:\/\/bpk-archive.de\/tuellmann\/wp-json\/wp\/v2\/product_brand?post=70296328"},{"taxonomy":"product_cat","embeddable":true,"href":"https:\/\/bpk-archive.de\/tuellmann\/wp-json\/wp\/v2\/product_cat?post=70296328"},{"taxonomy":"product_tag","embeddable":true,"href":"https:\/\/bpk-archive.de\/tuellmann\/wp-json\/wp\/v2\/product_tag?post=70296328"}],"curies":[{"name":"wp","href":"https:\/\/api.w.org\/{rel}","templated":true}]}}