{"id":70296325,"date":"2019-09-05T15:58:43","date_gmt":"2019-09-05T13:58:43","guid":{"rendered":"http:\/\/abisagtuellmann.bpk-news.de\/atbild\/zwei-zeitungsjungen-am-strassenrand-in-kapstadt\/"},"modified":"2019-09-05T15:58:49","modified_gmt":"2019-09-05T13:58:49","slug":"zwei-zeitungsjungen-am-strassenrand-in-kapstadt","status":"publish","type":"product","link":"https:\/\/bpk-archive.de\/tuellmann\/produkt\/zwei-zeitungsjungen-am-strassenrand-in-kapstadt\/","title":{"rendered":"Zwei Zeitungsjungen am Stra\u00dfenrand in Kapstadt"},"content":{"rendered":"<p>R\u00fcckseitenbeschriftung von Hand der Fotografin: &#8222;Kapstadt&#8220;<\/p>\n","protected":false},"excerpt":{"rendered":"<p>R\u00fcckseitenbeschriftung von Hand der Fotografin: &#8222;Kapstadt&#8220;<\/p>\n","protected":false},"featured_media":70292603,"template":"","meta":[],"product_brand":[],"product_cat":[],"product_tag":[13230,13232,13234,13231,13233,13235,13777,13236,13237,13240,13241,13242,13243,13244,13245,47456,47457,47458,47459,47460,47461,47462,14311,14312,14313,14314,14315,14316,51804,62065,13250,49596,49597,49598,49599,49600,49601,49602,14178,14179,48645,48646,13260,13261,14181,14182,48812,48813,48814,48815,48816,13268,13269,13270,13271,13293,13786,13787,13294,13295,13296,13297,48647,48648,48649,48650,13301,13813,13814,14203,14204,56739,14205,14206,14207,48376,14213,14218,14219,14220,14221,50374,50375,13328,13827,13828,13329,13330,13331,13332,13843,13877,13879,13865,13864,13866,13351,13352,13353,13858,13859,13860,13861,13862,13863,13354,13869,13870,13871,13872,14243,14244,14245,14246,14247,14248,14249,47821,47822,47823,47824,47564,47825,47826,47827,47828,13363,51811,13364,13365,13366,13367,13368,13369,13878,13880,48682,48683,62291,62292,53306],"class_list":{"0":"post-70296325","1":"product","2":"type-product","3":"status-publish","4":"has-post-thumbnail","6":"product_tag-1970er-jahre","7":"product_tag-20-jahrhundert-nach-chr","8":"product_tag-20-jh-n-chr","9":"product_tag-20-jahrhundert","10":"product_tag-20-jh","11":"product_tag-70er","12":"product_tag-abzug","13":"product_tag-afrika","14":"product_tag-afrikaner","15":"product_tag-afrikanisch","16":"product_tag-afrikanische","17":"product_tag-afrikanischen","18":"product_tag-afrikanischer","19":"product_tag-afrikanisches","20":"product_tag-afrikas","21":"product_tag-arbeit","22":"product_tag-arbeiten","23":"product_tag-arbeitend","24":"product_tag-arbeitende","25":"product_tag-arbeitenden","26":"product_tag-arbeitender","27":"product_tag-arbeitendes","28":"product_tag-arm","29":"product_tag-arme","30":"product_tag-armen","31":"product_tag-armer","32":"product_tag-armes","33":"product_tag-armut","34":"product_tag-at_suedafrika","35":"product_tag-atb_012","36":"product_tag-aussen","37":"product_tag-barfuss","38":"product_tag-barfuessig","39":"product_tag-barfuessige","40":"product_tag-barfuessigen","41":"product_tag-barfuessiger","42":"product_tag-barfuessiges","43":"product_tag-barfuessigkeit","44":"product_tag-bube","45":"product_tag-buben","46":"product_tag-buergersteig","47":"product_tag-buergersteige","48":"product_tag-draussen","49":"product_tag-dunkelhaeutiger","50":"product_tag-elend","51":"product_tag-elends","52":"product_tag-erschoepft","53":"product_tag-erschoepfte","54":"product_tag-erschoepften","55":"product_tag-erschoepfter","56":"product_tag-erschoepftes","57":"product_tag-farbige","58":"product_tag-farbigen","59":"product_tag-farbiger","60":"product_tag-farbiges","61":"product_tag-foto","62":"product_tag-fotoabzug","63":"product_tag-fotoabzuege","64":"product_tag-fotografie","65":"product_tag-fotografien","66":"product_tag-fotografin","67":"product_tag-fotografinnen","68":"product_tag-gehsteig","69":"product_tag-gehsteige","70":"product_tag-gehweg","71":"product_tag-gehwege","72":"product_tag-im-freien","73":"product_tag-junge","74":"product_tag-jungen","75":"product_tag-jungens","76":"product_tag-jungs","77":"product_tag-kapstadt","78":"product_tag-kind","79":"product_tag-kinde","80":"product_tag-kinder","81":"product_tag-kinderarbeit","82":"product_tag-kindern","83":"product_tag-kindes","84":"product_tag-kindheit","85":"product_tag-knabe","86":"product_tag-knaben","87":"product_tag-pause","88":"product_tag-pausen","89":"product_tag-photo","90":"product_tag-photoabzug","91":"product_tag-photoabzuege","92":"product_tag-photographie","93":"product_tag-photographien","94":"product_tag-photographin","95":"product_tag-photographinnen","96":"product_tag-print","97":"product_tag-s-w-fotografie","98":"product_tag-s-w-photographie","99":"product_tag-schwarzweissphotographie","100":"product_tag-schwarz-weiss-fotografie","101":"product_tag-schwarz-weiss-photographie","102":"product_tag-schwarze","103":"product_tag-schwarzen","104":"product_tag-schwarzer","105":"product_tag-schwarzweiss","106":"product_tag-schwarzweisse","107":"product_tag-schwarzweissen","108":"product_tag-schwarzweisser","109":"product_tag-schwarzweisses","110":"product_tag-schwarzweissfotografie","111":"product_tag-siebziger","112":"product_tag-silbergelatine","113":"product_tag-silbergelatineabzug","114":"product_tag-silbergelatineabzuege","115":"product_tag-silbergelatineprint","116":"product_tag-sitzen","117":"product_tag-sitzend","118":"product_tag-sitzende","119":"product_tag-sitzenden","120":"product_tag-sitzender","121":"product_tag-sitzendes","122":"product_tag-sitzt","123":"product_tag-strassenhandel","124":"product_tag-strassenhandels","125":"product_tag-strassenhaendler","126":"product_tag-strassenhaendlers","127":"product_tag-strassenrand","128":"product_tag-strassenverkauf","129":"product_tag-strassenverkaeufer","130":"product_tag-strassenverkaeufers","131":"product_tag-strassenverkaufs","132":"product_tag-suedafrika","133":"product_tag-suedafrikaner","134":"product_tag-suedafrikanisch","135":"product_tag-suedafrikanische","136":"product_tag-suedafrikanischen","137":"product_tag-suedafrikanischer","138":"product_tag-suedafrikanisches","139":"product_tag-suedafrikas","140":"product_tag-sw-fotografie","141":"product_tag-sw-photographie","142":"product_tag-trottoir","143":"product_tag-trottoirs","144":"product_tag-zeitungsjunge","145":"product_tag-zeitungsjungen","146":"product_tag-zeitungsverkaeufer","147":"pa_datierung-oktober-1971","148":"pa_fotograf-abisag-tuellmann","149":"pa_geografischer_bezug-aufnahmeort-kapstadt-suedafrika","150":"pa_grunddaten_material_technik-foto-silbergelatine-auf-barytpapier","151":"pa_inventarnummer-tue-71-235-16","152":"pa_jahr_von-49516","153":"pa_massangaben-bildformat-foto-233-x-305-cm","154":"pa_mediennummer-62310","155":"pa_objekt_typ-fotografie","157":"first","158":"instock","159":"product-type-simple"},"yoast_head":"<!-- This site is optimized with the Yoast SEO plugin v27.4 - https:\/\/yoast.com\/product\/yoast-seo-wordpress\/ -->\n<title>Zwei Zeitungsjungen am Stra\u00dfenrand in Kapstadt - Abisag T\u00fcllmann<\/title>\n<meta name=\"robots\" content=\"index, follow, max-snippet:-1, max-image-preview:large, max-video-preview:-1\" \/>\n<link rel=\"canonical\" href=\"https:\/\/bpk-archive.de\/tuellmann\/produkt\/zwei-zeitungsjungen-am-strassenrand-in-kapstadt\/\" \/>\n<meta property=\"og:locale\" content=\"de_DE\" \/>\n<meta property=\"og:type\" content=\"article\" \/>\n<meta property=\"og:title\" content=\"Zwei Zeitungsjungen am Stra\u00dfenrand in Kapstadt - Abisag T\u00fcllmann\" \/>\n<meta property=\"og:description\" content=\"R\u00fcckseitenbeschriftung von Hand der Fotografin: &#8222;Kapstadt&#8220;\" \/>\n<meta property=\"og:url\" content=\"https:\/\/bpk-archive.de\/tuellmann\/produkt\/zwei-zeitungsjungen-am-strassenrand-in-kapstadt\/\" \/>\n<meta property=\"og:site_name\" content=\"Abisag T\u00fcllmann\" \/>\n<meta property=\"article:modified_time\" content=\"2019-09-05T13:58:49+00:00\" \/>\n<meta property=\"og:image\" content=\"https:\/\/bpk-archive.de\/tuellmann\/wp-content\/uploads\/2019\/08\/bpk_70243198.jpg\" \/>\n\t<meta property=\"og:image:width\" content=\"1200\" \/>\n\t<meta property=\"og:image:height\" content=\"925\" \/>\n\t<meta property=\"og:image:type\" content=\"image\/jpeg\" \/>\n<meta name=\"twitter:card\" content=\"summary_large_image\" \/>\n<script type=\"application\/ld+json\" class=\"yoast-schema-graph\">{\"@context\":\"https:\\\/\\\/schema.org\",\"@graph\":[{\"@type\":\"WebPage\",\"@id\":\"https:\\\/\\\/bpk-archive.de\\\/tuellmann\\\/produkt\\\/zwei-zeitungsjungen-am-strassenrand-in-kapstadt\\\/\",\"url\":\"https:\\\/\\\/bpk-archive.de\\\/tuellmann\\\/produkt\\\/zwei-zeitungsjungen-am-strassenrand-in-kapstadt\\\/\",\"name\":\"Zwei Zeitungsjungen am Stra\u00dfenrand in Kapstadt - Abisag T\u00fcllmann\",\"isPartOf\":{\"@id\":\"https:\\\/\\\/bpk-archive.de\\\/tuellmann\\\/#website\"},\"primaryImageOfPage\":{\"@id\":\"https:\\\/\\\/bpk-archive.de\\\/tuellmann\\\/produkt\\\/zwei-zeitungsjungen-am-strassenrand-in-kapstadt\\\/#primaryimage\"},\"image\":{\"@id\":\"https:\\\/\\\/bpk-archive.de\\\/tuellmann\\\/produkt\\\/zwei-zeitungsjungen-am-strassenrand-in-kapstadt\\\/#primaryimage\"},\"thumbnailUrl\":\"https:\\\/\\\/bpk-archive.de\\\/tuellmann\\\/wp-content\\\/uploads\\\/2019\\\/08\\\/bpk_70243198.jpg\",\"datePublished\":\"2019-09-05T13:58:43+00:00\",\"dateModified\":\"2019-09-05T13:58:49+00:00\",\"breadcrumb\":{\"@id\":\"https:\\\/\\\/bpk-archive.de\\\/tuellmann\\\/produkt\\\/zwei-zeitungsjungen-am-strassenrand-in-kapstadt\\\/#breadcrumb\"},\"inLanguage\":\"de\",\"potentialAction\":[{\"@type\":\"ReadAction\",\"target\":[\"https:\\\/\\\/bpk-archive.de\\\/tuellmann\\\/produkt\\\/zwei-zeitungsjungen-am-strassenrand-in-kapstadt\\\/\"]}]},{\"@type\":\"ImageObject\",\"inLanguage\":\"de\",\"@id\":\"https:\\\/\\\/bpk-archive.de\\\/tuellmann\\\/produkt\\\/zwei-zeitungsjungen-am-strassenrand-in-kapstadt\\\/#primaryimage\",\"url\":\"https:\\\/\\\/bpk-archive.de\\\/tuellmann\\\/wp-content\\\/uploads\\\/2019\\\/08\\\/bpk_70243198.jpg\",\"contentUrl\":\"https:\\\/\\\/bpk-archive.de\\\/tuellmann\\\/wp-content\\\/uploads\\\/2019\\\/08\\\/bpk_70243198.jpg\",\"width\":1200,\"height\":925,\"caption\":\"Zwei Zeitungsjungen am Stra\u00dfenrand in Kapstadt\"},{\"@type\":\"BreadcrumbList\",\"@id\":\"https:\\\/\\\/bpk-archive.de\\\/tuellmann\\\/produkt\\\/zwei-zeitungsjungen-am-strassenrand-in-kapstadt\\\/#breadcrumb\",\"itemListElement\":[{\"@type\":\"ListItem\",\"position\":1,\"name\":\"Startseite\",\"item\":\"https:\\\/\\\/bpk-archive.de\\\/tuellmann\\\/\"},{\"@type\":\"ListItem\",\"position\":2,\"name\":\"Shop\",\"item\":\"https:\\\/\\\/bpk-archive.de\\\/tuellmann\\\/shop\\\/\"},{\"@type\":\"ListItem\",\"position\":3,\"name\":\"Zwei Zeitungsjungen am Stra\u00dfenrand in Kapstadt\"}]},{\"@type\":\"WebSite\",\"@id\":\"https:\\\/\\\/bpk-archive.de\\\/tuellmann\\\/#website\",\"url\":\"https:\\\/\\\/bpk-archive.de\\\/tuellmann\\\/\",\"name\":\"Abisag T\u00fcllmann\",\"description\":\"Eine weitere WordPress-Website\",\"potentialAction\":[{\"@type\":\"SearchAction\",\"target\":{\"@type\":\"EntryPoint\",\"urlTemplate\":\"https:\\\/\\\/bpk-archive.de\\\/tuellmann\\\/?s={search_term_string}\"},\"query-input\":{\"@type\":\"PropertyValueSpecification\",\"valueRequired\":true,\"valueName\":\"search_term_string\"}}],\"inLanguage\":\"de\"}]}<\/script>\n<!-- \/ Yoast SEO plugin. -->","yoast_head_json":{"title":"Zwei Zeitungsjungen am Stra\u00dfenrand in Kapstadt - Abisag T\u00fcllmann","robots":{"index":"index","follow":"follow","max-snippet":"max-snippet:-1","max-image-preview":"max-image-preview:large","max-video-preview":"max-video-preview:-1"},"canonical":"https:\/\/bpk-archive.de\/tuellmann\/produkt\/zwei-zeitungsjungen-am-strassenrand-in-kapstadt\/","og_locale":"de_DE","og_type":"article","og_title":"Zwei Zeitungsjungen am Stra\u00dfenrand in Kapstadt - Abisag T\u00fcllmann","og_description":"R\u00fcckseitenbeschriftung von Hand der Fotografin: &#8222;Kapstadt&#8220;","og_url":"https:\/\/bpk-archive.de\/tuellmann\/produkt\/zwei-zeitungsjungen-am-strassenrand-in-kapstadt\/","og_site_name":"Abisag T\u00fcllmann","article_modified_time":"2019-09-05T13:58:49+00:00","og_image":[{"width":1200,"height":925,"url":"https:\/\/bpk-archive.de\/tuellmann\/wp-content\/uploads\/2019\/08\/bpk_70243198.jpg","type":"image\/jpeg"}],"twitter_card":"summary_large_image","schema":{"@context":"https:\/\/schema.org","@graph":[{"@type":"WebPage","@id":"https:\/\/bpk-archive.de\/tuellmann\/produkt\/zwei-zeitungsjungen-am-strassenrand-in-kapstadt\/","url":"https:\/\/bpk-archive.de\/tuellmann\/produkt\/zwei-zeitungsjungen-am-strassenrand-in-kapstadt\/","name":"Zwei Zeitungsjungen am Stra\u00dfenrand in Kapstadt - Abisag T\u00fcllmann","isPartOf":{"@id":"https:\/\/bpk-archive.de\/tuellmann\/#website"},"primaryImageOfPage":{"@id":"https:\/\/bpk-archive.de\/tuellmann\/produkt\/zwei-zeitungsjungen-am-strassenrand-in-kapstadt\/#primaryimage"},"image":{"@id":"https:\/\/bpk-archive.de\/tuellmann\/produkt\/zwei-zeitungsjungen-am-strassenrand-in-kapstadt\/#primaryimage"},"thumbnailUrl":"https:\/\/bpk-archive.de\/tuellmann\/wp-content\/uploads\/2019\/08\/bpk_70243198.jpg","datePublished":"2019-09-05T13:58:43+00:00","dateModified":"2019-09-05T13:58:49+00:00","breadcrumb":{"@id":"https:\/\/bpk-archive.de\/tuellmann\/produkt\/zwei-zeitungsjungen-am-strassenrand-in-kapstadt\/#breadcrumb"},"inLanguage":"de","potentialAction":[{"@type":"ReadAction","target":["https:\/\/bpk-archive.de\/tuellmann\/produkt\/zwei-zeitungsjungen-am-strassenrand-in-kapstadt\/"]}]},{"@type":"ImageObject","inLanguage":"de","@id":"https:\/\/bpk-archive.de\/tuellmann\/produkt\/zwei-zeitungsjungen-am-strassenrand-in-kapstadt\/#primaryimage","url":"https:\/\/bpk-archive.de\/tuellmann\/wp-content\/uploads\/2019\/08\/bpk_70243198.jpg","contentUrl":"https:\/\/bpk-archive.de\/tuellmann\/wp-content\/uploads\/2019\/08\/bpk_70243198.jpg","width":1200,"height":925,"caption":"Zwei Zeitungsjungen am Stra\u00dfenrand in Kapstadt"},{"@type":"BreadcrumbList","@id":"https:\/\/bpk-archive.de\/tuellmann\/produkt\/zwei-zeitungsjungen-am-strassenrand-in-kapstadt\/#breadcrumb","itemListElement":[{"@type":"ListItem","position":1,"name":"Startseite","item":"https:\/\/bpk-archive.de\/tuellmann\/"},{"@type":"ListItem","position":2,"name":"Shop","item":"https:\/\/bpk-archive.de\/tuellmann\/shop\/"},{"@type":"ListItem","position":3,"name":"Zwei Zeitungsjungen am Stra\u00dfenrand in Kapstadt"}]},{"@type":"WebSite","@id":"https:\/\/bpk-archive.de\/tuellmann\/#website","url":"https:\/\/bpk-archive.de\/tuellmann\/","name":"Abisag T\u00fcllmann","description":"Eine weitere WordPress-Website","potentialAction":[{"@type":"SearchAction","target":{"@type":"EntryPoint","urlTemplate":"https:\/\/bpk-archive.de\/tuellmann\/?s={search_term_string}"},"query-input":{"@type":"PropertyValueSpecification","valueRequired":true,"valueName":"search_term_string"}}],"inLanguage":"de"}]}},"_links":{"self":[{"href":"https:\/\/bpk-archive.de\/tuellmann\/wp-json\/wp\/v2\/product\/70296325","targetHints":{"allow":["GET"]}}],"collection":[{"href":"https:\/\/bpk-archive.de\/tuellmann\/wp-json\/wp\/v2\/product"}],"about":[{"href":"https:\/\/bpk-archive.de\/tuellmann\/wp-json\/wp\/v2\/types\/product"}],"wp:featuredmedia":[{"embeddable":true,"href":"https:\/\/bpk-archive.de\/tuellmann\/wp-json\/wp\/v2\/media\/70292603"}],"wp:attachment":[{"href":"https:\/\/bpk-archive.de\/tuellmann\/wp-json\/wp\/v2\/media?parent=70296325"}],"wp:term":[{"taxonomy":"product_brand","embeddable":true,"href":"https:\/\/bpk-archive.de\/tuellmann\/wp-json\/wp\/v2\/product_brand?post=70296325"},{"taxonomy":"product_cat","embeddable":true,"href":"https:\/\/bpk-archive.de\/tuellmann\/wp-json\/wp\/v2\/product_cat?post=70296325"},{"taxonomy":"product_tag","embeddable":true,"href":"https:\/\/bpk-archive.de\/tuellmann\/wp-json\/wp\/v2\/product_tag?post=70296325"}],"curies":[{"name":"wp","href":"https:\/\/api.w.org\/{rel}","templated":true}]}}