{"id":70296318,"date":"2019-09-05T15:58:43","date_gmt":"2019-09-05T13:58:43","guid":{"rendered":"http:\/\/abisagtuellmann.bpk-news.de\/atbild\/im-landerziehungsheim-odenwaldschule\/"},"modified":"2020-08-11T17:06:35","modified_gmt":"2020-08-11T15:06:35","slug":"im-landerziehungsheim-odenwaldschule","status":"publish","type":"product","link":"https:\/\/bpk-archive.de\/tuellmann\/produkt\/im-landerziehungsheim-odenwaldschule\/","title":{"rendered":"Im Landerziehungsheim Odenwaldschule"},"content":{"rendered":"<p>Der ehemalige OSO-Sch\u00fcler und Journalist Clemens Kuby interviewt den Sch\u00fcler Heiner Lindemann in seinem Internatszimmer  R\u00fcckseitenbeschriftung von Hand der Fotografin: &#8222;Odenwaldschule&#8220;<\/p>\n","protected":false},"excerpt":{"rendered":"<p>Der ehemalige OSO-Sch\u00fcler und Journalist Clemens Kuby interviewt den Sch\u00fcler Heiner Lindemann in seinem Internatszimmer R\u00fcckseitenbeschriftung von Hand der Fotografin: &#8222;Odenwaldschule&#8220;<\/p>\n","protected":false},"featured_media":70292497,"template":"","meta":[],"product_brand":[],"product_cat":[73393],"product_tag":[62264,62265,62266,62267,62268,62278,62279,62280,62281,62282,13774,14054,14055,13232,13234,13231,13233,13775,14056,14057,62249,62149,13777,14058,62150,13784,13785,50141,13469,13470,62269,60736,60738,13253,13254,13255,13256,13257,13471,13472,13960,13961,13962,13963,13964,13965,13473,62270,52424,52426,62250,13293,13786,13787,13294,13295,13296,13297,47267,62271,14327,47579,47580,47581,47582,47430,47431,47432,13492,13493,13494,13495,13496,13497,48246,48247,13498,62251,62252,47889,48063,48064,13807,13808,13809,13812,13813,13814,13815,13816,58159,60741,60743,47589,47590,62253,62254,62272,50119,13818,13819,13826,62255,62256,62257,62258,62259,62260,62261,54028,49229,49230,47899,47900,13328,13827,13828,13329,13330,13331,13332,47332,48266,48267,48268,13829,13830,13831,13832,13833,13834,13835,13836,13837,13838,13839,13840,13841,13842,48269,48270,13843,14073,14074,14075,14076,14077,62154,62155,62241,13877,13879,62156,50163,50164,54158,13865,13864,13866,13858,13859,13860,13861,13862,13863,13867,13869,13870,13871,13872,14243,14244,14245,14246,14247,14248,14249,49236,56233,62262,62263,56234,56235,56236,56237,56238,56239,13878,13880,62273,62275,62274,13525,48279,48280,48281,48282,62276,62277,47357,47358],"class_list":{"0":"post-70296318","1":"product","2":"type-product","3":"status-publish","4":"has-post-thumbnail","6":"product_cat-schule","7":"product_tag-friedrich-engels","8":"product_tag-ho-chi-minh","9":"product_tag-kuby","10":"product_tag-marx","11":"product_tag-wladimir-iljitsch-lenin","12":"product_tag-10-22-4-1870-21-1-1924","13":"product_tag-19-5-1890-2-10-1969","14":"product_tag-62280","15":"product_tag-28-11-1820-05-08-1895","16":"product_tag-5-5-1818-14-3-1883","17":"product_tag-1960er-jahre","18":"product_tag-1968er","19":"product_tag-1968er-bewegung","20":"product_tag-20-jahrhundert-nach-chr","21":"product_tag-20-jh-n-chr","22":"product_tag-20-jahrhundert","23":"product_tag-20-jh","24":"product_tag-60er","25":"product_tag-68er","26":"product_tag-68er-bewegung","27":"product_tag-absolvent","28":"product_tag-abt_005","29":"product_tag-abzug","30":"product_tag-achtundsechziger","31":"product_tag-at_paedagogik","32":"product_tag-bildnis","33":"product_tag-bildnisse","34":"product_tag-bildung","35":"product_tag-brd","36":"product_tag-bundesrepublik-deutschland","37":"product_tag-clemens","38":"product_tag-communismus","39":"product_tag-communisten","40":"product_tag-deutsch","41":"product_tag-deutsche","42":"product_tag-deutschen","43":"product_tag-deutscher","44":"product_tag-deutsches","45":"product_tag-deutschland","46":"product_tag-deutschlands","47":"product_tag-doppelbildnis","48":"product_tag-doppelbildnisse","49":"product_tag-doppelportrait","50":"product_tag-doppelportraits","51":"product_tag-doppelportraet","52":"product_tag-doppelportraets","53":"product_tag-drinnen","54":"product_tag-engels","55":"product_tag-erziehen","56":"product_tag-erziehung","57":"product_tag-erziehungswesen","58":"product_tag-foto","59":"product_tag-fotoabzug","60":"product_tag-fotoabzuege","61":"product_tag-fotografie","62":"product_tag-fotografien","63":"product_tag-fotografin","64":"product_tag-fotografinnen","65":"product_tag-fotoreportage","66":"product_tag-friedrich","67":"product_tag-gesellschaft","68":"product_tag-gespraech","69":"product_tag-gespraeche","70":"product_tag-gespraeches","71":"product_tag-gespraechs","72":"product_tag-heranwachsende","73":"product_tag-heranwachsenden","74":"product_tag-heranwachsender","75":"product_tag-hessen","76":"product_tag-hessisch","77":"product_tag-hessische","78":"product_tag-hessischen","79":"product_tag-hessischer","80":"product_tag-hessisches","81":"product_tag-idol","82":"product_tag-idole","83":"product_tag-innen","84":"product_tag-internat","85":"product_tag-internatsschueler","86":"product_tag-interview","87":"product_tag-journalist","88":"product_tag-journalisten","89":"product_tag-jugendliche","90":"product_tag-jugendlichen","91":"product_tag-jugendlicher","92":"product_tag-jung","93":"product_tag-junge","94":"product_tag-jungen","95":"product_tag-junger","96":"product_tag-junges","97":"product_tag-karl","98":"product_tag-kommunismus","99":"product_tag-kommunisten","100":"product_tag-konversation","101":"product_tag-konversationen","102":"product_tag-landerziehungsheim","103":"product_tag-landerziehungsheime","104":"product_tag-lenin","105":"product_tag-lernen","106":"product_tag-mann","107":"product_tag-maenner","108":"product_tag-mannes","109":"product_tag-oberschule","110":"product_tag-oberschulen","111":"product_tag-oberschueler","112":"product_tag-oberstufe","113":"product_tag-oberstufenschueler","114":"product_tag-odenwald","115":"product_tag-oso","116":"product_tag-paedagogik","117":"product_tag-parole","118":"product_tag-parolen","119":"product_tag-persoenlichkeit","120":"product_tag-persoenlichkeiten","121":"product_tag-photo","122":"product_tag-photoabzug","123":"product_tag-photoabzuege","124":"product_tag-photographie","125":"product_tag-photographien","126":"product_tag-photographin","127":"product_tag-photographinnen","128":"product_tag-photoreportage","129":"product_tag-plakat","130":"product_tag-plakate","131":"product_tag-plakatmotiv","132":"product_tag-portrait","133":"product_tag-portraitaufnahme","134":"product_tag-portraitfoto","135":"product_tag-portraitfotografie","136":"product_tag-portraitphoto","137":"product_tag-portraitphotographie","138":"product_tag-portraits","139":"product_tag-portraet","140":"product_tag-portraetaufnahme","141":"product_tag-portraetfoto","142":"product_tag-portraetfotografie","143":"product_tag-portraetphoto","144":"product_tag-portraetphotographie","145":"product_tag-portraets","146":"product_tag-poster","147":"product_tag-postermotiv","148":"product_tag-print","149":"product_tag-rauchend","150":"product_tag-rauchende","151":"product_tag-rauchenden","152":"product_tag-rauchender","153":"product_tag-rauchendes","154":"product_tag-reform","155":"product_tag-reformen","156":"product_tag-reformpaedagogik","157":"product_tag-s-w-fotografie","158":"product_tag-s-w-photographie","159":"product_tag-schulbildung","160":"product_tag-schule","161":"product_tag-schulen","162":"product_tag-schueler","163":"product_tag-schwarzweissphotographie","164":"product_tag-schwarz-weiss-fotografie","165":"product_tag-schwarz-weiss-photographie","166":"product_tag-schwarzweiss","167":"product_tag-schwarzweisse","168":"product_tag-schwarzweissen","169":"product_tag-schwarzweisser","170":"product_tag-schwarzweisses","171":"product_tag-schwarzweissfotografie","172":"product_tag-sechziger","173":"product_tag-silbergelatine","174":"product_tag-silbergelatineabzug","175":"product_tag-silbergelatineabzuege","176":"product_tag-silbergelatineprint","177":"product_tag-sitzen","178":"product_tag-sitzend","179":"product_tag-sitzende","180":"product_tag-sitzenden","181":"product_tag-sitzender","182":"product_tag-sitzendes","183":"product_tag-sitzt","184":"product_tag-slogan","185":"product_tag-sozialismus","186":"product_tag-sozialist","187":"product_tag-sozialisten","188":"product_tag-sozialistisch","189":"product_tag-sozialistische","190":"product_tag-sozialistischem","191":"product_tag-sozialistischen","192":"product_tag-sozialistischer","193":"product_tag-sozialistisches","194":"product_tag-sw-fotografie","195":"product_tag-sw-photographie","196":"product_tag-uljanow","197":"product_tag-vladimir-ili-uljanov","198":"product_tag-vladimir-ilyich-ulyanov","199":"product_tag-von-innen","200":"product_tag-wanddekor","201":"product_tag-wanddekoration","202":"product_tag-wanddekorationen","203":"product_tag-wanddekors","204":"product_tag-wladimir-iljitsch","205":"product_tag-wladimir-iljitsch-uljanow","206":"product_tag-zimmer","207":"product_tag-zimmers","208":"pa_datierung-dezember-1968","209":"pa_fotograf-abisag-tuellmann","210":"pa_geografischer_bezug-aufnahmeort-heppenheim-ober-hambach-deutschland","211":"pa_grunddaten_material_technik-foto-silbergelatine-auf-barytpapier","212":"pa_inventarnummer-tue-68-315-09","213":"pa_jahr_von-14267","214":"pa_massangaben-bildformat-foto-233-x-296-cm","215":"pa_mediennummer-62245","216":"pa_objekt_typ-fotografie","218":"first","219":"instock","220":"product-type-simple"},"yoast_head":"<!-- This site is optimized with the Yoast SEO plugin v27.3 - https:\/\/yoast.com\/product\/yoast-seo-wordpress\/ -->\n<title>Im Landerziehungsheim Odenwaldschule - Abisag T\u00fcllmann<\/title>\n<meta name=\"robots\" content=\"index, follow, max-snippet:-1, max-image-preview:large, max-video-preview:-1\" \/>\n<link rel=\"canonical\" href=\"https:\/\/bpk-archive.de\/tuellmann\/produkt\/im-landerziehungsheim-odenwaldschule\/\" \/>\n<meta property=\"og:locale\" content=\"de_DE\" \/>\n<meta property=\"og:type\" content=\"article\" \/>\n<meta property=\"og:title\" content=\"Im Landerziehungsheim Odenwaldschule - Abisag T\u00fcllmann\" \/>\n<meta property=\"og:description\" content=\"Der ehemalige OSO-Sch\u00fcler und Journalist Clemens Kuby interviewt den Sch\u00fcler Heiner Lindemann in seinem Internatszimmer R\u00fcckseitenbeschriftung von Hand der Fotografin: &#8222;Odenwaldschule&#8220;\" \/>\n<meta property=\"og:url\" content=\"https:\/\/bpk-archive.de\/tuellmann\/produkt\/im-landerziehungsheim-odenwaldschule\/\" \/>\n<meta property=\"og:site_name\" content=\"Abisag T\u00fcllmann\" \/>\n<meta property=\"article:modified_time\" content=\"2020-08-11T15:06:35+00:00\" \/>\n<meta property=\"og:image\" content=\"https:\/\/bpk-archive.de\/tuellmann\/wp-content\/uploads\/2019\/08\/bpk_70243162.jpg\" \/>\n\t<meta property=\"og:image:width\" content=\"1200\" \/>\n\t<meta property=\"og:image:height\" content=\"954\" \/>\n\t<meta property=\"og:image:type\" content=\"image\/jpeg\" \/>\n<meta name=\"twitter:card\" content=\"summary_large_image\" \/>\n<script type=\"application\/ld+json\" class=\"yoast-schema-graph\">{\"@context\":\"https:\\\/\\\/schema.org\",\"@graph\":[{\"@type\":\"WebPage\",\"@id\":\"https:\\\/\\\/bpk-archive.de\\\/tuellmann\\\/produkt\\\/im-landerziehungsheim-odenwaldschule\\\/\",\"url\":\"https:\\\/\\\/bpk-archive.de\\\/tuellmann\\\/produkt\\\/im-landerziehungsheim-odenwaldschule\\\/\",\"name\":\"Im Landerziehungsheim Odenwaldschule - Abisag T\u00fcllmann\",\"isPartOf\":{\"@id\":\"https:\\\/\\\/bpk-archive.de\\\/tuellmann\\\/#website\"},\"primaryImageOfPage\":{\"@id\":\"https:\\\/\\\/bpk-archive.de\\\/tuellmann\\\/produkt\\\/im-landerziehungsheim-odenwaldschule\\\/#primaryimage\"},\"image\":{\"@id\":\"https:\\\/\\\/bpk-archive.de\\\/tuellmann\\\/produkt\\\/im-landerziehungsheim-odenwaldschule\\\/#primaryimage\"},\"thumbnailUrl\":\"https:\\\/\\\/bpk-archive.de\\\/tuellmann\\\/wp-content\\\/uploads\\\/2019\\\/08\\\/bpk_70243162.jpg\",\"datePublished\":\"2019-09-05T13:58:43+00:00\",\"dateModified\":\"2020-08-11T15:06:35+00:00\",\"breadcrumb\":{\"@id\":\"https:\\\/\\\/bpk-archive.de\\\/tuellmann\\\/produkt\\\/im-landerziehungsheim-odenwaldschule\\\/#breadcrumb\"},\"inLanguage\":\"de\",\"potentialAction\":[{\"@type\":\"ReadAction\",\"target\":[\"https:\\\/\\\/bpk-archive.de\\\/tuellmann\\\/produkt\\\/im-landerziehungsheim-odenwaldschule\\\/\"]}]},{\"@type\":\"ImageObject\",\"inLanguage\":\"de\",\"@id\":\"https:\\\/\\\/bpk-archive.de\\\/tuellmann\\\/produkt\\\/im-landerziehungsheim-odenwaldschule\\\/#primaryimage\",\"url\":\"https:\\\/\\\/bpk-archive.de\\\/tuellmann\\\/wp-content\\\/uploads\\\/2019\\\/08\\\/bpk_70243162.jpg\",\"contentUrl\":\"https:\\\/\\\/bpk-archive.de\\\/tuellmann\\\/wp-content\\\/uploads\\\/2019\\\/08\\\/bpk_70243162.jpg\",\"width\":1200,\"height\":954,\"caption\":\"Im Landerziehungsheim Odenwaldschule\"},{\"@type\":\"BreadcrumbList\",\"@id\":\"https:\\\/\\\/bpk-archive.de\\\/tuellmann\\\/produkt\\\/im-landerziehungsheim-odenwaldschule\\\/#breadcrumb\",\"itemListElement\":[{\"@type\":\"ListItem\",\"position\":1,\"name\":\"Startseite\",\"item\":\"https:\\\/\\\/bpk-archive.de\\\/tuellmann\\\/\"},{\"@type\":\"ListItem\",\"position\":2,\"name\":\"Shop\",\"item\":\"https:\\\/\\\/bpk-archive.de\\\/tuellmann\\\/shop\\\/\"},{\"@type\":\"ListItem\",\"position\":3,\"name\":\"Im Landerziehungsheim Odenwaldschule\"}]},{\"@type\":\"WebSite\",\"@id\":\"https:\\\/\\\/bpk-archive.de\\\/tuellmann\\\/#website\",\"url\":\"https:\\\/\\\/bpk-archive.de\\\/tuellmann\\\/\",\"name\":\"Abisag T\u00fcllmann\",\"description\":\"Eine weitere WordPress-Website\",\"potentialAction\":[{\"@type\":\"SearchAction\",\"target\":{\"@type\":\"EntryPoint\",\"urlTemplate\":\"https:\\\/\\\/bpk-archive.de\\\/tuellmann\\\/?s={search_term_string}\"},\"query-input\":{\"@type\":\"PropertyValueSpecification\",\"valueRequired\":true,\"valueName\":\"search_term_string\"}}],\"inLanguage\":\"de\"}]}<\/script>\n<!-- \/ Yoast SEO plugin. -->","yoast_head_json":{"title":"Im Landerziehungsheim Odenwaldschule - Abisag T\u00fcllmann","robots":{"index":"index","follow":"follow","max-snippet":"max-snippet:-1","max-image-preview":"max-image-preview:large","max-video-preview":"max-video-preview:-1"},"canonical":"https:\/\/bpk-archive.de\/tuellmann\/produkt\/im-landerziehungsheim-odenwaldschule\/","og_locale":"de_DE","og_type":"article","og_title":"Im Landerziehungsheim Odenwaldschule - Abisag T\u00fcllmann","og_description":"Der ehemalige OSO-Sch\u00fcler und Journalist Clemens Kuby interviewt den Sch\u00fcler Heiner Lindemann in seinem Internatszimmer R\u00fcckseitenbeschriftung von Hand der Fotografin: &#8222;Odenwaldschule&#8220;","og_url":"https:\/\/bpk-archive.de\/tuellmann\/produkt\/im-landerziehungsheim-odenwaldschule\/","og_site_name":"Abisag T\u00fcllmann","article_modified_time":"2020-08-11T15:06:35+00:00","og_image":[{"width":1200,"height":954,"url":"https:\/\/bpk-archive.de\/tuellmann\/wp-content\/uploads\/2019\/08\/bpk_70243162.jpg","type":"image\/jpeg"}],"twitter_card":"summary_large_image","schema":{"@context":"https:\/\/schema.org","@graph":[{"@type":"WebPage","@id":"https:\/\/bpk-archive.de\/tuellmann\/produkt\/im-landerziehungsheim-odenwaldschule\/","url":"https:\/\/bpk-archive.de\/tuellmann\/produkt\/im-landerziehungsheim-odenwaldschule\/","name":"Im Landerziehungsheim Odenwaldschule - Abisag T\u00fcllmann","isPartOf":{"@id":"https:\/\/bpk-archive.de\/tuellmann\/#website"},"primaryImageOfPage":{"@id":"https:\/\/bpk-archive.de\/tuellmann\/produkt\/im-landerziehungsheim-odenwaldschule\/#primaryimage"},"image":{"@id":"https:\/\/bpk-archive.de\/tuellmann\/produkt\/im-landerziehungsheim-odenwaldschule\/#primaryimage"},"thumbnailUrl":"https:\/\/bpk-archive.de\/tuellmann\/wp-content\/uploads\/2019\/08\/bpk_70243162.jpg","datePublished":"2019-09-05T13:58:43+00:00","dateModified":"2020-08-11T15:06:35+00:00","breadcrumb":{"@id":"https:\/\/bpk-archive.de\/tuellmann\/produkt\/im-landerziehungsheim-odenwaldschule\/#breadcrumb"},"inLanguage":"de","potentialAction":[{"@type":"ReadAction","target":["https:\/\/bpk-archive.de\/tuellmann\/produkt\/im-landerziehungsheim-odenwaldschule\/"]}]},{"@type":"ImageObject","inLanguage":"de","@id":"https:\/\/bpk-archive.de\/tuellmann\/produkt\/im-landerziehungsheim-odenwaldschule\/#primaryimage","url":"https:\/\/bpk-archive.de\/tuellmann\/wp-content\/uploads\/2019\/08\/bpk_70243162.jpg","contentUrl":"https:\/\/bpk-archive.de\/tuellmann\/wp-content\/uploads\/2019\/08\/bpk_70243162.jpg","width":1200,"height":954,"caption":"Im Landerziehungsheim Odenwaldschule"},{"@type":"BreadcrumbList","@id":"https:\/\/bpk-archive.de\/tuellmann\/produkt\/im-landerziehungsheim-odenwaldschule\/#breadcrumb","itemListElement":[{"@type":"ListItem","position":1,"name":"Startseite","item":"https:\/\/bpk-archive.de\/tuellmann\/"},{"@type":"ListItem","position":2,"name":"Shop","item":"https:\/\/bpk-archive.de\/tuellmann\/shop\/"},{"@type":"ListItem","position":3,"name":"Im Landerziehungsheim Odenwaldschule"}]},{"@type":"WebSite","@id":"https:\/\/bpk-archive.de\/tuellmann\/#website","url":"https:\/\/bpk-archive.de\/tuellmann\/","name":"Abisag T\u00fcllmann","description":"Eine weitere WordPress-Website","potentialAction":[{"@type":"SearchAction","target":{"@type":"EntryPoint","urlTemplate":"https:\/\/bpk-archive.de\/tuellmann\/?s={search_term_string}"},"query-input":{"@type":"PropertyValueSpecification","valueRequired":true,"valueName":"search_term_string"}}],"inLanguage":"de"}]}},"_links":{"self":[{"href":"https:\/\/bpk-archive.de\/tuellmann\/wp-json\/wp\/v2\/product\/70296318","targetHints":{"allow":["GET"]}}],"collection":[{"href":"https:\/\/bpk-archive.de\/tuellmann\/wp-json\/wp\/v2\/product"}],"about":[{"href":"https:\/\/bpk-archive.de\/tuellmann\/wp-json\/wp\/v2\/types\/product"}],"wp:featuredmedia":[{"embeddable":true,"href":"https:\/\/bpk-archive.de\/tuellmann\/wp-json\/wp\/v2\/media\/70292497"}],"wp:attachment":[{"href":"https:\/\/bpk-archive.de\/tuellmann\/wp-json\/wp\/v2\/media?parent=70296318"}],"wp:term":[{"taxonomy":"product_brand","embeddable":true,"href":"https:\/\/bpk-archive.de\/tuellmann\/wp-json\/wp\/v2\/product_brand?post=70296318"},{"taxonomy":"product_cat","embeddable":true,"href":"https:\/\/bpk-archive.de\/tuellmann\/wp-json\/wp\/v2\/product_cat?post=70296318"},{"taxonomy":"product_tag","embeddable":true,"href":"https:\/\/bpk-archive.de\/tuellmann\/wp-json\/wp\/v2\/product_tag?post=70296318"}],"curies":[{"name":"wp","href":"https:\/\/api.w.org\/{rel}","templated":true}]}}