{"id":70296311,"date":"2019-09-05T15:58:28","date_gmt":"2019-09-05T13:58:28","guid":{"rendered":"http:\/\/abisagtuellmann.bpk-news.de\/atbild\/kind-mit-kwashiorkor-hungeroedem-in-einem-missionshospital-in-zululand\/"},"modified":"2019-09-05T15:58:37","modified_gmt":"2019-09-05T13:58:37","slug":"kind-mit-kwashiorkor-hungeroedem-in-einem-missionshospital-in-zululand","status":"publish","type":"product","link":"https:\/\/bpk-archive.de\/tuellmann\/produkt\/kind-mit-kwashiorkor-hungeroedem-in-einem-missionshospital-in-zululand\/","title":{"rendered":"Kind mit Kwashiorkor (Hunger\u00f6dem) in einem Missionshospital in Zululand"},"content":{"rendered":"<p>R\u00fcckseitenbeschriftung von Hand der Fotografin: &#8222;S\u00fcdafrika: ein Kind mit Kwashiorkor (Folge von mangelhafter Ern\u00e4hrung) in einem Missionshospital in Zululand&#8220;<\/p>\n","protected":false},"excerpt":{"rendered":"<p>R\u00fcckseitenbeschriftung von Hand der Fotografin: &#8222;S\u00fcdafrika: ein Kind mit Kwashiorkor (Folge von mangelhafter Ern\u00e4hrung) in einem Missionshospital in Zululand&#8220;<\/p>\n","protected":false},"featured_media":70292493,"template":"","meta":[],"product_brand":[],"product_cat":[],"product_tag":[13230,13232,13234,13231,13233,13235,13777,13236,13237,13240,13241,13242,13243,13244,13245,51804,62065,14177,13473,13293,13786,13787,13294,13295,13296,13297,13487,13488,50233,50234,50235,50236,50237,50238,62183,13498,14205,14206,14207,59938,59939,14213,14218,14219,54779,54780,54781,51882,51883,51884,54909,54910,54782,54783,54784,54911,51886,51887,62175,62176,47394,13328,13827,13828,13329,13330,13331,13332,13843,13877,13879,13865,13864,13866,13858,13859,13860,13861,13862,13863,13354,13869,13870,13871,13872,14243,14244,14245,14246,14247,14248,14249,54790,54791,54792,54793,13363,13364,13365,13366,13367,13368,13369,13878,13880,62184,62185,62186,62187,62188,62189,13525],"class_list":{"0":"post-70296311","1":"product","2":"type-product","3":"status-publish","4":"has-post-thumbnail","6":"product_tag-1970er-jahre","7":"product_tag-20-jahrhundert-nach-chr","8":"product_tag-20-jh-n-chr","9":"product_tag-20-jahrhundert","10":"product_tag-20-jh","11":"product_tag-70er","12":"product_tag-abzug","13":"product_tag-afrika","14":"product_tag-afrikaner","15":"product_tag-afrikanisch","16":"product_tag-afrikanische","17":"product_tag-afrikanischen","18":"product_tag-afrikanischer","19":"product_tag-afrikanisches","20":"product_tag-afrikas","21":"product_tag-at_suedafrika","22":"product_tag-atb_012","23":"product_tag-blickkontakt","24":"product_tag-drinnen","25":"product_tag-foto","26":"product_tag-fotoabzug","27":"product_tag-fotoabzuege","28":"product_tag-fotografie","29":"product_tag-fotografien","30":"product_tag-fotografin","31":"product_tag-fotografinnen","32":"product_tag-frau","33":"product_tag-frauen","34":"product_tag-halten","35":"product_tag-haltend","36":"product_tag-haltende","37":"product_tag-haltenden","38":"product_tag-haltender","39":"product_tag-haltendes","40":"product_tag-hunger","41":"product_tag-innen","42":"product_tag-kind","43":"product_tag-kinde","44":"product_tag-kinder","45":"product_tag-kinderbett","46":"product_tag-kinderbetten","47":"product_tag-kindern","48":"product_tag-kindes","49":"product_tag-kindheit","50":"product_tag-klinik","51":"product_tag-kliniken","52":"product_tag-klinikum","53":"product_tag-krank","54":"product_tag-kranke","55":"product_tag-kranken","56":"product_tag-krankenbett","57":"product_tag-krankenbetten","58":"product_tag-krankenhaus","59":"product_tag-krankenhaeuser","60":"product_tag-krankenhauses","61":"product_tag-krankenlager","62":"product_tag-kranker","63":"product_tag-krankes","64":"product_tag-missionsstation","65":"product_tag-missionsstationen","66":"product_tag-mutter","67":"product_tag-photo","68":"product_tag-photoabzug","69":"product_tag-photoabzuege","70":"product_tag-photographie","71":"product_tag-photographien","72":"product_tag-photographin","73":"product_tag-photographinnen","74":"product_tag-print","75":"product_tag-s-w-fotografie","76":"product_tag-s-w-photographie","77":"product_tag-schwarzweissphotographie","78":"product_tag-schwarz-weiss-fotografie","79":"product_tag-schwarz-weiss-photographie","80":"product_tag-schwarzweiss","81":"product_tag-schwarzweisse","82":"product_tag-schwarzweissen","83":"product_tag-schwarzweisser","84":"product_tag-schwarzweisses","85":"product_tag-schwarzweissfotografie","86":"product_tag-siebziger","87":"product_tag-silbergelatine","88":"product_tag-silbergelatineabzug","89":"product_tag-silbergelatineabzuege","90":"product_tag-silbergelatineprint","91":"product_tag-sitzen","92":"product_tag-sitzend","93":"product_tag-sitzende","94":"product_tag-sitzenden","95":"product_tag-sitzender","96":"product_tag-sitzendes","97":"product_tag-sitzt","98":"product_tag-spital","99":"product_tag-spitaeler","100":"product_tag-spitales","101":"product_tag-spitals","102":"product_tag-suedafrika","103":"product_tag-suedafrikanisch","104":"product_tag-suedafrikanische","105":"product_tag-suedafrikanischen","106":"product_tag-suedafrikanischer","107":"product_tag-suedafrikanisches","108":"product_tag-suedafrikas","109":"product_tag-sw-fotografie","110":"product_tag-sw-photographie","111":"product_tag-unterernaehrt","112":"product_tag-unterernaehrte","113":"product_tag-unterernaehrten","114":"product_tag-unterernaehrter","115":"product_tag-unterernaehrtes","116":"product_tag-unterernaehrung","117":"product_tag-von-innen","118":"pa_datierung-oktober-1971","119":"pa_fotograf-abisag-tuellmann","120":"pa_geografischer_bezug-aufnahmeort-zululand-suedafrika","121":"pa_grunddaten_material_technik-foto-silbergelatine-auf-barytpapier","122":"pa_inventarnummer-tue-71-219-32a","123":"pa_jahr_von-49516","124":"pa_massangaben-bildformat-foto-232-x-303-cm","125":"pa_mediennummer-62180","126":"pa_objekt_typ-fotografie","128":"first","129":"instock","130":"product-type-simple"},"yoast_head":"<!-- This site is optimized with the Yoast SEO plugin v27.4 - https:\/\/yoast.com\/product\/yoast-seo-wordpress\/ -->\n<title>Kind mit Kwashiorkor (Hunger\u00f6dem) in einem Missionshospital in Zululand - Abisag T\u00fcllmann<\/title>\n<meta name=\"robots\" content=\"index, follow, max-snippet:-1, max-image-preview:large, max-video-preview:-1\" \/>\n<link rel=\"canonical\" href=\"https:\/\/bpk-archive.de\/tuellmann\/produkt\/kind-mit-kwashiorkor-hungeroedem-in-einem-missionshospital-in-zululand\/\" \/>\n<meta property=\"og:locale\" content=\"de_DE\" \/>\n<meta property=\"og:type\" content=\"article\" \/>\n<meta property=\"og:title\" content=\"Kind mit Kwashiorkor (Hunger\u00f6dem) in einem Missionshospital in Zululand - Abisag T\u00fcllmann\" \/>\n<meta property=\"og:description\" content=\"R\u00fcckseitenbeschriftung von Hand der Fotografin: &#8222;S\u00fcdafrika: ein Kind mit Kwashiorkor (Folge von mangelhafter Ern\u00e4hrung) in einem Missionshospital in Zululand&#8220;\" \/>\n<meta property=\"og:url\" content=\"https:\/\/bpk-archive.de\/tuellmann\/produkt\/kind-mit-kwashiorkor-hungeroedem-in-einem-missionshospital-in-zululand\/\" \/>\n<meta property=\"og:site_name\" content=\"Abisag T\u00fcllmann\" \/>\n<meta property=\"article:modified_time\" content=\"2019-09-05T13:58:37+00:00\" \/>\n<meta property=\"og:image\" content=\"https:\/\/bpk-archive.de\/tuellmann\/wp-content\/uploads\/2019\/08\/bpk_70243210.jpg\" \/>\n\t<meta property=\"og:image:width\" content=\"1200\" \/>\n\t<meta property=\"og:image:height\" content=\"929\" \/>\n\t<meta property=\"og:image:type\" content=\"image\/jpeg\" \/>\n<meta name=\"twitter:card\" content=\"summary_large_image\" \/>\n<script type=\"application\/ld+json\" class=\"yoast-schema-graph\">{\"@context\":\"https:\\\/\\\/schema.org\",\"@graph\":[{\"@type\":\"WebPage\",\"@id\":\"https:\\\/\\\/bpk-archive.de\\\/tuellmann\\\/produkt\\\/kind-mit-kwashiorkor-hungeroedem-in-einem-missionshospital-in-zululand\\\/\",\"url\":\"https:\\\/\\\/bpk-archive.de\\\/tuellmann\\\/produkt\\\/kind-mit-kwashiorkor-hungeroedem-in-einem-missionshospital-in-zululand\\\/\",\"name\":\"Kind mit Kwashiorkor (Hunger\u00f6dem) in einem Missionshospital in Zululand - Abisag T\u00fcllmann\",\"isPartOf\":{\"@id\":\"https:\\\/\\\/bpk-archive.de\\\/tuellmann\\\/#website\"},\"primaryImageOfPage\":{\"@id\":\"https:\\\/\\\/bpk-archive.de\\\/tuellmann\\\/produkt\\\/kind-mit-kwashiorkor-hungeroedem-in-einem-missionshospital-in-zululand\\\/#primaryimage\"},\"image\":{\"@id\":\"https:\\\/\\\/bpk-archive.de\\\/tuellmann\\\/produkt\\\/kind-mit-kwashiorkor-hungeroedem-in-einem-missionshospital-in-zululand\\\/#primaryimage\"},\"thumbnailUrl\":\"https:\\\/\\\/bpk-archive.de\\\/tuellmann\\\/wp-content\\\/uploads\\\/2019\\\/08\\\/bpk_70243210.jpg\",\"datePublished\":\"2019-09-05T13:58:28+00:00\",\"dateModified\":\"2019-09-05T13:58:37+00:00\",\"breadcrumb\":{\"@id\":\"https:\\\/\\\/bpk-archive.de\\\/tuellmann\\\/produkt\\\/kind-mit-kwashiorkor-hungeroedem-in-einem-missionshospital-in-zululand\\\/#breadcrumb\"},\"inLanguage\":\"de\",\"potentialAction\":[{\"@type\":\"ReadAction\",\"target\":[\"https:\\\/\\\/bpk-archive.de\\\/tuellmann\\\/produkt\\\/kind-mit-kwashiorkor-hungeroedem-in-einem-missionshospital-in-zululand\\\/\"]}]},{\"@type\":\"ImageObject\",\"inLanguage\":\"de\",\"@id\":\"https:\\\/\\\/bpk-archive.de\\\/tuellmann\\\/produkt\\\/kind-mit-kwashiorkor-hungeroedem-in-einem-missionshospital-in-zululand\\\/#primaryimage\",\"url\":\"https:\\\/\\\/bpk-archive.de\\\/tuellmann\\\/wp-content\\\/uploads\\\/2019\\\/08\\\/bpk_70243210.jpg\",\"contentUrl\":\"https:\\\/\\\/bpk-archive.de\\\/tuellmann\\\/wp-content\\\/uploads\\\/2019\\\/08\\\/bpk_70243210.jpg\",\"width\":1200,\"height\":929,\"caption\":\"Kind mit Kwashiorkor (Hunger\u00f6dem) in einem Missionshospital in Zululand\"},{\"@type\":\"BreadcrumbList\",\"@id\":\"https:\\\/\\\/bpk-archive.de\\\/tuellmann\\\/produkt\\\/kind-mit-kwashiorkor-hungeroedem-in-einem-missionshospital-in-zululand\\\/#breadcrumb\",\"itemListElement\":[{\"@type\":\"ListItem\",\"position\":1,\"name\":\"Startseite\",\"item\":\"https:\\\/\\\/bpk-archive.de\\\/tuellmann\\\/\"},{\"@type\":\"ListItem\",\"position\":2,\"name\":\"Shop\",\"item\":\"https:\\\/\\\/bpk-archive.de\\\/tuellmann\\\/shop\\\/\"},{\"@type\":\"ListItem\",\"position\":3,\"name\":\"Kind mit Kwashiorkor (Hunger\u00f6dem) in einem Missionshospital in Zululand\"}]},{\"@type\":\"WebSite\",\"@id\":\"https:\\\/\\\/bpk-archive.de\\\/tuellmann\\\/#website\",\"url\":\"https:\\\/\\\/bpk-archive.de\\\/tuellmann\\\/\",\"name\":\"Abisag T\u00fcllmann\",\"description\":\"Eine weitere WordPress-Website\",\"potentialAction\":[{\"@type\":\"SearchAction\",\"target\":{\"@type\":\"EntryPoint\",\"urlTemplate\":\"https:\\\/\\\/bpk-archive.de\\\/tuellmann\\\/?s={search_term_string}\"},\"query-input\":{\"@type\":\"PropertyValueSpecification\",\"valueRequired\":true,\"valueName\":\"search_term_string\"}}],\"inLanguage\":\"de\"}]}<\/script>\n<!-- \/ Yoast SEO plugin. -->","yoast_head_json":{"title":"Kind mit Kwashiorkor (Hunger\u00f6dem) in einem Missionshospital in Zululand - Abisag T\u00fcllmann","robots":{"index":"index","follow":"follow","max-snippet":"max-snippet:-1","max-image-preview":"max-image-preview:large","max-video-preview":"max-video-preview:-1"},"canonical":"https:\/\/bpk-archive.de\/tuellmann\/produkt\/kind-mit-kwashiorkor-hungeroedem-in-einem-missionshospital-in-zululand\/","og_locale":"de_DE","og_type":"article","og_title":"Kind mit Kwashiorkor (Hunger\u00f6dem) in einem Missionshospital in Zululand - Abisag T\u00fcllmann","og_description":"R\u00fcckseitenbeschriftung von Hand der Fotografin: &#8222;S\u00fcdafrika: ein Kind mit Kwashiorkor (Folge von mangelhafter Ern\u00e4hrung) in einem Missionshospital in Zululand&#8220;","og_url":"https:\/\/bpk-archive.de\/tuellmann\/produkt\/kind-mit-kwashiorkor-hungeroedem-in-einem-missionshospital-in-zululand\/","og_site_name":"Abisag T\u00fcllmann","article_modified_time":"2019-09-05T13:58:37+00:00","og_image":[{"width":1200,"height":929,"url":"https:\/\/bpk-archive.de\/tuellmann\/wp-content\/uploads\/2019\/08\/bpk_70243210.jpg","type":"image\/jpeg"}],"twitter_card":"summary_large_image","schema":{"@context":"https:\/\/schema.org","@graph":[{"@type":"WebPage","@id":"https:\/\/bpk-archive.de\/tuellmann\/produkt\/kind-mit-kwashiorkor-hungeroedem-in-einem-missionshospital-in-zululand\/","url":"https:\/\/bpk-archive.de\/tuellmann\/produkt\/kind-mit-kwashiorkor-hungeroedem-in-einem-missionshospital-in-zululand\/","name":"Kind mit Kwashiorkor (Hunger\u00f6dem) in einem Missionshospital in Zululand - Abisag T\u00fcllmann","isPartOf":{"@id":"https:\/\/bpk-archive.de\/tuellmann\/#website"},"primaryImageOfPage":{"@id":"https:\/\/bpk-archive.de\/tuellmann\/produkt\/kind-mit-kwashiorkor-hungeroedem-in-einem-missionshospital-in-zululand\/#primaryimage"},"image":{"@id":"https:\/\/bpk-archive.de\/tuellmann\/produkt\/kind-mit-kwashiorkor-hungeroedem-in-einem-missionshospital-in-zululand\/#primaryimage"},"thumbnailUrl":"https:\/\/bpk-archive.de\/tuellmann\/wp-content\/uploads\/2019\/08\/bpk_70243210.jpg","datePublished":"2019-09-05T13:58:28+00:00","dateModified":"2019-09-05T13:58:37+00:00","breadcrumb":{"@id":"https:\/\/bpk-archive.de\/tuellmann\/produkt\/kind-mit-kwashiorkor-hungeroedem-in-einem-missionshospital-in-zululand\/#breadcrumb"},"inLanguage":"de","potentialAction":[{"@type":"ReadAction","target":["https:\/\/bpk-archive.de\/tuellmann\/produkt\/kind-mit-kwashiorkor-hungeroedem-in-einem-missionshospital-in-zululand\/"]}]},{"@type":"ImageObject","inLanguage":"de","@id":"https:\/\/bpk-archive.de\/tuellmann\/produkt\/kind-mit-kwashiorkor-hungeroedem-in-einem-missionshospital-in-zululand\/#primaryimage","url":"https:\/\/bpk-archive.de\/tuellmann\/wp-content\/uploads\/2019\/08\/bpk_70243210.jpg","contentUrl":"https:\/\/bpk-archive.de\/tuellmann\/wp-content\/uploads\/2019\/08\/bpk_70243210.jpg","width":1200,"height":929,"caption":"Kind mit Kwashiorkor (Hunger\u00f6dem) in einem Missionshospital in Zululand"},{"@type":"BreadcrumbList","@id":"https:\/\/bpk-archive.de\/tuellmann\/produkt\/kind-mit-kwashiorkor-hungeroedem-in-einem-missionshospital-in-zululand\/#breadcrumb","itemListElement":[{"@type":"ListItem","position":1,"name":"Startseite","item":"https:\/\/bpk-archive.de\/tuellmann\/"},{"@type":"ListItem","position":2,"name":"Shop","item":"https:\/\/bpk-archive.de\/tuellmann\/shop\/"},{"@type":"ListItem","position":3,"name":"Kind mit Kwashiorkor (Hunger\u00f6dem) in einem Missionshospital in Zululand"}]},{"@type":"WebSite","@id":"https:\/\/bpk-archive.de\/tuellmann\/#website","url":"https:\/\/bpk-archive.de\/tuellmann\/","name":"Abisag T\u00fcllmann","description":"Eine weitere WordPress-Website","potentialAction":[{"@type":"SearchAction","target":{"@type":"EntryPoint","urlTemplate":"https:\/\/bpk-archive.de\/tuellmann\/?s={search_term_string}"},"query-input":{"@type":"PropertyValueSpecification","valueRequired":true,"valueName":"search_term_string"}}],"inLanguage":"de"}]}},"_links":{"self":[{"href":"https:\/\/bpk-archive.de\/tuellmann\/wp-json\/wp\/v2\/product\/70296311","targetHints":{"allow":["GET"]}}],"collection":[{"href":"https:\/\/bpk-archive.de\/tuellmann\/wp-json\/wp\/v2\/product"}],"about":[{"href":"https:\/\/bpk-archive.de\/tuellmann\/wp-json\/wp\/v2\/types\/product"}],"wp:featuredmedia":[{"embeddable":true,"href":"https:\/\/bpk-archive.de\/tuellmann\/wp-json\/wp\/v2\/media\/70292493"}],"wp:attachment":[{"href":"https:\/\/bpk-archive.de\/tuellmann\/wp-json\/wp\/v2\/media?parent=70296311"}],"wp:term":[{"taxonomy":"product_brand","embeddable":true,"href":"https:\/\/bpk-archive.de\/tuellmann\/wp-json\/wp\/v2\/product_brand?post=70296311"},{"taxonomy":"product_cat","embeddable":true,"href":"https:\/\/bpk-archive.de\/tuellmann\/wp-json\/wp\/v2\/product_cat?post=70296311"},{"taxonomy":"product_tag","embeddable":true,"href":"https:\/\/bpk-archive.de\/tuellmann\/wp-json\/wp\/v2\/product_tag?post=70296311"}],"curies":[{"name":"wp","href":"https:\/\/api.w.org\/{rel}","templated":true}]}}