{"id":70296307,"date":"2019-09-05T15:58:28","date_gmt":"2019-09-05T13:58:28","guid":{"rendered":"http:\/\/abisagtuellmann.bpk-news.de\/atbild\/arbeiter-der-goldmine-winkelhaag-in-evander-suedafrika\/"},"modified":"2020-08-12T10:29:00","modified_gmt":"2020-08-12T08:29:00","slug":"arbeiter-der-goldmine-winkelhaag-in-evander-suedafrika","status":"publish","type":"product","link":"https:\/\/bpk-archive.de\/tuellmann\/produkt\/arbeiter-der-goldmine-winkelhaag-in-evander-suedafrika\/","title":{"rendered":"Arbeiter der Goldmine Winkelhaag in Evander, S\u00fcdafrika"},"content":{"rendered":"<p>Seine Arbeitsuniform ist am R\u00fccken mit der Abk\u00fcrzung &#8222;W.H.m.&#8220; und einer Nummer versehen R\u00fcckseitenbeschriftung von Hand der Fotografin: &#8222;S\u00fcdafrika, Goldmine Winkelhaak in Evander&#8220;<\/p>\n","protected":false},"excerpt":{"rendered":"<p>Seine Arbeitsuniform ist am R\u00fccken mit der Abk\u00fcrzung &#8222;W.H.m.&#8220; und einer Nummer versehen R\u00fcckseitenbeschriftung von Hand der Fotografin: &#8222;S\u00fcdafrika, Goldmine Winkelhaak in Evander&#8220;<\/p>\n","protected":false},"featured_media":70292514,"template":"","meta":[],"product_brand":[],"product_cat":[73397],"product_tag":[13230,13232,13234,13231,13233,13235,13777,13236,13237,13240,13241,13242,13243,13244,13245,50425,50426,47456,47457,47458,47459,47460,47461,47462,13604,13605,62063,62064,49961,51804,62065,48438,48355,48356,48357,48358,13784,13785,13473,13261,13268,13269,13270,13271,13293,13786,13787,13294,13295,13296,13297,62073,62074,13498,60703,60704,13818,13819,13820,13821,13822,13823,13824,13825,13826,62077,62078,62079,62080,62081,13328,13827,13828,13329,13330,13331,13332,13829,13830,13831,13832,13833,13834,13835,13836,13837,13838,13839,13840,13841,13842,13843,47594,53139,62163,47595,13877,13879,48364,48365,13865,13864,13866,13351,13352,13353,13858,13859,13860,13861,13862,13863,13354,13869,13870,13871,13872,13363,51811,13364,13365,13366,13367,13368,13369,13878,13880,47615,13525],"class_list":{"0":"post-70296307","1":"product","2":"type-product","3":"status-publish","4":"has-post-thumbnail","6":"product_cat-suedafrika","7":"product_tag-1970er-jahre","8":"product_tag-20-jahrhundert-nach-chr","9":"product_tag-20-jh-n-chr","10":"product_tag-20-jahrhundert","11":"product_tag-20-jh","12":"product_tag-70er","13":"product_tag-abzug","14":"product_tag-afrika","15":"product_tag-afrikaner","16":"product_tag-afrikanisch","17":"product_tag-afrikanische","18":"product_tag-afrikanischen","19":"product_tag-afrikanischer","20":"product_tag-afrikanisches","21":"product_tag-afrikas","22":"product_tag-anzug","23":"product_tag-anzuege","24":"product_tag-arbeit","25":"product_tag-arbeiten","26":"product_tag-arbeitend","27":"product_tag-arbeitende","28":"product_tag-arbeitenden","29":"product_tag-arbeitender","30":"product_tag-arbeitendes","31":"product_tag-arbeiter","32":"product_tag-arbeitern","33":"product_tag-arbeitsbedingung","34":"product_tag-arbeitsbedingungen","35":"product_tag-arbeitskleidung","36":"product_tag-at_suedafrika","37":"product_tag-atb_012","38":"product_tag-aufschrift","39":"product_tag-beschriftet","40":"product_tag-beschriftete","41":"product_tag-beschrifteter","42":"product_tag-beschriftetes","43":"product_tag-bildnis","44":"product_tag-bildnisse","45":"product_tag-drinnen","46":"product_tag-dunkelhaeutiger","47":"product_tag-farbige","48":"product_tag-farbigen","49":"product_tag-farbiger","50":"product_tag-farbiges","51":"product_tag-foto","52":"product_tag-fotoabzug","53":"product_tag-fotoabzuege","54":"product_tag-fotografie","55":"product_tag-fotografien","56":"product_tag-fotografin","57":"product_tag-fotografinnen","58":"product_tag-goldmine","59":"product_tag-goldminen","60":"product_tag-innen","61":"product_tag-kennzeichnen","62":"product_tag-kennzeichnung","63":"product_tag-mann","64":"product_tag-maenner","65":"product_tag-maennerbildnis","66":"product_tag-maennerbildnisse","67":"product_tag-maennerportrait","68":"product_tag-maennerportraits","69":"product_tag-maennerportraet","70":"product_tag-maennerportraets","71":"product_tag-mannes","72":"product_tag-mine","73":"product_tag-minen","74":"product_tag-minenarbeiter","75":"product_tag-minenarbeitern","76":"product_tag-minenarbeiters","77":"product_tag-photo","78":"product_tag-photoabzug","79":"product_tag-photoabzuege","80":"product_tag-photographie","81":"product_tag-photographien","82":"product_tag-photographin","83":"product_tag-photographinnen","84":"product_tag-portrait","85":"product_tag-portraitaufnahme","86":"product_tag-portraitfoto","87":"product_tag-portraitfotografie","88":"product_tag-portraitphoto","89":"product_tag-portraitphotographie","90":"product_tag-portraits","91":"product_tag-portraet","92":"product_tag-portraetaufnahme","93":"product_tag-portraetfoto","94":"product_tag-portraetfotografie","95":"product_tag-portraetphoto","96":"product_tag-portraetphotographie","97":"product_tag-portraets","98":"product_tag-print","99":"product_tag-rueckansicht","100":"product_tag-ruecken","101":"product_tag-rueckens","102":"product_tag-rueckseite","103":"product_tag-s-w-fotografie","104":"product_tag-s-w-photographie","105":"product_tag-schrift","106":"product_tag-schriften","107":"product_tag-schwarzweissphotographie","108":"product_tag-schwarz-weiss-fotografie","109":"product_tag-schwarz-weiss-photographie","110":"product_tag-schwarze","111":"product_tag-schwarzen","112":"product_tag-schwarzer","113":"product_tag-schwarzweiss","114":"product_tag-schwarzweisse","115":"product_tag-schwarzweissen","116":"product_tag-schwarzweisser","117":"product_tag-schwarzweisses","118":"product_tag-schwarzweissfotografie","119":"product_tag-siebziger","120":"product_tag-silbergelatine","121":"product_tag-silbergelatineabzug","122":"product_tag-silbergelatineabzuege","123":"product_tag-silbergelatineprint","124":"product_tag-suedafrika","125":"product_tag-suedafrikaner","126":"product_tag-suedafrikanisch","127":"product_tag-suedafrikanische","128":"product_tag-suedafrikanischen","129":"product_tag-suedafrikanischer","130":"product_tag-suedafrikanisches","131":"product_tag-suedafrikas","132":"product_tag-sw-fotografie","133":"product_tag-sw-photographie","134":"product_tag-von-hinten","135":"product_tag-von-innen","136":"pa_datierung-oktober-1971","137":"pa_fotograf-abisag-tuellmann","138":"pa_geografischer_bezug-aufnahmeort-evander-suedafrika","139":"pa_grunddaten_material_technik-foto-silbergelatine-auf-barytpapier","140":"pa_inventarnummer-tue-71-202-33","141":"pa_jahr_von-49516","142":"pa_massangaben-bildformat-foto-303-x-232-cm","143":"pa_mediennummer-62161","144":"pa_objekt_typ-fotografie","146":"first","147":"instock","148":"product-type-simple"},"yoast_head":"<!-- This site is optimized with the Yoast SEO plugin v27.4 - https:\/\/yoast.com\/product\/yoast-seo-wordpress\/ -->\n<title>Arbeiter der Goldmine Winkelhaag in Evander, S\u00fcdafrika - Abisag T\u00fcllmann<\/title>\n<meta name=\"robots\" content=\"index, follow, max-snippet:-1, max-image-preview:large, max-video-preview:-1\" \/>\n<link rel=\"canonical\" href=\"https:\/\/bpk-archive.de\/tuellmann\/produkt\/arbeiter-der-goldmine-winkelhaag-in-evander-suedafrika\/\" \/>\n<meta property=\"og:locale\" content=\"de_DE\" \/>\n<meta property=\"og:type\" content=\"article\" \/>\n<meta property=\"og:title\" content=\"Arbeiter der Goldmine Winkelhaag in Evander, S\u00fcdafrika - Abisag T\u00fcllmann\" \/>\n<meta property=\"og:description\" content=\"Seine Arbeitsuniform ist am R\u00fccken mit der Abk\u00fcrzung &#8222;W.H.m.&#8220; und einer Nummer versehen R\u00fcckseitenbeschriftung von Hand der Fotografin: &#8222;S\u00fcdafrika, Goldmine Winkelhaak in Evander&#8220;\" \/>\n<meta property=\"og:url\" content=\"https:\/\/bpk-archive.de\/tuellmann\/produkt\/arbeiter-der-goldmine-winkelhaag-in-evander-suedafrika\/\" \/>\n<meta property=\"og:site_name\" content=\"Abisag T\u00fcllmann\" \/>\n<meta property=\"article:modified_time\" content=\"2020-08-12T08:29:00+00:00\" \/>\n<meta property=\"og:image\" content=\"https:\/\/bpk-archive.de\/tuellmann\/wp-content\/uploads\/2019\/08\/bpk_70243217.jpg\" \/>\n\t<meta property=\"og:image:width\" content=\"934\" \/>\n\t<meta property=\"og:image:height\" content=\"1200\" \/>\n\t<meta property=\"og:image:type\" content=\"image\/jpeg\" \/>\n<meta name=\"twitter:card\" content=\"summary_large_image\" \/>\n<script type=\"application\/ld+json\" class=\"yoast-schema-graph\">{\"@context\":\"https:\\\/\\\/schema.org\",\"@graph\":[{\"@type\":\"WebPage\",\"@id\":\"https:\\\/\\\/bpk-archive.de\\\/tuellmann\\\/produkt\\\/arbeiter-der-goldmine-winkelhaag-in-evander-suedafrika\\\/\",\"url\":\"https:\\\/\\\/bpk-archive.de\\\/tuellmann\\\/produkt\\\/arbeiter-der-goldmine-winkelhaag-in-evander-suedafrika\\\/\",\"name\":\"Arbeiter der Goldmine Winkelhaag in Evander, S\u00fcdafrika - Abisag T\u00fcllmann\",\"isPartOf\":{\"@id\":\"https:\\\/\\\/bpk-archive.de\\\/tuellmann\\\/#website\"},\"primaryImageOfPage\":{\"@id\":\"https:\\\/\\\/bpk-archive.de\\\/tuellmann\\\/produkt\\\/arbeiter-der-goldmine-winkelhaag-in-evander-suedafrika\\\/#primaryimage\"},\"image\":{\"@id\":\"https:\\\/\\\/bpk-archive.de\\\/tuellmann\\\/produkt\\\/arbeiter-der-goldmine-winkelhaag-in-evander-suedafrika\\\/#primaryimage\"},\"thumbnailUrl\":\"https:\\\/\\\/bpk-archive.de\\\/tuellmann\\\/wp-content\\\/uploads\\\/2019\\\/08\\\/bpk_70243217.jpg\",\"datePublished\":\"2019-09-05T13:58:28+00:00\",\"dateModified\":\"2020-08-12T08:29:00+00:00\",\"breadcrumb\":{\"@id\":\"https:\\\/\\\/bpk-archive.de\\\/tuellmann\\\/produkt\\\/arbeiter-der-goldmine-winkelhaag-in-evander-suedafrika\\\/#breadcrumb\"},\"inLanguage\":\"de\",\"potentialAction\":[{\"@type\":\"ReadAction\",\"target\":[\"https:\\\/\\\/bpk-archive.de\\\/tuellmann\\\/produkt\\\/arbeiter-der-goldmine-winkelhaag-in-evander-suedafrika\\\/\"]}]},{\"@type\":\"ImageObject\",\"inLanguage\":\"de\",\"@id\":\"https:\\\/\\\/bpk-archive.de\\\/tuellmann\\\/produkt\\\/arbeiter-der-goldmine-winkelhaag-in-evander-suedafrika\\\/#primaryimage\",\"url\":\"https:\\\/\\\/bpk-archive.de\\\/tuellmann\\\/wp-content\\\/uploads\\\/2019\\\/08\\\/bpk_70243217.jpg\",\"contentUrl\":\"https:\\\/\\\/bpk-archive.de\\\/tuellmann\\\/wp-content\\\/uploads\\\/2019\\\/08\\\/bpk_70243217.jpg\",\"width\":934,\"height\":1200,\"caption\":\"Arbeiter der Goldmine Winkelhaag in Evander, S\u00fcdafrika\"},{\"@type\":\"BreadcrumbList\",\"@id\":\"https:\\\/\\\/bpk-archive.de\\\/tuellmann\\\/produkt\\\/arbeiter-der-goldmine-winkelhaag-in-evander-suedafrika\\\/#breadcrumb\",\"itemListElement\":[{\"@type\":\"ListItem\",\"position\":1,\"name\":\"Startseite\",\"item\":\"https:\\\/\\\/bpk-archive.de\\\/tuellmann\\\/\"},{\"@type\":\"ListItem\",\"position\":2,\"name\":\"Shop\",\"item\":\"https:\\\/\\\/bpk-archive.de\\\/tuellmann\\\/shop\\\/\"},{\"@type\":\"ListItem\",\"position\":3,\"name\":\"Arbeiter der Goldmine Winkelhaag in Evander, S\u00fcdafrika\"}]},{\"@type\":\"WebSite\",\"@id\":\"https:\\\/\\\/bpk-archive.de\\\/tuellmann\\\/#website\",\"url\":\"https:\\\/\\\/bpk-archive.de\\\/tuellmann\\\/\",\"name\":\"Abisag T\u00fcllmann\",\"description\":\"Eine weitere WordPress-Website\",\"potentialAction\":[{\"@type\":\"SearchAction\",\"target\":{\"@type\":\"EntryPoint\",\"urlTemplate\":\"https:\\\/\\\/bpk-archive.de\\\/tuellmann\\\/?s={search_term_string}\"},\"query-input\":{\"@type\":\"PropertyValueSpecification\",\"valueRequired\":true,\"valueName\":\"search_term_string\"}}],\"inLanguage\":\"de\"}]}<\/script>\n<!-- \/ Yoast SEO plugin. -->","yoast_head_json":{"title":"Arbeiter der Goldmine Winkelhaag in Evander, S\u00fcdafrika - Abisag T\u00fcllmann","robots":{"index":"index","follow":"follow","max-snippet":"max-snippet:-1","max-image-preview":"max-image-preview:large","max-video-preview":"max-video-preview:-1"},"canonical":"https:\/\/bpk-archive.de\/tuellmann\/produkt\/arbeiter-der-goldmine-winkelhaag-in-evander-suedafrika\/","og_locale":"de_DE","og_type":"article","og_title":"Arbeiter der Goldmine Winkelhaag in Evander, S\u00fcdafrika - Abisag T\u00fcllmann","og_description":"Seine Arbeitsuniform ist am R\u00fccken mit der Abk\u00fcrzung &#8222;W.H.m.&#8220; und einer Nummer versehen R\u00fcckseitenbeschriftung von Hand der Fotografin: &#8222;S\u00fcdafrika, Goldmine Winkelhaak in Evander&#8220;","og_url":"https:\/\/bpk-archive.de\/tuellmann\/produkt\/arbeiter-der-goldmine-winkelhaag-in-evander-suedafrika\/","og_site_name":"Abisag T\u00fcllmann","article_modified_time":"2020-08-12T08:29:00+00:00","og_image":[{"width":934,"height":1200,"url":"https:\/\/bpk-archive.de\/tuellmann\/wp-content\/uploads\/2019\/08\/bpk_70243217.jpg","type":"image\/jpeg"}],"twitter_card":"summary_large_image","schema":{"@context":"https:\/\/schema.org","@graph":[{"@type":"WebPage","@id":"https:\/\/bpk-archive.de\/tuellmann\/produkt\/arbeiter-der-goldmine-winkelhaag-in-evander-suedafrika\/","url":"https:\/\/bpk-archive.de\/tuellmann\/produkt\/arbeiter-der-goldmine-winkelhaag-in-evander-suedafrika\/","name":"Arbeiter der Goldmine Winkelhaag in Evander, S\u00fcdafrika - Abisag T\u00fcllmann","isPartOf":{"@id":"https:\/\/bpk-archive.de\/tuellmann\/#website"},"primaryImageOfPage":{"@id":"https:\/\/bpk-archive.de\/tuellmann\/produkt\/arbeiter-der-goldmine-winkelhaag-in-evander-suedafrika\/#primaryimage"},"image":{"@id":"https:\/\/bpk-archive.de\/tuellmann\/produkt\/arbeiter-der-goldmine-winkelhaag-in-evander-suedafrika\/#primaryimage"},"thumbnailUrl":"https:\/\/bpk-archive.de\/tuellmann\/wp-content\/uploads\/2019\/08\/bpk_70243217.jpg","datePublished":"2019-09-05T13:58:28+00:00","dateModified":"2020-08-12T08:29:00+00:00","breadcrumb":{"@id":"https:\/\/bpk-archive.de\/tuellmann\/produkt\/arbeiter-der-goldmine-winkelhaag-in-evander-suedafrika\/#breadcrumb"},"inLanguage":"de","potentialAction":[{"@type":"ReadAction","target":["https:\/\/bpk-archive.de\/tuellmann\/produkt\/arbeiter-der-goldmine-winkelhaag-in-evander-suedafrika\/"]}]},{"@type":"ImageObject","inLanguage":"de","@id":"https:\/\/bpk-archive.de\/tuellmann\/produkt\/arbeiter-der-goldmine-winkelhaag-in-evander-suedafrika\/#primaryimage","url":"https:\/\/bpk-archive.de\/tuellmann\/wp-content\/uploads\/2019\/08\/bpk_70243217.jpg","contentUrl":"https:\/\/bpk-archive.de\/tuellmann\/wp-content\/uploads\/2019\/08\/bpk_70243217.jpg","width":934,"height":1200,"caption":"Arbeiter der Goldmine Winkelhaag in Evander, S\u00fcdafrika"},{"@type":"BreadcrumbList","@id":"https:\/\/bpk-archive.de\/tuellmann\/produkt\/arbeiter-der-goldmine-winkelhaag-in-evander-suedafrika\/#breadcrumb","itemListElement":[{"@type":"ListItem","position":1,"name":"Startseite","item":"https:\/\/bpk-archive.de\/tuellmann\/"},{"@type":"ListItem","position":2,"name":"Shop","item":"https:\/\/bpk-archive.de\/tuellmann\/shop\/"},{"@type":"ListItem","position":3,"name":"Arbeiter der Goldmine Winkelhaag in Evander, S\u00fcdafrika"}]},{"@type":"WebSite","@id":"https:\/\/bpk-archive.de\/tuellmann\/#website","url":"https:\/\/bpk-archive.de\/tuellmann\/","name":"Abisag T\u00fcllmann","description":"Eine weitere WordPress-Website","potentialAction":[{"@type":"SearchAction","target":{"@type":"EntryPoint","urlTemplate":"https:\/\/bpk-archive.de\/tuellmann\/?s={search_term_string}"},"query-input":{"@type":"PropertyValueSpecification","valueRequired":true,"valueName":"search_term_string"}}],"inLanguage":"de"}]}},"_links":{"self":[{"href":"https:\/\/bpk-archive.de\/tuellmann\/wp-json\/wp\/v2\/product\/70296307","targetHints":{"allow":["GET"]}}],"collection":[{"href":"https:\/\/bpk-archive.de\/tuellmann\/wp-json\/wp\/v2\/product"}],"about":[{"href":"https:\/\/bpk-archive.de\/tuellmann\/wp-json\/wp\/v2\/types\/product"}],"wp:featuredmedia":[{"embeddable":true,"href":"https:\/\/bpk-archive.de\/tuellmann\/wp-json\/wp\/v2\/media\/70292514"}],"wp:attachment":[{"href":"https:\/\/bpk-archive.de\/tuellmann\/wp-json\/wp\/v2\/media?parent=70296307"}],"wp:term":[{"taxonomy":"product_brand","embeddable":true,"href":"https:\/\/bpk-archive.de\/tuellmann\/wp-json\/wp\/v2\/product_brand?post=70296307"},{"taxonomy":"product_cat","embeddable":true,"href":"https:\/\/bpk-archive.de\/tuellmann\/wp-json\/wp\/v2\/product_cat?post=70296307"},{"taxonomy":"product_tag","embeddable":true,"href":"https:\/\/bpk-archive.de\/tuellmann\/wp-json\/wp\/v2\/product_tag?post=70296307"}],"curies":[{"name":"wp","href":"https:\/\/api.w.org\/{rel}","templated":true}]}}