{"id":70296304,"date":"2019-09-05T15:58:28","date_gmt":"2019-09-05T13:58:28","guid":{"rendered":"http:\/\/abisagtuellmann.bpk-news.de\/atbild\/strassenszene-in-johannesburg-suedafrika\/"},"modified":"2020-04-28T11:50:34","modified_gmt":"2020-04-28T09:50:34","slug":"strassenszene-in-johannesburg-suedafrika","status":"publish","type":"product","link":"https:\/\/bpk-archive.de\/tuellmann\/produkt\/strassenszene-in-johannesburg-suedafrika\/","title":{"rendered":"Stra\u00dfenszene in Johannesburg, S\u00fcdafrika"},"content":{"rendered":"<p>Gro\u00dfes Plakat mit Zigarettenwerbung (Slogan: &#8222;Life is great&#8220;) hinter auf dem B\u00fcrgersteig wartenden Menschen<\/p>\n","protected":false},"excerpt":{"rendered":"<p>Gro\u00dfes Plakat mit Zigarettenwerbung (Slogan: &#8222;Life is great&#8220;) hinter auf dem B\u00fcrgersteig wartenden Menschen<\/p>\n","protected":false},"featured_media":70292591,"template":"","meta":[],"product_brand":[],"product_cat":[73397],"product_tag":[13230,13232,13234,13231,13233,13235,13777,13236,13237,13240,13241,13242,13243,13244,13245,56271,51804,62065,13250,49019,49020,48645,48646,14060,14061,13260,13261,13268,13269,13270,13271,13293,13786,13787,13294,13295,13296,13297,48647,48648,48649,48650,13301,60364,60365,60366,60367,60368,60369,62058,62059,62140,62141,62142,62143,62144,62145,13328,13827,13828,13329,13330,13331,13332,53603,53604,13843,62127,49046,49047,55981,55982,13877,13879,47528,47527,13865,13864,13866,13351,13352,13353,13858,13859,13860,13861,13862,13863,13354,13869,13870,13871,13872,49236,47408,47564,47409,13363,51811,13364,13365,13366,13367,13368,13369,13878,13880,52964,52965,48682,48683,47529,47530,47531,47532,47533,47534,47535,47536,48288,48289,60694,60695,60696,60697,49048,14081,14082,52966,52967],"class_list":{"0":"post-70296304","1":"product","2":"type-product","3":"status-publish","4":"has-post-thumbnail","6":"product_cat-suedafrika","7":"product_tag-1970er-jahre","8":"product_tag-20-jahrhundert-nach-chr","9":"product_tag-20-jh-n-chr","10":"product_tag-20-jahrhundert","11":"product_tag-20-jh","12":"product_tag-70er","13":"product_tag-abzug","14":"product_tag-afrika","15":"product_tag-afrikaner","16":"product_tag-afrikanisch","17":"product_tag-afrikanische","18":"product_tag-afrikanischen","19":"product_tag-afrikanischer","20":"product_tag-afrikanisches","21":"product_tag-afrikas","22":"product_tag-apartheid","23":"product_tag-at_suedafrika","24":"product_tag-atb_012","25":"product_tag-aussen","26":"product_tag-aussenreklame","27":"product_tag-aussenwerbung","28":"product_tag-buergersteig","29":"product_tag-buergersteige","30":"product_tag-cigarette","31":"product_tag-cigaretten","32":"product_tag-draussen","33":"product_tag-dunkelhaeutiger","34":"product_tag-farbige","35":"product_tag-farbigen","36":"product_tag-farbiger","37":"product_tag-farbiges","38":"product_tag-foto","39":"product_tag-fotoabzug","40":"product_tag-fotoabzuege","41":"product_tag-fotografie","42":"product_tag-fotografien","43":"product_tag-fotografin","44":"product_tag-fotografinnen","45":"product_tag-gehsteig","46":"product_tag-gehsteige","47":"product_tag-gehweg","48":"product_tag-gehwege","49":"product_tag-im-freien","50":"product_tag-ironie","51":"product_tag-ironisch","52":"product_tag-ironische","53":"product_tag-ironischen","54":"product_tag-ironischer","55":"product_tag-ironisches","56":"product_tag-johannesburg","57":"product_tag-johannesburger","58":"product_tag-paradox","59":"product_tag-paradoxe","60":"product_tag-paradoxen","61":"product_tag-paradoxer","62":"product_tag-paradoxes","63":"product_tag-paradoxon","64":"product_tag-photo","65":"product_tag-photoabzug","66":"product_tag-photoabzuege","67":"product_tag-photographie","68":"product_tag-photographien","69":"product_tag-photographin","70":"product_tag-photographinnen","71":"product_tag-plakatwand","72":"product_tag-plakatwaende","73":"product_tag-print","74":"product_tag-rassentrennung","75":"product_tag-reclame","76":"product_tag-reklame","77":"product_tag-reklametafel","78":"product_tag-reklametafeln","79":"product_tag-s-w-fotografie","80":"product_tag-s-w-photographie","81":"product_tag-schlange-stehen","82":"product_tag-schlangestehen","83":"product_tag-schwarzweissphotographie","84":"product_tag-schwarz-weiss-fotografie","85":"product_tag-schwarz-weiss-photographie","86":"product_tag-schwarze","87":"product_tag-schwarzen","88":"product_tag-schwarzer","89":"product_tag-schwarzweiss","90":"product_tag-schwarzweisse","91":"product_tag-schwarzweissen","92":"product_tag-schwarzweisser","93":"product_tag-schwarzweisses","94":"product_tag-schwarzweissfotografie","95":"product_tag-siebziger","96":"product_tag-silbergelatine","97":"product_tag-silbergelatineabzug","98":"product_tag-silbergelatineabzuege","99":"product_tag-silbergelatineprint","100":"product_tag-slogan","101":"product_tag-strassenleben","102":"product_tag-strassenrand","103":"product_tag-strassenszene","104":"product_tag-suedafrika","105":"product_tag-suedafrikaner","106":"product_tag-suedafrikanisch","107":"product_tag-suedafrikanische","108":"product_tag-suedafrikanischen","109":"product_tag-suedafrikanischer","110":"product_tag-suedafrikanisches","111":"product_tag-suedafrikas","112":"product_tag-sw-fotografie","113":"product_tag-sw-photographie","114":"product_tag-tabakreklame","115":"product_tag-tabakwerbung","116":"product_tag-trottoir","117":"product_tag-trottoirs","118":"product_tag-warten","119":"product_tag-wartend","120":"product_tag-wartende","121":"product_tag-wartenden","122":"product_tag-wartender","123":"product_tag-wartendes","124":"product_tag-warteschlange","125":"product_tag-warteschlangen","126":"product_tag-werbeschild","127":"product_tag-werbeschilder","128":"product_tag-werbeslogan","129":"product_tag-werbespruch","130":"product_tag-werbesprueche","131":"product_tag-werbslogans","132":"product_tag-werbung","133":"product_tag-zigarette","134":"product_tag-zigaretten","135":"product_tag-zigarettenreklame","136":"product_tag-zigarettenwerbung","137":"pa_datierung-oktober-1971","138":"pa_fotograf-abisag-tuellmann","139":"pa_geografischer_bezug-aufnahmeort-johannesburg-suedafrika","140":"pa_grunddaten_material_technik-foto-silbergelatine-auf-barytpapier","141":"pa_inventarnummer-tue-71-239-31","142":"pa_jahr_von-49516","143":"pa_massangaben-bildformat-foto-232-x-305-cm","144":"pa_mediennummer-62138","145":"pa_objekt_typ-fotografie","147":"first","148":"instock","149":"product-type-simple"},"yoast_head":"<!-- This site is optimized with the Yoast SEO plugin v27.3 - https:\/\/yoast.com\/product\/yoast-seo-wordpress\/ -->\n<title>Stra\u00dfenszene in Johannesburg, S\u00fcdafrika - Abisag T\u00fcllmann<\/title>\n<meta name=\"robots\" content=\"index, follow, max-snippet:-1, max-image-preview:large, max-video-preview:-1\" \/>\n<link rel=\"canonical\" href=\"https:\/\/bpk-archive.de\/tuellmann\/produkt\/strassenszene-in-johannesburg-suedafrika\/\" \/>\n<meta property=\"og:locale\" content=\"de_DE\" \/>\n<meta property=\"og:type\" content=\"article\" \/>\n<meta property=\"og:title\" content=\"Stra\u00dfenszene in Johannesburg, S\u00fcdafrika - Abisag T\u00fcllmann\" \/>\n<meta property=\"og:description\" content=\"Gro\u00dfes Plakat mit Zigarettenwerbung (Slogan: &#8222;Life is great&#8220;) hinter auf dem B\u00fcrgersteig wartenden Menschen\" \/>\n<meta property=\"og:url\" content=\"https:\/\/bpk-archive.de\/tuellmann\/produkt\/strassenszene-in-johannesburg-suedafrika\/\" \/>\n<meta property=\"og:site_name\" content=\"Abisag T\u00fcllmann\" \/>\n<meta property=\"article:modified_time\" content=\"2020-04-28T09:50:34+00:00\" \/>\n<meta property=\"og:image\" content=\"https:\/\/bpk-archive.de\/tuellmann\/wp-content\/uploads\/2019\/08\/bpk_70243194.jpg\" \/>\n\t<meta property=\"og:image:width\" content=\"1200\" \/>\n\t<meta property=\"og:image:height\" content=\"921\" \/>\n\t<meta property=\"og:image:type\" content=\"image\/jpeg\" \/>\n<meta name=\"twitter:card\" content=\"summary_large_image\" \/>\n<script type=\"application\/ld+json\" class=\"yoast-schema-graph\">{\"@context\":\"https:\\\/\\\/schema.org\",\"@graph\":[{\"@type\":\"WebPage\",\"@id\":\"https:\\\/\\\/bpk-archive.de\\\/tuellmann\\\/produkt\\\/strassenszene-in-johannesburg-suedafrika\\\/\",\"url\":\"https:\\\/\\\/bpk-archive.de\\\/tuellmann\\\/produkt\\\/strassenszene-in-johannesburg-suedafrika\\\/\",\"name\":\"Stra\u00dfenszene in Johannesburg, S\u00fcdafrika - Abisag T\u00fcllmann\",\"isPartOf\":{\"@id\":\"https:\\\/\\\/bpk-archive.de\\\/tuellmann\\\/#website\"},\"primaryImageOfPage\":{\"@id\":\"https:\\\/\\\/bpk-archive.de\\\/tuellmann\\\/produkt\\\/strassenszene-in-johannesburg-suedafrika\\\/#primaryimage\"},\"image\":{\"@id\":\"https:\\\/\\\/bpk-archive.de\\\/tuellmann\\\/produkt\\\/strassenszene-in-johannesburg-suedafrika\\\/#primaryimage\"},\"thumbnailUrl\":\"https:\\\/\\\/bpk-archive.de\\\/tuellmann\\\/wp-content\\\/uploads\\\/2019\\\/08\\\/bpk_70243194.jpg\",\"datePublished\":\"2019-09-05T13:58:28+00:00\",\"dateModified\":\"2020-04-28T09:50:34+00:00\",\"breadcrumb\":{\"@id\":\"https:\\\/\\\/bpk-archive.de\\\/tuellmann\\\/produkt\\\/strassenszene-in-johannesburg-suedafrika\\\/#breadcrumb\"},\"inLanguage\":\"de\",\"potentialAction\":[{\"@type\":\"ReadAction\",\"target\":[\"https:\\\/\\\/bpk-archive.de\\\/tuellmann\\\/produkt\\\/strassenszene-in-johannesburg-suedafrika\\\/\"]}]},{\"@type\":\"ImageObject\",\"inLanguage\":\"de\",\"@id\":\"https:\\\/\\\/bpk-archive.de\\\/tuellmann\\\/produkt\\\/strassenszene-in-johannesburg-suedafrika\\\/#primaryimage\",\"url\":\"https:\\\/\\\/bpk-archive.de\\\/tuellmann\\\/wp-content\\\/uploads\\\/2019\\\/08\\\/bpk_70243194.jpg\",\"contentUrl\":\"https:\\\/\\\/bpk-archive.de\\\/tuellmann\\\/wp-content\\\/uploads\\\/2019\\\/08\\\/bpk_70243194.jpg\",\"width\":1200,\"height\":921,\"caption\":\"Stra\u00dfenszene in Johannesburg, S\u00fcdafrika\"},{\"@type\":\"BreadcrumbList\",\"@id\":\"https:\\\/\\\/bpk-archive.de\\\/tuellmann\\\/produkt\\\/strassenszene-in-johannesburg-suedafrika\\\/#breadcrumb\",\"itemListElement\":[{\"@type\":\"ListItem\",\"position\":1,\"name\":\"Startseite\",\"item\":\"https:\\\/\\\/bpk-archive.de\\\/tuellmann\\\/\"},{\"@type\":\"ListItem\",\"position\":2,\"name\":\"Shop\",\"item\":\"https:\\\/\\\/bpk-archive.de\\\/tuellmann\\\/shop\\\/\"},{\"@type\":\"ListItem\",\"position\":3,\"name\":\"Stra\u00dfenszene in Johannesburg, S\u00fcdafrika\"}]},{\"@type\":\"WebSite\",\"@id\":\"https:\\\/\\\/bpk-archive.de\\\/tuellmann\\\/#website\",\"url\":\"https:\\\/\\\/bpk-archive.de\\\/tuellmann\\\/\",\"name\":\"Abisag T\u00fcllmann\",\"description\":\"Eine weitere WordPress-Website\",\"potentialAction\":[{\"@type\":\"SearchAction\",\"target\":{\"@type\":\"EntryPoint\",\"urlTemplate\":\"https:\\\/\\\/bpk-archive.de\\\/tuellmann\\\/?s={search_term_string}\"},\"query-input\":{\"@type\":\"PropertyValueSpecification\",\"valueRequired\":true,\"valueName\":\"search_term_string\"}}],\"inLanguage\":\"de\"}]}<\/script>\n<!-- \/ Yoast SEO plugin. -->","yoast_head_json":{"title":"Stra\u00dfenszene in Johannesburg, S\u00fcdafrika - Abisag T\u00fcllmann","robots":{"index":"index","follow":"follow","max-snippet":"max-snippet:-1","max-image-preview":"max-image-preview:large","max-video-preview":"max-video-preview:-1"},"canonical":"https:\/\/bpk-archive.de\/tuellmann\/produkt\/strassenszene-in-johannesburg-suedafrika\/","og_locale":"de_DE","og_type":"article","og_title":"Stra\u00dfenszene in Johannesburg, S\u00fcdafrika - Abisag T\u00fcllmann","og_description":"Gro\u00dfes Plakat mit Zigarettenwerbung (Slogan: &#8222;Life is great&#8220;) hinter auf dem B\u00fcrgersteig wartenden Menschen","og_url":"https:\/\/bpk-archive.de\/tuellmann\/produkt\/strassenszene-in-johannesburg-suedafrika\/","og_site_name":"Abisag T\u00fcllmann","article_modified_time":"2020-04-28T09:50:34+00:00","og_image":[{"width":1200,"height":921,"url":"https:\/\/bpk-archive.de\/tuellmann\/wp-content\/uploads\/2019\/08\/bpk_70243194.jpg","type":"image\/jpeg"}],"twitter_card":"summary_large_image","schema":{"@context":"https:\/\/schema.org","@graph":[{"@type":"WebPage","@id":"https:\/\/bpk-archive.de\/tuellmann\/produkt\/strassenszene-in-johannesburg-suedafrika\/","url":"https:\/\/bpk-archive.de\/tuellmann\/produkt\/strassenszene-in-johannesburg-suedafrika\/","name":"Stra\u00dfenszene in Johannesburg, S\u00fcdafrika - Abisag T\u00fcllmann","isPartOf":{"@id":"https:\/\/bpk-archive.de\/tuellmann\/#website"},"primaryImageOfPage":{"@id":"https:\/\/bpk-archive.de\/tuellmann\/produkt\/strassenszene-in-johannesburg-suedafrika\/#primaryimage"},"image":{"@id":"https:\/\/bpk-archive.de\/tuellmann\/produkt\/strassenszene-in-johannesburg-suedafrika\/#primaryimage"},"thumbnailUrl":"https:\/\/bpk-archive.de\/tuellmann\/wp-content\/uploads\/2019\/08\/bpk_70243194.jpg","datePublished":"2019-09-05T13:58:28+00:00","dateModified":"2020-04-28T09:50:34+00:00","breadcrumb":{"@id":"https:\/\/bpk-archive.de\/tuellmann\/produkt\/strassenszene-in-johannesburg-suedafrika\/#breadcrumb"},"inLanguage":"de","potentialAction":[{"@type":"ReadAction","target":["https:\/\/bpk-archive.de\/tuellmann\/produkt\/strassenszene-in-johannesburg-suedafrika\/"]}]},{"@type":"ImageObject","inLanguage":"de","@id":"https:\/\/bpk-archive.de\/tuellmann\/produkt\/strassenszene-in-johannesburg-suedafrika\/#primaryimage","url":"https:\/\/bpk-archive.de\/tuellmann\/wp-content\/uploads\/2019\/08\/bpk_70243194.jpg","contentUrl":"https:\/\/bpk-archive.de\/tuellmann\/wp-content\/uploads\/2019\/08\/bpk_70243194.jpg","width":1200,"height":921,"caption":"Stra\u00dfenszene in Johannesburg, S\u00fcdafrika"},{"@type":"BreadcrumbList","@id":"https:\/\/bpk-archive.de\/tuellmann\/produkt\/strassenszene-in-johannesburg-suedafrika\/#breadcrumb","itemListElement":[{"@type":"ListItem","position":1,"name":"Startseite","item":"https:\/\/bpk-archive.de\/tuellmann\/"},{"@type":"ListItem","position":2,"name":"Shop","item":"https:\/\/bpk-archive.de\/tuellmann\/shop\/"},{"@type":"ListItem","position":3,"name":"Stra\u00dfenszene in Johannesburg, S\u00fcdafrika"}]},{"@type":"WebSite","@id":"https:\/\/bpk-archive.de\/tuellmann\/#website","url":"https:\/\/bpk-archive.de\/tuellmann\/","name":"Abisag T\u00fcllmann","description":"Eine weitere WordPress-Website","potentialAction":[{"@type":"SearchAction","target":{"@type":"EntryPoint","urlTemplate":"https:\/\/bpk-archive.de\/tuellmann\/?s={search_term_string}"},"query-input":{"@type":"PropertyValueSpecification","valueRequired":true,"valueName":"search_term_string"}}],"inLanguage":"de"}]}},"_links":{"self":[{"href":"https:\/\/bpk-archive.de\/tuellmann\/wp-json\/wp\/v2\/product\/70296304","targetHints":{"allow":["GET"]}}],"collection":[{"href":"https:\/\/bpk-archive.de\/tuellmann\/wp-json\/wp\/v2\/product"}],"about":[{"href":"https:\/\/bpk-archive.de\/tuellmann\/wp-json\/wp\/v2\/types\/product"}],"wp:featuredmedia":[{"embeddable":true,"href":"https:\/\/bpk-archive.de\/tuellmann\/wp-json\/wp\/v2\/media\/70292591"}],"wp:attachment":[{"href":"https:\/\/bpk-archive.de\/tuellmann\/wp-json\/wp\/v2\/media?parent=70296304"}],"wp:term":[{"taxonomy":"product_brand","embeddable":true,"href":"https:\/\/bpk-archive.de\/tuellmann\/wp-json\/wp\/v2\/product_brand?post=70296304"},{"taxonomy":"product_cat","embeddable":true,"href":"https:\/\/bpk-archive.de\/tuellmann\/wp-json\/wp\/v2\/product_cat?post=70296304"},{"taxonomy":"product_tag","embeddable":true,"href":"https:\/\/bpk-archive.de\/tuellmann\/wp-json\/wp\/v2\/product_tag?post=70296304"}],"curies":[{"name":"wp","href":"https:\/\/api.w.org\/{rel}","templated":true}]}}