{"id":70296301,"date":"2019-09-05T15:58:28","date_gmt":"2019-09-05T13:58:28","guid":{"rendered":"http:\/\/abisagtuellmann.bpk-news.de\/atbild\/apartheid-in-suedafrika-bahnhof-von-randfontein-mit-schild-non-whites-only\/"},"modified":"2020-08-12T10:29:43","modified_gmt":"2020-08-12T08:29:43","slug":"apartheid-in-suedafrika-bahnhof-von-randfontein-mit-schild-non-whites-only","status":"publish","type":"product","link":"https:\/\/bpk-archive.de\/tuellmann\/produkt\/apartheid-in-suedafrika-bahnhof-von-randfontein-mit-schild-non-whites-only\/","title":{"rendered":"Apartheid in S\u00fcdafrika: Bahnhof von Randfontein mit Schild &#8222;Non-Whites Only&#8220;"},"content":{"rendered":"<p>R\u00fcckseitenbeschriftung von Hand der Fotografin: &#8222;S\u00fcdafrika: Jo-burg&#8220;<\/p>\n","protected":false},"excerpt":{"rendered":"<p>R\u00fcckseitenbeschriftung von Hand der Fotografin: &#8222;S\u00fcdafrika: Jo-burg&#8220;<\/p>\n","protected":false},"featured_media":70292502,"template":"","meta":[],"product_brand":[],"product_cat":[73397],"product_tag":[13230,13232,13234,13231,13233,13235,13777,13236,13237,13240,13241,13242,13243,13244,13245,56271,51804,62065,48438,13250,53815,53816,53817,53291,53292,53293,53818,53819,48355,48356,48357,48358,49519,13260,13261,53820,53821,53822,53823,53824,54775,54776,13268,13269,13270,13271,13293,13786,13787,13294,13295,13296,13297,53828,53829,53830,48950,48951,48952,48953,48954,13301,13319,13320,13321,13322,13323,61590,54787,54788,60412,13328,13827,13828,13329,13330,13331,13332,13843,62127,62128,62129,62130,62131,62132,62133,61591,53930,53931,53932,13877,13879,48499,48500,48364,48365,13865,13864,13866,13351,13352,13353,13858,13859,13860,13861,13862,13863,13354,13869,13870,13871,13872,13363,51811,13364,13365,13366,13367,13368,13369,13878,13880,47529,47530,47531,47532,47533,47534],"class_list":{"0":"post-70296301","1":"product","2":"type-product","3":"status-publish","4":"has-post-thumbnail","6":"product_cat-suedafrika","7":"product_tag-1970er-jahre","8":"product_tag-20-jahrhundert-nach-chr","9":"product_tag-20-jh-n-chr","10":"product_tag-20-jahrhundert","11":"product_tag-20-jh","12":"product_tag-70er","13":"product_tag-abzug","14":"product_tag-afrika","15":"product_tag-afrikaner","16":"product_tag-afrikanisch","17":"product_tag-afrikanische","18":"product_tag-afrikanischen","19":"product_tag-afrikanischer","20":"product_tag-afrikanisches","21":"product_tag-afrikas","22":"product_tag-apartheid","23":"product_tag-at_suedafrika","24":"product_tag-atb_012","25":"product_tag-aufschrift","26":"product_tag-aussen","27":"product_tag-bahngleis","28":"product_tag-bahngleise","29":"product_tag-bahngleises","30":"product_tag-bahnhof","31":"product_tag-bahnhoefe","32":"product_tag-bahnhofs","33":"product_tag-bahnschiene","34":"product_tag-bahnschienen","35":"product_tag-beschriftet","36":"product_tag-beschriftete","37":"product_tag-beschrifteter","38":"product_tag-beschriftetes","39":"product_tag-diskriminierung","40":"product_tag-draussen","41":"product_tag-dunkelhaeutiger","42":"product_tag-eisenbahngleis","43":"product_tag-eisenbahngleise","44":"product_tag-eisenbahngleises","45":"product_tag-eisenbahnschiene","46":"product_tag-eisenbahnschienen","47":"product_tag-fahrgast","48":"product_tag-fahrgaeste","49":"product_tag-farbige","50":"product_tag-farbigen","51":"product_tag-farbiger","52":"product_tag-farbiges","53":"product_tag-foto","54":"product_tag-fotoabzug","55":"product_tag-fotoabzuege","56":"product_tag-fotografie","57":"product_tag-fotografien","58":"product_tag-fotografin","59":"product_tag-fotografinnen","60":"product_tag-gleis","61":"product_tag-gleise","62":"product_tag-gleises","63":"product_tag-hinweisschild","64":"product_tag-hinweisschilder","65":"product_tag-hinweisschildern","66":"product_tag-hinweistafel","67":"product_tag-hinweistafeln","68":"product_tag-im-freien","69":"product_tag-menschenansammlung","70":"product_tag-menschenauflauf","71":"product_tag-menschenmassen","72":"product_tag-menschenmenge","73":"product_tag-menschenschar","74":"product_tag-nahverkehr","75":"product_tag-passagier","76":"product_tag-passagiere","77":"product_tag-pendler","78":"product_tag-photo","79":"product_tag-photoabzug","80":"product_tag-photoabzuege","81":"product_tag-photographie","82":"product_tag-photographien","83":"product_tag-photographin","84":"product_tag-photographinnen","85":"product_tag-print","86":"product_tag-rassentrennung","87":"product_tag-rassismus","88":"product_tag-rassistisch","89":"product_tag-rassistische","90":"product_tag-rassistischen","91":"product_tag-rassistischer","92":"product_tag-rassistisches","93":"product_tag-regionalverkehr","94":"product_tag-reisende","95":"product_tag-reisenden","96":"product_tag-reisender","97":"product_tag-s-w-fotografie","98":"product_tag-s-w-photographie","99":"product_tag-schild","100":"product_tag-schilder","101":"product_tag-schrift","102":"product_tag-schriften","103":"product_tag-schwarzweissphotographie","104":"product_tag-schwarz-weiss-fotografie","105":"product_tag-schwarz-weiss-photographie","106":"product_tag-schwarze","107":"product_tag-schwarzen","108":"product_tag-schwarzer","109":"product_tag-schwarzweiss","110":"product_tag-schwarzweisse","111":"product_tag-schwarzweissen","112":"product_tag-schwarzweisser","113":"product_tag-schwarzweisses","114":"product_tag-schwarzweissfotografie","115":"product_tag-siebziger","116":"product_tag-silbergelatine","117":"product_tag-silbergelatineabzug","118":"product_tag-silbergelatineabzuege","119":"product_tag-silbergelatineprint","120":"product_tag-suedafrika","121":"product_tag-suedafrikaner","122":"product_tag-suedafrikanisch","123":"product_tag-suedafrikanische","124":"product_tag-suedafrikanischen","125":"product_tag-suedafrikanischer","126":"product_tag-suedafrikanisches","127":"product_tag-suedafrikas","128":"product_tag-sw-fotografie","129":"product_tag-sw-photographie","130":"product_tag-warten","131":"product_tag-wartend","132":"product_tag-wartende","133":"product_tag-wartenden","134":"product_tag-wartender","135":"product_tag-wartendes","136":"pa_datierung-oktober-1971","137":"pa_fotograf-abisag-tuellmann","138":"pa_geografischer_bezug-aufnahmeort-randfontein-suedafrika","139":"pa_grunddaten_material_technik-foto-silbergelatine-auf-barytpapier","140":"pa_inventarnummer-tue-71-194-02a","141":"pa_jahr_von-49516","142":"pa_massangaben-bildformat-foto-304-x-209-cm","143":"pa_mediennummer-62124","144":"pa_objekt_typ-fotografie","146":"first","147":"instock","148":"product-type-simple"},"yoast_head":"<!-- This site is optimized with the Yoast SEO plugin v27.4 - https:\/\/yoast.com\/product\/yoast-seo-wordpress\/ -->\n<title>Apartheid in S\u00fcdafrika: Bahnhof von Randfontein mit Schild &quot;Non-Whites Only&quot; - Abisag T\u00fcllmann<\/title>\n<meta name=\"robots\" content=\"index, follow, max-snippet:-1, max-image-preview:large, max-video-preview:-1\" \/>\n<link rel=\"canonical\" href=\"https:\/\/bpk-archive.de\/tuellmann\/produkt\/apartheid-in-suedafrika-bahnhof-von-randfontein-mit-schild-non-whites-only\/\" \/>\n<meta property=\"og:locale\" content=\"de_DE\" \/>\n<meta property=\"og:type\" content=\"article\" \/>\n<meta property=\"og:title\" content=\"Apartheid in S\u00fcdafrika: Bahnhof von Randfontein mit Schild &quot;Non-Whites Only&quot; - Abisag T\u00fcllmann\" \/>\n<meta property=\"og:description\" content=\"R\u00fcckseitenbeschriftung von Hand der Fotografin: &#8222;S\u00fcdafrika: Jo-burg&#8220;\" \/>\n<meta property=\"og:url\" content=\"https:\/\/bpk-archive.de\/tuellmann\/produkt\/apartheid-in-suedafrika-bahnhof-von-randfontein-mit-schild-non-whites-only\/\" \/>\n<meta property=\"og:site_name\" content=\"Abisag T\u00fcllmann\" \/>\n<meta property=\"article:modified_time\" content=\"2020-08-12T08:29:43+00:00\" \/>\n<meta property=\"og:image\" content=\"https:\/\/bpk-archive.de\/tuellmann\/wp-content\/uploads\/2019\/08\/bpk_70243213.jpg\" \/>\n\t<meta property=\"og:image:width\" content=\"842\" \/>\n\t<meta property=\"og:image:height\" content=\"1200\" \/>\n\t<meta property=\"og:image:type\" content=\"image\/jpeg\" \/>\n<meta name=\"twitter:card\" content=\"summary_large_image\" \/>\n<script type=\"application\/ld+json\" class=\"yoast-schema-graph\">{\"@context\":\"https:\\\/\\\/schema.org\",\"@graph\":[{\"@type\":\"WebPage\",\"@id\":\"https:\\\/\\\/bpk-archive.de\\\/tuellmann\\\/produkt\\\/apartheid-in-suedafrika-bahnhof-von-randfontein-mit-schild-non-whites-only\\\/\",\"url\":\"https:\\\/\\\/bpk-archive.de\\\/tuellmann\\\/produkt\\\/apartheid-in-suedafrika-bahnhof-von-randfontein-mit-schild-non-whites-only\\\/\",\"name\":\"Apartheid in S\u00fcdafrika: Bahnhof von Randfontein mit Schild \\\"Non-Whites Only\\\" - Abisag T\u00fcllmann\",\"isPartOf\":{\"@id\":\"https:\\\/\\\/bpk-archive.de\\\/tuellmann\\\/#website\"},\"primaryImageOfPage\":{\"@id\":\"https:\\\/\\\/bpk-archive.de\\\/tuellmann\\\/produkt\\\/apartheid-in-suedafrika-bahnhof-von-randfontein-mit-schild-non-whites-only\\\/#primaryimage\"},\"image\":{\"@id\":\"https:\\\/\\\/bpk-archive.de\\\/tuellmann\\\/produkt\\\/apartheid-in-suedafrika-bahnhof-von-randfontein-mit-schild-non-whites-only\\\/#primaryimage\"},\"thumbnailUrl\":\"https:\\\/\\\/bpk-archive.de\\\/tuellmann\\\/wp-content\\\/uploads\\\/2019\\\/08\\\/bpk_70243213.jpg\",\"datePublished\":\"2019-09-05T13:58:28+00:00\",\"dateModified\":\"2020-08-12T08:29:43+00:00\",\"breadcrumb\":{\"@id\":\"https:\\\/\\\/bpk-archive.de\\\/tuellmann\\\/produkt\\\/apartheid-in-suedafrika-bahnhof-von-randfontein-mit-schild-non-whites-only\\\/#breadcrumb\"},\"inLanguage\":\"de\",\"potentialAction\":[{\"@type\":\"ReadAction\",\"target\":[\"https:\\\/\\\/bpk-archive.de\\\/tuellmann\\\/produkt\\\/apartheid-in-suedafrika-bahnhof-von-randfontein-mit-schild-non-whites-only\\\/\"]}]},{\"@type\":\"ImageObject\",\"inLanguage\":\"de\",\"@id\":\"https:\\\/\\\/bpk-archive.de\\\/tuellmann\\\/produkt\\\/apartheid-in-suedafrika-bahnhof-von-randfontein-mit-schild-non-whites-only\\\/#primaryimage\",\"url\":\"https:\\\/\\\/bpk-archive.de\\\/tuellmann\\\/wp-content\\\/uploads\\\/2019\\\/08\\\/bpk_70243213.jpg\",\"contentUrl\":\"https:\\\/\\\/bpk-archive.de\\\/tuellmann\\\/wp-content\\\/uploads\\\/2019\\\/08\\\/bpk_70243213.jpg\",\"width\":842,\"height\":1200,\"caption\":\"Apartheid in S\u00fcdafrika: Bahnhof von Randfontein mit Schild \\\"Non-Whites Only\\\"\"},{\"@type\":\"BreadcrumbList\",\"@id\":\"https:\\\/\\\/bpk-archive.de\\\/tuellmann\\\/produkt\\\/apartheid-in-suedafrika-bahnhof-von-randfontein-mit-schild-non-whites-only\\\/#breadcrumb\",\"itemListElement\":[{\"@type\":\"ListItem\",\"position\":1,\"name\":\"Startseite\",\"item\":\"https:\\\/\\\/bpk-archive.de\\\/tuellmann\\\/\"},{\"@type\":\"ListItem\",\"position\":2,\"name\":\"Shop\",\"item\":\"https:\\\/\\\/bpk-archive.de\\\/tuellmann\\\/shop\\\/\"},{\"@type\":\"ListItem\",\"position\":3,\"name\":\"Apartheid in S\u00fcdafrika: Bahnhof von Randfontein mit Schild &#8220;Non-Whites Only&#8221;\"}]},{\"@type\":\"WebSite\",\"@id\":\"https:\\\/\\\/bpk-archive.de\\\/tuellmann\\\/#website\",\"url\":\"https:\\\/\\\/bpk-archive.de\\\/tuellmann\\\/\",\"name\":\"Abisag T\u00fcllmann\",\"description\":\"Eine weitere WordPress-Website\",\"potentialAction\":[{\"@type\":\"SearchAction\",\"target\":{\"@type\":\"EntryPoint\",\"urlTemplate\":\"https:\\\/\\\/bpk-archive.de\\\/tuellmann\\\/?s={search_term_string}\"},\"query-input\":{\"@type\":\"PropertyValueSpecification\",\"valueRequired\":true,\"valueName\":\"search_term_string\"}}],\"inLanguage\":\"de\"}]}<\/script>\n<!-- \/ Yoast SEO plugin. -->","yoast_head_json":{"title":"Apartheid in S\u00fcdafrika: Bahnhof von Randfontein mit Schild \"Non-Whites Only\" - Abisag T\u00fcllmann","robots":{"index":"index","follow":"follow","max-snippet":"max-snippet:-1","max-image-preview":"max-image-preview:large","max-video-preview":"max-video-preview:-1"},"canonical":"https:\/\/bpk-archive.de\/tuellmann\/produkt\/apartheid-in-suedafrika-bahnhof-von-randfontein-mit-schild-non-whites-only\/","og_locale":"de_DE","og_type":"article","og_title":"Apartheid in S\u00fcdafrika: Bahnhof von Randfontein mit Schild \"Non-Whites Only\" - Abisag T\u00fcllmann","og_description":"R\u00fcckseitenbeschriftung von Hand der Fotografin: &#8222;S\u00fcdafrika: Jo-burg&#8220;","og_url":"https:\/\/bpk-archive.de\/tuellmann\/produkt\/apartheid-in-suedafrika-bahnhof-von-randfontein-mit-schild-non-whites-only\/","og_site_name":"Abisag T\u00fcllmann","article_modified_time":"2020-08-12T08:29:43+00:00","og_image":[{"width":842,"height":1200,"url":"https:\/\/bpk-archive.de\/tuellmann\/wp-content\/uploads\/2019\/08\/bpk_70243213.jpg","type":"image\/jpeg"}],"twitter_card":"summary_large_image","schema":{"@context":"https:\/\/schema.org","@graph":[{"@type":"WebPage","@id":"https:\/\/bpk-archive.de\/tuellmann\/produkt\/apartheid-in-suedafrika-bahnhof-von-randfontein-mit-schild-non-whites-only\/","url":"https:\/\/bpk-archive.de\/tuellmann\/produkt\/apartheid-in-suedafrika-bahnhof-von-randfontein-mit-schild-non-whites-only\/","name":"Apartheid in S\u00fcdafrika: Bahnhof von Randfontein mit Schild \"Non-Whites Only\" - Abisag T\u00fcllmann","isPartOf":{"@id":"https:\/\/bpk-archive.de\/tuellmann\/#website"},"primaryImageOfPage":{"@id":"https:\/\/bpk-archive.de\/tuellmann\/produkt\/apartheid-in-suedafrika-bahnhof-von-randfontein-mit-schild-non-whites-only\/#primaryimage"},"image":{"@id":"https:\/\/bpk-archive.de\/tuellmann\/produkt\/apartheid-in-suedafrika-bahnhof-von-randfontein-mit-schild-non-whites-only\/#primaryimage"},"thumbnailUrl":"https:\/\/bpk-archive.de\/tuellmann\/wp-content\/uploads\/2019\/08\/bpk_70243213.jpg","datePublished":"2019-09-05T13:58:28+00:00","dateModified":"2020-08-12T08:29:43+00:00","breadcrumb":{"@id":"https:\/\/bpk-archive.de\/tuellmann\/produkt\/apartheid-in-suedafrika-bahnhof-von-randfontein-mit-schild-non-whites-only\/#breadcrumb"},"inLanguage":"de","potentialAction":[{"@type":"ReadAction","target":["https:\/\/bpk-archive.de\/tuellmann\/produkt\/apartheid-in-suedafrika-bahnhof-von-randfontein-mit-schild-non-whites-only\/"]}]},{"@type":"ImageObject","inLanguage":"de","@id":"https:\/\/bpk-archive.de\/tuellmann\/produkt\/apartheid-in-suedafrika-bahnhof-von-randfontein-mit-schild-non-whites-only\/#primaryimage","url":"https:\/\/bpk-archive.de\/tuellmann\/wp-content\/uploads\/2019\/08\/bpk_70243213.jpg","contentUrl":"https:\/\/bpk-archive.de\/tuellmann\/wp-content\/uploads\/2019\/08\/bpk_70243213.jpg","width":842,"height":1200,"caption":"Apartheid in S\u00fcdafrika: Bahnhof von Randfontein mit Schild \"Non-Whites Only\""},{"@type":"BreadcrumbList","@id":"https:\/\/bpk-archive.de\/tuellmann\/produkt\/apartheid-in-suedafrika-bahnhof-von-randfontein-mit-schild-non-whites-only\/#breadcrumb","itemListElement":[{"@type":"ListItem","position":1,"name":"Startseite","item":"https:\/\/bpk-archive.de\/tuellmann\/"},{"@type":"ListItem","position":2,"name":"Shop","item":"https:\/\/bpk-archive.de\/tuellmann\/shop\/"},{"@type":"ListItem","position":3,"name":"Apartheid in S\u00fcdafrika: Bahnhof von Randfontein mit Schild &#8220;Non-Whites Only&#8221;"}]},{"@type":"WebSite","@id":"https:\/\/bpk-archive.de\/tuellmann\/#website","url":"https:\/\/bpk-archive.de\/tuellmann\/","name":"Abisag T\u00fcllmann","description":"Eine weitere WordPress-Website","potentialAction":[{"@type":"SearchAction","target":{"@type":"EntryPoint","urlTemplate":"https:\/\/bpk-archive.de\/tuellmann\/?s={search_term_string}"},"query-input":{"@type":"PropertyValueSpecification","valueRequired":true,"valueName":"search_term_string"}}],"inLanguage":"de"}]}},"_links":{"self":[{"href":"https:\/\/bpk-archive.de\/tuellmann\/wp-json\/wp\/v2\/product\/70296301","targetHints":{"allow":["GET"]}}],"collection":[{"href":"https:\/\/bpk-archive.de\/tuellmann\/wp-json\/wp\/v2\/product"}],"about":[{"href":"https:\/\/bpk-archive.de\/tuellmann\/wp-json\/wp\/v2\/types\/product"}],"wp:featuredmedia":[{"embeddable":true,"href":"https:\/\/bpk-archive.de\/tuellmann\/wp-json\/wp\/v2\/media\/70292502"}],"wp:attachment":[{"href":"https:\/\/bpk-archive.de\/tuellmann\/wp-json\/wp\/v2\/media?parent=70296301"}],"wp:term":[{"taxonomy":"product_brand","embeddable":true,"href":"https:\/\/bpk-archive.de\/tuellmann\/wp-json\/wp\/v2\/product_brand?post=70296301"},{"taxonomy":"product_cat","embeddable":true,"href":"https:\/\/bpk-archive.de\/tuellmann\/wp-json\/wp\/v2\/product_cat?post=70296301"},{"taxonomy":"product_tag","embeddable":true,"href":"https:\/\/bpk-archive.de\/tuellmann\/wp-json\/wp\/v2\/product_tag?post=70296301"}],"curies":[{"name":"wp","href":"https:\/\/api.w.org\/{rel}","templated":true}]}}