{"id":70296297,"date":"2019-09-05T15:58:11","date_gmt":"2019-09-05T13:58:11","guid":{"rendered":"http:\/\/abisagtuellmann.bpk-news.de\/atbild\/balthazar-johannes-vorster-ministerpraesident-der-republik-suedafrika\/"},"modified":"2019-09-05T15:58:26","modified_gmt":"2019-09-05T13:58:26","slug":"balthazar-johannes-vorster-ministerpraesident-der-republik-suedafrika","status":"publish","type":"product","link":"https:\/\/bpk-archive.de\/tuellmann\/produkt\/balthazar-johannes-vorster-ministerpraesident-der-republik-suedafrika\/","title":{"rendered":"Balthazar Johannes Vorster, Ministerpr\u00e4sident der Republik S\u00fcdafrika"},"content":{"rendered":"<p>W\u00e4hrend einer Rede beim Kongress der National Party f\u00fcr Transvaal in Pretoria R\u00fcckseitenbeschriftung von Hand der Fotografin: &#8222;John B. Vorster w\u00e4hrend einer Rede in Pretoria vor der National Party of Transvaal&#8220;<\/p>\n","protected":false},"excerpt":{"rendered":"<p>W\u00e4hrend einer Rede beim Kongress der National Party f\u00fcr Transvaal in Pretoria R\u00fcckseitenbeschriftung von Hand der Fotografin: &#8222;John B. Vorster w\u00e4hrend einer Rede in Pretoria vor der National Party of Transvaal&#8220;<\/p>\n","protected":false},"featured_media":70292533,"template":"","meta":[],"product_brand":[],"product_cat":[],"product_tag":[62109,62111,13230,13232,13234,13231,13233,13235,13777,13236,13237,13240,13241,13242,13243,13244,13245,49061,49062,51804,62065,62110,13606,47988,13784,13785,55201,13473,49181,13293,13786,13787,13294,13295,13296,13297,48986,48987,48988,48989,48990,48991,48992,48993,48994,48995,48996,13498,55218,55219,14071,14072,49064,48264,48265,62105,62106,62107,47899,47900,13328,13827,13828,13329,13330,13331,13332,51073,47901,48020,48021,48022,48023,47902,13829,13830,13831,13832,13833,13834,13835,13836,13837,13838,13839,13840,13841,13842,53105,53106,13843,49065,49066,49067,49068,49069,49070,13877,13879,48364,13343,13344,48365,13865,13864,13866,13858,13859,13860,13861,13862,13863,13354,13869,13870,13871,13872,62108,49239,13357,13358,13359,53107,53108,53109,53110,53111,13519,13520,13521,13522,13523,13524,13363,51811,13364,13365,13366,13367,13368,13369,13878,13880,13655,13656,13881,13525,56623,56624,56625,56626,56627,56628,49071,48034],"class_list":{"0":"post-70296297","1":"product","2":"type-product","3":"status-publish","4":"has-post-thumbnail","6":"product_tag-vorster","7":"product_tag-13-12-1915-10-09-1983","8":"product_tag-1970er-jahre","9":"product_tag-20-jahrhundert-nach-chr","10":"product_tag-20-jh-n-chr","11":"product_tag-20-jahrhundert","12":"product_tag-20-jh","13":"product_tag-70er","14":"product_tag-abzug","15":"product_tag-afrika","16":"product_tag-afrikaner","17":"product_tag-afrikanisch","18":"product_tag-afrikanische","19":"product_tag-afrikanischen","20":"product_tag-afrikanischer","21":"product_tag-afrikanisches","22":"product_tag-afrikas","23":"product_tag-ansprache","24":"product_tag-ansprachen","25":"product_tag-at_suedafrika","26":"product_tag-atb_012","27":"product_tag-balthazar-johannes","28":"product_tag-banner","29":"product_tag-bild-im-bild","30":"product_tag-bildnis","31":"product_tag-bildnisse","32":"product_tag-congress","33":"product_tag-drinnen","34":"product_tag-fingerzeig","35":"product_tag-foto","36":"product_tag-fotoabzug","37":"product_tag-fotoabzuege","38":"product_tag-fotografie","39":"product_tag-fotografien","40":"product_tag-fotografin","41":"product_tag-fotografinnen","42":"product_tag-geste","43":"product_tag-gesten","44":"product_tag-gestik","45":"product_tag-gestikulation","46":"product_tag-gestikulieren","47":"product_tag-gestikulierend","48":"product_tag-gestikulierende","49":"product_tag-gestikulierenden","50":"product_tag-gestikulierender","51":"product_tag-gestikulierendes","52":"product_tag-gestikuliert","53":"product_tag-innen","54":"product_tag-kongress","55":"product_tag-kongresse","56":"product_tag-mikrofon","57":"product_tag-mikrophon","58":"product_tag-ministerpraesident","59":"product_tag-partei","60":"product_tag-parteien","61":"product_tag-parteitag","62":"product_tag-parteitage","63":"product_tag-parteitages","64":"product_tag-persoenlichkeit","65":"product_tag-persoenlichkeiten","66":"product_tag-photo","67":"product_tag-photoabzug","68":"product_tag-photoabzuege","69":"product_tag-photographie","70":"product_tag-photographien","71":"product_tag-photographin","72":"product_tag-photographinnen","73":"product_tag-podium","74":"product_tag-politiker","75":"product_tag-politikerportrait","76":"product_tag-politikerportraits","77":"product_tag-politikerportraet","78":"product_tag-politikerportraets","79":"product_tag-politikers","80":"product_tag-portrait","81":"product_tag-portraitaufnahme","82":"product_tag-portraitfoto","83":"product_tag-portraitfotografie","84":"product_tag-portraitphoto","85":"product_tag-portraitphotographie","86":"product_tag-portraits","87":"product_tag-portraet","88":"product_tag-portraetaufnahme","89":"product_tag-portraetfoto","90":"product_tag-portraetfotografie","91":"product_tag-portraetphoto","92":"product_tag-portraetphotographie","93":"product_tag-portraets","94":"product_tag-praesident","95":"product_tag-praesidenten","96":"product_tag-print","97":"product_tag-rede","98":"product_tag-redner","99":"product_tag-rednerpose","100":"product_tag-rednerposen","101":"product_tag-rednerpult","102":"product_tag-redners","103":"product_tag-s-w-fotografie","104":"product_tag-s-w-photographie","105":"product_tag-schrift","106":"product_tag-schriftband","107":"product_tag-schriftbaender","108":"product_tag-schriften","109":"product_tag-schwarzweissphotographie","110":"product_tag-schwarz-weiss-fotografie","111":"product_tag-schwarz-weiss-photographie","112":"product_tag-schwarzweiss","113":"product_tag-schwarzweisse","114":"product_tag-schwarzweissen","115":"product_tag-schwarzweisser","116":"product_tag-schwarzweisses","117":"product_tag-schwarzweissfotografie","118":"product_tag-siebziger","119":"product_tag-silbergelatine","120":"product_tag-silbergelatineabzug","121":"product_tag-silbergelatineabzuege","122":"product_tag-silbergelatineprint","123":"product_tag-sinnspruch","124":"product_tag-spruch","125":"product_tag-spruchband","126":"product_tag-spruchbaender","127":"product_tag-spruchbaendern","128":"product_tag-staatschef","129":"product_tag-staatschefs","130":"product_tag-staatsoberhaupt","131":"product_tag-staatsoberhauptes","132":"product_tag-staatsoberhaupts","133":"product_tag-stehen","134":"product_tag-stehend","135":"product_tag-stehende","136":"product_tag-stehenden","137":"product_tag-stehender","138":"product_tag-stehendes","139":"product_tag-suedafrika","140":"product_tag-suedafrikaner","141":"product_tag-suedafrikanisch","142":"product_tag-suedafrikanische","143":"product_tag-suedafrikanischen","144":"product_tag-suedafrikanischer","145":"product_tag-suedafrikanisches","146":"product_tag-suedafrikas","147":"product_tag-sw-fotografie","148":"product_tag-sw-photographie","149":"product_tag-transparent","150":"product_tag-transparente","151":"product_tag-untersicht","152":"product_tag-von-innen","153":"product_tag-weiss","154":"product_tag-weisse","155":"product_tag-weissem","156":"product_tag-weissen","157":"product_tag-weisser","158":"product_tag-weisses","159":"product_tag-zeigefinger","160":"product_tag-zeigen","161":"pa_datierung-oktober-1971","162":"pa_fotograf-abisag-tuellmann","163":"pa_geografischer_bezug-aufnahmeort-pretoria-suedafrika","164":"pa_grunddaten_material_technik-foto-silbergelatine-auf-barytpapier","165":"pa_inventarnummer-tue-71-196-32a","166":"pa_jahr_von-49516","167":"pa_massangaben-bildformat-foto-299-x-232-cm","168":"pa_mediennummer-62102","169":"pa_objekt_typ-fotografie","171":"first","172":"instock","173":"product-type-simple"},"yoast_head":"<!-- This site is optimized with the Yoast SEO plugin v27.4 - https:\/\/yoast.com\/product\/yoast-seo-wordpress\/ -->\n<title>Balthazar Johannes Vorster, Ministerpr\u00e4sident der Republik S\u00fcdafrika - Abisag T\u00fcllmann<\/title>\n<meta name=\"robots\" content=\"index, follow, max-snippet:-1, max-image-preview:large, max-video-preview:-1\" \/>\n<link rel=\"canonical\" href=\"https:\/\/bpk-archive.de\/tuellmann\/produkt\/balthazar-johannes-vorster-ministerpraesident-der-republik-suedafrika\/\" \/>\n<meta property=\"og:locale\" content=\"de_DE\" \/>\n<meta property=\"og:type\" content=\"article\" \/>\n<meta property=\"og:title\" content=\"Balthazar Johannes Vorster, Ministerpr\u00e4sident der Republik S\u00fcdafrika - Abisag T\u00fcllmann\" \/>\n<meta property=\"og:description\" content=\"W\u00e4hrend einer Rede beim Kongress der National Party f\u00fcr Transvaal in Pretoria R\u00fcckseitenbeschriftung von Hand der Fotografin: &#8222;John B. Vorster w\u00e4hrend einer Rede in Pretoria vor der National Party of Transvaal&#8220;\" \/>\n<meta property=\"og:url\" content=\"https:\/\/bpk-archive.de\/tuellmann\/produkt\/balthazar-johannes-vorster-ministerpraesident-der-republik-suedafrika\/\" \/>\n<meta property=\"og:site_name\" content=\"Abisag T\u00fcllmann\" \/>\n<meta property=\"article:modified_time\" content=\"2019-09-05T13:58:26+00:00\" \/>\n<meta property=\"og:image\" content=\"https:\/\/bpk-archive.de\/tuellmann\/wp-content\/uploads\/2019\/08\/bpk_70243223.jpg\" \/>\n\t<meta property=\"og:image:width\" content=\"945\" \/>\n\t<meta property=\"og:image:height\" content=\"1200\" \/>\n\t<meta property=\"og:image:type\" content=\"image\/jpeg\" \/>\n<meta name=\"twitter:card\" content=\"summary_large_image\" \/>\n<script type=\"application\/ld+json\" class=\"yoast-schema-graph\">{\"@context\":\"https:\\\/\\\/schema.org\",\"@graph\":[{\"@type\":\"WebPage\",\"@id\":\"https:\\\/\\\/bpk-archive.de\\\/tuellmann\\\/produkt\\\/balthazar-johannes-vorster-ministerpraesident-der-republik-suedafrika\\\/\",\"url\":\"https:\\\/\\\/bpk-archive.de\\\/tuellmann\\\/produkt\\\/balthazar-johannes-vorster-ministerpraesident-der-republik-suedafrika\\\/\",\"name\":\"Balthazar Johannes Vorster, Ministerpr\u00e4sident der Republik S\u00fcdafrika - Abisag T\u00fcllmann\",\"isPartOf\":{\"@id\":\"https:\\\/\\\/bpk-archive.de\\\/tuellmann\\\/#website\"},\"primaryImageOfPage\":{\"@id\":\"https:\\\/\\\/bpk-archive.de\\\/tuellmann\\\/produkt\\\/balthazar-johannes-vorster-ministerpraesident-der-republik-suedafrika\\\/#primaryimage\"},\"image\":{\"@id\":\"https:\\\/\\\/bpk-archive.de\\\/tuellmann\\\/produkt\\\/balthazar-johannes-vorster-ministerpraesident-der-republik-suedafrika\\\/#primaryimage\"},\"thumbnailUrl\":\"https:\\\/\\\/bpk-archive.de\\\/tuellmann\\\/wp-content\\\/uploads\\\/2019\\\/08\\\/bpk_70243223.jpg\",\"datePublished\":\"2019-09-05T13:58:11+00:00\",\"dateModified\":\"2019-09-05T13:58:26+00:00\",\"breadcrumb\":{\"@id\":\"https:\\\/\\\/bpk-archive.de\\\/tuellmann\\\/produkt\\\/balthazar-johannes-vorster-ministerpraesident-der-republik-suedafrika\\\/#breadcrumb\"},\"inLanguage\":\"de\",\"potentialAction\":[{\"@type\":\"ReadAction\",\"target\":[\"https:\\\/\\\/bpk-archive.de\\\/tuellmann\\\/produkt\\\/balthazar-johannes-vorster-ministerpraesident-der-republik-suedafrika\\\/\"]}]},{\"@type\":\"ImageObject\",\"inLanguage\":\"de\",\"@id\":\"https:\\\/\\\/bpk-archive.de\\\/tuellmann\\\/produkt\\\/balthazar-johannes-vorster-ministerpraesident-der-republik-suedafrika\\\/#primaryimage\",\"url\":\"https:\\\/\\\/bpk-archive.de\\\/tuellmann\\\/wp-content\\\/uploads\\\/2019\\\/08\\\/bpk_70243223.jpg\",\"contentUrl\":\"https:\\\/\\\/bpk-archive.de\\\/tuellmann\\\/wp-content\\\/uploads\\\/2019\\\/08\\\/bpk_70243223.jpg\",\"width\":945,\"height\":1200,\"caption\":\"Balthazar Johannes Vorster, Ministerpr\u00e4sident der Republik S\u00fcdafrika\"},{\"@type\":\"BreadcrumbList\",\"@id\":\"https:\\\/\\\/bpk-archive.de\\\/tuellmann\\\/produkt\\\/balthazar-johannes-vorster-ministerpraesident-der-republik-suedafrika\\\/#breadcrumb\",\"itemListElement\":[{\"@type\":\"ListItem\",\"position\":1,\"name\":\"Startseite\",\"item\":\"https:\\\/\\\/bpk-archive.de\\\/tuellmann\\\/\"},{\"@type\":\"ListItem\",\"position\":2,\"name\":\"Shop\",\"item\":\"https:\\\/\\\/bpk-archive.de\\\/tuellmann\\\/shop\\\/\"},{\"@type\":\"ListItem\",\"position\":3,\"name\":\"Balthazar Johannes Vorster, Ministerpr\u00e4sident der Republik S\u00fcdafrika\"}]},{\"@type\":\"WebSite\",\"@id\":\"https:\\\/\\\/bpk-archive.de\\\/tuellmann\\\/#website\",\"url\":\"https:\\\/\\\/bpk-archive.de\\\/tuellmann\\\/\",\"name\":\"Abisag T\u00fcllmann\",\"description\":\"Eine weitere WordPress-Website\",\"potentialAction\":[{\"@type\":\"SearchAction\",\"target\":{\"@type\":\"EntryPoint\",\"urlTemplate\":\"https:\\\/\\\/bpk-archive.de\\\/tuellmann\\\/?s={search_term_string}\"},\"query-input\":{\"@type\":\"PropertyValueSpecification\",\"valueRequired\":true,\"valueName\":\"search_term_string\"}}],\"inLanguage\":\"de\"}]}<\/script>\n<!-- \/ Yoast SEO plugin. -->","yoast_head_json":{"title":"Balthazar Johannes Vorster, Ministerpr\u00e4sident der Republik S\u00fcdafrika - Abisag T\u00fcllmann","robots":{"index":"index","follow":"follow","max-snippet":"max-snippet:-1","max-image-preview":"max-image-preview:large","max-video-preview":"max-video-preview:-1"},"canonical":"https:\/\/bpk-archive.de\/tuellmann\/produkt\/balthazar-johannes-vorster-ministerpraesident-der-republik-suedafrika\/","og_locale":"de_DE","og_type":"article","og_title":"Balthazar Johannes Vorster, Ministerpr\u00e4sident der Republik S\u00fcdafrika - Abisag T\u00fcllmann","og_description":"W\u00e4hrend einer Rede beim Kongress der National Party f\u00fcr Transvaal in Pretoria R\u00fcckseitenbeschriftung von Hand der Fotografin: &#8222;John B. Vorster w\u00e4hrend einer Rede in Pretoria vor der National Party of Transvaal&#8220;","og_url":"https:\/\/bpk-archive.de\/tuellmann\/produkt\/balthazar-johannes-vorster-ministerpraesident-der-republik-suedafrika\/","og_site_name":"Abisag T\u00fcllmann","article_modified_time":"2019-09-05T13:58:26+00:00","og_image":[{"width":945,"height":1200,"url":"https:\/\/bpk-archive.de\/tuellmann\/wp-content\/uploads\/2019\/08\/bpk_70243223.jpg","type":"image\/jpeg"}],"twitter_card":"summary_large_image","schema":{"@context":"https:\/\/schema.org","@graph":[{"@type":"WebPage","@id":"https:\/\/bpk-archive.de\/tuellmann\/produkt\/balthazar-johannes-vorster-ministerpraesident-der-republik-suedafrika\/","url":"https:\/\/bpk-archive.de\/tuellmann\/produkt\/balthazar-johannes-vorster-ministerpraesident-der-republik-suedafrika\/","name":"Balthazar Johannes Vorster, Ministerpr\u00e4sident der Republik S\u00fcdafrika - Abisag T\u00fcllmann","isPartOf":{"@id":"https:\/\/bpk-archive.de\/tuellmann\/#website"},"primaryImageOfPage":{"@id":"https:\/\/bpk-archive.de\/tuellmann\/produkt\/balthazar-johannes-vorster-ministerpraesident-der-republik-suedafrika\/#primaryimage"},"image":{"@id":"https:\/\/bpk-archive.de\/tuellmann\/produkt\/balthazar-johannes-vorster-ministerpraesident-der-republik-suedafrika\/#primaryimage"},"thumbnailUrl":"https:\/\/bpk-archive.de\/tuellmann\/wp-content\/uploads\/2019\/08\/bpk_70243223.jpg","datePublished":"2019-09-05T13:58:11+00:00","dateModified":"2019-09-05T13:58:26+00:00","breadcrumb":{"@id":"https:\/\/bpk-archive.de\/tuellmann\/produkt\/balthazar-johannes-vorster-ministerpraesident-der-republik-suedafrika\/#breadcrumb"},"inLanguage":"de","potentialAction":[{"@type":"ReadAction","target":["https:\/\/bpk-archive.de\/tuellmann\/produkt\/balthazar-johannes-vorster-ministerpraesident-der-republik-suedafrika\/"]}]},{"@type":"ImageObject","inLanguage":"de","@id":"https:\/\/bpk-archive.de\/tuellmann\/produkt\/balthazar-johannes-vorster-ministerpraesident-der-republik-suedafrika\/#primaryimage","url":"https:\/\/bpk-archive.de\/tuellmann\/wp-content\/uploads\/2019\/08\/bpk_70243223.jpg","contentUrl":"https:\/\/bpk-archive.de\/tuellmann\/wp-content\/uploads\/2019\/08\/bpk_70243223.jpg","width":945,"height":1200,"caption":"Balthazar Johannes Vorster, Ministerpr\u00e4sident der Republik S\u00fcdafrika"},{"@type":"BreadcrumbList","@id":"https:\/\/bpk-archive.de\/tuellmann\/produkt\/balthazar-johannes-vorster-ministerpraesident-der-republik-suedafrika\/#breadcrumb","itemListElement":[{"@type":"ListItem","position":1,"name":"Startseite","item":"https:\/\/bpk-archive.de\/tuellmann\/"},{"@type":"ListItem","position":2,"name":"Shop","item":"https:\/\/bpk-archive.de\/tuellmann\/shop\/"},{"@type":"ListItem","position":3,"name":"Balthazar Johannes Vorster, Ministerpr\u00e4sident der Republik S\u00fcdafrika"}]},{"@type":"WebSite","@id":"https:\/\/bpk-archive.de\/tuellmann\/#website","url":"https:\/\/bpk-archive.de\/tuellmann\/","name":"Abisag T\u00fcllmann","description":"Eine weitere WordPress-Website","potentialAction":[{"@type":"SearchAction","target":{"@type":"EntryPoint","urlTemplate":"https:\/\/bpk-archive.de\/tuellmann\/?s={search_term_string}"},"query-input":{"@type":"PropertyValueSpecification","valueRequired":true,"valueName":"search_term_string"}}],"inLanguage":"de"}]}},"_links":{"self":[{"href":"https:\/\/bpk-archive.de\/tuellmann\/wp-json\/wp\/v2\/product\/70296297","targetHints":{"allow":["GET"]}}],"collection":[{"href":"https:\/\/bpk-archive.de\/tuellmann\/wp-json\/wp\/v2\/product"}],"about":[{"href":"https:\/\/bpk-archive.de\/tuellmann\/wp-json\/wp\/v2\/types\/product"}],"wp:featuredmedia":[{"embeddable":true,"href":"https:\/\/bpk-archive.de\/tuellmann\/wp-json\/wp\/v2\/media\/70292533"}],"wp:attachment":[{"href":"https:\/\/bpk-archive.de\/tuellmann\/wp-json\/wp\/v2\/media?parent=70296297"}],"wp:term":[{"taxonomy":"product_brand","embeddable":true,"href":"https:\/\/bpk-archive.de\/tuellmann\/wp-json\/wp\/v2\/product_brand?post=70296297"},{"taxonomy":"product_cat","embeddable":true,"href":"https:\/\/bpk-archive.de\/tuellmann\/wp-json\/wp\/v2\/product_cat?post=70296297"},{"taxonomy":"product_tag","embeddable":true,"href":"https:\/\/bpk-archive.de\/tuellmann\/wp-json\/wp\/v2\/product_tag?post=70296297"}],"curies":[{"name":"wp","href":"https:\/\/api.w.org\/{rel}","templated":true}]}}