{"id":70296294,"date":"2019-09-05T15:58:11","date_gmt":"2019-09-05T13:58:11","guid":{"rendered":"http:\/\/abisagtuellmann.bpk-news.de\/atbild\/arbeiter-in-der-goldmine-winkelhaak-evander\/"},"modified":"2020-08-12T10:29:51","modified_gmt":"2020-08-12T08:29:51","slug":"arbeiter-in-der-goldmine-winkelhaak-evander","status":"publish","type":"product","link":"https:\/\/bpk-archive.de\/tuellmann\/produkt\/arbeiter-in-der-goldmine-winkelhaak-evander\/","title":{"rendered":"Arbeiter in der Goldmine Winkelhaak, Evander"},"content":{"rendered":"<p>R\u00fcckseitenbeschriftung von Hand der Fotografin: &#8222;S\u00fcdafrika, Goldmine Winkelhaag&#8220;<\/p>\n","protected":false},"excerpt":{"rendered":"<p>R\u00fcckseitenbeschriftung von Hand der Fotografin: &#8222;S\u00fcdafrika, Goldmine Winkelhaag&#8220;<\/p>\n","protected":false},"featured_media":70292521,"template":"","meta":[],"product_brand":[],"product_cat":[73397],"product_tag":[13230,13232,13234,13231,13233,13235,13777,13236,13237,13240,13241,13242,13243,13244,13245,47456,47457,47458,47459,47460,47461,47462,13604,13605,62063,62064,51804,62065,62066,62067,62068,62069,62070,62071,13784,13785,14177,13473,48890,13261,48891,48892,48893,48894,48895,53728,53729,53730,53731,53732,13268,13269,13270,13271,62072,13293,13786,13787,13294,13295,13296,13297,62073,62074,51760,51761,13498,62075,62076,13818,13819,13820,13821,13822,13823,13824,13825,13826,62077,62078,62079,62080,62081,13328,13827,13828,13329,13330,13331,13332,13829,13830,13831,13832,13833,13834,13835,13836,13837,13838,13839,13840,13841,13842,13843,13877,13879,59321,62082,62083,13865,13864,13866,13351,13352,13353,13858,13859,13860,13861,13862,13863,13354,13869,13870,13871,13872,13363,51811,13364,13365,13366,13367,13368,13369,13878,13880,62085,62084,62086,62087,62088,13525],"class_list":{"0":"post-70296294","1":"product","2":"type-product","3":"status-publish","4":"has-post-thumbnail","6":"product_cat-suedafrika","7":"product_tag-1970er-jahre","8":"product_tag-20-jahrhundert-nach-chr","9":"product_tag-20-jh-n-chr","10":"product_tag-20-jahrhundert","11":"product_tag-20-jh","12":"product_tag-70er","13":"product_tag-abzug","14":"product_tag-afrika","15":"product_tag-afrikaner","16":"product_tag-afrikanisch","17":"product_tag-afrikanische","18":"product_tag-afrikanischen","19":"product_tag-afrikanischer","20":"product_tag-afrikanisches","21":"product_tag-afrikas","22":"product_tag-arbeit","23":"product_tag-arbeiten","24":"product_tag-arbeitend","25":"product_tag-arbeitende","26":"product_tag-arbeitenden","27":"product_tag-arbeitender","28":"product_tag-arbeitendes","29":"product_tag-arbeiter","30":"product_tag-arbeitern","31":"product_tag-arbeitsbedingung","32":"product_tag-arbeitsbedingungen","33":"product_tag-at_suedafrika","34":"product_tag-atb_012","35":"product_tag-bergarbeiter","36":"product_tag-bergbau","37":"product_tag-bergbaus","38":"product_tag-bergleute","39":"product_tag-bergmann","40":"product_tag-bergmannshabit","41":"product_tag-bildnis","42":"product_tag-bildnisse","43":"product_tag-blickkontakt","44":"product_tag-drinnen","45":"product_tag-dunkel","46":"product_tag-dunkelhaeutiger","47":"product_tag-dunkelheit","48":"product_tag-dunkle","49":"product_tag-dunklen","50":"product_tag-dunkler","51":"product_tag-dunkles","52":"product_tag-eng","53":"product_tag-enge","54":"product_tag-engen","55":"product_tag-enger","56":"product_tag-enges","57":"product_tag-farbige","58":"product_tag-farbigen","59":"product_tag-farbiger","60":"product_tag-farbiges","61":"product_tag-foerderschacht","62":"product_tag-foto","63":"product_tag-fotoabzug","64":"product_tag-fotoabzuege","65":"product_tag-fotografie","66":"product_tag-fotografien","67":"product_tag-fotografin","68":"product_tag-fotografinnen","69":"product_tag-goldmine","70":"product_tag-goldminen","71":"product_tag-helm","72":"product_tag-helme","73":"product_tag-innen","74":"product_tag-kriechen","75":"product_tag-kumpel","76":"product_tag-mann","77":"product_tag-maenner","78":"product_tag-maennerbildnis","79":"product_tag-maennerbildnisse","80":"product_tag-maennerportrait","81":"product_tag-maennerportraits","82":"product_tag-maennerportraet","83":"product_tag-maennerportraets","84":"product_tag-mannes","85":"product_tag-mine","86":"product_tag-minen","87":"product_tag-minenarbeiter","88":"product_tag-minenarbeitern","89":"product_tag-minenarbeiters","90":"product_tag-photo","91":"product_tag-photoabzug","92":"product_tag-photoabzuege","93":"product_tag-photographie","94":"product_tag-photographien","95":"product_tag-photographin","96":"product_tag-photographinnen","97":"product_tag-portrait","98":"product_tag-portraitaufnahme","99":"product_tag-portraitfoto","100":"product_tag-portraitfotografie","101":"product_tag-portraitphoto","102":"product_tag-portraitphotographie","103":"product_tag-portraits","104":"product_tag-portraet","105":"product_tag-portraetaufnahme","106":"product_tag-portraetfoto","107":"product_tag-portraetfotografie","108":"product_tag-portraetphoto","109":"product_tag-portraetphotographie","110":"product_tag-portraets","111":"product_tag-print","112":"product_tag-s-w-fotografie","113":"product_tag-s-w-photographie","114":"product_tag-schacht","115":"product_tag-schutzhelm","116":"product_tag-schutzhelme","117":"product_tag-schwarzweissphotographie","118":"product_tag-schwarz-weiss-fotografie","119":"product_tag-schwarz-weiss-photographie","120":"product_tag-schwarze","121":"product_tag-schwarzen","122":"product_tag-schwarzer","123":"product_tag-schwarzweiss","124":"product_tag-schwarzweisse","125":"product_tag-schwarzweissen","126":"product_tag-schwarzweisser","127":"product_tag-schwarzweisses","128":"product_tag-schwarzweissfotografie","129":"product_tag-siebziger","130":"product_tag-silbergelatine","131":"product_tag-silbergelatineabzug","132":"product_tag-silbergelatineabzuege","133":"product_tag-silbergelatineprint","134":"product_tag-suedafrika","135":"product_tag-suedafrikaner","136":"product_tag-suedafrikanisch","137":"product_tag-suedafrikanische","138":"product_tag-suedafrikanischen","139":"product_tag-suedafrikanischer","140":"product_tag-suedafrikanisches","141":"product_tag-suedafrikas","142":"product_tag-sw-fotografie","143":"product_tag-sw-photographie","144":"product_tag-unter-tage","145":"product_tag-untertage","146":"product_tag-untertagebau","147":"product_tag-untertagebaus","148":"product_tag-untertags","149":"product_tag-von-innen","150":"pa_datierung-oktober-1971","151":"pa_fotograf-abisag-tuellmann","152":"pa_geografischer_bezug-aufnahmeort-evander-suedafrika","153":"pa_grunddaten_material_technik-foto-silbergelatine-auf-barytpapier","154":"pa_inventarnummer-tue-71-201-27","155":"pa_jahr_von-49516","156":"pa_massangaben-bildformat-foto-235-x-298-cm","157":"pa_mediennummer-62060","158":"pa_objekt_typ-fotografie","160":"first","161":"instock","162":"product-type-simple"},"yoast_head":"<!-- This site is optimized with the Yoast SEO plugin v27.3 - https:\/\/yoast.com\/product\/yoast-seo-wordpress\/ -->\n<title>Arbeiter in der Goldmine Winkelhaak, Evander - Abisag T\u00fcllmann<\/title>\n<meta name=\"robots\" content=\"index, follow, max-snippet:-1, max-image-preview:large, max-video-preview:-1\" \/>\n<link rel=\"canonical\" href=\"https:\/\/bpk-archive.de\/tuellmann\/produkt\/arbeiter-in-der-goldmine-winkelhaak-evander\/\" \/>\n<meta property=\"og:locale\" content=\"de_DE\" \/>\n<meta property=\"og:type\" content=\"article\" \/>\n<meta property=\"og:title\" content=\"Arbeiter in der Goldmine Winkelhaak, Evander - Abisag T\u00fcllmann\" \/>\n<meta property=\"og:description\" content=\"R\u00fcckseitenbeschriftung von Hand der Fotografin: &#8222;S\u00fcdafrika, Goldmine Winkelhaag&#8220;\" \/>\n<meta property=\"og:url\" content=\"https:\/\/bpk-archive.de\/tuellmann\/produkt\/arbeiter-in-der-goldmine-winkelhaak-evander\/\" \/>\n<meta property=\"og:site_name\" content=\"Abisag T\u00fcllmann\" \/>\n<meta property=\"article:modified_time\" content=\"2020-08-12T08:29:51+00:00\" \/>\n<meta property=\"og:image\" content=\"https:\/\/bpk-archive.de\/tuellmann\/wp-content\/uploads\/2019\/08\/bpk_70243219.jpg\" \/>\n\t<meta property=\"og:image:width\" content=\"1200\" \/>\n\t<meta property=\"og:image:height\" content=\"960\" \/>\n\t<meta property=\"og:image:type\" content=\"image\/jpeg\" \/>\n<meta name=\"twitter:card\" content=\"summary_large_image\" \/>\n<script type=\"application\/ld+json\" class=\"yoast-schema-graph\">{\"@context\":\"https:\\\/\\\/schema.org\",\"@graph\":[{\"@type\":\"WebPage\",\"@id\":\"https:\\\/\\\/bpk-archive.de\\\/tuellmann\\\/produkt\\\/arbeiter-in-der-goldmine-winkelhaak-evander\\\/\",\"url\":\"https:\\\/\\\/bpk-archive.de\\\/tuellmann\\\/produkt\\\/arbeiter-in-der-goldmine-winkelhaak-evander\\\/\",\"name\":\"Arbeiter in der Goldmine Winkelhaak, Evander - Abisag T\u00fcllmann\",\"isPartOf\":{\"@id\":\"https:\\\/\\\/bpk-archive.de\\\/tuellmann\\\/#website\"},\"primaryImageOfPage\":{\"@id\":\"https:\\\/\\\/bpk-archive.de\\\/tuellmann\\\/produkt\\\/arbeiter-in-der-goldmine-winkelhaak-evander\\\/#primaryimage\"},\"image\":{\"@id\":\"https:\\\/\\\/bpk-archive.de\\\/tuellmann\\\/produkt\\\/arbeiter-in-der-goldmine-winkelhaak-evander\\\/#primaryimage\"},\"thumbnailUrl\":\"https:\\\/\\\/bpk-archive.de\\\/tuellmann\\\/wp-content\\\/uploads\\\/2019\\\/08\\\/bpk_70243219.jpg\",\"datePublished\":\"2019-09-05T13:58:11+00:00\",\"dateModified\":\"2020-08-12T08:29:51+00:00\",\"breadcrumb\":{\"@id\":\"https:\\\/\\\/bpk-archive.de\\\/tuellmann\\\/produkt\\\/arbeiter-in-der-goldmine-winkelhaak-evander\\\/#breadcrumb\"},\"inLanguage\":\"de\",\"potentialAction\":[{\"@type\":\"ReadAction\",\"target\":[\"https:\\\/\\\/bpk-archive.de\\\/tuellmann\\\/produkt\\\/arbeiter-in-der-goldmine-winkelhaak-evander\\\/\"]}]},{\"@type\":\"ImageObject\",\"inLanguage\":\"de\",\"@id\":\"https:\\\/\\\/bpk-archive.de\\\/tuellmann\\\/produkt\\\/arbeiter-in-der-goldmine-winkelhaak-evander\\\/#primaryimage\",\"url\":\"https:\\\/\\\/bpk-archive.de\\\/tuellmann\\\/wp-content\\\/uploads\\\/2019\\\/08\\\/bpk_70243219.jpg\",\"contentUrl\":\"https:\\\/\\\/bpk-archive.de\\\/tuellmann\\\/wp-content\\\/uploads\\\/2019\\\/08\\\/bpk_70243219.jpg\",\"width\":1200,\"height\":960,\"caption\":\"Arbeiter in der Goldmine Winkelhaak, Evander\"},{\"@type\":\"BreadcrumbList\",\"@id\":\"https:\\\/\\\/bpk-archive.de\\\/tuellmann\\\/produkt\\\/arbeiter-in-der-goldmine-winkelhaak-evander\\\/#breadcrumb\",\"itemListElement\":[{\"@type\":\"ListItem\",\"position\":1,\"name\":\"Startseite\",\"item\":\"https:\\\/\\\/bpk-archive.de\\\/tuellmann\\\/\"},{\"@type\":\"ListItem\",\"position\":2,\"name\":\"Shop\",\"item\":\"https:\\\/\\\/bpk-archive.de\\\/tuellmann\\\/shop\\\/\"},{\"@type\":\"ListItem\",\"position\":3,\"name\":\"Arbeiter in der Goldmine Winkelhaak, Evander\"}]},{\"@type\":\"WebSite\",\"@id\":\"https:\\\/\\\/bpk-archive.de\\\/tuellmann\\\/#website\",\"url\":\"https:\\\/\\\/bpk-archive.de\\\/tuellmann\\\/\",\"name\":\"Abisag T\u00fcllmann\",\"description\":\"Eine weitere WordPress-Website\",\"potentialAction\":[{\"@type\":\"SearchAction\",\"target\":{\"@type\":\"EntryPoint\",\"urlTemplate\":\"https:\\\/\\\/bpk-archive.de\\\/tuellmann\\\/?s={search_term_string}\"},\"query-input\":{\"@type\":\"PropertyValueSpecification\",\"valueRequired\":true,\"valueName\":\"search_term_string\"}}],\"inLanguage\":\"de\"}]}<\/script>\n<!-- \/ Yoast SEO plugin. -->","yoast_head_json":{"title":"Arbeiter in der Goldmine Winkelhaak, Evander - Abisag T\u00fcllmann","robots":{"index":"index","follow":"follow","max-snippet":"max-snippet:-1","max-image-preview":"max-image-preview:large","max-video-preview":"max-video-preview:-1"},"canonical":"https:\/\/bpk-archive.de\/tuellmann\/produkt\/arbeiter-in-der-goldmine-winkelhaak-evander\/","og_locale":"de_DE","og_type":"article","og_title":"Arbeiter in der Goldmine Winkelhaak, Evander - Abisag T\u00fcllmann","og_description":"R\u00fcckseitenbeschriftung von Hand der Fotografin: &#8222;S\u00fcdafrika, Goldmine Winkelhaag&#8220;","og_url":"https:\/\/bpk-archive.de\/tuellmann\/produkt\/arbeiter-in-der-goldmine-winkelhaak-evander\/","og_site_name":"Abisag T\u00fcllmann","article_modified_time":"2020-08-12T08:29:51+00:00","og_image":[{"width":1200,"height":960,"url":"https:\/\/bpk-archive.de\/tuellmann\/wp-content\/uploads\/2019\/08\/bpk_70243219.jpg","type":"image\/jpeg"}],"twitter_card":"summary_large_image","schema":{"@context":"https:\/\/schema.org","@graph":[{"@type":"WebPage","@id":"https:\/\/bpk-archive.de\/tuellmann\/produkt\/arbeiter-in-der-goldmine-winkelhaak-evander\/","url":"https:\/\/bpk-archive.de\/tuellmann\/produkt\/arbeiter-in-der-goldmine-winkelhaak-evander\/","name":"Arbeiter in der Goldmine Winkelhaak, Evander - Abisag T\u00fcllmann","isPartOf":{"@id":"https:\/\/bpk-archive.de\/tuellmann\/#website"},"primaryImageOfPage":{"@id":"https:\/\/bpk-archive.de\/tuellmann\/produkt\/arbeiter-in-der-goldmine-winkelhaak-evander\/#primaryimage"},"image":{"@id":"https:\/\/bpk-archive.de\/tuellmann\/produkt\/arbeiter-in-der-goldmine-winkelhaak-evander\/#primaryimage"},"thumbnailUrl":"https:\/\/bpk-archive.de\/tuellmann\/wp-content\/uploads\/2019\/08\/bpk_70243219.jpg","datePublished":"2019-09-05T13:58:11+00:00","dateModified":"2020-08-12T08:29:51+00:00","breadcrumb":{"@id":"https:\/\/bpk-archive.de\/tuellmann\/produkt\/arbeiter-in-der-goldmine-winkelhaak-evander\/#breadcrumb"},"inLanguage":"de","potentialAction":[{"@type":"ReadAction","target":["https:\/\/bpk-archive.de\/tuellmann\/produkt\/arbeiter-in-der-goldmine-winkelhaak-evander\/"]}]},{"@type":"ImageObject","inLanguage":"de","@id":"https:\/\/bpk-archive.de\/tuellmann\/produkt\/arbeiter-in-der-goldmine-winkelhaak-evander\/#primaryimage","url":"https:\/\/bpk-archive.de\/tuellmann\/wp-content\/uploads\/2019\/08\/bpk_70243219.jpg","contentUrl":"https:\/\/bpk-archive.de\/tuellmann\/wp-content\/uploads\/2019\/08\/bpk_70243219.jpg","width":1200,"height":960,"caption":"Arbeiter in der Goldmine Winkelhaak, Evander"},{"@type":"BreadcrumbList","@id":"https:\/\/bpk-archive.de\/tuellmann\/produkt\/arbeiter-in-der-goldmine-winkelhaak-evander\/#breadcrumb","itemListElement":[{"@type":"ListItem","position":1,"name":"Startseite","item":"https:\/\/bpk-archive.de\/tuellmann\/"},{"@type":"ListItem","position":2,"name":"Shop","item":"https:\/\/bpk-archive.de\/tuellmann\/shop\/"},{"@type":"ListItem","position":3,"name":"Arbeiter in der Goldmine Winkelhaak, Evander"}]},{"@type":"WebSite","@id":"https:\/\/bpk-archive.de\/tuellmann\/#website","url":"https:\/\/bpk-archive.de\/tuellmann\/","name":"Abisag T\u00fcllmann","description":"Eine weitere WordPress-Website","potentialAction":[{"@type":"SearchAction","target":{"@type":"EntryPoint","urlTemplate":"https:\/\/bpk-archive.de\/tuellmann\/?s={search_term_string}"},"query-input":{"@type":"PropertyValueSpecification","valueRequired":true,"valueName":"search_term_string"}}],"inLanguage":"de"}]}},"_links":{"self":[{"href":"https:\/\/bpk-archive.de\/tuellmann\/wp-json\/wp\/v2\/product\/70296294","targetHints":{"allow":["GET"]}}],"collection":[{"href":"https:\/\/bpk-archive.de\/tuellmann\/wp-json\/wp\/v2\/product"}],"about":[{"href":"https:\/\/bpk-archive.de\/tuellmann\/wp-json\/wp\/v2\/types\/product"}],"wp:featuredmedia":[{"embeddable":true,"href":"https:\/\/bpk-archive.de\/tuellmann\/wp-json\/wp\/v2\/media\/70292521"}],"wp:attachment":[{"href":"https:\/\/bpk-archive.de\/tuellmann\/wp-json\/wp\/v2\/media?parent=70296294"}],"wp:term":[{"taxonomy":"product_brand","embeddable":true,"href":"https:\/\/bpk-archive.de\/tuellmann\/wp-json\/wp\/v2\/product_brand?post=70296294"},{"taxonomy":"product_cat","embeddable":true,"href":"https:\/\/bpk-archive.de\/tuellmann\/wp-json\/wp\/v2\/product_cat?post=70296294"},{"taxonomy":"product_tag","embeddable":true,"href":"https:\/\/bpk-archive.de\/tuellmann\/wp-json\/wp\/v2\/product_tag?post=70296294"}],"curies":[{"name":"wp","href":"https:\/\/api.w.org\/{rel}","templated":true}]}}