{"id":70296293,"date":"2019-09-05T15:58:11","date_gmt":"2019-09-05T13:58:11","guid":{"rendered":"http:\/\/abisagtuellmann.bpk-news.de\/atbild\/fussgaenger-auf-einer-bruecke-in-johannesburg-suedafrika\/"},"modified":"2020-08-12T10:29:55","modified_gmt":"2020-08-12T08:29:55","slug":"fussgaenger-auf-einer-bruecke-in-johannesburg-suedafrika","status":"publish","type":"product","link":"https:\/\/bpk-archive.de\/tuellmann\/produkt\/fussgaenger-auf-einer-bruecke-in-johannesburg-suedafrika\/","title":{"rendered":"Fu\u00dfg\u00e4nger auf einer Br\u00fccke in Johannesburg, S\u00fcdafrika"},"content":{"rendered":"<p>Im Hintergrund Bahngleise und Hochh\u00e4user der Gro\u00dfstadt R\u00fcckseitenbeschriftung von Hand der Fotografin: &#8222;Johannesburg&#8220;<\/p>\n","protected":false},"excerpt":{"rendered":"<p>Im Hintergrund Bahngleise und Hochh\u00e4user der Gro\u00dfstadt R\u00fcckseitenbeschriftung von Hand der Fotografin: &#8222;Johannesburg&#8220;<\/p>\n","protected":false},"featured_media":70292536,"template":"","meta":[],"product_brand":[],"product_cat":[73397],"product_tag":[13230,13232,13234,13231,13233,13235,62055,13777,13236,13237,13240,13241,13242,13243,13244,13245,51804,13250,53815,53816,53817,53818,53819,57026,57027,13253,13254,13255,13256,13257,13260,13261,62056,62057,53820,53821,53822,53823,53824,13268,13269,13270,13271,13293,13786,13787,13294,13295,13296,13297,47556,47378,47379,47380,47381,47382,53828,53829,53830,47887,47888,49145,49146,49147,13301,62058,62059,13818,13819,13826,48260,48261,47561,47562,13328,13827,13828,13329,13330,13331,13332,13843,13877,13879,53495,53496,13865,13864,13866,13351,13352,13353,13858,13859,13860,13861,13862,13863,13354,13869,13870,13871,13872,58076,52912,47406,47407,48411,48412,48165,48166,47408,47409,13363,51811,13364,13365,13366,13367,13368,13369,13878,13880,48797,48798,52913],"class_list":{"0":"post-70296293","1":"product","2":"type-product","3":"status-publish","4":"has-post-thumbnail","6":"product_cat-suedafrika","7":"product_tag-1970er-jahre","8":"product_tag-20-jahrhundert-nach-chr","9":"product_tag-20-jh-n-chr","10":"product_tag-20-jahrhundert","11":"product_tag-20-jh","12":"product_tag-70er","13":"product_tag-abt_025","14":"product_tag-abzug","15":"product_tag-afrika","16":"product_tag-afrikaner","17":"product_tag-afrikanisch","18":"product_tag-afrikanische","19":"product_tag-afrikanischen","20":"product_tag-afrikanischer","21":"product_tag-afrikanisches","22":"product_tag-afrikas","23":"product_tag-at_suedafrika","24":"product_tag-aussen","25":"product_tag-bahngleis","26":"product_tag-bahngleise","27":"product_tag-bahngleises","28":"product_tag-bahnschiene","29":"product_tag-bahnschienen","30":"product_tag-bruecke","31":"product_tag-bruecken","32":"product_tag-deutsch","33":"product_tag-deutsche","34":"product_tag-deutschen","35":"product_tag-deutscher","36":"product_tag-deutsches","37":"product_tag-draussen","38":"product_tag-dunkelhaeutiger","39":"product_tag-eisenbahnbruecke","40":"product_tag-eisenbahnbruecken","41":"product_tag-eisenbahngleis","42":"product_tag-eisenbahngleise","43":"product_tag-eisenbahngleises","44":"product_tag-eisenbahnschiene","45":"product_tag-eisenbahnschienen","46":"product_tag-farbige","47":"product_tag-farbigen","48":"product_tag-farbiger","49":"product_tag-farbiges","50":"product_tag-foto","51":"product_tag-fotoabzug","52":"product_tag-fotoabzuege","53":"product_tag-fotografie","54":"product_tag-fotografien","55":"product_tag-fotografin","56":"product_tag-fotografinnen","57":"product_tag-fussgaenger","58":"product_tag-gehen","59":"product_tag-gehend","60":"product_tag-gehende","61":"product_tag-gehender","62":"product_tag-gehendes","63":"product_tag-gleis","64":"product_tag-gleise","65":"product_tag-gleises","66":"product_tag-grossstadt","67":"product_tag-grossstaedte","68":"product_tag-hochhaus","69":"product_tag-hochhaeuser","70":"product_tag-hochhauses","71":"product_tag-im-freien","72":"product_tag-johannesburg","73":"product_tag-johannesburger","74":"product_tag-mann","75":"product_tag-maenner","76":"product_tag-mannes","77":"product_tag-muetze","78":"product_tag-muetzen","79":"product_tag-passant","80":"product_tag-passanten","81":"product_tag-photo","82":"product_tag-photoabzug","83":"product_tag-photoabzuege","84":"product_tag-photographie","85":"product_tag-photographien","86":"product_tag-photographin","87":"product_tag-photographinnen","88":"product_tag-print","89":"product_tag-s-w-fotografie","90":"product_tag-s-w-photographie","91":"product_tag-schiebermuetze","92":"product_tag-schiebermuetzen","93":"product_tag-schwarzweissphotographie","94":"product_tag-schwarz-weiss-fotografie","95":"product_tag-schwarz-weiss-photographie","96":"product_tag-schwarze","97":"product_tag-schwarzen","98":"product_tag-schwarzer","99":"product_tag-schwarzweiss","100":"product_tag-schwarzweisse","101":"product_tag-schwarzweissen","102":"product_tag-schwarzweisser","103":"product_tag-schwarzweisses","104":"product_tag-schwarzweissfotografie","105":"product_tag-siebziger","106":"product_tag-silbergelatine","107":"product_tag-silbergelatineabzug","108":"product_tag-silbergelatineabzuege","109":"product_tag-silbergelatineprint","110":"product_tag-skyline","111":"product_tag-skyscraper","112":"product_tag-stadt","113":"product_tag-staedte","114":"product_tag-stadtpanorama","115":"product_tag-stadtsilhouette","116":"product_tag-strasse","117":"product_tag-strassen","118":"product_tag-strassenleben","119":"product_tag-strassenszene","120":"product_tag-suedafrika","121":"product_tag-suedafrikaner","122":"product_tag-suedafrikanisch","123":"product_tag-suedafrikanische","124":"product_tag-suedafrikanischen","125":"product_tag-suedafrikanischer","126":"product_tag-suedafrikanisches","127":"product_tag-suedafrikas","128":"product_tag-sw-fotografie","129":"product_tag-sw-photographie","130":"product_tag-uniform","131":"product_tag-uniformen","132":"product_tag-wolkenkratzer","133":"pa_datierung-oktober-1971","134":"pa_fotograf-abisag-tuellmann","135":"pa_geografischer_bezug-aufnahmeort-johannesburg-suedafrika","136":"pa_grunddaten_material_technik-foto-silbergelatine-auf-barytpapier","137":"pa_inventarnummer-tue-71-240-19","138":"pa_jahr_von-49516","139":"pa_massangaben-bildformat-foto-303-x-40-cm","140":"pa_mediennummer-62051","141":"pa_objekt_typ-fotografie","143":"first","144":"instock","145":"product-type-simple"},"yoast_head":"<!-- This site is optimized with the Yoast SEO plugin v27.3 - https:\/\/yoast.com\/product\/yoast-seo-wordpress\/ -->\n<title>Fu\u00dfg\u00e4nger auf einer Br\u00fccke in Johannesburg, S\u00fcdafrika - Abisag T\u00fcllmann<\/title>\n<meta name=\"robots\" content=\"index, follow, max-snippet:-1, max-image-preview:large, max-video-preview:-1\" \/>\n<link rel=\"canonical\" href=\"https:\/\/bpk-archive.de\/tuellmann\/produkt\/fussgaenger-auf-einer-bruecke-in-johannesburg-suedafrika\/\" \/>\n<meta property=\"og:locale\" content=\"de_DE\" \/>\n<meta property=\"og:type\" content=\"article\" \/>\n<meta property=\"og:title\" content=\"Fu\u00dfg\u00e4nger auf einer Br\u00fccke in Johannesburg, S\u00fcdafrika - Abisag T\u00fcllmann\" \/>\n<meta property=\"og:description\" content=\"Im Hintergrund Bahngleise und Hochh\u00e4user der Gro\u00dfstadt R\u00fcckseitenbeschriftung von Hand der Fotografin: &#8222;Johannesburg&#8220;\" \/>\n<meta property=\"og:url\" content=\"https:\/\/bpk-archive.de\/tuellmann\/produkt\/fussgaenger-auf-einer-bruecke-in-johannesburg-suedafrika\/\" \/>\n<meta property=\"og:site_name\" content=\"Abisag T\u00fcllmann\" \/>\n<meta property=\"article:modified_time\" content=\"2020-08-12T08:29:55+00:00\" \/>\n<meta property=\"og:image\" content=\"https:\/\/bpk-archive.de\/tuellmann\/wp-content\/uploads\/2019\/08\/bpk_70243224.jpg\" \/>\n\t<meta property=\"og:image:width\" content=\"1200\" \/>\n\t<meta property=\"og:image:height\" content=\"919\" \/>\n\t<meta property=\"og:image:type\" content=\"image\/jpeg\" \/>\n<meta name=\"twitter:card\" content=\"summary_large_image\" \/>\n<script type=\"application\/ld+json\" class=\"yoast-schema-graph\">{\"@context\":\"https:\\\/\\\/schema.org\",\"@graph\":[{\"@type\":\"WebPage\",\"@id\":\"https:\\\/\\\/bpk-archive.de\\\/tuellmann\\\/produkt\\\/fussgaenger-auf-einer-bruecke-in-johannesburg-suedafrika\\\/\",\"url\":\"https:\\\/\\\/bpk-archive.de\\\/tuellmann\\\/produkt\\\/fussgaenger-auf-einer-bruecke-in-johannesburg-suedafrika\\\/\",\"name\":\"Fu\u00dfg\u00e4nger auf einer Br\u00fccke in Johannesburg, S\u00fcdafrika - Abisag T\u00fcllmann\",\"isPartOf\":{\"@id\":\"https:\\\/\\\/bpk-archive.de\\\/tuellmann\\\/#website\"},\"primaryImageOfPage\":{\"@id\":\"https:\\\/\\\/bpk-archive.de\\\/tuellmann\\\/produkt\\\/fussgaenger-auf-einer-bruecke-in-johannesburg-suedafrika\\\/#primaryimage\"},\"image\":{\"@id\":\"https:\\\/\\\/bpk-archive.de\\\/tuellmann\\\/produkt\\\/fussgaenger-auf-einer-bruecke-in-johannesburg-suedafrika\\\/#primaryimage\"},\"thumbnailUrl\":\"https:\\\/\\\/bpk-archive.de\\\/tuellmann\\\/wp-content\\\/uploads\\\/2019\\\/08\\\/bpk_70243224.jpg\",\"datePublished\":\"2019-09-05T13:58:11+00:00\",\"dateModified\":\"2020-08-12T08:29:55+00:00\",\"breadcrumb\":{\"@id\":\"https:\\\/\\\/bpk-archive.de\\\/tuellmann\\\/produkt\\\/fussgaenger-auf-einer-bruecke-in-johannesburg-suedafrika\\\/#breadcrumb\"},\"inLanguage\":\"de\",\"potentialAction\":[{\"@type\":\"ReadAction\",\"target\":[\"https:\\\/\\\/bpk-archive.de\\\/tuellmann\\\/produkt\\\/fussgaenger-auf-einer-bruecke-in-johannesburg-suedafrika\\\/\"]}]},{\"@type\":\"ImageObject\",\"inLanguage\":\"de\",\"@id\":\"https:\\\/\\\/bpk-archive.de\\\/tuellmann\\\/produkt\\\/fussgaenger-auf-einer-bruecke-in-johannesburg-suedafrika\\\/#primaryimage\",\"url\":\"https:\\\/\\\/bpk-archive.de\\\/tuellmann\\\/wp-content\\\/uploads\\\/2019\\\/08\\\/bpk_70243224.jpg\",\"contentUrl\":\"https:\\\/\\\/bpk-archive.de\\\/tuellmann\\\/wp-content\\\/uploads\\\/2019\\\/08\\\/bpk_70243224.jpg\",\"width\":1200,\"height\":919,\"caption\":\"Fu\u00dfg\u00e4nger auf einer Br\u00fccke in Johannesburg, S\u00fcdafrika\"},{\"@type\":\"BreadcrumbList\",\"@id\":\"https:\\\/\\\/bpk-archive.de\\\/tuellmann\\\/produkt\\\/fussgaenger-auf-einer-bruecke-in-johannesburg-suedafrika\\\/#breadcrumb\",\"itemListElement\":[{\"@type\":\"ListItem\",\"position\":1,\"name\":\"Startseite\",\"item\":\"https:\\\/\\\/bpk-archive.de\\\/tuellmann\\\/\"},{\"@type\":\"ListItem\",\"position\":2,\"name\":\"Shop\",\"item\":\"https:\\\/\\\/bpk-archive.de\\\/tuellmann\\\/shop\\\/\"},{\"@type\":\"ListItem\",\"position\":3,\"name\":\"Fu\u00dfg\u00e4nger auf einer Br\u00fccke in Johannesburg, S\u00fcdafrika\"}]},{\"@type\":\"WebSite\",\"@id\":\"https:\\\/\\\/bpk-archive.de\\\/tuellmann\\\/#website\",\"url\":\"https:\\\/\\\/bpk-archive.de\\\/tuellmann\\\/\",\"name\":\"Abisag T\u00fcllmann\",\"description\":\"Eine weitere WordPress-Website\",\"potentialAction\":[{\"@type\":\"SearchAction\",\"target\":{\"@type\":\"EntryPoint\",\"urlTemplate\":\"https:\\\/\\\/bpk-archive.de\\\/tuellmann\\\/?s={search_term_string}\"},\"query-input\":{\"@type\":\"PropertyValueSpecification\",\"valueRequired\":true,\"valueName\":\"search_term_string\"}}],\"inLanguage\":\"de\"}]}<\/script>\n<!-- \/ Yoast SEO plugin. -->","yoast_head_json":{"title":"Fu\u00dfg\u00e4nger auf einer Br\u00fccke in Johannesburg, S\u00fcdafrika - Abisag T\u00fcllmann","robots":{"index":"index","follow":"follow","max-snippet":"max-snippet:-1","max-image-preview":"max-image-preview:large","max-video-preview":"max-video-preview:-1"},"canonical":"https:\/\/bpk-archive.de\/tuellmann\/produkt\/fussgaenger-auf-einer-bruecke-in-johannesburg-suedafrika\/","og_locale":"de_DE","og_type":"article","og_title":"Fu\u00dfg\u00e4nger auf einer Br\u00fccke in Johannesburg, S\u00fcdafrika - Abisag T\u00fcllmann","og_description":"Im Hintergrund Bahngleise und Hochh\u00e4user der Gro\u00dfstadt R\u00fcckseitenbeschriftung von Hand der Fotografin: &#8222;Johannesburg&#8220;","og_url":"https:\/\/bpk-archive.de\/tuellmann\/produkt\/fussgaenger-auf-einer-bruecke-in-johannesburg-suedafrika\/","og_site_name":"Abisag T\u00fcllmann","article_modified_time":"2020-08-12T08:29:55+00:00","og_image":[{"width":1200,"height":919,"url":"https:\/\/bpk-archive.de\/tuellmann\/wp-content\/uploads\/2019\/08\/bpk_70243224.jpg","type":"image\/jpeg"}],"twitter_card":"summary_large_image","schema":{"@context":"https:\/\/schema.org","@graph":[{"@type":"WebPage","@id":"https:\/\/bpk-archive.de\/tuellmann\/produkt\/fussgaenger-auf-einer-bruecke-in-johannesburg-suedafrika\/","url":"https:\/\/bpk-archive.de\/tuellmann\/produkt\/fussgaenger-auf-einer-bruecke-in-johannesburg-suedafrika\/","name":"Fu\u00dfg\u00e4nger auf einer Br\u00fccke in Johannesburg, S\u00fcdafrika - Abisag T\u00fcllmann","isPartOf":{"@id":"https:\/\/bpk-archive.de\/tuellmann\/#website"},"primaryImageOfPage":{"@id":"https:\/\/bpk-archive.de\/tuellmann\/produkt\/fussgaenger-auf-einer-bruecke-in-johannesburg-suedafrika\/#primaryimage"},"image":{"@id":"https:\/\/bpk-archive.de\/tuellmann\/produkt\/fussgaenger-auf-einer-bruecke-in-johannesburg-suedafrika\/#primaryimage"},"thumbnailUrl":"https:\/\/bpk-archive.de\/tuellmann\/wp-content\/uploads\/2019\/08\/bpk_70243224.jpg","datePublished":"2019-09-05T13:58:11+00:00","dateModified":"2020-08-12T08:29:55+00:00","breadcrumb":{"@id":"https:\/\/bpk-archive.de\/tuellmann\/produkt\/fussgaenger-auf-einer-bruecke-in-johannesburg-suedafrika\/#breadcrumb"},"inLanguage":"de","potentialAction":[{"@type":"ReadAction","target":["https:\/\/bpk-archive.de\/tuellmann\/produkt\/fussgaenger-auf-einer-bruecke-in-johannesburg-suedafrika\/"]}]},{"@type":"ImageObject","inLanguage":"de","@id":"https:\/\/bpk-archive.de\/tuellmann\/produkt\/fussgaenger-auf-einer-bruecke-in-johannesburg-suedafrika\/#primaryimage","url":"https:\/\/bpk-archive.de\/tuellmann\/wp-content\/uploads\/2019\/08\/bpk_70243224.jpg","contentUrl":"https:\/\/bpk-archive.de\/tuellmann\/wp-content\/uploads\/2019\/08\/bpk_70243224.jpg","width":1200,"height":919,"caption":"Fu\u00dfg\u00e4nger auf einer Br\u00fccke in Johannesburg, S\u00fcdafrika"},{"@type":"BreadcrumbList","@id":"https:\/\/bpk-archive.de\/tuellmann\/produkt\/fussgaenger-auf-einer-bruecke-in-johannesburg-suedafrika\/#breadcrumb","itemListElement":[{"@type":"ListItem","position":1,"name":"Startseite","item":"https:\/\/bpk-archive.de\/tuellmann\/"},{"@type":"ListItem","position":2,"name":"Shop","item":"https:\/\/bpk-archive.de\/tuellmann\/shop\/"},{"@type":"ListItem","position":3,"name":"Fu\u00dfg\u00e4nger auf einer Br\u00fccke in Johannesburg, S\u00fcdafrika"}]},{"@type":"WebSite","@id":"https:\/\/bpk-archive.de\/tuellmann\/#website","url":"https:\/\/bpk-archive.de\/tuellmann\/","name":"Abisag T\u00fcllmann","description":"Eine weitere WordPress-Website","potentialAction":[{"@type":"SearchAction","target":{"@type":"EntryPoint","urlTemplate":"https:\/\/bpk-archive.de\/tuellmann\/?s={search_term_string}"},"query-input":{"@type":"PropertyValueSpecification","valueRequired":true,"valueName":"search_term_string"}}],"inLanguage":"de"}]}},"_links":{"self":[{"href":"https:\/\/bpk-archive.de\/tuellmann\/wp-json\/wp\/v2\/product\/70296293","targetHints":{"allow":["GET"]}}],"collection":[{"href":"https:\/\/bpk-archive.de\/tuellmann\/wp-json\/wp\/v2\/product"}],"about":[{"href":"https:\/\/bpk-archive.de\/tuellmann\/wp-json\/wp\/v2\/types\/product"}],"wp:featuredmedia":[{"embeddable":true,"href":"https:\/\/bpk-archive.de\/tuellmann\/wp-json\/wp\/v2\/media\/70292536"}],"wp:attachment":[{"href":"https:\/\/bpk-archive.de\/tuellmann\/wp-json\/wp\/v2\/media?parent=70296293"}],"wp:term":[{"taxonomy":"product_brand","embeddable":true,"href":"https:\/\/bpk-archive.de\/tuellmann\/wp-json\/wp\/v2\/product_brand?post=70296293"},{"taxonomy":"product_cat","embeddable":true,"href":"https:\/\/bpk-archive.de\/tuellmann\/wp-json\/wp\/v2\/product_cat?post=70296293"},{"taxonomy":"product_tag","embeddable":true,"href":"https:\/\/bpk-archive.de\/tuellmann\/wp-json\/wp\/v2\/product_tag?post=70296293"}],"curies":[{"name":"wp","href":"https:\/\/api.w.org\/{rel}","templated":true}]}}