{"id":70296281,"date":"2019-09-05T15:58:11","date_gmt":"2019-09-05T13:58:11","guid":{"rendered":"http:\/\/abisagtuellmann.bpk-news.de\/atbild\/publikum-der-franzoesischen-pelzmodenschau\/"},"modified":"2019-09-05T15:58:14","modified_gmt":"2019-09-05T13:58:14","slug":"publikum-der-franzoesischen-pelzmodenschau","status":"publish","type":"product","link":"https:\/\/bpk-archive.de\/tuellmann\/produkt\/publikum-der-franzoesischen-pelzmodenschau\/","title":{"rendered":"Publikum der Franz\u00f6sischen Pelzmodenschau"},"content":{"rendered":"<p>R\u00fcckseitenbeschriftung von anderer Hand: &#8222;Franz. Pelzmodenschau, April 1975&#8220;<\/p>\n","protected":false},"excerpt":{"rendered":"<p>R\u00fcckseitenbeschriftung von anderer Hand: &#8222;Franz. Pelzmodenschau, April 1975&#8220;<\/p>\n","protected":false},"featured_media":70293900,"template":"","meta":[],"product_brand":[],"product_cat":[],"product_tag":[13230,13232,13234,13231,13233,13235,58621,58622,58623,13953,13777,13778,13469,13470,13253,13254,13255,13256,13257,13471,13472,13473,13474,13475,13476,13477,13478,13479,13480,13293,13786,13787,13294,13295,13296,13297,13485,13486,13482,13481,13483,13484,51357,51358,51359,51360,51361,13487,13488,13979,13980,13981,47579,47580,47581,47582,13492,13493,13494,13495,13496,13497,13498,47589,47590,13818,13819,13826,47447,47448,55865,55866,61947,61948,61949,61950,53168,13328,13827,13828,13329,13330,13331,13332,13843,51807,51808,61955,61956,61957,13877,13879,13865,13864,13866,13858,13859,13860,13861,13862,13863,13354,13869,13870,13871,13872,14243,14244,14245,14246,14247,14248,14249,13878,13880,61958,61959,13525,51814,51817,61960,61961,51818],"class_list":{"0":"post-70296281","1":"product","2":"type-product","3":"status-publish","4":"has-post-thumbnail","6":"product_tag-1970er-jahre","7":"product_tag-20-jahrhundert-nach-chr","8":"product_tag-20-jh-n-chr","9":"product_tag-20-jahrhundert","10":"product_tag-20-jh","11":"product_tag-70er","12":"product_tag-abendgarderobe","13":"product_tag-abendkleidung","14":"product_tag-abendmode","15":"product_tag-abt_017","16":"product_tag-abzug","17":"product_tag-at_konsum-freizeit","18":"product_tag-brd","19":"product_tag-bundesrepublik-deutschland","20":"product_tag-deutsch","21":"product_tag-deutsche","22":"product_tag-deutschen","23":"product_tag-deutscher","24":"product_tag-deutsches","25":"product_tag-deutschland","26":"product_tag-deutschlands","27":"product_tag-drinnen","28":"product_tag-elegant","29":"product_tag-elegante","30":"product_tag-elegantem","31":"product_tag-eleganten","32":"product_tag-eleganter","33":"product_tag-elegantes","34":"product_tag-eleganz","35":"product_tag-foto","36":"product_tag-fotoabzug","37":"product_tag-fotoabzuege","38":"product_tag-fotografie","39":"product_tag-fotografien","40":"product_tag-fotografin","41":"product_tag-fotografinnen","42":"product_tag-frankfurt-m","43":"product_tag-frankfurt-main","44":"product_tag-frankfurt-a-main","45":"product_tag-frankfurt-a-m","46":"product_tag-frankfurt-am-main","47":"product_tag-frankfurter","48":"product_tag-franzoesisch","49":"product_tag-franzoesische","50":"product_tag-franzoesischen","51":"product_tag-franzoesischer","52":"product_tag-franzoesisches","53":"product_tag-frau","54":"product_tag-frauen","55":"product_tag-gast","56":"product_tag-gaeste","57":"product_tag-gaesten","58":"product_tag-gespraech","59":"product_tag-gespraeche","60":"product_tag-gespraeches","61":"product_tag-gespraechs","62":"product_tag-hessen","63":"product_tag-hessisch","64":"product_tag-hessische","65":"product_tag-hessischen","66":"product_tag-hessischer","67":"product_tag-hessisches","68":"product_tag-innen","69":"product_tag-konversation","70":"product_tag-konversationen","71":"product_tag-mann","72":"product_tag-maenner","73":"product_tag-mannes","74":"product_tag-menschengruppe","75":"product_tag-menschengruppen","76":"product_tag-modenschau","77":"product_tag-modeschau","78":"product_tag-oper","79":"product_tag-opern","80":"product_tag-opernhaus","81":"product_tag-opernhaeuser","82":"product_tag-pelzmode","83":"product_tag-photo","84":"product_tag-photoabzug","85":"product_tag-photoabzuege","86":"product_tag-photographie","87":"product_tag-photographien","88":"product_tag-photographin","89":"product_tag-photographinnen","90":"product_tag-print","91":"product_tag-publikum","92":"product_tag-publikums","93":"product_tag-rang","94":"product_tag-raenge","95":"product_tag-raengen","96":"product_tag-s-w-fotografie","97":"product_tag-s-w-photographie","98":"product_tag-schwarzweissphotographie","99":"product_tag-schwarz-weiss-fotografie","100":"product_tag-schwarz-weiss-photographie","101":"product_tag-schwarzweiss","102":"product_tag-schwarzweisse","103":"product_tag-schwarzweissen","104":"product_tag-schwarzweisser","105":"product_tag-schwarzweisses","106":"product_tag-schwarzweissfotografie","107":"product_tag-siebziger","108":"product_tag-silbergelatine","109":"product_tag-silbergelatineabzug","110":"product_tag-silbergelatineabzuege","111":"product_tag-silbergelatineprint","112":"product_tag-sitzen","113":"product_tag-sitzend","114":"product_tag-sitzende","115":"product_tag-sitzenden","116":"product_tag-sitzender","117":"product_tag-sitzendes","118":"product_tag-sitzt","119":"product_tag-sw-fotografie","120":"product_tag-sw-photographie","121":"product_tag-theatersaal","122":"product_tag-theatersaals","123":"product_tag-von-innen","124":"product_tag-zuschauer","125":"product_tag-zuschauern","126":"product_tag-zuschauerraum","127":"product_tag-zuschauerraums","128":"product_tag-zuschauers","129":"pa_datierung-april-1975","130":"pa_fotograf-abisag-tuellmann","131":"pa_geografischer_bezug-aufnahmeort-frankfurt-am-main-deutschland","132":"pa_grunddaten_material_technik-foto-silbergelatine-auf-barytpapier","133":"pa_inventarnummer-tue-75-062-05","134":"pa_jahr_von-53481","135":"pa_massangaben-bildformat-foto-180-x-238-cm","136":"pa_mediennummer-61952","137":"pa_objekt_typ-fotografie","139":"first","140":"instock","141":"product-type-simple"},"yoast_head":"<!-- This site is optimized with the Yoast SEO plugin v27.3 - https:\/\/yoast.com\/product\/yoast-seo-wordpress\/ -->\n<title>Publikum der Franz\u00f6sischen Pelzmodenschau - Abisag T\u00fcllmann<\/title>\n<meta name=\"robots\" content=\"index, follow, max-snippet:-1, max-image-preview:large, max-video-preview:-1\" \/>\n<link rel=\"canonical\" href=\"https:\/\/bpk-archive.de\/tuellmann\/produkt\/publikum-der-franzoesischen-pelzmodenschau\/\" \/>\n<meta property=\"og:locale\" content=\"de_DE\" \/>\n<meta property=\"og:type\" content=\"article\" \/>\n<meta property=\"og:title\" content=\"Publikum der Franz\u00f6sischen Pelzmodenschau - Abisag T\u00fcllmann\" \/>\n<meta property=\"og:description\" content=\"R\u00fcckseitenbeschriftung von anderer Hand: &#8222;Franz. Pelzmodenschau, April 1975&#8220;\" \/>\n<meta property=\"og:url\" content=\"https:\/\/bpk-archive.de\/tuellmann\/produkt\/publikum-der-franzoesischen-pelzmodenschau\/\" \/>\n<meta property=\"og:site_name\" content=\"Abisag T\u00fcllmann\" \/>\n<meta property=\"article:modified_time\" content=\"2019-09-05T13:58:14+00:00\" \/>\n<meta property=\"og:image\" content=\"https:\/\/bpk-archive.de\/tuellmann\/wp-content\/uploads\/2019\/08\/bpk_70371302.jpg\" \/>\n\t<meta property=\"og:image:width\" content=\"1200\" \/>\n\t<meta property=\"og:image:height\" content=\"915\" \/>\n\t<meta property=\"og:image:type\" content=\"image\/jpeg\" \/>\n<meta name=\"twitter:card\" content=\"summary_large_image\" \/>\n<script type=\"application\/ld+json\" class=\"yoast-schema-graph\">{\"@context\":\"https:\\\/\\\/schema.org\",\"@graph\":[{\"@type\":\"WebPage\",\"@id\":\"https:\\\/\\\/bpk-archive.de\\\/tuellmann\\\/produkt\\\/publikum-der-franzoesischen-pelzmodenschau\\\/\",\"url\":\"https:\\\/\\\/bpk-archive.de\\\/tuellmann\\\/produkt\\\/publikum-der-franzoesischen-pelzmodenschau\\\/\",\"name\":\"Publikum der Franz\u00f6sischen Pelzmodenschau - Abisag T\u00fcllmann\",\"isPartOf\":{\"@id\":\"https:\\\/\\\/bpk-archive.de\\\/tuellmann\\\/#website\"},\"primaryImageOfPage\":{\"@id\":\"https:\\\/\\\/bpk-archive.de\\\/tuellmann\\\/produkt\\\/publikum-der-franzoesischen-pelzmodenschau\\\/#primaryimage\"},\"image\":{\"@id\":\"https:\\\/\\\/bpk-archive.de\\\/tuellmann\\\/produkt\\\/publikum-der-franzoesischen-pelzmodenschau\\\/#primaryimage\"},\"thumbnailUrl\":\"https:\\\/\\\/bpk-archive.de\\\/tuellmann\\\/wp-content\\\/uploads\\\/2019\\\/08\\\/bpk_70371302.jpg\",\"datePublished\":\"2019-09-05T13:58:11+00:00\",\"dateModified\":\"2019-09-05T13:58:14+00:00\",\"breadcrumb\":{\"@id\":\"https:\\\/\\\/bpk-archive.de\\\/tuellmann\\\/produkt\\\/publikum-der-franzoesischen-pelzmodenschau\\\/#breadcrumb\"},\"inLanguage\":\"de\",\"potentialAction\":[{\"@type\":\"ReadAction\",\"target\":[\"https:\\\/\\\/bpk-archive.de\\\/tuellmann\\\/produkt\\\/publikum-der-franzoesischen-pelzmodenschau\\\/\"]}]},{\"@type\":\"ImageObject\",\"inLanguage\":\"de\",\"@id\":\"https:\\\/\\\/bpk-archive.de\\\/tuellmann\\\/produkt\\\/publikum-der-franzoesischen-pelzmodenschau\\\/#primaryimage\",\"url\":\"https:\\\/\\\/bpk-archive.de\\\/tuellmann\\\/wp-content\\\/uploads\\\/2019\\\/08\\\/bpk_70371302.jpg\",\"contentUrl\":\"https:\\\/\\\/bpk-archive.de\\\/tuellmann\\\/wp-content\\\/uploads\\\/2019\\\/08\\\/bpk_70371302.jpg\",\"width\":1200,\"height\":915,\"caption\":\"Publikum der Franz\u00f6sischen Pelzmodenschau\"},{\"@type\":\"BreadcrumbList\",\"@id\":\"https:\\\/\\\/bpk-archive.de\\\/tuellmann\\\/produkt\\\/publikum-der-franzoesischen-pelzmodenschau\\\/#breadcrumb\",\"itemListElement\":[{\"@type\":\"ListItem\",\"position\":1,\"name\":\"Startseite\",\"item\":\"https:\\\/\\\/bpk-archive.de\\\/tuellmann\\\/\"},{\"@type\":\"ListItem\",\"position\":2,\"name\":\"Shop\",\"item\":\"https:\\\/\\\/bpk-archive.de\\\/tuellmann\\\/shop\\\/\"},{\"@type\":\"ListItem\",\"position\":3,\"name\":\"Publikum der Franz\u00f6sischen Pelzmodenschau\"}]},{\"@type\":\"WebSite\",\"@id\":\"https:\\\/\\\/bpk-archive.de\\\/tuellmann\\\/#website\",\"url\":\"https:\\\/\\\/bpk-archive.de\\\/tuellmann\\\/\",\"name\":\"Abisag T\u00fcllmann\",\"description\":\"Eine weitere WordPress-Website\",\"potentialAction\":[{\"@type\":\"SearchAction\",\"target\":{\"@type\":\"EntryPoint\",\"urlTemplate\":\"https:\\\/\\\/bpk-archive.de\\\/tuellmann\\\/?s={search_term_string}\"},\"query-input\":{\"@type\":\"PropertyValueSpecification\",\"valueRequired\":true,\"valueName\":\"search_term_string\"}}],\"inLanguage\":\"de\"}]}<\/script>\n<!-- \/ Yoast SEO plugin. -->","yoast_head_json":{"title":"Publikum der Franz\u00f6sischen Pelzmodenschau - Abisag T\u00fcllmann","robots":{"index":"index","follow":"follow","max-snippet":"max-snippet:-1","max-image-preview":"max-image-preview:large","max-video-preview":"max-video-preview:-1"},"canonical":"https:\/\/bpk-archive.de\/tuellmann\/produkt\/publikum-der-franzoesischen-pelzmodenschau\/","og_locale":"de_DE","og_type":"article","og_title":"Publikum der Franz\u00f6sischen Pelzmodenschau - Abisag T\u00fcllmann","og_description":"R\u00fcckseitenbeschriftung von anderer Hand: &#8222;Franz. Pelzmodenschau, April 1975&#8220;","og_url":"https:\/\/bpk-archive.de\/tuellmann\/produkt\/publikum-der-franzoesischen-pelzmodenschau\/","og_site_name":"Abisag T\u00fcllmann","article_modified_time":"2019-09-05T13:58:14+00:00","og_image":[{"width":1200,"height":915,"url":"https:\/\/bpk-archive.de\/tuellmann\/wp-content\/uploads\/2019\/08\/bpk_70371302.jpg","type":"image\/jpeg"}],"twitter_card":"summary_large_image","schema":{"@context":"https:\/\/schema.org","@graph":[{"@type":"WebPage","@id":"https:\/\/bpk-archive.de\/tuellmann\/produkt\/publikum-der-franzoesischen-pelzmodenschau\/","url":"https:\/\/bpk-archive.de\/tuellmann\/produkt\/publikum-der-franzoesischen-pelzmodenschau\/","name":"Publikum der Franz\u00f6sischen Pelzmodenschau - Abisag T\u00fcllmann","isPartOf":{"@id":"https:\/\/bpk-archive.de\/tuellmann\/#website"},"primaryImageOfPage":{"@id":"https:\/\/bpk-archive.de\/tuellmann\/produkt\/publikum-der-franzoesischen-pelzmodenschau\/#primaryimage"},"image":{"@id":"https:\/\/bpk-archive.de\/tuellmann\/produkt\/publikum-der-franzoesischen-pelzmodenschau\/#primaryimage"},"thumbnailUrl":"https:\/\/bpk-archive.de\/tuellmann\/wp-content\/uploads\/2019\/08\/bpk_70371302.jpg","datePublished":"2019-09-05T13:58:11+00:00","dateModified":"2019-09-05T13:58:14+00:00","breadcrumb":{"@id":"https:\/\/bpk-archive.de\/tuellmann\/produkt\/publikum-der-franzoesischen-pelzmodenschau\/#breadcrumb"},"inLanguage":"de","potentialAction":[{"@type":"ReadAction","target":["https:\/\/bpk-archive.de\/tuellmann\/produkt\/publikum-der-franzoesischen-pelzmodenschau\/"]}]},{"@type":"ImageObject","inLanguage":"de","@id":"https:\/\/bpk-archive.de\/tuellmann\/produkt\/publikum-der-franzoesischen-pelzmodenschau\/#primaryimage","url":"https:\/\/bpk-archive.de\/tuellmann\/wp-content\/uploads\/2019\/08\/bpk_70371302.jpg","contentUrl":"https:\/\/bpk-archive.de\/tuellmann\/wp-content\/uploads\/2019\/08\/bpk_70371302.jpg","width":1200,"height":915,"caption":"Publikum der Franz\u00f6sischen Pelzmodenschau"},{"@type":"BreadcrumbList","@id":"https:\/\/bpk-archive.de\/tuellmann\/produkt\/publikum-der-franzoesischen-pelzmodenschau\/#breadcrumb","itemListElement":[{"@type":"ListItem","position":1,"name":"Startseite","item":"https:\/\/bpk-archive.de\/tuellmann\/"},{"@type":"ListItem","position":2,"name":"Shop","item":"https:\/\/bpk-archive.de\/tuellmann\/shop\/"},{"@type":"ListItem","position":3,"name":"Publikum der Franz\u00f6sischen Pelzmodenschau"}]},{"@type":"WebSite","@id":"https:\/\/bpk-archive.de\/tuellmann\/#website","url":"https:\/\/bpk-archive.de\/tuellmann\/","name":"Abisag T\u00fcllmann","description":"Eine weitere WordPress-Website","potentialAction":[{"@type":"SearchAction","target":{"@type":"EntryPoint","urlTemplate":"https:\/\/bpk-archive.de\/tuellmann\/?s={search_term_string}"},"query-input":{"@type":"PropertyValueSpecification","valueRequired":true,"valueName":"search_term_string"}}],"inLanguage":"de"}]}},"_links":{"self":[{"href":"https:\/\/bpk-archive.de\/tuellmann\/wp-json\/wp\/v2\/product\/70296281","targetHints":{"allow":["GET"]}}],"collection":[{"href":"https:\/\/bpk-archive.de\/tuellmann\/wp-json\/wp\/v2\/product"}],"about":[{"href":"https:\/\/bpk-archive.de\/tuellmann\/wp-json\/wp\/v2\/types\/product"}],"wp:featuredmedia":[{"embeddable":true,"href":"https:\/\/bpk-archive.de\/tuellmann\/wp-json\/wp\/v2\/media\/70293900"}],"wp:attachment":[{"href":"https:\/\/bpk-archive.de\/tuellmann\/wp-json\/wp\/v2\/media?parent=70296281"}],"wp:term":[{"taxonomy":"product_brand","embeddable":true,"href":"https:\/\/bpk-archive.de\/tuellmann\/wp-json\/wp\/v2\/product_brand?post=70296281"},{"taxonomy":"product_cat","embeddable":true,"href":"https:\/\/bpk-archive.de\/tuellmann\/wp-json\/wp\/v2\/product_cat?post=70296281"},{"taxonomy":"product_tag","embeddable":true,"href":"https:\/\/bpk-archive.de\/tuellmann\/wp-json\/wp\/v2\/product_tag?post=70296281"}],"curies":[{"name":"wp","href":"https:\/\/api.w.org\/{rel}","templated":true}]}}