{"id":70296280,"date":"2019-09-05T15:58:11","date_gmt":"2019-09-05T13:58:11","guid":{"rendered":"http:\/\/abisagtuellmann.bpk-news.de\/atbild\/franzoesische-pelzmodenschau-in-der-oper-maennlicher-gast-am-bueffet-bei-sektempfang\/"},"modified":"2019-09-05T15:58:13","modified_gmt":"2019-09-05T13:58:13","slug":"franzoesische-pelzmodenschau-in-der-oper-maennlicher-gast-am-bueffet-bei-sektempfang","status":"publish","type":"product","link":"https:\/\/bpk-archive.de\/tuellmann\/produkt\/franzoesische-pelzmodenschau-in-der-oper-maennlicher-gast-am-bueffet-bei-sektempfang\/","title":{"rendered":"Franz\u00f6sische Pelzmodenschau in der Oper &#8211; M\u00e4nnlicher Gast am B\u00fcffet bei Sektempfang"},"content":{"rendered":"","protected":false},"excerpt":{"rendered":"","protected":false},"featured_media":70293903,"template":"","meta":[],"product_brand":[],"product_cat":[],"product_tag":[13230,13232,13234,13231,13233,13235,61095,61096,13953,13777,50425,50426,13778,13784,13785,13469,50443,13470,13253,13254,13255,13256,13257,13471,13472,13473,13474,13475,13476,13477,13478,13479,13480,53825,53826,13293,13786,13787,13294,13295,13296,13297,13485,13486,13482,13481,13483,13484,51357,51358,51359,51360,51361,13979,13980,13981,61943,61944,61945,61946,57141,57142,61086,50434,50435,13492,13493,13494,13495,13496,13497,13498,13820,13821,13822,13823,13824,13825,47447,47448,55865,55866,61947,61948,61949,61950,53168,13328,13827,13828,13329,13330,13331,13332,13829,13830,13831,13832,13833,13834,13835,13836,13837,13838,13839,13840,13841,13842,13843,13877,13879,59565,61951,13865,13864,13866,13858,13859,13860,13861,13862,13863,59566,61106,59567,59568,13354,13869,13870,13871,13872,61108,60968,13519,13520,13521,13522,13523,13524,13878,13880,50049,50050,50051,50052,50053,50054,13525],"class_list":{"0":"post-70296280","1":"product","2":"type-product","3":"status-publish","4":"has-post-thumbnail","6":"product_tag-1970er-jahre","7":"product_tag-20-jahrhundert-nach-chr","8":"product_tag-20-jh-n-chr","9":"product_tag-20-jahrhundert","10":"product_tag-20-jh","11":"product_tag-70er","12":"product_tag-abendanzug","13":"product_tag-abendanzuege","14":"product_tag-abt_017","15":"product_tag-abzug","16":"product_tag-anzug","17":"product_tag-anzuege","18":"product_tag-at_konsum-freizeit","19":"product_tag-bildnis","20":"product_tag-bildnisse","21":"product_tag-brd","22":"product_tag-buffet","23":"product_tag-bundesrepublik-deutschland","24":"product_tag-deutsch","25":"product_tag-deutsche","26":"product_tag-deutschen","27":"product_tag-deutscher","28":"product_tag-deutsches","29":"product_tag-deutschland","30":"product_tag-deutschlands","31":"product_tag-drinnen","32":"product_tag-elegant","33":"product_tag-elegante","34":"product_tag-elegantem","35":"product_tag-eleganten","36":"product_tag-eleganter","37":"product_tag-elegantes","38":"product_tag-eleganz","39":"product_tag-empfang","40":"product_tag-empfaenge","41":"product_tag-foto","42":"product_tag-fotoabzug","43":"product_tag-fotoabzuege","44":"product_tag-fotografie","45":"product_tag-fotografien","46":"product_tag-fotografin","47":"product_tag-fotografinnen","48":"product_tag-frankfurt-m","49":"product_tag-frankfurt-main","50":"product_tag-frankfurt-a-main","51":"product_tag-frankfurt-a-m","52":"product_tag-frankfurt-am-main","53":"product_tag-frankfurter","54":"product_tag-franzoesisch","55":"product_tag-franzoesische","56":"product_tag-franzoesischen","57":"product_tag-franzoesischer","58":"product_tag-franzoesisches","59":"product_tag-gast","60":"product_tag-gaeste","61":"product_tag-gaesten","62":"product_tag-gierig","63":"product_tag-gierige","64":"product_tag-gieriger","65":"product_tag-gieriges","66":"product_tag-glas","67":"product_tag-glaeser","68":"product_tag-haeppchen","69":"product_tag-herrenanzug","70":"product_tag-herrenanzuege","71":"product_tag-hessen","72":"product_tag-hessisch","73":"product_tag-hessische","74":"product_tag-hessischen","75":"product_tag-hessischer","76":"product_tag-hessisches","77":"product_tag-innen","78":"product_tag-maennerbildnis","79":"product_tag-maennerbildnisse","80":"product_tag-maennerportrait","81":"product_tag-maennerportraits","82":"product_tag-maennerportraet","83":"product_tag-maennerportraets","84":"product_tag-menschengruppe","85":"product_tag-menschengruppen","86":"product_tag-modenschau","87":"product_tag-modeschau","88":"product_tag-oper","89":"product_tag-opern","90":"product_tag-opernhaus","91":"product_tag-opernhaeuser","92":"product_tag-pelzmode","93":"product_tag-photo","94":"product_tag-photoabzug","95":"product_tag-photoabzuege","96":"product_tag-photographie","97":"product_tag-photographien","98":"product_tag-photographin","99":"product_tag-photographinnen","100":"product_tag-portrait","101":"product_tag-portraitaufnahme","102":"product_tag-portraitfoto","103":"product_tag-portraitfotografie","104":"product_tag-portraitphoto","105":"product_tag-portraitphotographie","106":"product_tag-portraits","107":"product_tag-portraet","108":"product_tag-portraetaufnahme","109":"product_tag-portraetfoto","110":"product_tag-portraetfotografie","111":"product_tag-portraetphoto","112":"product_tag-portraetphotographie","113":"product_tag-portraets","114":"product_tag-print","115":"product_tag-s-w-fotografie","116":"product_tag-s-w-photographie","117":"product_tag-schaumwein","118":"product_tag-schnittchen","119":"product_tag-schwarzweissphotographie","120":"product_tag-schwarz-weiss-fotografie","121":"product_tag-schwarz-weiss-photographie","122":"product_tag-schwarzweiss","123":"product_tag-schwarzweisse","124":"product_tag-schwarzweissen","125":"product_tag-schwarzweisser","126":"product_tag-schwarzweisses","127":"product_tag-schwarzweissfotografie","128":"product_tag-sekt","129":"product_tag-sektempfang","130":"product_tag-sektglas","131":"product_tag-sektglaeser","132":"product_tag-siebziger","133":"product_tag-silbergelatine","134":"product_tag-silbergelatineabzug","135":"product_tag-silbergelatineabzuege","136":"product_tag-silbergelatineprint","137":"product_tag-smoking","138":"product_tag-stehempfang","139":"product_tag-stehen","140":"product_tag-stehend","141":"product_tag-stehende","142":"product_tag-stehenden","143":"product_tag-stehender","144":"product_tag-stehendes","145":"product_tag-sw-fotografie","146":"product_tag-sw-photographie","147":"product_tag-trinken","148":"product_tag-trinkend","149":"product_tag-trinkende","150":"product_tag-trinkenden","151":"product_tag-trinkender","152":"product_tag-trinkendes","153":"product_tag-von-innen","154":"pa_datierung-59257","155":"pa_fotograf-abisag-tuellmann","156":"pa_geografischer_bezug-aufnahmeort-frankfurt-am-main-deutschland","157":"pa_grunddaten_material_technik-foto-silbergelatine-auf-barytpapier","158":"pa_inventarnummer-tue-76-077-30","159":"pa_jahr_von-54713","160":"pa_massangaben-bildformat-foto-180-x-240-cm","161":"pa_mediennummer-61940","162":"pa_objekt_typ-fotografie","164":"first","165":"instock","166":"product-type-simple"},"yoast_head":"<!-- This site is optimized with the Yoast SEO plugin v27.4 - https:\/\/yoast.com\/product\/yoast-seo-wordpress\/ -->\n<title>Franz\u00f6sische Pelzmodenschau in der Oper - M\u00e4nnlicher Gast am B\u00fcffet bei Sektempfang - Abisag T\u00fcllmann<\/title>\n<meta name=\"robots\" content=\"index, follow, max-snippet:-1, max-image-preview:large, max-video-preview:-1\" \/>\n<link rel=\"canonical\" href=\"https:\/\/bpk-archive.de\/tuellmann\/produkt\/franzoesische-pelzmodenschau-in-der-oper-maennlicher-gast-am-bueffet-bei-sektempfang\/\" \/>\n<meta property=\"og:locale\" content=\"de_DE\" \/>\n<meta property=\"og:type\" content=\"article\" \/>\n<meta property=\"og:title\" content=\"Franz\u00f6sische Pelzmodenschau in der Oper - M\u00e4nnlicher Gast am B\u00fcffet bei Sektempfang - Abisag T\u00fcllmann\" \/>\n<meta property=\"og:url\" content=\"https:\/\/bpk-archive.de\/tuellmann\/produkt\/franzoesische-pelzmodenschau-in-der-oper-maennlicher-gast-am-bueffet-bei-sektempfang\/\" \/>\n<meta property=\"og:site_name\" content=\"Abisag T\u00fcllmann\" \/>\n<meta property=\"article:modified_time\" content=\"2019-09-05T13:58:13+00:00\" \/>\n<meta property=\"og:image\" content=\"https:\/\/bpk-archive.de\/tuellmann\/wp-content\/uploads\/2019\/08\/bpk_70371303.jpg\" \/>\n\t<meta property=\"og:image:width\" content=\"1200\" \/>\n\t<meta property=\"og:image:height\" content=\"907\" \/>\n\t<meta property=\"og:image:type\" content=\"image\/jpeg\" \/>\n<meta name=\"twitter:card\" content=\"summary_large_image\" \/>\n<script type=\"application\/ld+json\" class=\"yoast-schema-graph\">{\"@context\":\"https:\\\/\\\/schema.org\",\"@graph\":[{\"@type\":\"WebPage\",\"@id\":\"https:\\\/\\\/bpk-archive.de\\\/tuellmann\\\/produkt\\\/franzoesische-pelzmodenschau-in-der-oper-maennlicher-gast-am-bueffet-bei-sektempfang\\\/\",\"url\":\"https:\\\/\\\/bpk-archive.de\\\/tuellmann\\\/produkt\\\/franzoesische-pelzmodenschau-in-der-oper-maennlicher-gast-am-bueffet-bei-sektempfang\\\/\",\"name\":\"Franz\u00f6sische Pelzmodenschau in der Oper - M\u00e4nnlicher Gast am B\u00fcffet bei Sektempfang - Abisag T\u00fcllmann\",\"isPartOf\":{\"@id\":\"https:\\\/\\\/bpk-archive.de\\\/tuellmann\\\/#website\"},\"primaryImageOfPage\":{\"@id\":\"https:\\\/\\\/bpk-archive.de\\\/tuellmann\\\/produkt\\\/franzoesische-pelzmodenschau-in-der-oper-maennlicher-gast-am-bueffet-bei-sektempfang\\\/#primaryimage\"},\"image\":{\"@id\":\"https:\\\/\\\/bpk-archive.de\\\/tuellmann\\\/produkt\\\/franzoesische-pelzmodenschau-in-der-oper-maennlicher-gast-am-bueffet-bei-sektempfang\\\/#primaryimage\"},\"thumbnailUrl\":\"https:\\\/\\\/bpk-archive.de\\\/tuellmann\\\/wp-content\\\/uploads\\\/2019\\\/08\\\/bpk_70371303.jpg\",\"datePublished\":\"2019-09-05T13:58:11+00:00\",\"dateModified\":\"2019-09-05T13:58:13+00:00\",\"breadcrumb\":{\"@id\":\"https:\\\/\\\/bpk-archive.de\\\/tuellmann\\\/produkt\\\/franzoesische-pelzmodenschau-in-der-oper-maennlicher-gast-am-bueffet-bei-sektempfang\\\/#breadcrumb\"},\"inLanguage\":\"de\",\"potentialAction\":[{\"@type\":\"ReadAction\",\"target\":[\"https:\\\/\\\/bpk-archive.de\\\/tuellmann\\\/produkt\\\/franzoesische-pelzmodenschau-in-der-oper-maennlicher-gast-am-bueffet-bei-sektempfang\\\/\"]}]},{\"@type\":\"ImageObject\",\"inLanguage\":\"de\",\"@id\":\"https:\\\/\\\/bpk-archive.de\\\/tuellmann\\\/produkt\\\/franzoesische-pelzmodenschau-in-der-oper-maennlicher-gast-am-bueffet-bei-sektempfang\\\/#primaryimage\",\"url\":\"https:\\\/\\\/bpk-archive.de\\\/tuellmann\\\/wp-content\\\/uploads\\\/2019\\\/08\\\/bpk_70371303.jpg\",\"contentUrl\":\"https:\\\/\\\/bpk-archive.de\\\/tuellmann\\\/wp-content\\\/uploads\\\/2019\\\/08\\\/bpk_70371303.jpg\",\"width\":1200,\"height\":907,\"caption\":\"Franz\u00f6sische Pelzmodenschau in der Oper - M\u00e4nnlicher Gast am B\u00fcffet bei Sektempfang\"},{\"@type\":\"BreadcrumbList\",\"@id\":\"https:\\\/\\\/bpk-archive.de\\\/tuellmann\\\/produkt\\\/franzoesische-pelzmodenschau-in-der-oper-maennlicher-gast-am-bueffet-bei-sektempfang\\\/#breadcrumb\",\"itemListElement\":[{\"@type\":\"ListItem\",\"position\":1,\"name\":\"Startseite\",\"item\":\"https:\\\/\\\/bpk-archive.de\\\/tuellmann\\\/\"},{\"@type\":\"ListItem\",\"position\":2,\"name\":\"Shop\",\"item\":\"https:\\\/\\\/bpk-archive.de\\\/tuellmann\\\/shop\\\/\"},{\"@type\":\"ListItem\",\"position\":3,\"name\":\"Franz\u00f6sische Pelzmodenschau in der Oper &#8211; M\u00e4nnlicher Gast am B\u00fcffet bei Sektempfang\"}]},{\"@type\":\"WebSite\",\"@id\":\"https:\\\/\\\/bpk-archive.de\\\/tuellmann\\\/#website\",\"url\":\"https:\\\/\\\/bpk-archive.de\\\/tuellmann\\\/\",\"name\":\"Abisag T\u00fcllmann\",\"description\":\"Eine weitere WordPress-Website\",\"potentialAction\":[{\"@type\":\"SearchAction\",\"target\":{\"@type\":\"EntryPoint\",\"urlTemplate\":\"https:\\\/\\\/bpk-archive.de\\\/tuellmann\\\/?s={search_term_string}\"},\"query-input\":{\"@type\":\"PropertyValueSpecification\",\"valueRequired\":true,\"valueName\":\"search_term_string\"}}],\"inLanguage\":\"de\"}]}<\/script>\n<!-- \/ Yoast SEO plugin. -->","yoast_head_json":{"title":"Franz\u00f6sische Pelzmodenschau in der Oper - M\u00e4nnlicher Gast am B\u00fcffet bei Sektempfang - Abisag T\u00fcllmann","robots":{"index":"index","follow":"follow","max-snippet":"max-snippet:-1","max-image-preview":"max-image-preview:large","max-video-preview":"max-video-preview:-1"},"canonical":"https:\/\/bpk-archive.de\/tuellmann\/produkt\/franzoesische-pelzmodenschau-in-der-oper-maennlicher-gast-am-bueffet-bei-sektempfang\/","og_locale":"de_DE","og_type":"article","og_title":"Franz\u00f6sische Pelzmodenschau in der Oper - M\u00e4nnlicher Gast am B\u00fcffet bei Sektempfang - Abisag T\u00fcllmann","og_url":"https:\/\/bpk-archive.de\/tuellmann\/produkt\/franzoesische-pelzmodenschau-in-der-oper-maennlicher-gast-am-bueffet-bei-sektempfang\/","og_site_name":"Abisag T\u00fcllmann","article_modified_time":"2019-09-05T13:58:13+00:00","og_image":[{"width":1200,"height":907,"url":"https:\/\/bpk-archive.de\/tuellmann\/wp-content\/uploads\/2019\/08\/bpk_70371303.jpg","type":"image\/jpeg"}],"twitter_card":"summary_large_image","schema":{"@context":"https:\/\/schema.org","@graph":[{"@type":"WebPage","@id":"https:\/\/bpk-archive.de\/tuellmann\/produkt\/franzoesische-pelzmodenschau-in-der-oper-maennlicher-gast-am-bueffet-bei-sektempfang\/","url":"https:\/\/bpk-archive.de\/tuellmann\/produkt\/franzoesische-pelzmodenschau-in-der-oper-maennlicher-gast-am-bueffet-bei-sektempfang\/","name":"Franz\u00f6sische Pelzmodenschau in der Oper - M\u00e4nnlicher Gast am B\u00fcffet bei Sektempfang - Abisag T\u00fcllmann","isPartOf":{"@id":"https:\/\/bpk-archive.de\/tuellmann\/#website"},"primaryImageOfPage":{"@id":"https:\/\/bpk-archive.de\/tuellmann\/produkt\/franzoesische-pelzmodenschau-in-der-oper-maennlicher-gast-am-bueffet-bei-sektempfang\/#primaryimage"},"image":{"@id":"https:\/\/bpk-archive.de\/tuellmann\/produkt\/franzoesische-pelzmodenschau-in-der-oper-maennlicher-gast-am-bueffet-bei-sektempfang\/#primaryimage"},"thumbnailUrl":"https:\/\/bpk-archive.de\/tuellmann\/wp-content\/uploads\/2019\/08\/bpk_70371303.jpg","datePublished":"2019-09-05T13:58:11+00:00","dateModified":"2019-09-05T13:58:13+00:00","breadcrumb":{"@id":"https:\/\/bpk-archive.de\/tuellmann\/produkt\/franzoesische-pelzmodenschau-in-der-oper-maennlicher-gast-am-bueffet-bei-sektempfang\/#breadcrumb"},"inLanguage":"de","potentialAction":[{"@type":"ReadAction","target":["https:\/\/bpk-archive.de\/tuellmann\/produkt\/franzoesische-pelzmodenschau-in-der-oper-maennlicher-gast-am-bueffet-bei-sektempfang\/"]}]},{"@type":"ImageObject","inLanguage":"de","@id":"https:\/\/bpk-archive.de\/tuellmann\/produkt\/franzoesische-pelzmodenschau-in-der-oper-maennlicher-gast-am-bueffet-bei-sektempfang\/#primaryimage","url":"https:\/\/bpk-archive.de\/tuellmann\/wp-content\/uploads\/2019\/08\/bpk_70371303.jpg","contentUrl":"https:\/\/bpk-archive.de\/tuellmann\/wp-content\/uploads\/2019\/08\/bpk_70371303.jpg","width":1200,"height":907,"caption":"Franz\u00f6sische Pelzmodenschau in der Oper - M\u00e4nnlicher Gast am B\u00fcffet bei Sektempfang"},{"@type":"BreadcrumbList","@id":"https:\/\/bpk-archive.de\/tuellmann\/produkt\/franzoesische-pelzmodenschau-in-der-oper-maennlicher-gast-am-bueffet-bei-sektempfang\/#breadcrumb","itemListElement":[{"@type":"ListItem","position":1,"name":"Startseite","item":"https:\/\/bpk-archive.de\/tuellmann\/"},{"@type":"ListItem","position":2,"name":"Shop","item":"https:\/\/bpk-archive.de\/tuellmann\/shop\/"},{"@type":"ListItem","position":3,"name":"Franz\u00f6sische Pelzmodenschau in der Oper &#8211; M\u00e4nnlicher Gast am B\u00fcffet bei Sektempfang"}]},{"@type":"WebSite","@id":"https:\/\/bpk-archive.de\/tuellmann\/#website","url":"https:\/\/bpk-archive.de\/tuellmann\/","name":"Abisag T\u00fcllmann","description":"Eine weitere WordPress-Website","potentialAction":[{"@type":"SearchAction","target":{"@type":"EntryPoint","urlTemplate":"https:\/\/bpk-archive.de\/tuellmann\/?s={search_term_string}"},"query-input":{"@type":"PropertyValueSpecification","valueRequired":true,"valueName":"search_term_string"}}],"inLanguage":"de"}]}},"_links":{"self":[{"href":"https:\/\/bpk-archive.de\/tuellmann\/wp-json\/wp\/v2\/product\/70296280","targetHints":{"allow":["GET"]}}],"collection":[{"href":"https:\/\/bpk-archive.de\/tuellmann\/wp-json\/wp\/v2\/product"}],"about":[{"href":"https:\/\/bpk-archive.de\/tuellmann\/wp-json\/wp\/v2\/types\/product"}],"wp:featuredmedia":[{"embeddable":true,"href":"https:\/\/bpk-archive.de\/tuellmann\/wp-json\/wp\/v2\/media\/70293903"}],"wp:attachment":[{"href":"https:\/\/bpk-archive.de\/tuellmann\/wp-json\/wp\/v2\/media?parent=70296280"}],"wp:term":[{"taxonomy":"product_brand","embeddable":true,"href":"https:\/\/bpk-archive.de\/tuellmann\/wp-json\/wp\/v2\/product_brand?post=70296280"},{"taxonomy":"product_cat","embeddable":true,"href":"https:\/\/bpk-archive.de\/tuellmann\/wp-json\/wp\/v2\/product_cat?post=70296280"},{"taxonomy":"product_tag","embeddable":true,"href":"https:\/\/bpk-archive.de\/tuellmann\/wp-json\/wp\/v2\/product_tag?post=70296280"}],"curies":[{"name":"wp","href":"https:\/\/api.w.org\/{rel}","templated":true}]}}