{"id":70296267,"date":"2019-09-05T15:57:54","date_gmt":"2019-09-05T13:57:54","guid":{"rendered":"http:\/\/abisagtuellmann.bpk-news.de\/atbild\/kundin-in-der-bekleidungsabteilung-von-kaufhof\/"},"modified":"2019-09-05T15:58:02","modified_gmt":"2019-09-05T13:58:02","slug":"kundin-in-der-bekleidungsabteilung-von-kaufhof","status":"publish","type":"product","link":"https:\/\/bpk-archive.de\/tuellmann\/produkt\/kundin-in-der-bekleidungsabteilung-von-kaufhof\/","title":{"rendered":"Kundin in der Bekleidungsabteilung von Kaufhof"},"content":{"rendered":"<p>R\u00fcckseitenbeschriftung von anderer Hand: &#8222;T\u00fcllmann, Menschen (2)&#8220;<\/p>\n","protected":false},"excerpt":{"rendered":"<p>R\u00fcckseitenbeschriftung von anderer Hand: &#8222;T\u00fcllmann, Menschen (2)&#8220;<\/p>\n","protected":false},"featured_media":70293956,"template":"","meta":[],"product_brand":[],"product_cat":[],"product_tag":[13230,13232,13234,13231,13233,13235,13953,61840,61841,13777,13778,48570,48571,48572,48573,48574,49468,13784,13785,13469,13470,56306,56307,55852,55853,13958,13959,13253,13254,13255,13256,13257,13471,13472,13473,47724,47725,47726,13293,13786,13787,13294,13295,13296,13297,13485,13486,13482,13481,13483,13484,13487,13488,56308,13974,56309,55856,55857,13975,13976,13977,13978,13492,13493,13494,13495,13496,13497,13498,52330,52331,52332,13812,13813,13814,13815,13816,57083,57084,57085,61842,49482,48253,56011,56012,47762,47763,47764,47765,47766,61843,61844,61845,61846,61847,61848,61849,61850,61851,61852,61853,55861,57924,57925,57926,57927,57928,57929,13328,13827,13828,13329,13330,13331,13332,13829,13830,13831,13832,13833,13834,13835,13836,13837,13838,13839,13840,13841,13842,13843,13844,13845,13846,13847,13877,13879,48593,48594,48595,48596,48597,13865,13864,13866,13858,13859,13860,13861,13862,13863,13868,61051,48276,13354,13869,13870,13871,13872,51004,51005,13519,13520,13521,13522,13523,13524,13878,13880,13525,57086,57087,57088,13882],"class_list":{"0":"post-70296267","1":"product","2":"type-product","3":"status-publish","4":"has-post-thumbnail","6":"product_tag-1970er-jahre","7":"product_tag-20-jahrhundert-nach-chr","8":"product_tag-20-jh-n-chr","9":"product_tag-20-jahrhundert","10":"product_tag-20-jh","11":"product_tag-70er","12":"product_tag-abt_017","13":"product_tag-abteilung","14":"product_tag-abteilungen","15":"product_tag-abzug","16":"product_tag-at_konsum-freizeit","17":"product_tag-attraktiv","18":"product_tag-attraktive","19":"product_tag-attraktiven","20":"product_tag-attraktiver","21":"product_tag-attraktives","22":"product_tag-bekleidung","23":"product_tag-bildnis","24":"product_tag-bildnisse","25":"product_tag-brd","26":"product_tag-bundesrepublik-deutschland","27":"product_tag-damenbekleidung","28":"product_tag-damenkleidung","29":"product_tag-damenmode","30":"product_tag-damenmoden","31":"product_tag-damenportraet","32":"product_tag-damenportraets","33":"product_tag-deutsch","34":"product_tag-deutsche","35":"product_tag-deutschen","36":"product_tag-deutscher","37":"product_tag-deutsches","38":"product_tag-deutschland","39":"product_tag-deutschlands","40":"product_tag-drinnen","41":"product_tag-einkauf","42":"product_tag-einkaeufe","43":"product_tag-einkaufen","44":"product_tag-foto","45":"product_tag-fotoabzug","46":"product_tag-fotoabzuege","47":"product_tag-fotografie","48":"product_tag-fotografien","49":"product_tag-fotografin","50":"product_tag-fotografinnen","51":"product_tag-frankfurt-m","52":"product_tag-frankfurt-main","53":"product_tag-frankfurt-a-main","54":"product_tag-frankfurt-a-m","55":"product_tag-frankfurt-am-main","56":"product_tag-frankfurter","57":"product_tag-frau","58":"product_tag-frauen","59":"product_tag-frauenbekleidung","60":"product_tag-frauenbildnis","61":"product_tag-frauenkleidung","62":"product_tag-frauenmode","63":"product_tag-frauenmoden","64":"product_tag-frauenportrait","65":"product_tag-frauenportraits","66":"product_tag-frauenportraet","67":"product_tag-frauenportraets","68":"product_tag-hessen","69":"product_tag-hessisch","70":"product_tag-hessische","71":"product_tag-hessischen","72":"product_tag-hessischer","73":"product_tag-hessisches","74":"product_tag-innen","75":"product_tag-jeans","76":"product_tag-jeanshose","77":"product_tag-jeanshosen","78":"product_tag-jung","79":"product_tag-junge","80":"product_tag-jungen","81":"product_tag-junger","82":"product_tag-junges","83":"product_tag-kaufhaus","84":"product_tag-kaufhaeuser","85":"product_tag-kaufhauses","86":"product_tag-kleiderstaender","87":"product_tag-kleidung","88":"product_tag-konsum","89":"product_tag-konsumgesellschaft","90":"product_tag-konsumkultur","91":"product_tag-kunde","92":"product_tag-kunden","93":"product_tag-kundin","94":"product_tag-kundinnen","95":"product_tag-kundschaft","96":"product_tag-kurzhaarfrisur","97":"product_tag-kurzhaarfrisuren","98":"product_tag-kurzhaarig","99":"product_tag-kurzhaarige","100":"product_tag-kurzhaarigen","101":"product_tag-kurzhaariger","102":"product_tag-kurzhaariges","103":"product_tag-kurzhaarschnitt","104":"product_tag-kurzhaarschnitte","105":"product_tag-kurzhaarschnittes","106":"product_tag-kurzhaarschnitts","107":"product_tag-mode","108":"product_tag-modisch","109":"product_tag-modische","110":"product_tag-modischem","111":"product_tag-modischen","112":"product_tag-modischer","113":"product_tag-modisches","114":"product_tag-photo","115":"product_tag-photoabzug","116":"product_tag-photoabzuege","117":"product_tag-photographie","118":"product_tag-photographien","119":"product_tag-photographin","120":"product_tag-photographinnen","121":"product_tag-portrait","122":"product_tag-portraitaufnahme","123":"product_tag-portraitfoto","124":"product_tag-portraitfotografie","125":"product_tag-portraitphoto","126":"product_tag-portraitphotographie","127":"product_tag-portraits","128":"product_tag-portraet","129":"product_tag-portraetaufnahme","130":"product_tag-portraetfoto","131":"product_tag-portraetfotografie","132":"product_tag-portraetphoto","133":"product_tag-portraetphotographie","134":"product_tag-portraets","135":"product_tag-print","136":"product_tag-profil","137":"product_tag-profilansicht","138":"product_tag-profilbild","139":"product_tag-profilbildnis","140":"product_tag-s-w-fotografie","141":"product_tag-s-w-photographie","142":"product_tag-schoen","143":"product_tag-schoene","144":"product_tag-schoenen","145":"product_tag-schoener","146":"product_tag-schoenes","147":"product_tag-schwarzweissphotographie","148":"product_tag-schwarz-weiss-fotografie","149":"product_tag-schwarz-weiss-photographie","150":"product_tag-schwarzweiss","151":"product_tag-schwarzweisse","152":"product_tag-schwarzweissen","153":"product_tag-schwarzweisser","154":"product_tag-schwarzweisses","155":"product_tag-schwarzweissfotografie","156":"product_tag-seitlich","157":"product_tag-shoppen","158":"product_tag-shopping","159":"product_tag-siebziger","160":"product_tag-silbergelatine","161":"product_tag-silbergelatineabzug","162":"product_tag-silbergelatineabzuege","163":"product_tag-silbergelatineprint","164":"product_tag-sonnenbrille","165":"product_tag-sonnenbrillen","166":"product_tag-stehen","167":"product_tag-stehend","168":"product_tag-stehende","169":"product_tag-stehenden","170":"product_tag-stehender","171":"product_tag-stehendes","172":"product_tag-sw-fotografie","173":"product_tag-sw-photographie","174":"product_tag-von-innen","175":"product_tag-warenhaus","176":"product_tag-warenhaeuser","177":"product_tag-warenhauses","178":"product_tag-zur-seite","179":"pa_datierung-juli-1970","180":"pa_fotograf-abisag-tuellmann","181":"pa_geografischer_bezug-aufnahmeort-frankfurt-am-main-deutschland","182":"pa_grunddaten_material_technik-foto-silbergelatine-auf-barytpapier","183":"pa_inventarnummer-tue-70-240-17","184":"pa_jahr_von-53324","185":"pa_massangaben-bildformat-foto-300-x-242-cm","186":"pa_mediennummer-61838","187":"pa_objekt_typ-fotografie","189":"first","190":"instock","191":"product-type-simple"},"yoast_head":"<!-- This site is optimized with the Yoast SEO plugin v27.3 - https:\/\/yoast.com\/product\/yoast-seo-wordpress\/ -->\n<title>Kundin in der Bekleidungsabteilung von Kaufhof - Abisag T\u00fcllmann<\/title>\n<meta name=\"robots\" content=\"index, follow, max-snippet:-1, max-image-preview:large, max-video-preview:-1\" \/>\n<link rel=\"canonical\" href=\"https:\/\/bpk-archive.de\/tuellmann\/produkt\/kundin-in-der-bekleidungsabteilung-von-kaufhof\/\" \/>\n<meta property=\"og:locale\" content=\"de_DE\" \/>\n<meta property=\"og:type\" content=\"article\" \/>\n<meta property=\"og:title\" content=\"Kundin in der Bekleidungsabteilung von Kaufhof - Abisag T\u00fcllmann\" \/>\n<meta property=\"og:description\" content=\"R\u00fcckseitenbeschriftung von anderer Hand: &#8222;T\u00fcllmann, Menschen (2)&#8220;\" \/>\n<meta property=\"og:url\" content=\"https:\/\/bpk-archive.de\/tuellmann\/produkt\/kundin-in-der-bekleidungsabteilung-von-kaufhof\/\" \/>\n<meta property=\"og:site_name\" content=\"Abisag T\u00fcllmann\" \/>\n<meta property=\"article:modified_time\" content=\"2019-09-05T13:58:02+00:00\" \/>\n<meta property=\"og:image\" content=\"https:\/\/bpk-archive.de\/tuellmann\/wp-content\/uploads\/2019\/08\/bpk_70371269.jpg\" \/>\n\t<meta property=\"og:image:width\" content=\"975\" \/>\n\t<meta property=\"og:image:height\" content=\"1200\" \/>\n\t<meta property=\"og:image:type\" content=\"image\/jpeg\" \/>\n<meta name=\"twitter:card\" content=\"summary_large_image\" \/>\n<script type=\"application\/ld+json\" class=\"yoast-schema-graph\">{\"@context\":\"https:\\\/\\\/schema.org\",\"@graph\":[{\"@type\":\"WebPage\",\"@id\":\"https:\\\/\\\/bpk-archive.de\\\/tuellmann\\\/produkt\\\/kundin-in-der-bekleidungsabteilung-von-kaufhof\\\/\",\"url\":\"https:\\\/\\\/bpk-archive.de\\\/tuellmann\\\/produkt\\\/kundin-in-der-bekleidungsabteilung-von-kaufhof\\\/\",\"name\":\"Kundin in der Bekleidungsabteilung von Kaufhof - Abisag T\u00fcllmann\",\"isPartOf\":{\"@id\":\"https:\\\/\\\/bpk-archive.de\\\/tuellmann\\\/#website\"},\"primaryImageOfPage\":{\"@id\":\"https:\\\/\\\/bpk-archive.de\\\/tuellmann\\\/produkt\\\/kundin-in-der-bekleidungsabteilung-von-kaufhof\\\/#primaryimage\"},\"image\":{\"@id\":\"https:\\\/\\\/bpk-archive.de\\\/tuellmann\\\/produkt\\\/kundin-in-der-bekleidungsabteilung-von-kaufhof\\\/#primaryimage\"},\"thumbnailUrl\":\"https:\\\/\\\/bpk-archive.de\\\/tuellmann\\\/wp-content\\\/uploads\\\/2019\\\/08\\\/bpk_70371269.jpg\",\"datePublished\":\"2019-09-05T13:57:54+00:00\",\"dateModified\":\"2019-09-05T13:58:02+00:00\",\"breadcrumb\":{\"@id\":\"https:\\\/\\\/bpk-archive.de\\\/tuellmann\\\/produkt\\\/kundin-in-der-bekleidungsabteilung-von-kaufhof\\\/#breadcrumb\"},\"inLanguage\":\"de\",\"potentialAction\":[{\"@type\":\"ReadAction\",\"target\":[\"https:\\\/\\\/bpk-archive.de\\\/tuellmann\\\/produkt\\\/kundin-in-der-bekleidungsabteilung-von-kaufhof\\\/\"]}]},{\"@type\":\"ImageObject\",\"inLanguage\":\"de\",\"@id\":\"https:\\\/\\\/bpk-archive.de\\\/tuellmann\\\/produkt\\\/kundin-in-der-bekleidungsabteilung-von-kaufhof\\\/#primaryimage\",\"url\":\"https:\\\/\\\/bpk-archive.de\\\/tuellmann\\\/wp-content\\\/uploads\\\/2019\\\/08\\\/bpk_70371269.jpg\",\"contentUrl\":\"https:\\\/\\\/bpk-archive.de\\\/tuellmann\\\/wp-content\\\/uploads\\\/2019\\\/08\\\/bpk_70371269.jpg\",\"width\":975,\"height\":1200,\"caption\":\"Kundin in der Bekleidungsabteilung von Kaufhof\"},{\"@type\":\"BreadcrumbList\",\"@id\":\"https:\\\/\\\/bpk-archive.de\\\/tuellmann\\\/produkt\\\/kundin-in-der-bekleidungsabteilung-von-kaufhof\\\/#breadcrumb\",\"itemListElement\":[{\"@type\":\"ListItem\",\"position\":1,\"name\":\"Startseite\",\"item\":\"https:\\\/\\\/bpk-archive.de\\\/tuellmann\\\/\"},{\"@type\":\"ListItem\",\"position\":2,\"name\":\"Shop\",\"item\":\"https:\\\/\\\/bpk-archive.de\\\/tuellmann\\\/shop\\\/\"},{\"@type\":\"ListItem\",\"position\":3,\"name\":\"Kundin in der Bekleidungsabteilung von Kaufhof\"}]},{\"@type\":\"WebSite\",\"@id\":\"https:\\\/\\\/bpk-archive.de\\\/tuellmann\\\/#website\",\"url\":\"https:\\\/\\\/bpk-archive.de\\\/tuellmann\\\/\",\"name\":\"Abisag T\u00fcllmann\",\"description\":\"Eine weitere WordPress-Website\",\"potentialAction\":[{\"@type\":\"SearchAction\",\"target\":{\"@type\":\"EntryPoint\",\"urlTemplate\":\"https:\\\/\\\/bpk-archive.de\\\/tuellmann\\\/?s={search_term_string}\"},\"query-input\":{\"@type\":\"PropertyValueSpecification\",\"valueRequired\":true,\"valueName\":\"search_term_string\"}}],\"inLanguage\":\"de\"}]}<\/script>\n<!-- \/ Yoast SEO plugin. -->","yoast_head_json":{"title":"Kundin in der Bekleidungsabteilung von Kaufhof - Abisag T\u00fcllmann","robots":{"index":"index","follow":"follow","max-snippet":"max-snippet:-1","max-image-preview":"max-image-preview:large","max-video-preview":"max-video-preview:-1"},"canonical":"https:\/\/bpk-archive.de\/tuellmann\/produkt\/kundin-in-der-bekleidungsabteilung-von-kaufhof\/","og_locale":"de_DE","og_type":"article","og_title":"Kundin in der Bekleidungsabteilung von Kaufhof - Abisag T\u00fcllmann","og_description":"R\u00fcckseitenbeschriftung von anderer Hand: &#8222;T\u00fcllmann, Menschen (2)&#8220;","og_url":"https:\/\/bpk-archive.de\/tuellmann\/produkt\/kundin-in-der-bekleidungsabteilung-von-kaufhof\/","og_site_name":"Abisag T\u00fcllmann","article_modified_time":"2019-09-05T13:58:02+00:00","og_image":[{"width":975,"height":1200,"url":"https:\/\/bpk-archive.de\/tuellmann\/wp-content\/uploads\/2019\/08\/bpk_70371269.jpg","type":"image\/jpeg"}],"twitter_card":"summary_large_image","schema":{"@context":"https:\/\/schema.org","@graph":[{"@type":"WebPage","@id":"https:\/\/bpk-archive.de\/tuellmann\/produkt\/kundin-in-der-bekleidungsabteilung-von-kaufhof\/","url":"https:\/\/bpk-archive.de\/tuellmann\/produkt\/kundin-in-der-bekleidungsabteilung-von-kaufhof\/","name":"Kundin in der Bekleidungsabteilung von Kaufhof - Abisag T\u00fcllmann","isPartOf":{"@id":"https:\/\/bpk-archive.de\/tuellmann\/#website"},"primaryImageOfPage":{"@id":"https:\/\/bpk-archive.de\/tuellmann\/produkt\/kundin-in-der-bekleidungsabteilung-von-kaufhof\/#primaryimage"},"image":{"@id":"https:\/\/bpk-archive.de\/tuellmann\/produkt\/kundin-in-der-bekleidungsabteilung-von-kaufhof\/#primaryimage"},"thumbnailUrl":"https:\/\/bpk-archive.de\/tuellmann\/wp-content\/uploads\/2019\/08\/bpk_70371269.jpg","datePublished":"2019-09-05T13:57:54+00:00","dateModified":"2019-09-05T13:58:02+00:00","breadcrumb":{"@id":"https:\/\/bpk-archive.de\/tuellmann\/produkt\/kundin-in-der-bekleidungsabteilung-von-kaufhof\/#breadcrumb"},"inLanguage":"de","potentialAction":[{"@type":"ReadAction","target":["https:\/\/bpk-archive.de\/tuellmann\/produkt\/kundin-in-der-bekleidungsabteilung-von-kaufhof\/"]}]},{"@type":"ImageObject","inLanguage":"de","@id":"https:\/\/bpk-archive.de\/tuellmann\/produkt\/kundin-in-der-bekleidungsabteilung-von-kaufhof\/#primaryimage","url":"https:\/\/bpk-archive.de\/tuellmann\/wp-content\/uploads\/2019\/08\/bpk_70371269.jpg","contentUrl":"https:\/\/bpk-archive.de\/tuellmann\/wp-content\/uploads\/2019\/08\/bpk_70371269.jpg","width":975,"height":1200,"caption":"Kundin in der Bekleidungsabteilung von Kaufhof"},{"@type":"BreadcrumbList","@id":"https:\/\/bpk-archive.de\/tuellmann\/produkt\/kundin-in-der-bekleidungsabteilung-von-kaufhof\/#breadcrumb","itemListElement":[{"@type":"ListItem","position":1,"name":"Startseite","item":"https:\/\/bpk-archive.de\/tuellmann\/"},{"@type":"ListItem","position":2,"name":"Shop","item":"https:\/\/bpk-archive.de\/tuellmann\/shop\/"},{"@type":"ListItem","position":3,"name":"Kundin in der Bekleidungsabteilung von Kaufhof"}]},{"@type":"WebSite","@id":"https:\/\/bpk-archive.de\/tuellmann\/#website","url":"https:\/\/bpk-archive.de\/tuellmann\/","name":"Abisag T\u00fcllmann","description":"Eine weitere WordPress-Website","potentialAction":[{"@type":"SearchAction","target":{"@type":"EntryPoint","urlTemplate":"https:\/\/bpk-archive.de\/tuellmann\/?s={search_term_string}"},"query-input":{"@type":"PropertyValueSpecification","valueRequired":true,"valueName":"search_term_string"}}],"inLanguage":"de"}]}},"_links":{"self":[{"href":"https:\/\/bpk-archive.de\/tuellmann\/wp-json\/wp\/v2\/product\/70296267","targetHints":{"allow":["GET"]}}],"collection":[{"href":"https:\/\/bpk-archive.de\/tuellmann\/wp-json\/wp\/v2\/product"}],"about":[{"href":"https:\/\/bpk-archive.de\/tuellmann\/wp-json\/wp\/v2\/types\/product"}],"wp:featuredmedia":[{"embeddable":true,"href":"https:\/\/bpk-archive.de\/tuellmann\/wp-json\/wp\/v2\/media\/70293956"}],"wp:attachment":[{"href":"https:\/\/bpk-archive.de\/tuellmann\/wp-json\/wp\/v2\/media?parent=70296267"}],"wp:term":[{"taxonomy":"product_brand","embeddable":true,"href":"https:\/\/bpk-archive.de\/tuellmann\/wp-json\/wp\/v2\/product_brand?post=70296267"},{"taxonomy":"product_cat","embeddable":true,"href":"https:\/\/bpk-archive.de\/tuellmann\/wp-json\/wp\/v2\/product_cat?post=70296267"},{"taxonomy":"product_tag","embeddable":true,"href":"https:\/\/bpk-archive.de\/tuellmann\/wp-json\/wp\/v2\/product_tag?post=70296267"}],"curies":[{"name":"wp","href":"https:\/\/api.w.org\/{rel}","templated":true}]}}