{"id":70296219,"date":"2019-09-05T15:57:19","date_gmt":"2019-09-05T13:57:19","guid":{"rendered":"http:\/\/abisagtuellmann.bpk-news.de\/atbild\/strassenbahn-im-nebel\/"},"modified":"2019-09-05T15:57:21","modified_gmt":"2019-09-05T13:57:21","slug":"strassenbahn-im-nebel","status":"publish","type":"product","link":"https:\/\/bpk-archive.de\/tuellmann\/produkt\/strassenbahn-im-nebel\/","title":{"rendered":"Stra\u00dfenbahn im Nebel"},"content":{"rendered":"<p>R\u00fcckseitenbeschriftung von Hand der Fotografin: &#8222;Bahnhof&#8220;<\/p>\n","protected":false},"excerpt":{"rendered":"<p>R\u00fcckseitenbeschriftung von Hand der Fotografin: &#8222;Bahnhof&#8220;<\/p>\n","protected":false},"featured_media":70293941,"template":"","meta":[],"product_brand":[],"product_cat":[],"product_tag":[13774,13232,13234,13231,13233,13775,13776,13777,51744,13250,53815,53816,53817,53291,53292,53293,61546,53294,53818,53819,13469,13470,13253,13254,13255,13256,13257,13471,13472,13260,48890,48891,48892,48893,48894,48895,48211,48212,48213,48214,48215,48216,13293,13786,13787,13294,13295,13296,13297,13485,13486,13482,13481,13483,13484,53828,53829,53830,13492,13493,13494,13495,13496,13497,13301,13818,13819,13826,61524,61525,61526,61527,61528,61529,61530,61531,61532,61533,61534,61535,56769,13328,13827,13828,13329,13330,13331,13332,48496,48497,48498,13843,13877,13879,60414,60092,60415,61547,13865,13864,13866,13858,13859,13860,13861,13862,13863,13867,13869,13870,13871,13872,13519,13520,13521,13522,13523,13524,53746,53747,61548,61549,13878,13880,53754],"class_list":{"0":"post-70296219","1":"product","2":"type-product","3":"status-publish","4":"has-post-thumbnail","6":"product_tag-1960er-jahre","7":"product_tag-20-jahrhundert-nach-chr","8":"product_tag-20-jh-n-chr","9":"product_tag-20-jahrhundert","10":"product_tag-20-jh","11":"product_tag-60er","12":"product_tag-abt_018","13":"product_tag-abzug","14":"product_tag-at_grossstadt","15":"product_tag-aussen","16":"product_tag-bahngleis","17":"product_tag-bahngleise","18":"product_tag-bahngleises","19":"product_tag-bahnhof","20":"product_tag-bahnhoefe","21":"product_tag-bahnhofs","22":"product_tag-bahnhofsgegend","23":"product_tag-bahnhofsplatz","24":"product_tag-bahnschiene","25":"product_tag-bahnschienen","26":"product_tag-brd","27":"product_tag-bundesrepublik-deutschland","28":"product_tag-deutsch","29":"product_tag-deutsche","30":"product_tag-deutschen","31":"product_tag-deutscher","32":"product_tag-deutsches","33":"product_tag-deutschland","34":"product_tag-deutschlands","35":"product_tag-draussen","36":"product_tag-dunkel","37":"product_tag-dunkelheit","38":"product_tag-dunkle","39":"product_tag-dunklen","40":"product_tag-dunkler","41":"product_tag-dunkles","42":"product_tag-fahren","43":"product_tag-fahrend","44":"product_tag-fahrende","45":"product_tag-fahrender","46":"product_tag-fahrendes","47":"product_tag-faehrt","48":"product_tag-foto","49":"product_tag-fotoabzug","50":"product_tag-fotoabzuege","51":"product_tag-fotografie","52":"product_tag-fotografien","53":"product_tag-fotografin","54":"product_tag-fotografinnen","55":"product_tag-frankfurt-m","56":"product_tag-frankfurt-main","57":"product_tag-frankfurt-a-main","58":"product_tag-frankfurt-a-m","59":"product_tag-frankfurt-am-main","60":"product_tag-frankfurter","61":"product_tag-gleis","62":"product_tag-gleise","63":"product_tag-gleises","64":"product_tag-hessen","65":"product_tag-hessisch","66":"product_tag-hessische","67":"product_tag-hessischen","68":"product_tag-hessischer","69":"product_tag-hessisches","70":"product_tag-im-freien","71":"product_tag-mann","72":"product_tag-maenner","73":"product_tag-mannes","74":"product_tag-nebel","75":"product_tag-nebelig","76":"product_tag-nebelige","77":"product_tag-nebeligen","78":"product_tag-nebeliger","79":"product_tag-nebeliges","80":"product_tag-nebels","81":"product_tag-neblig","82":"product_tag-neblige","83":"product_tag-nebligen","84":"product_tag-nebliger","85":"product_tag-nebliges","86":"product_tag-oeffentlicher-nahverkehr","87":"product_tag-photo","88":"product_tag-photoabzug","89":"product_tag-photoabzuege","90":"product_tag-photographie","91":"product_tag-photographien","92":"product_tag-photographin","93":"product_tag-photographinnen","94":"product_tag-polizei","95":"product_tag-polizist","96":"product_tag-polizisten","97":"product_tag-print","98":"product_tag-s-w-fotografie","99":"product_tag-s-w-photographie","100":"product_tag-scheinwerfer","101":"product_tag-scheinwerferlicht","102":"product_tag-scheinwerfern","103":"product_tag-schutzmann","104":"product_tag-schwarzweissphotographie","105":"product_tag-schwarz-weiss-fotografie","106":"product_tag-schwarz-weiss-photographie","107":"product_tag-schwarzweiss","108":"product_tag-schwarzweisse","109":"product_tag-schwarzweissen","110":"product_tag-schwarzweisser","111":"product_tag-schwarzweisses","112":"product_tag-schwarzweissfotografie","113":"product_tag-sechziger","114":"product_tag-silbergelatine","115":"product_tag-silbergelatineabzug","116":"product_tag-silbergelatineabzuege","117":"product_tag-silbergelatineprint","118":"product_tag-stehen","119":"product_tag-stehend","120":"product_tag-stehende","121":"product_tag-stehenden","122":"product_tag-stehender","123":"product_tag-stehendes","124":"product_tag-strassenbahn","125":"product_tag-strassenbahnen","126":"product_tag-strassenbahngleis","127":"product_tag-strassenbahngleise","128":"product_tag-sw-fotografie","129":"product_tag-sw-photographie","130":"product_tag-tram","131":"pa_datierung-november-1961","132":"pa_fotograf-abisag-tuellmann","133":"pa_geografischer_bezug-aufnahmeort-frankfurt-am-main-deutschland","134":"pa_grunddaten_material_technik-foto-silbergelatine-auf-barytpapier","135":"pa_inventarnummer-tue-61-280-64","136":"pa_jahr_von-55112","137":"pa_massangaben-bildformat-foto-226-x-302-cm","138":"pa_mediennummer-61542","139":"pa_objekt_typ-fotografie","141":"first","142":"instock","143":"product-type-simple"},"yoast_head":"<!-- This site is optimized with the Yoast SEO plugin v27.4 - https:\/\/yoast.com\/product\/yoast-seo-wordpress\/ -->\n<title>Stra\u00dfenbahn im Nebel - Abisag T\u00fcllmann<\/title>\n<meta name=\"robots\" content=\"index, follow, max-snippet:-1, max-image-preview:large, max-video-preview:-1\" \/>\n<link rel=\"canonical\" href=\"https:\/\/bpk-archive.de\/tuellmann\/produkt\/strassenbahn-im-nebel\/\" \/>\n<meta property=\"og:locale\" content=\"de_DE\" \/>\n<meta property=\"og:type\" content=\"article\" \/>\n<meta property=\"og:title\" content=\"Stra\u00dfenbahn im Nebel - Abisag T\u00fcllmann\" \/>\n<meta property=\"og:description\" content=\"R\u00fcckseitenbeschriftung von Hand der Fotografin: &#8222;Bahnhof&#8220;\" \/>\n<meta property=\"og:url\" content=\"https:\/\/bpk-archive.de\/tuellmann\/produkt\/strassenbahn-im-nebel\/\" \/>\n<meta property=\"og:site_name\" content=\"Abisag T\u00fcllmann\" \/>\n<meta property=\"article:modified_time\" content=\"2019-09-05T13:57:21+00:00\" \/>\n<meta property=\"og:image\" content=\"https:\/\/bpk-archive.de\/tuellmann\/wp-content\/uploads\/2019\/08\/bpk_70371316.jpg\" \/>\n\t<meta property=\"og:image:width\" content=\"1200\" \/>\n\t<meta property=\"og:image:height\" content=\"910\" \/>\n\t<meta property=\"og:image:type\" content=\"image\/jpeg\" \/>\n<meta name=\"twitter:card\" content=\"summary_large_image\" \/>\n<script type=\"application\/ld+json\" class=\"yoast-schema-graph\">{\"@context\":\"https:\\\/\\\/schema.org\",\"@graph\":[{\"@type\":\"WebPage\",\"@id\":\"https:\\\/\\\/bpk-archive.de\\\/tuellmann\\\/produkt\\\/strassenbahn-im-nebel\\\/\",\"url\":\"https:\\\/\\\/bpk-archive.de\\\/tuellmann\\\/produkt\\\/strassenbahn-im-nebel\\\/\",\"name\":\"Stra\u00dfenbahn im Nebel - Abisag T\u00fcllmann\",\"isPartOf\":{\"@id\":\"https:\\\/\\\/bpk-archive.de\\\/tuellmann\\\/#website\"},\"primaryImageOfPage\":{\"@id\":\"https:\\\/\\\/bpk-archive.de\\\/tuellmann\\\/produkt\\\/strassenbahn-im-nebel\\\/#primaryimage\"},\"image\":{\"@id\":\"https:\\\/\\\/bpk-archive.de\\\/tuellmann\\\/produkt\\\/strassenbahn-im-nebel\\\/#primaryimage\"},\"thumbnailUrl\":\"https:\\\/\\\/bpk-archive.de\\\/tuellmann\\\/wp-content\\\/uploads\\\/2019\\\/08\\\/bpk_70371316.jpg\",\"datePublished\":\"2019-09-05T13:57:19+00:00\",\"dateModified\":\"2019-09-05T13:57:21+00:00\",\"breadcrumb\":{\"@id\":\"https:\\\/\\\/bpk-archive.de\\\/tuellmann\\\/produkt\\\/strassenbahn-im-nebel\\\/#breadcrumb\"},\"inLanguage\":\"de\",\"potentialAction\":[{\"@type\":\"ReadAction\",\"target\":[\"https:\\\/\\\/bpk-archive.de\\\/tuellmann\\\/produkt\\\/strassenbahn-im-nebel\\\/\"]}]},{\"@type\":\"ImageObject\",\"inLanguage\":\"de\",\"@id\":\"https:\\\/\\\/bpk-archive.de\\\/tuellmann\\\/produkt\\\/strassenbahn-im-nebel\\\/#primaryimage\",\"url\":\"https:\\\/\\\/bpk-archive.de\\\/tuellmann\\\/wp-content\\\/uploads\\\/2019\\\/08\\\/bpk_70371316.jpg\",\"contentUrl\":\"https:\\\/\\\/bpk-archive.de\\\/tuellmann\\\/wp-content\\\/uploads\\\/2019\\\/08\\\/bpk_70371316.jpg\",\"width\":1200,\"height\":910,\"caption\":\"Stra\u00dfenbahn im Nebel\"},{\"@type\":\"BreadcrumbList\",\"@id\":\"https:\\\/\\\/bpk-archive.de\\\/tuellmann\\\/produkt\\\/strassenbahn-im-nebel\\\/#breadcrumb\",\"itemListElement\":[{\"@type\":\"ListItem\",\"position\":1,\"name\":\"Startseite\",\"item\":\"https:\\\/\\\/bpk-archive.de\\\/tuellmann\\\/\"},{\"@type\":\"ListItem\",\"position\":2,\"name\":\"Shop\",\"item\":\"https:\\\/\\\/bpk-archive.de\\\/tuellmann\\\/shop\\\/\"},{\"@type\":\"ListItem\",\"position\":3,\"name\":\"Stra\u00dfenbahn im Nebel\"}]},{\"@type\":\"WebSite\",\"@id\":\"https:\\\/\\\/bpk-archive.de\\\/tuellmann\\\/#website\",\"url\":\"https:\\\/\\\/bpk-archive.de\\\/tuellmann\\\/\",\"name\":\"Abisag T\u00fcllmann\",\"description\":\"Eine weitere WordPress-Website\",\"potentialAction\":[{\"@type\":\"SearchAction\",\"target\":{\"@type\":\"EntryPoint\",\"urlTemplate\":\"https:\\\/\\\/bpk-archive.de\\\/tuellmann\\\/?s={search_term_string}\"},\"query-input\":{\"@type\":\"PropertyValueSpecification\",\"valueRequired\":true,\"valueName\":\"search_term_string\"}}],\"inLanguage\":\"de\"}]}<\/script>\n<!-- \/ Yoast SEO plugin. -->","yoast_head_json":{"title":"Stra\u00dfenbahn im Nebel - Abisag T\u00fcllmann","robots":{"index":"index","follow":"follow","max-snippet":"max-snippet:-1","max-image-preview":"max-image-preview:large","max-video-preview":"max-video-preview:-1"},"canonical":"https:\/\/bpk-archive.de\/tuellmann\/produkt\/strassenbahn-im-nebel\/","og_locale":"de_DE","og_type":"article","og_title":"Stra\u00dfenbahn im Nebel - Abisag T\u00fcllmann","og_description":"R\u00fcckseitenbeschriftung von Hand der Fotografin: &#8222;Bahnhof&#8220;","og_url":"https:\/\/bpk-archive.de\/tuellmann\/produkt\/strassenbahn-im-nebel\/","og_site_name":"Abisag T\u00fcllmann","article_modified_time":"2019-09-05T13:57:21+00:00","og_image":[{"width":1200,"height":910,"url":"https:\/\/bpk-archive.de\/tuellmann\/wp-content\/uploads\/2019\/08\/bpk_70371316.jpg","type":"image\/jpeg"}],"twitter_card":"summary_large_image","schema":{"@context":"https:\/\/schema.org","@graph":[{"@type":"WebPage","@id":"https:\/\/bpk-archive.de\/tuellmann\/produkt\/strassenbahn-im-nebel\/","url":"https:\/\/bpk-archive.de\/tuellmann\/produkt\/strassenbahn-im-nebel\/","name":"Stra\u00dfenbahn im Nebel - Abisag T\u00fcllmann","isPartOf":{"@id":"https:\/\/bpk-archive.de\/tuellmann\/#website"},"primaryImageOfPage":{"@id":"https:\/\/bpk-archive.de\/tuellmann\/produkt\/strassenbahn-im-nebel\/#primaryimage"},"image":{"@id":"https:\/\/bpk-archive.de\/tuellmann\/produkt\/strassenbahn-im-nebel\/#primaryimage"},"thumbnailUrl":"https:\/\/bpk-archive.de\/tuellmann\/wp-content\/uploads\/2019\/08\/bpk_70371316.jpg","datePublished":"2019-09-05T13:57:19+00:00","dateModified":"2019-09-05T13:57:21+00:00","breadcrumb":{"@id":"https:\/\/bpk-archive.de\/tuellmann\/produkt\/strassenbahn-im-nebel\/#breadcrumb"},"inLanguage":"de","potentialAction":[{"@type":"ReadAction","target":["https:\/\/bpk-archive.de\/tuellmann\/produkt\/strassenbahn-im-nebel\/"]}]},{"@type":"ImageObject","inLanguage":"de","@id":"https:\/\/bpk-archive.de\/tuellmann\/produkt\/strassenbahn-im-nebel\/#primaryimage","url":"https:\/\/bpk-archive.de\/tuellmann\/wp-content\/uploads\/2019\/08\/bpk_70371316.jpg","contentUrl":"https:\/\/bpk-archive.de\/tuellmann\/wp-content\/uploads\/2019\/08\/bpk_70371316.jpg","width":1200,"height":910,"caption":"Stra\u00dfenbahn im Nebel"},{"@type":"BreadcrumbList","@id":"https:\/\/bpk-archive.de\/tuellmann\/produkt\/strassenbahn-im-nebel\/#breadcrumb","itemListElement":[{"@type":"ListItem","position":1,"name":"Startseite","item":"https:\/\/bpk-archive.de\/tuellmann\/"},{"@type":"ListItem","position":2,"name":"Shop","item":"https:\/\/bpk-archive.de\/tuellmann\/shop\/"},{"@type":"ListItem","position":3,"name":"Stra\u00dfenbahn im Nebel"}]},{"@type":"WebSite","@id":"https:\/\/bpk-archive.de\/tuellmann\/#website","url":"https:\/\/bpk-archive.de\/tuellmann\/","name":"Abisag T\u00fcllmann","description":"Eine weitere WordPress-Website","potentialAction":[{"@type":"SearchAction","target":{"@type":"EntryPoint","urlTemplate":"https:\/\/bpk-archive.de\/tuellmann\/?s={search_term_string}"},"query-input":{"@type":"PropertyValueSpecification","valueRequired":true,"valueName":"search_term_string"}}],"inLanguage":"de"}]}},"_links":{"self":[{"href":"https:\/\/bpk-archive.de\/tuellmann\/wp-json\/wp\/v2\/product\/70296219","targetHints":{"allow":["GET"]}}],"collection":[{"href":"https:\/\/bpk-archive.de\/tuellmann\/wp-json\/wp\/v2\/product"}],"about":[{"href":"https:\/\/bpk-archive.de\/tuellmann\/wp-json\/wp\/v2\/types\/product"}],"wp:featuredmedia":[{"embeddable":true,"href":"https:\/\/bpk-archive.de\/tuellmann\/wp-json\/wp\/v2\/media\/70293941"}],"wp:attachment":[{"href":"https:\/\/bpk-archive.de\/tuellmann\/wp-json\/wp\/v2\/media?parent=70296219"}],"wp:term":[{"taxonomy":"product_brand","embeddable":true,"href":"https:\/\/bpk-archive.de\/tuellmann\/wp-json\/wp\/v2\/product_brand?post=70296219"},{"taxonomy":"product_cat","embeddable":true,"href":"https:\/\/bpk-archive.de\/tuellmann\/wp-json\/wp\/v2\/product_cat?post=70296219"},{"taxonomy":"product_tag","embeddable":true,"href":"https:\/\/bpk-archive.de\/tuellmann\/wp-json\/wp\/v2\/product_tag?post=70296219"}],"curies":[{"name":"wp","href":"https:\/\/api.w.org\/{rel}","templated":true}]}}