{"id":70296194,"date":"2019-09-05T15:56:47","date_gmt":"2019-09-05T13:56:47","guid":{"rendered":"http:\/\/abisagtuellmann.bpk-news.de\/atbild\/essraum-im-haus-der-freundschaft-lumumbastrasse\/"},"modified":"2019-09-05T15:56:59","modified_gmt":"2019-09-05T13:56:59","slug":"essraum-im-haus-der-freundschaft-lumumbastrasse","status":"publish","type":"product","link":"https:\/\/bpk-archive.de\/tuellmann\/produkt\/essraum-im-haus-der-freundschaft-lumumbastrasse\/","title":{"rendered":"Essraum im &#8222;Haus der Freundschaft&#8220; (Lumumbastra\u00dfe)"},"content":{"rendered":"<p>R\u00fcckseitenbeschriftung von Hand der Fotografin: &#8222;Essraum im &#8218;Haus der Freundschaft&#8216; (Ausl\u00e4nderstudentenheim) in der Lumumbastra\u00dfe in Leipzig&#8220;<\/p>\n","protected":false},"excerpt":{"rendered":"<p>R\u00fcckseitenbeschriftung von Hand der Fotografin: &#8222;Essraum im &#8218;Haus der Freundschaft&#8216; (Ausl\u00e4nderstudentenheim) in der Lumumbastra\u00dfe in Leipzig&#8220;<\/p>\n","protected":false},"featured_media":70293364,"template":"","meta":[],"product_brand":[],"product_cat":[],"product_tag":[61319,13774,13232,13234,13231,13233,13775,57075,13777,47541,47542,47543,47544,47545,47547,47548,13778,53197,61320,61321,61322,61323,61324,61325,61326,47988,13784,13785,53393,60455,61265,61266,60456,55358,13253,13254,53398,60649,13255,53399,60648,13256,13257,13473,50706,50707,50708,50709,50710,50711,49904,49905,59931,13293,13786,13787,13294,13295,13296,13297,47267,13487,13488,61327,61328,13498,50716,51335,51336,55591,55592,61329,60466,60467,13818,13819,13820,13821,13822,13823,13824,13825,13826,60469,60470,60471,60472,60473,61255,61256,13328,13827,13828,13329,13330,13331,13332,47332,48020,48021,48022,48023,13829,13835,13836,13842,13843,53169,54029,47333,47334,47335,47336,47337,13877,13879,61285,61286,61287,61288,61289,61290,61291,13865,13864,13866,13858,13859,13860,13861,13862,13863,13867,55593,55594,13869,13870,13871,13872,14243,14244,14245,14246,14247,14248,14249,56233,56234,56235,56236,56237,56238,56239,60655,49907,49908,13874,13875,61330,61331,61332,13878,13880,60656,61333,13525,58934,48279,48280,48281,48282,59933,61334,61335,53894,53895],"class_list":{"0":"post-70296194","1":"product","2":"type-product","3":"status-publish","4":"has-post-thumbnail","6":"product_tag-30-6-1893-1-8-1973","7":"product_tag-1960er-jahre","8":"product_tag-20-jahrhundert-nach-chr","9":"product_tag-20-jh-n-chr","10":"product_tag-20-jahrhundert","11":"product_tag-20-jh","12":"product_tag-60er","13":"product_tag-abt_015","14":"product_tag-abzug","15":"product_tag-alltag","16":"product_tag-alltaeglich","17":"product_tag-alltaegliche","18":"product_tag-alltaeglicher","19":"product_tag-alltaegliches","20":"product_tag-alltagsszene","21":"product_tag-alltagsszenen","22":"product_tag-at_konsum-freizeit","23":"product_tag-auslaender","24":"product_tag-auslaendisch","25":"product_tag-auslaendische","26":"product_tag-auslaendischem","27":"product_tag-auslaendischen","28":"product_tag-auslaendischer","29":"product_tag-austauschstudent","30":"product_tag-austauschstudenten","31":"product_tag-bild-im-bild","32":"product_tag-bildnis","33":"product_tag-bildnisse","34":"product_tag-ddr","35":"product_tag-ddr-buerger","36":"product_tag-ddr-buergerin","37":"product_tag-ddr-buergerinnen","38":"product_tag-ddr-buergers","39":"product_tag-dekoration","40":"product_tag-deutsch","41":"product_tag-deutsche","42":"product_tag-deutsche-demokratische-republik","43":"product_tag-deutsche-teilung","44":"product_tag-deutschen","45":"product_tag-deutschen-demokratischen-republik","46":"product_tag-deutschen-teilung","47":"product_tag-deutscher","48":"product_tag-deutsches","49":"product_tag-drinnen","50":"product_tag-essen","51":"product_tag-essend","52":"product_tag-essende","53":"product_tag-essenden","54":"product_tag-essender","55":"product_tag-essendes","56":"product_tag-esszimmer","57":"product_tag-esszimmers","58":"product_tag-faehnchen","59":"product_tag-foto","60":"product_tag-fotoabzug","61":"product_tag-fotoabzuege","62":"product_tag-fotografie","63":"product_tag-fotografien","64":"product_tag-fotografin","65":"product_tag-fotografinnen","66":"product_tag-fotoreportage","67":"product_tag-frau","68":"product_tag-frauen","69":"product_tag-gaststudent","70":"product_tag-gaststudenten","71":"product_tag-innen","72":"product_tag-isst","73":"product_tag-kantine","74":"product_tag-kantinen","75":"product_tag-kellnerin","76":"product_tag-kellnerinnen","77":"product_tag-kulturaustausch","78":"product_tag-leipzig","79":"product_tag-leipziger","80":"product_tag-mann","81":"product_tag-maenner","82":"product_tag-maennerbildnis","83":"product_tag-maennerbildnisse","84":"product_tag-maennerportrait","85":"product_tag-maennerportraits","86":"product_tag-maennerportraet","87":"product_tag-maennerportraets","88":"product_tag-mannes","89":"product_tag-ostdeutsch","90":"product_tag-ostdeutsche","91":"product_tag-ostdeutschen","92":"product_tag-ostdeutscher","93":"product_tag-ostdeutsches","94":"product_tag-ostdeutschland","95":"product_tag-ostdeutschlands","96":"product_tag-photo","97":"product_tag-photoabzug","98":"product_tag-photoabzuege","99":"product_tag-photographie","100":"product_tag-photographien","101":"product_tag-photographin","102":"product_tag-photographinnen","103":"product_tag-photoreportage","104":"product_tag-politikerportrait","105":"product_tag-politikerportraits","106":"product_tag-politikerportraet","107":"product_tag-politikerportraets","108":"product_tag-portrait","109":"product_tag-portraits","110":"product_tag-portraet","111":"product_tag-portraets","112":"product_tag-print","113":"product_tag-reise","114":"product_tag-reisen","115":"product_tag-reportage","116":"product_tag-reportagefoto","117":"product_tag-reportagefotografie","118":"product_tag-reportagephoto","119":"product_tag-reportagephotographie","120":"product_tag-s-w-fotografie","121":"product_tag-s-w-photographie","122":"product_tag-sachsen","123":"product_tag-sachsens","124":"product_tag-saechsisch","125":"product_tag-saechsische","126":"product_tag-saechsischem","127":"product_tag-saechsischen","128":"product_tag-saechsisches","129":"product_tag-schwarzweissphotographie","130":"product_tag-schwarz-weiss-fotografie","131":"product_tag-schwarz-weiss-photographie","132":"product_tag-schwarzweiss","133":"product_tag-schwarzweisse","134":"product_tag-schwarzweissen","135":"product_tag-schwarzweisser","136":"product_tag-schwarzweisses","137":"product_tag-schwarzweissfotografie","138":"product_tag-sechziger","139":"product_tag-serviererin","140":"product_tag-serviererinnen","141":"product_tag-silbergelatine","142":"product_tag-silbergelatineabzug","143":"product_tag-silbergelatineabzuege","144":"product_tag-silbergelatineprint","145":"product_tag-sitzen","146":"product_tag-sitzend","147":"product_tag-sitzende","148":"product_tag-sitzenden","149":"product_tag-sitzender","150":"product_tag-sitzendes","151":"product_tag-sitzt","152":"product_tag-sozialismus","153":"product_tag-sozialistisch","154":"product_tag-sozialistische","155":"product_tag-sozialistischem","156":"product_tag-sozialistischen","157":"product_tag-sozialistischer","158":"product_tag-sozialistisches","159":"product_tag-spaltung-deutschlands","160":"product_tag-speisezimmer","161":"product_tag-speisezimmers","162":"product_tag-student","163":"product_tag-studenten","164":"product_tag-studentenaustausch","165":"product_tag-studentenwohnheim","166":"product_tag-studentenwohnheime","167":"product_tag-sw-fotografie","168":"product_tag-sw-photographie","169":"product_tag-teilung-deutschlands","170":"product_tag-ulbricht","171":"product_tag-von-innen","172":"product_tag-walter","173":"product_tag-wanddekor","174":"product_tag-wanddekoration","175":"product_tag-wanddekorationen","176":"product_tag-wanddekors","177":"product_tag-wimpel","178":"product_tag-wimpelkette","179":"product_tag-wimpelketten","180":"product_tag-wohnheim","181":"product_tag-wohnheime","182":"pa_datierung-april-1963","183":"pa_fotograf-abisag-tuellmann","184":"pa_geografischer_bezug-aufnahmeort-leipzig-ddr-deutschland","185":"pa_grunddaten_material_technik-foto-silbergelatine-auf-barytpapier","186":"pa_inventarnummer-tue-63-053-13","187":"pa_jahr_von-55020","188":"pa_massangaben-bildformat-foto-304-x-238-cm","189":"pa_mediennummer-61316","190":"pa_objekt_typ-fotografie","192":"first","193":"instock","194":"product-type-simple"},"yoast_head":"<!-- This site is optimized with the Yoast SEO plugin v27.4 - https:\/\/yoast.com\/product\/yoast-seo-wordpress\/ -->\n<title>Essraum im &quot;Haus der Freundschaft&quot; (Lumumbastra\u00dfe) - Abisag T\u00fcllmann<\/title>\n<meta name=\"robots\" content=\"index, follow, max-snippet:-1, max-image-preview:large, max-video-preview:-1\" \/>\n<link rel=\"canonical\" href=\"https:\/\/bpk-archive.de\/tuellmann\/produkt\/essraum-im-haus-der-freundschaft-lumumbastrasse\/\" \/>\n<meta property=\"og:locale\" content=\"de_DE\" \/>\n<meta property=\"og:type\" content=\"article\" \/>\n<meta property=\"og:title\" content=\"Essraum im &quot;Haus der Freundschaft&quot; (Lumumbastra\u00dfe) - Abisag T\u00fcllmann\" \/>\n<meta property=\"og:description\" content=\"R\u00fcckseitenbeschriftung von Hand der Fotografin: &#8222;Essraum im &#8218;Haus der Freundschaft&#8216; (Ausl\u00e4nderstudentenheim) in der Lumumbastra\u00dfe in Leipzig&#8220;\" \/>\n<meta property=\"og:url\" content=\"https:\/\/bpk-archive.de\/tuellmann\/produkt\/essraum-im-haus-der-freundschaft-lumumbastrasse\/\" \/>\n<meta property=\"og:site_name\" content=\"Abisag T\u00fcllmann\" \/>\n<meta property=\"article:modified_time\" content=\"2019-09-05T13:56:59+00:00\" \/>\n<meta property=\"og:image\" content=\"https:\/\/bpk-archive.de\/tuellmann\/wp-content\/uploads\/2019\/08\/bpk_70371196.jpg\" \/>\n\t<meta property=\"og:image:width\" content=\"953\" \/>\n\t<meta property=\"og:image:height\" content=\"1200\" \/>\n\t<meta property=\"og:image:type\" content=\"image\/jpeg\" \/>\n<meta name=\"twitter:card\" content=\"summary_large_image\" \/>\n<script type=\"application\/ld+json\" class=\"yoast-schema-graph\">{\"@context\":\"https:\\\/\\\/schema.org\",\"@graph\":[{\"@type\":\"WebPage\",\"@id\":\"https:\\\/\\\/bpk-archive.de\\\/tuellmann\\\/produkt\\\/essraum-im-haus-der-freundschaft-lumumbastrasse\\\/\",\"url\":\"https:\\\/\\\/bpk-archive.de\\\/tuellmann\\\/produkt\\\/essraum-im-haus-der-freundschaft-lumumbastrasse\\\/\",\"name\":\"Essraum im \\\"Haus der Freundschaft\\\" (Lumumbastra\u00dfe) - Abisag T\u00fcllmann\",\"isPartOf\":{\"@id\":\"https:\\\/\\\/bpk-archive.de\\\/tuellmann\\\/#website\"},\"primaryImageOfPage\":{\"@id\":\"https:\\\/\\\/bpk-archive.de\\\/tuellmann\\\/produkt\\\/essraum-im-haus-der-freundschaft-lumumbastrasse\\\/#primaryimage\"},\"image\":{\"@id\":\"https:\\\/\\\/bpk-archive.de\\\/tuellmann\\\/produkt\\\/essraum-im-haus-der-freundschaft-lumumbastrasse\\\/#primaryimage\"},\"thumbnailUrl\":\"https:\\\/\\\/bpk-archive.de\\\/tuellmann\\\/wp-content\\\/uploads\\\/2019\\\/08\\\/bpk_70371196.jpg\",\"datePublished\":\"2019-09-05T13:56:47+00:00\",\"dateModified\":\"2019-09-05T13:56:59+00:00\",\"breadcrumb\":{\"@id\":\"https:\\\/\\\/bpk-archive.de\\\/tuellmann\\\/produkt\\\/essraum-im-haus-der-freundschaft-lumumbastrasse\\\/#breadcrumb\"},\"inLanguage\":\"de\",\"potentialAction\":[{\"@type\":\"ReadAction\",\"target\":[\"https:\\\/\\\/bpk-archive.de\\\/tuellmann\\\/produkt\\\/essraum-im-haus-der-freundschaft-lumumbastrasse\\\/\"]}]},{\"@type\":\"ImageObject\",\"inLanguage\":\"de\",\"@id\":\"https:\\\/\\\/bpk-archive.de\\\/tuellmann\\\/produkt\\\/essraum-im-haus-der-freundschaft-lumumbastrasse\\\/#primaryimage\",\"url\":\"https:\\\/\\\/bpk-archive.de\\\/tuellmann\\\/wp-content\\\/uploads\\\/2019\\\/08\\\/bpk_70371196.jpg\",\"contentUrl\":\"https:\\\/\\\/bpk-archive.de\\\/tuellmann\\\/wp-content\\\/uploads\\\/2019\\\/08\\\/bpk_70371196.jpg\",\"width\":953,\"height\":1200,\"caption\":\"Essraum im \\\"Haus der Freundschaft\\\" (Lumumbastra\u00dfe)\"},{\"@type\":\"BreadcrumbList\",\"@id\":\"https:\\\/\\\/bpk-archive.de\\\/tuellmann\\\/produkt\\\/essraum-im-haus-der-freundschaft-lumumbastrasse\\\/#breadcrumb\",\"itemListElement\":[{\"@type\":\"ListItem\",\"position\":1,\"name\":\"Startseite\",\"item\":\"https:\\\/\\\/bpk-archive.de\\\/tuellmann\\\/\"},{\"@type\":\"ListItem\",\"position\":2,\"name\":\"Shop\",\"item\":\"https:\\\/\\\/bpk-archive.de\\\/tuellmann\\\/shop\\\/\"},{\"@type\":\"ListItem\",\"position\":3,\"name\":\"Essraum im &#8220;Haus der Freundschaft&#8221; (Lumumbastra\u00dfe)\"}]},{\"@type\":\"WebSite\",\"@id\":\"https:\\\/\\\/bpk-archive.de\\\/tuellmann\\\/#website\",\"url\":\"https:\\\/\\\/bpk-archive.de\\\/tuellmann\\\/\",\"name\":\"Abisag T\u00fcllmann\",\"description\":\"Eine weitere WordPress-Website\",\"potentialAction\":[{\"@type\":\"SearchAction\",\"target\":{\"@type\":\"EntryPoint\",\"urlTemplate\":\"https:\\\/\\\/bpk-archive.de\\\/tuellmann\\\/?s={search_term_string}\"},\"query-input\":{\"@type\":\"PropertyValueSpecification\",\"valueRequired\":true,\"valueName\":\"search_term_string\"}}],\"inLanguage\":\"de\"}]}<\/script>\n<!-- \/ Yoast SEO plugin. -->","yoast_head_json":{"title":"Essraum im \"Haus der Freundschaft\" (Lumumbastra\u00dfe) - Abisag T\u00fcllmann","robots":{"index":"index","follow":"follow","max-snippet":"max-snippet:-1","max-image-preview":"max-image-preview:large","max-video-preview":"max-video-preview:-1"},"canonical":"https:\/\/bpk-archive.de\/tuellmann\/produkt\/essraum-im-haus-der-freundschaft-lumumbastrasse\/","og_locale":"de_DE","og_type":"article","og_title":"Essraum im \"Haus der Freundschaft\" (Lumumbastra\u00dfe) - Abisag T\u00fcllmann","og_description":"R\u00fcckseitenbeschriftung von Hand der Fotografin: &#8222;Essraum im &#8218;Haus der Freundschaft&#8216; (Ausl\u00e4nderstudentenheim) in der Lumumbastra\u00dfe in Leipzig&#8220;","og_url":"https:\/\/bpk-archive.de\/tuellmann\/produkt\/essraum-im-haus-der-freundschaft-lumumbastrasse\/","og_site_name":"Abisag T\u00fcllmann","article_modified_time":"2019-09-05T13:56:59+00:00","og_image":[{"width":953,"height":1200,"url":"https:\/\/bpk-archive.de\/tuellmann\/wp-content\/uploads\/2019\/08\/bpk_70371196.jpg","type":"image\/jpeg"}],"twitter_card":"summary_large_image","schema":{"@context":"https:\/\/schema.org","@graph":[{"@type":"WebPage","@id":"https:\/\/bpk-archive.de\/tuellmann\/produkt\/essraum-im-haus-der-freundschaft-lumumbastrasse\/","url":"https:\/\/bpk-archive.de\/tuellmann\/produkt\/essraum-im-haus-der-freundschaft-lumumbastrasse\/","name":"Essraum im \"Haus der Freundschaft\" (Lumumbastra\u00dfe) - Abisag T\u00fcllmann","isPartOf":{"@id":"https:\/\/bpk-archive.de\/tuellmann\/#website"},"primaryImageOfPage":{"@id":"https:\/\/bpk-archive.de\/tuellmann\/produkt\/essraum-im-haus-der-freundschaft-lumumbastrasse\/#primaryimage"},"image":{"@id":"https:\/\/bpk-archive.de\/tuellmann\/produkt\/essraum-im-haus-der-freundschaft-lumumbastrasse\/#primaryimage"},"thumbnailUrl":"https:\/\/bpk-archive.de\/tuellmann\/wp-content\/uploads\/2019\/08\/bpk_70371196.jpg","datePublished":"2019-09-05T13:56:47+00:00","dateModified":"2019-09-05T13:56:59+00:00","breadcrumb":{"@id":"https:\/\/bpk-archive.de\/tuellmann\/produkt\/essraum-im-haus-der-freundschaft-lumumbastrasse\/#breadcrumb"},"inLanguage":"de","potentialAction":[{"@type":"ReadAction","target":["https:\/\/bpk-archive.de\/tuellmann\/produkt\/essraum-im-haus-der-freundschaft-lumumbastrasse\/"]}]},{"@type":"ImageObject","inLanguage":"de","@id":"https:\/\/bpk-archive.de\/tuellmann\/produkt\/essraum-im-haus-der-freundschaft-lumumbastrasse\/#primaryimage","url":"https:\/\/bpk-archive.de\/tuellmann\/wp-content\/uploads\/2019\/08\/bpk_70371196.jpg","contentUrl":"https:\/\/bpk-archive.de\/tuellmann\/wp-content\/uploads\/2019\/08\/bpk_70371196.jpg","width":953,"height":1200,"caption":"Essraum im \"Haus der Freundschaft\" (Lumumbastra\u00dfe)"},{"@type":"BreadcrumbList","@id":"https:\/\/bpk-archive.de\/tuellmann\/produkt\/essraum-im-haus-der-freundschaft-lumumbastrasse\/#breadcrumb","itemListElement":[{"@type":"ListItem","position":1,"name":"Startseite","item":"https:\/\/bpk-archive.de\/tuellmann\/"},{"@type":"ListItem","position":2,"name":"Shop","item":"https:\/\/bpk-archive.de\/tuellmann\/shop\/"},{"@type":"ListItem","position":3,"name":"Essraum im &#8220;Haus der Freundschaft&#8221; (Lumumbastra\u00dfe)"}]},{"@type":"WebSite","@id":"https:\/\/bpk-archive.de\/tuellmann\/#website","url":"https:\/\/bpk-archive.de\/tuellmann\/","name":"Abisag T\u00fcllmann","description":"Eine weitere WordPress-Website","potentialAction":[{"@type":"SearchAction","target":{"@type":"EntryPoint","urlTemplate":"https:\/\/bpk-archive.de\/tuellmann\/?s={search_term_string}"},"query-input":{"@type":"PropertyValueSpecification","valueRequired":true,"valueName":"search_term_string"}}],"inLanguage":"de"}]}},"_links":{"self":[{"href":"https:\/\/bpk-archive.de\/tuellmann\/wp-json\/wp\/v2\/product\/70296194","targetHints":{"allow":["GET"]}}],"collection":[{"href":"https:\/\/bpk-archive.de\/tuellmann\/wp-json\/wp\/v2\/product"}],"about":[{"href":"https:\/\/bpk-archive.de\/tuellmann\/wp-json\/wp\/v2\/types\/product"}],"wp:featuredmedia":[{"embeddable":true,"href":"https:\/\/bpk-archive.de\/tuellmann\/wp-json\/wp\/v2\/media\/70293364"}],"wp:attachment":[{"href":"https:\/\/bpk-archive.de\/tuellmann\/wp-json\/wp\/v2\/media?parent=70296194"}],"wp:term":[{"taxonomy":"product_brand","embeddable":true,"href":"https:\/\/bpk-archive.de\/tuellmann\/wp-json\/wp\/v2\/product_brand?post=70296194"},{"taxonomy":"product_cat","embeddable":true,"href":"https:\/\/bpk-archive.de\/tuellmann\/wp-json\/wp\/v2\/product_cat?post=70296194"},{"taxonomy":"product_tag","embeddable":true,"href":"https:\/\/bpk-archive.de\/tuellmann\/wp-json\/wp\/v2\/product_tag?post=70296194"}],"curies":[{"name":"wp","href":"https:\/\/api.w.org\/{rel}","templated":true}]}}