{"id":70296192,"date":"2019-09-05T15:56:47","date_gmt":"2019-09-05T13:56:47","guid":{"rendered":"http:\/\/abisagtuellmann.bpk-news.de\/atbild\/kaisersaal-im-roemer\/"},"modified":"2020-08-11T16:31:36","modified_gmt":"2020-08-11T14:31:36","slug":"kaisersaal-im-roemer","status":"publish","type":"product","link":"https:\/\/bpk-archive.de\/tuellmann\/produkt\/kaisersaal-im-roemer\/","title":{"rendered":"Kaisersaal im R\u00f6mer"},"content":{"rendered":"<p>R\u00fcckseitenbeschriftung von Hand der Fotografin: &#8222;Kaisersaal im R\u00f6mer&#8220;<\/p>\n","protected":false},"excerpt":{"rendered":"<p>R\u00fcckseitenbeschriftung von Hand der Fotografin: &#8222;Kaisersaal im R\u00f6mer&#8220;<\/p>\n","protected":false},"featured_media":70293352,"template":"","meta":[],"product_brand":[],"product_cat":[73382],"product_tag":[13774,13232,13234,13231,13233,13775,57075,13777,13456,13457,13778,50202,56056,56057,56060,56061,56062,56063,13462,13463,13464,13465,13466,13467,13468,47988,61296,61297,13469,13470,13253,13254,13255,13256,13257,13471,13472,13473,61298,61299,13293,13786,13787,13294,13295,13296,13297,13485,13486,13482,13481,13483,13484,13487,13488,58060,13489,13490,13491,13492,13493,13494,13495,13496,13497,13498,61300,13501,13502,13503,13504,13505,13506,13507,13508,13818,13819,13826,52130,13509,13510,13511,13512,13513,14007,14008,61301,61302,14009,13328,13827,13828,13329,13330,13331,13332,13843,13877,13879,13865,13864,13866,13858,13859,13860,13861,13862,13863,13867,13869,13870,13871,13872,51605,51606,51607,51608,51609,51610,13878,13880,13525],"class_list":{"0":"post-70296192","1":"product","2":"type-product","3":"status-publish","4":"has-post-thumbnail","6":"product_cat-konsum-freizeit","7":"product_tag-1960er-jahre","8":"product_tag-20-jahrhundert-nach-chr","9":"product_tag-20-jh-n-chr","10":"product_tag-20-jahrhundert","11":"product_tag-20-jh","12":"product_tag-60er","13":"product_tag-abt_015","14":"product_tag-abzug","15":"product_tag-anschauen","16":"product_tag-anschauend","17":"product_tag-at_konsum-freizeit","18":"product_tag-ausschnitt","19":"product_tag-ausstellungshalle","20":"product_tag-ausstellungshallen","21":"product_tag-ausstellungsraum","22":"product_tag-ausstellungsraeume","23":"product_tag-ausstellungssaal","24":"product_tag-ausstellungssaele","25":"product_tag-betrachten","26":"product_tag-betrachtend","27":"product_tag-betrachtende","28":"product_tag-betrachtender","29":"product_tag-betrachtendes","30":"product_tag-betrachtet","31":"product_tag-betrachtung","32":"product_tag-bild-im-bild","33":"product_tag-bildergalerie","34":"product_tag-bildergalerien","35":"product_tag-brd","36":"product_tag-bundesrepublik-deutschland","37":"product_tag-deutsch","38":"product_tag-deutsche","39":"product_tag-deutschen","40":"product_tag-deutscher","41":"product_tag-deutsches","42":"product_tag-deutschland","43":"product_tag-deutschlands","44":"product_tag-drinnen","45":"product_tag-filzpantoffel","46":"product_tag-filzpantoffeln","47":"product_tag-foto","48":"product_tag-fotoabzug","49":"product_tag-fotoabzuege","50":"product_tag-fotografie","51":"product_tag-fotografien","52":"product_tag-fotografin","53":"product_tag-fotografinnen","54":"product_tag-frankfurt-m","55":"product_tag-frankfurt-main","56":"product_tag-frankfurt-a-main","57":"product_tag-frankfurt-a-m","58":"product_tag-frankfurt-am-main","59":"product_tag-frankfurter","60":"product_tag-frau","61":"product_tag-frauen","62":"product_tag-galerie","63":"product_tag-gemaelde","64":"product_tag-gemaelden","65":"product_tag-gemaeldes","66":"product_tag-hessen","67":"product_tag-hessisch","68":"product_tag-hessische","69":"product_tag-hessischen","70":"product_tag-hessischer","71":"product_tag-hessisches","72":"product_tag-innen","73":"product_tag-kaisersaal","74":"product_tag-kunstbetrachter","75":"product_tag-kunstbetrachtung","76":"product_tag-kunstmuseen","77":"product_tag-kunstmuseum","78":"product_tag-kunstwerk","79":"product_tag-kunstwerke","80":"product_tag-malerei","81":"product_tag-malereien","82":"product_tag-mann","83":"product_tag-maenner","84":"product_tag-mannes","85":"product_tag-markierung","86":"product_tag-museen","87":"product_tag-museum","88":"product_tag-museums","89":"product_tag-museumsbesuch","90":"product_tag-museumsbesucher","91":"product_tag-paar","92":"product_tag-paare","93":"product_tag-pantoffel","94":"product_tag-pantoffeln","95":"product_tag-paerchen","96":"product_tag-photo","97":"product_tag-photoabzug","98":"product_tag-photoabzuege","99":"product_tag-photographie","100":"product_tag-photographien","101":"product_tag-photographin","102":"product_tag-photographinnen","103":"product_tag-print","104":"product_tag-s-w-fotografie","105":"product_tag-s-w-photographie","106":"product_tag-schwarzweissphotographie","107":"product_tag-schwarz-weiss-fotografie","108":"product_tag-schwarz-weiss-photographie","109":"product_tag-schwarzweiss","110":"product_tag-schwarzweisse","111":"product_tag-schwarzweissen","112":"product_tag-schwarzweisser","113":"product_tag-schwarzweisses","114":"product_tag-schwarzweissfotografie","115":"product_tag-sechziger","116":"product_tag-silbergelatine","117":"product_tag-silbergelatineabzug","118":"product_tag-silbergelatineabzuege","119":"product_tag-silbergelatineprint","120":"product_tag-staunen","121":"product_tag-staunend","122":"product_tag-staunende","123":"product_tag-staunenden","124":"product_tag-staunender","125":"product_tag-staunendes","126":"product_tag-sw-fotografie","127":"product_tag-sw-photographie","128":"product_tag-von-innen","129":"pa_datierung-juli-1960","130":"pa_fotograf-abisag-tuellmann","131":"pa_geografischer_bezug-aufnahmeort-frankfurt-am-main-deutschland","132":"pa_grunddaten_material_technik-foto-silbergelatine-auf-barytpapier","133":"pa_inventarnummer-tue-60-160-08a","134":"pa_jahr_von-57092","135":"pa_massangaben-bildformat-foto-238-x-302-cm","136":"pa_mediennummer-61294","137":"pa_objekt_typ-fotografie","139":"first","140":"instock","141":"product-type-simple"},"yoast_head":"<!-- This site is optimized with the Yoast SEO plugin v27.4 - https:\/\/yoast.com\/product\/yoast-seo-wordpress\/ -->\n<title>Kaisersaal im R\u00f6mer - Abisag T\u00fcllmann<\/title>\n<meta name=\"robots\" content=\"index, follow, max-snippet:-1, max-image-preview:large, max-video-preview:-1\" \/>\n<link rel=\"canonical\" href=\"https:\/\/bpk-archive.de\/tuellmann\/produkt\/kaisersaal-im-roemer\/\" \/>\n<meta property=\"og:locale\" content=\"de_DE\" \/>\n<meta property=\"og:type\" content=\"article\" \/>\n<meta property=\"og:title\" content=\"Kaisersaal im R\u00f6mer - Abisag T\u00fcllmann\" \/>\n<meta property=\"og:description\" content=\"R\u00fcckseitenbeschriftung von Hand der Fotografin: &#8222;Kaisersaal im R\u00f6mer&#8220;\" \/>\n<meta property=\"og:url\" content=\"https:\/\/bpk-archive.de\/tuellmann\/produkt\/kaisersaal-im-roemer\/\" \/>\n<meta property=\"og:site_name\" content=\"Abisag T\u00fcllmann\" \/>\n<meta property=\"article:modified_time\" content=\"2020-08-11T14:31:36+00:00\" \/>\n<meta property=\"og:image\" content=\"https:\/\/bpk-archive.de\/tuellmann\/wp-content\/uploads\/2019\/08\/bpk_70371192.jpg\" \/>\n\t<meta property=\"og:image:width\" content=\"1200\" \/>\n\t<meta property=\"og:image:height\" content=\"955\" \/>\n\t<meta property=\"og:image:type\" content=\"image\/jpeg\" \/>\n<meta name=\"twitter:card\" content=\"summary_large_image\" \/>\n<script type=\"application\/ld+json\" class=\"yoast-schema-graph\">{\"@context\":\"https:\\\/\\\/schema.org\",\"@graph\":[{\"@type\":\"WebPage\",\"@id\":\"https:\\\/\\\/bpk-archive.de\\\/tuellmann\\\/produkt\\\/kaisersaal-im-roemer\\\/\",\"url\":\"https:\\\/\\\/bpk-archive.de\\\/tuellmann\\\/produkt\\\/kaisersaal-im-roemer\\\/\",\"name\":\"Kaisersaal im R\u00f6mer - Abisag T\u00fcllmann\",\"isPartOf\":{\"@id\":\"https:\\\/\\\/bpk-archive.de\\\/tuellmann\\\/#website\"},\"primaryImageOfPage\":{\"@id\":\"https:\\\/\\\/bpk-archive.de\\\/tuellmann\\\/produkt\\\/kaisersaal-im-roemer\\\/#primaryimage\"},\"image\":{\"@id\":\"https:\\\/\\\/bpk-archive.de\\\/tuellmann\\\/produkt\\\/kaisersaal-im-roemer\\\/#primaryimage\"},\"thumbnailUrl\":\"https:\\\/\\\/bpk-archive.de\\\/tuellmann\\\/wp-content\\\/uploads\\\/2019\\\/08\\\/bpk_70371192.jpg\",\"datePublished\":\"2019-09-05T13:56:47+00:00\",\"dateModified\":\"2020-08-11T14:31:36+00:00\",\"breadcrumb\":{\"@id\":\"https:\\\/\\\/bpk-archive.de\\\/tuellmann\\\/produkt\\\/kaisersaal-im-roemer\\\/#breadcrumb\"},\"inLanguage\":\"de\",\"potentialAction\":[{\"@type\":\"ReadAction\",\"target\":[\"https:\\\/\\\/bpk-archive.de\\\/tuellmann\\\/produkt\\\/kaisersaal-im-roemer\\\/\"]}]},{\"@type\":\"ImageObject\",\"inLanguage\":\"de\",\"@id\":\"https:\\\/\\\/bpk-archive.de\\\/tuellmann\\\/produkt\\\/kaisersaal-im-roemer\\\/#primaryimage\",\"url\":\"https:\\\/\\\/bpk-archive.de\\\/tuellmann\\\/wp-content\\\/uploads\\\/2019\\\/08\\\/bpk_70371192.jpg\",\"contentUrl\":\"https:\\\/\\\/bpk-archive.de\\\/tuellmann\\\/wp-content\\\/uploads\\\/2019\\\/08\\\/bpk_70371192.jpg\",\"width\":1200,\"height\":955,\"caption\":\"Kaisersaal im R\u00f6mer\"},{\"@type\":\"BreadcrumbList\",\"@id\":\"https:\\\/\\\/bpk-archive.de\\\/tuellmann\\\/produkt\\\/kaisersaal-im-roemer\\\/#breadcrumb\",\"itemListElement\":[{\"@type\":\"ListItem\",\"position\":1,\"name\":\"Startseite\",\"item\":\"https:\\\/\\\/bpk-archive.de\\\/tuellmann\\\/\"},{\"@type\":\"ListItem\",\"position\":2,\"name\":\"Shop\",\"item\":\"https:\\\/\\\/bpk-archive.de\\\/tuellmann\\\/shop\\\/\"},{\"@type\":\"ListItem\",\"position\":3,\"name\":\"Kaisersaal im R\u00f6mer\"}]},{\"@type\":\"WebSite\",\"@id\":\"https:\\\/\\\/bpk-archive.de\\\/tuellmann\\\/#website\",\"url\":\"https:\\\/\\\/bpk-archive.de\\\/tuellmann\\\/\",\"name\":\"Abisag T\u00fcllmann\",\"description\":\"Eine weitere WordPress-Website\",\"potentialAction\":[{\"@type\":\"SearchAction\",\"target\":{\"@type\":\"EntryPoint\",\"urlTemplate\":\"https:\\\/\\\/bpk-archive.de\\\/tuellmann\\\/?s={search_term_string}\"},\"query-input\":{\"@type\":\"PropertyValueSpecification\",\"valueRequired\":true,\"valueName\":\"search_term_string\"}}],\"inLanguage\":\"de\"}]}<\/script>\n<!-- \/ Yoast SEO plugin. -->","yoast_head_json":{"title":"Kaisersaal im R\u00f6mer - Abisag T\u00fcllmann","robots":{"index":"index","follow":"follow","max-snippet":"max-snippet:-1","max-image-preview":"max-image-preview:large","max-video-preview":"max-video-preview:-1"},"canonical":"https:\/\/bpk-archive.de\/tuellmann\/produkt\/kaisersaal-im-roemer\/","og_locale":"de_DE","og_type":"article","og_title":"Kaisersaal im R\u00f6mer - Abisag T\u00fcllmann","og_description":"R\u00fcckseitenbeschriftung von Hand der Fotografin: &#8222;Kaisersaal im R\u00f6mer&#8220;","og_url":"https:\/\/bpk-archive.de\/tuellmann\/produkt\/kaisersaal-im-roemer\/","og_site_name":"Abisag T\u00fcllmann","article_modified_time":"2020-08-11T14:31:36+00:00","og_image":[{"width":1200,"height":955,"url":"https:\/\/bpk-archive.de\/tuellmann\/wp-content\/uploads\/2019\/08\/bpk_70371192.jpg","type":"image\/jpeg"}],"twitter_card":"summary_large_image","schema":{"@context":"https:\/\/schema.org","@graph":[{"@type":"WebPage","@id":"https:\/\/bpk-archive.de\/tuellmann\/produkt\/kaisersaal-im-roemer\/","url":"https:\/\/bpk-archive.de\/tuellmann\/produkt\/kaisersaal-im-roemer\/","name":"Kaisersaal im R\u00f6mer - Abisag T\u00fcllmann","isPartOf":{"@id":"https:\/\/bpk-archive.de\/tuellmann\/#website"},"primaryImageOfPage":{"@id":"https:\/\/bpk-archive.de\/tuellmann\/produkt\/kaisersaal-im-roemer\/#primaryimage"},"image":{"@id":"https:\/\/bpk-archive.de\/tuellmann\/produkt\/kaisersaal-im-roemer\/#primaryimage"},"thumbnailUrl":"https:\/\/bpk-archive.de\/tuellmann\/wp-content\/uploads\/2019\/08\/bpk_70371192.jpg","datePublished":"2019-09-05T13:56:47+00:00","dateModified":"2020-08-11T14:31:36+00:00","breadcrumb":{"@id":"https:\/\/bpk-archive.de\/tuellmann\/produkt\/kaisersaal-im-roemer\/#breadcrumb"},"inLanguage":"de","potentialAction":[{"@type":"ReadAction","target":["https:\/\/bpk-archive.de\/tuellmann\/produkt\/kaisersaal-im-roemer\/"]}]},{"@type":"ImageObject","inLanguage":"de","@id":"https:\/\/bpk-archive.de\/tuellmann\/produkt\/kaisersaal-im-roemer\/#primaryimage","url":"https:\/\/bpk-archive.de\/tuellmann\/wp-content\/uploads\/2019\/08\/bpk_70371192.jpg","contentUrl":"https:\/\/bpk-archive.de\/tuellmann\/wp-content\/uploads\/2019\/08\/bpk_70371192.jpg","width":1200,"height":955,"caption":"Kaisersaal im R\u00f6mer"},{"@type":"BreadcrumbList","@id":"https:\/\/bpk-archive.de\/tuellmann\/produkt\/kaisersaal-im-roemer\/#breadcrumb","itemListElement":[{"@type":"ListItem","position":1,"name":"Startseite","item":"https:\/\/bpk-archive.de\/tuellmann\/"},{"@type":"ListItem","position":2,"name":"Shop","item":"https:\/\/bpk-archive.de\/tuellmann\/shop\/"},{"@type":"ListItem","position":3,"name":"Kaisersaal im R\u00f6mer"}]},{"@type":"WebSite","@id":"https:\/\/bpk-archive.de\/tuellmann\/#website","url":"https:\/\/bpk-archive.de\/tuellmann\/","name":"Abisag T\u00fcllmann","description":"Eine weitere WordPress-Website","potentialAction":[{"@type":"SearchAction","target":{"@type":"EntryPoint","urlTemplate":"https:\/\/bpk-archive.de\/tuellmann\/?s={search_term_string}"},"query-input":{"@type":"PropertyValueSpecification","valueRequired":true,"valueName":"search_term_string"}}],"inLanguage":"de"}]}},"_links":{"self":[{"href":"https:\/\/bpk-archive.de\/tuellmann\/wp-json\/wp\/v2\/product\/70296192","targetHints":{"allow":["GET"]}}],"collection":[{"href":"https:\/\/bpk-archive.de\/tuellmann\/wp-json\/wp\/v2\/product"}],"about":[{"href":"https:\/\/bpk-archive.de\/tuellmann\/wp-json\/wp\/v2\/types\/product"}],"wp:featuredmedia":[{"embeddable":true,"href":"https:\/\/bpk-archive.de\/tuellmann\/wp-json\/wp\/v2\/media\/70293352"}],"wp:attachment":[{"href":"https:\/\/bpk-archive.de\/tuellmann\/wp-json\/wp\/v2\/media?parent=70296192"}],"wp:term":[{"taxonomy":"product_brand","embeddable":true,"href":"https:\/\/bpk-archive.de\/tuellmann\/wp-json\/wp\/v2\/product_brand?post=70296192"},{"taxonomy":"product_cat","embeddable":true,"href":"https:\/\/bpk-archive.de\/tuellmann\/wp-json\/wp\/v2\/product_cat?post=70296192"},{"taxonomy":"product_tag","embeddable":true,"href":"https:\/\/bpk-archive.de\/tuellmann\/wp-json\/wp\/v2\/product_tag?post=70296192"}],"curies":[{"name":"wp","href":"https:\/\/api.w.org\/{rel}","templated":true}]}}