{"id":70296173,"date":"2019-09-05T15:56:31","date_gmt":"2019-09-05T13:56:31","guid":{"rendered":"http:\/\/abisagtuellmann.bpk-news.de\/atbild\/zwei-aeltere-strassenmusiker-auf-einer-bank\/"},"modified":"2019-09-05T15:56:43","modified_gmt":"2019-09-05T13:56:43","slug":"zwei-aeltere-strassenmusiker-auf-einer-bank","status":"publish","type":"product","link":"https:\/\/bpk-archive.de\/tuellmann\/produkt\/zwei-aeltere-strassenmusiker-auf-einer-bank\/","title":{"rendered":"Zwei \u00e4ltere Stra\u00dfenmusiker auf einer Bank"},"content":{"rendered":"","protected":false},"excerpt":{"rendered":"","protected":false},"featured_media":70293895,"template":"","meta":[],"product_brand":[],"product_cat":[],"product_tag":[13774,13232,13234,13231,13233,13775,60842,13777,57468,57469,57470,47418,47419,47420,47421,47422,47423,47424,13954,13778,13250,48846,48847,13784,13785,14177,13469,54508,54509,13470,13253,13254,13255,13256,13257,13471,13472,13960,13961,13962,13963,13964,13965,13260,13293,13786,13787,13294,13295,13296,13297,48914,48915,48986,48987,48988,61140,48989,48990,48991,48992,48993,48994,48995,48996,13301,57473,57474,57475,57476,13818,13819,13820,13821,13822,13823,13824,13825,13826,56158,56159,61141,61142,56160,13328,13827,13828,13329,13330,13331,13332,13829,13830,13831,13832,13833,13834,13835,13836,13837,13838,13839,13840,13841,13842,13843,57477,57478,57479,57480,13877,13879,13865,13864,13866,13858,13859,13860,13861,13862,13863,13867,13869,13870,13871,13872,48872,48873,14243,14244,14245,14246,14247,14248,14249,48928,48929,57482,57483,57484,57485,13878,13880,57486,57487,47359],"class_list":{"0":"post-70296173","1":"product","2":"type-product","3":"status-publish","4":"has-post-thumbnail","6":"product_tag-1960er-jahre","7":"product_tag-20-jahrhundert-nach-chr","8":"product_tag-20-jh-n-chr","9":"product_tag-20-jahrhundert","10":"product_tag-20-jh","11":"product_tag-60er","12":"product_tag-abt_016","13":"product_tag-abzug","14":"product_tag-akkordeon","15":"product_tag-akkordeons","16":"product_tag-akkordeonspieler","17":"product_tag-alt","18":"product_tag-alte","19":"product_tag-alten","20":"product_tag-alter","21":"product_tag-aeltere","22":"product_tag-aelterer","23":"product_tag-altes","24":"product_tag-arm-in-arm","25":"product_tag-at_konsum-freizeit","26":"product_tag-aussen","27":"product_tag-bank","28":"product_tag-baenke","29":"product_tag-bildnis","30":"product_tag-bildnisse","31":"product_tag-blickkontakt","32":"product_tag-brd","33":"product_tag-bretterwand","34":"product_tag-bretterwaende","35":"product_tag-bundesrepublik-deutschland","36":"product_tag-deutsch","37":"product_tag-deutsche","38":"product_tag-deutschen","39":"product_tag-deutscher","40":"product_tag-deutsches","41":"product_tag-deutschland","42":"product_tag-deutschlands","43":"product_tag-doppelbildnis","44":"product_tag-doppelbildnisse","45":"product_tag-doppelportrait","46":"product_tag-doppelportraits","47":"product_tag-doppelportraet","48":"product_tag-doppelportraets","49":"product_tag-draussen","50":"product_tag-foto","51":"product_tag-fotoabzug","52":"product_tag-fotoabzuege","53":"product_tag-fotografie","54":"product_tag-fotografien","55":"product_tag-fotografin","56":"product_tag-fotografinnen","57":"product_tag-gehstock","58":"product_tag-gehstoecke","59":"product_tag-geste","60":"product_tag-gesten","61":"product_tag-gestik","62":"product_tag-gestikulatio","63":"product_tag-gestikulation","64":"product_tag-gestikulieren","65":"product_tag-gestikulierend","66":"product_tag-gestikulierende","67":"product_tag-gestikulierenden","68":"product_tag-gestikulierender","69":"product_tag-gestikulierendes","70":"product_tag-gestikuliert","71":"product_tag-im-freien","72":"product_tag-jahrmarkt","73":"product_tag-kirmes","74":"product_tag-kirmess","75":"product_tag-kirmis","76":"product_tag-mann","77":"product_tag-maenner","78":"product_tag-maennerbildnis","79":"product_tag-maennerbildnisse","80":"product_tag-maennerportrait","81":"product_tag-maennerportraits","82":"product_tag-maennerportraet","83":"product_tag-maennerportraets","84":"product_tag-mannes","85":"product_tag-musiker","86":"product_tag-musikern","87":"product_tag-musikerportrait","88":"product_tag-musikerportraet","89":"product_tag-musikers","90":"product_tag-photo","91":"product_tag-photoabzug","92":"product_tag-photoabzuege","93":"product_tag-photographie","94":"product_tag-photographien","95":"product_tag-photographin","96":"product_tag-photographinnen","97":"product_tag-portrait","98":"product_tag-portraitaufnahme","99":"product_tag-portraitfoto","100":"product_tag-portraitfotografie","101":"product_tag-portraitphoto","102":"product_tag-portraitphotographie","103":"product_tag-portraits","104":"product_tag-portraet","105":"product_tag-portraetaufnahme","106":"product_tag-portraetfoto","107":"product_tag-portraetfotografie","108":"product_tag-portraetphoto","109":"product_tag-portraetphotographie","110":"product_tag-portraets","111":"product_tag-print","112":"product_tag-quetschkommode","113":"product_tag-quetschkommoden","114":"product_tag-rummel","115":"product_tag-rummelplatz","116":"product_tag-s-w-fotografie","117":"product_tag-s-w-photographie","118":"product_tag-schwarzweissphotographie","119":"product_tag-schwarz-weiss-fotografie","120":"product_tag-schwarz-weiss-photographie","121":"product_tag-schwarzweiss","122":"product_tag-schwarzweisse","123":"product_tag-schwarzweissen","124":"product_tag-schwarzweisser","125":"product_tag-schwarzweisses","126":"product_tag-schwarzweissfotografie","127":"product_tag-sechziger","128":"product_tag-silbergelatine","129":"product_tag-silbergelatineabzug","130":"product_tag-silbergelatineabzuege","131":"product_tag-silbergelatineprint","132":"product_tag-sitzbank","133":"product_tag-sitzbaenke","134":"product_tag-sitzen","135":"product_tag-sitzend","136":"product_tag-sitzende","137":"product_tag-sitzenden","138":"product_tag-sitzender","139":"product_tag-sitzendes","140":"product_tag-sitzt","141":"product_tag-spazierstock","142":"product_tag-spazierstoecke","143":"product_tag-strassenmusik","144":"product_tag-strassenmusikant","145":"product_tag-strassenmusikanten","146":"product_tag-strassenmusiker","147":"product_tag-sw-fotografie","148":"product_tag-sw-photographie","149":"product_tag-ziehharmonika","150":"product_tag-ziehharmonikas","151":"product_tag-zwei","152":"pa_datierung-ca-1960er-jahre","153":"pa_fotograf-abisag-tuellmann","154":"pa_geografischer_bezug-aufnahmeort-deutschland","155":"pa_grunddaten_material_technik-foto-silbergelatine-auf-barytpapier","156":"pa_jahr_von-ca-1960er-jahre","157":"pa_massangaben-bildformat-foto-239-x-302-cm","158":"pa_mediennummer-61139","159":"pa_objekt_typ-fotografie","161":"first","162":"instock","163":"product-type-simple"},"yoast_head":"<!-- This site is optimized with the Yoast SEO plugin v27.4 - https:\/\/yoast.com\/product\/yoast-seo-wordpress\/ -->\n<title>Zwei \u00e4ltere Stra\u00dfenmusiker auf einer Bank - Abisag T\u00fcllmann<\/title>\n<meta name=\"robots\" content=\"index, follow, max-snippet:-1, max-image-preview:large, max-video-preview:-1\" \/>\n<link rel=\"canonical\" href=\"https:\/\/bpk-archive.de\/tuellmann\/produkt\/zwei-aeltere-strassenmusiker-auf-einer-bank\/\" \/>\n<meta property=\"og:locale\" content=\"de_DE\" \/>\n<meta property=\"og:type\" content=\"article\" \/>\n<meta property=\"og:title\" content=\"Zwei \u00e4ltere Stra\u00dfenmusiker auf einer Bank - Abisag T\u00fcllmann\" \/>\n<meta property=\"og:url\" content=\"https:\/\/bpk-archive.de\/tuellmann\/produkt\/zwei-aeltere-strassenmusiker-auf-einer-bank\/\" \/>\n<meta property=\"og:site_name\" content=\"Abisag T\u00fcllmann\" \/>\n<meta property=\"article:modified_time\" content=\"2019-09-05T13:56:43+00:00\" \/>\n<meta property=\"og:image\" content=\"https:\/\/bpk-archive.de\/tuellmann\/wp-content\/uploads\/2019\/08\/bpk_70371249.jpg\" \/>\n\t<meta property=\"og:image:width\" content=\"1200\" \/>\n\t<meta property=\"og:image:height\" content=\"955\" \/>\n\t<meta property=\"og:image:type\" content=\"image\/jpeg\" \/>\n<meta name=\"twitter:card\" content=\"summary_large_image\" \/>\n<script type=\"application\/ld+json\" class=\"yoast-schema-graph\">{\"@context\":\"https:\\\/\\\/schema.org\",\"@graph\":[{\"@type\":\"WebPage\",\"@id\":\"https:\\\/\\\/bpk-archive.de\\\/tuellmann\\\/produkt\\\/zwei-aeltere-strassenmusiker-auf-einer-bank\\\/\",\"url\":\"https:\\\/\\\/bpk-archive.de\\\/tuellmann\\\/produkt\\\/zwei-aeltere-strassenmusiker-auf-einer-bank\\\/\",\"name\":\"Zwei \u00e4ltere Stra\u00dfenmusiker auf einer Bank - Abisag T\u00fcllmann\",\"isPartOf\":{\"@id\":\"https:\\\/\\\/bpk-archive.de\\\/tuellmann\\\/#website\"},\"primaryImageOfPage\":{\"@id\":\"https:\\\/\\\/bpk-archive.de\\\/tuellmann\\\/produkt\\\/zwei-aeltere-strassenmusiker-auf-einer-bank\\\/#primaryimage\"},\"image\":{\"@id\":\"https:\\\/\\\/bpk-archive.de\\\/tuellmann\\\/produkt\\\/zwei-aeltere-strassenmusiker-auf-einer-bank\\\/#primaryimage\"},\"thumbnailUrl\":\"https:\\\/\\\/bpk-archive.de\\\/tuellmann\\\/wp-content\\\/uploads\\\/2019\\\/08\\\/bpk_70371249.jpg\",\"datePublished\":\"2019-09-05T13:56:31+00:00\",\"dateModified\":\"2019-09-05T13:56:43+00:00\",\"breadcrumb\":{\"@id\":\"https:\\\/\\\/bpk-archive.de\\\/tuellmann\\\/produkt\\\/zwei-aeltere-strassenmusiker-auf-einer-bank\\\/#breadcrumb\"},\"inLanguage\":\"de\",\"potentialAction\":[{\"@type\":\"ReadAction\",\"target\":[\"https:\\\/\\\/bpk-archive.de\\\/tuellmann\\\/produkt\\\/zwei-aeltere-strassenmusiker-auf-einer-bank\\\/\"]}]},{\"@type\":\"ImageObject\",\"inLanguage\":\"de\",\"@id\":\"https:\\\/\\\/bpk-archive.de\\\/tuellmann\\\/produkt\\\/zwei-aeltere-strassenmusiker-auf-einer-bank\\\/#primaryimage\",\"url\":\"https:\\\/\\\/bpk-archive.de\\\/tuellmann\\\/wp-content\\\/uploads\\\/2019\\\/08\\\/bpk_70371249.jpg\",\"contentUrl\":\"https:\\\/\\\/bpk-archive.de\\\/tuellmann\\\/wp-content\\\/uploads\\\/2019\\\/08\\\/bpk_70371249.jpg\",\"width\":1200,\"height\":955,\"caption\":\"Zwei \u00e4ltere Stra\u00dfenmusiker auf einer Bank\"},{\"@type\":\"BreadcrumbList\",\"@id\":\"https:\\\/\\\/bpk-archive.de\\\/tuellmann\\\/produkt\\\/zwei-aeltere-strassenmusiker-auf-einer-bank\\\/#breadcrumb\",\"itemListElement\":[{\"@type\":\"ListItem\",\"position\":1,\"name\":\"Startseite\",\"item\":\"https:\\\/\\\/bpk-archive.de\\\/tuellmann\\\/\"},{\"@type\":\"ListItem\",\"position\":2,\"name\":\"Shop\",\"item\":\"https:\\\/\\\/bpk-archive.de\\\/tuellmann\\\/shop\\\/\"},{\"@type\":\"ListItem\",\"position\":3,\"name\":\"Zwei \u00e4ltere Stra\u00dfenmusiker auf einer Bank\"}]},{\"@type\":\"WebSite\",\"@id\":\"https:\\\/\\\/bpk-archive.de\\\/tuellmann\\\/#website\",\"url\":\"https:\\\/\\\/bpk-archive.de\\\/tuellmann\\\/\",\"name\":\"Abisag T\u00fcllmann\",\"description\":\"Eine weitere WordPress-Website\",\"potentialAction\":[{\"@type\":\"SearchAction\",\"target\":{\"@type\":\"EntryPoint\",\"urlTemplate\":\"https:\\\/\\\/bpk-archive.de\\\/tuellmann\\\/?s={search_term_string}\"},\"query-input\":{\"@type\":\"PropertyValueSpecification\",\"valueRequired\":true,\"valueName\":\"search_term_string\"}}],\"inLanguage\":\"de\"}]}<\/script>\n<!-- \/ Yoast SEO plugin. -->","yoast_head_json":{"title":"Zwei \u00e4ltere Stra\u00dfenmusiker auf einer Bank - Abisag T\u00fcllmann","robots":{"index":"index","follow":"follow","max-snippet":"max-snippet:-1","max-image-preview":"max-image-preview:large","max-video-preview":"max-video-preview:-1"},"canonical":"https:\/\/bpk-archive.de\/tuellmann\/produkt\/zwei-aeltere-strassenmusiker-auf-einer-bank\/","og_locale":"de_DE","og_type":"article","og_title":"Zwei \u00e4ltere Stra\u00dfenmusiker auf einer Bank - Abisag T\u00fcllmann","og_url":"https:\/\/bpk-archive.de\/tuellmann\/produkt\/zwei-aeltere-strassenmusiker-auf-einer-bank\/","og_site_name":"Abisag T\u00fcllmann","article_modified_time":"2019-09-05T13:56:43+00:00","og_image":[{"width":1200,"height":955,"url":"https:\/\/bpk-archive.de\/tuellmann\/wp-content\/uploads\/2019\/08\/bpk_70371249.jpg","type":"image\/jpeg"}],"twitter_card":"summary_large_image","schema":{"@context":"https:\/\/schema.org","@graph":[{"@type":"WebPage","@id":"https:\/\/bpk-archive.de\/tuellmann\/produkt\/zwei-aeltere-strassenmusiker-auf-einer-bank\/","url":"https:\/\/bpk-archive.de\/tuellmann\/produkt\/zwei-aeltere-strassenmusiker-auf-einer-bank\/","name":"Zwei \u00e4ltere Stra\u00dfenmusiker auf einer Bank - Abisag T\u00fcllmann","isPartOf":{"@id":"https:\/\/bpk-archive.de\/tuellmann\/#website"},"primaryImageOfPage":{"@id":"https:\/\/bpk-archive.de\/tuellmann\/produkt\/zwei-aeltere-strassenmusiker-auf-einer-bank\/#primaryimage"},"image":{"@id":"https:\/\/bpk-archive.de\/tuellmann\/produkt\/zwei-aeltere-strassenmusiker-auf-einer-bank\/#primaryimage"},"thumbnailUrl":"https:\/\/bpk-archive.de\/tuellmann\/wp-content\/uploads\/2019\/08\/bpk_70371249.jpg","datePublished":"2019-09-05T13:56:31+00:00","dateModified":"2019-09-05T13:56:43+00:00","breadcrumb":{"@id":"https:\/\/bpk-archive.de\/tuellmann\/produkt\/zwei-aeltere-strassenmusiker-auf-einer-bank\/#breadcrumb"},"inLanguage":"de","potentialAction":[{"@type":"ReadAction","target":["https:\/\/bpk-archive.de\/tuellmann\/produkt\/zwei-aeltere-strassenmusiker-auf-einer-bank\/"]}]},{"@type":"ImageObject","inLanguage":"de","@id":"https:\/\/bpk-archive.de\/tuellmann\/produkt\/zwei-aeltere-strassenmusiker-auf-einer-bank\/#primaryimage","url":"https:\/\/bpk-archive.de\/tuellmann\/wp-content\/uploads\/2019\/08\/bpk_70371249.jpg","contentUrl":"https:\/\/bpk-archive.de\/tuellmann\/wp-content\/uploads\/2019\/08\/bpk_70371249.jpg","width":1200,"height":955,"caption":"Zwei \u00e4ltere Stra\u00dfenmusiker auf einer Bank"},{"@type":"BreadcrumbList","@id":"https:\/\/bpk-archive.de\/tuellmann\/produkt\/zwei-aeltere-strassenmusiker-auf-einer-bank\/#breadcrumb","itemListElement":[{"@type":"ListItem","position":1,"name":"Startseite","item":"https:\/\/bpk-archive.de\/tuellmann\/"},{"@type":"ListItem","position":2,"name":"Shop","item":"https:\/\/bpk-archive.de\/tuellmann\/shop\/"},{"@type":"ListItem","position":3,"name":"Zwei \u00e4ltere Stra\u00dfenmusiker auf einer Bank"}]},{"@type":"WebSite","@id":"https:\/\/bpk-archive.de\/tuellmann\/#website","url":"https:\/\/bpk-archive.de\/tuellmann\/","name":"Abisag T\u00fcllmann","description":"Eine weitere WordPress-Website","potentialAction":[{"@type":"SearchAction","target":{"@type":"EntryPoint","urlTemplate":"https:\/\/bpk-archive.de\/tuellmann\/?s={search_term_string}"},"query-input":{"@type":"PropertyValueSpecification","valueRequired":true,"valueName":"search_term_string"}}],"inLanguage":"de"}]}},"_links":{"self":[{"href":"https:\/\/bpk-archive.de\/tuellmann\/wp-json\/wp\/v2\/product\/70296173","targetHints":{"allow":["GET"]}}],"collection":[{"href":"https:\/\/bpk-archive.de\/tuellmann\/wp-json\/wp\/v2\/product"}],"about":[{"href":"https:\/\/bpk-archive.de\/tuellmann\/wp-json\/wp\/v2\/types\/product"}],"wp:featuredmedia":[{"embeddable":true,"href":"https:\/\/bpk-archive.de\/tuellmann\/wp-json\/wp\/v2\/media\/70293895"}],"wp:attachment":[{"href":"https:\/\/bpk-archive.de\/tuellmann\/wp-json\/wp\/v2\/media?parent=70296173"}],"wp:term":[{"taxonomy":"product_brand","embeddable":true,"href":"https:\/\/bpk-archive.de\/tuellmann\/wp-json\/wp\/v2\/product_brand?post=70296173"},{"taxonomy":"product_cat","embeddable":true,"href":"https:\/\/bpk-archive.de\/tuellmann\/wp-json\/wp\/v2\/product_cat?post=70296173"},{"taxonomy":"product_tag","embeddable":true,"href":"https:\/\/bpk-archive.de\/tuellmann\/wp-json\/wp\/v2\/product_tag?post=70296173"}],"curies":[{"name":"wp","href":"https:\/\/api.w.org\/{rel}","templated":true}]}}