{"id":70296129,"date":"2019-09-05T15:55:58","date_gmt":"2019-09-05T13:55:58","guid":{"rendered":"http:\/\/abisagtuellmann.bpk-news.de\/atbild\/grossdemonstration-aus-solidaritaet-mit-der-chilenischen-arbeiterbewegung-und-deren-kampf-gegen-die-militaerregierung\/"},"modified":"2019-09-05T15:56:07","modified_gmt":"2019-09-05T13:56:07","slug":"grossdemonstration-aus-solidaritaet-mit-der-chilenischen-arbeiterbewegung-und-deren-kampf-gegen-die-militaerregierung","status":"publish","type":"product","link":"https:\/\/bpk-archive.de\/tuellmann\/produkt\/grossdemonstration-aus-solidaritaet-mit-der-chilenischen-arbeiterbewegung-und-deren-kampf-gegen-die-militaerregierung\/","title":{"rendered":"Gro\u00dfdemonstration aus Solidarit\u00e4t mit der chilenischen Arbeiterbewegung und deren Kampf gegen die Milit\u00e4rregierung"},"content":{"rendered":"","protected":false},"excerpt":{"rendered":"","protected":false},"featured_media":70293720,"template":"","meta":[],"product_brand":[],"product_cat":[],"product_tag":[13230,13232,13234,13231,13233,13235,51803,13777,60729,51714,60730,60731,60732,60733,60734,60735,13250,13606,13469,13470,56225,56226,56227,56228,56229,56230,56231,60736,60737,60738,13607,13608,13609,13610,13611,13612,13613,13622,13623,13624,13253,13254,13255,13256,13257,13471,13472,13260,13293,13786,13787,13294,13295,13296,13297,13485,13486,13482,13481,13483,13484,60739,60740,13492,13493,13494,13495,13496,13497,13301,60661,60662,60663,60664,60665,60666,60667,60668,60669,60670,60741,60742,60743,60744,60745,60746,60747,60748,13626,13627,13319,13320,13321,13322,13323,13328,13827,13828,13329,13330,13331,13332,48266,48267,48269,13843,13653,60749,60750,56537,13877,13879,13865,13864,13866,13858,13859,13860,13861,13862,13863,13354,13869,13870,13871,13872,14243,14244,14245,14246,14247,14248,14249,53808,56233,56234,56235,56236,56237,56238,56239,13519,13520,13521,13522,13523,13524,13876,56349,56351,56352,56353,56354,56355,56356,13878,13880,13655,13656],"class_list":{"0":"post-70296129","1":"product","2":"type-product","3":"status-publish","4":"has-post-thumbnail","6":"product_tag-1970er-jahre","7":"product_tag-20-jahrhundert-nach-chr","8":"product_tag-20-jh-n-chr","9":"product_tag-20-jahrhundert","10":"product_tag-20-jh","11":"product_tag-70er","12":"product_tag-abt_021","13":"product_tag-abzug","14":"product_tag-arbeiterbewegung","15":"product_tag-at_pressefotografie-brd","16":"product_tag-aufruhr","17":"product_tag-aufruhrs","18":"product_tag-aufstand","19":"product_tag-aufstaende","20":"product_tag-aufstandes","21":"product_tag-aufstands","22":"product_tag-aussen","23":"product_tag-banner","24":"product_tag-brd","25":"product_tag-bundesrepublik-deutschland","26":"product_tag-chile","27":"product_tag-chilenisch","28":"product_tag-chilenische","29":"product_tag-chilenischem","30":"product_tag-chilenischen","31":"product_tag-chilenischer","32":"product_tag-chilenisches","33":"product_tag-communismus","34":"product_tag-communist","35":"product_tag-communisten","36":"product_tag-demo","37":"product_tag-demonstrant","38":"product_tag-demonstranten","39":"product_tag-demonstration","40":"product_tag-demonstrationen","41":"product_tag-demonstrationsplakat","42":"product_tag-demonstrationsschild","43":"product_tag-demoplakat","44":"product_tag-demos","45":"product_tag-demoschild","46":"product_tag-deutsch","47":"product_tag-deutsche","48":"product_tag-deutschen","49":"product_tag-deutscher","50":"product_tag-deutsches","51":"product_tag-deutschland","52":"product_tag-deutschlands","53":"product_tag-draussen","54":"product_tag-foto","55":"product_tag-fotoabzug","56":"product_tag-fotoabzuege","57":"product_tag-fotografie","58":"product_tag-fotografien","59":"product_tag-fotografin","60":"product_tag-fotografinnen","61":"product_tag-frankfurt-m","62":"product_tag-frankfurt-main","63":"product_tag-frankfurt-a-main","64":"product_tag-frankfurt-a-m","65":"product_tag-frankfurt-am-main","66":"product_tag-frankfurter","67":"product_tag-grossdemo","68":"product_tag-grossdemonstration","69":"product_tag-hessen","70":"product_tag-hessisch","71":"product_tag-hessische","72":"product_tag-hessischen","73":"product_tag-hessischer","74":"product_tag-hessisches","75":"product_tag-im-freien","76":"product_tag-kampf","77":"product_tag-kaempfe","78":"product_tag-kaempfen","79":"product_tag-kaempfend","80":"product_tag-kaempfende","81":"product_tag-kaempfenden","82":"product_tag-kaempfender","83":"product_tag-kaempfendes","84":"product_tag-kampfes","85":"product_tag-kaempft","86":"product_tag-kommunismus","87":"product_tag-kommunist","88":"product_tag-kommunisten","89":"product_tag-kommunistisch","90":"product_tag-kommunistische","91":"product_tag-kommunistischen","92":"product_tag-kommunistischer","93":"product_tag-kommunistisches","94":"product_tag-kundgebung","95":"product_tag-kundgebungen","96":"product_tag-menschenansammlung","97":"product_tag-menschenauflauf","98":"product_tag-menschenmassen","99":"product_tag-menschenmenge","100":"product_tag-menschenschar","101":"product_tag-photo","102":"product_tag-photoabzug","103":"product_tag-photoabzuege","104":"product_tag-photographie","105":"product_tag-photographien","106":"product_tag-photographin","107":"product_tag-photographinnen","108":"product_tag-plakat","109":"product_tag-plakate","110":"product_tag-poster","111":"product_tag-print","112":"product_tag-protestschild","113":"product_tag-revolte","114":"product_tag-revolten","115":"product_tag-revolution","116":"product_tag-s-w-fotografie","117":"product_tag-s-w-photographie","118":"product_tag-schwarzweissphotographie","119":"product_tag-schwarz-weiss-fotografie","120":"product_tag-schwarz-weiss-photographie","121":"product_tag-schwarzweiss","122":"product_tag-schwarzweisse","123":"product_tag-schwarzweissen","124":"product_tag-schwarzweisser","125":"product_tag-schwarzweisses","126":"product_tag-schwarzweissfotografie","127":"product_tag-siebziger","128":"product_tag-silbergelatine","129":"product_tag-silbergelatineabzug","130":"product_tag-silbergelatineabzuege","131":"product_tag-silbergelatineprint","132":"product_tag-sitzen","133":"product_tag-sitzend","134":"product_tag-sitzende","135":"product_tag-sitzenden","136":"product_tag-sitzender","137":"product_tag-sitzendes","138":"product_tag-sitzt","139":"product_tag-solidaritaet","140":"product_tag-sozialismus","141":"product_tag-sozialistisch","142":"product_tag-sozialistische","143":"product_tag-sozialistischem","144":"product_tag-sozialistischen","145":"product_tag-sozialistischer","146":"product_tag-sozialistisches","147":"product_tag-stehen","148":"product_tag-stehend","149":"product_tag-stehende","150":"product_tag-stehenden","151":"product_tag-stehender","152":"product_tag-stehendes","153":"product_tag-studentenbewegung","154":"product_tag-suedamerika","155":"product_tag-suedamerikanisch","156":"product_tag-suedamerikanische","157":"product_tag-suedamerikanischen","158":"product_tag-suedamerikanischer","159":"product_tag-suedamerikanisches","160":"product_tag-suedamerikas","161":"product_tag-sw-fotografie","162":"product_tag-sw-photographie","163":"product_tag-transparent","164":"product_tag-transparente","165":"pa_datierung-september-1974","166":"pa_fotograf-abisag-tuellmann","167":"pa_geografischer_bezug-aufnahmeort-frankfurt-am-main-deutschland","168":"pa_grunddaten_material_technik-foto-silbergelatine-auf-barytpapier","169":"pa_inventarnummer-tue-74-175-20","170":"pa_jahr_von-51802","171":"pa_massangaben-bildformat-foto-303-x-232-cm","172":"pa_mediennummer-60725","173":"pa_objekt_typ-fotografie","175":"first","176":"instock","177":"product-type-simple"},"yoast_head":"<!-- This site is optimized with the Yoast SEO plugin v27.3 - https:\/\/yoast.com\/product\/yoast-seo-wordpress\/ -->\n<title>Gro\u00dfdemonstration aus Solidarit\u00e4t mit der chilenischen Arbeiterbewegung und deren Kampf gegen die Milit\u00e4rregierung - Abisag T\u00fcllmann<\/title>\n<meta name=\"robots\" content=\"index, follow, max-snippet:-1, max-image-preview:large, max-video-preview:-1\" \/>\n<link rel=\"canonical\" href=\"https:\/\/bpk-archive.de\/tuellmann\/produkt\/grossdemonstration-aus-solidaritaet-mit-der-chilenischen-arbeiterbewegung-und-deren-kampf-gegen-die-militaerregierung\/\" \/>\n<meta property=\"og:locale\" content=\"de_DE\" \/>\n<meta property=\"og:type\" content=\"article\" \/>\n<meta property=\"og:title\" content=\"Gro\u00dfdemonstration aus Solidarit\u00e4t mit der chilenischen Arbeiterbewegung und deren Kampf gegen die Milit\u00e4rregierung - Abisag T\u00fcllmann\" \/>\n<meta property=\"og:url\" content=\"https:\/\/bpk-archive.de\/tuellmann\/produkt\/grossdemonstration-aus-solidaritaet-mit-der-chilenischen-arbeiterbewegung-und-deren-kampf-gegen-die-militaerregierung\/\" \/>\n<meta property=\"og:site_name\" content=\"Abisag T\u00fcllmann\" \/>\n<meta property=\"article:modified_time\" content=\"2019-09-05T13:56:07+00:00\" \/>\n<meta property=\"og:image\" content=\"https:\/\/bpk-archive.de\/tuellmann\/wp-content\/uploads\/2019\/08\/bpk_70371054.jpg\" \/>\n\t<meta property=\"og:image:width\" content=\"929\" \/>\n\t<meta property=\"og:image:height\" content=\"1200\" \/>\n\t<meta property=\"og:image:type\" content=\"image\/jpeg\" \/>\n<meta name=\"twitter:card\" content=\"summary_large_image\" \/>\n<script type=\"application\/ld+json\" class=\"yoast-schema-graph\">{\"@context\":\"https:\\\/\\\/schema.org\",\"@graph\":[{\"@type\":\"WebPage\",\"@id\":\"https:\\\/\\\/bpk-archive.de\\\/tuellmann\\\/produkt\\\/grossdemonstration-aus-solidaritaet-mit-der-chilenischen-arbeiterbewegung-und-deren-kampf-gegen-die-militaerregierung\\\/\",\"url\":\"https:\\\/\\\/bpk-archive.de\\\/tuellmann\\\/produkt\\\/grossdemonstration-aus-solidaritaet-mit-der-chilenischen-arbeiterbewegung-und-deren-kampf-gegen-die-militaerregierung\\\/\",\"name\":\"Gro\u00dfdemonstration aus Solidarit\u00e4t mit der chilenischen Arbeiterbewegung und deren Kampf gegen die Milit\u00e4rregierung - Abisag T\u00fcllmann\",\"isPartOf\":{\"@id\":\"https:\\\/\\\/bpk-archive.de\\\/tuellmann\\\/#website\"},\"primaryImageOfPage\":{\"@id\":\"https:\\\/\\\/bpk-archive.de\\\/tuellmann\\\/produkt\\\/grossdemonstration-aus-solidaritaet-mit-der-chilenischen-arbeiterbewegung-und-deren-kampf-gegen-die-militaerregierung\\\/#primaryimage\"},\"image\":{\"@id\":\"https:\\\/\\\/bpk-archive.de\\\/tuellmann\\\/produkt\\\/grossdemonstration-aus-solidaritaet-mit-der-chilenischen-arbeiterbewegung-und-deren-kampf-gegen-die-militaerregierung\\\/#primaryimage\"},\"thumbnailUrl\":\"https:\\\/\\\/bpk-archive.de\\\/tuellmann\\\/wp-content\\\/uploads\\\/2019\\\/08\\\/bpk_70371054.jpg\",\"datePublished\":\"2019-09-05T13:55:58+00:00\",\"dateModified\":\"2019-09-05T13:56:07+00:00\",\"breadcrumb\":{\"@id\":\"https:\\\/\\\/bpk-archive.de\\\/tuellmann\\\/produkt\\\/grossdemonstration-aus-solidaritaet-mit-der-chilenischen-arbeiterbewegung-und-deren-kampf-gegen-die-militaerregierung\\\/#breadcrumb\"},\"inLanguage\":\"de\",\"potentialAction\":[{\"@type\":\"ReadAction\",\"target\":[\"https:\\\/\\\/bpk-archive.de\\\/tuellmann\\\/produkt\\\/grossdemonstration-aus-solidaritaet-mit-der-chilenischen-arbeiterbewegung-und-deren-kampf-gegen-die-militaerregierung\\\/\"]}]},{\"@type\":\"ImageObject\",\"inLanguage\":\"de\",\"@id\":\"https:\\\/\\\/bpk-archive.de\\\/tuellmann\\\/produkt\\\/grossdemonstration-aus-solidaritaet-mit-der-chilenischen-arbeiterbewegung-und-deren-kampf-gegen-die-militaerregierung\\\/#primaryimage\",\"url\":\"https:\\\/\\\/bpk-archive.de\\\/tuellmann\\\/wp-content\\\/uploads\\\/2019\\\/08\\\/bpk_70371054.jpg\",\"contentUrl\":\"https:\\\/\\\/bpk-archive.de\\\/tuellmann\\\/wp-content\\\/uploads\\\/2019\\\/08\\\/bpk_70371054.jpg\",\"width\":929,\"height\":1200,\"caption\":\"Gro\u00dfdemonstration aus Solidarit\u00e4t mit der chilenischen Arbeiterbewegung und deren Kampf gegen die Milit\u00e4rregierung\"},{\"@type\":\"BreadcrumbList\",\"@id\":\"https:\\\/\\\/bpk-archive.de\\\/tuellmann\\\/produkt\\\/grossdemonstration-aus-solidaritaet-mit-der-chilenischen-arbeiterbewegung-und-deren-kampf-gegen-die-militaerregierung\\\/#breadcrumb\",\"itemListElement\":[{\"@type\":\"ListItem\",\"position\":1,\"name\":\"Startseite\",\"item\":\"https:\\\/\\\/bpk-archive.de\\\/tuellmann\\\/\"},{\"@type\":\"ListItem\",\"position\":2,\"name\":\"Shop\",\"item\":\"https:\\\/\\\/bpk-archive.de\\\/tuellmann\\\/shop\\\/\"},{\"@type\":\"ListItem\",\"position\":3,\"name\":\"Gro\u00dfdemonstration aus Solidarit\u00e4t mit der chilenischen Arbeiterbewegung und deren Kampf gegen die Milit\u00e4rregierung\"}]},{\"@type\":\"WebSite\",\"@id\":\"https:\\\/\\\/bpk-archive.de\\\/tuellmann\\\/#website\",\"url\":\"https:\\\/\\\/bpk-archive.de\\\/tuellmann\\\/\",\"name\":\"Abisag T\u00fcllmann\",\"description\":\"Eine weitere WordPress-Website\",\"potentialAction\":[{\"@type\":\"SearchAction\",\"target\":{\"@type\":\"EntryPoint\",\"urlTemplate\":\"https:\\\/\\\/bpk-archive.de\\\/tuellmann\\\/?s={search_term_string}\"},\"query-input\":{\"@type\":\"PropertyValueSpecification\",\"valueRequired\":true,\"valueName\":\"search_term_string\"}}],\"inLanguage\":\"de\"}]}<\/script>\n<!-- \/ Yoast SEO plugin. -->","yoast_head_json":{"title":"Gro\u00dfdemonstration aus Solidarit\u00e4t mit der chilenischen Arbeiterbewegung und deren Kampf gegen die Milit\u00e4rregierung - Abisag T\u00fcllmann","robots":{"index":"index","follow":"follow","max-snippet":"max-snippet:-1","max-image-preview":"max-image-preview:large","max-video-preview":"max-video-preview:-1"},"canonical":"https:\/\/bpk-archive.de\/tuellmann\/produkt\/grossdemonstration-aus-solidaritaet-mit-der-chilenischen-arbeiterbewegung-und-deren-kampf-gegen-die-militaerregierung\/","og_locale":"de_DE","og_type":"article","og_title":"Gro\u00dfdemonstration aus Solidarit\u00e4t mit der chilenischen Arbeiterbewegung und deren Kampf gegen die Milit\u00e4rregierung - Abisag T\u00fcllmann","og_url":"https:\/\/bpk-archive.de\/tuellmann\/produkt\/grossdemonstration-aus-solidaritaet-mit-der-chilenischen-arbeiterbewegung-und-deren-kampf-gegen-die-militaerregierung\/","og_site_name":"Abisag T\u00fcllmann","article_modified_time":"2019-09-05T13:56:07+00:00","og_image":[{"width":929,"height":1200,"url":"https:\/\/bpk-archive.de\/tuellmann\/wp-content\/uploads\/2019\/08\/bpk_70371054.jpg","type":"image\/jpeg"}],"twitter_card":"summary_large_image","schema":{"@context":"https:\/\/schema.org","@graph":[{"@type":"WebPage","@id":"https:\/\/bpk-archive.de\/tuellmann\/produkt\/grossdemonstration-aus-solidaritaet-mit-der-chilenischen-arbeiterbewegung-und-deren-kampf-gegen-die-militaerregierung\/","url":"https:\/\/bpk-archive.de\/tuellmann\/produkt\/grossdemonstration-aus-solidaritaet-mit-der-chilenischen-arbeiterbewegung-und-deren-kampf-gegen-die-militaerregierung\/","name":"Gro\u00dfdemonstration aus Solidarit\u00e4t mit der chilenischen Arbeiterbewegung und deren Kampf gegen die Milit\u00e4rregierung - Abisag T\u00fcllmann","isPartOf":{"@id":"https:\/\/bpk-archive.de\/tuellmann\/#website"},"primaryImageOfPage":{"@id":"https:\/\/bpk-archive.de\/tuellmann\/produkt\/grossdemonstration-aus-solidaritaet-mit-der-chilenischen-arbeiterbewegung-und-deren-kampf-gegen-die-militaerregierung\/#primaryimage"},"image":{"@id":"https:\/\/bpk-archive.de\/tuellmann\/produkt\/grossdemonstration-aus-solidaritaet-mit-der-chilenischen-arbeiterbewegung-und-deren-kampf-gegen-die-militaerregierung\/#primaryimage"},"thumbnailUrl":"https:\/\/bpk-archive.de\/tuellmann\/wp-content\/uploads\/2019\/08\/bpk_70371054.jpg","datePublished":"2019-09-05T13:55:58+00:00","dateModified":"2019-09-05T13:56:07+00:00","breadcrumb":{"@id":"https:\/\/bpk-archive.de\/tuellmann\/produkt\/grossdemonstration-aus-solidaritaet-mit-der-chilenischen-arbeiterbewegung-und-deren-kampf-gegen-die-militaerregierung\/#breadcrumb"},"inLanguage":"de","potentialAction":[{"@type":"ReadAction","target":["https:\/\/bpk-archive.de\/tuellmann\/produkt\/grossdemonstration-aus-solidaritaet-mit-der-chilenischen-arbeiterbewegung-und-deren-kampf-gegen-die-militaerregierung\/"]}]},{"@type":"ImageObject","inLanguage":"de","@id":"https:\/\/bpk-archive.de\/tuellmann\/produkt\/grossdemonstration-aus-solidaritaet-mit-der-chilenischen-arbeiterbewegung-und-deren-kampf-gegen-die-militaerregierung\/#primaryimage","url":"https:\/\/bpk-archive.de\/tuellmann\/wp-content\/uploads\/2019\/08\/bpk_70371054.jpg","contentUrl":"https:\/\/bpk-archive.de\/tuellmann\/wp-content\/uploads\/2019\/08\/bpk_70371054.jpg","width":929,"height":1200,"caption":"Gro\u00dfdemonstration aus Solidarit\u00e4t mit der chilenischen Arbeiterbewegung und deren Kampf gegen die Milit\u00e4rregierung"},{"@type":"BreadcrumbList","@id":"https:\/\/bpk-archive.de\/tuellmann\/produkt\/grossdemonstration-aus-solidaritaet-mit-der-chilenischen-arbeiterbewegung-und-deren-kampf-gegen-die-militaerregierung\/#breadcrumb","itemListElement":[{"@type":"ListItem","position":1,"name":"Startseite","item":"https:\/\/bpk-archive.de\/tuellmann\/"},{"@type":"ListItem","position":2,"name":"Shop","item":"https:\/\/bpk-archive.de\/tuellmann\/shop\/"},{"@type":"ListItem","position":3,"name":"Gro\u00dfdemonstration aus Solidarit\u00e4t mit der chilenischen Arbeiterbewegung und deren Kampf gegen die Milit\u00e4rregierung"}]},{"@type":"WebSite","@id":"https:\/\/bpk-archive.de\/tuellmann\/#website","url":"https:\/\/bpk-archive.de\/tuellmann\/","name":"Abisag T\u00fcllmann","description":"Eine weitere WordPress-Website","potentialAction":[{"@type":"SearchAction","target":{"@type":"EntryPoint","urlTemplate":"https:\/\/bpk-archive.de\/tuellmann\/?s={search_term_string}"},"query-input":{"@type":"PropertyValueSpecification","valueRequired":true,"valueName":"search_term_string"}}],"inLanguage":"de"}]}},"_links":{"self":[{"href":"https:\/\/bpk-archive.de\/tuellmann\/wp-json\/wp\/v2\/product\/70296129","targetHints":{"allow":["GET"]}}],"collection":[{"href":"https:\/\/bpk-archive.de\/tuellmann\/wp-json\/wp\/v2\/product"}],"about":[{"href":"https:\/\/bpk-archive.de\/tuellmann\/wp-json\/wp\/v2\/types\/product"}],"wp:featuredmedia":[{"embeddable":true,"href":"https:\/\/bpk-archive.de\/tuellmann\/wp-json\/wp\/v2\/media\/70293720"}],"wp:attachment":[{"href":"https:\/\/bpk-archive.de\/tuellmann\/wp-json\/wp\/v2\/media?parent=70296129"}],"wp:term":[{"taxonomy":"product_brand","embeddable":true,"href":"https:\/\/bpk-archive.de\/tuellmann\/wp-json\/wp\/v2\/product_brand?post=70296129"},{"taxonomy":"product_cat","embeddable":true,"href":"https:\/\/bpk-archive.de\/tuellmann\/wp-json\/wp\/v2\/product_cat?post=70296129"},{"taxonomy":"product_tag","embeddable":true,"href":"https:\/\/bpk-archive.de\/tuellmann\/wp-json\/wp\/v2\/product_tag?post=70296129"}],"curies":[{"name":"wp","href":"https:\/\/api.w.org\/{rel}","templated":true}]}}