{"id":70296124,"date":"2019-09-05T15:55:58","date_gmt":"2019-09-05T13:55:58","guid":{"rendered":"http:\/\/abisagtuellmann.bpk-news.de\/atbild\/strassenszene-mit-coca-cola-werbung-in-syrakus-italien\/"},"modified":"2019-09-05T15:56:03","modified_gmt":"2019-09-05T13:56:03","slug":"strassenszene-mit-coca-cola-werbung-in-syrakus-italien","status":"publish","type":"product","link":"https:\/\/bpk-archive.de\/tuellmann\/produkt\/strassenszene-mit-coca-cola-werbung-in-syrakus-italien\/","title":{"rendered":"Stra\u00dfenszene mit Coca-Cola-Werbung in Syrakus, Italien"},"content":{"rendered":"<p>R\u00fcckseitenbeschriftung von Hand der Fotografin: &#8222;Syrakus&#8220;<\/p>\n","protected":false},"excerpt":{"rendered":"<p>R\u00fcckseitenbeschriftung von Hand der Fotografin: &#8222;Syrakus&#8220;<\/p>\n","protected":false},"featured_media":70293710,"template":"","meta":[],"product_brand":[],"product_cat":[],"product_tag":[13774,13232,13234,13231,13233,13775,51803,13777,47541,47542,47543,47544,47545,47546,14316,55971,13250,49019,49020,52917,13253,13254,13255,13256,13257,13260,52626,52627,52628,52629,13293,13786,13787,13294,13295,13296,13297,47556,47375,47376,49214,49215,49063,47383,47384,47385,47386,13301,51508,51509,53313,53314,51510,51511,51512,51513,51514,51515,51516,51235,50411,50412,47767,47768,47773,47774,47775,47776,47777,51518,51519,51520,51521,51522,51523,51524,47561,47562,47395,47396,13328,13827,13828,13329,13330,13331,13332,13843,49046,49047,52962,52963,52064,52065,52066,52067,52068,13877,13879,13345,13865,13864,13866,13858,13859,13860,13861,13862,13863,13867,13869,13870,13871,13872,60683,60684,60685,60686,60687,60688,60689,60690,60691,49236,48165,48166,47408,47409,51537,51538,51539,51540,51541,51542,51543,51544,57745,57746,57747,57749,57750,60692,60693,57751,57752,13878,13880,48286,48287,48288,48289,60694,60695,60696,60697,49048,47504,47505,47506],"class_list":{"0":"post-70296124","1":"product","2":"type-product","3":"status-publish","4":"has-post-thumbnail","6":"product_tag-1960er-jahre","7":"product_tag-20-jahrhundert-nach-chr","8":"product_tag-20-jh-n-chr","9":"product_tag-20-jahrhundert","10":"product_tag-20-jh","11":"product_tag-60er","12":"product_tag-abt_021","13":"product_tag-abzug","14":"product_tag-alltag","15":"product_tag-alltaeglich","16":"product_tag-alltaegliche","17":"product_tag-alltaeglicher","18":"product_tag-alltaegliches","19":"product_tag-alltagsleben","20":"product_tag-armut","21":"product_tag-at_coca-cola","22":"product_tag-aussen","23":"product_tag-aussenreklame","24":"product_tag-aussenwerbung","25":"product_tag-coca-cola","26":"product_tag-deutsch","27":"product_tag-deutsche","28":"product_tag-deutschen","29":"product_tag-deutscher","30":"product_tag-deutsches","31":"product_tag-draussen","32":"product_tag-erfrischungsgetraenk","33":"product_tag-erfrischungsgetraenke","34":"product_tag-erfrischungsgetraenkes","35":"product_tag-erfrischungsgetraenks","36":"product_tag-foto","37":"product_tag-fotoabzug","38":"product_tag-fotoabzuege","39":"product_tag-fotografie","40":"product_tag-fotografien","41":"product_tag-fotografin","42":"product_tag-fotografinnen","43":"product_tag-fussgaenger","44":"product_tag-fussgaengerin","45":"product_tag-fussgaengerinnen","46":"product_tag-gegensatz","47":"product_tag-gegensaetze","48":"product_tag-grossplakat","49":"product_tag-haus","50":"product_tag-haeuser","51":"product_tag-haeusern","52":"product_tag-hauses","53":"product_tag-im-freien","54":"product_tag-italien","55":"product_tag-italiener","56":"product_tag-italienerin","57":"product_tag-italienerinnen","58":"product_tag-italienern","59":"product_tag-italienisch","60":"product_tag-italienische","61":"product_tag-italienischen","62":"product_tag-italienischer","63":"product_tag-italienisches","64":"product_tag-italiens","65":"product_tag-kleinstadt","66":"product_tag-kontrast","67":"product_tag-kontraste","68":"product_tag-markt","69":"product_tag-maerkte","70":"product_tag-marktstand","71":"product_tag-marktstaende","72":"product_tag-marktszene","73":"product_tag-marktszenen","74":"product_tag-markttreiben","75":"product_tag-mediterran","76":"product_tag-mediterrane","77":"product_tag-mediterranen","78":"product_tag-mediterraner","79":"product_tag-mediterranes","80":"product_tag-mittelmeerland","81":"product_tag-mittelmeerlaender","82":"product_tag-passant","83":"product_tag-passanten","84":"product_tag-passantin","85":"product_tag-passantinnen","86":"product_tag-photo","87":"product_tag-photoabzug","88":"product_tag-photoabzuege","89":"product_tag-photographie","90":"product_tag-photographien","91":"product_tag-photographin","92":"product_tag-photographinnen","93":"product_tag-print","94":"product_tag-reclame","95":"product_tag-reklame","96":"product_tag-reklameschild","97":"product_tag-reklameschilder","98":"product_tag-rueckstaendig","99":"product_tag-rueckstaendige","100":"product_tag-rueckstaendigen","101":"product_tag-rueckstaendiger","102":"product_tag-rueckstaendiges","103":"product_tag-s-w-fotografie","104":"product_tag-s-w-photographie","105":"product_tag-schriftzug","106":"product_tag-schwarzweissphotographie","107":"product_tag-schwarz-weiss-fotografie","108":"product_tag-schwarz-weiss-photographie","109":"product_tag-schwarzweiss","110":"product_tag-schwarzweisse","111":"product_tag-schwarzweissen","112":"product_tag-schwarzweisser","113":"product_tag-schwarzweisses","114":"product_tag-schwarzweissfotografie","115":"product_tag-sechziger","116":"product_tag-silbergelatine","117":"product_tag-silbergelatineabzug","118":"product_tag-silbergelatineabzuege","119":"product_tag-silbergelatineprint","120":"product_tag-sizilianer","121":"product_tag-sizilianerin","122":"product_tag-sizilianerinnen","123":"product_tag-sizilianisch","124":"product_tag-sizilianische","125":"product_tag-sizilianischen","126":"product_tag-sizilianischer","127":"product_tag-sizilianisches","128":"product_tag-sizilien","129":"product_tag-slogan","130":"product_tag-strasse","131":"product_tag-strassen","132":"product_tag-strassenleben","133":"product_tag-strassenszene","134":"product_tag-suedeuropa","135":"product_tag-suedeuropaeer","136":"product_tag-suedeuropaeisch","137":"product_tag-suedeuropaeische","138":"product_tag-suedeuropaeischem","139":"product_tag-suedeuropaeischen","140":"product_tag-suedeuropaeischer","141":"product_tag-suedeuropaeisches","142":"product_tag-sueditalien","143":"product_tag-sueditaliener","144":"product_tag-sueditalienerin","145":"product_tag-sueditalienisch","146":"product_tag-sueditalienische","147":"product_tag-sueditalienischem","148":"product_tag-sueditalienischen","149":"product_tag-sueditalienischer","150":"product_tag-sueditalienisches","151":"product_tag-sw-fotografie","152":"product_tag-sw-photographie","153":"product_tag-werbeplakat","154":"product_tag-werbeplakate","155":"product_tag-werbeschild","156":"product_tag-werbeschilder","157":"product_tag-werbeslogan","158":"product_tag-werbespruch","159":"product_tag-werbesprueche","160":"product_tag-werbslogans","161":"product_tag-werbung","162":"product_tag-wohngebaeude","163":"product_tag-wohnhaus","164":"product_tag-wohnhaeuser","165":"pa_datierung-1960er-jahre","166":"pa_fotograf-abisag-tuellmann","167":"pa_geografischer_bezug-aufnahmeort-syrakus-italien","168":"pa_grunddaten_material_technik-foto-silbergelatine-auf-barytpapier","169":"pa_jahr_von-1960er-jahre","170":"pa_massangaben-bildformat-foto-236-x-292-cm","171":"pa_mediennummer-60681","172":"pa_objekt_typ-fotografie","174":"first","175":"instock","176":"product-type-simple"},"yoast_head":"<!-- This site is optimized with the Yoast SEO plugin v27.4 - https:\/\/yoast.com\/product\/yoast-seo-wordpress\/ -->\n<title>Stra\u00dfenszene mit Coca-Cola-Werbung in Syrakus, Italien - Abisag T\u00fcllmann<\/title>\n<meta name=\"robots\" content=\"index, follow, max-snippet:-1, max-image-preview:large, max-video-preview:-1\" \/>\n<link rel=\"canonical\" href=\"https:\/\/bpk-archive.de\/tuellmann\/produkt\/strassenszene-mit-coca-cola-werbung-in-syrakus-italien\/\" \/>\n<meta property=\"og:locale\" content=\"de_DE\" \/>\n<meta property=\"og:type\" content=\"article\" \/>\n<meta property=\"og:title\" content=\"Stra\u00dfenszene mit Coca-Cola-Werbung in Syrakus, Italien - Abisag T\u00fcllmann\" \/>\n<meta property=\"og:description\" content=\"R\u00fcckseitenbeschriftung von Hand der Fotografin: &#8222;Syrakus&#8220;\" \/>\n<meta property=\"og:url\" content=\"https:\/\/bpk-archive.de\/tuellmann\/produkt\/strassenszene-mit-coca-cola-werbung-in-syrakus-italien\/\" \/>\n<meta property=\"og:site_name\" content=\"Abisag T\u00fcllmann\" \/>\n<meta property=\"article:modified_time\" content=\"2019-09-05T13:56:03+00:00\" \/>\n<meta property=\"og:image\" content=\"https:\/\/bpk-archive.de\/tuellmann\/wp-content\/uploads\/2019\/08\/bpk_70371049.jpg\" \/>\n\t<meta property=\"og:image:width\" content=\"1200\" \/>\n\t<meta property=\"og:image:height\" content=\"976\" \/>\n\t<meta property=\"og:image:type\" content=\"image\/jpeg\" \/>\n<meta name=\"twitter:card\" content=\"summary_large_image\" \/>\n<script type=\"application\/ld+json\" class=\"yoast-schema-graph\">{\"@context\":\"https:\\\/\\\/schema.org\",\"@graph\":[{\"@type\":\"WebPage\",\"@id\":\"https:\\\/\\\/bpk-archive.de\\\/tuellmann\\\/produkt\\\/strassenszene-mit-coca-cola-werbung-in-syrakus-italien\\\/\",\"url\":\"https:\\\/\\\/bpk-archive.de\\\/tuellmann\\\/produkt\\\/strassenszene-mit-coca-cola-werbung-in-syrakus-italien\\\/\",\"name\":\"Stra\u00dfenszene mit Coca-Cola-Werbung in Syrakus, Italien - Abisag T\u00fcllmann\",\"isPartOf\":{\"@id\":\"https:\\\/\\\/bpk-archive.de\\\/tuellmann\\\/#website\"},\"primaryImageOfPage\":{\"@id\":\"https:\\\/\\\/bpk-archive.de\\\/tuellmann\\\/produkt\\\/strassenszene-mit-coca-cola-werbung-in-syrakus-italien\\\/#primaryimage\"},\"image\":{\"@id\":\"https:\\\/\\\/bpk-archive.de\\\/tuellmann\\\/produkt\\\/strassenszene-mit-coca-cola-werbung-in-syrakus-italien\\\/#primaryimage\"},\"thumbnailUrl\":\"https:\\\/\\\/bpk-archive.de\\\/tuellmann\\\/wp-content\\\/uploads\\\/2019\\\/08\\\/bpk_70371049.jpg\",\"datePublished\":\"2019-09-05T13:55:58+00:00\",\"dateModified\":\"2019-09-05T13:56:03+00:00\",\"breadcrumb\":{\"@id\":\"https:\\\/\\\/bpk-archive.de\\\/tuellmann\\\/produkt\\\/strassenszene-mit-coca-cola-werbung-in-syrakus-italien\\\/#breadcrumb\"},\"inLanguage\":\"de\",\"potentialAction\":[{\"@type\":\"ReadAction\",\"target\":[\"https:\\\/\\\/bpk-archive.de\\\/tuellmann\\\/produkt\\\/strassenszene-mit-coca-cola-werbung-in-syrakus-italien\\\/\"]}]},{\"@type\":\"ImageObject\",\"inLanguage\":\"de\",\"@id\":\"https:\\\/\\\/bpk-archive.de\\\/tuellmann\\\/produkt\\\/strassenszene-mit-coca-cola-werbung-in-syrakus-italien\\\/#primaryimage\",\"url\":\"https:\\\/\\\/bpk-archive.de\\\/tuellmann\\\/wp-content\\\/uploads\\\/2019\\\/08\\\/bpk_70371049.jpg\",\"contentUrl\":\"https:\\\/\\\/bpk-archive.de\\\/tuellmann\\\/wp-content\\\/uploads\\\/2019\\\/08\\\/bpk_70371049.jpg\",\"width\":1200,\"height\":976,\"caption\":\"Stra\u00dfenszene mit Coca-Cola-Werbung in Syrakus, Italien\"},{\"@type\":\"BreadcrumbList\",\"@id\":\"https:\\\/\\\/bpk-archive.de\\\/tuellmann\\\/produkt\\\/strassenszene-mit-coca-cola-werbung-in-syrakus-italien\\\/#breadcrumb\",\"itemListElement\":[{\"@type\":\"ListItem\",\"position\":1,\"name\":\"Startseite\",\"item\":\"https:\\\/\\\/bpk-archive.de\\\/tuellmann\\\/\"},{\"@type\":\"ListItem\",\"position\":2,\"name\":\"Shop\",\"item\":\"https:\\\/\\\/bpk-archive.de\\\/tuellmann\\\/shop\\\/\"},{\"@type\":\"ListItem\",\"position\":3,\"name\":\"Stra\u00dfenszene mit Coca-Cola-Werbung in Syrakus, Italien\"}]},{\"@type\":\"WebSite\",\"@id\":\"https:\\\/\\\/bpk-archive.de\\\/tuellmann\\\/#website\",\"url\":\"https:\\\/\\\/bpk-archive.de\\\/tuellmann\\\/\",\"name\":\"Abisag T\u00fcllmann\",\"description\":\"Eine weitere WordPress-Website\",\"potentialAction\":[{\"@type\":\"SearchAction\",\"target\":{\"@type\":\"EntryPoint\",\"urlTemplate\":\"https:\\\/\\\/bpk-archive.de\\\/tuellmann\\\/?s={search_term_string}\"},\"query-input\":{\"@type\":\"PropertyValueSpecification\",\"valueRequired\":true,\"valueName\":\"search_term_string\"}}],\"inLanguage\":\"de\"}]}<\/script>\n<!-- \/ Yoast SEO plugin. -->","yoast_head_json":{"title":"Stra\u00dfenszene mit Coca-Cola-Werbung in Syrakus, Italien - Abisag T\u00fcllmann","robots":{"index":"index","follow":"follow","max-snippet":"max-snippet:-1","max-image-preview":"max-image-preview:large","max-video-preview":"max-video-preview:-1"},"canonical":"https:\/\/bpk-archive.de\/tuellmann\/produkt\/strassenszene-mit-coca-cola-werbung-in-syrakus-italien\/","og_locale":"de_DE","og_type":"article","og_title":"Stra\u00dfenszene mit Coca-Cola-Werbung in Syrakus, Italien - Abisag T\u00fcllmann","og_description":"R\u00fcckseitenbeschriftung von Hand der Fotografin: &#8222;Syrakus&#8220;","og_url":"https:\/\/bpk-archive.de\/tuellmann\/produkt\/strassenszene-mit-coca-cola-werbung-in-syrakus-italien\/","og_site_name":"Abisag T\u00fcllmann","article_modified_time":"2019-09-05T13:56:03+00:00","og_image":[{"width":1200,"height":976,"url":"https:\/\/bpk-archive.de\/tuellmann\/wp-content\/uploads\/2019\/08\/bpk_70371049.jpg","type":"image\/jpeg"}],"twitter_card":"summary_large_image","schema":{"@context":"https:\/\/schema.org","@graph":[{"@type":"WebPage","@id":"https:\/\/bpk-archive.de\/tuellmann\/produkt\/strassenszene-mit-coca-cola-werbung-in-syrakus-italien\/","url":"https:\/\/bpk-archive.de\/tuellmann\/produkt\/strassenszene-mit-coca-cola-werbung-in-syrakus-italien\/","name":"Stra\u00dfenszene mit Coca-Cola-Werbung in Syrakus, Italien - Abisag T\u00fcllmann","isPartOf":{"@id":"https:\/\/bpk-archive.de\/tuellmann\/#website"},"primaryImageOfPage":{"@id":"https:\/\/bpk-archive.de\/tuellmann\/produkt\/strassenszene-mit-coca-cola-werbung-in-syrakus-italien\/#primaryimage"},"image":{"@id":"https:\/\/bpk-archive.de\/tuellmann\/produkt\/strassenszene-mit-coca-cola-werbung-in-syrakus-italien\/#primaryimage"},"thumbnailUrl":"https:\/\/bpk-archive.de\/tuellmann\/wp-content\/uploads\/2019\/08\/bpk_70371049.jpg","datePublished":"2019-09-05T13:55:58+00:00","dateModified":"2019-09-05T13:56:03+00:00","breadcrumb":{"@id":"https:\/\/bpk-archive.de\/tuellmann\/produkt\/strassenszene-mit-coca-cola-werbung-in-syrakus-italien\/#breadcrumb"},"inLanguage":"de","potentialAction":[{"@type":"ReadAction","target":["https:\/\/bpk-archive.de\/tuellmann\/produkt\/strassenszene-mit-coca-cola-werbung-in-syrakus-italien\/"]}]},{"@type":"ImageObject","inLanguage":"de","@id":"https:\/\/bpk-archive.de\/tuellmann\/produkt\/strassenszene-mit-coca-cola-werbung-in-syrakus-italien\/#primaryimage","url":"https:\/\/bpk-archive.de\/tuellmann\/wp-content\/uploads\/2019\/08\/bpk_70371049.jpg","contentUrl":"https:\/\/bpk-archive.de\/tuellmann\/wp-content\/uploads\/2019\/08\/bpk_70371049.jpg","width":1200,"height":976,"caption":"Stra\u00dfenszene mit Coca-Cola-Werbung in Syrakus, Italien"},{"@type":"BreadcrumbList","@id":"https:\/\/bpk-archive.de\/tuellmann\/produkt\/strassenszene-mit-coca-cola-werbung-in-syrakus-italien\/#breadcrumb","itemListElement":[{"@type":"ListItem","position":1,"name":"Startseite","item":"https:\/\/bpk-archive.de\/tuellmann\/"},{"@type":"ListItem","position":2,"name":"Shop","item":"https:\/\/bpk-archive.de\/tuellmann\/shop\/"},{"@type":"ListItem","position":3,"name":"Stra\u00dfenszene mit Coca-Cola-Werbung in Syrakus, Italien"}]},{"@type":"WebSite","@id":"https:\/\/bpk-archive.de\/tuellmann\/#website","url":"https:\/\/bpk-archive.de\/tuellmann\/","name":"Abisag T\u00fcllmann","description":"Eine weitere WordPress-Website","potentialAction":[{"@type":"SearchAction","target":{"@type":"EntryPoint","urlTemplate":"https:\/\/bpk-archive.de\/tuellmann\/?s={search_term_string}"},"query-input":{"@type":"PropertyValueSpecification","valueRequired":true,"valueName":"search_term_string"}}],"inLanguage":"de"}]}},"_links":{"self":[{"href":"https:\/\/bpk-archive.de\/tuellmann\/wp-json\/wp\/v2\/product\/70296124","targetHints":{"allow":["GET"]}}],"collection":[{"href":"https:\/\/bpk-archive.de\/tuellmann\/wp-json\/wp\/v2\/product"}],"about":[{"href":"https:\/\/bpk-archive.de\/tuellmann\/wp-json\/wp\/v2\/types\/product"}],"wp:featuredmedia":[{"embeddable":true,"href":"https:\/\/bpk-archive.de\/tuellmann\/wp-json\/wp\/v2\/media\/70293710"}],"wp:attachment":[{"href":"https:\/\/bpk-archive.de\/tuellmann\/wp-json\/wp\/v2\/media?parent=70296124"}],"wp:term":[{"taxonomy":"product_brand","embeddable":true,"href":"https:\/\/bpk-archive.de\/tuellmann\/wp-json\/wp\/v2\/product_brand?post=70296124"},{"taxonomy":"product_cat","embeddable":true,"href":"https:\/\/bpk-archive.de\/tuellmann\/wp-json\/wp\/v2\/product_cat?post=70296124"},{"taxonomy":"product_tag","embeddable":true,"href":"https:\/\/bpk-archive.de\/tuellmann\/wp-json\/wp\/v2\/product_tag?post=70296124"}],"curies":[{"name":"wp","href":"https:\/\/api.w.org\/{rel}","templated":true}]}}