{"id":70296062,"date":"2019-09-05T15:25:35","date_gmt":"2019-09-05T13:25:35","guid":{"rendered":"http:\/\/abisagtuellmann.bpk-news.de\/atbild\/maennliche-gaeste-in-einem-fruehstueckslokal\/"},"modified":"2019-09-05T15:25:41","modified_gmt":"2019-09-05T13:25:41","slug":"maennliche-gaeste-in-einem-fruehstueckslokal","status":"publish","type":"product","link":"https:\/\/bpk-archive.de\/tuellmann\/produkt\/maennliche-gaeste-in-einem-fruehstueckslokal\/","title":{"rendered":"M\u00e4nnliche G\u00e4ste in einem Fr\u00fchst\u00fcckslokal"},"content":{"rendered":"","protected":false},"excerpt":{"rendered":"","protected":false},"featured_media":70293706,"template":"","meta":[],"product_brand":[],"product_cat":[],"product_tag":[13774,13232,13234,13231,13233,13775,59588,13777,13604,13605,13778,13469,13470,14060,14061,13253,13254,13255,13256,13257,13471,13472,13473,13293,13786,13787,13294,13295,13296,13297,13485,13486,13482,13481,13483,13484,48621,48622,48623,55715,13979,13980,13981,50037,50038,56313,56314,50039,50040,56315,56316,13492,13493,13494,13495,13496,13497,13498,55505,55506,51382,49747,49748,49749,49750,49751,49752,49753,48778,48779,13818,13819,13826,13328,13827,13828,13329,13330,13331,13332,13843,48677,14073,14074,14075,14076,14077,48678,50041,50042,13877,13879,50043,50044,50045,50046,57571,13865,13864,13866,13858,13859,13860,13861,13862,13863,13867,13869,13870,13871,13872,14243,14244,14245,14246,14247,14248,14249,13878,13880,50047,50048,13525,50055,50056,50018,50019,55994,53951,14081,14082,48686],"class_list":{"0":"post-70296062","1":"product","2":"type-product","3":"status-publish","4":"has-post-thumbnail","6":"product_tag-1960er-jahre","7":"product_tag-20-jahrhundert-nach-chr","8":"product_tag-20-jh-n-chr","9":"product_tag-20-jahrhundert","10":"product_tag-20-jh","11":"product_tag-60er","12":"product_tag-abt_019","13":"product_tag-abzug","14":"product_tag-arbeiter","15":"product_tag-arbeitern","16":"product_tag-at_konsum-freizeit","17":"product_tag-brd","18":"product_tag-bundesrepublik-deutschland","19":"product_tag-cigarette","20":"product_tag-cigaretten","21":"product_tag-deutsch","22":"product_tag-deutsche","23":"product_tag-deutschen","24":"product_tag-deutscher","25":"product_tag-deutsches","26":"product_tag-deutschland","27":"product_tag-deutschlands","28":"product_tag-drinnen","29":"product_tag-foto","30":"product_tag-fotoabzug","31":"product_tag-fotoabzuege","32":"product_tag-fotografie","33":"product_tag-fotografien","34":"product_tag-fotografin","35":"product_tag-fotografinnen","36":"product_tag-frankfurt-m","37":"product_tag-frankfurt-main","38":"product_tag-frankfurt-a-main","39":"product_tag-frankfurt-a-m","40":"product_tag-frankfurt-am-main","41":"product_tag-frankfurter","42":"product_tag-freizeit","43":"product_tag-freizeitbeschaeftigung","44":"product_tag-freizeitgestaltung","45":"product_tag-fruehstueck","46":"product_tag-gast","47":"product_tag-gaeste","48":"product_tag-gaesten","49":"product_tag-gasthaus","50":"product_tag-gasthaeuser","51":"product_tag-gasthof","52":"product_tag-gasthoefe","53":"product_tag-gaststaette","54":"product_tag-gaststaetten","55":"product_tag-gastwirtschaft","56":"product_tag-gastwirtschaften","57":"product_tag-hessen","58":"product_tag-hessisch","59":"product_tag-hessische","60":"product_tag-hessischen","61":"product_tag-hessischer","62":"product_tag-hessisches","63":"product_tag-innen","64":"product_tag-kaffeetasse","65":"product_tag-kaffeetassen","66":"product_tag-kaffeetrinken","67":"product_tag-lektuere","68":"product_tag-lesen","69":"product_tag-lesend","70":"product_tag-lesende","71":"product_tag-lesenden","72":"product_tag-lesender","73":"product_tag-lesendes","74":"product_tag-lokal","75":"product_tag-lokale","76":"product_tag-mann","77":"product_tag-maenner","78":"product_tag-mannes","79":"product_tag-photo","80":"product_tag-photoabzug","81":"product_tag-photoabzuege","82":"product_tag-photographie","83":"product_tag-photographien","84":"product_tag-photographin","85":"product_tag-photographinnen","86":"product_tag-print","87":"product_tag-rauchen","88":"product_tag-rauchend","89":"product_tag-rauchende","90":"product_tag-rauchenden","91":"product_tag-rauchender","92":"product_tag-rauchendes","93":"product_tag-raucher","94":"product_tag-restaurant","95":"product_tag-restaurants","96":"product_tag-s-w-fotografie","97":"product_tag-s-w-photographie","98":"product_tag-schaenke","99":"product_tag-schaenken","100":"product_tag-schenke","101":"product_tag-schenken","102":"product_tag-schnellrestaurant","103":"product_tag-schwarzweissphotographie","104":"product_tag-schwarz-weiss-fotografie","105":"product_tag-schwarz-weiss-photographie","106":"product_tag-schwarzweiss","107":"product_tag-schwarzweisse","108":"product_tag-schwarzweissen","109":"product_tag-schwarzweisser","110":"product_tag-schwarzweisses","111":"product_tag-schwarzweissfotografie","112":"product_tag-sechziger","113":"product_tag-silbergelatine","114":"product_tag-silbergelatineabzug","115":"product_tag-silbergelatineabzuege","116":"product_tag-silbergelatineprint","117":"product_tag-sitzen","118":"product_tag-sitzend","119":"product_tag-sitzende","120":"product_tag-sitzenden","121":"product_tag-sitzender","122":"product_tag-sitzendes","123":"product_tag-sitzt","124":"product_tag-sw-fotografie","125":"product_tag-sw-photographie","126":"product_tag-taverne","127":"product_tag-tavernen","128":"product_tag-von-innen","129":"product_tag-wirtshaus","130":"product_tag-wirtshaeuser","131":"product_tag-zeitung","132":"product_tag-zeitungen","133":"product_tag-zeitungslektuere","134":"product_tag-zeitungsleser","135":"product_tag-zigarette","136":"product_tag-zigaretten","137":"product_tag-zigarettenraucher","138":"pa_datierung-1960er-jahre","139":"pa_fotograf-abisag-tuellmann","140":"pa_geografischer_bezug-aufnahmeort-frankfurt-am-main-deutschland","141":"pa_grunddaten_material_technik-foto-silbergelatine-auf-barytpapier","142":"pa_jahr_von-1960er-jahre","143":"pa_massangaben-bildformat-foto-240-x-304-cm","144":"pa_mediennummer-60106","145":"pa_objekt_typ-fotografie","147":"first","148":"instock","149":"product-type-simple"},"yoast_head":"<!-- This site is optimized with the Yoast SEO plugin v27.4 - https:\/\/yoast.com\/product\/yoast-seo-wordpress\/ -->\n<title>M\u00e4nnliche G\u00e4ste in einem Fr\u00fchst\u00fcckslokal - Abisag T\u00fcllmann<\/title>\n<meta name=\"robots\" content=\"index, follow, max-snippet:-1, max-image-preview:large, max-video-preview:-1\" \/>\n<link rel=\"canonical\" href=\"https:\/\/bpk-archive.de\/tuellmann\/produkt\/maennliche-gaeste-in-einem-fruehstueckslokal\/\" \/>\n<meta property=\"og:locale\" content=\"de_DE\" \/>\n<meta property=\"og:type\" content=\"article\" \/>\n<meta property=\"og:title\" content=\"M\u00e4nnliche G\u00e4ste in einem Fr\u00fchst\u00fcckslokal - Abisag T\u00fcllmann\" \/>\n<meta property=\"og:url\" content=\"https:\/\/bpk-archive.de\/tuellmann\/produkt\/maennliche-gaeste-in-einem-fruehstueckslokal\/\" \/>\n<meta property=\"og:site_name\" content=\"Abisag T\u00fcllmann\" \/>\n<meta property=\"article:modified_time\" content=\"2019-09-05T13:25:41+00:00\" \/>\n<meta property=\"og:image\" content=\"https:\/\/bpk-archive.de\/tuellmann\/wp-content\/uploads\/2019\/08\/bpk_70371019.jpg\" \/>\n\t<meta property=\"og:image:width\" content=\"1200\" \/>\n\t<meta property=\"og:image:height\" content=\"957\" \/>\n\t<meta property=\"og:image:type\" content=\"image\/jpeg\" \/>\n<meta name=\"twitter:card\" content=\"summary_large_image\" \/>\n<script type=\"application\/ld+json\" class=\"yoast-schema-graph\">{\"@context\":\"https:\\\/\\\/schema.org\",\"@graph\":[{\"@type\":\"WebPage\",\"@id\":\"https:\\\/\\\/bpk-archive.de\\\/tuellmann\\\/produkt\\\/maennliche-gaeste-in-einem-fruehstueckslokal\\\/\",\"url\":\"https:\\\/\\\/bpk-archive.de\\\/tuellmann\\\/produkt\\\/maennliche-gaeste-in-einem-fruehstueckslokal\\\/\",\"name\":\"M\u00e4nnliche G\u00e4ste in einem Fr\u00fchst\u00fcckslokal - Abisag T\u00fcllmann\",\"isPartOf\":{\"@id\":\"https:\\\/\\\/bpk-archive.de\\\/tuellmann\\\/#website\"},\"primaryImageOfPage\":{\"@id\":\"https:\\\/\\\/bpk-archive.de\\\/tuellmann\\\/produkt\\\/maennliche-gaeste-in-einem-fruehstueckslokal\\\/#primaryimage\"},\"image\":{\"@id\":\"https:\\\/\\\/bpk-archive.de\\\/tuellmann\\\/produkt\\\/maennliche-gaeste-in-einem-fruehstueckslokal\\\/#primaryimage\"},\"thumbnailUrl\":\"https:\\\/\\\/bpk-archive.de\\\/tuellmann\\\/wp-content\\\/uploads\\\/2019\\\/08\\\/bpk_70371019.jpg\",\"datePublished\":\"2019-09-05T13:25:35+00:00\",\"dateModified\":\"2019-09-05T13:25:41+00:00\",\"breadcrumb\":{\"@id\":\"https:\\\/\\\/bpk-archive.de\\\/tuellmann\\\/produkt\\\/maennliche-gaeste-in-einem-fruehstueckslokal\\\/#breadcrumb\"},\"inLanguage\":\"de\",\"potentialAction\":[{\"@type\":\"ReadAction\",\"target\":[\"https:\\\/\\\/bpk-archive.de\\\/tuellmann\\\/produkt\\\/maennliche-gaeste-in-einem-fruehstueckslokal\\\/\"]}]},{\"@type\":\"ImageObject\",\"inLanguage\":\"de\",\"@id\":\"https:\\\/\\\/bpk-archive.de\\\/tuellmann\\\/produkt\\\/maennliche-gaeste-in-einem-fruehstueckslokal\\\/#primaryimage\",\"url\":\"https:\\\/\\\/bpk-archive.de\\\/tuellmann\\\/wp-content\\\/uploads\\\/2019\\\/08\\\/bpk_70371019.jpg\",\"contentUrl\":\"https:\\\/\\\/bpk-archive.de\\\/tuellmann\\\/wp-content\\\/uploads\\\/2019\\\/08\\\/bpk_70371019.jpg\",\"width\":1200,\"height\":957,\"caption\":\"M\u00e4nnliche G\u00e4ste in einem Fr\u00fchst\u00fcckslokal\"},{\"@type\":\"BreadcrumbList\",\"@id\":\"https:\\\/\\\/bpk-archive.de\\\/tuellmann\\\/produkt\\\/maennliche-gaeste-in-einem-fruehstueckslokal\\\/#breadcrumb\",\"itemListElement\":[{\"@type\":\"ListItem\",\"position\":1,\"name\":\"Startseite\",\"item\":\"https:\\\/\\\/bpk-archive.de\\\/tuellmann\\\/\"},{\"@type\":\"ListItem\",\"position\":2,\"name\":\"Shop\",\"item\":\"https:\\\/\\\/bpk-archive.de\\\/tuellmann\\\/shop\\\/\"},{\"@type\":\"ListItem\",\"position\":3,\"name\":\"M\u00e4nnliche G\u00e4ste in einem Fr\u00fchst\u00fcckslokal\"}]},{\"@type\":\"WebSite\",\"@id\":\"https:\\\/\\\/bpk-archive.de\\\/tuellmann\\\/#website\",\"url\":\"https:\\\/\\\/bpk-archive.de\\\/tuellmann\\\/\",\"name\":\"Abisag T\u00fcllmann\",\"description\":\"Eine weitere WordPress-Website\",\"potentialAction\":[{\"@type\":\"SearchAction\",\"target\":{\"@type\":\"EntryPoint\",\"urlTemplate\":\"https:\\\/\\\/bpk-archive.de\\\/tuellmann\\\/?s={search_term_string}\"},\"query-input\":{\"@type\":\"PropertyValueSpecification\",\"valueRequired\":true,\"valueName\":\"search_term_string\"}}],\"inLanguage\":\"de\"}]}<\/script>\n<!-- \/ Yoast SEO plugin. -->","yoast_head_json":{"title":"M\u00e4nnliche G\u00e4ste in einem Fr\u00fchst\u00fcckslokal - Abisag T\u00fcllmann","robots":{"index":"index","follow":"follow","max-snippet":"max-snippet:-1","max-image-preview":"max-image-preview:large","max-video-preview":"max-video-preview:-1"},"canonical":"https:\/\/bpk-archive.de\/tuellmann\/produkt\/maennliche-gaeste-in-einem-fruehstueckslokal\/","og_locale":"de_DE","og_type":"article","og_title":"M\u00e4nnliche G\u00e4ste in einem Fr\u00fchst\u00fcckslokal - Abisag T\u00fcllmann","og_url":"https:\/\/bpk-archive.de\/tuellmann\/produkt\/maennliche-gaeste-in-einem-fruehstueckslokal\/","og_site_name":"Abisag T\u00fcllmann","article_modified_time":"2019-09-05T13:25:41+00:00","og_image":[{"width":1200,"height":957,"url":"https:\/\/bpk-archive.de\/tuellmann\/wp-content\/uploads\/2019\/08\/bpk_70371019.jpg","type":"image\/jpeg"}],"twitter_card":"summary_large_image","schema":{"@context":"https:\/\/schema.org","@graph":[{"@type":"WebPage","@id":"https:\/\/bpk-archive.de\/tuellmann\/produkt\/maennliche-gaeste-in-einem-fruehstueckslokal\/","url":"https:\/\/bpk-archive.de\/tuellmann\/produkt\/maennliche-gaeste-in-einem-fruehstueckslokal\/","name":"M\u00e4nnliche G\u00e4ste in einem Fr\u00fchst\u00fcckslokal - Abisag T\u00fcllmann","isPartOf":{"@id":"https:\/\/bpk-archive.de\/tuellmann\/#website"},"primaryImageOfPage":{"@id":"https:\/\/bpk-archive.de\/tuellmann\/produkt\/maennliche-gaeste-in-einem-fruehstueckslokal\/#primaryimage"},"image":{"@id":"https:\/\/bpk-archive.de\/tuellmann\/produkt\/maennliche-gaeste-in-einem-fruehstueckslokal\/#primaryimage"},"thumbnailUrl":"https:\/\/bpk-archive.de\/tuellmann\/wp-content\/uploads\/2019\/08\/bpk_70371019.jpg","datePublished":"2019-09-05T13:25:35+00:00","dateModified":"2019-09-05T13:25:41+00:00","breadcrumb":{"@id":"https:\/\/bpk-archive.de\/tuellmann\/produkt\/maennliche-gaeste-in-einem-fruehstueckslokal\/#breadcrumb"},"inLanguage":"de","potentialAction":[{"@type":"ReadAction","target":["https:\/\/bpk-archive.de\/tuellmann\/produkt\/maennliche-gaeste-in-einem-fruehstueckslokal\/"]}]},{"@type":"ImageObject","inLanguage":"de","@id":"https:\/\/bpk-archive.de\/tuellmann\/produkt\/maennliche-gaeste-in-einem-fruehstueckslokal\/#primaryimage","url":"https:\/\/bpk-archive.de\/tuellmann\/wp-content\/uploads\/2019\/08\/bpk_70371019.jpg","contentUrl":"https:\/\/bpk-archive.de\/tuellmann\/wp-content\/uploads\/2019\/08\/bpk_70371019.jpg","width":1200,"height":957,"caption":"M\u00e4nnliche G\u00e4ste in einem Fr\u00fchst\u00fcckslokal"},{"@type":"BreadcrumbList","@id":"https:\/\/bpk-archive.de\/tuellmann\/produkt\/maennliche-gaeste-in-einem-fruehstueckslokal\/#breadcrumb","itemListElement":[{"@type":"ListItem","position":1,"name":"Startseite","item":"https:\/\/bpk-archive.de\/tuellmann\/"},{"@type":"ListItem","position":2,"name":"Shop","item":"https:\/\/bpk-archive.de\/tuellmann\/shop\/"},{"@type":"ListItem","position":3,"name":"M\u00e4nnliche G\u00e4ste in einem Fr\u00fchst\u00fcckslokal"}]},{"@type":"WebSite","@id":"https:\/\/bpk-archive.de\/tuellmann\/#website","url":"https:\/\/bpk-archive.de\/tuellmann\/","name":"Abisag T\u00fcllmann","description":"Eine weitere WordPress-Website","potentialAction":[{"@type":"SearchAction","target":{"@type":"EntryPoint","urlTemplate":"https:\/\/bpk-archive.de\/tuellmann\/?s={search_term_string}"},"query-input":{"@type":"PropertyValueSpecification","valueRequired":true,"valueName":"search_term_string"}}],"inLanguage":"de"}]}},"_links":{"self":[{"href":"https:\/\/bpk-archive.de\/tuellmann\/wp-json\/wp\/v2\/product\/70296062","targetHints":{"allow":["GET"]}}],"collection":[{"href":"https:\/\/bpk-archive.de\/tuellmann\/wp-json\/wp\/v2\/product"}],"about":[{"href":"https:\/\/bpk-archive.de\/tuellmann\/wp-json\/wp\/v2\/types\/product"}],"wp:featuredmedia":[{"embeddable":true,"href":"https:\/\/bpk-archive.de\/tuellmann\/wp-json\/wp\/v2\/media\/70293706"}],"wp:attachment":[{"href":"https:\/\/bpk-archive.de\/tuellmann\/wp-json\/wp\/v2\/media?parent=70296062"}],"wp:term":[{"taxonomy":"product_brand","embeddable":true,"href":"https:\/\/bpk-archive.de\/tuellmann\/wp-json\/wp\/v2\/product_brand?post=70296062"},{"taxonomy":"product_cat","embeddable":true,"href":"https:\/\/bpk-archive.de\/tuellmann\/wp-json\/wp\/v2\/product_cat?post=70296062"},{"taxonomy":"product_tag","embeddable":true,"href":"https:\/\/bpk-archive.de\/tuellmann\/wp-json\/wp\/v2\/product_tag?post=70296062"}],"curies":[{"name":"wp","href":"https:\/\/api.w.org\/{rel}","templated":true}]}}