{"id":70296060,"date":"2019-09-05T15:25:35","date_gmt":"2019-09-05T13:25:35","guid":{"rendered":"http:\/\/abisagtuellmann.bpk-news.de\/atbild\/gerda-siepenbrink-allein-in-der-gaststaette\/"},"modified":"2019-09-05T15:25:40","modified_gmt":"2019-09-05T13:25:40","slug":"gerda-siepenbrink-allein-in-der-gaststaette","status":"publish","type":"product","link":"https:\/\/bpk-archive.de\/tuellmann\/produkt\/gerda-siepenbrink-allein-in-der-gaststaette\/","title":{"rendered":"Gerda Siepenbrink allein in der Gastst\u00e4tte"},"content":{"rendered":"<p>Aus der Serie f\u00fcr den Fotofilm &#8222;Tue recht und scheue niemand&#8220;, Regie: Jutta Br\u00fcckner, BRD 1975<\/p>\n","protected":false},"excerpt":{"rendered":"<p>Aus der Serie f\u00fcr den Fotofilm &#8222;Tue recht und scheue niemand&#8220;, Regie: Jutta Br\u00fcckner, BRD 1975<\/p>\n","protected":false},"featured_media":70293647,"template":"","meta":[],"product_brand":[],"product_cat":[],"product_tag":[13230,13232,13234,13231,13233,13235,59588,13777,56173,56174,60016,53353,53354,57471,57472,57059,57060,13784,13785,13469,50567,50568,50569,50570,13470,13958,13959,13253,13254,13255,13256,13257,13471,13472,13473,48140,48141,48142,48143,48144,48145,49678,57061,53792,53793,53794,53795,53796,55800,55801,55802,13293,13786,13787,60017,13294,13295,13296,13297,51504,47267,49684,51505,60018,13487,13488,53797,13974,13975,13976,13977,13978,48621,48622,48623,50037,50038,50039,50040,54923,13498,49315,49316,49317,49318,49319,49320,49321,49322,49323,49324,13328,13827,13828,13329,13330,13331,13332,47332,13829,13830,13831,13832,13833,13834,13835,13836,13837,13838,13839,13840,13841,13842,13843,47333,47334,47335,47336,47337,13877,13879,50043,50044,50045,50046,13865,13864,13866,13858,13859,13860,13861,13862,13863,49718,49719,13354,13869,13870,13871,13872,14243,14244,14245,14246,14247,14248,14249,13878,13880,50047,50048,48535,48536,48537,48538,13525,50382,50383,50384,50385,50386,50387,50390,50055,50056,49984],"class_list":{"0":"post-70296060","1":"product","2":"type-product","3":"status-publish","4":"has-post-thumbnail","6":"product_tag-1970er-jahre","7":"product_tag-20-jahrhundert-nach-chr","8":"product_tag-20-jh-n-chr","9":"product_tag-20-jahrhundert","10":"product_tag-20-jh","11":"product_tag-70er","12":"product_tag-abt_019","13":"product_tag-abzug","14":"product_tag-allein","15":"product_tag-alleine","16":"product_tag-at_wischen","17":"product_tag-bier","18":"product_tag-biere","19":"product_tag-bierglas","20":"product_tag-bierglaeser","21":"product_tag-biertrinker","22":"product_tag-biertrinkern","23":"product_tag-bildnis","24":"product_tag-bildnisse","25":"product_tag-brd","26":"product_tag-brustbild","27":"product_tag-brustbilder","28":"product_tag-brustbildnis","29":"product_tag-bruststueck","30":"product_tag-bundesrepublik-deutschland","31":"product_tag-damenportraet","32":"product_tag-damenportraets","33":"product_tag-deutsch","34":"product_tag-deutsche","35":"product_tag-deutschen","36":"product_tag-deutscher","37":"product_tag-deutsches","38":"product_tag-deutschland","39":"product_tag-deutschlands","40":"product_tag-drinnen","41":"product_tag-einsam","42":"product_tag-einsame","43":"product_tag-einsamen","44":"product_tag-einsamer","45":"product_tag-einsames","46":"product_tag-einsamkeit","47":"product_tag-emanzipation","48":"product_tag-feierabend","49":"product_tag-feminismus","50":"product_tag-feministisch","51":"product_tag-feministische","52":"product_tag-feministischer","53":"product_tag-feministisches","54":"product_tag-film","55":"product_tag-filme","56":"product_tag-films","57":"product_tag-foto","58":"product_tag-fotoabzug","59":"product_tag-fotoabzuege","60":"product_tag-fotofilm","61":"product_tag-fotografie","62":"product_tag-fotografien","63":"product_tag-fotografin","64":"product_tag-fotografinnen","65":"product_tag-fotoreihe","66":"product_tag-fotoreportage","67":"product_tag-fotoserie","68":"product_tag-fotostrecke","69":"product_tag-fotostrecken","70":"product_tag-frau","71":"product_tag-frauen","72":"product_tag-frauenbewegung","73":"product_tag-frauenbildnis","74":"product_tag-frauenportrait","75":"product_tag-frauenportraits","76":"product_tag-frauenportraet","77":"product_tag-frauenportraets","78":"product_tag-freizeit","79":"product_tag-freizeitbeschaeftigung","80":"product_tag-freizeitgestaltung","81":"product_tag-gasthaus","82":"product_tag-gasthaeuser","83":"product_tag-gaststaette","84":"product_tag-gaststaetten","85":"product_tag-gleichberechtigung","86":"product_tag-innen","87":"product_tag-nachdenkend","88":"product_tag-nachdenkende","89":"product_tag-nachdenkenden","90":"product_tag-nachdenkender","91":"product_tag-nachdenkendes","92":"product_tag-nachdenklich","93":"product_tag-nachdenkliche","94":"product_tag-nachdenklichen","95":"product_tag-nachdenklicher","96":"product_tag-nachdenkliches","97":"product_tag-photo","98":"product_tag-photoabzug","99":"product_tag-photoabzuege","100":"product_tag-photographie","101":"product_tag-photographien","102":"product_tag-photographin","103":"product_tag-photographinnen","104":"product_tag-photoreportage","105":"product_tag-portrait","106":"product_tag-portraitaufnahme","107":"product_tag-portraitfoto","108":"product_tag-portraitfotografie","109":"product_tag-portraitphoto","110":"product_tag-portraitphotographie","111":"product_tag-portraits","112":"product_tag-portraet","113":"product_tag-portraetaufnahme","114":"product_tag-portraetfoto","115":"product_tag-portraetfotografie","116":"product_tag-portraetphoto","117":"product_tag-portraetphotographie","118":"product_tag-portraets","119":"product_tag-print","120":"product_tag-reportage","121":"product_tag-reportagefoto","122":"product_tag-reportagefotografie","123":"product_tag-reportagephoto","124":"product_tag-reportagephotographie","125":"product_tag-s-w-fotografie","126":"product_tag-s-w-photographie","127":"product_tag-schaenke","128":"product_tag-schaenken","129":"product_tag-schenke","130":"product_tag-schenken","131":"product_tag-schwarzweissphotographie","132":"product_tag-schwarz-weiss-fotografie","133":"product_tag-schwarz-weiss-photographie","134":"product_tag-schwarzweiss","135":"product_tag-schwarzweisse","136":"product_tag-schwarzweissen","137":"product_tag-schwarzweisser","138":"product_tag-schwarzweisses","139":"product_tag-schwarzweissfotografie","140":"product_tag-serie","141":"product_tag-serien","142":"product_tag-siebziger","143":"product_tag-silbergelatine","144":"product_tag-silbergelatineabzug","145":"product_tag-silbergelatineabzuege","146":"product_tag-silbergelatineprint","147":"product_tag-sitzen","148":"product_tag-sitzend","149":"product_tag-sitzende","150":"product_tag-sitzenden","151":"product_tag-sitzender","152":"product_tag-sitzendes","153":"product_tag-sitzt","154":"product_tag-sw-fotografie","155":"product_tag-sw-photographie","156":"product_tag-taverne","157":"product_tag-tavernen","158":"product_tag-tisch","159":"product_tag-tische","160":"product_tag-tischen","161":"product_tag-tisches","162":"product_tag-von-innen","163":"product_tag-waschen","164":"product_tag-waschend","165":"product_tag-waschende","166":"product_tag-waschenden","167":"product_tag-waschender","168":"product_tag-waschendes","169":"product_tag-waescht","170":"product_tag-wirtshaus","171":"product_tag-wirtshaeuser","172":"product_tag-wischen","173":"pa_datierung-13071","174":"pa_fotograf-abisag-tuellmann","175":"pa_geografischer_bezug-aufnahmeort-deutschland","176":"pa_grunddaten_material_technik-foto-silbergelatine-auf-barytpapier","177":"pa_jahr_von-53481","178":"pa_massangaben-bildformat-foto-239-x-309-cm","179":"pa_mediennummer-60099","180":"pa_objekt_typ-fotografie","182":"first","183":"instock","184":"product-type-simple"},"yoast_head":"<!-- This site is optimized with the Yoast SEO plugin v27.3 - https:\/\/yoast.com\/product\/yoast-seo-wordpress\/ -->\n<title>Gerda Siepenbrink allein in der Gastst\u00e4tte - Abisag T\u00fcllmann<\/title>\n<meta name=\"robots\" content=\"index, follow, max-snippet:-1, max-image-preview:large, max-video-preview:-1\" \/>\n<link rel=\"canonical\" href=\"https:\/\/bpk-archive.de\/tuellmann\/produkt\/gerda-siepenbrink-allein-in-der-gaststaette\/\" \/>\n<meta property=\"og:locale\" content=\"de_DE\" \/>\n<meta property=\"og:type\" content=\"article\" \/>\n<meta property=\"og:title\" content=\"Gerda Siepenbrink allein in der Gastst\u00e4tte - Abisag T\u00fcllmann\" \/>\n<meta property=\"og:description\" content=\"Aus der Serie f\u00fcr den Fotofilm &#8222;Tue recht und scheue niemand&#8220;, Regie: Jutta Br\u00fcckner, BRD 1975\" \/>\n<meta property=\"og:url\" content=\"https:\/\/bpk-archive.de\/tuellmann\/produkt\/gerda-siepenbrink-allein-in-der-gaststaette\/\" \/>\n<meta property=\"og:site_name\" content=\"Abisag T\u00fcllmann\" \/>\n<meta property=\"article:modified_time\" content=\"2019-09-05T13:25:40+00:00\" \/>\n<meta property=\"og:image\" content=\"https:\/\/bpk-archive.de\/tuellmann\/wp-content\/uploads\/2019\/08\/bpk_70370968.jpg\" \/>\n\t<meta property=\"og:image:width\" content=\"1200\" \/>\n\t<meta property=\"og:image:height\" content=\"933\" \/>\n\t<meta property=\"og:image:type\" content=\"image\/jpeg\" \/>\n<meta name=\"twitter:card\" content=\"summary_large_image\" \/>\n<script type=\"application\/ld+json\" class=\"yoast-schema-graph\">{\"@context\":\"https:\\\/\\\/schema.org\",\"@graph\":[{\"@type\":\"WebPage\",\"@id\":\"https:\\\/\\\/bpk-archive.de\\\/tuellmann\\\/produkt\\\/gerda-siepenbrink-allein-in-der-gaststaette\\\/\",\"url\":\"https:\\\/\\\/bpk-archive.de\\\/tuellmann\\\/produkt\\\/gerda-siepenbrink-allein-in-der-gaststaette\\\/\",\"name\":\"Gerda Siepenbrink allein in der Gastst\u00e4tte - Abisag T\u00fcllmann\",\"isPartOf\":{\"@id\":\"https:\\\/\\\/bpk-archive.de\\\/tuellmann\\\/#website\"},\"primaryImageOfPage\":{\"@id\":\"https:\\\/\\\/bpk-archive.de\\\/tuellmann\\\/produkt\\\/gerda-siepenbrink-allein-in-der-gaststaette\\\/#primaryimage\"},\"image\":{\"@id\":\"https:\\\/\\\/bpk-archive.de\\\/tuellmann\\\/produkt\\\/gerda-siepenbrink-allein-in-der-gaststaette\\\/#primaryimage\"},\"thumbnailUrl\":\"https:\\\/\\\/bpk-archive.de\\\/tuellmann\\\/wp-content\\\/uploads\\\/2019\\\/08\\\/bpk_70370968.jpg\",\"datePublished\":\"2019-09-05T13:25:35+00:00\",\"dateModified\":\"2019-09-05T13:25:40+00:00\",\"breadcrumb\":{\"@id\":\"https:\\\/\\\/bpk-archive.de\\\/tuellmann\\\/produkt\\\/gerda-siepenbrink-allein-in-der-gaststaette\\\/#breadcrumb\"},\"inLanguage\":\"de\",\"potentialAction\":[{\"@type\":\"ReadAction\",\"target\":[\"https:\\\/\\\/bpk-archive.de\\\/tuellmann\\\/produkt\\\/gerda-siepenbrink-allein-in-der-gaststaette\\\/\"]}]},{\"@type\":\"ImageObject\",\"inLanguage\":\"de\",\"@id\":\"https:\\\/\\\/bpk-archive.de\\\/tuellmann\\\/produkt\\\/gerda-siepenbrink-allein-in-der-gaststaette\\\/#primaryimage\",\"url\":\"https:\\\/\\\/bpk-archive.de\\\/tuellmann\\\/wp-content\\\/uploads\\\/2019\\\/08\\\/bpk_70370968.jpg\",\"contentUrl\":\"https:\\\/\\\/bpk-archive.de\\\/tuellmann\\\/wp-content\\\/uploads\\\/2019\\\/08\\\/bpk_70370968.jpg\",\"width\":1200,\"height\":933,\"caption\":\"Gerda Siepenbrink allein in der Gastst\u00e4tte\"},{\"@type\":\"BreadcrumbList\",\"@id\":\"https:\\\/\\\/bpk-archive.de\\\/tuellmann\\\/produkt\\\/gerda-siepenbrink-allein-in-der-gaststaette\\\/#breadcrumb\",\"itemListElement\":[{\"@type\":\"ListItem\",\"position\":1,\"name\":\"Startseite\",\"item\":\"https:\\\/\\\/bpk-archive.de\\\/tuellmann\\\/\"},{\"@type\":\"ListItem\",\"position\":2,\"name\":\"Shop\",\"item\":\"https:\\\/\\\/bpk-archive.de\\\/tuellmann\\\/shop\\\/\"},{\"@type\":\"ListItem\",\"position\":3,\"name\":\"Gerda Siepenbrink allein in der Gastst\u00e4tte\"}]},{\"@type\":\"WebSite\",\"@id\":\"https:\\\/\\\/bpk-archive.de\\\/tuellmann\\\/#website\",\"url\":\"https:\\\/\\\/bpk-archive.de\\\/tuellmann\\\/\",\"name\":\"Abisag T\u00fcllmann\",\"description\":\"Eine weitere WordPress-Website\",\"potentialAction\":[{\"@type\":\"SearchAction\",\"target\":{\"@type\":\"EntryPoint\",\"urlTemplate\":\"https:\\\/\\\/bpk-archive.de\\\/tuellmann\\\/?s={search_term_string}\"},\"query-input\":{\"@type\":\"PropertyValueSpecification\",\"valueRequired\":true,\"valueName\":\"search_term_string\"}}],\"inLanguage\":\"de\"}]}<\/script>\n<!-- \/ Yoast SEO plugin. -->","yoast_head_json":{"title":"Gerda Siepenbrink allein in der Gastst\u00e4tte - Abisag T\u00fcllmann","robots":{"index":"index","follow":"follow","max-snippet":"max-snippet:-1","max-image-preview":"max-image-preview:large","max-video-preview":"max-video-preview:-1"},"canonical":"https:\/\/bpk-archive.de\/tuellmann\/produkt\/gerda-siepenbrink-allein-in-der-gaststaette\/","og_locale":"de_DE","og_type":"article","og_title":"Gerda Siepenbrink allein in der Gastst\u00e4tte - Abisag T\u00fcllmann","og_description":"Aus der Serie f\u00fcr den Fotofilm &#8222;Tue recht und scheue niemand&#8220;, Regie: Jutta Br\u00fcckner, BRD 1975","og_url":"https:\/\/bpk-archive.de\/tuellmann\/produkt\/gerda-siepenbrink-allein-in-der-gaststaette\/","og_site_name":"Abisag T\u00fcllmann","article_modified_time":"2019-09-05T13:25:40+00:00","og_image":[{"width":1200,"height":933,"url":"https:\/\/bpk-archive.de\/tuellmann\/wp-content\/uploads\/2019\/08\/bpk_70370968.jpg","type":"image\/jpeg"}],"twitter_card":"summary_large_image","schema":{"@context":"https:\/\/schema.org","@graph":[{"@type":"WebPage","@id":"https:\/\/bpk-archive.de\/tuellmann\/produkt\/gerda-siepenbrink-allein-in-der-gaststaette\/","url":"https:\/\/bpk-archive.de\/tuellmann\/produkt\/gerda-siepenbrink-allein-in-der-gaststaette\/","name":"Gerda Siepenbrink allein in der Gastst\u00e4tte - Abisag T\u00fcllmann","isPartOf":{"@id":"https:\/\/bpk-archive.de\/tuellmann\/#website"},"primaryImageOfPage":{"@id":"https:\/\/bpk-archive.de\/tuellmann\/produkt\/gerda-siepenbrink-allein-in-der-gaststaette\/#primaryimage"},"image":{"@id":"https:\/\/bpk-archive.de\/tuellmann\/produkt\/gerda-siepenbrink-allein-in-der-gaststaette\/#primaryimage"},"thumbnailUrl":"https:\/\/bpk-archive.de\/tuellmann\/wp-content\/uploads\/2019\/08\/bpk_70370968.jpg","datePublished":"2019-09-05T13:25:35+00:00","dateModified":"2019-09-05T13:25:40+00:00","breadcrumb":{"@id":"https:\/\/bpk-archive.de\/tuellmann\/produkt\/gerda-siepenbrink-allein-in-der-gaststaette\/#breadcrumb"},"inLanguage":"de","potentialAction":[{"@type":"ReadAction","target":["https:\/\/bpk-archive.de\/tuellmann\/produkt\/gerda-siepenbrink-allein-in-der-gaststaette\/"]}]},{"@type":"ImageObject","inLanguage":"de","@id":"https:\/\/bpk-archive.de\/tuellmann\/produkt\/gerda-siepenbrink-allein-in-der-gaststaette\/#primaryimage","url":"https:\/\/bpk-archive.de\/tuellmann\/wp-content\/uploads\/2019\/08\/bpk_70370968.jpg","contentUrl":"https:\/\/bpk-archive.de\/tuellmann\/wp-content\/uploads\/2019\/08\/bpk_70370968.jpg","width":1200,"height":933,"caption":"Gerda Siepenbrink allein in der Gastst\u00e4tte"},{"@type":"BreadcrumbList","@id":"https:\/\/bpk-archive.de\/tuellmann\/produkt\/gerda-siepenbrink-allein-in-der-gaststaette\/#breadcrumb","itemListElement":[{"@type":"ListItem","position":1,"name":"Startseite","item":"https:\/\/bpk-archive.de\/tuellmann\/"},{"@type":"ListItem","position":2,"name":"Shop","item":"https:\/\/bpk-archive.de\/tuellmann\/shop\/"},{"@type":"ListItem","position":3,"name":"Gerda Siepenbrink allein in der Gastst\u00e4tte"}]},{"@type":"WebSite","@id":"https:\/\/bpk-archive.de\/tuellmann\/#website","url":"https:\/\/bpk-archive.de\/tuellmann\/","name":"Abisag T\u00fcllmann","description":"Eine weitere WordPress-Website","potentialAction":[{"@type":"SearchAction","target":{"@type":"EntryPoint","urlTemplate":"https:\/\/bpk-archive.de\/tuellmann\/?s={search_term_string}"},"query-input":{"@type":"PropertyValueSpecification","valueRequired":true,"valueName":"search_term_string"}}],"inLanguage":"de"}]}},"_links":{"self":[{"href":"https:\/\/bpk-archive.de\/tuellmann\/wp-json\/wp\/v2\/product\/70296060","targetHints":{"allow":["GET"]}}],"collection":[{"href":"https:\/\/bpk-archive.de\/tuellmann\/wp-json\/wp\/v2\/product"}],"about":[{"href":"https:\/\/bpk-archive.de\/tuellmann\/wp-json\/wp\/v2\/types\/product"}],"wp:featuredmedia":[{"embeddable":true,"href":"https:\/\/bpk-archive.de\/tuellmann\/wp-json\/wp\/v2\/media\/70293647"}],"wp:attachment":[{"href":"https:\/\/bpk-archive.de\/tuellmann\/wp-json\/wp\/v2\/media?parent=70296060"}],"wp:term":[{"taxonomy":"product_brand","embeddable":true,"href":"https:\/\/bpk-archive.de\/tuellmann\/wp-json\/wp\/v2\/product_brand?post=70296060"},{"taxonomy":"product_cat","embeddable":true,"href":"https:\/\/bpk-archive.de\/tuellmann\/wp-json\/wp\/v2\/product_cat?post=70296060"},{"taxonomy":"product_tag","embeddable":true,"href":"https:\/\/bpk-archive.de\/tuellmann\/wp-json\/wp\/v2\/product_tag?post=70296060"}],"curies":[{"name":"wp","href":"https:\/\/api.w.org\/{rel}","templated":true}]}}