{"id":70296058,"date":"2019-09-05T15:25:35","date_gmt":"2019-09-05T13:25:35","guid":{"rendered":"http:\/\/abisagtuellmann.bpk-news.de\/atbild\/gerda-siepenbrink-nachts-auf-der-landstrasse\/"},"modified":"2019-09-05T15:25:39","modified_gmt":"2019-09-05T13:25:39","slug":"gerda-siepenbrink-nachts-auf-der-landstrasse","status":"publish","type":"product","link":"https:\/\/bpk-archive.de\/tuellmann\/produkt\/gerda-siepenbrink-nachts-auf-der-landstrasse\/","title":{"rendered":"Gerda Siepenbrink nachts auf der Landstra\u00dfe"},"content":{"rendered":"<p>Aus der Serie f\u00fcr den Fotofilm &#8222;Tue recht und scheue niemand&#8220;, Regie: Jutta Br\u00fcckner, BRD 1975<\/p>\n","protected":false},"excerpt":{"rendered":"<p>Aus der Serie f\u00fcr den Fotofilm &#8222;Tue recht und scheue niemand&#8220;, Regie: Jutta Br\u00fcckner, BRD 1975<\/p>\n","protected":false},"featured_media":70293645,"template":"","meta":[],"product_brand":[],"product_cat":[],"product_tag":[13230,13232,13234,13231,13233,13235,59588,13777,60090,60091,47456,47457,47458,47459,47460,47461,47462,60016,13250,13784,13785,13469,13470,13958,13959,13253,13254,13255,13256,13257,13471,13472,13260,48890,48891,48892,48893,48894,48895,49678,53792,53793,53794,53795,53796,55800,55801,55802,13293,13786,13787,60017,13294,13295,13296,13297,51504,47267,49684,51505,60018,13487,13488,48579,53797,13974,13975,13976,13977,13978,47556,47375,47376,47378,47379,47380,47381,47382,54923,13301,52052,52053,48309,48310,48311,48312,48313,48314,48315,47561,47562,47395,47396,13328,13827,13828,13329,13330,13331,13332,47332,13829,13835,13836,13842,13843,47333,47334,47335,47336,47337,13877,13879,60092,13865,13864,13866,13858,13859,13860,13861,13862,13863,49718,49719,13354,13869,13870,13871,13872,48165,48166,47564,13878,13880,48079,50382,50383,50384,50385,50386,50387,50390,49984],"class_list":{"0":"post-70296058","1":"product","2":"type-product","3":"status-publish","4":"has-post-thumbnail","6":"product_tag-1970er-jahre","7":"product_tag-20-jahrhundert-nach-chr","8":"product_tag-20-jh-n-chr","9":"product_tag-20-jahrhundert","10":"product_tag-20-jh","11":"product_tag-70er","12":"product_tag-abt_019","13":"product_tag-abzug","14":"product_tag-allee","15":"product_tag-alleen","16":"product_tag-arbeit","17":"product_tag-arbeiten","18":"product_tag-arbeitend","19":"product_tag-arbeitende","20":"product_tag-arbeitenden","21":"product_tag-arbeitender","22":"product_tag-arbeitendes","23":"product_tag-at_wischen","24":"product_tag-aussen","25":"product_tag-bildnis","26":"product_tag-bildnisse","27":"product_tag-brd","28":"product_tag-bundesrepublik-deutschland","29":"product_tag-damenportraet","30":"product_tag-damenportraets","31":"product_tag-deutsch","32":"product_tag-deutsche","33":"product_tag-deutschen","34":"product_tag-deutscher","35":"product_tag-deutsches","36":"product_tag-deutschland","37":"product_tag-deutschlands","38":"product_tag-draussen","39":"product_tag-dunkel","40":"product_tag-dunkelheit","41":"product_tag-dunkle","42":"product_tag-dunklen","43":"product_tag-dunkler","44":"product_tag-dunkles","45":"product_tag-emanzipation","46":"product_tag-feminismus","47":"product_tag-feministisch","48":"product_tag-feministische","49":"product_tag-feministischer","50":"product_tag-feministisches","51":"product_tag-film","52":"product_tag-filme","53":"product_tag-films","54":"product_tag-foto","55":"product_tag-fotoabzug","56":"product_tag-fotoabzuege","57":"product_tag-fotofilm","58":"product_tag-fotografie","59":"product_tag-fotografien","60":"product_tag-fotografin","61":"product_tag-fotografinnen","62":"product_tag-fotoreihe","63":"product_tag-fotoreportage","64":"product_tag-fotoserie","65":"product_tag-fotostrecke","66":"product_tag-fotostrecken","67":"product_tag-frau","68":"product_tag-frauen","69":"product_tag-frauenarbeit","70":"product_tag-frauenbewegung","71":"product_tag-frauenbildnis","72":"product_tag-frauenportrait","73":"product_tag-frauenportraits","74":"product_tag-frauenportraet","75":"product_tag-frauenportraets","76":"product_tag-fussgaenger","77":"product_tag-fussgaengerin","78":"product_tag-fussgaengerinnen","79":"product_tag-gehen","80":"product_tag-gehend","81":"product_tag-gehende","82":"product_tag-gehender","83":"product_tag-gehendes","84":"product_tag-gleichberechtigung","85":"product_tag-im-freien","86":"product_tag-landstrasse","87":"product_tag-landstrassen","88":"product_tag-nacht","89":"product_tag-naechtlich","90":"product_tag-naechtliche","91":"product_tag-naechtlichen","92":"product_tag-naechtlicher","93":"product_tag-naechtliches","94":"product_tag-nachts","95":"product_tag-passant","96":"product_tag-passanten","97":"product_tag-passantin","98":"product_tag-passantinnen","99":"product_tag-photo","100":"product_tag-photoabzug","101":"product_tag-photoabzuege","102":"product_tag-photographie","103":"product_tag-photographien","104":"product_tag-photographin","105":"product_tag-photographinnen","106":"product_tag-photoreportage","107":"product_tag-portrait","108":"product_tag-portraits","109":"product_tag-portraet","110":"product_tag-portraets","111":"product_tag-print","112":"product_tag-reportage","113":"product_tag-reportagefoto","114":"product_tag-reportagefotografie","115":"product_tag-reportagephoto","116":"product_tag-reportagephotographie","117":"product_tag-s-w-fotografie","118":"product_tag-s-w-photographie","119":"product_tag-scheinwerferlicht","120":"product_tag-schwarzweissphotographie","121":"product_tag-schwarz-weiss-fotografie","122":"product_tag-schwarz-weiss-photographie","123":"product_tag-schwarzweiss","124":"product_tag-schwarzweisse","125":"product_tag-schwarzweissen","126":"product_tag-schwarzweisser","127":"product_tag-schwarzweisses","128":"product_tag-schwarzweissfotografie","129":"product_tag-serie","130":"product_tag-serien","131":"product_tag-siebziger","132":"product_tag-silbergelatine","133":"product_tag-silbergelatineabzug","134":"product_tag-silbergelatineabzuege","135":"product_tag-silbergelatineprint","136":"product_tag-strasse","137":"product_tag-strassen","138":"product_tag-strassenrand","139":"product_tag-sw-fotografie","140":"product_tag-sw-photographie","141":"product_tag-unterwegs","142":"product_tag-waschen","143":"product_tag-waschend","144":"product_tag-waschende","145":"product_tag-waschenden","146":"product_tag-waschender","147":"product_tag-waschendes","148":"product_tag-waescht","149":"product_tag-wischen","150":"pa_datierung-13071","151":"pa_fotograf-abisag-tuellmann","152":"pa_geografischer_bezug-aufnahmeort-deutschland","153":"pa_grunddaten_material_technik-foto-silbergelatine-auf-barytpapier","154":"pa_jahr_von-53481","155":"pa_massangaben-bildformat-foto-234-x-309-cm","156":"pa_mediennummer-60088","157":"pa_objekt_typ-fotografie","159":"first","160":"instock","161":"product-type-simple"},"yoast_head":"<!-- This site is optimized with the Yoast SEO plugin v27.4 - https:\/\/yoast.com\/product\/yoast-seo-wordpress\/ -->\n<title>Gerda Siepenbrink nachts auf der Landstra\u00dfe - Abisag T\u00fcllmann<\/title>\n<meta name=\"robots\" content=\"index, follow, max-snippet:-1, max-image-preview:large, max-video-preview:-1\" \/>\n<link rel=\"canonical\" href=\"https:\/\/bpk-archive.de\/tuellmann\/produkt\/gerda-siepenbrink-nachts-auf-der-landstrasse\/\" \/>\n<meta property=\"og:locale\" content=\"de_DE\" \/>\n<meta property=\"og:type\" content=\"article\" \/>\n<meta property=\"og:title\" content=\"Gerda Siepenbrink nachts auf der Landstra\u00dfe - Abisag T\u00fcllmann\" \/>\n<meta property=\"og:description\" content=\"Aus der Serie f\u00fcr den Fotofilm &#8222;Tue recht und scheue niemand&#8220;, Regie: Jutta Br\u00fcckner, BRD 1975\" \/>\n<meta property=\"og:url\" content=\"https:\/\/bpk-archive.de\/tuellmann\/produkt\/gerda-siepenbrink-nachts-auf-der-landstrasse\/\" \/>\n<meta property=\"og:site_name\" content=\"Abisag T\u00fcllmann\" \/>\n<meta property=\"article:modified_time\" content=\"2019-09-05T13:25:39+00:00\" \/>\n<meta property=\"og:image\" content=\"https:\/\/bpk-archive.de\/tuellmann\/wp-content\/uploads\/2019\/08\/bpk_70370967.jpg\" \/>\n\t<meta property=\"og:image:width\" content=\"1200\" \/>\n\t<meta property=\"og:image:height\" content=\"934\" \/>\n\t<meta property=\"og:image:type\" content=\"image\/jpeg\" \/>\n<meta name=\"twitter:card\" content=\"summary_large_image\" \/>\n<script type=\"application\/ld+json\" class=\"yoast-schema-graph\">{\"@context\":\"https:\\\/\\\/schema.org\",\"@graph\":[{\"@type\":\"WebPage\",\"@id\":\"https:\\\/\\\/bpk-archive.de\\\/tuellmann\\\/produkt\\\/gerda-siepenbrink-nachts-auf-der-landstrasse\\\/\",\"url\":\"https:\\\/\\\/bpk-archive.de\\\/tuellmann\\\/produkt\\\/gerda-siepenbrink-nachts-auf-der-landstrasse\\\/\",\"name\":\"Gerda Siepenbrink nachts auf der Landstra\u00dfe - Abisag T\u00fcllmann\",\"isPartOf\":{\"@id\":\"https:\\\/\\\/bpk-archive.de\\\/tuellmann\\\/#website\"},\"primaryImageOfPage\":{\"@id\":\"https:\\\/\\\/bpk-archive.de\\\/tuellmann\\\/produkt\\\/gerda-siepenbrink-nachts-auf-der-landstrasse\\\/#primaryimage\"},\"image\":{\"@id\":\"https:\\\/\\\/bpk-archive.de\\\/tuellmann\\\/produkt\\\/gerda-siepenbrink-nachts-auf-der-landstrasse\\\/#primaryimage\"},\"thumbnailUrl\":\"https:\\\/\\\/bpk-archive.de\\\/tuellmann\\\/wp-content\\\/uploads\\\/2019\\\/08\\\/bpk_70370967.jpg\",\"datePublished\":\"2019-09-05T13:25:35+00:00\",\"dateModified\":\"2019-09-05T13:25:39+00:00\",\"breadcrumb\":{\"@id\":\"https:\\\/\\\/bpk-archive.de\\\/tuellmann\\\/produkt\\\/gerda-siepenbrink-nachts-auf-der-landstrasse\\\/#breadcrumb\"},\"inLanguage\":\"de\",\"potentialAction\":[{\"@type\":\"ReadAction\",\"target\":[\"https:\\\/\\\/bpk-archive.de\\\/tuellmann\\\/produkt\\\/gerda-siepenbrink-nachts-auf-der-landstrasse\\\/\"]}]},{\"@type\":\"ImageObject\",\"inLanguage\":\"de\",\"@id\":\"https:\\\/\\\/bpk-archive.de\\\/tuellmann\\\/produkt\\\/gerda-siepenbrink-nachts-auf-der-landstrasse\\\/#primaryimage\",\"url\":\"https:\\\/\\\/bpk-archive.de\\\/tuellmann\\\/wp-content\\\/uploads\\\/2019\\\/08\\\/bpk_70370967.jpg\",\"contentUrl\":\"https:\\\/\\\/bpk-archive.de\\\/tuellmann\\\/wp-content\\\/uploads\\\/2019\\\/08\\\/bpk_70370967.jpg\",\"width\":1200,\"height\":934,\"caption\":\"Gerda Siepenbrink nachts auf der Landstra\u00dfe\"},{\"@type\":\"BreadcrumbList\",\"@id\":\"https:\\\/\\\/bpk-archive.de\\\/tuellmann\\\/produkt\\\/gerda-siepenbrink-nachts-auf-der-landstrasse\\\/#breadcrumb\",\"itemListElement\":[{\"@type\":\"ListItem\",\"position\":1,\"name\":\"Startseite\",\"item\":\"https:\\\/\\\/bpk-archive.de\\\/tuellmann\\\/\"},{\"@type\":\"ListItem\",\"position\":2,\"name\":\"Shop\",\"item\":\"https:\\\/\\\/bpk-archive.de\\\/tuellmann\\\/shop\\\/\"},{\"@type\":\"ListItem\",\"position\":3,\"name\":\"Gerda Siepenbrink nachts auf der Landstra\u00dfe\"}]},{\"@type\":\"WebSite\",\"@id\":\"https:\\\/\\\/bpk-archive.de\\\/tuellmann\\\/#website\",\"url\":\"https:\\\/\\\/bpk-archive.de\\\/tuellmann\\\/\",\"name\":\"Abisag T\u00fcllmann\",\"description\":\"Eine weitere WordPress-Website\",\"potentialAction\":[{\"@type\":\"SearchAction\",\"target\":{\"@type\":\"EntryPoint\",\"urlTemplate\":\"https:\\\/\\\/bpk-archive.de\\\/tuellmann\\\/?s={search_term_string}\"},\"query-input\":{\"@type\":\"PropertyValueSpecification\",\"valueRequired\":true,\"valueName\":\"search_term_string\"}}],\"inLanguage\":\"de\"}]}<\/script>\n<!-- \/ Yoast SEO plugin. -->","yoast_head_json":{"title":"Gerda Siepenbrink nachts auf der Landstra\u00dfe - Abisag T\u00fcllmann","robots":{"index":"index","follow":"follow","max-snippet":"max-snippet:-1","max-image-preview":"max-image-preview:large","max-video-preview":"max-video-preview:-1"},"canonical":"https:\/\/bpk-archive.de\/tuellmann\/produkt\/gerda-siepenbrink-nachts-auf-der-landstrasse\/","og_locale":"de_DE","og_type":"article","og_title":"Gerda Siepenbrink nachts auf der Landstra\u00dfe - Abisag T\u00fcllmann","og_description":"Aus der Serie f\u00fcr den Fotofilm &#8222;Tue recht und scheue niemand&#8220;, Regie: Jutta Br\u00fcckner, BRD 1975","og_url":"https:\/\/bpk-archive.de\/tuellmann\/produkt\/gerda-siepenbrink-nachts-auf-der-landstrasse\/","og_site_name":"Abisag T\u00fcllmann","article_modified_time":"2019-09-05T13:25:39+00:00","og_image":[{"width":1200,"height":934,"url":"https:\/\/bpk-archive.de\/tuellmann\/wp-content\/uploads\/2019\/08\/bpk_70370967.jpg","type":"image\/jpeg"}],"twitter_card":"summary_large_image","schema":{"@context":"https:\/\/schema.org","@graph":[{"@type":"WebPage","@id":"https:\/\/bpk-archive.de\/tuellmann\/produkt\/gerda-siepenbrink-nachts-auf-der-landstrasse\/","url":"https:\/\/bpk-archive.de\/tuellmann\/produkt\/gerda-siepenbrink-nachts-auf-der-landstrasse\/","name":"Gerda Siepenbrink nachts auf der Landstra\u00dfe - Abisag T\u00fcllmann","isPartOf":{"@id":"https:\/\/bpk-archive.de\/tuellmann\/#website"},"primaryImageOfPage":{"@id":"https:\/\/bpk-archive.de\/tuellmann\/produkt\/gerda-siepenbrink-nachts-auf-der-landstrasse\/#primaryimage"},"image":{"@id":"https:\/\/bpk-archive.de\/tuellmann\/produkt\/gerda-siepenbrink-nachts-auf-der-landstrasse\/#primaryimage"},"thumbnailUrl":"https:\/\/bpk-archive.de\/tuellmann\/wp-content\/uploads\/2019\/08\/bpk_70370967.jpg","datePublished":"2019-09-05T13:25:35+00:00","dateModified":"2019-09-05T13:25:39+00:00","breadcrumb":{"@id":"https:\/\/bpk-archive.de\/tuellmann\/produkt\/gerda-siepenbrink-nachts-auf-der-landstrasse\/#breadcrumb"},"inLanguage":"de","potentialAction":[{"@type":"ReadAction","target":["https:\/\/bpk-archive.de\/tuellmann\/produkt\/gerda-siepenbrink-nachts-auf-der-landstrasse\/"]}]},{"@type":"ImageObject","inLanguage":"de","@id":"https:\/\/bpk-archive.de\/tuellmann\/produkt\/gerda-siepenbrink-nachts-auf-der-landstrasse\/#primaryimage","url":"https:\/\/bpk-archive.de\/tuellmann\/wp-content\/uploads\/2019\/08\/bpk_70370967.jpg","contentUrl":"https:\/\/bpk-archive.de\/tuellmann\/wp-content\/uploads\/2019\/08\/bpk_70370967.jpg","width":1200,"height":934,"caption":"Gerda Siepenbrink nachts auf der Landstra\u00dfe"},{"@type":"BreadcrumbList","@id":"https:\/\/bpk-archive.de\/tuellmann\/produkt\/gerda-siepenbrink-nachts-auf-der-landstrasse\/#breadcrumb","itemListElement":[{"@type":"ListItem","position":1,"name":"Startseite","item":"https:\/\/bpk-archive.de\/tuellmann\/"},{"@type":"ListItem","position":2,"name":"Shop","item":"https:\/\/bpk-archive.de\/tuellmann\/shop\/"},{"@type":"ListItem","position":3,"name":"Gerda Siepenbrink nachts auf der Landstra\u00dfe"}]},{"@type":"WebSite","@id":"https:\/\/bpk-archive.de\/tuellmann\/#website","url":"https:\/\/bpk-archive.de\/tuellmann\/","name":"Abisag T\u00fcllmann","description":"Eine weitere WordPress-Website","potentialAction":[{"@type":"SearchAction","target":{"@type":"EntryPoint","urlTemplate":"https:\/\/bpk-archive.de\/tuellmann\/?s={search_term_string}"},"query-input":{"@type":"PropertyValueSpecification","valueRequired":true,"valueName":"search_term_string"}}],"inLanguage":"de"}]}},"_links":{"self":[{"href":"https:\/\/bpk-archive.de\/tuellmann\/wp-json\/wp\/v2\/product\/70296058","targetHints":{"allow":["GET"]}}],"collection":[{"href":"https:\/\/bpk-archive.de\/tuellmann\/wp-json\/wp\/v2\/product"}],"about":[{"href":"https:\/\/bpk-archive.de\/tuellmann\/wp-json\/wp\/v2\/types\/product"}],"wp:featuredmedia":[{"embeddable":true,"href":"https:\/\/bpk-archive.de\/tuellmann\/wp-json\/wp\/v2\/media\/70293645"}],"wp:attachment":[{"href":"https:\/\/bpk-archive.de\/tuellmann\/wp-json\/wp\/v2\/media?parent=70296058"}],"wp:term":[{"taxonomy":"product_brand","embeddable":true,"href":"https:\/\/bpk-archive.de\/tuellmann\/wp-json\/wp\/v2\/product_brand?post=70296058"},{"taxonomy":"product_cat","embeddable":true,"href":"https:\/\/bpk-archive.de\/tuellmann\/wp-json\/wp\/v2\/product_cat?post=70296058"},{"taxonomy":"product_tag","embeddable":true,"href":"https:\/\/bpk-archive.de\/tuellmann\/wp-json\/wp\/v2\/product_tag?post=70296058"}],"curies":[{"name":"wp","href":"https:\/\/api.w.org\/{rel}","templated":true}]}}