{"id":70296049,"date":"2019-09-05T15:25:18","date_gmt":"2019-09-05T13:25:18","guid":{"rendered":"http:\/\/abisagtuellmann.bpk-news.de\/atbild\/gerda-siepenbrink-beim-einkaufen\/"},"modified":"2019-09-05T15:25:30","modified_gmt":"2019-09-05T13:25:30","slug":"gerda-siepenbrink-beim-einkaufen","status":"publish","type":"product","link":"https:\/\/bpk-archive.de\/tuellmann\/produkt\/gerda-siepenbrink-beim-einkaufen\/","title":{"rendered":"Gerda Siepenbrink beim Einkaufen"},"content":{"rendered":"<p>Aus der Serie f\u00fcr den Fotofilm &#8222;Tue recht und scheue niemand&#8220;, Regie: Jutta Br\u00fcckner, BRD 1975<\/p>\n","protected":false},"excerpt":{"rendered":"<p>Aus der Serie f\u00fcr den Fotofilm &#8222;Tue recht und scheue niemand&#8220;, Regie: Jutta Br\u00fcckner, BRD 1975<\/p>\n","protected":false},"featured_media":70293673,"template":"","meta":[],"product_brand":[],"product_cat":[],"product_tag":[13230,13232,13234,13231,13233,13235,59588,13777,53449,53450,53451,47456,47457,47458,47459,47460,47461,47462,53290,49961,60016,60064,47719,13784,13785,13469,13470,13958,13959,13253,13254,13255,13256,13257,13471,13472,13473,47724,47725,47726,57081,57082,49678,53792,53793,53794,53795,53796,55800,55801,55802,13293,13786,13787,60017,13294,13295,13296,13297,51504,47267,49684,51505,60018,13487,13488,48579,53797,13974,13975,13976,13977,13978,60065,60066,60067,60068,47557,47558,47559,54923,50372,50373,50463,50464,13498,50476,50477,50478,49934,49935,50598,50599,50600,47560,13328,13827,13828,13329,13330,13331,13332,47332,13829,13835,13836,13842,13843,53455,60069,47333,47334,47335,47336,47337,13877,13879,13865,13864,13866,13858,13859,13860,13861,13862,13863,49718,49719,13354,13869,13870,13871,13872,13878,13880,13525,50382,50383,50384,50385,50386,50387,60059,50390,49984],"class_list":{"0":"post-70296049","1":"product","2":"type-product","3":"status-publish","4":"has-post-thumbnail","6":"product_tag-1970er-jahre","7":"product_tag-20-jahrhundert-nach-chr","8":"product_tag-20-jh-n-chr","9":"product_tag-20-jahrhundert","10":"product_tag-20-jh","11":"product_tag-70er","12":"product_tag-abt_019","13":"product_tag-abzug","14":"product_tag-anprobe","15":"product_tag-anproben","16":"product_tag-anprobieren","17":"product_tag-arbeit","18":"product_tag-arbeiten","19":"product_tag-arbeitend","20":"product_tag-arbeitende","21":"product_tag-arbeitenden","22":"product_tag-arbeitender","23":"product_tag-arbeitendes","24":"product_tag-arbeitskittel","25":"product_tag-arbeitskleidung","26":"product_tag-at_wischen","27":"product_tag-aussuchen","28":"product_tag-auswahl","29":"product_tag-bildnis","30":"product_tag-bildnisse","31":"product_tag-brd","32":"product_tag-bundesrepublik-deutschland","33":"product_tag-damenportraet","34":"product_tag-damenportraets","35":"product_tag-deutsch","36":"product_tag-deutsche","37":"product_tag-deutschen","38":"product_tag-deutscher","39":"product_tag-deutsches","40":"product_tag-deutschland","41":"product_tag-deutschlands","42":"product_tag-drinnen","43":"product_tag-einkauf","44":"product_tag-einkaeufe","45":"product_tag-einkaufen","46":"product_tag-einkaufswagen","47":"product_tag-einkaufswagens","48":"product_tag-emanzipation","49":"product_tag-feminismus","50":"product_tag-feministisch","51":"product_tag-feministische","52":"product_tag-feministischer","53":"product_tag-feministisches","54":"product_tag-film","55":"product_tag-filme","56":"product_tag-films","57":"product_tag-foto","58":"product_tag-fotoabzug","59":"product_tag-fotoabzuege","60":"product_tag-fotofilm","61":"product_tag-fotografie","62":"product_tag-fotografien","63":"product_tag-fotografin","64":"product_tag-fotografinnen","65":"product_tag-fotoreihe","66":"product_tag-fotoreportage","67":"product_tag-fotoserie","68":"product_tag-fotostrecke","69":"product_tag-fotostrecken","70":"product_tag-frau","71":"product_tag-frauen","72":"product_tag-frauenarbeit","73":"product_tag-frauenbewegung","74":"product_tag-frauenbildnis","75":"product_tag-frauenportrait","76":"product_tag-frauenportraits","77":"product_tag-frauenportraet","78":"product_tag-frauenportraets","79":"product_tag-gebluemt","80":"product_tag-gebluemte","81":"product_tag-gebluemter","82":"product_tag-gebluemtes","83":"product_tag-geschaeft","84":"product_tag-geschaefte","85":"product_tag-geschaeftes","86":"product_tag-gleichberechtigung","87":"product_tag-hausarbeit","88":"product_tag-hausarbeiten","89":"product_tag-hausfrau","90":"product_tag-hausfrauen","91":"product_tag-innen","92":"product_tag-kittel","93":"product_tag-kitteln","94":"product_tag-kittels","95":"product_tag-kittelschuerze","96":"product_tag-kittelschuerzen","97":"product_tag-kleid","98":"product_tag-kleider","99":"product_tag-kleidern","100":"product_tag-laden","101":"product_tag-photo","102":"product_tag-photoabzug","103":"product_tag-photoabzuege","104":"product_tag-photographie","105":"product_tag-photographien","106":"product_tag-photographin","107":"product_tag-photographinnen","108":"product_tag-photoreportage","109":"product_tag-portrait","110":"product_tag-portraits","111":"product_tag-portraet","112":"product_tag-portraets","113":"product_tag-print","114":"product_tag-probiert-an","115":"product_tag-putzmittel","116":"product_tag-reportage","117":"product_tag-reportagefoto","118":"product_tag-reportagefotografie","119":"product_tag-reportagephoto","120":"product_tag-reportagephotographie","121":"product_tag-s-w-fotografie","122":"product_tag-s-w-photographie","123":"product_tag-schwarzweissphotographie","124":"product_tag-schwarz-weiss-fotografie","125":"product_tag-schwarz-weiss-photographie","126":"product_tag-schwarzweiss","127":"product_tag-schwarzweisse","128":"product_tag-schwarzweissen","129":"product_tag-schwarzweisser","130":"product_tag-schwarzweisses","131":"product_tag-schwarzweissfotografie","132":"product_tag-serie","133":"product_tag-serien","134":"product_tag-siebziger","135":"product_tag-silbergelatine","136":"product_tag-silbergelatineabzug","137":"product_tag-silbergelatineabzuege","138":"product_tag-silbergelatineprint","139":"product_tag-sw-fotografie","140":"product_tag-sw-photographie","141":"product_tag-von-innen","142":"product_tag-waschen","143":"product_tag-waschend","144":"product_tag-waschende","145":"product_tag-waschenden","146":"product_tag-waschender","147":"product_tag-waschendes","148":"product_tag-waschmittel","149":"product_tag-waescht","150":"product_tag-wischen","151":"pa_datierung-13071","152":"pa_fotograf-abisag-tuellmann","153":"pa_geografischer_bezug-aufnahmeort-deutschland","154":"pa_grunddaten_material_technik-foto-silbergelatine-auf-barytpapier","155":"pa_jahr_von-53481","156":"pa_massangaben-bildformat-foto-240-x-309-cm","157":"pa_mediennummer-60062","158":"pa_objekt_typ-fotografie","160":"first","161":"instock","162":"product-type-simple"},"yoast_head":"<!-- This site is optimized with the Yoast SEO plugin v27.4 - https:\/\/yoast.com\/product\/yoast-seo-wordpress\/ -->\n<title>Gerda Siepenbrink beim Einkaufen - Abisag T\u00fcllmann<\/title>\n<meta name=\"robots\" content=\"index, follow, max-snippet:-1, max-image-preview:large, max-video-preview:-1\" \/>\n<link rel=\"canonical\" href=\"https:\/\/bpk-archive.de\/tuellmann\/produkt\/gerda-siepenbrink-beim-einkaufen\/\" \/>\n<meta property=\"og:locale\" content=\"de_DE\" \/>\n<meta property=\"og:type\" content=\"article\" \/>\n<meta property=\"og:title\" content=\"Gerda Siepenbrink beim Einkaufen - Abisag T\u00fcllmann\" \/>\n<meta property=\"og:description\" content=\"Aus der Serie f\u00fcr den Fotofilm &#8222;Tue recht und scheue niemand&#8220;, Regie: Jutta Br\u00fcckner, BRD 1975\" \/>\n<meta property=\"og:url\" content=\"https:\/\/bpk-archive.de\/tuellmann\/produkt\/gerda-siepenbrink-beim-einkaufen\/\" \/>\n<meta property=\"og:site_name\" content=\"Abisag T\u00fcllmann\" \/>\n<meta property=\"article:modified_time\" content=\"2019-09-05T13:25:30+00:00\" \/>\n<meta property=\"og:image\" content=\"https:\/\/bpk-archive.de\/tuellmann\/wp-content\/uploads\/2019\/08\/bpk_70370979.jpg\" \/>\n\t<meta property=\"og:image:width\" content=\"1200\" \/>\n\t<meta property=\"og:image:height\" content=\"934\" \/>\n\t<meta property=\"og:image:type\" content=\"image\/jpeg\" \/>\n<meta name=\"twitter:card\" content=\"summary_large_image\" \/>\n<script type=\"application\/ld+json\" class=\"yoast-schema-graph\">{\"@context\":\"https:\\\/\\\/schema.org\",\"@graph\":[{\"@type\":\"WebPage\",\"@id\":\"https:\\\/\\\/bpk-archive.de\\\/tuellmann\\\/produkt\\\/gerda-siepenbrink-beim-einkaufen\\\/\",\"url\":\"https:\\\/\\\/bpk-archive.de\\\/tuellmann\\\/produkt\\\/gerda-siepenbrink-beim-einkaufen\\\/\",\"name\":\"Gerda Siepenbrink beim Einkaufen - Abisag T\u00fcllmann\",\"isPartOf\":{\"@id\":\"https:\\\/\\\/bpk-archive.de\\\/tuellmann\\\/#website\"},\"primaryImageOfPage\":{\"@id\":\"https:\\\/\\\/bpk-archive.de\\\/tuellmann\\\/produkt\\\/gerda-siepenbrink-beim-einkaufen\\\/#primaryimage\"},\"image\":{\"@id\":\"https:\\\/\\\/bpk-archive.de\\\/tuellmann\\\/produkt\\\/gerda-siepenbrink-beim-einkaufen\\\/#primaryimage\"},\"thumbnailUrl\":\"https:\\\/\\\/bpk-archive.de\\\/tuellmann\\\/wp-content\\\/uploads\\\/2019\\\/08\\\/bpk_70370979.jpg\",\"datePublished\":\"2019-09-05T13:25:18+00:00\",\"dateModified\":\"2019-09-05T13:25:30+00:00\",\"breadcrumb\":{\"@id\":\"https:\\\/\\\/bpk-archive.de\\\/tuellmann\\\/produkt\\\/gerda-siepenbrink-beim-einkaufen\\\/#breadcrumb\"},\"inLanguage\":\"de\",\"potentialAction\":[{\"@type\":\"ReadAction\",\"target\":[\"https:\\\/\\\/bpk-archive.de\\\/tuellmann\\\/produkt\\\/gerda-siepenbrink-beim-einkaufen\\\/\"]}]},{\"@type\":\"ImageObject\",\"inLanguage\":\"de\",\"@id\":\"https:\\\/\\\/bpk-archive.de\\\/tuellmann\\\/produkt\\\/gerda-siepenbrink-beim-einkaufen\\\/#primaryimage\",\"url\":\"https:\\\/\\\/bpk-archive.de\\\/tuellmann\\\/wp-content\\\/uploads\\\/2019\\\/08\\\/bpk_70370979.jpg\",\"contentUrl\":\"https:\\\/\\\/bpk-archive.de\\\/tuellmann\\\/wp-content\\\/uploads\\\/2019\\\/08\\\/bpk_70370979.jpg\",\"width\":1200,\"height\":934,\"caption\":\"Gerda Siepenbrink beim Einkaufen\"},{\"@type\":\"BreadcrumbList\",\"@id\":\"https:\\\/\\\/bpk-archive.de\\\/tuellmann\\\/produkt\\\/gerda-siepenbrink-beim-einkaufen\\\/#breadcrumb\",\"itemListElement\":[{\"@type\":\"ListItem\",\"position\":1,\"name\":\"Startseite\",\"item\":\"https:\\\/\\\/bpk-archive.de\\\/tuellmann\\\/\"},{\"@type\":\"ListItem\",\"position\":2,\"name\":\"Shop\",\"item\":\"https:\\\/\\\/bpk-archive.de\\\/tuellmann\\\/shop\\\/\"},{\"@type\":\"ListItem\",\"position\":3,\"name\":\"Gerda Siepenbrink beim Einkaufen\"}]},{\"@type\":\"WebSite\",\"@id\":\"https:\\\/\\\/bpk-archive.de\\\/tuellmann\\\/#website\",\"url\":\"https:\\\/\\\/bpk-archive.de\\\/tuellmann\\\/\",\"name\":\"Abisag T\u00fcllmann\",\"description\":\"Eine weitere WordPress-Website\",\"potentialAction\":[{\"@type\":\"SearchAction\",\"target\":{\"@type\":\"EntryPoint\",\"urlTemplate\":\"https:\\\/\\\/bpk-archive.de\\\/tuellmann\\\/?s={search_term_string}\"},\"query-input\":{\"@type\":\"PropertyValueSpecification\",\"valueRequired\":true,\"valueName\":\"search_term_string\"}}],\"inLanguage\":\"de\"}]}<\/script>\n<!-- \/ Yoast SEO plugin. -->","yoast_head_json":{"title":"Gerda Siepenbrink beim Einkaufen - Abisag T\u00fcllmann","robots":{"index":"index","follow":"follow","max-snippet":"max-snippet:-1","max-image-preview":"max-image-preview:large","max-video-preview":"max-video-preview:-1"},"canonical":"https:\/\/bpk-archive.de\/tuellmann\/produkt\/gerda-siepenbrink-beim-einkaufen\/","og_locale":"de_DE","og_type":"article","og_title":"Gerda Siepenbrink beim Einkaufen - Abisag T\u00fcllmann","og_description":"Aus der Serie f\u00fcr den Fotofilm &#8222;Tue recht und scheue niemand&#8220;, Regie: Jutta Br\u00fcckner, BRD 1975","og_url":"https:\/\/bpk-archive.de\/tuellmann\/produkt\/gerda-siepenbrink-beim-einkaufen\/","og_site_name":"Abisag T\u00fcllmann","article_modified_time":"2019-09-05T13:25:30+00:00","og_image":[{"width":1200,"height":934,"url":"https:\/\/bpk-archive.de\/tuellmann\/wp-content\/uploads\/2019\/08\/bpk_70370979.jpg","type":"image\/jpeg"}],"twitter_card":"summary_large_image","schema":{"@context":"https:\/\/schema.org","@graph":[{"@type":"WebPage","@id":"https:\/\/bpk-archive.de\/tuellmann\/produkt\/gerda-siepenbrink-beim-einkaufen\/","url":"https:\/\/bpk-archive.de\/tuellmann\/produkt\/gerda-siepenbrink-beim-einkaufen\/","name":"Gerda Siepenbrink beim Einkaufen - Abisag T\u00fcllmann","isPartOf":{"@id":"https:\/\/bpk-archive.de\/tuellmann\/#website"},"primaryImageOfPage":{"@id":"https:\/\/bpk-archive.de\/tuellmann\/produkt\/gerda-siepenbrink-beim-einkaufen\/#primaryimage"},"image":{"@id":"https:\/\/bpk-archive.de\/tuellmann\/produkt\/gerda-siepenbrink-beim-einkaufen\/#primaryimage"},"thumbnailUrl":"https:\/\/bpk-archive.de\/tuellmann\/wp-content\/uploads\/2019\/08\/bpk_70370979.jpg","datePublished":"2019-09-05T13:25:18+00:00","dateModified":"2019-09-05T13:25:30+00:00","breadcrumb":{"@id":"https:\/\/bpk-archive.de\/tuellmann\/produkt\/gerda-siepenbrink-beim-einkaufen\/#breadcrumb"},"inLanguage":"de","potentialAction":[{"@type":"ReadAction","target":["https:\/\/bpk-archive.de\/tuellmann\/produkt\/gerda-siepenbrink-beim-einkaufen\/"]}]},{"@type":"ImageObject","inLanguage":"de","@id":"https:\/\/bpk-archive.de\/tuellmann\/produkt\/gerda-siepenbrink-beim-einkaufen\/#primaryimage","url":"https:\/\/bpk-archive.de\/tuellmann\/wp-content\/uploads\/2019\/08\/bpk_70370979.jpg","contentUrl":"https:\/\/bpk-archive.de\/tuellmann\/wp-content\/uploads\/2019\/08\/bpk_70370979.jpg","width":1200,"height":934,"caption":"Gerda Siepenbrink beim Einkaufen"},{"@type":"BreadcrumbList","@id":"https:\/\/bpk-archive.de\/tuellmann\/produkt\/gerda-siepenbrink-beim-einkaufen\/#breadcrumb","itemListElement":[{"@type":"ListItem","position":1,"name":"Startseite","item":"https:\/\/bpk-archive.de\/tuellmann\/"},{"@type":"ListItem","position":2,"name":"Shop","item":"https:\/\/bpk-archive.de\/tuellmann\/shop\/"},{"@type":"ListItem","position":3,"name":"Gerda Siepenbrink beim Einkaufen"}]},{"@type":"WebSite","@id":"https:\/\/bpk-archive.de\/tuellmann\/#website","url":"https:\/\/bpk-archive.de\/tuellmann\/","name":"Abisag T\u00fcllmann","description":"Eine weitere WordPress-Website","potentialAction":[{"@type":"SearchAction","target":{"@type":"EntryPoint","urlTemplate":"https:\/\/bpk-archive.de\/tuellmann\/?s={search_term_string}"},"query-input":{"@type":"PropertyValueSpecification","valueRequired":true,"valueName":"search_term_string"}}],"inLanguage":"de"}]}},"_links":{"self":[{"href":"https:\/\/bpk-archive.de\/tuellmann\/wp-json\/wp\/v2\/product\/70296049","targetHints":{"allow":["GET"]}}],"collection":[{"href":"https:\/\/bpk-archive.de\/tuellmann\/wp-json\/wp\/v2\/product"}],"about":[{"href":"https:\/\/bpk-archive.de\/tuellmann\/wp-json\/wp\/v2\/types\/product"}],"wp:featuredmedia":[{"embeddable":true,"href":"https:\/\/bpk-archive.de\/tuellmann\/wp-json\/wp\/v2\/media\/70293673"}],"wp:attachment":[{"href":"https:\/\/bpk-archive.de\/tuellmann\/wp-json\/wp\/v2\/media?parent=70296049"}],"wp:term":[{"taxonomy":"product_brand","embeddable":true,"href":"https:\/\/bpk-archive.de\/tuellmann\/wp-json\/wp\/v2\/product_brand?post=70296049"},{"taxonomy":"product_cat","embeddable":true,"href":"https:\/\/bpk-archive.de\/tuellmann\/wp-json\/wp\/v2\/product_cat?post=70296049"},{"taxonomy":"product_tag","embeddable":true,"href":"https:\/\/bpk-archive.de\/tuellmann\/wp-json\/wp\/v2\/product_tag?post=70296049"}],"curies":[{"name":"wp","href":"https:\/\/api.w.org\/{rel}","templated":true}]}}