{"id":70296047,"date":"2019-09-05T15:25:18","date_gmt":"2019-09-05T13:25:18","guid":{"rendered":"http:\/\/abisagtuellmann.bpk-news.de\/atbild\/gerda-siepenbrink-bei-der-hausarbeit-5\/"},"modified":"2019-09-05T15:25:28","modified_gmt":"2019-09-05T13:25:28","slug":"gerda-siepenbrink-bei-der-hausarbeit-5","status":"publish","type":"product","link":"https:\/\/bpk-archive.de\/tuellmann\/produkt\/gerda-siepenbrink-bei-der-hausarbeit-5\/","title":{"rendered":"Gerda Siepenbrink bei der Hausarbeit"},"content":{"rendered":"<p>Aus der Serie f\u00fcr den Fotofilm &#8222;Tue recht und scheue niemand&#8220;, Regie: Jutta Br\u00fcckner, BRD 1975; Publiziert innerhalb einer Serie unter dem Titel &#8222;Wischen &#038; Waschen&#8220; in: Karl Markus Michel, Harald Wieser (Hg.): Kursbuch 59, April\/Mai 1980, Berlin: Kursbuch\/Rotbuch Verlag, S. 13-17<\/p>\n","protected":false},"excerpt":{"rendered":"<p>Aus der Serie f\u00fcr den Fotofilm &#8222;Tue recht und scheue niemand&#8220;, Regie: Jutta Br\u00fcckner, BRD 1975; Publiziert innerhalb einer Serie unter dem Titel &#8222;Wischen &#038; Waschen&#8220; in: Karl Markus Michel, Harald Wieser (Hg.): Kursbuch 59, April\/Mai 1980, Berlin: Kursbuch\/Rotbuch Verlag, S. 13-17<\/p>\n","protected":false},"featured_media":70293665,"template":"","meta":[],"product_brand":[],"product_cat":[],"product_tag":[13230,13232,13234,13231,13233,13235,59588,13777,47456,47457,47458,47459,47460,47461,47462,53290,49961,60016,60039,60040,52413,13784,13785,13469,13470,13958,13959,13253,13254,13255,13256,13257,13471,13472,13473,49678,60054,60055,53792,53793,53794,53795,53796,55800,55801,55802,13293,13786,13787,60017,13294,13295,13296,13297,51504,47267,49684,51505,60018,13487,13488,48579,53797,13974,13975,13976,13977,13978,50356,50357,50358,50359,50360,50361,51975,51976,51977,51978,54923,60056,50372,50373,50463,50464,13498,50476,50477,50478,49934,49935,13328,13827,13828,13329,13330,13331,13332,47332,13829,13835,13836,13842,13843,47333,47334,47335,47336,47337,47594,47595,13877,13879,13865,13864,13866,13858,13859,13860,13861,13862,13863,49718,49719,13354,13869,13870,13871,13872,13519,13520,13521,13522,13523,13524,13878,13880,47615,13525,50381,50389,50382,50383,50384,50385,50386,50387,50388,60057,60058,60059,50390,49984,48805,48804],"class_list":{"0":"post-70296047","1":"product","2":"type-product","3":"status-publish","4":"has-post-thumbnail","6":"product_tag-1970er-jahre","7":"product_tag-20-jahrhundert-nach-chr","8":"product_tag-20-jh-n-chr","9":"product_tag-20-jahrhundert","10":"product_tag-20-jh","11":"product_tag-70er","12":"product_tag-abt_019","13":"product_tag-abzug","14":"product_tag-arbeit","15":"product_tag-arbeiten","16":"product_tag-arbeitend","17":"product_tag-arbeitende","18":"product_tag-arbeitenden","19":"product_tag-arbeitender","20":"product_tag-arbeitendes","21":"product_tag-arbeitskittel","22":"product_tag-arbeitskleidung","23":"product_tag-at_wischen","24":"product_tag-badewanne","25":"product_tag-badewannen","26":"product_tag-badezimmer","27":"product_tag-bildnis","28":"product_tag-bildnisse","29":"product_tag-brd","30":"product_tag-bundesrepublik-deutschland","31":"product_tag-damenportraet","32":"product_tag-damenportraets","33":"product_tag-deutsch","34":"product_tag-deutsche","35":"product_tag-deutschen","36":"product_tag-deutscher","37":"product_tag-deutsches","38":"product_tag-deutschland","39":"product_tag-deutschlands","40":"product_tag-drinnen","41":"product_tag-emanzipation","42":"product_tag-feinwaesche","43":"product_tag-feinwaschmittel","44":"product_tag-feminismus","45":"product_tag-feministisch","46":"product_tag-feministische","47":"product_tag-feministischer","48":"product_tag-feministisches","49":"product_tag-film","50":"product_tag-filme","51":"product_tag-films","52":"product_tag-foto","53":"product_tag-fotoabzug","54":"product_tag-fotoabzuege","55":"product_tag-fotofilm","56":"product_tag-fotografie","57":"product_tag-fotografien","58":"product_tag-fotografin","59":"product_tag-fotografinnen","60":"product_tag-fotoreihe","61":"product_tag-fotoreportage","62":"product_tag-fotoserie","63":"product_tag-fotostrecke","64":"product_tag-fotostrecken","65":"product_tag-frau","66":"product_tag-frauen","67":"product_tag-frauenarbeit","68":"product_tag-frauenbewegung","69":"product_tag-frauenbildnis","70":"product_tag-frauenportrait","71":"product_tag-frauenportraits","72":"product_tag-frauenportraet","73":"product_tag-frauenportraets","74":"product_tag-gebeugt","75":"product_tag-gebeugte","76":"product_tag-gebeugtem","77":"product_tag-gebeugten","78":"product_tag-gebeugter","79":"product_tag-gebeugtes","80":"product_tag-gebueckt","81":"product_tag-gebueckte","82":"product_tag-gebueckter","83":"product_tag-gebuecktes","84":"product_tag-gleichberechtigung","85":"product_tag-handwaesche","86":"product_tag-hausarbeit","87":"product_tag-hausarbeiten","88":"product_tag-hausfrau","89":"product_tag-hausfrauen","90":"product_tag-innen","91":"product_tag-kittel","92":"product_tag-kitteln","93":"product_tag-kittels","94":"product_tag-kittelschuerze","95":"product_tag-kittelschuerzen","96":"product_tag-photo","97":"product_tag-photoabzug","98":"product_tag-photoabzuege","99":"product_tag-photographie","100":"product_tag-photographien","101":"product_tag-photographin","102":"product_tag-photographinnen","103":"product_tag-photoreportage","104":"product_tag-portrait","105":"product_tag-portraits","106":"product_tag-portraet","107":"product_tag-portraets","108":"product_tag-print","109":"product_tag-reportage","110":"product_tag-reportagefoto","111":"product_tag-reportagefotografie","112":"product_tag-reportagephoto","113":"product_tag-reportagephotographie","114":"product_tag-rueckansicht","115":"product_tag-rueckseite","116":"product_tag-s-w-fotografie","117":"product_tag-s-w-photographie","118":"product_tag-schwarzweissphotographie","119":"product_tag-schwarz-weiss-fotografie","120":"product_tag-schwarz-weiss-photographie","121":"product_tag-schwarzweiss","122":"product_tag-schwarzweisse","123":"product_tag-schwarzweissen","124":"product_tag-schwarzweisser","125":"product_tag-schwarzweisses","126":"product_tag-schwarzweissfotografie","127":"product_tag-serie","128":"product_tag-serien","129":"product_tag-siebziger","130":"product_tag-silbergelatine","131":"product_tag-silbergelatineabzug","132":"product_tag-silbergelatineabzuege","133":"product_tag-silbergelatineprint","134":"product_tag-stehen","135":"product_tag-stehend","136":"product_tag-stehende","137":"product_tag-stehenden","138":"product_tag-stehender","139":"product_tag-stehendes","140":"product_tag-sw-fotografie","141":"product_tag-sw-photographie","142":"product_tag-von-hinten","143":"product_tag-von-innen","144":"product_tag-waesche","145":"product_tag-waesche-waschen","146":"product_tag-waschen","147":"product_tag-waschend","148":"product_tag-waschende","149":"product_tag-waschenden","150":"product_tag-waschender","151":"product_tag-waschendes","152":"product_tag-waeschewaschen","153":"product_tag-waschmaschine","154":"product_tag-waschmaschinen","155":"product_tag-waschmittel","156":"product_tag-waescht","157":"product_tag-wischen","158":"product_tag-zu-hause","159":"product_tag-zuhause","160":"pa_datierung-13071","161":"pa_fotograf-abisag-tuellmann","162":"pa_geografischer_bezug-aufnahmeort-deutschland","163":"pa_grunddaten_material_technik-foto-silbergelatine-auf-barytpapier","164":"pa_inventarnummer-tue-75-130-26a","165":"pa_jahr_von-53481","166":"pa_massangaben-bildformat-foto-240-x-310-cm","167":"pa_mediennummer-60052","168":"pa_objekt_typ-fotografie","170":"first","171":"instock","172":"product-type-simple"},"yoast_head":"<!-- This site is optimized with the Yoast SEO plugin v27.3 - https:\/\/yoast.com\/product\/yoast-seo-wordpress\/ -->\n<title>Gerda Siepenbrink bei der Hausarbeit - Abisag T\u00fcllmann<\/title>\n<meta name=\"robots\" content=\"index, follow, max-snippet:-1, max-image-preview:large, max-video-preview:-1\" \/>\n<link rel=\"canonical\" href=\"https:\/\/bpk-archive.de\/tuellmann\/produkt\/gerda-siepenbrink-bei-der-hausarbeit-5\/\" \/>\n<meta property=\"og:locale\" content=\"de_DE\" \/>\n<meta property=\"og:type\" content=\"article\" \/>\n<meta property=\"og:title\" content=\"Gerda Siepenbrink bei der Hausarbeit - Abisag T\u00fcllmann\" \/>\n<meta property=\"og:description\" content=\"Aus der Serie f\u00fcr den Fotofilm &#8222;Tue recht und scheue niemand&#8220;, Regie: Jutta Br\u00fcckner, BRD 1975; Publiziert innerhalb einer Serie unter dem Titel &#8222;Wischen &#038; Waschen&#8220; in: Karl Markus Michel, Harald Wieser (Hg.): Kursbuch 59, April\/Mai 1980, Berlin: Kursbuch\/Rotbuch Verlag, S. 13-17\" \/>\n<meta property=\"og:url\" content=\"https:\/\/bpk-archive.de\/tuellmann\/produkt\/gerda-siepenbrink-bei-der-hausarbeit-5\/\" \/>\n<meta property=\"og:site_name\" content=\"Abisag T\u00fcllmann\" \/>\n<meta property=\"article:modified_time\" content=\"2019-09-05T13:25:28+00:00\" \/>\n<meta property=\"og:image\" content=\"https:\/\/bpk-archive.de\/tuellmann\/wp-content\/uploads\/2019\/08\/bpk_70370975.jpg\" \/>\n\t<meta property=\"og:image:width\" content=\"1200\" \/>\n\t<meta property=\"og:image:height\" content=\"938\" \/>\n\t<meta property=\"og:image:type\" content=\"image\/jpeg\" \/>\n<meta name=\"twitter:card\" content=\"summary_large_image\" \/>\n<script type=\"application\/ld+json\" class=\"yoast-schema-graph\">{\"@context\":\"https:\\\/\\\/schema.org\",\"@graph\":[{\"@type\":\"WebPage\",\"@id\":\"https:\\\/\\\/bpk-archive.de\\\/tuellmann\\\/produkt\\\/gerda-siepenbrink-bei-der-hausarbeit-5\\\/\",\"url\":\"https:\\\/\\\/bpk-archive.de\\\/tuellmann\\\/produkt\\\/gerda-siepenbrink-bei-der-hausarbeit-5\\\/\",\"name\":\"Gerda Siepenbrink bei der Hausarbeit - Abisag T\u00fcllmann\",\"isPartOf\":{\"@id\":\"https:\\\/\\\/bpk-archive.de\\\/tuellmann\\\/#website\"},\"primaryImageOfPage\":{\"@id\":\"https:\\\/\\\/bpk-archive.de\\\/tuellmann\\\/produkt\\\/gerda-siepenbrink-bei-der-hausarbeit-5\\\/#primaryimage\"},\"image\":{\"@id\":\"https:\\\/\\\/bpk-archive.de\\\/tuellmann\\\/produkt\\\/gerda-siepenbrink-bei-der-hausarbeit-5\\\/#primaryimage\"},\"thumbnailUrl\":\"https:\\\/\\\/bpk-archive.de\\\/tuellmann\\\/wp-content\\\/uploads\\\/2019\\\/08\\\/bpk_70370975.jpg\",\"datePublished\":\"2019-09-05T13:25:18+00:00\",\"dateModified\":\"2019-09-05T13:25:28+00:00\",\"breadcrumb\":{\"@id\":\"https:\\\/\\\/bpk-archive.de\\\/tuellmann\\\/produkt\\\/gerda-siepenbrink-bei-der-hausarbeit-5\\\/#breadcrumb\"},\"inLanguage\":\"de\",\"potentialAction\":[{\"@type\":\"ReadAction\",\"target\":[\"https:\\\/\\\/bpk-archive.de\\\/tuellmann\\\/produkt\\\/gerda-siepenbrink-bei-der-hausarbeit-5\\\/\"]}]},{\"@type\":\"ImageObject\",\"inLanguage\":\"de\",\"@id\":\"https:\\\/\\\/bpk-archive.de\\\/tuellmann\\\/produkt\\\/gerda-siepenbrink-bei-der-hausarbeit-5\\\/#primaryimage\",\"url\":\"https:\\\/\\\/bpk-archive.de\\\/tuellmann\\\/wp-content\\\/uploads\\\/2019\\\/08\\\/bpk_70370975.jpg\",\"contentUrl\":\"https:\\\/\\\/bpk-archive.de\\\/tuellmann\\\/wp-content\\\/uploads\\\/2019\\\/08\\\/bpk_70370975.jpg\",\"width\":1200,\"height\":938,\"caption\":\"Gerda Siepenbrink bei der Hausarbeit\"},{\"@type\":\"BreadcrumbList\",\"@id\":\"https:\\\/\\\/bpk-archive.de\\\/tuellmann\\\/produkt\\\/gerda-siepenbrink-bei-der-hausarbeit-5\\\/#breadcrumb\",\"itemListElement\":[{\"@type\":\"ListItem\",\"position\":1,\"name\":\"Startseite\",\"item\":\"https:\\\/\\\/bpk-archive.de\\\/tuellmann\\\/\"},{\"@type\":\"ListItem\",\"position\":2,\"name\":\"Shop\",\"item\":\"https:\\\/\\\/bpk-archive.de\\\/tuellmann\\\/shop\\\/\"},{\"@type\":\"ListItem\",\"position\":3,\"name\":\"Gerda Siepenbrink bei der Hausarbeit\"}]},{\"@type\":\"WebSite\",\"@id\":\"https:\\\/\\\/bpk-archive.de\\\/tuellmann\\\/#website\",\"url\":\"https:\\\/\\\/bpk-archive.de\\\/tuellmann\\\/\",\"name\":\"Abisag T\u00fcllmann\",\"description\":\"Eine weitere WordPress-Website\",\"potentialAction\":[{\"@type\":\"SearchAction\",\"target\":{\"@type\":\"EntryPoint\",\"urlTemplate\":\"https:\\\/\\\/bpk-archive.de\\\/tuellmann\\\/?s={search_term_string}\"},\"query-input\":{\"@type\":\"PropertyValueSpecification\",\"valueRequired\":true,\"valueName\":\"search_term_string\"}}],\"inLanguage\":\"de\"}]}<\/script>\n<!-- \/ Yoast SEO plugin. -->","yoast_head_json":{"title":"Gerda Siepenbrink bei der Hausarbeit - Abisag T\u00fcllmann","robots":{"index":"index","follow":"follow","max-snippet":"max-snippet:-1","max-image-preview":"max-image-preview:large","max-video-preview":"max-video-preview:-1"},"canonical":"https:\/\/bpk-archive.de\/tuellmann\/produkt\/gerda-siepenbrink-bei-der-hausarbeit-5\/","og_locale":"de_DE","og_type":"article","og_title":"Gerda Siepenbrink bei der Hausarbeit - Abisag T\u00fcllmann","og_description":"Aus der Serie f\u00fcr den Fotofilm &#8222;Tue recht und scheue niemand&#8220;, Regie: Jutta Br\u00fcckner, BRD 1975; Publiziert innerhalb einer Serie unter dem Titel &#8222;Wischen &#038; Waschen&#8220; in: Karl Markus Michel, Harald Wieser (Hg.): Kursbuch 59, April\/Mai 1980, Berlin: Kursbuch\/Rotbuch Verlag, S. 13-17","og_url":"https:\/\/bpk-archive.de\/tuellmann\/produkt\/gerda-siepenbrink-bei-der-hausarbeit-5\/","og_site_name":"Abisag T\u00fcllmann","article_modified_time":"2019-09-05T13:25:28+00:00","og_image":[{"width":1200,"height":938,"url":"https:\/\/bpk-archive.de\/tuellmann\/wp-content\/uploads\/2019\/08\/bpk_70370975.jpg","type":"image\/jpeg"}],"twitter_card":"summary_large_image","schema":{"@context":"https:\/\/schema.org","@graph":[{"@type":"WebPage","@id":"https:\/\/bpk-archive.de\/tuellmann\/produkt\/gerda-siepenbrink-bei-der-hausarbeit-5\/","url":"https:\/\/bpk-archive.de\/tuellmann\/produkt\/gerda-siepenbrink-bei-der-hausarbeit-5\/","name":"Gerda Siepenbrink bei der Hausarbeit - Abisag T\u00fcllmann","isPartOf":{"@id":"https:\/\/bpk-archive.de\/tuellmann\/#website"},"primaryImageOfPage":{"@id":"https:\/\/bpk-archive.de\/tuellmann\/produkt\/gerda-siepenbrink-bei-der-hausarbeit-5\/#primaryimage"},"image":{"@id":"https:\/\/bpk-archive.de\/tuellmann\/produkt\/gerda-siepenbrink-bei-der-hausarbeit-5\/#primaryimage"},"thumbnailUrl":"https:\/\/bpk-archive.de\/tuellmann\/wp-content\/uploads\/2019\/08\/bpk_70370975.jpg","datePublished":"2019-09-05T13:25:18+00:00","dateModified":"2019-09-05T13:25:28+00:00","breadcrumb":{"@id":"https:\/\/bpk-archive.de\/tuellmann\/produkt\/gerda-siepenbrink-bei-der-hausarbeit-5\/#breadcrumb"},"inLanguage":"de","potentialAction":[{"@type":"ReadAction","target":["https:\/\/bpk-archive.de\/tuellmann\/produkt\/gerda-siepenbrink-bei-der-hausarbeit-5\/"]}]},{"@type":"ImageObject","inLanguage":"de","@id":"https:\/\/bpk-archive.de\/tuellmann\/produkt\/gerda-siepenbrink-bei-der-hausarbeit-5\/#primaryimage","url":"https:\/\/bpk-archive.de\/tuellmann\/wp-content\/uploads\/2019\/08\/bpk_70370975.jpg","contentUrl":"https:\/\/bpk-archive.de\/tuellmann\/wp-content\/uploads\/2019\/08\/bpk_70370975.jpg","width":1200,"height":938,"caption":"Gerda Siepenbrink bei der Hausarbeit"},{"@type":"BreadcrumbList","@id":"https:\/\/bpk-archive.de\/tuellmann\/produkt\/gerda-siepenbrink-bei-der-hausarbeit-5\/#breadcrumb","itemListElement":[{"@type":"ListItem","position":1,"name":"Startseite","item":"https:\/\/bpk-archive.de\/tuellmann\/"},{"@type":"ListItem","position":2,"name":"Shop","item":"https:\/\/bpk-archive.de\/tuellmann\/shop\/"},{"@type":"ListItem","position":3,"name":"Gerda Siepenbrink bei der Hausarbeit"}]},{"@type":"WebSite","@id":"https:\/\/bpk-archive.de\/tuellmann\/#website","url":"https:\/\/bpk-archive.de\/tuellmann\/","name":"Abisag T\u00fcllmann","description":"Eine weitere WordPress-Website","potentialAction":[{"@type":"SearchAction","target":{"@type":"EntryPoint","urlTemplate":"https:\/\/bpk-archive.de\/tuellmann\/?s={search_term_string}"},"query-input":{"@type":"PropertyValueSpecification","valueRequired":true,"valueName":"search_term_string"}}],"inLanguage":"de"}]}},"_links":{"self":[{"href":"https:\/\/bpk-archive.de\/tuellmann\/wp-json\/wp\/v2\/product\/70296047","targetHints":{"allow":["GET"]}}],"collection":[{"href":"https:\/\/bpk-archive.de\/tuellmann\/wp-json\/wp\/v2\/product"}],"about":[{"href":"https:\/\/bpk-archive.de\/tuellmann\/wp-json\/wp\/v2\/types\/product"}],"wp:featuredmedia":[{"embeddable":true,"href":"https:\/\/bpk-archive.de\/tuellmann\/wp-json\/wp\/v2\/media\/70293665"}],"wp:attachment":[{"href":"https:\/\/bpk-archive.de\/tuellmann\/wp-json\/wp\/v2\/media?parent=70296047"}],"wp:term":[{"taxonomy":"product_brand","embeddable":true,"href":"https:\/\/bpk-archive.de\/tuellmann\/wp-json\/wp\/v2\/product_brand?post=70296047"},{"taxonomy":"product_cat","embeddable":true,"href":"https:\/\/bpk-archive.de\/tuellmann\/wp-json\/wp\/v2\/product_cat?post=70296047"},{"taxonomy":"product_tag","embeddable":true,"href":"https:\/\/bpk-archive.de\/tuellmann\/wp-json\/wp\/v2\/product_tag?post=70296047"}],"curies":[{"name":"wp","href":"https:\/\/api.w.org\/{rel}","templated":true}]}}