{"id":70296032,"date":"2019-09-05T15:25:00","date_gmt":"2019-09-05T13:25:00","guid":{"rendered":"http:\/\/abisagtuellmann.bpk-news.de\/atbild\/anzug-tragender-zeitungsleser-in-einem-schnellrestaurant\/"},"modified":"2020-08-11T16:32:19","modified_gmt":"2020-08-11T14:32:19","slug":"anzug-tragender-zeitungsleser-in-einem-schnellrestaurant","status":"publish","type":"product","link":"https:\/\/bpk-archive.de\/tuellmann\/produkt\/anzug-tragender-zeitungsleser-in-einem-schnellrestaurant\/","title":{"rendered":"Anzug tragender Zeitungsleser in einem Schnellrestaurant"},"content":{"rendered":"<p>R\u00fcckseitenbeschriftung von Hand der Fotografin: &#8222;Z\u00fcrich&#8220;<\/p>\n","protected":false},"excerpt":{"rendered":"<p>R\u00fcckseitenbeschriftung von Hand der Fotografin: &#8222;Z\u00fcrich&#8220;<\/p>\n","protected":false},"featured_media":70293628,"template":"","meta":[],"product_brand":[],"product_cat":[73382],"product_tag":[13774,13232,13234,13231,13233,13775,13776,13777,50425,50426,13778,13253,13254,13255,13256,13257,13473,50706,50707,50708,50709,50710,50711,13293,13786,13787,13294,13295,13296,13297,13979,13980,13981,47886,50434,50435,50715,52630,52631,52632,52633,13498,50716,51335,51336,47762,47763,47766,49747,49748,49749,49750,49751,49752,49753,13818,13819,13826,13328,13827,13828,13329,13330,13331,13332,13843,13877,13879,57570,57571,13865,13864,13866,13858,13859,13860,13861,13862,13863,59215,59216,59218,59219,59220,59221,59222,13867,13869,13870,13871,13872,14243,14244,14245,14246,14247,14248,14249,13878,13880,13525,55994,53951,59924,59925,59926,59927],"class_list":{"0":"post-70296032","1":"product","2":"type-product","3":"status-publish","4":"has-post-thumbnail","6":"product_cat-konsum-freizeit","7":"product_tag-1960er-jahre","8":"product_tag-20-jahrhundert-nach-chr","9":"product_tag-20-jh-n-chr","10":"product_tag-20-jahrhundert","11":"product_tag-20-jh","12":"product_tag-60er","13":"product_tag-abt_018","14":"product_tag-abzug","15":"product_tag-anzug","16":"product_tag-anzuege","17":"product_tag-at_konsum-freizeit","18":"product_tag-deutsch","19":"product_tag-deutsche","20":"product_tag-deutschen","21":"product_tag-deutscher","22":"product_tag-deutsches","23":"product_tag-drinnen","24":"product_tag-essen","25":"product_tag-essend","26":"product_tag-essende","27":"product_tag-essenden","28":"product_tag-essender","29":"product_tag-essendes","30":"product_tag-foto","31":"product_tag-fotoabzug","32":"product_tag-fotoabzuege","33":"product_tag-fotografie","34":"product_tag-fotografien","35":"product_tag-fotografin","36":"product_tag-fotografinnen","37":"product_tag-gast","38":"product_tag-gaeste","39":"product_tag-gaesten","40":"product_tag-geschaeftsmann","41":"product_tag-herrenanzug","42":"product_tag-herrenanzuege","43":"product_tag-imbiss","44":"product_tag-imbissbude","45":"product_tag-imbissbuden","46":"product_tag-imbissstube","47":"product_tag-imbissstuben","48":"product_tag-innen","49":"product_tag-isst","50":"product_tag-kantine","51":"product_tag-kantinen","52":"product_tag-kunde","53":"product_tag-kunden","54":"product_tag-kundschaft","55":"product_tag-lektuere","56":"product_tag-lesen","57":"product_tag-lesend","58":"product_tag-lesende","59":"product_tag-lesenden","60":"product_tag-lesender","61":"product_tag-lesendes","62":"product_tag-mann","63":"product_tag-maenner","64":"product_tag-mannes","65":"product_tag-photo","66":"product_tag-photoabzug","67":"product_tag-photoabzuege","68":"product_tag-photographie","69":"product_tag-photographien","70":"product_tag-photographin","71":"product_tag-photographinnen","72":"product_tag-print","73":"product_tag-s-w-fotografie","74":"product_tag-s-w-photographie","75":"product_tag-schnellimbiss","76":"product_tag-schnellrestaurant","77":"product_tag-schwarzweissphotographie","78":"product_tag-schwarz-weiss-fotografie","79":"product_tag-schwarz-weiss-photographie","80":"product_tag-schwarzweiss","81":"product_tag-schwarzweisse","82":"product_tag-schwarzweissen","83":"product_tag-schwarzweisser","84":"product_tag-schwarzweisses","85":"product_tag-schwarzweissfotografie","86":"product_tag-schweiz","87":"product_tag-schweizer","88":"product_tag-schweizerisch","89":"product_tag-schweizerische","90":"product_tag-schweizerischen","91":"product_tag-schweizerischer","92":"product_tag-schweizerisches","93":"product_tag-sechziger","94":"product_tag-silbergelatine","95":"product_tag-silbergelatineabzug","96":"product_tag-silbergelatineabzuege","97":"product_tag-silbergelatineprint","98":"product_tag-sitzen","99":"product_tag-sitzend","100":"product_tag-sitzende","101":"product_tag-sitzenden","102":"product_tag-sitzender","103":"product_tag-sitzendes","104":"product_tag-sitzt","105":"product_tag-sw-fotografie","106":"product_tag-sw-photographie","107":"product_tag-von-innen","108":"product_tag-zeitungslektuere","109":"product_tag-zeitungsleser","110":"product_tag-zuercher","111":"product_tag-zuerich","112":"product_tag-zuericher","113":"product_tag-zuerichs","114":"pa_datierung-maerz-1964","115":"pa_fotograf-abisag-tuellmann","116":"pa_geografischer_bezug-aufnahmeort-zuerich-schweiz","117":"pa_grunddaten_material_technik-foto-silbergelatine-auf-barytpapier","118":"pa_inventarnummer-tue-64-023-36a","119":"pa_jahr_von-13885","120":"pa_massangaben-bildformat-foto-243-x-290-cm","121":"pa_mediennummer-59919","122":"pa_objekt_typ-fotografie","124":"first","125":"instock","126":"product-type-simple"},"yoast_head":"<!-- This site is optimized with the Yoast SEO plugin v27.4 - https:\/\/yoast.com\/product\/yoast-seo-wordpress\/ -->\n<title>Anzug tragender Zeitungsleser in einem Schnellrestaurant - Abisag T\u00fcllmann<\/title>\n<meta name=\"robots\" content=\"index, follow, max-snippet:-1, max-image-preview:large, max-video-preview:-1\" \/>\n<link rel=\"canonical\" href=\"https:\/\/bpk-archive.de\/tuellmann\/produkt\/anzug-tragender-zeitungsleser-in-einem-schnellrestaurant\/\" \/>\n<meta property=\"og:locale\" content=\"de_DE\" \/>\n<meta property=\"og:type\" content=\"article\" \/>\n<meta property=\"og:title\" content=\"Anzug tragender Zeitungsleser in einem Schnellrestaurant - Abisag T\u00fcllmann\" \/>\n<meta property=\"og:description\" content=\"R\u00fcckseitenbeschriftung von Hand der Fotografin: &#8222;Z\u00fcrich&#8220;\" \/>\n<meta property=\"og:url\" content=\"https:\/\/bpk-archive.de\/tuellmann\/produkt\/anzug-tragender-zeitungsleser-in-einem-schnellrestaurant\/\" \/>\n<meta property=\"og:site_name\" content=\"Abisag T\u00fcllmann\" \/>\n<meta property=\"article:modified_time\" content=\"2020-08-11T14:32:19+00:00\" \/>\n<meta property=\"og:image\" content=\"https:\/\/bpk-archive.de\/tuellmann\/wp-content\/uploads\/2019\/08\/bpk_70370958.jpg\" \/>\n\t<meta property=\"og:image:width\" content=\"1200\" \/>\n\t<meta property=\"og:image:height\" content=\"981\" \/>\n\t<meta property=\"og:image:type\" content=\"image\/jpeg\" \/>\n<meta name=\"twitter:card\" content=\"summary_large_image\" \/>\n<script type=\"application\/ld+json\" class=\"yoast-schema-graph\">{\"@context\":\"https:\\\/\\\/schema.org\",\"@graph\":[{\"@type\":\"WebPage\",\"@id\":\"https:\\\/\\\/bpk-archive.de\\\/tuellmann\\\/produkt\\\/anzug-tragender-zeitungsleser-in-einem-schnellrestaurant\\\/\",\"url\":\"https:\\\/\\\/bpk-archive.de\\\/tuellmann\\\/produkt\\\/anzug-tragender-zeitungsleser-in-einem-schnellrestaurant\\\/\",\"name\":\"Anzug tragender Zeitungsleser in einem Schnellrestaurant - Abisag T\u00fcllmann\",\"isPartOf\":{\"@id\":\"https:\\\/\\\/bpk-archive.de\\\/tuellmann\\\/#website\"},\"primaryImageOfPage\":{\"@id\":\"https:\\\/\\\/bpk-archive.de\\\/tuellmann\\\/produkt\\\/anzug-tragender-zeitungsleser-in-einem-schnellrestaurant\\\/#primaryimage\"},\"image\":{\"@id\":\"https:\\\/\\\/bpk-archive.de\\\/tuellmann\\\/produkt\\\/anzug-tragender-zeitungsleser-in-einem-schnellrestaurant\\\/#primaryimage\"},\"thumbnailUrl\":\"https:\\\/\\\/bpk-archive.de\\\/tuellmann\\\/wp-content\\\/uploads\\\/2019\\\/08\\\/bpk_70370958.jpg\",\"datePublished\":\"2019-09-05T13:25:00+00:00\",\"dateModified\":\"2020-08-11T14:32:19+00:00\",\"breadcrumb\":{\"@id\":\"https:\\\/\\\/bpk-archive.de\\\/tuellmann\\\/produkt\\\/anzug-tragender-zeitungsleser-in-einem-schnellrestaurant\\\/#breadcrumb\"},\"inLanguage\":\"de\",\"potentialAction\":[{\"@type\":\"ReadAction\",\"target\":[\"https:\\\/\\\/bpk-archive.de\\\/tuellmann\\\/produkt\\\/anzug-tragender-zeitungsleser-in-einem-schnellrestaurant\\\/\"]}]},{\"@type\":\"ImageObject\",\"inLanguage\":\"de\",\"@id\":\"https:\\\/\\\/bpk-archive.de\\\/tuellmann\\\/produkt\\\/anzug-tragender-zeitungsleser-in-einem-schnellrestaurant\\\/#primaryimage\",\"url\":\"https:\\\/\\\/bpk-archive.de\\\/tuellmann\\\/wp-content\\\/uploads\\\/2019\\\/08\\\/bpk_70370958.jpg\",\"contentUrl\":\"https:\\\/\\\/bpk-archive.de\\\/tuellmann\\\/wp-content\\\/uploads\\\/2019\\\/08\\\/bpk_70370958.jpg\",\"width\":1200,\"height\":981,\"caption\":\"Anzug tragender Zeitungsleser in einem Schnellrestaurant\"},{\"@type\":\"BreadcrumbList\",\"@id\":\"https:\\\/\\\/bpk-archive.de\\\/tuellmann\\\/produkt\\\/anzug-tragender-zeitungsleser-in-einem-schnellrestaurant\\\/#breadcrumb\",\"itemListElement\":[{\"@type\":\"ListItem\",\"position\":1,\"name\":\"Startseite\",\"item\":\"https:\\\/\\\/bpk-archive.de\\\/tuellmann\\\/\"},{\"@type\":\"ListItem\",\"position\":2,\"name\":\"Shop\",\"item\":\"https:\\\/\\\/bpk-archive.de\\\/tuellmann\\\/shop\\\/\"},{\"@type\":\"ListItem\",\"position\":3,\"name\":\"Anzug tragender Zeitungsleser in einem Schnellrestaurant\"}]},{\"@type\":\"WebSite\",\"@id\":\"https:\\\/\\\/bpk-archive.de\\\/tuellmann\\\/#website\",\"url\":\"https:\\\/\\\/bpk-archive.de\\\/tuellmann\\\/\",\"name\":\"Abisag T\u00fcllmann\",\"description\":\"Eine weitere WordPress-Website\",\"potentialAction\":[{\"@type\":\"SearchAction\",\"target\":{\"@type\":\"EntryPoint\",\"urlTemplate\":\"https:\\\/\\\/bpk-archive.de\\\/tuellmann\\\/?s={search_term_string}\"},\"query-input\":{\"@type\":\"PropertyValueSpecification\",\"valueRequired\":true,\"valueName\":\"search_term_string\"}}],\"inLanguage\":\"de\"}]}<\/script>\n<!-- \/ Yoast SEO plugin. -->","yoast_head_json":{"title":"Anzug tragender Zeitungsleser in einem Schnellrestaurant - Abisag T\u00fcllmann","robots":{"index":"index","follow":"follow","max-snippet":"max-snippet:-1","max-image-preview":"max-image-preview:large","max-video-preview":"max-video-preview:-1"},"canonical":"https:\/\/bpk-archive.de\/tuellmann\/produkt\/anzug-tragender-zeitungsleser-in-einem-schnellrestaurant\/","og_locale":"de_DE","og_type":"article","og_title":"Anzug tragender Zeitungsleser in einem Schnellrestaurant - Abisag T\u00fcllmann","og_description":"R\u00fcckseitenbeschriftung von Hand der Fotografin: &#8222;Z\u00fcrich&#8220;","og_url":"https:\/\/bpk-archive.de\/tuellmann\/produkt\/anzug-tragender-zeitungsleser-in-einem-schnellrestaurant\/","og_site_name":"Abisag T\u00fcllmann","article_modified_time":"2020-08-11T14:32:19+00:00","og_image":[{"width":1200,"height":981,"url":"https:\/\/bpk-archive.de\/tuellmann\/wp-content\/uploads\/2019\/08\/bpk_70370958.jpg","type":"image\/jpeg"}],"twitter_card":"summary_large_image","schema":{"@context":"https:\/\/schema.org","@graph":[{"@type":"WebPage","@id":"https:\/\/bpk-archive.de\/tuellmann\/produkt\/anzug-tragender-zeitungsleser-in-einem-schnellrestaurant\/","url":"https:\/\/bpk-archive.de\/tuellmann\/produkt\/anzug-tragender-zeitungsleser-in-einem-schnellrestaurant\/","name":"Anzug tragender Zeitungsleser in einem Schnellrestaurant - Abisag T\u00fcllmann","isPartOf":{"@id":"https:\/\/bpk-archive.de\/tuellmann\/#website"},"primaryImageOfPage":{"@id":"https:\/\/bpk-archive.de\/tuellmann\/produkt\/anzug-tragender-zeitungsleser-in-einem-schnellrestaurant\/#primaryimage"},"image":{"@id":"https:\/\/bpk-archive.de\/tuellmann\/produkt\/anzug-tragender-zeitungsleser-in-einem-schnellrestaurant\/#primaryimage"},"thumbnailUrl":"https:\/\/bpk-archive.de\/tuellmann\/wp-content\/uploads\/2019\/08\/bpk_70370958.jpg","datePublished":"2019-09-05T13:25:00+00:00","dateModified":"2020-08-11T14:32:19+00:00","breadcrumb":{"@id":"https:\/\/bpk-archive.de\/tuellmann\/produkt\/anzug-tragender-zeitungsleser-in-einem-schnellrestaurant\/#breadcrumb"},"inLanguage":"de","potentialAction":[{"@type":"ReadAction","target":["https:\/\/bpk-archive.de\/tuellmann\/produkt\/anzug-tragender-zeitungsleser-in-einem-schnellrestaurant\/"]}]},{"@type":"ImageObject","inLanguage":"de","@id":"https:\/\/bpk-archive.de\/tuellmann\/produkt\/anzug-tragender-zeitungsleser-in-einem-schnellrestaurant\/#primaryimage","url":"https:\/\/bpk-archive.de\/tuellmann\/wp-content\/uploads\/2019\/08\/bpk_70370958.jpg","contentUrl":"https:\/\/bpk-archive.de\/tuellmann\/wp-content\/uploads\/2019\/08\/bpk_70370958.jpg","width":1200,"height":981,"caption":"Anzug tragender Zeitungsleser in einem Schnellrestaurant"},{"@type":"BreadcrumbList","@id":"https:\/\/bpk-archive.de\/tuellmann\/produkt\/anzug-tragender-zeitungsleser-in-einem-schnellrestaurant\/#breadcrumb","itemListElement":[{"@type":"ListItem","position":1,"name":"Startseite","item":"https:\/\/bpk-archive.de\/tuellmann\/"},{"@type":"ListItem","position":2,"name":"Shop","item":"https:\/\/bpk-archive.de\/tuellmann\/shop\/"},{"@type":"ListItem","position":3,"name":"Anzug tragender Zeitungsleser in einem Schnellrestaurant"}]},{"@type":"WebSite","@id":"https:\/\/bpk-archive.de\/tuellmann\/#website","url":"https:\/\/bpk-archive.de\/tuellmann\/","name":"Abisag T\u00fcllmann","description":"Eine weitere WordPress-Website","potentialAction":[{"@type":"SearchAction","target":{"@type":"EntryPoint","urlTemplate":"https:\/\/bpk-archive.de\/tuellmann\/?s={search_term_string}"},"query-input":{"@type":"PropertyValueSpecification","valueRequired":true,"valueName":"search_term_string"}}],"inLanguage":"de"}]}},"_links":{"self":[{"href":"https:\/\/bpk-archive.de\/tuellmann\/wp-json\/wp\/v2\/product\/70296032","targetHints":{"allow":["GET"]}}],"collection":[{"href":"https:\/\/bpk-archive.de\/tuellmann\/wp-json\/wp\/v2\/product"}],"about":[{"href":"https:\/\/bpk-archive.de\/tuellmann\/wp-json\/wp\/v2\/types\/product"}],"wp:featuredmedia":[{"embeddable":true,"href":"https:\/\/bpk-archive.de\/tuellmann\/wp-json\/wp\/v2\/media\/70293628"}],"wp:attachment":[{"href":"https:\/\/bpk-archive.de\/tuellmann\/wp-json\/wp\/v2\/media?parent=70296032"}],"wp:term":[{"taxonomy":"product_brand","embeddable":true,"href":"https:\/\/bpk-archive.de\/tuellmann\/wp-json\/wp\/v2\/product_brand?post=70296032"},{"taxonomy":"product_cat","embeddable":true,"href":"https:\/\/bpk-archive.de\/tuellmann\/wp-json\/wp\/v2\/product_cat?post=70296032"},{"taxonomy":"product_tag","embeddable":true,"href":"https:\/\/bpk-archive.de\/tuellmann\/wp-json\/wp\/v2\/product_tag?post=70296032"}],"curies":[{"name":"wp","href":"https:\/\/api.w.org\/{rel}","templated":true}]}}