{"id":70295957,"date":"2019-09-05T15:24:05","date_gmt":"2019-09-05T13:24:05","guid":{"rendered":"http:\/\/abisagtuellmann.bpk-news.de\/atbild\/guellues-hochzeit-5\/"},"modified":"2019-09-05T15:24:07","modified_gmt":"2019-09-05T13:24:07","slug":"guellues-hochzeit-5","status":"publish","type":"product","link":"https:\/\/bpk-archive.de\/tuellmann\/produkt\/guellues-hochzeit-5\/","title":{"rendered":"&#8222;G\u00fcll\u00fcs Hochzeit&#8220;"},"content":{"rendered":"","protected":false},"excerpt":{"rendered":"","protected":false},"featured_media":70294049,"template":"","meta":[],"product_brand":[],"product_cat":[],"product_tag":[47237,14308,13232,13234,13231,13233,47238,14309,47240,59326,59327,59328,59329,58737,58738,58739,58740,13469,14178,14179,13470,13253,13254,13255,13256,13257,13471,13472,13258,13259,13473,13966,13967,13968,13969,13970,13971,13262,13263,13264,13265,13266,13267,13272,13273,13274,13282,13283,13284,13285,13286,13287,13972,13973,58491,13293,13294,13295,13296,13297,13487,13488,13979,13980,13981,13982,13987,13988,13989,13990,13991,13992,13993,13994,13995,13996,13997,58754,58755,58756,58757,13498,13813,13814,14203,14204,14205,14206,14207,14213,14218,14219,14220,14221,14000,14001,14002,14003,14004,14005,14006,13310,13311,13818,13819,13826,14328,13328,13329,13330,13331,13332,49387,49388,49389,49390,49391,49392,58492,58493,57579,57580,14010,14011,13525],"class_list":{"0":"post-70295957","1":"product","2":"type-product","3":"status-publish","4":"has-post-thumbnail","6":"product_tag-1980er-jahre","7":"product_tag-1990er-jahre","8":"product_tag-20-jahrhundert-nach-chr","9":"product_tag-20-jh-n-chr","10":"product_tag-20-jahrhundert","11":"product_tag-20-jh","12":"product_tag-80er","13":"product_tag-90er","14":"product_tag-achtziger","15":"product_tag-braut","16":"product_tag-braeute","17":"product_tag-braeutigam","18":"product_tag-braeutigams","19":"product_tag-brautpaar","20":"product_tag-brautpaare","21":"product_tag-brautpaares","22":"product_tag-brautpaars","23":"product_tag-brd","24":"product_tag-bube","25":"product_tag-buben","26":"product_tag-bundesrepublik-deutschland","27":"product_tag-deutsch","28":"product_tag-deutsche","29":"product_tag-deutschen","30":"product_tag-deutscher","31":"product_tag-deutsches","32":"product_tag-deutschland","33":"product_tag-deutschlands","34":"product_tag-dia","35":"product_tag-diapositiv","36":"product_tag-drinnen","37":"product_tag-eheschliessung","38":"product_tag-eheschliessungen","39":"product_tag-familienfeier","40":"product_tag-familienfeiern","41":"product_tag-familienfest","42":"product_tag-familienfeste","43":"product_tag-farbdia","44":"product_tag-farbdiapositiv","45":"product_tag-farbe","46":"product_tag-farben","47":"product_tag-farbfoto","48":"product_tag-farbfotografie","49":"product_tag-farbphoto","50":"product_tag-farbphotographie","51":"product_tag-feier","52":"product_tag-feiern","53":"product_tag-feiernd","54":"product_tag-feiernde","55":"product_tag-feiernden","56":"product_tag-feierndes","57":"product_tag-feiert","58":"product_tag-fest","59":"product_tag-feste","60":"product_tag-festgesellschaft","61":"product_tag-foto","62":"product_tag-fotografie","63":"product_tag-fotografien","64":"product_tag-fotografin","65":"product_tag-fotografinnen","66":"product_tag-frau","67":"product_tag-frauen","68":"product_tag-gast","69":"product_tag-gaeste","70":"product_tag-gaesten","71":"product_tag-heirat","72":"product_tag-hochzeit","73":"product_tag-hochzeiten","74":"product_tag-hochzeitfeste","75":"product_tag-hochzeitfestes","76":"product_tag-hochzeitsfeier","77":"product_tag-hochzeitsfeiern","78":"product_tag-hochzeitsfest","79":"product_tag-hochzeitsgast","80":"product_tag-hochzeitsgaeste","81":"product_tag-hochzeitsgastes","82":"product_tag-hochzeitsgesellschaft","83":"product_tag-hochzeitspaar","84":"product_tag-hochzeitspaare","85":"product_tag-hochzeitspaares","86":"product_tag-hochzeitspaars","87":"product_tag-innen","88":"product_tag-junge","89":"product_tag-jungen","90":"product_tag-jungens","91":"product_tag-jungs","92":"product_tag-kind","93":"product_tag-kinde","94":"product_tag-kinder","95":"product_tag-kindern","96":"product_tag-kindes","97":"product_tag-kindheit","98":"product_tag-knabe","99":"product_tag-knaben","100":"product_tag-laecheln","101":"product_tag-laechelnd","102":"product_tag-laechelnde","103":"product_tag-laechelnden","104":"product_tag-laechelnder","105":"product_tag-laechelndes","106":"product_tag-laechelt","107":"product_tag-maedchen","108":"product_tag-maedchens","109":"product_tag-mann","110":"product_tag-maenner","111":"product_tag-mannes","112":"product_tag-neunziger","113":"product_tag-photo","114":"product_tag-photographie","115":"product_tag-photographien","116":"product_tag-photographin","117":"product_tag-photographinnen","118":"product_tag-tanzen","119":"product_tag-tanzend","120":"product_tag-tanzende","121":"product_tag-tanzenden","122":"product_tag-tanzender","123":"product_tag-tanzendes","124":"product_tag-taenzer","125":"product_tag-taenzers","126":"product_tag-tanzflaeche","127":"product_tag-tanzflaechen","128":"product_tag-vermaehlung","129":"product_tag-vermaehlungen","130":"product_tag-von-innen","131":"pa_datierung-1980er-1990er-jahre","132":"pa_fotograf-abisag-tuellmann","133":"pa_geografischer_bezug-aufnahmeort-deutschland","134":"pa_grunddaten_material_technik-foto-farbdia","135":"pa_interne_nummer-at_d_000334_25","136":"pa_inventarnummer-tue_f00-03-34-25","137":"pa_jahr_bis-58490","138":"pa_jahr_von-53247","139":"pa_mediennummer-59333","140":"pa_objekt_typ-fotografie","142":"first","143":"instock","144":"product-type-simple"},"yoast_head":"<!-- This site is optimized with the Yoast SEO plugin v27.4 - https:\/\/yoast.com\/product\/yoast-seo-wordpress\/ -->\n<title>&quot;G\u00fcll\u00fcs Hochzeit&quot; - Abisag T\u00fcllmann<\/title>\n<meta name=\"robots\" content=\"index, follow, max-snippet:-1, max-image-preview:large, max-video-preview:-1\" \/>\n<link rel=\"canonical\" href=\"https:\/\/bpk-archive.de\/tuellmann\/produkt\/guellues-hochzeit-5\/\" \/>\n<meta property=\"og:locale\" content=\"de_DE\" \/>\n<meta property=\"og:type\" content=\"article\" \/>\n<meta property=\"og:title\" content=\"&quot;G\u00fcll\u00fcs Hochzeit&quot; - Abisag T\u00fcllmann\" \/>\n<meta property=\"og:url\" content=\"https:\/\/bpk-archive.de\/tuellmann\/produkt\/guellues-hochzeit-5\/\" \/>\n<meta property=\"og:site_name\" content=\"Abisag T\u00fcllmann\" \/>\n<meta property=\"article:modified_time\" content=\"2019-09-05T13:24:07+00:00\" \/>\n<meta property=\"og:image\" content=\"https:\/\/bpk-archive.de\/tuellmann\/wp-content\/uploads\/2019\/08\/bpk_70371464.jpg\" \/>\n\t<meta property=\"og:image:width\" content=\"1200\" \/>\n\t<meta property=\"og:image:height\" content=\"808\" \/>\n\t<meta property=\"og:image:type\" content=\"image\/jpeg\" \/>\n<meta name=\"twitter:card\" content=\"summary_large_image\" \/>\n<script type=\"application\/ld+json\" class=\"yoast-schema-graph\">{\"@context\":\"https:\\\/\\\/schema.org\",\"@graph\":[{\"@type\":\"WebPage\",\"@id\":\"https:\\\/\\\/bpk-archive.de\\\/tuellmann\\\/produkt\\\/guellues-hochzeit-5\\\/\",\"url\":\"https:\\\/\\\/bpk-archive.de\\\/tuellmann\\\/produkt\\\/guellues-hochzeit-5\\\/\",\"name\":\"\\\"G\u00fcll\u00fcs Hochzeit\\\" - Abisag T\u00fcllmann\",\"isPartOf\":{\"@id\":\"https:\\\/\\\/bpk-archive.de\\\/tuellmann\\\/#website\"},\"primaryImageOfPage\":{\"@id\":\"https:\\\/\\\/bpk-archive.de\\\/tuellmann\\\/produkt\\\/guellues-hochzeit-5\\\/#primaryimage\"},\"image\":{\"@id\":\"https:\\\/\\\/bpk-archive.de\\\/tuellmann\\\/produkt\\\/guellues-hochzeit-5\\\/#primaryimage\"},\"thumbnailUrl\":\"https:\\\/\\\/bpk-archive.de\\\/tuellmann\\\/wp-content\\\/uploads\\\/2019\\\/08\\\/bpk_70371464.jpg\",\"datePublished\":\"2019-09-05T13:24:05+00:00\",\"dateModified\":\"2019-09-05T13:24:07+00:00\",\"breadcrumb\":{\"@id\":\"https:\\\/\\\/bpk-archive.de\\\/tuellmann\\\/produkt\\\/guellues-hochzeit-5\\\/#breadcrumb\"},\"inLanguage\":\"de\",\"potentialAction\":[{\"@type\":\"ReadAction\",\"target\":[\"https:\\\/\\\/bpk-archive.de\\\/tuellmann\\\/produkt\\\/guellues-hochzeit-5\\\/\"]}]},{\"@type\":\"ImageObject\",\"inLanguage\":\"de\",\"@id\":\"https:\\\/\\\/bpk-archive.de\\\/tuellmann\\\/produkt\\\/guellues-hochzeit-5\\\/#primaryimage\",\"url\":\"https:\\\/\\\/bpk-archive.de\\\/tuellmann\\\/wp-content\\\/uploads\\\/2019\\\/08\\\/bpk_70371464.jpg\",\"contentUrl\":\"https:\\\/\\\/bpk-archive.de\\\/tuellmann\\\/wp-content\\\/uploads\\\/2019\\\/08\\\/bpk_70371464.jpg\",\"width\":1200,\"height\":808,\"caption\":\"\\\"G\u00fcll\u00fcs Hochzeit\\\"\"},{\"@type\":\"BreadcrumbList\",\"@id\":\"https:\\\/\\\/bpk-archive.de\\\/tuellmann\\\/produkt\\\/guellues-hochzeit-5\\\/#breadcrumb\",\"itemListElement\":[{\"@type\":\"ListItem\",\"position\":1,\"name\":\"Startseite\",\"item\":\"https:\\\/\\\/bpk-archive.de\\\/tuellmann\\\/\"},{\"@type\":\"ListItem\",\"position\":2,\"name\":\"Shop\",\"item\":\"https:\\\/\\\/bpk-archive.de\\\/tuellmann\\\/shop\\\/\"},{\"@type\":\"ListItem\",\"position\":3,\"name\":\"&#8220;G\u00fcll\u00fcs Hochzeit&#8221;\"}]},{\"@type\":\"WebSite\",\"@id\":\"https:\\\/\\\/bpk-archive.de\\\/tuellmann\\\/#website\",\"url\":\"https:\\\/\\\/bpk-archive.de\\\/tuellmann\\\/\",\"name\":\"Abisag T\u00fcllmann\",\"description\":\"Eine weitere WordPress-Website\",\"potentialAction\":[{\"@type\":\"SearchAction\",\"target\":{\"@type\":\"EntryPoint\",\"urlTemplate\":\"https:\\\/\\\/bpk-archive.de\\\/tuellmann\\\/?s={search_term_string}\"},\"query-input\":{\"@type\":\"PropertyValueSpecification\",\"valueRequired\":true,\"valueName\":\"search_term_string\"}}],\"inLanguage\":\"de\"}]}<\/script>\n<!-- \/ Yoast SEO plugin. -->","yoast_head_json":{"title":"\"G\u00fcll\u00fcs Hochzeit\" - Abisag T\u00fcllmann","robots":{"index":"index","follow":"follow","max-snippet":"max-snippet:-1","max-image-preview":"max-image-preview:large","max-video-preview":"max-video-preview:-1"},"canonical":"https:\/\/bpk-archive.de\/tuellmann\/produkt\/guellues-hochzeit-5\/","og_locale":"de_DE","og_type":"article","og_title":"\"G\u00fcll\u00fcs Hochzeit\" - Abisag T\u00fcllmann","og_url":"https:\/\/bpk-archive.de\/tuellmann\/produkt\/guellues-hochzeit-5\/","og_site_name":"Abisag T\u00fcllmann","article_modified_time":"2019-09-05T13:24:07+00:00","og_image":[{"width":1200,"height":808,"url":"https:\/\/bpk-archive.de\/tuellmann\/wp-content\/uploads\/2019\/08\/bpk_70371464.jpg","type":"image\/jpeg"}],"twitter_card":"summary_large_image","schema":{"@context":"https:\/\/schema.org","@graph":[{"@type":"WebPage","@id":"https:\/\/bpk-archive.de\/tuellmann\/produkt\/guellues-hochzeit-5\/","url":"https:\/\/bpk-archive.de\/tuellmann\/produkt\/guellues-hochzeit-5\/","name":"\"G\u00fcll\u00fcs Hochzeit\" - Abisag T\u00fcllmann","isPartOf":{"@id":"https:\/\/bpk-archive.de\/tuellmann\/#website"},"primaryImageOfPage":{"@id":"https:\/\/bpk-archive.de\/tuellmann\/produkt\/guellues-hochzeit-5\/#primaryimage"},"image":{"@id":"https:\/\/bpk-archive.de\/tuellmann\/produkt\/guellues-hochzeit-5\/#primaryimage"},"thumbnailUrl":"https:\/\/bpk-archive.de\/tuellmann\/wp-content\/uploads\/2019\/08\/bpk_70371464.jpg","datePublished":"2019-09-05T13:24:05+00:00","dateModified":"2019-09-05T13:24:07+00:00","breadcrumb":{"@id":"https:\/\/bpk-archive.de\/tuellmann\/produkt\/guellues-hochzeit-5\/#breadcrumb"},"inLanguage":"de","potentialAction":[{"@type":"ReadAction","target":["https:\/\/bpk-archive.de\/tuellmann\/produkt\/guellues-hochzeit-5\/"]}]},{"@type":"ImageObject","inLanguage":"de","@id":"https:\/\/bpk-archive.de\/tuellmann\/produkt\/guellues-hochzeit-5\/#primaryimage","url":"https:\/\/bpk-archive.de\/tuellmann\/wp-content\/uploads\/2019\/08\/bpk_70371464.jpg","contentUrl":"https:\/\/bpk-archive.de\/tuellmann\/wp-content\/uploads\/2019\/08\/bpk_70371464.jpg","width":1200,"height":808,"caption":"\"G\u00fcll\u00fcs Hochzeit\""},{"@type":"BreadcrumbList","@id":"https:\/\/bpk-archive.de\/tuellmann\/produkt\/guellues-hochzeit-5\/#breadcrumb","itemListElement":[{"@type":"ListItem","position":1,"name":"Startseite","item":"https:\/\/bpk-archive.de\/tuellmann\/"},{"@type":"ListItem","position":2,"name":"Shop","item":"https:\/\/bpk-archive.de\/tuellmann\/shop\/"},{"@type":"ListItem","position":3,"name":"&#8220;G\u00fcll\u00fcs Hochzeit&#8221;"}]},{"@type":"WebSite","@id":"https:\/\/bpk-archive.de\/tuellmann\/#website","url":"https:\/\/bpk-archive.de\/tuellmann\/","name":"Abisag T\u00fcllmann","description":"Eine weitere WordPress-Website","potentialAction":[{"@type":"SearchAction","target":{"@type":"EntryPoint","urlTemplate":"https:\/\/bpk-archive.de\/tuellmann\/?s={search_term_string}"},"query-input":{"@type":"PropertyValueSpecification","valueRequired":true,"valueName":"search_term_string"}}],"inLanguage":"de"}]}},"_links":{"self":[{"href":"https:\/\/bpk-archive.de\/tuellmann\/wp-json\/wp\/v2\/product\/70295957","targetHints":{"allow":["GET"]}}],"collection":[{"href":"https:\/\/bpk-archive.de\/tuellmann\/wp-json\/wp\/v2\/product"}],"about":[{"href":"https:\/\/bpk-archive.de\/tuellmann\/wp-json\/wp\/v2\/types\/product"}],"wp:featuredmedia":[{"embeddable":true,"href":"https:\/\/bpk-archive.de\/tuellmann\/wp-json\/wp\/v2\/media\/70294049"}],"wp:attachment":[{"href":"https:\/\/bpk-archive.de\/tuellmann\/wp-json\/wp\/v2\/media?parent=70295957"}],"wp:term":[{"taxonomy":"product_brand","embeddable":true,"href":"https:\/\/bpk-archive.de\/tuellmann\/wp-json\/wp\/v2\/product_brand?post=70295957"},{"taxonomy":"product_cat","embeddable":true,"href":"https:\/\/bpk-archive.de\/tuellmann\/wp-json\/wp\/v2\/product_cat?post=70295957"},{"taxonomy":"product_tag","embeddable":true,"href":"https:\/\/bpk-archive.de\/tuellmann\/wp-json\/wp\/v2\/product_tag?post=70295957"}],"curies":[{"name":"wp","href":"https:\/\/api.w.org\/{rel}","templated":true}]}}