{"id":70295942,"date":"2019-09-05T15:23:50","date_gmt":"2019-09-05T13:23:50","guid":{"rendered":"http:\/\/abisagtuellmann.bpk-news.de\/atbild\/porticus-installationen-von-jonathan-borofsky-kuenstler-in-2-reihe-mit-videokamera-und-im-gespraech-mit-besuchern-3\/"},"modified":"2019-09-05T15:23:56","modified_gmt":"2019-09-05T13:23:56","slug":"porticus-installationen-von-jonathan-borofsky-kuenstler-in-2-reihe-mit-videokamera-und-im-gespraech-mit-besuchern-3","status":"publish","type":"product","link":"https:\/\/bpk-archive.de\/tuellmann\/produkt\/porticus-installationen-von-jonathan-borofsky-kuenstler-in-2-reihe-mit-videokamera-und-im-gespraech-mit-besuchern-3\/","title":{"rendered":"Porticus: Installationen von Jonathan Borofsky (K\u00fcnstler in 2.Reihe mit Videokamera und im Gespr\u00e4ch mit Besuchern)"},"content":{"rendered":"","protected":false},"excerpt":{"rendered":"","protected":false},"featured_media":70294224,"template":"","meta":[],"product_brand":[],"product_cat":[],"product_tag":[14308,13232,13234,13231,13233,14309,50837,50838,13458,13459,58058,58059,59207,59208,59209,48966,48967,13462,13463,13464,13465,13466,13467,56065,13469,13470,51393,51394,13253,13254,13255,13256,13257,13471,13472,13258,13259,13473,13262,13263,13264,13265,13266,13267,13272,13273,49181,13293,13294,13295,13296,13297,13485,13486,13482,13481,13483,13484,58060,13979,13980,13981,47579,47580,47581,47582,13492,13493,13494,13495,13496,13497,13498,56867,56868,47589,47590,58061,56080,13499,13500,58062,58063,13501,13502,56081,58064,58065,56873,56874,58066,13505,13506,14328,13328,13329,13330,13331,13332,13519,13520,13521,13522,13523,13524,58067,58068,13525,50220,50221,48034,50222,50223],"class_list":{"0":"post-70295942","1":"product","2":"type-product","3":"status-publish","4":"has-post-thumbnail","6":"product_tag-1990er-jahre","7":"product_tag-20-jahrhundert-nach-chr","8":"product_tag-20-jh-n-chr","9":"product_tag-20-jahrhundert","10":"product_tag-20-jh","11":"product_tag-90er","12":"product_tag-ausstellung","13":"product_tag-ausstellungen","14":"product_tag-ausstellungsbesuch","15":"product_tag-ausstellungsbesucher","16":"product_tag-ausstellungseroeffnung","17":"product_tag-ausstellungseroeffnungen","18":"product_tag-beleuchten","19":"product_tag-beleuchtet","20":"product_tag-beleuchtung","21":"product_tag-besucher","22":"product_tag-besuchern","23":"product_tag-betrachten","24":"product_tag-betrachtend","25":"product_tag-betrachtende","26":"product_tag-betrachtender","27":"product_tag-betrachtendes","28":"product_tag-betrachtet","29":"product_tag-bildende-kunst","30":"product_tag-brd","31":"product_tag-bundesrepublik-deutschland","32":"product_tag-decke","33":"product_tag-decken","34":"product_tag-deutsch","35":"product_tag-deutsche","36":"product_tag-deutschen","37":"product_tag-deutscher","38":"product_tag-deutsches","39":"product_tag-deutschland","40":"product_tag-deutschlands","41":"product_tag-dia","42":"product_tag-diapositiv","43":"product_tag-drinnen","44":"product_tag-farbdia","45":"product_tag-farbdiapositiv","46":"product_tag-farbe","47":"product_tag-farben","48":"product_tag-farbfoto","49":"product_tag-farbfotografie","50":"product_tag-farbphoto","51":"product_tag-farbphotographie","52":"product_tag-fingerzeig","53":"product_tag-foto","54":"product_tag-fotografie","55":"product_tag-fotografien","56":"product_tag-fotografin","57":"product_tag-fotografinnen","58":"product_tag-frankfurt-m","59":"product_tag-frankfurt-main","60":"product_tag-frankfurt-a-main","61":"product_tag-frankfurt-a-m","62":"product_tag-frankfurt-am-main","63":"product_tag-frankfurter","64":"product_tag-galerie","65":"product_tag-gast","66":"product_tag-gaeste","67":"product_tag-gaesten","68":"product_tag-gespraech","69":"product_tag-gespraeche","70":"product_tag-gespraeches","71":"product_tag-gespraechs","72":"product_tag-hessen","73":"product_tag-hessisch","74":"product_tag-hessische","75":"product_tag-hessischen","76":"product_tag-hessischer","77":"product_tag-hessisches","78":"product_tag-innen","79":"product_tag-installation","80":"product_tag-installationen","81":"product_tag-konversation","82":"product_tag-konversationen","83":"product_tag-kulturleben","84":"product_tag-kunst","85":"product_tag-kunstausstellung","86":"product_tag-kunstausstellungen","87":"product_tag-kunstbegeistert","88":"product_tag-kunstbegeisterte","89":"product_tag-kunstbetrachter","90":"product_tag-kunstbetrachtung","91":"product_tag-kuenste","92":"product_tag-kunstgalerie","93":"product_tag-kunstgalerien","94":"product_tag-kunstinstallation","95":"product_tag-kunstinstallationen","96":"product_tag-kunstszene","97":"product_tag-kunstwerk","98":"product_tag-kunstwerke","99":"product_tag-neunziger","100":"product_tag-photo","101":"product_tag-photographie","102":"product_tag-photographien","103":"product_tag-photographin","104":"product_tag-photographinnen","105":"product_tag-stehen","106":"product_tag-stehend","107":"product_tag-stehende","108":"product_tag-stehenden","109":"product_tag-stehender","110":"product_tag-stehendes","111":"product_tag-vernissage","112":"product_tag-vernissagen","113":"product_tag-von-innen","114":"product_tag-zahl","115":"product_tag-zahlen","116":"product_tag-zeigen","117":"product_tag-ziffer","118":"product_tag-ziffern","119":"pa_datierung-25870","120":"pa_fotograf-abisag-tuellmann","121":"pa_geografischer_bezug-aufnahmeort-frankfurt-am-main-deutschland","122":"pa_grunddaten_material_technik-foto-farbdia","123":"pa_interne_nummer-at_d_910001_36","124":"pa_inventarnummer-tue_f91-00-01-36","125":"pa_jahr_bis-58057","126":"pa_mediennummer-59204","127":"pa_objekt_typ-fotografie","129":"first","130":"instock","131":"product-type-simple"},"yoast_head":"<!-- This site is optimized with the Yoast SEO plugin v27.3 - https:\/\/yoast.com\/product\/yoast-seo-wordpress\/ -->\n<title>Porticus: Installationen von Jonathan Borofsky (K\u00fcnstler in 2.Reihe mit Videokamera und im Gespr\u00e4ch mit Besuchern) - Abisag T\u00fcllmann<\/title>\n<meta name=\"robots\" content=\"index, follow, max-snippet:-1, max-image-preview:large, max-video-preview:-1\" \/>\n<link rel=\"canonical\" href=\"https:\/\/bpk-archive.de\/tuellmann\/produkt\/porticus-installationen-von-jonathan-borofsky-kuenstler-in-2-reihe-mit-videokamera-und-im-gespraech-mit-besuchern-3\/\" \/>\n<meta property=\"og:locale\" content=\"de_DE\" \/>\n<meta property=\"og:type\" content=\"article\" \/>\n<meta property=\"og:title\" content=\"Porticus: Installationen von Jonathan Borofsky (K\u00fcnstler in 2.Reihe mit Videokamera und im Gespr\u00e4ch mit Besuchern) - Abisag T\u00fcllmann\" \/>\n<meta property=\"og:url\" content=\"https:\/\/bpk-archive.de\/tuellmann\/produkt\/porticus-installationen-von-jonathan-borofsky-kuenstler-in-2-reihe-mit-videokamera-und-im-gespraech-mit-besuchern-3\/\" \/>\n<meta property=\"og:site_name\" content=\"Abisag T\u00fcllmann\" \/>\n<meta property=\"article:modified_time\" content=\"2019-09-05T13:23:56+00:00\" \/>\n<meta property=\"og:image\" content=\"https:\/\/bpk-archive.de\/tuellmann\/wp-content\/uploads\/2019\/08\/bpk_70371650.jpg\" \/>\n\t<meta property=\"og:image:width\" content=\"1200\" \/>\n\t<meta property=\"og:image:height\" content=\"802\" \/>\n\t<meta property=\"og:image:type\" content=\"image\/jpeg\" \/>\n<meta name=\"twitter:card\" content=\"summary_large_image\" \/>\n<script type=\"application\/ld+json\" class=\"yoast-schema-graph\">{\"@context\":\"https:\\\/\\\/schema.org\",\"@graph\":[{\"@type\":\"WebPage\",\"@id\":\"https:\\\/\\\/bpk-archive.de\\\/tuellmann\\\/produkt\\\/porticus-installationen-von-jonathan-borofsky-kuenstler-in-2-reihe-mit-videokamera-und-im-gespraech-mit-besuchern-3\\\/\",\"url\":\"https:\\\/\\\/bpk-archive.de\\\/tuellmann\\\/produkt\\\/porticus-installationen-von-jonathan-borofsky-kuenstler-in-2-reihe-mit-videokamera-und-im-gespraech-mit-besuchern-3\\\/\",\"name\":\"Porticus: Installationen von Jonathan Borofsky (K\u00fcnstler in 2.Reihe mit Videokamera und im Gespr\u00e4ch mit Besuchern) - Abisag T\u00fcllmann\",\"isPartOf\":{\"@id\":\"https:\\\/\\\/bpk-archive.de\\\/tuellmann\\\/#website\"},\"primaryImageOfPage\":{\"@id\":\"https:\\\/\\\/bpk-archive.de\\\/tuellmann\\\/produkt\\\/porticus-installationen-von-jonathan-borofsky-kuenstler-in-2-reihe-mit-videokamera-und-im-gespraech-mit-besuchern-3\\\/#primaryimage\"},\"image\":{\"@id\":\"https:\\\/\\\/bpk-archive.de\\\/tuellmann\\\/produkt\\\/porticus-installationen-von-jonathan-borofsky-kuenstler-in-2-reihe-mit-videokamera-und-im-gespraech-mit-besuchern-3\\\/#primaryimage\"},\"thumbnailUrl\":\"https:\\\/\\\/bpk-archive.de\\\/tuellmann\\\/wp-content\\\/uploads\\\/2019\\\/08\\\/bpk_70371650.jpg\",\"datePublished\":\"2019-09-05T13:23:50+00:00\",\"dateModified\":\"2019-09-05T13:23:56+00:00\",\"breadcrumb\":{\"@id\":\"https:\\\/\\\/bpk-archive.de\\\/tuellmann\\\/produkt\\\/porticus-installationen-von-jonathan-borofsky-kuenstler-in-2-reihe-mit-videokamera-und-im-gespraech-mit-besuchern-3\\\/#breadcrumb\"},\"inLanguage\":\"de\",\"potentialAction\":[{\"@type\":\"ReadAction\",\"target\":[\"https:\\\/\\\/bpk-archive.de\\\/tuellmann\\\/produkt\\\/porticus-installationen-von-jonathan-borofsky-kuenstler-in-2-reihe-mit-videokamera-und-im-gespraech-mit-besuchern-3\\\/\"]}]},{\"@type\":\"ImageObject\",\"inLanguage\":\"de\",\"@id\":\"https:\\\/\\\/bpk-archive.de\\\/tuellmann\\\/produkt\\\/porticus-installationen-von-jonathan-borofsky-kuenstler-in-2-reihe-mit-videokamera-und-im-gespraech-mit-besuchern-3\\\/#primaryimage\",\"url\":\"https:\\\/\\\/bpk-archive.de\\\/tuellmann\\\/wp-content\\\/uploads\\\/2019\\\/08\\\/bpk_70371650.jpg\",\"contentUrl\":\"https:\\\/\\\/bpk-archive.de\\\/tuellmann\\\/wp-content\\\/uploads\\\/2019\\\/08\\\/bpk_70371650.jpg\",\"width\":1200,\"height\":802,\"caption\":\"Porticus: Installationen von Jonathan Borofsky (K\u00fcnstler in 2.Reihe mit Videokamera und im Gespr\u00e4ch mit Besuchern)\"},{\"@type\":\"BreadcrumbList\",\"@id\":\"https:\\\/\\\/bpk-archive.de\\\/tuellmann\\\/produkt\\\/porticus-installationen-von-jonathan-borofsky-kuenstler-in-2-reihe-mit-videokamera-und-im-gespraech-mit-besuchern-3\\\/#breadcrumb\",\"itemListElement\":[{\"@type\":\"ListItem\",\"position\":1,\"name\":\"Startseite\",\"item\":\"https:\\\/\\\/bpk-archive.de\\\/tuellmann\\\/\"},{\"@type\":\"ListItem\",\"position\":2,\"name\":\"Shop\",\"item\":\"https:\\\/\\\/bpk-archive.de\\\/tuellmann\\\/shop\\\/\"},{\"@type\":\"ListItem\",\"position\":3,\"name\":\"Porticus: Installationen von Jonathan Borofsky (K\u00fcnstler in 2.Reihe mit Videokamera und im Gespr\u00e4ch mit Besuchern)\"}]},{\"@type\":\"WebSite\",\"@id\":\"https:\\\/\\\/bpk-archive.de\\\/tuellmann\\\/#website\",\"url\":\"https:\\\/\\\/bpk-archive.de\\\/tuellmann\\\/\",\"name\":\"Abisag T\u00fcllmann\",\"description\":\"Eine weitere WordPress-Website\",\"potentialAction\":[{\"@type\":\"SearchAction\",\"target\":{\"@type\":\"EntryPoint\",\"urlTemplate\":\"https:\\\/\\\/bpk-archive.de\\\/tuellmann\\\/?s={search_term_string}\"},\"query-input\":{\"@type\":\"PropertyValueSpecification\",\"valueRequired\":true,\"valueName\":\"search_term_string\"}}],\"inLanguage\":\"de\"}]}<\/script>\n<!-- \/ Yoast SEO plugin. -->","yoast_head_json":{"title":"Porticus: Installationen von Jonathan Borofsky (K\u00fcnstler in 2.Reihe mit Videokamera und im Gespr\u00e4ch mit Besuchern) - Abisag T\u00fcllmann","robots":{"index":"index","follow":"follow","max-snippet":"max-snippet:-1","max-image-preview":"max-image-preview:large","max-video-preview":"max-video-preview:-1"},"canonical":"https:\/\/bpk-archive.de\/tuellmann\/produkt\/porticus-installationen-von-jonathan-borofsky-kuenstler-in-2-reihe-mit-videokamera-und-im-gespraech-mit-besuchern-3\/","og_locale":"de_DE","og_type":"article","og_title":"Porticus: Installationen von Jonathan Borofsky (K\u00fcnstler in 2.Reihe mit Videokamera und im Gespr\u00e4ch mit Besuchern) - Abisag T\u00fcllmann","og_url":"https:\/\/bpk-archive.de\/tuellmann\/produkt\/porticus-installationen-von-jonathan-borofsky-kuenstler-in-2-reihe-mit-videokamera-und-im-gespraech-mit-besuchern-3\/","og_site_name":"Abisag T\u00fcllmann","article_modified_time":"2019-09-05T13:23:56+00:00","og_image":[{"width":1200,"height":802,"url":"https:\/\/bpk-archive.de\/tuellmann\/wp-content\/uploads\/2019\/08\/bpk_70371650.jpg","type":"image\/jpeg"}],"twitter_card":"summary_large_image","schema":{"@context":"https:\/\/schema.org","@graph":[{"@type":"WebPage","@id":"https:\/\/bpk-archive.de\/tuellmann\/produkt\/porticus-installationen-von-jonathan-borofsky-kuenstler-in-2-reihe-mit-videokamera-und-im-gespraech-mit-besuchern-3\/","url":"https:\/\/bpk-archive.de\/tuellmann\/produkt\/porticus-installationen-von-jonathan-borofsky-kuenstler-in-2-reihe-mit-videokamera-und-im-gespraech-mit-besuchern-3\/","name":"Porticus: Installationen von Jonathan Borofsky (K\u00fcnstler in 2.Reihe mit Videokamera und im Gespr\u00e4ch mit Besuchern) - Abisag T\u00fcllmann","isPartOf":{"@id":"https:\/\/bpk-archive.de\/tuellmann\/#website"},"primaryImageOfPage":{"@id":"https:\/\/bpk-archive.de\/tuellmann\/produkt\/porticus-installationen-von-jonathan-borofsky-kuenstler-in-2-reihe-mit-videokamera-und-im-gespraech-mit-besuchern-3\/#primaryimage"},"image":{"@id":"https:\/\/bpk-archive.de\/tuellmann\/produkt\/porticus-installationen-von-jonathan-borofsky-kuenstler-in-2-reihe-mit-videokamera-und-im-gespraech-mit-besuchern-3\/#primaryimage"},"thumbnailUrl":"https:\/\/bpk-archive.de\/tuellmann\/wp-content\/uploads\/2019\/08\/bpk_70371650.jpg","datePublished":"2019-09-05T13:23:50+00:00","dateModified":"2019-09-05T13:23:56+00:00","breadcrumb":{"@id":"https:\/\/bpk-archive.de\/tuellmann\/produkt\/porticus-installationen-von-jonathan-borofsky-kuenstler-in-2-reihe-mit-videokamera-und-im-gespraech-mit-besuchern-3\/#breadcrumb"},"inLanguage":"de","potentialAction":[{"@type":"ReadAction","target":["https:\/\/bpk-archive.de\/tuellmann\/produkt\/porticus-installationen-von-jonathan-borofsky-kuenstler-in-2-reihe-mit-videokamera-und-im-gespraech-mit-besuchern-3\/"]}]},{"@type":"ImageObject","inLanguage":"de","@id":"https:\/\/bpk-archive.de\/tuellmann\/produkt\/porticus-installationen-von-jonathan-borofsky-kuenstler-in-2-reihe-mit-videokamera-und-im-gespraech-mit-besuchern-3\/#primaryimage","url":"https:\/\/bpk-archive.de\/tuellmann\/wp-content\/uploads\/2019\/08\/bpk_70371650.jpg","contentUrl":"https:\/\/bpk-archive.de\/tuellmann\/wp-content\/uploads\/2019\/08\/bpk_70371650.jpg","width":1200,"height":802,"caption":"Porticus: Installationen von Jonathan Borofsky (K\u00fcnstler in 2.Reihe mit Videokamera und im Gespr\u00e4ch mit Besuchern)"},{"@type":"BreadcrumbList","@id":"https:\/\/bpk-archive.de\/tuellmann\/produkt\/porticus-installationen-von-jonathan-borofsky-kuenstler-in-2-reihe-mit-videokamera-und-im-gespraech-mit-besuchern-3\/#breadcrumb","itemListElement":[{"@type":"ListItem","position":1,"name":"Startseite","item":"https:\/\/bpk-archive.de\/tuellmann\/"},{"@type":"ListItem","position":2,"name":"Shop","item":"https:\/\/bpk-archive.de\/tuellmann\/shop\/"},{"@type":"ListItem","position":3,"name":"Porticus: Installationen von Jonathan Borofsky (K\u00fcnstler in 2.Reihe mit Videokamera und im Gespr\u00e4ch mit Besuchern)"}]},{"@type":"WebSite","@id":"https:\/\/bpk-archive.de\/tuellmann\/#website","url":"https:\/\/bpk-archive.de\/tuellmann\/","name":"Abisag T\u00fcllmann","description":"Eine weitere WordPress-Website","potentialAction":[{"@type":"SearchAction","target":{"@type":"EntryPoint","urlTemplate":"https:\/\/bpk-archive.de\/tuellmann\/?s={search_term_string}"},"query-input":{"@type":"PropertyValueSpecification","valueRequired":true,"valueName":"search_term_string"}}],"inLanguage":"de"}]}},"_links":{"self":[{"href":"https:\/\/bpk-archive.de\/tuellmann\/wp-json\/wp\/v2\/product\/70295942","targetHints":{"allow":["GET"]}}],"collection":[{"href":"https:\/\/bpk-archive.de\/tuellmann\/wp-json\/wp\/v2\/product"}],"about":[{"href":"https:\/\/bpk-archive.de\/tuellmann\/wp-json\/wp\/v2\/types\/product"}],"wp:featuredmedia":[{"embeddable":true,"href":"https:\/\/bpk-archive.de\/tuellmann\/wp-json\/wp\/v2\/media\/70294224"}],"wp:attachment":[{"href":"https:\/\/bpk-archive.de\/tuellmann\/wp-json\/wp\/v2\/media?parent=70295942"}],"wp:term":[{"taxonomy":"product_brand","embeddable":true,"href":"https:\/\/bpk-archive.de\/tuellmann\/wp-json\/wp\/v2\/product_brand?post=70295942"},{"taxonomy":"product_cat","embeddable":true,"href":"https:\/\/bpk-archive.de\/tuellmann\/wp-json\/wp\/v2\/product_cat?post=70295942"},{"taxonomy":"product_tag","embeddable":true,"href":"https:\/\/bpk-archive.de\/tuellmann\/wp-json\/wp\/v2\/product_tag?post=70295942"}],"curies":[{"name":"wp","href":"https:\/\/api.w.org\/{rel}","templated":true}]}}