{"id":70295899,"date":"2019-09-05T15:23:21","date_gmt":"2019-09-05T13:23:21","guid":{"rendered":"http:\/\/abisagtuellmann.bpk-news.de\/atbild\/veranstaltung-radikale-traeumer-im-frankfurter-roemer-u-a-mit-k-d-wolff-frankfurter-kurorchester\/"},"modified":"2019-09-05T15:23:25","modified_gmt":"2019-09-05T13:23:25","slug":"veranstaltung-radikale-traeumer-im-frankfurter-roemer-u-a-mit-k-d-wolff-frankfurter-kurorchester","status":"publish","type":"product","link":"https:\/\/bpk-archive.de\/tuellmann\/produkt\/veranstaltung-radikale-traeumer-im-frankfurter-roemer-u-a-mit-k-d-wolff-frankfurter-kurorchester\/","title":{"rendered":"Veranstaltung &#8222;Radikale Tr\u00e4umer&#8220; im Frankfurter R\u00f6mer, u.a. mit K.D.Wolff, Frankfurter Kurorchester"},"content":{"rendered":"","protected":false},"excerpt":{"rendered":"","protected":false},"featured_media":70294255,"template":"","meta":[],"product_brand":[],"product_cat":[],"product_tag":[14308,13232,13234,13231,13233,14309,13469,51805,51806,13470,13253,13254,13255,13256,13257,13471,13472,13258,13259,13473,13262,13263,13264,13265,13266,13267,13272,13273,13293,13294,13295,13296,13297,13485,13486,13482,13481,13483,13484,13492,13493,13494,13495,13496,13497,13498,58783,58784,58785,58786,58787,56158,56159,56160,49817,49818,49819,14328,58788,58789,13328,13329,13330,13331,13332,58790,13525],"class_list":{"0":"post-70295899","1":"product","2":"type-product","3":"status-publish","4":"has-post-thumbnail","6":"product_tag-1990er-jahre","7":"product_tag-20-jahrhundert-nach-chr","8":"product_tag-20-jh-n-chr","9":"product_tag-20-jahrhundert","10":"product_tag-20-jh","11":"product_tag-90er","12":"product_tag-brd","13":"product_tag-buehne","14":"product_tag-buehnen","15":"product_tag-bundesrepublik-deutschland","16":"product_tag-deutsch","17":"product_tag-deutsche","18":"product_tag-deutschen","19":"product_tag-deutscher","20":"product_tag-deutsches","21":"product_tag-deutschland","22":"product_tag-deutschlands","23":"product_tag-dia","24":"product_tag-diapositiv","25":"product_tag-drinnen","26":"product_tag-farbdia","27":"product_tag-farbdiapositiv","28":"product_tag-farbe","29":"product_tag-farben","30":"product_tag-farbfoto","31":"product_tag-farbfotografie","32":"product_tag-farbphoto","33":"product_tag-farbphotographie","34":"product_tag-foto","35":"product_tag-fotografie","36":"product_tag-fotografien","37":"product_tag-fotografin","38":"product_tag-fotografinnen","39":"product_tag-frankfurt-m","40":"product_tag-frankfurt-main","41":"product_tag-frankfurt-a-main","42":"product_tag-frankfurt-a-m","43":"product_tag-frankfurt-am-main","44":"product_tag-frankfurter","45":"product_tag-hessen","46":"product_tag-hessisch","47":"product_tag-hessische","48":"product_tag-hessischen","49":"product_tag-hessischer","50":"product_tag-hessisches","51":"product_tag-innen","52":"product_tag-instrument","53":"product_tag-instrumente","54":"product_tag-konzert","55":"product_tag-konzerte","56":"product_tag-konzerts","57":"product_tag-musiker","58":"product_tag-musikern","59":"product_tag-musikers","60":"product_tag-musikinstrument","61":"product_tag-musikinstrumente","62":"product_tag-musikinstrumenten","63":"product_tag-neunziger","64":"product_tag-orchester","65":"product_tag-performance","66":"product_tag-photo","67":"product_tag-photographie","68":"product_tag-photographien","69":"product_tag-photographin","70":"product_tag-photographinnen","71":"product_tag-rahmenprogramm","72":"product_tag-von-innen","73":"pa_datierung-25653","74":"pa_fotograf-abisag-tuellmann","75":"pa_geografischer_bezug-aufnahmeort-frankfurt-am-main-deutschland","76":"pa_grunddaten_material_technik-foto-farbdia","77":"pa_interne_nummer-at_d_930306_30","78":"pa_inventarnummer-tue_f93-03-06-30","79":"pa_jahr_bis-58709","80":"pa_mediennummer-58780","81":"pa_objekt_typ-fotografie","83":"first","84":"instock","85":"product-type-simple"},"yoast_head":"<!-- This site is optimized with the Yoast SEO plugin v27.3 - https:\/\/yoast.com\/product\/yoast-seo-wordpress\/ -->\n<title>Veranstaltung &quot;Radikale Tr\u00e4umer&quot; im Frankfurter R\u00f6mer, u.a. mit K.D.Wolff, Frankfurter Kurorchester - Abisag T\u00fcllmann<\/title>\n<meta name=\"robots\" content=\"index, follow, max-snippet:-1, max-image-preview:large, max-video-preview:-1\" \/>\n<link rel=\"canonical\" href=\"https:\/\/bpk-archive.de\/tuellmann\/produkt\/veranstaltung-radikale-traeumer-im-frankfurter-roemer-u-a-mit-k-d-wolff-frankfurter-kurorchester\/\" \/>\n<meta property=\"og:locale\" content=\"de_DE\" \/>\n<meta property=\"og:type\" content=\"article\" \/>\n<meta property=\"og:title\" content=\"Veranstaltung &quot;Radikale Tr\u00e4umer&quot; im Frankfurter R\u00f6mer, u.a. mit K.D.Wolff, Frankfurter Kurorchester - Abisag T\u00fcllmann\" \/>\n<meta property=\"og:url\" content=\"https:\/\/bpk-archive.de\/tuellmann\/produkt\/veranstaltung-radikale-traeumer-im-frankfurter-roemer-u-a-mit-k-d-wolff-frankfurter-kurorchester\/\" \/>\n<meta property=\"og:site_name\" content=\"Abisag T\u00fcllmann\" \/>\n<meta property=\"article:modified_time\" content=\"2019-09-05T13:23:25+00:00\" \/>\n<meta property=\"og:image\" content=\"https:\/\/bpk-archive.de\/tuellmann\/wp-content\/uploads\/2019\/08\/bpk_70371669.jpg\" \/>\n\t<meta property=\"og:image:width\" content=\"1200\" \/>\n\t<meta property=\"og:image:height\" content=\"835\" \/>\n\t<meta property=\"og:image:type\" content=\"image\/jpeg\" \/>\n<meta name=\"twitter:card\" content=\"summary_large_image\" \/>\n<script type=\"application\/ld+json\" class=\"yoast-schema-graph\">{\"@context\":\"https:\\\/\\\/schema.org\",\"@graph\":[{\"@type\":\"WebPage\",\"@id\":\"https:\\\/\\\/bpk-archive.de\\\/tuellmann\\\/produkt\\\/veranstaltung-radikale-traeumer-im-frankfurter-roemer-u-a-mit-k-d-wolff-frankfurter-kurorchester\\\/\",\"url\":\"https:\\\/\\\/bpk-archive.de\\\/tuellmann\\\/produkt\\\/veranstaltung-radikale-traeumer-im-frankfurter-roemer-u-a-mit-k-d-wolff-frankfurter-kurorchester\\\/\",\"name\":\"Veranstaltung \\\"Radikale Tr\u00e4umer\\\" im Frankfurter R\u00f6mer, u.a. mit K.D.Wolff, Frankfurter Kurorchester - Abisag T\u00fcllmann\",\"isPartOf\":{\"@id\":\"https:\\\/\\\/bpk-archive.de\\\/tuellmann\\\/#website\"},\"primaryImageOfPage\":{\"@id\":\"https:\\\/\\\/bpk-archive.de\\\/tuellmann\\\/produkt\\\/veranstaltung-radikale-traeumer-im-frankfurter-roemer-u-a-mit-k-d-wolff-frankfurter-kurorchester\\\/#primaryimage\"},\"image\":{\"@id\":\"https:\\\/\\\/bpk-archive.de\\\/tuellmann\\\/produkt\\\/veranstaltung-radikale-traeumer-im-frankfurter-roemer-u-a-mit-k-d-wolff-frankfurter-kurorchester\\\/#primaryimage\"},\"thumbnailUrl\":\"https:\\\/\\\/bpk-archive.de\\\/tuellmann\\\/wp-content\\\/uploads\\\/2019\\\/08\\\/bpk_70371669.jpg\",\"datePublished\":\"2019-09-05T13:23:21+00:00\",\"dateModified\":\"2019-09-05T13:23:25+00:00\",\"breadcrumb\":{\"@id\":\"https:\\\/\\\/bpk-archive.de\\\/tuellmann\\\/produkt\\\/veranstaltung-radikale-traeumer-im-frankfurter-roemer-u-a-mit-k-d-wolff-frankfurter-kurorchester\\\/#breadcrumb\"},\"inLanguage\":\"de\",\"potentialAction\":[{\"@type\":\"ReadAction\",\"target\":[\"https:\\\/\\\/bpk-archive.de\\\/tuellmann\\\/produkt\\\/veranstaltung-radikale-traeumer-im-frankfurter-roemer-u-a-mit-k-d-wolff-frankfurter-kurorchester\\\/\"]}]},{\"@type\":\"ImageObject\",\"inLanguage\":\"de\",\"@id\":\"https:\\\/\\\/bpk-archive.de\\\/tuellmann\\\/produkt\\\/veranstaltung-radikale-traeumer-im-frankfurter-roemer-u-a-mit-k-d-wolff-frankfurter-kurorchester\\\/#primaryimage\",\"url\":\"https:\\\/\\\/bpk-archive.de\\\/tuellmann\\\/wp-content\\\/uploads\\\/2019\\\/08\\\/bpk_70371669.jpg\",\"contentUrl\":\"https:\\\/\\\/bpk-archive.de\\\/tuellmann\\\/wp-content\\\/uploads\\\/2019\\\/08\\\/bpk_70371669.jpg\",\"width\":1200,\"height\":835,\"caption\":\"Veranstaltung \\\"Radikale Tr\u00e4umer\\\" im Frankfurter R\u00f6mer, u.a. mit K.D.Wolff, Frankfurter Kurorchester\"},{\"@type\":\"BreadcrumbList\",\"@id\":\"https:\\\/\\\/bpk-archive.de\\\/tuellmann\\\/produkt\\\/veranstaltung-radikale-traeumer-im-frankfurter-roemer-u-a-mit-k-d-wolff-frankfurter-kurorchester\\\/#breadcrumb\",\"itemListElement\":[{\"@type\":\"ListItem\",\"position\":1,\"name\":\"Startseite\",\"item\":\"https:\\\/\\\/bpk-archive.de\\\/tuellmann\\\/\"},{\"@type\":\"ListItem\",\"position\":2,\"name\":\"Shop\",\"item\":\"https:\\\/\\\/bpk-archive.de\\\/tuellmann\\\/shop\\\/\"},{\"@type\":\"ListItem\",\"position\":3,\"name\":\"Veranstaltung &#8220;Radikale Tr\u00e4umer&#8221; im Frankfurter R\u00f6mer, u.a. mit K.D.Wolff, Frankfurter Kurorchester\"}]},{\"@type\":\"WebSite\",\"@id\":\"https:\\\/\\\/bpk-archive.de\\\/tuellmann\\\/#website\",\"url\":\"https:\\\/\\\/bpk-archive.de\\\/tuellmann\\\/\",\"name\":\"Abisag T\u00fcllmann\",\"description\":\"Eine weitere WordPress-Website\",\"potentialAction\":[{\"@type\":\"SearchAction\",\"target\":{\"@type\":\"EntryPoint\",\"urlTemplate\":\"https:\\\/\\\/bpk-archive.de\\\/tuellmann\\\/?s={search_term_string}\"},\"query-input\":{\"@type\":\"PropertyValueSpecification\",\"valueRequired\":true,\"valueName\":\"search_term_string\"}}],\"inLanguage\":\"de\"}]}<\/script>\n<!-- \/ Yoast SEO plugin. -->","yoast_head_json":{"title":"Veranstaltung \"Radikale Tr\u00e4umer\" im Frankfurter R\u00f6mer, u.a. mit K.D.Wolff, Frankfurter Kurorchester - Abisag T\u00fcllmann","robots":{"index":"index","follow":"follow","max-snippet":"max-snippet:-1","max-image-preview":"max-image-preview:large","max-video-preview":"max-video-preview:-1"},"canonical":"https:\/\/bpk-archive.de\/tuellmann\/produkt\/veranstaltung-radikale-traeumer-im-frankfurter-roemer-u-a-mit-k-d-wolff-frankfurter-kurorchester\/","og_locale":"de_DE","og_type":"article","og_title":"Veranstaltung \"Radikale Tr\u00e4umer\" im Frankfurter R\u00f6mer, u.a. mit K.D.Wolff, Frankfurter Kurorchester - Abisag T\u00fcllmann","og_url":"https:\/\/bpk-archive.de\/tuellmann\/produkt\/veranstaltung-radikale-traeumer-im-frankfurter-roemer-u-a-mit-k-d-wolff-frankfurter-kurorchester\/","og_site_name":"Abisag T\u00fcllmann","article_modified_time":"2019-09-05T13:23:25+00:00","og_image":[{"width":1200,"height":835,"url":"https:\/\/bpk-archive.de\/tuellmann\/wp-content\/uploads\/2019\/08\/bpk_70371669.jpg","type":"image\/jpeg"}],"twitter_card":"summary_large_image","schema":{"@context":"https:\/\/schema.org","@graph":[{"@type":"WebPage","@id":"https:\/\/bpk-archive.de\/tuellmann\/produkt\/veranstaltung-radikale-traeumer-im-frankfurter-roemer-u-a-mit-k-d-wolff-frankfurter-kurorchester\/","url":"https:\/\/bpk-archive.de\/tuellmann\/produkt\/veranstaltung-radikale-traeumer-im-frankfurter-roemer-u-a-mit-k-d-wolff-frankfurter-kurorchester\/","name":"Veranstaltung \"Radikale Tr\u00e4umer\" im Frankfurter R\u00f6mer, u.a. mit K.D.Wolff, Frankfurter Kurorchester - Abisag T\u00fcllmann","isPartOf":{"@id":"https:\/\/bpk-archive.de\/tuellmann\/#website"},"primaryImageOfPage":{"@id":"https:\/\/bpk-archive.de\/tuellmann\/produkt\/veranstaltung-radikale-traeumer-im-frankfurter-roemer-u-a-mit-k-d-wolff-frankfurter-kurorchester\/#primaryimage"},"image":{"@id":"https:\/\/bpk-archive.de\/tuellmann\/produkt\/veranstaltung-radikale-traeumer-im-frankfurter-roemer-u-a-mit-k-d-wolff-frankfurter-kurorchester\/#primaryimage"},"thumbnailUrl":"https:\/\/bpk-archive.de\/tuellmann\/wp-content\/uploads\/2019\/08\/bpk_70371669.jpg","datePublished":"2019-09-05T13:23:21+00:00","dateModified":"2019-09-05T13:23:25+00:00","breadcrumb":{"@id":"https:\/\/bpk-archive.de\/tuellmann\/produkt\/veranstaltung-radikale-traeumer-im-frankfurter-roemer-u-a-mit-k-d-wolff-frankfurter-kurorchester\/#breadcrumb"},"inLanguage":"de","potentialAction":[{"@type":"ReadAction","target":["https:\/\/bpk-archive.de\/tuellmann\/produkt\/veranstaltung-radikale-traeumer-im-frankfurter-roemer-u-a-mit-k-d-wolff-frankfurter-kurorchester\/"]}]},{"@type":"ImageObject","inLanguage":"de","@id":"https:\/\/bpk-archive.de\/tuellmann\/produkt\/veranstaltung-radikale-traeumer-im-frankfurter-roemer-u-a-mit-k-d-wolff-frankfurter-kurorchester\/#primaryimage","url":"https:\/\/bpk-archive.de\/tuellmann\/wp-content\/uploads\/2019\/08\/bpk_70371669.jpg","contentUrl":"https:\/\/bpk-archive.de\/tuellmann\/wp-content\/uploads\/2019\/08\/bpk_70371669.jpg","width":1200,"height":835,"caption":"Veranstaltung \"Radikale Tr\u00e4umer\" im Frankfurter R\u00f6mer, u.a. mit K.D.Wolff, Frankfurter Kurorchester"},{"@type":"BreadcrumbList","@id":"https:\/\/bpk-archive.de\/tuellmann\/produkt\/veranstaltung-radikale-traeumer-im-frankfurter-roemer-u-a-mit-k-d-wolff-frankfurter-kurorchester\/#breadcrumb","itemListElement":[{"@type":"ListItem","position":1,"name":"Startseite","item":"https:\/\/bpk-archive.de\/tuellmann\/"},{"@type":"ListItem","position":2,"name":"Shop","item":"https:\/\/bpk-archive.de\/tuellmann\/shop\/"},{"@type":"ListItem","position":3,"name":"Veranstaltung &#8220;Radikale Tr\u00e4umer&#8221; im Frankfurter R\u00f6mer, u.a. mit K.D.Wolff, Frankfurter Kurorchester"}]},{"@type":"WebSite","@id":"https:\/\/bpk-archive.de\/tuellmann\/#website","url":"https:\/\/bpk-archive.de\/tuellmann\/","name":"Abisag T\u00fcllmann","description":"Eine weitere WordPress-Website","potentialAction":[{"@type":"SearchAction","target":{"@type":"EntryPoint","urlTemplate":"https:\/\/bpk-archive.de\/tuellmann\/?s={search_term_string}"},"query-input":{"@type":"PropertyValueSpecification","valueRequired":true,"valueName":"search_term_string"}}],"inLanguage":"de"}]}},"_links":{"self":[{"href":"https:\/\/bpk-archive.de\/tuellmann\/wp-json\/wp\/v2\/product\/70295899","targetHints":{"allow":["GET"]}}],"collection":[{"href":"https:\/\/bpk-archive.de\/tuellmann\/wp-json\/wp\/v2\/product"}],"about":[{"href":"https:\/\/bpk-archive.de\/tuellmann\/wp-json\/wp\/v2\/types\/product"}],"wp:featuredmedia":[{"embeddable":true,"href":"https:\/\/bpk-archive.de\/tuellmann\/wp-json\/wp\/v2\/media\/70294255"}],"wp:attachment":[{"href":"https:\/\/bpk-archive.de\/tuellmann\/wp-json\/wp\/v2\/media?parent=70295899"}],"wp:term":[{"taxonomy":"product_brand","embeddable":true,"href":"https:\/\/bpk-archive.de\/tuellmann\/wp-json\/wp\/v2\/product_brand?post=70295899"},{"taxonomy":"product_cat","embeddable":true,"href":"https:\/\/bpk-archive.de\/tuellmann\/wp-json\/wp\/v2\/product_cat?post=70295899"},{"taxonomy":"product_tag","embeddable":true,"href":"https:\/\/bpk-archive.de\/tuellmann\/wp-json\/wp\/v2\/product_tag?post=70295899"}],"curies":[{"name":"wp","href":"https:\/\/api.w.org\/{rel}","templated":true}]}}