{"id":70295873,"date":"2019-09-05T15:22:51","date_gmt":"2019-09-05T13:22:51","guid":{"rendered":"http:\/\/abisagtuellmann.bpk-news.de\/atbild\/guellues-hochzeit\/"},"modified":"2019-09-05T15:23:03","modified_gmt":"2019-09-05T13:23:03","slug":"guellues-hochzeit","status":"publish","type":"product","link":"https:\/\/bpk-archive.de\/tuellmann\/produkt\/guellues-hochzeit\/","title":{"rendered":"&#8222;G\u00fcll\u00fcs Hochzeit&#8220;"},"content":{"rendered":"","protected":false},"excerpt":{"rendered":"","protected":false},"featured_media":70294039,"template":"","meta":[],"product_brand":[],"product_cat":[],"product_tag":[47237,14308,13232,13234,13231,13233,47238,14309,47240,13469,13470,13253,13254,13255,13256,13257,13471,13472,13258,13259,13473,13966,13967,13968,13969,13970,13971,13262,13263,13264,13265,13266,13267,13272,13273,13274,13282,13283,13284,13285,13286,13287,13972,13973,58491,13293,13294,13295,13296,13297,13487,13488,13979,13980,13981,13982,13987,13988,13989,13990,13991,13992,13993,13994,13995,13996,13997,13498,14000,14001,14002,14003,14004,14005,14006,13818,13819,13826,14328,13328,13329,13330,13331,13332,49387,49388,49389,49390,49391,49392,58492,58493,57579,57580,14010,14011,13525],"class_list":{"0":"post-70295873","1":"product","2":"type-product","3":"status-publish","4":"has-post-thumbnail","6":"product_tag-1980er-jahre","7":"product_tag-1990er-jahre","8":"product_tag-20-jahrhundert-nach-chr","9":"product_tag-20-jh-n-chr","10":"product_tag-20-jahrhundert","11":"product_tag-20-jh","12":"product_tag-80er","13":"product_tag-90er","14":"product_tag-achtziger","15":"product_tag-brd","16":"product_tag-bundesrepublik-deutschland","17":"product_tag-deutsch","18":"product_tag-deutsche","19":"product_tag-deutschen","20":"product_tag-deutscher","21":"product_tag-deutsches","22":"product_tag-deutschland","23":"product_tag-deutschlands","24":"product_tag-dia","25":"product_tag-diapositiv","26":"product_tag-drinnen","27":"product_tag-eheschliessung","28":"product_tag-eheschliessungen","29":"product_tag-familienfeier","30":"product_tag-familienfeiern","31":"product_tag-familienfest","32":"product_tag-familienfeste","33":"product_tag-farbdia","34":"product_tag-farbdiapositiv","35":"product_tag-farbe","36":"product_tag-farben","37":"product_tag-farbfoto","38":"product_tag-farbfotografie","39":"product_tag-farbphoto","40":"product_tag-farbphotographie","41":"product_tag-feier","42":"product_tag-feiern","43":"product_tag-feiernd","44":"product_tag-feiernde","45":"product_tag-feiernden","46":"product_tag-feierndes","47":"product_tag-feiert","48":"product_tag-fest","49":"product_tag-feste","50":"product_tag-festgesellschaft","51":"product_tag-foto","52":"product_tag-fotografie","53":"product_tag-fotografien","54":"product_tag-fotografin","55":"product_tag-fotografinnen","56":"product_tag-frau","57":"product_tag-frauen","58":"product_tag-gast","59":"product_tag-gaeste","60":"product_tag-gaesten","61":"product_tag-heirat","62":"product_tag-hochzeit","63":"product_tag-hochzeiten","64":"product_tag-hochzeitfeste","65":"product_tag-hochzeitfestes","66":"product_tag-hochzeitsfeier","67":"product_tag-hochzeitsfeiern","68":"product_tag-hochzeitsfest","69":"product_tag-hochzeitsgast","70":"product_tag-hochzeitsgaeste","71":"product_tag-hochzeitsgastes","72":"product_tag-hochzeitsgesellschaft","73":"product_tag-innen","74":"product_tag-laecheln","75":"product_tag-laechelnd","76":"product_tag-laechelnde","77":"product_tag-laechelnden","78":"product_tag-laechelnder","79":"product_tag-laechelndes","80":"product_tag-laechelt","81":"product_tag-mann","82":"product_tag-maenner","83":"product_tag-mannes","84":"product_tag-neunziger","85":"product_tag-photo","86":"product_tag-photographie","87":"product_tag-photographien","88":"product_tag-photographin","89":"product_tag-photographinnen","90":"product_tag-tanzen","91":"product_tag-tanzend","92":"product_tag-tanzende","93":"product_tag-tanzenden","94":"product_tag-tanzender","95":"product_tag-tanzendes","96":"product_tag-taenzer","97":"product_tag-taenzers","98":"product_tag-tanzflaeche","99":"product_tag-tanzflaechen","100":"product_tag-vermaehlung","101":"product_tag-vermaehlungen","102":"product_tag-von-innen","103":"pa_datierung-1980er-1990er-jahre","104":"pa_fotograf-abisag-tuellmann","105":"pa_geografischer_bezug-aufnahmeort-deutschland","106":"pa_grunddaten_material_technik-foto-farbdia","107":"pa_interne_nummer-at_d_000308_13","108":"pa_inventarnummer-tue_f00-03-08-13","109":"pa_jahr_bis-58490","110":"pa_jahr_von-53247","111":"pa_mediennummer-58486","112":"pa_objekt_typ-fotografie","114":"first","115":"instock","116":"product-type-simple"},"yoast_head":"<!-- This site is optimized with the Yoast SEO plugin v27.3 - https:\/\/yoast.com\/product\/yoast-seo-wordpress\/ -->\n<title>&quot;G\u00fcll\u00fcs Hochzeit&quot; - Abisag T\u00fcllmann<\/title>\n<meta name=\"robots\" content=\"index, follow, max-snippet:-1, max-image-preview:large, max-video-preview:-1\" \/>\n<link rel=\"canonical\" href=\"https:\/\/bpk-archive.de\/tuellmann\/produkt\/guellues-hochzeit\/\" \/>\n<meta property=\"og:locale\" content=\"de_DE\" \/>\n<meta property=\"og:type\" content=\"article\" \/>\n<meta property=\"og:title\" content=\"&quot;G\u00fcll\u00fcs Hochzeit&quot; - Abisag T\u00fcllmann\" \/>\n<meta property=\"og:url\" content=\"https:\/\/bpk-archive.de\/tuellmann\/produkt\/guellues-hochzeit\/\" \/>\n<meta property=\"og:site_name\" content=\"Abisag T\u00fcllmann\" \/>\n<meta property=\"article:modified_time\" content=\"2019-09-05T13:23:03+00:00\" \/>\n<meta property=\"og:image\" content=\"https:\/\/bpk-archive.de\/tuellmann\/wp-content\/uploads\/2019\/08\/bpk_70371454.jpg\" \/>\n\t<meta property=\"og:image:width\" content=\"1200\" \/>\n\t<meta property=\"og:image:height\" content=\"808\" \/>\n\t<meta property=\"og:image:type\" content=\"image\/jpeg\" \/>\n<meta name=\"twitter:card\" content=\"summary_large_image\" \/>\n<script type=\"application\/ld+json\" class=\"yoast-schema-graph\">{\"@context\":\"https:\\\/\\\/schema.org\",\"@graph\":[{\"@type\":\"WebPage\",\"@id\":\"https:\\\/\\\/bpk-archive.de\\\/tuellmann\\\/produkt\\\/guellues-hochzeit\\\/\",\"url\":\"https:\\\/\\\/bpk-archive.de\\\/tuellmann\\\/produkt\\\/guellues-hochzeit\\\/\",\"name\":\"\\\"G\u00fcll\u00fcs Hochzeit\\\" - Abisag T\u00fcllmann\",\"isPartOf\":{\"@id\":\"https:\\\/\\\/bpk-archive.de\\\/tuellmann\\\/#website\"},\"primaryImageOfPage\":{\"@id\":\"https:\\\/\\\/bpk-archive.de\\\/tuellmann\\\/produkt\\\/guellues-hochzeit\\\/#primaryimage\"},\"image\":{\"@id\":\"https:\\\/\\\/bpk-archive.de\\\/tuellmann\\\/produkt\\\/guellues-hochzeit\\\/#primaryimage\"},\"thumbnailUrl\":\"https:\\\/\\\/bpk-archive.de\\\/tuellmann\\\/wp-content\\\/uploads\\\/2019\\\/08\\\/bpk_70371454.jpg\",\"datePublished\":\"2019-09-05T13:22:51+00:00\",\"dateModified\":\"2019-09-05T13:23:03+00:00\",\"breadcrumb\":{\"@id\":\"https:\\\/\\\/bpk-archive.de\\\/tuellmann\\\/produkt\\\/guellues-hochzeit\\\/#breadcrumb\"},\"inLanguage\":\"de\",\"potentialAction\":[{\"@type\":\"ReadAction\",\"target\":[\"https:\\\/\\\/bpk-archive.de\\\/tuellmann\\\/produkt\\\/guellues-hochzeit\\\/\"]}]},{\"@type\":\"ImageObject\",\"inLanguage\":\"de\",\"@id\":\"https:\\\/\\\/bpk-archive.de\\\/tuellmann\\\/produkt\\\/guellues-hochzeit\\\/#primaryimage\",\"url\":\"https:\\\/\\\/bpk-archive.de\\\/tuellmann\\\/wp-content\\\/uploads\\\/2019\\\/08\\\/bpk_70371454.jpg\",\"contentUrl\":\"https:\\\/\\\/bpk-archive.de\\\/tuellmann\\\/wp-content\\\/uploads\\\/2019\\\/08\\\/bpk_70371454.jpg\",\"width\":1200,\"height\":808,\"caption\":\"\\\"G\u00fcll\u00fcs Hochzeit\\\"\"},{\"@type\":\"BreadcrumbList\",\"@id\":\"https:\\\/\\\/bpk-archive.de\\\/tuellmann\\\/produkt\\\/guellues-hochzeit\\\/#breadcrumb\",\"itemListElement\":[{\"@type\":\"ListItem\",\"position\":1,\"name\":\"Startseite\",\"item\":\"https:\\\/\\\/bpk-archive.de\\\/tuellmann\\\/\"},{\"@type\":\"ListItem\",\"position\":2,\"name\":\"Shop\",\"item\":\"https:\\\/\\\/bpk-archive.de\\\/tuellmann\\\/shop\\\/\"},{\"@type\":\"ListItem\",\"position\":3,\"name\":\"&#8220;G\u00fcll\u00fcs Hochzeit&#8221;\"}]},{\"@type\":\"WebSite\",\"@id\":\"https:\\\/\\\/bpk-archive.de\\\/tuellmann\\\/#website\",\"url\":\"https:\\\/\\\/bpk-archive.de\\\/tuellmann\\\/\",\"name\":\"Abisag T\u00fcllmann\",\"description\":\"Eine weitere WordPress-Website\",\"potentialAction\":[{\"@type\":\"SearchAction\",\"target\":{\"@type\":\"EntryPoint\",\"urlTemplate\":\"https:\\\/\\\/bpk-archive.de\\\/tuellmann\\\/?s={search_term_string}\"},\"query-input\":{\"@type\":\"PropertyValueSpecification\",\"valueRequired\":true,\"valueName\":\"search_term_string\"}}],\"inLanguage\":\"de\"}]}<\/script>\n<!-- \/ Yoast SEO plugin. -->","yoast_head_json":{"title":"\"G\u00fcll\u00fcs Hochzeit\" - Abisag T\u00fcllmann","robots":{"index":"index","follow":"follow","max-snippet":"max-snippet:-1","max-image-preview":"max-image-preview:large","max-video-preview":"max-video-preview:-1"},"canonical":"https:\/\/bpk-archive.de\/tuellmann\/produkt\/guellues-hochzeit\/","og_locale":"de_DE","og_type":"article","og_title":"\"G\u00fcll\u00fcs Hochzeit\" - Abisag T\u00fcllmann","og_url":"https:\/\/bpk-archive.de\/tuellmann\/produkt\/guellues-hochzeit\/","og_site_name":"Abisag T\u00fcllmann","article_modified_time":"2019-09-05T13:23:03+00:00","og_image":[{"width":1200,"height":808,"url":"https:\/\/bpk-archive.de\/tuellmann\/wp-content\/uploads\/2019\/08\/bpk_70371454.jpg","type":"image\/jpeg"}],"twitter_card":"summary_large_image","schema":{"@context":"https:\/\/schema.org","@graph":[{"@type":"WebPage","@id":"https:\/\/bpk-archive.de\/tuellmann\/produkt\/guellues-hochzeit\/","url":"https:\/\/bpk-archive.de\/tuellmann\/produkt\/guellues-hochzeit\/","name":"\"G\u00fcll\u00fcs Hochzeit\" - Abisag T\u00fcllmann","isPartOf":{"@id":"https:\/\/bpk-archive.de\/tuellmann\/#website"},"primaryImageOfPage":{"@id":"https:\/\/bpk-archive.de\/tuellmann\/produkt\/guellues-hochzeit\/#primaryimage"},"image":{"@id":"https:\/\/bpk-archive.de\/tuellmann\/produkt\/guellues-hochzeit\/#primaryimage"},"thumbnailUrl":"https:\/\/bpk-archive.de\/tuellmann\/wp-content\/uploads\/2019\/08\/bpk_70371454.jpg","datePublished":"2019-09-05T13:22:51+00:00","dateModified":"2019-09-05T13:23:03+00:00","breadcrumb":{"@id":"https:\/\/bpk-archive.de\/tuellmann\/produkt\/guellues-hochzeit\/#breadcrumb"},"inLanguage":"de","potentialAction":[{"@type":"ReadAction","target":["https:\/\/bpk-archive.de\/tuellmann\/produkt\/guellues-hochzeit\/"]}]},{"@type":"ImageObject","inLanguage":"de","@id":"https:\/\/bpk-archive.de\/tuellmann\/produkt\/guellues-hochzeit\/#primaryimage","url":"https:\/\/bpk-archive.de\/tuellmann\/wp-content\/uploads\/2019\/08\/bpk_70371454.jpg","contentUrl":"https:\/\/bpk-archive.de\/tuellmann\/wp-content\/uploads\/2019\/08\/bpk_70371454.jpg","width":1200,"height":808,"caption":"\"G\u00fcll\u00fcs Hochzeit\""},{"@type":"BreadcrumbList","@id":"https:\/\/bpk-archive.de\/tuellmann\/produkt\/guellues-hochzeit\/#breadcrumb","itemListElement":[{"@type":"ListItem","position":1,"name":"Startseite","item":"https:\/\/bpk-archive.de\/tuellmann\/"},{"@type":"ListItem","position":2,"name":"Shop","item":"https:\/\/bpk-archive.de\/tuellmann\/shop\/"},{"@type":"ListItem","position":3,"name":"&#8220;G\u00fcll\u00fcs Hochzeit&#8221;"}]},{"@type":"WebSite","@id":"https:\/\/bpk-archive.de\/tuellmann\/#website","url":"https:\/\/bpk-archive.de\/tuellmann\/","name":"Abisag T\u00fcllmann","description":"Eine weitere WordPress-Website","potentialAction":[{"@type":"SearchAction","target":{"@type":"EntryPoint","urlTemplate":"https:\/\/bpk-archive.de\/tuellmann\/?s={search_term_string}"},"query-input":{"@type":"PropertyValueSpecification","valueRequired":true,"valueName":"search_term_string"}}],"inLanguage":"de"}]}},"_links":{"self":[{"href":"https:\/\/bpk-archive.de\/tuellmann\/wp-json\/wp\/v2\/product\/70295873","targetHints":{"allow":["GET"]}}],"collection":[{"href":"https:\/\/bpk-archive.de\/tuellmann\/wp-json\/wp\/v2\/product"}],"about":[{"href":"https:\/\/bpk-archive.de\/tuellmann\/wp-json\/wp\/v2\/types\/product"}],"wp:featuredmedia":[{"embeddable":true,"href":"https:\/\/bpk-archive.de\/tuellmann\/wp-json\/wp\/v2\/media\/70294039"}],"wp:attachment":[{"href":"https:\/\/bpk-archive.de\/tuellmann\/wp-json\/wp\/v2\/media?parent=70295873"}],"wp:term":[{"taxonomy":"product_brand","embeddable":true,"href":"https:\/\/bpk-archive.de\/tuellmann\/wp-json\/wp\/v2\/product_brand?post=70295873"},{"taxonomy":"product_cat","embeddable":true,"href":"https:\/\/bpk-archive.de\/tuellmann\/wp-json\/wp\/v2\/product_cat?post=70295873"},{"taxonomy":"product_tag","embeddable":true,"href":"https:\/\/bpk-archive.de\/tuellmann\/wp-json\/wp\/v2\/product_tag?post=70295873"}],"curies":[{"name":"wp","href":"https:\/\/api.w.org\/{rel}","templated":true}]}}