{"id":70295853,"date":"2019-09-05T15:22:36","date_gmt":"2019-09-05T13:22:36","guid":{"rendered":"http:\/\/abisagtuellmann.bpk-news.de\/atbild\/haus-friede-den-huetten-krieg-den-palaesten-in-der-fechenheimer-strasse\/"},"modified":"2019-09-05T15:22:49","modified_gmt":"2019-09-05T13:22:49","slug":"haus-friede-den-huetten-krieg-den-palaesten-in-der-fechenheimer-strasse","status":"publish","type":"product","link":"https:\/\/bpk-archive.de\/tuellmann\/produkt\/haus-friede-den-huetten-krieg-den-palaesten-in-der-fechenheimer-strasse\/","title":{"rendered":"Haus &#8222;Friede den H\u00fctten Krieg den Pal\u00e4sten&#8220; in der Fechenheimer Stra\u00dfe"},"content":{"rendered":"","protected":false},"excerpt":{"rendered":"","protected":false},"featured_media":70294189,"template":"","meta":[],"product_brand":[],"product_cat":[],"product_tag":[47237,13232,13234,13231,13233,47238,47240,13250,48185,48186,47549,47550,47551,47552,47553,47365,47366,47367,58038,58039,58040,58041,47248,47249,47250,47251,47252,47253,47254,47255,13469,13470,13253,13254,13255,13256,13257,13471,13472,13258,13259,13260,13262,13263,13264,13265,13266,13267,13272,13273,53595,53596,13293,13294,13295,13296,13297,13485,13486,13482,13481,13483,13484,47377,48510,48511,48512,48513,48514,47383,53780,53781,47384,47385,47386,13492,13493,13494,13495,13496,13497,13301,47323,48520,13328,13329,13330,13331,13332,58289,58290,58291,58292,58293,58294,48165,48166,47564,58295,58296,58297,58298,58299,48228,48839,58300,58301,58302,58303,58304,47504,47505,47506],"class_list":{"0":"post-70295853","1":"product","2":"type-product","3":"status-publish","4":"has-post-thumbnail","6":"product_tag-1980er-jahre","7":"product_tag-20-jahrhundert-nach-chr","8":"product_tag-20-jh-n-chr","9":"product_tag-20-jahrhundert","10":"product_tag-20-jh","11":"product_tag-80er","12":"product_tag-achtziger","13":"product_tag-aussen","14":"product_tag-aussenansicht","15":"product_tag-aussenansichten","16":"product_tag-auto","17":"product_tag-automobil","18":"product_tag-automobile","19":"product_tag-automobils","20":"product_tag-autos","21":"product_tag-bauten","22":"product_tag-bauwerk","23":"product_tag-bauwerke","24":"product_tag-bemalt","25":"product_tag-bemalte","26":"product_tag-bemalter","27":"product_tag-bemaltes","28":"product_tag-besetzen","29":"product_tag-besetzt","30":"product_tag-besetzte","31":"product_tag-besetzten","32":"product_tag-besetzter","33":"product_tag-besetztes","34":"product_tag-besetzung","35":"product_tag-besetzungen","36":"product_tag-brd","37":"product_tag-bundesrepublik-deutschland","38":"product_tag-deutsch","39":"product_tag-deutsche","40":"product_tag-deutschen","41":"product_tag-deutscher","42":"product_tag-deutsches","43":"product_tag-deutschland","44":"product_tag-deutschlands","45":"product_tag-dia","46":"product_tag-diapositiv","47":"product_tag-draussen","48":"product_tag-farbdia","49":"product_tag-farbdiapositiv","50":"product_tag-farbe","51":"product_tag-farben","52":"product_tag-farbfoto","53":"product_tag-farbfotografie","54":"product_tag-farbphoto","55":"product_tag-farbphotographie","56":"product_tag-fassade","57":"product_tag-fassaden","58":"product_tag-foto","59":"product_tag-fotografie","60":"product_tag-fotografien","61":"product_tag-fotografin","62":"product_tag-fotografinnen","63":"product_tag-frankfurt-m","64":"product_tag-frankfurt-main","65":"product_tag-frankfurt-a-main","66":"product_tag-frankfurt-a-m","67":"product_tag-frankfurt-am-main","68":"product_tag-frankfurter","69":"product_tag-gebaeude","70":"product_tag-geparkt","71":"product_tag-geparkte","72":"product_tag-geparkten","73":"product_tag-geparkter","74":"product_tag-geparktes","75":"product_tag-haus","76":"product_tag-hausbesetzung","77":"product_tag-hausbesetzungen","78":"product_tag-haeuser","79":"product_tag-haeusern","80":"product_tag-hauses","81":"product_tag-hessen","82":"product_tag-hessisch","83":"product_tag-hessische","84":"product_tag-hessischen","85":"product_tag-hessischer","86":"product_tag-hessisches","87":"product_tag-im-freien","88":"product_tag-okkupation","89":"product_tag-parken","90":"product_tag-photo","91":"product_tag-photographie","92":"product_tag-photographien","93":"product_tag-photographin","94":"product_tag-photographinnen","95":"product_tag-schnee","96":"product_tag-schneebedeckt","97":"product_tag-schneebedeckte","98":"product_tag-schneebedeckten","99":"product_tag-schneebedeckter","100":"product_tag-schneebedecktes","101":"product_tag-strasse","102":"product_tag-strassen","103":"product_tag-strassenrand","104":"product_tag-verschneit","105":"product_tag-verschneite","106":"product_tag-verschneiten","107":"product_tag-verschneiter","108":"product_tag-verschneites","109":"product_tag-von-aussen","110":"product_tag-winter","111":"product_tag-winterlich","112":"product_tag-winterliche","113":"product_tag-winterlichen","114":"product_tag-winterlicher","115":"product_tag-winterliches","116":"product_tag-wohngebaeude","117":"product_tag-wohnhaus","118":"product_tag-wohnhaeuser","119":"pa_datierung-28658","120":"pa_fotograf-abisag-tuellmann","121":"pa_geografischer_bezug-aufnahmeort-frankfurt-am-main-bornheim-deutschland","122":"pa_grunddaten_material_technik-foto-farbdia","123":"pa_interne_nummer-at_d_810804_24a","124":"pa_inventarnummer-tue_f81-08-04-24a","125":"pa_jahr_bis-56677","126":"pa_mediennummer-58286","127":"pa_objekt_typ-fotografie","129":"first","130":"instock","131":"product-type-simple"},"yoast_head":"<!-- This site is optimized with the Yoast SEO plugin v27.3 - https:\/\/yoast.com\/product\/yoast-seo-wordpress\/ -->\n<title>Haus &quot;Friede den H\u00fctten Krieg den Pal\u00e4sten&quot; in der Fechenheimer Stra\u00dfe - Abisag T\u00fcllmann<\/title>\n<meta name=\"robots\" content=\"index, follow, max-snippet:-1, max-image-preview:large, max-video-preview:-1\" \/>\n<link rel=\"canonical\" href=\"https:\/\/bpk-archive.de\/tuellmann\/produkt\/haus-friede-den-huetten-krieg-den-palaesten-in-der-fechenheimer-strasse\/\" \/>\n<meta property=\"og:locale\" content=\"de_DE\" \/>\n<meta property=\"og:type\" content=\"article\" \/>\n<meta property=\"og:title\" content=\"Haus &quot;Friede den H\u00fctten Krieg den Pal\u00e4sten&quot; in der Fechenheimer Stra\u00dfe - Abisag T\u00fcllmann\" \/>\n<meta property=\"og:url\" content=\"https:\/\/bpk-archive.de\/tuellmann\/produkt\/haus-friede-den-huetten-krieg-den-palaesten-in-der-fechenheimer-strasse\/\" \/>\n<meta property=\"og:site_name\" content=\"Abisag T\u00fcllmann\" \/>\n<meta property=\"article:modified_time\" content=\"2019-09-05T13:22:49+00:00\" \/>\n<meta property=\"og:image\" content=\"https:\/\/bpk-archive.de\/tuellmann\/wp-content\/uploads\/2019\/08\/bpk_70371616.jpg\" \/>\n\t<meta property=\"og:image:width\" content=\"1200\" \/>\n\t<meta property=\"og:image:height\" content=\"861\" \/>\n\t<meta property=\"og:image:type\" content=\"image\/jpeg\" \/>\n<meta name=\"twitter:card\" content=\"summary_large_image\" \/>\n<script type=\"application\/ld+json\" class=\"yoast-schema-graph\">{\"@context\":\"https:\\\/\\\/schema.org\",\"@graph\":[{\"@type\":\"WebPage\",\"@id\":\"https:\\\/\\\/bpk-archive.de\\\/tuellmann\\\/produkt\\\/haus-friede-den-huetten-krieg-den-palaesten-in-der-fechenheimer-strasse\\\/\",\"url\":\"https:\\\/\\\/bpk-archive.de\\\/tuellmann\\\/produkt\\\/haus-friede-den-huetten-krieg-den-palaesten-in-der-fechenheimer-strasse\\\/\",\"name\":\"Haus \\\"Friede den H\u00fctten Krieg den Pal\u00e4sten\\\" in der Fechenheimer Stra\u00dfe - Abisag T\u00fcllmann\",\"isPartOf\":{\"@id\":\"https:\\\/\\\/bpk-archive.de\\\/tuellmann\\\/#website\"},\"primaryImageOfPage\":{\"@id\":\"https:\\\/\\\/bpk-archive.de\\\/tuellmann\\\/produkt\\\/haus-friede-den-huetten-krieg-den-palaesten-in-der-fechenheimer-strasse\\\/#primaryimage\"},\"image\":{\"@id\":\"https:\\\/\\\/bpk-archive.de\\\/tuellmann\\\/produkt\\\/haus-friede-den-huetten-krieg-den-palaesten-in-der-fechenheimer-strasse\\\/#primaryimage\"},\"thumbnailUrl\":\"https:\\\/\\\/bpk-archive.de\\\/tuellmann\\\/wp-content\\\/uploads\\\/2019\\\/08\\\/bpk_70371616.jpg\",\"datePublished\":\"2019-09-05T13:22:36+00:00\",\"dateModified\":\"2019-09-05T13:22:49+00:00\",\"breadcrumb\":{\"@id\":\"https:\\\/\\\/bpk-archive.de\\\/tuellmann\\\/produkt\\\/haus-friede-den-huetten-krieg-den-palaesten-in-der-fechenheimer-strasse\\\/#breadcrumb\"},\"inLanguage\":\"de\",\"potentialAction\":[{\"@type\":\"ReadAction\",\"target\":[\"https:\\\/\\\/bpk-archive.de\\\/tuellmann\\\/produkt\\\/haus-friede-den-huetten-krieg-den-palaesten-in-der-fechenheimer-strasse\\\/\"]}]},{\"@type\":\"ImageObject\",\"inLanguage\":\"de\",\"@id\":\"https:\\\/\\\/bpk-archive.de\\\/tuellmann\\\/produkt\\\/haus-friede-den-huetten-krieg-den-palaesten-in-der-fechenheimer-strasse\\\/#primaryimage\",\"url\":\"https:\\\/\\\/bpk-archive.de\\\/tuellmann\\\/wp-content\\\/uploads\\\/2019\\\/08\\\/bpk_70371616.jpg\",\"contentUrl\":\"https:\\\/\\\/bpk-archive.de\\\/tuellmann\\\/wp-content\\\/uploads\\\/2019\\\/08\\\/bpk_70371616.jpg\",\"width\":1200,\"height\":861,\"caption\":\"Haus \\\"Friede den H\u00fctten Krieg den Pal\u00e4sten\\\" in der Fechenheimer Stra\u00dfe\"},{\"@type\":\"BreadcrumbList\",\"@id\":\"https:\\\/\\\/bpk-archive.de\\\/tuellmann\\\/produkt\\\/haus-friede-den-huetten-krieg-den-palaesten-in-der-fechenheimer-strasse\\\/#breadcrumb\",\"itemListElement\":[{\"@type\":\"ListItem\",\"position\":1,\"name\":\"Startseite\",\"item\":\"https:\\\/\\\/bpk-archive.de\\\/tuellmann\\\/\"},{\"@type\":\"ListItem\",\"position\":2,\"name\":\"Shop\",\"item\":\"https:\\\/\\\/bpk-archive.de\\\/tuellmann\\\/shop\\\/\"},{\"@type\":\"ListItem\",\"position\":3,\"name\":\"Haus &#8220;Friede den H\u00fctten Krieg den Pal\u00e4sten&#8221; in der Fechenheimer Stra\u00dfe\"}]},{\"@type\":\"WebSite\",\"@id\":\"https:\\\/\\\/bpk-archive.de\\\/tuellmann\\\/#website\",\"url\":\"https:\\\/\\\/bpk-archive.de\\\/tuellmann\\\/\",\"name\":\"Abisag T\u00fcllmann\",\"description\":\"Eine weitere WordPress-Website\",\"potentialAction\":[{\"@type\":\"SearchAction\",\"target\":{\"@type\":\"EntryPoint\",\"urlTemplate\":\"https:\\\/\\\/bpk-archive.de\\\/tuellmann\\\/?s={search_term_string}\"},\"query-input\":{\"@type\":\"PropertyValueSpecification\",\"valueRequired\":true,\"valueName\":\"search_term_string\"}}],\"inLanguage\":\"de\"}]}<\/script>\n<!-- \/ Yoast SEO plugin. -->","yoast_head_json":{"title":"Haus \"Friede den H\u00fctten Krieg den Pal\u00e4sten\" in der Fechenheimer Stra\u00dfe - Abisag T\u00fcllmann","robots":{"index":"index","follow":"follow","max-snippet":"max-snippet:-1","max-image-preview":"max-image-preview:large","max-video-preview":"max-video-preview:-1"},"canonical":"https:\/\/bpk-archive.de\/tuellmann\/produkt\/haus-friede-den-huetten-krieg-den-palaesten-in-der-fechenheimer-strasse\/","og_locale":"de_DE","og_type":"article","og_title":"Haus \"Friede den H\u00fctten Krieg den Pal\u00e4sten\" in der Fechenheimer Stra\u00dfe - Abisag T\u00fcllmann","og_url":"https:\/\/bpk-archive.de\/tuellmann\/produkt\/haus-friede-den-huetten-krieg-den-palaesten-in-der-fechenheimer-strasse\/","og_site_name":"Abisag T\u00fcllmann","article_modified_time":"2019-09-05T13:22:49+00:00","og_image":[{"width":1200,"height":861,"url":"https:\/\/bpk-archive.de\/tuellmann\/wp-content\/uploads\/2019\/08\/bpk_70371616.jpg","type":"image\/jpeg"}],"twitter_card":"summary_large_image","schema":{"@context":"https:\/\/schema.org","@graph":[{"@type":"WebPage","@id":"https:\/\/bpk-archive.de\/tuellmann\/produkt\/haus-friede-den-huetten-krieg-den-palaesten-in-der-fechenheimer-strasse\/","url":"https:\/\/bpk-archive.de\/tuellmann\/produkt\/haus-friede-den-huetten-krieg-den-palaesten-in-der-fechenheimer-strasse\/","name":"Haus \"Friede den H\u00fctten Krieg den Pal\u00e4sten\" in der Fechenheimer Stra\u00dfe - Abisag T\u00fcllmann","isPartOf":{"@id":"https:\/\/bpk-archive.de\/tuellmann\/#website"},"primaryImageOfPage":{"@id":"https:\/\/bpk-archive.de\/tuellmann\/produkt\/haus-friede-den-huetten-krieg-den-palaesten-in-der-fechenheimer-strasse\/#primaryimage"},"image":{"@id":"https:\/\/bpk-archive.de\/tuellmann\/produkt\/haus-friede-den-huetten-krieg-den-palaesten-in-der-fechenheimer-strasse\/#primaryimage"},"thumbnailUrl":"https:\/\/bpk-archive.de\/tuellmann\/wp-content\/uploads\/2019\/08\/bpk_70371616.jpg","datePublished":"2019-09-05T13:22:36+00:00","dateModified":"2019-09-05T13:22:49+00:00","breadcrumb":{"@id":"https:\/\/bpk-archive.de\/tuellmann\/produkt\/haus-friede-den-huetten-krieg-den-palaesten-in-der-fechenheimer-strasse\/#breadcrumb"},"inLanguage":"de","potentialAction":[{"@type":"ReadAction","target":["https:\/\/bpk-archive.de\/tuellmann\/produkt\/haus-friede-den-huetten-krieg-den-palaesten-in-der-fechenheimer-strasse\/"]}]},{"@type":"ImageObject","inLanguage":"de","@id":"https:\/\/bpk-archive.de\/tuellmann\/produkt\/haus-friede-den-huetten-krieg-den-palaesten-in-der-fechenheimer-strasse\/#primaryimage","url":"https:\/\/bpk-archive.de\/tuellmann\/wp-content\/uploads\/2019\/08\/bpk_70371616.jpg","contentUrl":"https:\/\/bpk-archive.de\/tuellmann\/wp-content\/uploads\/2019\/08\/bpk_70371616.jpg","width":1200,"height":861,"caption":"Haus \"Friede den H\u00fctten Krieg den Pal\u00e4sten\" in der Fechenheimer Stra\u00dfe"},{"@type":"BreadcrumbList","@id":"https:\/\/bpk-archive.de\/tuellmann\/produkt\/haus-friede-den-huetten-krieg-den-palaesten-in-der-fechenheimer-strasse\/#breadcrumb","itemListElement":[{"@type":"ListItem","position":1,"name":"Startseite","item":"https:\/\/bpk-archive.de\/tuellmann\/"},{"@type":"ListItem","position":2,"name":"Shop","item":"https:\/\/bpk-archive.de\/tuellmann\/shop\/"},{"@type":"ListItem","position":3,"name":"Haus &#8220;Friede den H\u00fctten Krieg den Pal\u00e4sten&#8221; in der Fechenheimer Stra\u00dfe"}]},{"@type":"WebSite","@id":"https:\/\/bpk-archive.de\/tuellmann\/#website","url":"https:\/\/bpk-archive.de\/tuellmann\/","name":"Abisag T\u00fcllmann","description":"Eine weitere WordPress-Website","potentialAction":[{"@type":"SearchAction","target":{"@type":"EntryPoint","urlTemplate":"https:\/\/bpk-archive.de\/tuellmann\/?s={search_term_string}"},"query-input":{"@type":"PropertyValueSpecification","valueRequired":true,"valueName":"search_term_string"}}],"inLanguage":"de"}]}},"_links":{"self":[{"href":"https:\/\/bpk-archive.de\/tuellmann\/wp-json\/wp\/v2\/product\/70295853","targetHints":{"allow":["GET"]}}],"collection":[{"href":"https:\/\/bpk-archive.de\/tuellmann\/wp-json\/wp\/v2\/product"}],"about":[{"href":"https:\/\/bpk-archive.de\/tuellmann\/wp-json\/wp\/v2\/types\/product"}],"wp:featuredmedia":[{"embeddable":true,"href":"https:\/\/bpk-archive.de\/tuellmann\/wp-json\/wp\/v2\/media\/70294189"}],"wp:attachment":[{"href":"https:\/\/bpk-archive.de\/tuellmann\/wp-json\/wp\/v2\/media?parent=70295853"}],"wp:term":[{"taxonomy":"product_brand","embeddable":true,"href":"https:\/\/bpk-archive.de\/tuellmann\/wp-json\/wp\/v2\/product_brand?post=70295853"},{"taxonomy":"product_cat","embeddable":true,"href":"https:\/\/bpk-archive.de\/tuellmann\/wp-json\/wp\/v2\/product_cat?post=70295853"},{"taxonomy":"product_tag","embeddable":true,"href":"https:\/\/bpk-archive.de\/tuellmann\/wp-json\/wp\/v2\/product_tag?post=70295853"}],"curies":[{"name":"wp","href":"https:\/\/api.w.org\/{rel}","templated":true}]}}