{"id":70295835,"date":"2019-09-05T15:22:36","date_gmt":"2019-09-05T13:22:36","guid":{"rendered":"http:\/\/abisagtuellmann.bpk-news.de\/atbild\/porticus-installationen-von-jonathan-borofsky-kuenstler-in-2-reihe-mit-videokamera-und-im-gespraech-mit-besuchern\/"},"modified":"2019-09-05T15:22:37","modified_gmt":"2019-09-05T13:22:37","slug":"porticus-installationen-von-jonathan-borofsky-kuenstler-in-2-reihe-mit-videokamera-und-im-gespraech-mit-besuchern","status":"publish","type":"product","link":"https:\/\/bpk-archive.de\/tuellmann\/produkt\/porticus-installationen-von-jonathan-borofsky-kuenstler-in-2-reihe-mit-videokamera-und-im-gespraech-mit-besuchern\/","title":{"rendered":"Porticus: Installationen von Jonathan Borofsky (K\u00fcnstler in 2.Reihe mit Videokamera und im Gespr\u00e4ch mit Besuchern)"},"content":{"rendered":"","protected":false},"excerpt":{"rendered":"","protected":false},"featured_media":70294247,"template":"","meta":[],"product_brand":[],"product_cat":[],"product_tag":[14308,13232,13234,13231,13233,14309,50837,50838,13458,13459,58058,58059,48966,13460,13461,48967,56065,13469,13470,13253,13254,13255,13256,13257,13471,13472,13258,13259,47629,13473,13262,13263,13264,13265,13266,13267,13272,13273,13293,13294,13295,13296,13297,13485,13486,13482,13481,13483,13484,13487,13488,58060,13979,13980,13981,47579,47580,47581,47582,13492,13493,13494,13495,13496,13497,13498,47589,47590,58061,56080,13499,13500,58062,58063,56081,58064,58065,58066,14328,13328,13329,13330,13331,13332,13519,13520,13521,13522,13523,13524,58067,58068,13525],"class_list":{"0":"post-70295835","1":"product","2":"type-product","3":"status-publish","4":"has-post-thumbnail","6":"product_tag-1990er-jahre","7":"product_tag-20-jahrhundert-nach-chr","8":"product_tag-20-jh-n-chr","9":"product_tag-20-jahrhundert","10":"product_tag-20-jh","11":"product_tag-90er","12":"product_tag-ausstellung","13":"product_tag-ausstellungen","14":"product_tag-ausstellungsbesuch","15":"product_tag-ausstellungsbesucher","16":"product_tag-ausstellungseroeffnung","17":"product_tag-ausstellungseroeffnungen","18":"product_tag-besucher","19":"product_tag-besucherin","20":"product_tag-besucherinnen","21":"product_tag-besuchern","22":"product_tag-bildende-kunst","23":"product_tag-brd","24":"product_tag-bundesrepublik-deutschland","25":"product_tag-deutsch","26":"product_tag-deutsche","27":"product_tag-deutschen","28":"product_tag-deutscher","29":"product_tag-deutsches","30":"product_tag-deutschland","31":"product_tag-deutschlands","32":"product_tag-dia","33":"product_tag-diapositiv","34":"product_tag-drei","35":"product_tag-drinnen","36":"product_tag-farbdia","37":"product_tag-farbdiapositiv","38":"product_tag-farbe","39":"product_tag-farben","40":"product_tag-farbfoto","41":"product_tag-farbfotografie","42":"product_tag-farbphoto","43":"product_tag-farbphotographie","44":"product_tag-foto","45":"product_tag-fotografie","46":"product_tag-fotografien","47":"product_tag-fotografin","48":"product_tag-fotografinnen","49":"product_tag-frankfurt-m","50":"product_tag-frankfurt-main","51":"product_tag-frankfurt-a-main","52":"product_tag-frankfurt-a-m","53":"product_tag-frankfurt-am-main","54":"product_tag-frankfurter","55":"product_tag-frau","56":"product_tag-frauen","57":"product_tag-galerie","58":"product_tag-gast","59":"product_tag-gaeste","60":"product_tag-gaesten","61":"product_tag-gespraech","62":"product_tag-gespraeche","63":"product_tag-gespraeches","64":"product_tag-gespraechs","65":"product_tag-hessen","66":"product_tag-hessisch","67":"product_tag-hessische","68":"product_tag-hessischen","69":"product_tag-hessischer","70":"product_tag-hessisches","71":"product_tag-innen","72":"product_tag-konversation","73":"product_tag-konversationen","74":"product_tag-kulturleben","75":"product_tag-kunst","76":"product_tag-kunstausstellung","77":"product_tag-kunstausstellungen","78":"product_tag-kunstbegeistert","79":"product_tag-kunstbegeisterte","80":"product_tag-kuenste","81":"product_tag-kunstgalerie","82":"product_tag-kunstgalerien","83":"product_tag-kunstszene","84":"product_tag-neunziger","85":"product_tag-photo","86":"product_tag-photographie","87":"product_tag-photographien","88":"product_tag-photographin","89":"product_tag-photographinnen","90":"product_tag-stehen","91":"product_tag-stehend","92":"product_tag-stehende","93":"product_tag-stehenden","94":"product_tag-stehender","95":"product_tag-stehendes","96":"product_tag-vernissage","97":"product_tag-vernissagen","98":"product_tag-von-innen","99":"pa_datierung-25870","100":"pa_fotograf-abisag-tuellmann","101":"pa_geografischer_bezug-aufnahmeort-frankfurt-am-main-deutschland","102":"pa_grunddaten_material_technik-foto-farbdia","103":"pa_interne_nummer-at_d_910001_09","104":"pa_inventarnummer-tue_f91-00-01-09","105":"pa_jahr_bis-58057","106":"pa_mediennummer-58054","107":"pa_objekt_typ-fotografie","109":"first","110":"instock","111":"product-type-simple"},"yoast_head":"<!-- This site is optimized with the Yoast SEO plugin v27.4 - https:\/\/yoast.com\/product\/yoast-seo-wordpress\/ -->\n<title>Porticus: Installationen von Jonathan Borofsky (K\u00fcnstler in 2.Reihe mit Videokamera und im Gespr\u00e4ch mit Besuchern) - Abisag T\u00fcllmann<\/title>\n<meta name=\"robots\" content=\"index, follow, max-snippet:-1, max-image-preview:large, max-video-preview:-1\" \/>\n<link rel=\"canonical\" href=\"https:\/\/bpk-archive.de\/tuellmann\/produkt\/porticus-installationen-von-jonathan-borofsky-kuenstler-in-2-reihe-mit-videokamera-und-im-gespraech-mit-besuchern\/\" \/>\n<meta property=\"og:locale\" content=\"de_DE\" \/>\n<meta property=\"og:type\" content=\"article\" \/>\n<meta property=\"og:title\" content=\"Porticus: Installationen von Jonathan Borofsky (K\u00fcnstler in 2.Reihe mit Videokamera und im Gespr\u00e4ch mit Besuchern) - Abisag T\u00fcllmann\" \/>\n<meta property=\"og:url\" content=\"https:\/\/bpk-archive.de\/tuellmann\/produkt\/porticus-installationen-von-jonathan-borofsky-kuenstler-in-2-reihe-mit-videokamera-und-im-gespraech-mit-besuchern\/\" \/>\n<meta property=\"og:site_name\" content=\"Abisag T\u00fcllmann\" \/>\n<meta property=\"article:modified_time\" content=\"2019-09-05T13:22:37+00:00\" \/>\n<meta property=\"og:image\" content=\"https:\/\/bpk-archive.de\/tuellmann\/wp-content\/uploads\/2019\/08\/bpk_70371648.jpg\" \/>\n\t<meta property=\"og:image:width\" content=\"1200\" \/>\n\t<meta property=\"og:image:height\" content=\"797\" \/>\n\t<meta property=\"og:image:type\" content=\"image\/jpeg\" \/>\n<meta name=\"twitter:card\" content=\"summary_large_image\" \/>\n<script type=\"application\/ld+json\" class=\"yoast-schema-graph\">{\"@context\":\"https:\\\/\\\/schema.org\",\"@graph\":[{\"@type\":\"WebPage\",\"@id\":\"https:\\\/\\\/bpk-archive.de\\\/tuellmann\\\/produkt\\\/porticus-installationen-von-jonathan-borofsky-kuenstler-in-2-reihe-mit-videokamera-und-im-gespraech-mit-besuchern\\\/\",\"url\":\"https:\\\/\\\/bpk-archive.de\\\/tuellmann\\\/produkt\\\/porticus-installationen-von-jonathan-borofsky-kuenstler-in-2-reihe-mit-videokamera-und-im-gespraech-mit-besuchern\\\/\",\"name\":\"Porticus: Installationen von Jonathan Borofsky (K\u00fcnstler in 2.Reihe mit Videokamera und im Gespr\u00e4ch mit Besuchern) - Abisag T\u00fcllmann\",\"isPartOf\":{\"@id\":\"https:\\\/\\\/bpk-archive.de\\\/tuellmann\\\/#website\"},\"primaryImageOfPage\":{\"@id\":\"https:\\\/\\\/bpk-archive.de\\\/tuellmann\\\/produkt\\\/porticus-installationen-von-jonathan-borofsky-kuenstler-in-2-reihe-mit-videokamera-und-im-gespraech-mit-besuchern\\\/#primaryimage\"},\"image\":{\"@id\":\"https:\\\/\\\/bpk-archive.de\\\/tuellmann\\\/produkt\\\/porticus-installationen-von-jonathan-borofsky-kuenstler-in-2-reihe-mit-videokamera-und-im-gespraech-mit-besuchern\\\/#primaryimage\"},\"thumbnailUrl\":\"https:\\\/\\\/bpk-archive.de\\\/tuellmann\\\/wp-content\\\/uploads\\\/2019\\\/08\\\/bpk_70371648.jpg\",\"datePublished\":\"2019-09-05T13:22:36+00:00\",\"dateModified\":\"2019-09-05T13:22:37+00:00\",\"breadcrumb\":{\"@id\":\"https:\\\/\\\/bpk-archive.de\\\/tuellmann\\\/produkt\\\/porticus-installationen-von-jonathan-borofsky-kuenstler-in-2-reihe-mit-videokamera-und-im-gespraech-mit-besuchern\\\/#breadcrumb\"},\"inLanguage\":\"de\",\"potentialAction\":[{\"@type\":\"ReadAction\",\"target\":[\"https:\\\/\\\/bpk-archive.de\\\/tuellmann\\\/produkt\\\/porticus-installationen-von-jonathan-borofsky-kuenstler-in-2-reihe-mit-videokamera-und-im-gespraech-mit-besuchern\\\/\"]}]},{\"@type\":\"ImageObject\",\"inLanguage\":\"de\",\"@id\":\"https:\\\/\\\/bpk-archive.de\\\/tuellmann\\\/produkt\\\/porticus-installationen-von-jonathan-borofsky-kuenstler-in-2-reihe-mit-videokamera-und-im-gespraech-mit-besuchern\\\/#primaryimage\",\"url\":\"https:\\\/\\\/bpk-archive.de\\\/tuellmann\\\/wp-content\\\/uploads\\\/2019\\\/08\\\/bpk_70371648.jpg\",\"contentUrl\":\"https:\\\/\\\/bpk-archive.de\\\/tuellmann\\\/wp-content\\\/uploads\\\/2019\\\/08\\\/bpk_70371648.jpg\",\"width\":1200,\"height\":797,\"caption\":\"Porticus: Installationen von Jonathan Borofsky (K\u00fcnstler in 2.Reihe mit Videokamera und im Gespr\u00e4ch mit Besuchern)\"},{\"@type\":\"BreadcrumbList\",\"@id\":\"https:\\\/\\\/bpk-archive.de\\\/tuellmann\\\/produkt\\\/porticus-installationen-von-jonathan-borofsky-kuenstler-in-2-reihe-mit-videokamera-und-im-gespraech-mit-besuchern\\\/#breadcrumb\",\"itemListElement\":[{\"@type\":\"ListItem\",\"position\":1,\"name\":\"Startseite\",\"item\":\"https:\\\/\\\/bpk-archive.de\\\/tuellmann\\\/\"},{\"@type\":\"ListItem\",\"position\":2,\"name\":\"Shop\",\"item\":\"https:\\\/\\\/bpk-archive.de\\\/tuellmann\\\/shop\\\/\"},{\"@type\":\"ListItem\",\"position\":3,\"name\":\"Porticus: Installationen von Jonathan Borofsky (K\u00fcnstler in 2.Reihe mit Videokamera und im Gespr\u00e4ch mit Besuchern)\"}]},{\"@type\":\"WebSite\",\"@id\":\"https:\\\/\\\/bpk-archive.de\\\/tuellmann\\\/#website\",\"url\":\"https:\\\/\\\/bpk-archive.de\\\/tuellmann\\\/\",\"name\":\"Abisag T\u00fcllmann\",\"description\":\"Eine weitere WordPress-Website\",\"potentialAction\":[{\"@type\":\"SearchAction\",\"target\":{\"@type\":\"EntryPoint\",\"urlTemplate\":\"https:\\\/\\\/bpk-archive.de\\\/tuellmann\\\/?s={search_term_string}\"},\"query-input\":{\"@type\":\"PropertyValueSpecification\",\"valueRequired\":true,\"valueName\":\"search_term_string\"}}],\"inLanguage\":\"de\"}]}<\/script>\n<!-- \/ Yoast SEO plugin. -->","yoast_head_json":{"title":"Porticus: Installationen von Jonathan Borofsky (K\u00fcnstler in 2.Reihe mit Videokamera und im Gespr\u00e4ch mit Besuchern) - Abisag T\u00fcllmann","robots":{"index":"index","follow":"follow","max-snippet":"max-snippet:-1","max-image-preview":"max-image-preview:large","max-video-preview":"max-video-preview:-1"},"canonical":"https:\/\/bpk-archive.de\/tuellmann\/produkt\/porticus-installationen-von-jonathan-borofsky-kuenstler-in-2-reihe-mit-videokamera-und-im-gespraech-mit-besuchern\/","og_locale":"de_DE","og_type":"article","og_title":"Porticus: Installationen von Jonathan Borofsky (K\u00fcnstler in 2.Reihe mit Videokamera und im Gespr\u00e4ch mit Besuchern) - Abisag T\u00fcllmann","og_url":"https:\/\/bpk-archive.de\/tuellmann\/produkt\/porticus-installationen-von-jonathan-borofsky-kuenstler-in-2-reihe-mit-videokamera-und-im-gespraech-mit-besuchern\/","og_site_name":"Abisag T\u00fcllmann","article_modified_time":"2019-09-05T13:22:37+00:00","og_image":[{"width":1200,"height":797,"url":"https:\/\/bpk-archive.de\/tuellmann\/wp-content\/uploads\/2019\/08\/bpk_70371648.jpg","type":"image\/jpeg"}],"twitter_card":"summary_large_image","schema":{"@context":"https:\/\/schema.org","@graph":[{"@type":"WebPage","@id":"https:\/\/bpk-archive.de\/tuellmann\/produkt\/porticus-installationen-von-jonathan-borofsky-kuenstler-in-2-reihe-mit-videokamera-und-im-gespraech-mit-besuchern\/","url":"https:\/\/bpk-archive.de\/tuellmann\/produkt\/porticus-installationen-von-jonathan-borofsky-kuenstler-in-2-reihe-mit-videokamera-und-im-gespraech-mit-besuchern\/","name":"Porticus: Installationen von Jonathan Borofsky (K\u00fcnstler in 2.Reihe mit Videokamera und im Gespr\u00e4ch mit Besuchern) - Abisag T\u00fcllmann","isPartOf":{"@id":"https:\/\/bpk-archive.de\/tuellmann\/#website"},"primaryImageOfPage":{"@id":"https:\/\/bpk-archive.de\/tuellmann\/produkt\/porticus-installationen-von-jonathan-borofsky-kuenstler-in-2-reihe-mit-videokamera-und-im-gespraech-mit-besuchern\/#primaryimage"},"image":{"@id":"https:\/\/bpk-archive.de\/tuellmann\/produkt\/porticus-installationen-von-jonathan-borofsky-kuenstler-in-2-reihe-mit-videokamera-und-im-gespraech-mit-besuchern\/#primaryimage"},"thumbnailUrl":"https:\/\/bpk-archive.de\/tuellmann\/wp-content\/uploads\/2019\/08\/bpk_70371648.jpg","datePublished":"2019-09-05T13:22:36+00:00","dateModified":"2019-09-05T13:22:37+00:00","breadcrumb":{"@id":"https:\/\/bpk-archive.de\/tuellmann\/produkt\/porticus-installationen-von-jonathan-borofsky-kuenstler-in-2-reihe-mit-videokamera-und-im-gespraech-mit-besuchern\/#breadcrumb"},"inLanguage":"de","potentialAction":[{"@type":"ReadAction","target":["https:\/\/bpk-archive.de\/tuellmann\/produkt\/porticus-installationen-von-jonathan-borofsky-kuenstler-in-2-reihe-mit-videokamera-und-im-gespraech-mit-besuchern\/"]}]},{"@type":"ImageObject","inLanguage":"de","@id":"https:\/\/bpk-archive.de\/tuellmann\/produkt\/porticus-installationen-von-jonathan-borofsky-kuenstler-in-2-reihe-mit-videokamera-und-im-gespraech-mit-besuchern\/#primaryimage","url":"https:\/\/bpk-archive.de\/tuellmann\/wp-content\/uploads\/2019\/08\/bpk_70371648.jpg","contentUrl":"https:\/\/bpk-archive.de\/tuellmann\/wp-content\/uploads\/2019\/08\/bpk_70371648.jpg","width":1200,"height":797,"caption":"Porticus: Installationen von Jonathan Borofsky (K\u00fcnstler in 2.Reihe mit Videokamera und im Gespr\u00e4ch mit Besuchern)"},{"@type":"BreadcrumbList","@id":"https:\/\/bpk-archive.de\/tuellmann\/produkt\/porticus-installationen-von-jonathan-borofsky-kuenstler-in-2-reihe-mit-videokamera-und-im-gespraech-mit-besuchern\/#breadcrumb","itemListElement":[{"@type":"ListItem","position":1,"name":"Startseite","item":"https:\/\/bpk-archive.de\/tuellmann\/"},{"@type":"ListItem","position":2,"name":"Shop","item":"https:\/\/bpk-archive.de\/tuellmann\/shop\/"},{"@type":"ListItem","position":3,"name":"Porticus: Installationen von Jonathan Borofsky (K\u00fcnstler in 2.Reihe mit Videokamera und im Gespr\u00e4ch mit Besuchern)"}]},{"@type":"WebSite","@id":"https:\/\/bpk-archive.de\/tuellmann\/#website","url":"https:\/\/bpk-archive.de\/tuellmann\/","name":"Abisag T\u00fcllmann","description":"Eine weitere WordPress-Website","potentialAction":[{"@type":"SearchAction","target":{"@type":"EntryPoint","urlTemplate":"https:\/\/bpk-archive.de\/tuellmann\/?s={search_term_string}"},"query-input":{"@type":"PropertyValueSpecification","valueRequired":true,"valueName":"search_term_string"}}],"inLanguage":"de"}]}},"_links":{"self":[{"href":"https:\/\/bpk-archive.de\/tuellmann\/wp-json\/wp\/v2\/product\/70295835","targetHints":{"allow":["GET"]}}],"collection":[{"href":"https:\/\/bpk-archive.de\/tuellmann\/wp-json\/wp\/v2\/product"}],"about":[{"href":"https:\/\/bpk-archive.de\/tuellmann\/wp-json\/wp\/v2\/types\/product"}],"wp:featuredmedia":[{"embeddable":true,"href":"https:\/\/bpk-archive.de\/tuellmann\/wp-json\/wp\/v2\/media\/70294247"}],"wp:attachment":[{"href":"https:\/\/bpk-archive.de\/tuellmann\/wp-json\/wp\/v2\/media?parent=70295835"}],"wp:term":[{"taxonomy":"product_brand","embeddable":true,"href":"https:\/\/bpk-archive.de\/tuellmann\/wp-json\/wp\/v2\/product_brand?post=70295835"},{"taxonomy":"product_cat","embeddable":true,"href":"https:\/\/bpk-archive.de\/tuellmann\/wp-json\/wp\/v2\/product_cat?post=70295835"},{"taxonomy":"product_tag","embeddable":true,"href":"https:\/\/bpk-archive.de\/tuellmann\/wp-json\/wp\/v2\/product_tag?post=70295835"}],"curies":[{"name":"wp","href":"https:\/\/api.w.org\/{rel}","templated":true}]}}