{"id":70295826,"date":"2019-09-05T15:22:22","date_gmt":"2019-09-05T13:22:22","guid":{"rendered":"http:\/\/abisagtuellmann.bpk-news.de\/atbild\/strasse-mit-stuckhaeusern-kinder-autowaescher\/"},"modified":"2019-09-05T15:22:30","modified_gmt":"2019-09-05T13:22:30","slug":"strasse-mit-stuckhaeusern-kinder-autowaescher","status":"publish","type":"product","link":"https:\/\/bpk-archive.de\/tuellmann\/produkt\/strasse-mit-stuckhaeusern-kinder-autowaescher\/","title":{"rendered":"Stra\u00dfe mit Stuckh\u00e4usern, Kinder, Autow\u00e4scher"},"content":{"rendered":"","protected":false},"excerpt":{"rendered":"","protected":false},"featured_media":70294082,"template":"","meta":[],"product_brand":[],"product_cat":[],"product_tag":[13774,13232,13234,13231,13233,13775,53249,53250,13250,47549,47550,47551,47552,47553,47554,56030,56031,13469,58003,58004,13470,13253,13254,13255,13256,13257,13471,13472,13258,13259,13260,13262,13263,13264,13265,13266,13267,13272,13273,13293,13294,13295,13296,13297,48510,48511,48512,48513,48514,47497,47498,49080,49081,49082,49083,13301,14205,14206,14207,14213,14218,14219,13818,13819,13826,49586,49588,48520,55343,13328,13329,13330,13331,13332,49545,49546,49547,49548,49549,49550,49554,49551,49552,49553,49555,13867,49605,49606,49607,49608,49609,49610,48165,48166,47408,47564,47409,49085,49086,56415,58005,58006,58007,50382,50383,50384,50385,50386,50387,50390],"class_list":{"0":"post-70295826","1":"product","2":"type-product","3":"status-publish","4":"has-post-thumbnail","6":"product_tag-1960er-jahre","7":"product_tag-20-jahrhundert-nach-chr","8":"product_tag-20-jh-n-chr","9":"product_tag-20-jahrhundert","10":"product_tag-20-jh","11":"product_tag-60er","12":"product_tag-altbau","13":"product_tag-altbauten","14":"product_tag-aussen","15":"product_tag-auto","16":"product_tag-automobil","17":"product_tag-automobile","18":"product_tag-automobils","19":"product_tag-autos","20":"product_tag-autowaesche","21":"product_tag-bonn","22":"product_tag-bonner","23":"product_tag-brd","24":"product_tag-bulli","25":"product_tag-bully","26":"product_tag-bundesrepublik-deutschland","27":"product_tag-deutsch","28":"product_tag-deutsche","29":"product_tag-deutschen","30":"product_tag-deutscher","31":"product_tag-deutsches","32":"product_tag-deutschland","33":"product_tag-deutschlands","34":"product_tag-dia","35":"product_tag-diapositiv","36":"product_tag-draussen","37":"product_tag-farbdia","38":"product_tag-farbdiapositiv","39":"product_tag-farbe","40":"product_tag-farben","41":"product_tag-farbfoto","42":"product_tag-farbfotografie","43":"product_tag-farbphoto","44":"product_tag-farbphotographie","45":"product_tag-foto","46":"product_tag-fotografie","47":"product_tag-fotografien","48":"product_tag-fotografin","49":"product_tag-fotografinnen","50":"product_tag-geparkt","51":"product_tag-geparkte","52":"product_tag-geparkten","53":"product_tag-geparkter","54":"product_tag-geparktes","55":"product_tag-hauptstadt","56":"product_tag-hauptstaedte","57":"product_tag-haeuserreihe","58":"product_tag-haeuserreihen","59":"product_tag-haeuserzeile","60":"product_tag-haeuserzeilen","61":"product_tag-im-freien","62":"product_tag-kind","63":"product_tag-kinde","64":"product_tag-kinder","65":"product_tag-kindern","66":"product_tag-kindes","67":"product_tag-kindheit","68":"product_tag-mann","69":"product_tag-maenner","70":"product_tag-mannes","71":"product_tag-nordrhein-westfalen","72":"product_tag-nrw","73":"product_tag-parken","74":"product_tag-pfalz","75":"product_tag-photo","76":"product_tag-photographie","77":"product_tag-photographien","78":"product_tag-photographin","79":"product_tag-photographinnen","80":"product_tag-rheinisch","81":"product_tag-rheinische","82":"product_tag-rheinischen","83":"product_tag-rheinischer","84":"product_tag-rheinisches","85":"product_tag-rheinland","86":"product_tag-rheinland-pfalz","87":"product_tag-rheinlande","88":"product_tag-rheinlanden","89":"product_tag-rheinlandes","90":"product_tag-rheinlands","91":"product_tag-sechziger","92":"product_tag-spielen","93":"product_tag-spielend","94":"product_tag-spielende","95":"product_tag-spielenden","96":"product_tag-spielender","97":"product_tag-spielendes","98":"product_tag-strasse","99":"product_tag-strassen","100":"product_tag-strassenleben","101":"product_tag-strassenrand","102":"product_tag-strassenszene","103":"product_tag-strassenzug","104":"product_tag-strassenzuege","105":"product_tag-stuck","106":"product_tag-vw-bulli","107":"product_tag-vw-bullis","108":"product_tag-vw-bus","109":"product_tag-waschen","110":"product_tag-waschend","111":"product_tag-waschende","112":"product_tag-waschenden","113":"product_tag-waschender","114":"product_tag-waschendes","115":"product_tag-waescht","116":"pa_datierung-55102","117":"pa_fotograf-abisag-tuellmann","118":"pa_geografischer_bezug-aufnahmeort-bonn-deutschland","119":"pa_grunddaten_material_technik-foto-farbdia","120":"pa_interne_nummer-at_d_670507_4a","121":"pa_inventarnummer-tue_f67-05-07-04a","122":"pa_jahr_bis-56029","123":"pa_mediennummer-58000","124":"pa_objekt_typ-fotografie","126":"first","127":"instock","128":"product-type-simple"},"yoast_head":"<!-- This site is optimized with the Yoast SEO plugin v27.4 - https:\/\/yoast.com\/product\/yoast-seo-wordpress\/ -->\n<title>Stra\u00dfe mit Stuckh\u00e4usern, Kinder, Autow\u00e4scher - Abisag T\u00fcllmann<\/title>\n<meta name=\"robots\" content=\"index, follow, max-snippet:-1, max-image-preview:large, max-video-preview:-1\" \/>\n<link rel=\"canonical\" href=\"https:\/\/bpk-archive.de\/tuellmann\/produkt\/strasse-mit-stuckhaeusern-kinder-autowaescher\/\" \/>\n<meta property=\"og:locale\" content=\"de_DE\" \/>\n<meta property=\"og:type\" content=\"article\" \/>\n<meta property=\"og:title\" content=\"Stra\u00dfe mit Stuckh\u00e4usern, Kinder, Autow\u00e4scher - Abisag T\u00fcllmann\" \/>\n<meta property=\"og:url\" content=\"https:\/\/bpk-archive.de\/tuellmann\/produkt\/strasse-mit-stuckhaeusern-kinder-autowaescher\/\" \/>\n<meta property=\"og:site_name\" content=\"Abisag T\u00fcllmann\" \/>\n<meta property=\"article:modified_time\" content=\"2019-09-05T13:22:30+00:00\" \/>\n<meta property=\"og:image\" content=\"https:\/\/bpk-archive.de\/tuellmann\/wp-content\/uploads\/2019\/08\/bpk_70371487.jpg\" \/>\n\t<meta property=\"og:image:width\" content=\"1200\" \/>\n\t<meta property=\"og:image:height\" content=\"804\" \/>\n\t<meta property=\"og:image:type\" content=\"image\/jpeg\" \/>\n<meta name=\"twitter:card\" content=\"summary_large_image\" \/>\n<script type=\"application\/ld+json\" class=\"yoast-schema-graph\">{\"@context\":\"https:\\\/\\\/schema.org\",\"@graph\":[{\"@type\":\"WebPage\",\"@id\":\"https:\\\/\\\/bpk-archive.de\\\/tuellmann\\\/produkt\\\/strasse-mit-stuckhaeusern-kinder-autowaescher\\\/\",\"url\":\"https:\\\/\\\/bpk-archive.de\\\/tuellmann\\\/produkt\\\/strasse-mit-stuckhaeusern-kinder-autowaescher\\\/\",\"name\":\"Stra\u00dfe mit Stuckh\u00e4usern, Kinder, Autow\u00e4scher - Abisag T\u00fcllmann\",\"isPartOf\":{\"@id\":\"https:\\\/\\\/bpk-archive.de\\\/tuellmann\\\/#website\"},\"primaryImageOfPage\":{\"@id\":\"https:\\\/\\\/bpk-archive.de\\\/tuellmann\\\/produkt\\\/strasse-mit-stuckhaeusern-kinder-autowaescher\\\/#primaryimage\"},\"image\":{\"@id\":\"https:\\\/\\\/bpk-archive.de\\\/tuellmann\\\/produkt\\\/strasse-mit-stuckhaeusern-kinder-autowaescher\\\/#primaryimage\"},\"thumbnailUrl\":\"https:\\\/\\\/bpk-archive.de\\\/tuellmann\\\/wp-content\\\/uploads\\\/2019\\\/08\\\/bpk_70371487.jpg\",\"datePublished\":\"2019-09-05T13:22:22+00:00\",\"dateModified\":\"2019-09-05T13:22:30+00:00\",\"breadcrumb\":{\"@id\":\"https:\\\/\\\/bpk-archive.de\\\/tuellmann\\\/produkt\\\/strasse-mit-stuckhaeusern-kinder-autowaescher\\\/#breadcrumb\"},\"inLanguage\":\"de\",\"potentialAction\":[{\"@type\":\"ReadAction\",\"target\":[\"https:\\\/\\\/bpk-archive.de\\\/tuellmann\\\/produkt\\\/strasse-mit-stuckhaeusern-kinder-autowaescher\\\/\"]}]},{\"@type\":\"ImageObject\",\"inLanguage\":\"de\",\"@id\":\"https:\\\/\\\/bpk-archive.de\\\/tuellmann\\\/produkt\\\/strasse-mit-stuckhaeusern-kinder-autowaescher\\\/#primaryimage\",\"url\":\"https:\\\/\\\/bpk-archive.de\\\/tuellmann\\\/wp-content\\\/uploads\\\/2019\\\/08\\\/bpk_70371487.jpg\",\"contentUrl\":\"https:\\\/\\\/bpk-archive.de\\\/tuellmann\\\/wp-content\\\/uploads\\\/2019\\\/08\\\/bpk_70371487.jpg\",\"width\":1200,\"height\":804,\"caption\":\"Stra\u00dfe mit Stuckh\u00e4usern, Kinder, Autow\u00e4scher\"},{\"@type\":\"BreadcrumbList\",\"@id\":\"https:\\\/\\\/bpk-archive.de\\\/tuellmann\\\/produkt\\\/strasse-mit-stuckhaeusern-kinder-autowaescher\\\/#breadcrumb\",\"itemListElement\":[{\"@type\":\"ListItem\",\"position\":1,\"name\":\"Startseite\",\"item\":\"https:\\\/\\\/bpk-archive.de\\\/tuellmann\\\/\"},{\"@type\":\"ListItem\",\"position\":2,\"name\":\"Shop\",\"item\":\"https:\\\/\\\/bpk-archive.de\\\/tuellmann\\\/shop\\\/\"},{\"@type\":\"ListItem\",\"position\":3,\"name\":\"Stra\u00dfe mit Stuckh\u00e4usern, Kinder, Autow\u00e4scher\"}]},{\"@type\":\"WebSite\",\"@id\":\"https:\\\/\\\/bpk-archive.de\\\/tuellmann\\\/#website\",\"url\":\"https:\\\/\\\/bpk-archive.de\\\/tuellmann\\\/\",\"name\":\"Abisag T\u00fcllmann\",\"description\":\"Eine weitere WordPress-Website\",\"potentialAction\":[{\"@type\":\"SearchAction\",\"target\":{\"@type\":\"EntryPoint\",\"urlTemplate\":\"https:\\\/\\\/bpk-archive.de\\\/tuellmann\\\/?s={search_term_string}\"},\"query-input\":{\"@type\":\"PropertyValueSpecification\",\"valueRequired\":true,\"valueName\":\"search_term_string\"}}],\"inLanguage\":\"de\"}]}<\/script>\n<!-- \/ Yoast SEO plugin. -->","yoast_head_json":{"title":"Stra\u00dfe mit Stuckh\u00e4usern, Kinder, Autow\u00e4scher - Abisag T\u00fcllmann","robots":{"index":"index","follow":"follow","max-snippet":"max-snippet:-1","max-image-preview":"max-image-preview:large","max-video-preview":"max-video-preview:-1"},"canonical":"https:\/\/bpk-archive.de\/tuellmann\/produkt\/strasse-mit-stuckhaeusern-kinder-autowaescher\/","og_locale":"de_DE","og_type":"article","og_title":"Stra\u00dfe mit Stuckh\u00e4usern, Kinder, Autow\u00e4scher - Abisag T\u00fcllmann","og_url":"https:\/\/bpk-archive.de\/tuellmann\/produkt\/strasse-mit-stuckhaeusern-kinder-autowaescher\/","og_site_name":"Abisag T\u00fcllmann","article_modified_time":"2019-09-05T13:22:30+00:00","og_image":[{"width":1200,"height":804,"url":"https:\/\/bpk-archive.de\/tuellmann\/wp-content\/uploads\/2019\/08\/bpk_70371487.jpg","type":"image\/jpeg"}],"twitter_card":"summary_large_image","schema":{"@context":"https:\/\/schema.org","@graph":[{"@type":"WebPage","@id":"https:\/\/bpk-archive.de\/tuellmann\/produkt\/strasse-mit-stuckhaeusern-kinder-autowaescher\/","url":"https:\/\/bpk-archive.de\/tuellmann\/produkt\/strasse-mit-stuckhaeusern-kinder-autowaescher\/","name":"Stra\u00dfe mit Stuckh\u00e4usern, Kinder, Autow\u00e4scher - Abisag T\u00fcllmann","isPartOf":{"@id":"https:\/\/bpk-archive.de\/tuellmann\/#website"},"primaryImageOfPage":{"@id":"https:\/\/bpk-archive.de\/tuellmann\/produkt\/strasse-mit-stuckhaeusern-kinder-autowaescher\/#primaryimage"},"image":{"@id":"https:\/\/bpk-archive.de\/tuellmann\/produkt\/strasse-mit-stuckhaeusern-kinder-autowaescher\/#primaryimage"},"thumbnailUrl":"https:\/\/bpk-archive.de\/tuellmann\/wp-content\/uploads\/2019\/08\/bpk_70371487.jpg","datePublished":"2019-09-05T13:22:22+00:00","dateModified":"2019-09-05T13:22:30+00:00","breadcrumb":{"@id":"https:\/\/bpk-archive.de\/tuellmann\/produkt\/strasse-mit-stuckhaeusern-kinder-autowaescher\/#breadcrumb"},"inLanguage":"de","potentialAction":[{"@type":"ReadAction","target":["https:\/\/bpk-archive.de\/tuellmann\/produkt\/strasse-mit-stuckhaeusern-kinder-autowaescher\/"]}]},{"@type":"ImageObject","inLanguage":"de","@id":"https:\/\/bpk-archive.de\/tuellmann\/produkt\/strasse-mit-stuckhaeusern-kinder-autowaescher\/#primaryimage","url":"https:\/\/bpk-archive.de\/tuellmann\/wp-content\/uploads\/2019\/08\/bpk_70371487.jpg","contentUrl":"https:\/\/bpk-archive.de\/tuellmann\/wp-content\/uploads\/2019\/08\/bpk_70371487.jpg","width":1200,"height":804,"caption":"Stra\u00dfe mit Stuckh\u00e4usern, Kinder, Autow\u00e4scher"},{"@type":"BreadcrumbList","@id":"https:\/\/bpk-archive.de\/tuellmann\/produkt\/strasse-mit-stuckhaeusern-kinder-autowaescher\/#breadcrumb","itemListElement":[{"@type":"ListItem","position":1,"name":"Startseite","item":"https:\/\/bpk-archive.de\/tuellmann\/"},{"@type":"ListItem","position":2,"name":"Shop","item":"https:\/\/bpk-archive.de\/tuellmann\/shop\/"},{"@type":"ListItem","position":3,"name":"Stra\u00dfe mit Stuckh\u00e4usern, Kinder, Autow\u00e4scher"}]},{"@type":"WebSite","@id":"https:\/\/bpk-archive.de\/tuellmann\/#website","url":"https:\/\/bpk-archive.de\/tuellmann\/","name":"Abisag T\u00fcllmann","description":"Eine weitere WordPress-Website","potentialAction":[{"@type":"SearchAction","target":{"@type":"EntryPoint","urlTemplate":"https:\/\/bpk-archive.de\/tuellmann\/?s={search_term_string}"},"query-input":{"@type":"PropertyValueSpecification","valueRequired":true,"valueName":"search_term_string"}}],"inLanguage":"de"}]}},"_links":{"self":[{"href":"https:\/\/bpk-archive.de\/tuellmann\/wp-json\/wp\/v2\/product\/70295826","targetHints":{"allow":["GET"]}}],"collection":[{"href":"https:\/\/bpk-archive.de\/tuellmann\/wp-json\/wp\/v2\/product"}],"about":[{"href":"https:\/\/bpk-archive.de\/tuellmann\/wp-json\/wp\/v2\/types\/product"}],"wp:featuredmedia":[{"embeddable":true,"href":"https:\/\/bpk-archive.de\/tuellmann\/wp-json\/wp\/v2\/media\/70294082"}],"wp:attachment":[{"href":"https:\/\/bpk-archive.de\/tuellmann\/wp-json\/wp\/v2\/media?parent=70295826"}],"wp:term":[{"taxonomy":"product_brand","embeddable":true,"href":"https:\/\/bpk-archive.de\/tuellmann\/wp-json\/wp\/v2\/product_brand?post=70295826"},{"taxonomy":"product_cat","embeddable":true,"href":"https:\/\/bpk-archive.de\/tuellmann\/wp-json\/wp\/v2\/product_cat?post=70295826"},{"taxonomy":"product_tag","embeddable":true,"href":"https:\/\/bpk-archive.de\/tuellmann\/wp-json\/wp\/v2\/product_tag?post=70295826"}],"curies":[{"name":"wp","href":"https:\/\/api.w.org\/{rel}","templated":true}]}}