{"id":70295778,"date":"2019-09-05T15:21:45","date_gmt":"2019-09-05T13:21:45","guid":{"rendered":"http:\/\/abisagtuellmann.bpk-news.de\/atbild\/griechischer-mann-beim-geigenspiel-in-seiner-wohnung-in-frankfurt-lahnstrasse\/"},"modified":"2019-09-05T15:21:48","modified_gmt":"2019-09-05T13:21:48","slug":"griechischer-mann-beim-geigenspiel-in-seiner-wohnung-in-frankfurt-lahnstrasse","status":"publish","type":"product","link":"https:\/\/bpk-archive.de\/tuellmann\/produkt\/griechischer-mann-beim-geigenspiel-in-seiner-wohnung-in-frankfurt-lahnstrasse\/","title":{"rendered":"Griechischer Mann beim Geigenspiel in seiner Wohnung in Frankfurt (Lahnstra\u00dfe)"},"content":{"rendered":"<p>R\u00fcckseitenbeschriftung von Hand der Fotografin: &#8222;Ein Grieche in seiner Wohnung in Frankfurt&#8220;<\/p>\n","protected":false},"excerpt":{"rendered":"<p>R\u00fcckseitenbeschriftung von Hand der Fotografin: &#8222;Ein Grieche in seiner Wohnung in Frankfurt&#8220;<\/p>\n","protected":false},"featured_media":70293830,"template":"","meta":[],"product_brand":[],"product_cat":[],"product_tag":[47237,13232,13234,13231,13233,47238,57075,13777,47240,13778,50701,50702,50703,13469,13470,13253,13254,13255,13256,13257,13471,13472,13473,52865,13293,13786,13787,13294,13295,13296,13297,13485,13486,13482,13481,13483,13484,48621,48622,48623,57401,57402,57403,57404,57405,57406,57407,57408,53698,53699,53700,53701,53702,53703,13492,13493,13494,13495,13496,13497,55324,13498,47272,47277,57409,57410,57411,13818,13819,13826,49802,49803,49804,49805,49806,49807,49808,13328,13827,13828,13329,13330,13331,13332,13843,13877,13879,13865,13864,13866,13858,13859,13860,13861,13862,13863,52866,13869,13870,13871,13872,13519,13520,13521,13522,13523,13524,13878,13880,57412,57413,57414,57415,13525,49405,49429,49430,49461,49462,49431,57416,57417,57418,57419,48805,48804],"class_list":{"0":"post-70295778","1":"product","2":"type-product","3":"status-publish","4":"has-post-thumbnail","6":"product_tag-1980er-jahre","7":"product_tag-20-jahrhundert-nach-chr","8":"product_tag-20-jh-n-chr","9":"product_tag-20-jahrhundert","10":"product_tag-20-jh","11":"product_tag-80er","12":"product_tag-abt_015","13":"product_tag-abzug","14":"product_tag-achtziger","15":"product_tag-at_konsum-freizeit","16":"product_tag-bild","17":"product_tag-bilder","18":"product_tag-bildern","19":"product_tag-brd","20":"product_tag-bundesrepublik-deutschland","21":"product_tag-deutsch","22":"product_tag-deutsche","23":"product_tag-deutschen","24":"product_tag-deutscher","25":"product_tag-deutsches","26":"product_tag-deutschland","27":"product_tag-deutschlands","28":"product_tag-drinnen","29":"product_tag-fauteuil","30":"product_tag-foto","31":"product_tag-fotoabzug","32":"product_tag-fotoabzuege","33":"product_tag-fotografie","34":"product_tag-fotografien","35":"product_tag-fotografin","36":"product_tag-fotografinnen","37":"product_tag-frankfurt-m","38":"product_tag-frankfurt-main","39":"product_tag-frankfurt-a-main","40":"product_tag-frankfurt-a-m","41":"product_tag-frankfurt-am-main","42":"product_tag-frankfurter","43":"product_tag-freizeit","44":"product_tag-freizeitbeschaeftigung","45":"product_tag-freizeitgestaltung","46":"product_tag-geige","47":"product_tag-geigen","48":"product_tag-geigenspiel","49":"product_tag-geigenspieler","50":"product_tag-geiger","51":"product_tag-geigers","52":"product_tag-grieche","53":"product_tag-griechen","54":"product_tag-griechisch","55":"product_tag-griechische","56":"product_tag-griechischem","57":"product_tag-griechischen","58":"product_tag-griechischer","59":"product_tag-griechisches","60":"product_tag-hessen","61":"product_tag-hessisch","62":"product_tag-hessische","63":"product_tag-hessischen","64":"product_tag-hessischer","65":"product_tag-hessisches","66":"product_tag-hobby","67":"product_tag-innen","68":"product_tag-inneneinrichtung","69":"product_tag-interieur","70":"product_tag-kruzifix","71":"product_tag-kruzifixe","72":"product_tag-kruzifixus","73":"product_tag-mann","74":"product_tag-maenner","75":"product_tag-mannes","76":"product_tag-musik","77":"product_tag-musizieren","78":"product_tag-musizierend","79":"product_tag-musizierende","80":"product_tag-musizierenden","81":"product_tag-musizierender","82":"product_tag-musizierendes","83":"product_tag-photo","84":"product_tag-photoabzug","85":"product_tag-photoabzuege","86":"product_tag-photographie","87":"product_tag-photographien","88":"product_tag-photographin","89":"product_tag-photographinnen","90":"product_tag-print","91":"product_tag-s-w-fotografie","92":"product_tag-s-w-photographie","93":"product_tag-schwarzweissphotographie","94":"product_tag-schwarz-weiss-fotografie","95":"product_tag-schwarz-weiss-photographie","96":"product_tag-schwarzweiss","97":"product_tag-schwarzweisse","98":"product_tag-schwarzweissen","99":"product_tag-schwarzweisser","100":"product_tag-schwarzweisses","101":"product_tag-schwarzweissfotografie","102":"product_tag-sessel","103":"product_tag-silbergelatine","104":"product_tag-silbergelatineabzug","105":"product_tag-silbergelatineabzuege","106":"product_tag-silbergelatineprint","107":"product_tag-stehen","108":"product_tag-stehend","109":"product_tag-stehende","110":"product_tag-stehenden","111":"product_tag-stehender","112":"product_tag-stehendes","113":"product_tag-sw-fotografie","114":"product_tag-sw-photographie","115":"product_tag-violine","116":"product_tag-violinen","117":"product_tag-violinist","118":"product_tag-violinisten","119":"product_tag-von-innen","120":"product_tag-wohnraum","121":"product_tag-wohnstube","122":"product_tag-wohnstuben","123":"product_tag-wohnung","124":"product_tag-wohnungen","125":"product_tag-wohnzimmer","126":"product_tag-wohnzimmerschrank","127":"product_tag-wohnzimmerschraenke","128":"product_tag-ziergegenstand","129":"product_tag-ziergegenstaende","130":"product_tag-zu-hause","131":"product_tag-zuhause","132":"pa_datierung-27120","133":"pa_fotograf-abisag-tuellmann","134":"pa_geografischer_bezug-aufnahmeort-frankfurt-am-main-deutschland","135":"pa_grunddaten_material_technik-foto-silbergelatine-auf-barytpapier","136":"pa_inventarnummer-tue-85-036-15a","137":"pa_jahr_von-49144","138":"pa_massangaben-bildformat-foto-309-x-208-cm","139":"pa_mediennummer-57398","140":"pa_objekt_typ-fotografie","142":"first","143":"instock","144":"product-type-simple"},"yoast_head":"<!-- This site is optimized with the Yoast SEO plugin v27.3 - https:\/\/yoast.com\/product\/yoast-seo-wordpress\/ -->\n<title>Griechischer Mann beim Geigenspiel in seiner Wohnung in Frankfurt (Lahnstra\u00dfe) - Abisag T\u00fcllmann<\/title>\n<meta name=\"robots\" content=\"index, follow, max-snippet:-1, max-image-preview:large, max-video-preview:-1\" \/>\n<link rel=\"canonical\" href=\"https:\/\/bpk-archive.de\/tuellmann\/produkt\/griechischer-mann-beim-geigenspiel-in-seiner-wohnung-in-frankfurt-lahnstrasse\/\" \/>\n<meta property=\"og:locale\" content=\"de_DE\" \/>\n<meta property=\"og:type\" content=\"article\" \/>\n<meta property=\"og:title\" content=\"Griechischer Mann beim Geigenspiel in seiner Wohnung in Frankfurt (Lahnstra\u00dfe) - Abisag T\u00fcllmann\" \/>\n<meta property=\"og:description\" content=\"R\u00fcckseitenbeschriftung von Hand der Fotografin: &#8222;Ein Grieche in seiner Wohnung in Frankfurt&#8220;\" \/>\n<meta property=\"og:url\" content=\"https:\/\/bpk-archive.de\/tuellmann\/produkt\/griechischer-mann-beim-geigenspiel-in-seiner-wohnung-in-frankfurt-lahnstrasse\/\" \/>\n<meta property=\"og:site_name\" content=\"Abisag T\u00fcllmann\" \/>\n<meta property=\"article:modified_time\" content=\"2019-09-05T13:21:48+00:00\" \/>\n<meta property=\"og:image\" content=\"https:\/\/bpk-archive.de\/tuellmann\/wp-content\/uploads\/2019\/08\/bpk_70371184.jpg\" \/>\n\t<meta property=\"og:image:width\" content=\"822\" \/>\n\t<meta property=\"og:image:height\" content=\"1200\" \/>\n\t<meta property=\"og:image:type\" content=\"image\/jpeg\" \/>\n<meta name=\"twitter:card\" content=\"summary_large_image\" \/>\n<script type=\"application\/ld+json\" class=\"yoast-schema-graph\">{\"@context\":\"https:\\\/\\\/schema.org\",\"@graph\":[{\"@type\":\"WebPage\",\"@id\":\"https:\\\/\\\/bpk-archive.de\\\/tuellmann\\\/produkt\\\/griechischer-mann-beim-geigenspiel-in-seiner-wohnung-in-frankfurt-lahnstrasse\\\/\",\"url\":\"https:\\\/\\\/bpk-archive.de\\\/tuellmann\\\/produkt\\\/griechischer-mann-beim-geigenspiel-in-seiner-wohnung-in-frankfurt-lahnstrasse\\\/\",\"name\":\"Griechischer Mann beim Geigenspiel in seiner Wohnung in Frankfurt (Lahnstra\u00dfe) - Abisag T\u00fcllmann\",\"isPartOf\":{\"@id\":\"https:\\\/\\\/bpk-archive.de\\\/tuellmann\\\/#website\"},\"primaryImageOfPage\":{\"@id\":\"https:\\\/\\\/bpk-archive.de\\\/tuellmann\\\/produkt\\\/griechischer-mann-beim-geigenspiel-in-seiner-wohnung-in-frankfurt-lahnstrasse\\\/#primaryimage\"},\"image\":{\"@id\":\"https:\\\/\\\/bpk-archive.de\\\/tuellmann\\\/produkt\\\/griechischer-mann-beim-geigenspiel-in-seiner-wohnung-in-frankfurt-lahnstrasse\\\/#primaryimage\"},\"thumbnailUrl\":\"https:\\\/\\\/bpk-archive.de\\\/tuellmann\\\/wp-content\\\/uploads\\\/2019\\\/08\\\/bpk_70371184.jpg\",\"datePublished\":\"2019-09-05T13:21:45+00:00\",\"dateModified\":\"2019-09-05T13:21:48+00:00\",\"breadcrumb\":{\"@id\":\"https:\\\/\\\/bpk-archive.de\\\/tuellmann\\\/produkt\\\/griechischer-mann-beim-geigenspiel-in-seiner-wohnung-in-frankfurt-lahnstrasse\\\/#breadcrumb\"},\"inLanguage\":\"de\",\"potentialAction\":[{\"@type\":\"ReadAction\",\"target\":[\"https:\\\/\\\/bpk-archive.de\\\/tuellmann\\\/produkt\\\/griechischer-mann-beim-geigenspiel-in-seiner-wohnung-in-frankfurt-lahnstrasse\\\/\"]}]},{\"@type\":\"ImageObject\",\"inLanguage\":\"de\",\"@id\":\"https:\\\/\\\/bpk-archive.de\\\/tuellmann\\\/produkt\\\/griechischer-mann-beim-geigenspiel-in-seiner-wohnung-in-frankfurt-lahnstrasse\\\/#primaryimage\",\"url\":\"https:\\\/\\\/bpk-archive.de\\\/tuellmann\\\/wp-content\\\/uploads\\\/2019\\\/08\\\/bpk_70371184.jpg\",\"contentUrl\":\"https:\\\/\\\/bpk-archive.de\\\/tuellmann\\\/wp-content\\\/uploads\\\/2019\\\/08\\\/bpk_70371184.jpg\",\"width\":822,\"height\":1200,\"caption\":\"Griechischer Mann beim Geigenspiel in seiner Wohnung in Frankfurt (Lahnstra\u00dfe)\"},{\"@type\":\"BreadcrumbList\",\"@id\":\"https:\\\/\\\/bpk-archive.de\\\/tuellmann\\\/produkt\\\/griechischer-mann-beim-geigenspiel-in-seiner-wohnung-in-frankfurt-lahnstrasse\\\/#breadcrumb\",\"itemListElement\":[{\"@type\":\"ListItem\",\"position\":1,\"name\":\"Startseite\",\"item\":\"https:\\\/\\\/bpk-archive.de\\\/tuellmann\\\/\"},{\"@type\":\"ListItem\",\"position\":2,\"name\":\"Shop\",\"item\":\"https:\\\/\\\/bpk-archive.de\\\/tuellmann\\\/shop\\\/\"},{\"@type\":\"ListItem\",\"position\":3,\"name\":\"Griechischer Mann beim Geigenspiel in seiner Wohnung in Frankfurt (Lahnstra\u00dfe)\"}]},{\"@type\":\"WebSite\",\"@id\":\"https:\\\/\\\/bpk-archive.de\\\/tuellmann\\\/#website\",\"url\":\"https:\\\/\\\/bpk-archive.de\\\/tuellmann\\\/\",\"name\":\"Abisag T\u00fcllmann\",\"description\":\"Eine weitere WordPress-Website\",\"potentialAction\":[{\"@type\":\"SearchAction\",\"target\":{\"@type\":\"EntryPoint\",\"urlTemplate\":\"https:\\\/\\\/bpk-archive.de\\\/tuellmann\\\/?s={search_term_string}\"},\"query-input\":{\"@type\":\"PropertyValueSpecification\",\"valueRequired\":true,\"valueName\":\"search_term_string\"}}],\"inLanguage\":\"de\"}]}<\/script>\n<!-- \/ Yoast SEO plugin. -->","yoast_head_json":{"title":"Griechischer Mann beim Geigenspiel in seiner Wohnung in Frankfurt (Lahnstra\u00dfe) - Abisag T\u00fcllmann","robots":{"index":"index","follow":"follow","max-snippet":"max-snippet:-1","max-image-preview":"max-image-preview:large","max-video-preview":"max-video-preview:-1"},"canonical":"https:\/\/bpk-archive.de\/tuellmann\/produkt\/griechischer-mann-beim-geigenspiel-in-seiner-wohnung-in-frankfurt-lahnstrasse\/","og_locale":"de_DE","og_type":"article","og_title":"Griechischer Mann beim Geigenspiel in seiner Wohnung in Frankfurt (Lahnstra\u00dfe) - Abisag T\u00fcllmann","og_description":"R\u00fcckseitenbeschriftung von Hand der Fotografin: &#8222;Ein Grieche in seiner Wohnung in Frankfurt&#8220;","og_url":"https:\/\/bpk-archive.de\/tuellmann\/produkt\/griechischer-mann-beim-geigenspiel-in-seiner-wohnung-in-frankfurt-lahnstrasse\/","og_site_name":"Abisag T\u00fcllmann","article_modified_time":"2019-09-05T13:21:48+00:00","og_image":[{"width":822,"height":1200,"url":"https:\/\/bpk-archive.de\/tuellmann\/wp-content\/uploads\/2019\/08\/bpk_70371184.jpg","type":"image\/jpeg"}],"twitter_card":"summary_large_image","schema":{"@context":"https:\/\/schema.org","@graph":[{"@type":"WebPage","@id":"https:\/\/bpk-archive.de\/tuellmann\/produkt\/griechischer-mann-beim-geigenspiel-in-seiner-wohnung-in-frankfurt-lahnstrasse\/","url":"https:\/\/bpk-archive.de\/tuellmann\/produkt\/griechischer-mann-beim-geigenspiel-in-seiner-wohnung-in-frankfurt-lahnstrasse\/","name":"Griechischer Mann beim Geigenspiel in seiner Wohnung in Frankfurt (Lahnstra\u00dfe) - Abisag T\u00fcllmann","isPartOf":{"@id":"https:\/\/bpk-archive.de\/tuellmann\/#website"},"primaryImageOfPage":{"@id":"https:\/\/bpk-archive.de\/tuellmann\/produkt\/griechischer-mann-beim-geigenspiel-in-seiner-wohnung-in-frankfurt-lahnstrasse\/#primaryimage"},"image":{"@id":"https:\/\/bpk-archive.de\/tuellmann\/produkt\/griechischer-mann-beim-geigenspiel-in-seiner-wohnung-in-frankfurt-lahnstrasse\/#primaryimage"},"thumbnailUrl":"https:\/\/bpk-archive.de\/tuellmann\/wp-content\/uploads\/2019\/08\/bpk_70371184.jpg","datePublished":"2019-09-05T13:21:45+00:00","dateModified":"2019-09-05T13:21:48+00:00","breadcrumb":{"@id":"https:\/\/bpk-archive.de\/tuellmann\/produkt\/griechischer-mann-beim-geigenspiel-in-seiner-wohnung-in-frankfurt-lahnstrasse\/#breadcrumb"},"inLanguage":"de","potentialAction":[{"@type":"ReadAction","target":["https:\/\/bpk-archive.de\/tuellmann\/produkt\/griechischer-mann-beim-geigenspiel-in-seiner-wohnung-in-frankfurt-lahnstrasse\/"]}]},{"@type":"ImageObject","inLanguage":"de","@id":"https:\/\/bpk-archive.de\/tuellmann\/produkt\/griechischer-mann-beim-geigenspiel-in-seiner-wohnung-in-frankfurt-lahnstrasse\/#primaryimage","url":"https:\/\/bpk-archive.de\/tuellmann\/wp-content\/uploads\/2019\/08\/bpk_70371184.jpg","contentUrl":"https:\/\/bpk-archive.de\/tuellmann\/wp-content\/uploads\/2019\/08\/bpk_70371184.jpg","width":822,"height":1200,"caption":"Griechischer Mann beim Geigenspiel in seiner Wohnung in Frankfurt (Lahnstra\u00dfe)"},{"@type":"BreadcrumbList","@id":"https:\/\/bpk-archive.de\/tuellmann\/produkt\/griechischer-mann-beim-geigenspiel-in-seiner-wohnung-in-frankfurt-lahnstrasse\/#breadcrumb","itemListElement":[{"@type":"ListItem","position":1,"name":"Startseite","item":"https:\/\/bpk-archive.de\/tuellmann\/"},{"@type":"ListItem","position":2,"name":"Shop","item":"https:\/\/bpk-archive.de\/tuellmann\/shop\/"},{"@type":"ListItem","position":3,"name":"Griechischer Mann beim Geigenspiel in seiner Wohnung in Frankfurt (Lahnstra\u00dfe)"}]},{"@type":"WebSite","@id":"https:\/\/bpk-archive.de\/tuellmann\/#website","url":"https:\/\/bpk-archive.de\/tuellmann\/","name":"Abisag T\u00fcllmann","description":"Eine weitere WordPress-Website","potentialAction":[{"@type":"SearchAction","target":{"@type":"EntryPoint","urlTemplate":"https:\/\/bpk-archive.de\/tuellmann\/?s={search_term_string}"},"query-input":{"@type":"PropertyValueSpecification","valueRequired":true,"valueName":"search_term_string"}}],"inLanguage":"de"}]}},"_links":{"self":[{"href":"https:\/\/bpk-archive.de\/tuellmann\/wp-json\/wp\/v2\/product\/70295778","targetHints":{"allow":["GET"]}}],"collection":[{"href":"https:\/\/bpk-archive.de\/tuellmann\/wp-json\/wp\/v2\/product"}],"about":[{"href":"https:\/\/bpk-archive.de\/tuellmann\/wp-json\/wp\/v2\/types\/product"}],"wp:featuredmedia":[{"embeddable":true,"href":"https:\/\/bpk-archive.de\/tuellmann\/wp-json\/wp\/v2\/media\/70293830"}],"wp:attachment":[{"href":"https:\/\/bpk-archive.de\/tuellmann\/wp-json\/wp\/v2\/media?parent=70295778"}],"wp:term":[{"taxonomy":"product_brand","embeddable":true,"href":"https:\/\/bpk-archive.de\/tuellmann\/wp-json\/wp\/v2\/product_brand?post=70295778"},{"taxonomy":"product_cat","embeddable":true,"href":"https:\/\/bpk-archive.de\/tuellmann\/wp-json\/wp\/v2\/product_cat?post=70295778"},{"taxonomy":"product_tag","embeddable":true,"href":"https:\/\/bpk-archive.de\/tuellmann\/wp-json\/wp\/v2\/product_tag?post=70295778"}],"curies":[{"name":"wp","href":"https:\/\/api.w.org\/{rel}","templated":true}]}}