{"id":70295774,"date":"2019-09-05T15:21:27","date_gmt":"2019-09-05T13:21:27","guid":{"rendered":"http:\/\/abisagtuellmann.bpk-news.de\/atbild\/halbstarke-gruppe-von-jungen-maennern-vor-gaststaette\/"},"modified":"2019-09-05T15:21:44","modified_gmt":"2019-09-05T13:21:44","slug":"halbstarke-gruppe-von-jungen-maennern-vor-gaststaette","status":"publish","type":"product","link":"https:\/\/bpk-archive.de\/tuellmann\/produkt\/halbstarke-gruppe-von-jungen-maennern-vor-gaststaette\/","title":{"rendered":"Halbstarke &#8211; Gruppe von jungen M\u00e4nnern vor Gastst\u00e4tte"},"content":{"rendered":"","protected":false},"excerpt":{"rendered":"","protected":false},"featured_media":70293798,"template":"","meta":[],"product_brand":[],"product_cat":[],"product_tag":[13774,13232,13234,13231,13233,13775,57075,13777,13778,13250,49019,49020,57055,57056,57057,57058,13469,13470,48645,48646,13253,13254,13255,13256,13257,13471,13472,13260,49024,49025,49026,13293,13786,13787,13294,13295,13296,13297,13485,13486,13482,13481,13483,13484,48621,48622,48623,57347,55379,50037,50038,56313,56314,50039,50040,56315,56316,48647,48648,48649,48650,48510,48511,48512,48513,48514,54948,54949,57348,57349,47430,47431,47432,57350,57351,57352,13492,13493,13494,13495,13496,13497,13301,13804,13805,13806,13807,13808,13809,13810,13811,13812,13813,13814,13815,13816,49029,49030,49031,56317,56318,48778,48779,57353,13818,13819,48012,48013,13826,57354,57355,56748,56749,56750,56751,48520,13328,13827,13828,13329,13330,13331,13332,13843,49046,49047,52962,52963,50041,50042,13877,13879,13865,13864,13866,13858,13859,13860,13861,13862,13863,13867,13869,13870,13871,13872,13519,13520,13521,13522,13523,13524,47408,47564,47409,13878,13880,48682,48683,49048,52299],"class_list":{"0":"post-70295774","1":"product","2":"type-product","3":"status-publish","4":"has-post-thumbnail","6":"product_tag-1960er-jahre","7":"product_tag-20-jahrhundert-nach-chr","8":"product_tag-20-jh-n-chr","9":"product_tag-20-jahrhundert","10":"product_tag-20-jh","11":"product_tag-60er","12":"product_tag-abt_015","13":"product_tag-abzug","14":"product_tag-at_konsum-freizeit","15":"product_tag-aussen","16":"product_tag-aussenreklame","17":"product_tag-aussenwerbung","18":"product_tag-bierkneipe","19":"product_tag-bierkneipen","20":"product_tag-bierlokal","21":"product_tag-bierlokale","22":"product_tag-brd","23":"product_tag-bundesrepublik-deutschland","24":"product_tag-buergersteig","25":"product_tag-buergersteige","26":"product_tag-deutsch","27":"product_tag-deutsche","28":"product_tag-deutschen","29":"product_tag-deutscher","30":"product_tag-deutsches","31":"product_tag-deutschland","32":"product_tag-deutschlands","33":"product_tag-draussen","34":"product_tag-filmplakat","35":"product_tag-filmplakate","36":"product_tag-filmplakats","37":"product_tag-foto","38":"product_tag-fotoabzug","39":"product_tag-fotoabzuege","40":"product_tag-fotografie","41":"product_tag-fotografien","42":"product_tag-fotografin","43":"product_tag-fotografinnen","44":"product_tag-frankfurt-m","45":"product_tag-frankfurt-main","46":"product_tag-frankfurt-a-main","47":"product_tag-frankfurt-a-m","48":"product_tag-frankfurt-am-main","49":"product_tag-frankfurter","50":"product_tag-freizeit","51":"product_tag-freizeitbeschaeftigung","52":"product_tag-freizeitgestaltung","53":"product_tag-freunde","54":"product_tag-freundschaft","55":"product_tag-gasthaus","56":"product_tag-gasthaeuser","57":"product_tag-gasthof","58":"product_tag-gasthoefe","59":"product_tag-gaststaette","60":"product_tag-gaststaetten","61":"product_tag-gastwirtschaft","62":"product_tag-gastwirtschaften","63":"product_tag-gehsteig","64":"product_tag-gehsteige","65":"product_tag-gehweg","66":"product_tag-gehwege","67":"product_tag-geparkt","68":"product_tag-geparkte","69":"product_tag-geparkten","70":"product_tag-geparkter","71":"product_tag-geparktes","72":"product_tag-gruppe","73":"product_tag-gruppen","74":"product_tag-halbstarke","75":"product_tag-halbstarker","76":"product_tag-heranwachsende","77":"product_tag-heranwachsenden","78":"product_tag-heranwachsender","79":"product_tag-herumlungern","80":"product_tag-herumlungernd","81":"product_tag-herumlungernde","82":"product_tag-hessen","83":"product_tag-hessisch","84":"product_tag-hessische","85":"product_tag-hessischen","86":"product_tag-hessischer","87":"product_tag-hessisches","88":"product_tag-im-freien","89":"product_tag-jugend","90":"product_tag-jugendkultur","91":"product_tag-jugendlich","92":"product_tag-jugendliche","93":"product_tag-jugendlichen","94":"product_tag-jugendlicher","95":"product_tag-jugendliches","96":"product_tag-jugendlichkeit","97":"product_tag-jung","98":"product_tag-junge","99":"product_tag-jungen","100":"product_tag-junger","101":"product_tag-junges","102":"product_tag-kinoplakat","103":"product_tag-kinoplakate","104":"product_tag-kinoplakats","105":"product_tag-kneipe","106":"product_tag-kneipen","107":"product_tag-lokal","108":"product_tag-lokale","109":"product_tag-lungern","110":"product_tag-mann","111":"product_tag-maenner","112":"product_tag-maennergruppe","113":"product_tag-maennergruppen","114":"product_tag-mannes","115":"product_tag-moped","116":"product_tag-mopeds","117":"product_tag-motorrad","118":"product_tag-motorraeder","119":"product_tag-motorraedern","120":"product_tag-motorrades","121":"product_tag-parken","122":"product_tag-photo","123":"product_tag-photoabzug","124":"product_tag-photoabzuege","125":"product_tag-photographie","126":"product_tag-photographien","127":"product_tag-photographin","128":"product_tag-photographinnen","129":"product_tag-print","130":"product_tag-reclame","131":"product_tag-reklame","132":"product_tag-reklameschild","133":"product_tag-reklameschilder","134":"product_tag-restaurant","135":"product_tag-restaurants","136":"product_tag-s-w-fotografie","137":"product_tag-s-w-photographie","138":"product_tag-schwarzweissphotographie","139":"product_tag-schwarz-weiss-fotografie","140":"product_tag-schwarz-weiss-photographie","141":"product_tag-schwarzweiss","142":"product_tag-schwarzweisse","143":"product_tag-schwarzweissen","144":"product_tag-schwarzweisser","145":"product_tag-schwarzweisses","146":"product_tag-schwarzweissfotografie","147":"product_tag-sechziger","148":"product_tag-silbergelatine","149":"product_tag-silbergelatineabzug","150":"product_tag-silbergelatineabzuege","151":"product_tag-silbergelatineprint","152":"product_tag-stehen","153":"product_tag-stehend","154":"product_tag-stehende","155":"product_tag-stehenden","156":"product_tag-stehender","157":"product_tag-stehendes","158":"product_tag-strassenleben","159":"product_tag-strassenrand","160":"product_tag-strassenszene","161":"product_tag-sw-fotografie","162":"product_tag-sw-photographie","163":"product_tag-trottoir","164":"product_tag-trottoirs","165":"product_tag-werbung","166":"product_tag-zeitvertreib","167":"pa_datierung-juni-1962","168":"pa_fotograf-abisag-tuellmann","169":"pa_geografischer_bezug-aufnahmeort-frankfurt-am-main-deutschland","170":"pa_grunddaten_material_technik-foto-silbergelatine-auf-barytpapier","171":"pa_inventarnummer-tue-62-113-12a","172":"pa_jahr_von-57345","173":"pa_massangaben-bildformat-foto-238-x-309-cm","174":"pa_mediennummer-57342","175":"pa_objekt_typ-fotografie","177":"first","178":"instock","179":"product-type-simple"},"yoast_head":"<!-- This site is optimized with the Yoast SEO plugin v27.3 - https:\/\/yoast.com\/product\/yoast-seo-wordpress\/ -->\n<title>Halbstarke - Gruppe von jungen M\u00e4nnern vor Gastst\u00e4tte - Abisag T\u00fcllmann<\/title>\n<meta name=\"robots\" content=\"index, follow, max-snippet:-1, max-image-preview:large, max-video-preview:-1\" \/>\n<link rel=\"canonical\" href=\"https:\/\/bpk-archive.de\/tuellmann\/produkt\/halbstarke-gruppe-von-jungen-maennern-vor-gaststaette\/\" \/>\n<meta property=\"og:locale\" content=\"de_DE\" \/>\n<meta property=\"og:type\" content=\"article\" \/>\n<meta property=\"og:title\" content=\"Halbstarke - Gruppe von jungen M\u00e4nnern vor Gastst\u00e4tte - Abisag T\u00fcllmann\" \/>\n<meta property=\"og:url\" content=\"https:\/\/bpk-archive.de\/tuellmann\/produkt\/halbstarke-gruppe-von-jungen-maennern-vor-gaststaette\/\" \/>\n<meta property=\"og:site_name\" content=\"Abisag T\u00fcllmann\" \/>\n<meta property=\"article:modified_time\" content=\"2019-09-05T13:21:44+00:00\" \/>\n<meta property=\"og:image\" content=\"https:\/\/bpk-archive.de\/tuellmann\/wp-content\/uploads\/2019\/08\/bpk_70371160.jpg\" \/>\n\t<meta property=\"og:image:width\" content=\"1200\" \/>\n\t<meta property=\"og:image:height\" content=\"934\" \/>\n\t<meta property=\"og:image:type\" content=\"image\/jpeg\" \/>\n<meta name=\"twitter:card\" content=\"summary_large_image\" \/>\n<script type=\"application\/ld+json\" class=\"yoast-schema-graph\">{\"@context\":\"https:\\\/\\\/schema.org\",\"@graph\":[{\"@type\":\"WebPage\",\"@id\":\"https:\\\/\\\/bpk-archive.de\\\/tuellmann\\\/produkt\\\/halbstarke-gruppe-von-jungen-maennern-vor-gaststaette\\\/\",\"url\":\"https:\\\/\\\/bpk-archive.de\\\/tuellmann\\\/produkt\\\/halbstarke-gruppe-von-jungen-maennern-vor-gaststaette\\\/\",\"name\":\"Halbstarke - Gruppe von jungen M\u00e4nnern vor Gastst\u00e4tte - Abisag T\u00fcllmann\",\"isPartOf\":{\"@id\":\"https:\\\/\\\/bpk-archive.de\\\/tuellmann\\\/#website\"},\"primaryImageOfPage\":{\"@id\":\"https:\\\/\\\/bpk-archive.de\\\/tuellmann\\\/produkt\\\/halbstarke-gruppe-von-jungen-maennern-vor-gaststaette\\\/#primaryimage\"},\"image\":{\"@id\":\"https:\\\/\\\/bpk-archive.de\\\/tuellmann\\\/produkt\\\/halbstarke-gruppe-von-jungen-maennern-vor-gaststaette\\\/#primaryimage\"},\"thumbnailUrl\":\"https:\\\/\\\/bpk-archive.de\\\/tuellmann\\\/wp-content\\\/uploads\\\/2019\\\/08\\\/bpk_70371160.jpg\",\"datePublished\":\"2019-09-05T13:21:27+00:00\",\"dateModified\":\"2019-09-05T13:21:44+00:00\",\"breadcrumb\":{\"@id\":\"https:\\\/\\\/bpk-archive.de\\\/tuellmann\\\/produkt\\\/halbstarke-gruppe-von-jungen-maennern-vor-gaststaette\\\/#breadcrumb\"},\"inLanguage\":\"de\",\"potentialAction\":[{\"@type\":\"ReadAction\",\"target\":[\"https:\\\/\\\/bpk-archive.de\\\/tuellmann\\\/produkt\\\/halbstarke-gruppe-von-jungen-maennern-vor-gaststaette\\\/\"]}]},{\"@type\":\"ImageObject\",\"inLanguage\":\"de\",\"@id\":\"https:\\\/\\\/bpk-archive.de\\\/tuellmann\\\/produkt\\\/halbstarke-gruppe-von-jungen-maennern-vor-gaststaette\\\/#primaryimage\",\"url\":\"https:\\\/\\\/bpk-archive.de\\\/tuellmann\\\/wp-content\\\/uploads\\\/2019\\\/08\\\/bpk_70371160.jpg\",\"contentUrl\":\"https:\\\/\\\/bpk-archive.de\\\/tuellmann\\\/wp-content\\\/uploads\\\/2019\\\/08\\\/bpk_70371160.jpg\",\"width\":1200,\"height\":934,\"caption\":\"Halbstarke - Gruppe von jungen M\u00e4nnern vor Gastst\u00e4tte\"},{\"@type\":\"BreadcrumbList\",\"@id\":\"https:\\\/\\\/bpk-archive.de\\\/tuellmann\\\/produkt\\\/halbstarke-gruppe-von-jungen-maennern-vor-gaststaette\\\/#breadcrumb\",\"itemListElement\":[{\"@type\":\"ListItem\",\"position\":1,\"name\":\"Startseite\",\"item\":\"https:\\\/\\\/bpk-archive.de\\\/tuellmann\\\/\"},{\"@type\":\"ListItem\",\"position\":2,\"name\":\"Shop\",\"item\":\"https:\\\/\\\/bpk-archive.de\\\/tuellmann\\\/shop\\\/\"},{\"@type\":\"ListItem\",\"position\":3,\"name\":\"Halbstarke &#8211; Gruppe von jungen M\u00e4nnern vor Gastst\u00e4tte\"}]},{\"@type\":\"WebSite\",\"@id\":\"https:\\\/\\\/bpk-archive.de\\\/tuellmann\\\/#website\",\"url\":\"https:\\\/\\\/bpk-archive.de\\\/tuellmann\\\/\",\"name\":\"Abisag T\u00fcllmann\",\"description\":\"Eine weitere WordPress-Website\",\"potentialAction\":[{\"@type\":\"SearchAction\",\"target\":{\"@type\":\"EntryPoint\",\"urlTemplate\":\"https:\\\/\\\/bpk-archive.de\\\/tuellmann\\\/?s={search_term_string}\"},\"query-input\":{\"@type\":\"PropertyValueSpecification\",\"valueRequired\":true,\"valueName\":\"search_term_string\"}}],\"inLanguage\":\"de\"}]}<\/script>\n<!-- \/ Yoast SEO plugin. -->","yoast_head_json":{"title":"Halbstarke - Gruppe von jungen M\u00e4nnern vor Gastst\u00e4tte - Abisag T\u00fcllmann","robots":{"index":"index","follow":"follow","max-snippet":"max-snippet:-1","max-image-preview":"max-image-preview:large","max-video-preview":"max-video-preview:-1"},"canonical":"https:\/\/bpk-archive.de\/tuellmann\/produkt\/halbstarke-gruppe-von-jungen-maennern-vor-gaststaette\/","og_locale":"de_DE","og_type":"article","og_title":"Halbstarke - Gruppe von jungen M\u00e4nnern vor Gastst\u00e4tte - Abisag T\u00fcllmann","og_url":"https:\/\/bpk-archive.de\/tuellmann\/produkt\/halbstarke-gruppe-von-jungen-maennern-vor-gaststaette\/","og_site_name":"Abisag T\u00fcllmann","article_modified_time":"2019-09-05T13:21:44+00:00","og_image":[{"width":1200,"height":934,"url":"https:\/\/bpk-archive.de\/tuellmann\/wp-content\/uploads\/2019\/08\/bpk_70371160.jpg","type":"image\/jpeg"}],"twitter_card":"summary_large_image","schema":{"@context":"https:\/\/schema.org","@graph":[{"@type":"WebPage","@id":"https:\/\/bpk-archive.de\/tuellmann\/produkt\/halbstarke-gruppe-von-jungen-maennern-vor-gaststaette\/","url":"https:\/\/bpk-archive.de\/tuellmann\/produkt\/halbstarke-gruppe-von-jungen-maennern-vor-gaststaette\/","name":"Halbstarke - Gruppe von jungen M\u00e4nnern vor Gastst\u00e4tte - Abisag T\u00fcllmann","isPartOf":{"@id":"https:\/\/bpk-archive.de\/tuellmann\/#website"},"primaryImageOfPage":{"@id":"https:\/\/bpk-archive.de\/tuellmann\/produkt\/halbstarke-gruppe-von-jungen-maennern-vor-gaststaette\/#primaryimage"},"image":{"@id":"https:\/\/bpk-archive.de\/tuellmann\/produkt\/halbstarke-gruppe-von-jungen-maennern-vor-gaststaette\/#primaryimage"},"thumbnailUrl":"https:\/\/bpk-archive.de\/tuellmann\/wp-content\/uploads\/2019\/08\/bpk_70371160.jpg","datePublished":"2019-09-05T13:21:27+00:00","dateModified":"2019-09-05T13:21:44+00:00","breadcrumb":{"@id":"https:\/\/bpk-archive.de\/tuellmann\/produkt\/halbstarke-gruppe-von-jungen-maennern-vor-gaststaette\/#breadcrumb"},"inLanguage":"de","potentialAction":[{"@type":"ReadAction","target":["https:\/\/bpk-archive.de\/tuellmann\/produkt\/halbstarke-gruppe-von-jungen-maennern-vor-gaststaette\/"]}]},{"@type":"ImageObject","inLanguage":"de","@id":"https:\/\/bpk-archive.de\/tuellmann\/produkt\/halbstarke-gruppe-von-jungen-maennern-vor-gaststaette\/#primaryimage","url":"https:\/\/bpk-archive.de\/tuellmann\/wp-content\/uploads\/2019\/08\/bpk_70371160.jpg","contentUrl":"https:\/\/bpk-archive.de\/tuellmann\/wp-content\/uploads\/2019\/08\/bpk_70371160.jpg","width":1200,"height":934,"caption":"Halbstarke - Gruppe von jungen M\u00e4nnern vor Gastst\u00e4tte"},{"@type":"BreadcrumbList","@id":"https:\/\/bpk-archive.de\/tuellmann\/produkt\/halbstarke-gruppe-von-jungen-maennern-vor-gaststaette\/#breadcrumb","itemListElement":[{"@type":"ListItem","position":1,"name":"Startseite","item":"https:\/\/bpk-archive.de\/tuellmann\/"},{"@type":"ListItem","position":2,"name":"Shop","item":"https:\/\/bpk-archive.de\/tuellmann\/shop\/"},{"@type":"ListItem","position":3,"name":"Halbstarke &#8211; Gruppe von jungen M\u00e4nnern vor Gastst\u00e4tte"}]},{"@type":"WebSite","@id":"https:\/\/bpk-archive.de\/tuellmann\/#website","url":"https:\/\/bpk-archive.de\/tuellmann\/","name":"Abisag T\u00fcllmann","description":"Eine weitere WordPress-Website","potentialAction":[{"@type":"SearchAction","target":{"@type":"EntryPoint","urlTemplate":"https:\/\/bpk-archive.de\/tuellmann\/?s={search_term_string}"},"query-input":{"@type":"PropertyValueSpecification","valueRequired":true,"valueName":"search_term_string"}}],"inLanguage":"de"}]}},"_links":{"self":[{"href":"https:\/\/bpk-archive.de\/tuellmann\/wp-json\/wp\/v2\/product\/70295774","targetHints":{"allow":["GET"]}}],"collection":[{"href":"https:\/\/bpk-archive.de\/tuellmann\/wp-json\/wp\/v2\/product"}],"about":[{"href":"https:\/\/bpk-archive.de\/tuellmann\/wp-json\/wp\/v2\/types\/product"}],"wp:featuredmedia":[{"embeddable":true,"href":"https:\/\/bpk-archive.de\/tuellmann\/wp-json\/wp\/v2\/media\/70293798"}],"wp:attachment":[{"href":"https:\/\/bpk-archive.de\/tuellmann\/wp-json\/wp\/v2\/media?parent=70295774"}],"wp:term":[{"taxonomy":"product_brand","embeddable":true,"href":"https:\/\/bpk-archive.de\/tuellmann\/wp-json\/wp\/v2\/product_brand?post=70295774"},{"taxonomy":"product_cat","embeddable":true,"href":"https:\/\/bpk-archive.de\/tuellmann\/wp-json\/wp\/v2\/product_cat?post=70295774"},{"taxonomy":"product_tag","embeddable":true,"href":"https:\/\/bpk-archive.de\/tuellmann\/wp-json\/wp\/v2\/product_tag?post=70295774"}],"curies":[{"name":"wp","href":"https:\/\/api.w.org\/{rel}","templated":true}]}}