{"id":70295773,"date":"2019-09-05T15:21:27","date_gmt":"2019-09-05T13:21:27","guid":{"rendered":"http:\/\/abisagtuellmann.bpk-news.de\/atbild\/zaertliches-paar-danny-und-beate\/"},"modified":"2019-09-05T15:21:43","modified_gmt":"2019-09-05T13:21:43","slug":"zaertliches-paar-danny-und-beate","status":"publish","type":"product","link":"https:\/\/bpk-archive.de\/tuellmann\/produkt\/zaertliches-paar-danny-und-beate\/","title":{"rendered":"Z\u00e4rtliches Paar (Danny und Beate)"},"content":{"rendered":"<p>R\u00fcckseitenbeschriftung von anderer Hand: &#8222;&#8218;Z\u00e4rtliches Paar&#8216;, Ffm, Febr. &#8217;75&#8220;<\/p>\n","protected":false},"excerpt":{"rendered":"<p>R\u00fcckseitenbeschriftung von anderer Hand: &#8222;&#8218;Z\u00e4rtliches Paar&#8216;, Ffm, Febr. &#8217;75&#8220;<\/p>\n","protected":false},"featured_media":70293794,"template":"","meta":[],"product_brand":[],"product_cat":[],"product_tag":[13230,13232,13234,13231,13233,13235,57075,13777,13778,13784,13785,47880,13469,13470,48645,48646,13253,13254,13255,13256,13257,13471,13472,13960,13961,13962,13963,13964,13965,57327,57328,13293,13786,13787,13294,13295,13296,13297,13485,13486,13482,13481,13483,13484,13487,13488,57329,57330,47556,47375,47376,47378,47379,47380,47381,47382,48647,48648,48649,48650,13492,13493,13494,13495,13496,13497,57331,57332,57333,13998,13999,14000,14001,14002,14003,14004,14005,14006,57334,57335,57336,57337,57338,57339,57340,57341,54076,54077,13818,13819,13826,14007,14008,14009,47561,47562,47395,47396,13328,13827,13828,13329,13330,13331,13332,13829,13830,13831,13832,13833,13834,13835,13836,13837,13838,13839,13840,13841,13842,13843,13877,13879,13865,13864,13866,13858,13859,13860,13861,13862,13863,13354,13869,13870,13871,13872,47408,47409,13878,13880,48682,48683,14017,14018,49756],"class_list":{"0":"post-70295773","1":"product","2":"type-product","3":"status-publish","4":"has-post-thumbnail","6":"product_tag-1970er-jahre","7":"product_tag-20-jahrhundert-nach-chr","8":"product_tag-20-jh-n-chr","9":"product_tag-20-jahrhundert","10":"product_tag-20-jh","11":"product_tag-70er","12":"product_tag-abt_015","13":"product_tag-abzug","14":"product_tag-at_konsum-freizeit","15":"product_tag-bildnis","16":"product_tag-bildnisse","17":"product_tag-blickwechsel","18":"product_tag-brd","19":"product_tag-bundesrepublik-deutschland","20":"product_tag-buergersteig","21":"product_tag-buergersteige","22":"product_tag-deutsch","23":"product_tag-deutsche","24":"product_tag-deutschen","25":"product_tag-deutscher","26":"product_tag-deutsches","27":"product_tag-deutschland","28":"product_tag-deutschlands","29":"product_tag-doppelbildnis","30":"product_tag-doppelbildnisse","31":"product_tag-doppelportrait","32":"product_tag-doppelportraits","33":"product_tag-doppelportraet","34":"product_tag-doppelportraets","35":"product_tag-felljacke","36":"product_tag-felljacken","37":"product_tag-foto","38":"product_tag-fotoabzug","39":"product_tag-fotoabzuege","40":"product_tag-fotografie","41":"product_tag-fotografien","42":"product_tag-fotografin","43":"product_tag-fotografinnen","44":"product_tag-frankfurt-m","45":"product_tag-frankfurt-main","46":"product_tag-frankfurt-a-main","47":"product_tag-frankfurt-a-m","48":"product_tag-frankfurt-am-main","49":"product_tag-frankfurter","50":"product_tag-frau","51":"product_tag-frauen","52":"product_tag-freistellbar","53":"product_tag-freisteller","54":"product_tag-fussgaenger","55":"product_tag-fussgaengerin","56":"product_tag-fussgaengerinnen","57":"product_tag-gehen","58":"product_tag-gehend","59":"product_tag-gehende","60":"product_tag-gehender","61":"product_tag-gehendes","62":"product_tag-gehsteig","63":"product_tag-gehsteige","64":"product_tag-gehweg","65":"product_tag-gehwege","66":"product_tag-hessen","67":"product_tag-hessisch","68":"product_tag-hessische","69":"product_tag-hessischen","70":"product_tag-hessischer","71":"product_tag-hessisches","72":"product_tag-innig","73":"product_tag-innige","74":"product_tag-inniges","75":"product_tag-innigkeit","76":"product_tag-intimitaet","77":"product_tag-laecheln","78":"product_tag-laechelnd","79":"product_tag-laechelnde","80":"product_tag-laechelnden","81":"product_tag-laechelnder","82":"product_tag-laechelndes","83":"product_tag-laechelt","84":"product_tag-ledermantel","85":"product_tag-liebe","86":"product_tag-lieben","87":"product_tag-liebend","88":"product_tag-liebende","89":"product_tag-liebenden","90":"product_tag-liebender","91":"product_tag-liebendes","92":"product_tag-liebespaar","93":"product_tag-liebespaare","94":"product_tag-mann","95":"product_tag-maenner","96":"product_tag-mannes","97":"product_tag-paar","98":"product_tag-paare","99":"product_tag-paerchen","100":"product_tag-passant","101":"product_tag-passanten","102":"product_tag-passantin","103":"product_tag-passantinnen","104":"product_tag-photo","105":"product_tag-photoabzug","106":"product_tag-photoabzuege","107":"product_tag-photographie","108":"product_tag-photographien","109":"product_tag-photographin","110":"product_tag-photographinnen","111":"product_tag-portrait","112":"product_tag-portraitaufnahme","113":"product_tag-portraitfoto","114":"product_tag-portraitfotografie","115":"product_tag-portraitphoto","116":"product_tag-portraitphotographie","117":"product_tag-portraits","118":"product_tag-portraet","119":"product_tag-portraetaufnahme","120":"product_tag-portraetfoto","121":"product_tag-portraetfotografie","122":"product_tag-portraetphoto","123":"product_tag-portraetphotographie","124":"product_tag-portraets","125":"product_tag-print","126":"product_tag-s-w-fotografie","127":"product_tag-s-w-photographie","128":"product_tag-schwarzweissphotographie","129":"product_tag-schwarz-weiss-fotografie","130":"product_tag-schwarz-weiss-photographie","131":"product_tag-schwarzweiss","132":"product_tag-schwarzweisse","133":"product_tag-schwarzweissen","134":"product_tag-schwarzweisser","135":"product_tag-schwarzweisses","136":"product_tag-schwarzweissfotografie","137":"product_tag-siebziger","138":"product_tag-silbergelatine","139":"product_tag-silbergelatineabzug","140":"product_tag-silbergelatineabzuege","141":"product_tag-silbergelatineprint","142":"product_tag-strassenleben","143":"product_tag-strassenszene","144":"product_tag-sw-fotografie","145":"product_tag-sw-photographie","146":"product_tag-trottoir","147":"product_tag-trottoirs","148":"product_tag-vertrautheit","149":"product_tag-zuneigung","150":"product_tag-zweisamkeit","151":"pa_datierung-februar-1975","152":"pa_fotograf-abisag-tuellmann","153":"pa_geografischer_bezug-aufnahmeort-frankfurt-am-main-deutschland","154":"pa_grunddaten_material_technik-foto-silbergelatine-auf-barytpapier","155":"pa_inventarnummer-tue-75-008-25a","156":"pa_jahr_von-53481","157":"pa_massangaben-bildformat-foto-242-x-303-cm","158":"pa_mediennummer-57324","159":"pa_objekt_typ-fotografie","161":"first","162":"instock","163":"product-type-simple"},"yoast_head":"<!-- This site is optimized with the Yoast SEO plugin v27.4 - https:\/\/yoast.com\/product\/yoast-seo-wordpress\/ -->\n<title>Z\u00e4rtliches Paar (Danny und Beate) - Abisag T\u00fcllmann<\/title>\n<meta name=\"robots\" content=\"index, follow, max-snippet:-1, max-image-preview:large, max-video-preview:-1\" \/>\n<link rel=\"canonical\" href=\"https:\/\/bpk-archive.de\/tuellmann\/produkt\/zaertliches-paar-danny-und-beate\/\" \/>\n<meta property=\"og:locale\" content=\"de_DE\" \/>\n<meta property=\"og:type\" content=\"article\" \/>\n<meta property=\"og:title\" content=\"Z\u00e4rtliches Paar (Danny und Beate) - Abisag T\u00fcllmann\" \/>\n<meta property=\"og:description\" content=\"R\u00fcckseitenbeschriftung von anderer Hand: &#8222;&#8218;Z\u00e4rtliches Paar&#8216;, Ffm, Febr. &#8217;75&#8220;\" \/>\n<meta property=\"og:url\" content=\"https:\/\/bpk-archive.de\/tuellmann\/produkt\/zaertliches-paar-danny-und-beate\/\" \/>\n<meta property=\"og:site_name\" content=\"Abisag T\u00fcllmann\" \/>\n<meta property=\"article:modified_time\" content=\"2019-09-05T13:21:43+00:00\" \/>\n<meta property=\"og:image\" content=\"https:\/\/bpk-archive.de\/tuellmann\/wp-content\/uploads\/2019\/08\/bpk_70371158.jpg\" \/>\n\t<meta property=\"og:image:width\" content=\"1200\" \/>\n\t<meta property=\"og:image:height\" content=\"967\" \/>\n\t<meta property=\"og:image:type\" content=\"image\/jpeg\" \/>\n<meta name=\"twitter:card\" content=\"summary_large_image\" \/>\n<script type=\"application\/ld+json\" class=\"yoast-schema-graph\">{\"@context\":\"https:\\\/\\\/schema.org\",\"@graph\":[{\"@type\":\"WebPage\",\"@id\":\"https:\\\/\\\/bpk-archive.de\\\/tuellmann\\\/produkt\\\/zaertliches-paar-danny-und-beate\\\/\",\"url\":\"https:\\\/\\\/bpk-archive.de\\\/tuellmann\\\/produkt\\\/zaertliches-paar-danny-und-beate\\\/\",\"name\":\"Z\u00e4rtliches Paar (Danny und Beate) - Abisag T\u00fcllmann\",\"isPartOf\":{\"@id\":\"https:\\\/\\\/bpk-archive.de\\\/tuellmann\\\/#website\"},\"primaryImageOfPage\":{\"@id\":\"https:\\\/\\\/bpk-archive.de\\\/tuellmann\\\/produkt\\\/zaertliches-paar-danny-und-beate\\\/#primaryimage\"},\"image\":{\"@id\":\"https:\\\/\\\/bpk-archive.de\\\/tuellmann\\\/produkt\\\/zaertliches-paar-danny-und-beate\\\/#primaryimage\"},\"thumbnailUrl\":\"https:\\\/\\\/bpk-archive.de\\\/tuellmann\\\/wp-content\\\/uploads\\\/2019\\\/08\\\/bpk_70371158.jpg\",\"datePublished\":\"2019-09-05T13:21:27+00:00\",\"dateModified\":\"2019-09-05T13:21:43+00:00\",\"breadcrumb\":{\"@id\":\"https:\\\/\\\/bpk-archive.de\\\/tuellmann\\\/produkt\\\/zaertliches-paar-danny-und-beate\\\/#breadcrumb\"},\"inLanguage\":\"de\",\"potentialAction\":[{\"@type\":\"ReadAction\",\"target\":[\"https:\\\/\\\/bpk-archive.de\\\/tuellmann\\\/produkt\\\/zaertliches-paar-danny-und-beate\\\/\"]}]},{\"@type\":\"ImageObject\",\"inLanguage\":\"de\",\"@id\":\"https:\\\/\\\/bpk-archive.de\\\/tuellmann\\\/produkt\\\/zaertliches-paar-danny-und-beate\\\/#primaryimage\",\"url\":\"https:\\\/\\\/bpk-archive.de\\\/tuellmann\\\/wp-content\\\/uploads\\\/2019\\\/08\\\/bpk_70371158.jpg\",\"contentUrl\":\"https:\\\/\\\/bpk-archive.de\\\/tuellmann\\\/wp-content\\\/uploads\\\/2019\\\/08\\\/bpk_70371158.jpg\",\"width\":1200,\"height\":967,\"caption\":\"Z\u00e4rtliches Paar (Danny und Beate)\"},{\"@type\":\"BreadcrumbList\",\"@id\":\"https:\\\/\\\/bpk-archive.de\\\/tuellmann\\\/produkt\\\/zaertliches-paar-danny-und-beate\\\/#breadcrumb\",\"itemListElement\":[{\"@type\":\"ListItem\",\"position\":1,\"name\":\"Startseite\",\"item\":\"https:\\\/\\\/bpk-archive.de\\\/tuellmann\\\/\"},{\"@type\":\"ListItem\",\"position\":2,\"name\":\"Shop\",\"item\":\"https:\\\/\\\/bpk-archive.de\\\/tuellmann\\\/shop\\\/\"},{\"@type\":\"ListItem\",\"position\":3,\"name\":\"Z\u00e4rtliches Paar (Danny und Beate)\"}]},{\"@type\":\"WebSite\",\"@id\":\"https:\\\/\\\/bpk-archive.de\\\/tuellmann\\\/#website\",\"url\":\"https:\\\/\\\/bpk-archive.de\\\/tuellmann\\\/\",\"name\":\"Abisag T\u00fcllmann\",\"description\":\"Eine weitere WordPress-Website\",\"potentialAction\":[{\"@type\":\"SearchAction\",\"target\":{\"@type\":\"EntryPoint\",\"urlTemplate\":\"https:\\\/\\\/bpk-archive.de\\\/tuellmann\\\/?s={search_term_string}\"},\"query-input\":{\"@type\":\"PropertyValueSpecification\",\"valueRequired\":true,\"valueName\":\"search_term_string\"}}],\"inLanguage\":\"de\"}]}<\/script>\n<!-- \/ Yoast SEO plugin. -->","yoast_head_json":{"title":"Z\u00e4rtliches Paar (Danny und Beate) - Abisag T\u00fcllmann","robots":{"index":"index","follow":"follow","max-snippet":"max-snippet:-1","max-image-preview":"max-image-preview:large","max-video-preview":"max-video-preview:-1"},"canonical":"https:\/\/bpk-archive.de\/tuellmann\/produkt\/zaertliches-paar-danny-und-beate\/","og_locale":"de_DE","og_type":"article","og_title":"Z\u00e4rtliches Paar (Danny und Beate) - Abisag T\u00fcllmann","og_description":"R\u00fcckseitenbeschriftung von anderer Hand: &#8222;&#8218;Z\u00e4rtliches Paar&#8216;, Ffm, Febr. &#8217;75&#8220;","og_url":"https:\/\/bpk-archive.de\/tuellmann\/produkt\/zaertliches-paar-danny-und-beate\/","og_site_name":"Abisag T\u00fcllmann","article_modified_time":"2019-09-05T13:21:43+00:00","og_image":[{"width":1200,"height":967,"url":"https:\/\/bpk-archive.de\/tuellmann\/wp-content\/uploads\/2019\/08\/bpk_70371158.jpg","type":"image\/jpeg"}],"twitter_card":"summary_large_image","schema":{"@context":"https:\/\/schema.org","@graph":[{"@type":"WebPage","@id":"https:\/\/bpk-archive.de\/tuellmann\/produkt\/zaertliches-paar-danny-und-beate\/","url":"https:\/\/bpk-archive.de\/tuellmann\/produkt\/zaertliches-paar-danny-und-beate\/","name":"Z\u00e4rtliches Paar (Danny und Beate) - Abisag T\u00fcllmann","isPartOf":{"@id":"https:\/\/bpk-archive.de\/tuellmann\/#website"},"primaryImageOfPage":{"@id":"https:\/\/bpk-archive.de\/tuellmann\/produkt\/zaertliches-paar-danny-und-beate\/#primaryimage"},"image":{"@id":"https:\/\/bpk-archive.de\/tuellmann\/produkt\/zaertliches-paar-danny-und-beate\/#primaryimage"},"thumbnailUrl":"https:\/\/bpk-archive.de\/tuellmann\/wp-content\/uploads\/2019\/08\/bpk_70371158.jpg","datePublished":"2019-09-05T13:21:27+00:00","dateModified":"2019-09-05T13:21:43+00:00","breadcrumb":{"@id":"https:\/\/bpk-archive.de\/tuellmann\/produkt\/zaertliches-paar-danny-und-beate\/#breadcrumb"},"inLanguage":"de","potentialAction":[{"@type":"ReadAction","target":["https:\/\/bpk-archive.de\/tuellmann\/produkt\/zaertliches-paar-danny-und-beate\/"]}]},{"@type":"ImageObject","inLanguage":"de","@id":"https:\/\/bpk-archive.de\/tuellmann\/produkt\/zaertliches-paar-danny-und-beate\/#primaryimage","url":"https:\/\/bpk-archive.de\/tuellmann\/wp-content\/uploads\/2019\/08\/bpk_70371158.jpg","contentUrl":"https:\/\/bpk-archive.de\/tuellmann\/wp-content\/uploads\/2019\/08\/bpk_70371158.jpg","width":1200,"height":967,"caption":"Z\u00e4rtliches Paar (Danny und Beate)"},{"@type":"BreadcrumbList","@id":"https:\/\/bpk-archive.de\/tuellmann\/produkt\/zaertliches-paar-danny-und-beate\/#breadcrumb","itemListElement":[{"@type":"ListItem","position":1,"name":"Startseite","item":"https:\/\/bpk-archive.de\/tuellmann\/"},{"@type":"ListItem","position":2,"name":"Shop","item":"https:\/\/bpk-archive.de\/tuellmann\/shop\/"},{"@type":"ListItem","position":3,"name":"Z\u00e4rtliches Paar (Danny und Beate)"}]},{"@type":"WebSite","@id":"https:\/\/bpk-archive.de\/tuellmann\/#website","url":"https:\/\/bpk-archive.de\/tuellmann\/","name":"Abisag T\u00fcllmann","description":"Eine weitere WordPress-Website","potentialAction":[{"@type":"SearchAction","target":{"@type":"EntryPoint","urlTemplate":"https:\/\/bpk-archive.de\/tuellmann\/?s={search_term_string}"},"query-input":{"@type":"PropertyValueSpecification","valueRequired":true,"valueName":"search_term_string"}}],"inLanguage":"de"}]}},"_links":{"self":[{"href":"https:\/\/bpk-archive.de\/tuellmann\/wp-json\/wp\/v2\/product\/70295773","targetHints":{"allow":["GET"]}}],"collection":[{"href":"https:\/\/bpk-archive.de\/tuellmann\/wp-json\/wp\/v2\/product"}],"about":[{"href":"https:\/\/bpk-archive.de\/tuellmann\/wp-json\/wp\/v2\/types\/product"}],"wp:featuredmedia":[{"embeddable":true,"href":"https:\/\/bpk-archive.de\/tuellmann\/wp-json\/wp\/v2\/media\/70293794"}],"wp:attachment":[{"href":"https:\/\/bpk-archive.de\/tuellmann\/wp-json\/wp\/v2\/media?parent=70295773"}],"wp:term":[{"taxonomy":"product_brand","embeddable":true,"href":"https:\/\/bpk-archive.de\/tuellmann\/wp-json\/wp\/v2\/product_brand?post=70295773"},{"taxonomy":"product_cat","embeddable":true,"href":"https:\/\/bpk-archive.de\/tuellmann\/wp-json\/wp\/v2\/product_cat?post=70295773"},{"taxonomy":"product_tag","embeddable":true,"href":"https:\/\/bpk-archive.de\/tuellmann\/wp-json\/wp\/v2\/product_tag?post=70295773"}],"curies":[{"name":"wp","href":"https:\/\/api.w.org\/{rel}","templated":true}]}}