{"id":70295748,"date":"2019-09-05T15:21:11","date_gmt":"2019-09-05T13:21:11","guid":{"rendered":"http:\/\/abisagtuellmann.bpk-news.de\/atbild\/erschoepfter-mann-beim-bau-von-strohhuetten\/"},"modified":"2020-08-11T17:02:02","modified_gmt":"2020-08-11T15:02:02","slug":"erschoepfter-mann-beim-bau-von-strohhuetten","status":"publish","type":"product","link":"https:\/\/bpk-archive.de\/tuellmann\/produkt\/erschoepfter-mann-beim-bau-von-strohhuetten\/","title":{"rendered":"Ersch\u00f6pfter Mann beim Bau von Strohh\u00fctten"},"content":{"rendered":"","protected":false},"excerpt":{"rendered":"","protected":false},"featured_media":70294161,"template":"","meta":[],"product_brand":[],"product_cat":[73369],"product_tag":[13230,13232,13234,13231,13233,13235,13236,13237,13240,13241,13242,13243,13244,13245,47418,47419,47420,47421,47422,47423,47424,54903,54904,54905,54906,54907,54908,13250,51437,54203,51936,51438,51937,51938,51940,51941,47365,47366,47367,47679,13253,13254,13255,13256,13257,13258,13259,50851,50852,50853,50854,51485,51486,51487,51488,51489,13260,13261,48812,48813,48814,48815,48816,56958,13262,13263,13264,13265,13266,13267,13268,13269,13270,13271,13272,13273,56959,56960,56961,13293,13294,13295,13296,13297,47377,47383,56962,47384,47385,47386,14201,14202,13301,56963,56964,47814,47815,56965,56966,56967,56968,56969,47440,47441,47442,47443,47444,47445,47446,13818,13819,13826,48831,48832,48833,48834,48835,14229,56970,56971,50374,50375,13328,13329,13330,13331,13332,53007,54913,53009,13333,13334,13335,13338,13339,13340,13341,13342,48111,48112,13351,13352,13353,13354,56972,56973,56974,56975,13363,13364,13365,13366,13367,13368,13369,56976,56977,14250,14251],"class_list":{"0":"post-70295748","1":"product","2":"type-product","3":"status-publish","4":"has-post-thumbnail","6":"product_cat-sambia","7":"product_tag-1970er-jahre","8":"product_tag-20-jahrhundert-nach-chr","9":"product_tag-20-jh-n-chr","10":"product_tag-20-jahrhundert","11":"product_tag-20-jh","12":"product_tag-70er","13":"product_tag-afrika","14":"product_tag-afrikaner","15":"product_tag-afrikanisch","16":"product_tag-afrikanische","17":"product_tag-afrikanischen","18":"product_tag-afrikanischer","19":"product_tag-afrikanisches","20":"product_tag-afrikas","21":"product_tag-alt","22":"product_tag-alte","23":"product_tag-alten","24":"product_tag-alter","25":"product_tag-aeltere","26":"product_tag-aelterer","27":"product_tag-altes","28":"product_tag-ausruhen","29":"product_tag-ausruhend","30":"product_tag-ausruhende","31":"product_tag-ausruhenden","32":"product_tag-ausruhender","33":"product_tag-ausruhendes","34":"product_tag-aussen","35":"product_tag-bauarbeiten","36":"product_tag-bauen","37":"product_tag-baugeschehen","38":"product_tag-baumassnahmen","39":"product_tag-bauplatz","40":"product_tag-bauplaetze","41":"product_tag-baustelle","42":"product_tag-baustellen","43":"product_tag-bauten","44":"product_tag-bauwerk","45":"product_tag-bauwerke","46":"product_tag-behausung","47":"product_tag-deutsch","48":"product_tag-deutsche","49":"product_tag-deutschen","50":"product_tag-deutscher","51":"product_tag-deutsches","52":"product_tag-dia","53":"product_tag-diapositiv","54":"product_tag-dorf","55":"product_tag-dorfe","56":"product_tag-doerfer","57":"product_tag-dorfes","58":"product_tag-doerflich","59":"product_tag-doerfliche","60":"product_tag-doerflichen","61":"product_tag-doerflicher","62":"product_tag-doerfliches","63":"product_tag-draussen","64":"product_tag-dunkelhaeutiger","65":"product_tag-erschoepft","66":"product_tag-erschoepfte","67":"product_tag-erschoepften","68":"product_tag-erschoepfter","69":"product_tag-erschoepftes","70":"product_tag-erschoepfung","71":"product_tag-farbdia","72":"product_tag-farbdiapositiv","73":"product_tag-farbe","74":"product_tag-farben","75":"product_tag-farbfoto","76":"product_tag-farbfotografie","77":"product_tag-farbige","78":"product_tag-farbigen","79":"product_tag-farbiger","80":"product_tag-farbiges","81":"product_tag-farbphoto","82":"product_tag-farbphotographie","83":"product_tag-fass","84":"product_tag-faesser","85":"product_tag-faessern","86":"product_tag-foto","87":"product_tag-fotografie","88":"product_tag-fotografien","89":"product_tag-fotografin","90":"product_tag-fotografinnen","91":"product_tag-gebaeude","92":"product_tag-haus","93":"product_tag-hausbau","94":"product_tag-haeuser","95":"product_tag-haeusern","96":"product_tag-hauses","97":"product_tag-huette","98":"product_tag-huetten","99":"product_tag-im-freien","100":"product_tag-land","101":"product_tag-landes","102":"product_tag-landleben","103":"product_tag-landlebens","104":"product_tag-laendlich","105":"product_tag-laendliche","106":"product_tag-laendlichen","107":"product_tag-laendlicher","108":"product_tag-laendliches","109":"product_tag-liegen","110":"product_tag-liegend","111":"product_tag-liegende","112":"product_tag-liegendem","113":"product_tag-liegenden","114":"product_tag-liegender","115":"product_tag-liegendes","116":"product_tag-mann","117":"product_tag-maenner","118":"product_tag-mannes","119":"product_tag-muede","120":"product_tag-mueden","121":"product_tag-mueder","122":"product_tag-muedes","123":"product_tag-muedigkeit","124":"product_tag-obdach","125":"product_tag-oelfass","126":"product_tag-oelfaesser","127":"product_tag-pause","128":"product_tag-pausen","129":"product_tag-photo","130":"product_tag-photographie","131":"product_tag-photographien","132":"product_tag-photographin","133":"product_tag-photographinnen","134":"product_tag-rast","135":"product_tag-rasten","136":"product_tag-ruhepause","137":"product_tag-sambia","138":"product_tag-sambias","139":"product_tag-sambier","140":"product_tag-sambisch","141":"product_tag-sambische","142":"product_tag-sambischem","143":"product_tag-sambischen","144":"product_tag-sambischer","145":"product_tag-schatten","146":"product_tag-schattens","147":"product_tag-schwarze","148":"product_tag-schwarzen","149":"product_tag-schwarzer","150":"product_tag-siebziger","151":"product_tag-stroh","152":"product_tag-strohballen","153":"product_tag-strohbuendel","154":"product_tag-strohhuette","155":"product_tag-suedafrika","156":"product_tag-suedafrikanisch","157":"product_tag-suedafrikanische","158":"product_tag-suedafrikanischen","159":"product_tag-suedafrikanischer","160":"product_tag-suedafrikanisches","161":"product_tag-suedafrikas","162":"product_tag-tonne","163":"product_tag-tonnen","164":"product_tag-unterkunft","165":"product_tag-unterkuenfte","166":"pa_datierung-13074","167":"pa_fotograf-abisag-tuellmann","168":"pa_geografischer_bezug-aufnahmeort-sambia","169":"pa_grunddaten_material_technik-foto-farbdia","170":"pa_interne_nummer-at_d_741011_x","171":"pa_inventarnummer-tue_f74-10-11-25a","172":"pa_jahr_bis-13079","173":"pa_mediennummer-56955","174":"pa_objekt_typ-fotografie","176":"first","177":"instock","178":"product-type-simple"},"yoast_head":"<!-- This site is optimized with the Yoast SEO plugin v27.3 - https:\/\/yoast.com\/product\/yoast-seo-wordpress\/ -->\n<title>Ersch\u00f6pfter Mann beim Bau von Strohh\u00fctten - Abisag T\u00fcllmann<\/title>\n<meta name=\"robots\" content=\"index, follow, max-snippet:-1, max-image-preview:large, max-video-preview:-1\" \/>\n<link rel=\"canonical\" href=\"https:\/\/bpk-archive.de\/tuellmann\/produkt\/erschoepfter-mann-beim-bau-von-strohhuetten\/\" \/>\n<meta property=\"og:locale\" content=\"de_DE\" \/>\n<meta property=\"og:type\" content=\"article\" \/>\n<meta property=\"og:title\" content=\"Ersch\u00f6pfter Mann beim Bau von Strohh\u00fctten - Abisag T\u00fcllmann\" \/>\n<meta property=\"og:url\" content=\"https:\/\/bpk-archive.de\/tuellmann\/produkt\/erschoepfter-mann-beim-bau-von-strohhuetten\/\" \/>\n<meta property=\"og:site_name\" content=\"Abisag T\u00fcllmann\" \/>\n<meta property=\"article:modified_time\" content=\"2020-08-11T15:02:02+00:00\" \/>\n<meta property=\"og:image\" content=\"https:\/\/bpk-archive.de\/tuellmann\/wp-content\/uploads\/2019\/08\/bpk_70371573.jpg\" \/>\n\t<meta property=\"og:image:width\" content=\"1200\" \/>\n\t<meta property=\"og:image:height\" content=\"821\" \/>\n\t<meta property=\"og:image:type\" content=\"image\/jpeg\" \/>\n<meta name=\"twitter:card\" content=\"summary_large_image\" \/>\n<script type=\"application\/ld+json\" class=\"yoast-schema-graph\">{\"@context\":\"https:\\\/\\\/schema.org\",\"@graph\":[{\"@type\":\"WebPage\",\"@id\":\"https:\\\/\\\/bpk-archive.de\\\/tuellmann\\\/produkt\\\/erschoepfter-mann-beim-bau-von-strohhuetten\\\/\",\"url\":\"https:\\\/\\\/bpk-archive.de\\\/tuellmann\\\/produkt\\\/erschoepfter-mann-beim-bau-von-strohhuetten\\\/\",\"name\":\"Ersch\u00f6pfter Mann beim Bau von Strohh\u00fctten - Abisag T\u00fcllmann\",\"isPartOf\":{\"@id\":\"https:\\\/\\\/bpk-archive.de\\\/tuellmann\\\/#website\"},\"primaryImageOfPage\":{\"@id\":\"https:\\\/\\\/bpk-archive.de\\\/tuellmann\\\/produkt\\\/erschoepfter-mann-beim-bau-von-strohhuetten\\\/#primaryimage\"},\"image\":{\"@id\":\"https:\\\/\\\/bpk-archive.de\\\/tuellmann\\\/produkt\\\/erschoepfter-mann-beim-bau-von-strohhuetten\\\/#primaryimage\"},\"thumbnailUrl\":\"https:\\\/\\\/bpk-archive.de\\\/tuellmann\\\/wp-content\\\/uploads\\\/2019\\\/08\\\/bpk_70371573.jpg\",\"datePublished\":\"2019-09-05T13:21:11+00:00\",\"dateModified\":\"2020-08-11T15:02:02+00:00\",\"breadcrumb\":{\"@id\":\"https:\\\/\\\/bpk-archive.de\\\/tuellmann\\\/produkt\\\/erschoepfter-mann-beim-bau-von-strohhuetten\\\/#breadcrumb\"},\"inLanguage\":\"de\",\"potentialAction\":[{\"@type\":\"ReadAction\",\"target\":[\"https:\\\/\\\/bpk-archive.de\\\/tuellmann\\\/produkt\\\/erschoepfter-mann-beim-bau-von-strohhuetten\\\/\"]}]},{\"@type\":\"ImageObject\",\"inLanguage\":\"de\",\"@id\":\"https:\\\/\\\/bpk-archive.de\\\/tuellmann\\\/produkt\\\/erschoepfter-mann-beim-bau-von-strohhuetten\\\/#primaryimage\",\"url\":\"https:\\\/\\\/bpk-archive.de\\\/tuellmann\\\/wp-content\\\/uploads\\\/2019\\\/08\\\/bpk_70371573.jpg\",\"contentUrl\":\"https:\\\/\\\/bpk-archive.de\\\/tuellmann\\\/wp-content\\\/uploads\\\/2019\\\/08\\\/bpk_70371573.jpg\",\"width\":1200,\"height\":821,\"caption\":\"Ersch\u00f6pfter Mann beim Bau von Strohh\u00fctten\"},{\"@type\":\"BreadcrumbList\",\"@id\":\"https:\\\/\\\/bpk-archive.de\\\/tuellmann\\\/produkt\\\/erschoepfter-mann-beim-bau-von-strohhuetten\\\/#breadcrumb\",\"itemListElement\":[{\"@type\":\"ListItem\",\"position\":1,\"name\":\"Startseite\",\"item\":\"https:\\\/\\\/bpk-archive.de\\\/tuellmann\\\/\"},{\"@type\":\"ListItem\",\"position\":2,\"name\":\"Shop\",\"item\":\"https:\\\/\\\/bpk-archive.de\\\/tuellmann\\\/shop\\\/\"},{\"@type\":\"ListItem\",\"position\":3,\"name\":\"Ersch\u00f6pfter Mann beim Bau von Strohh\u00fctten\"}]},{\"@type\":\"WebSite\",\"@id\":\"https:\\\/\\\/bpk-archive.de\\\/tuellmann\\\/#website\",\"url\":\"https:\\\/\\\/bpk-archive.de\\\/tuellmann\\\/\",\"name\":\"Abisag T\u00fcllmann\",\"description\":\"Eine weitere WordPress-Website\",\"potentialAction\":[{\"@type\":\"SearchAction\",\"target\":{\"@type\":\"EntryPoint\",\"urlTemplate\":\"https:\\\/\\\/bpk-archive.de\\\/tuellmann\\\/?s={search_term_string}\"},\"query-input\":{\"@type\":\"PropertyValueSpecification\",\"valueRequired\":true,\"valueName\":\"search_term_string\"}}],\"inLanguage\":\"de\"}]}<\/script>\n<!-- \/ Yoast SEO plugin. -->","yoast_head_json":{"title":"Ersch\u00f6pfter Mann beim Bau von Strohh\u00fctten - Abisag T\u00fcllmann","robots":{"index":"index","follow":"follow","max-snippet":"max-snippet:-1","max-image-preview":"max-image-preview:large","max-video-preview":"max-video-preview:-1"},"canonical":"https:\/\/bpk-archive.de\/tuellmann\/produkt\/erschoepfter-mann-beim-bau-von-strohhuetten\/","og_locale":"de_DE","og_type":"article","og_title":"Ersch\u00f6pfter Mann beim Bau von Strohh\u00fctten - Abisag T\u00fcllmann","og_url":"https:\/\/bpk-archive.de\/tuellmann\/produkt\/erschoepfter-mann-beim-bau-von-strohhuetten\/","og_site_name":"Abisag T\u00fcllmann","article_modified_time":"2020-08-11T15:02:02+00:00","og_image":[{"width":1200,"height":821,"url":"https:\/\/bpk-archive.de\/tuellmann\/wp-content\/uploads\/2019\/08\/bpk_70371573.jpg","type":"image\/jpeg"}],"twitter_card":"summary_large_image","schema":{"@context":"https:\/\/schema.org","@graph":[{"@type":"WebPage","@id":"https:\/\/bpk-archive.de\/tuellmann\/produkt\/erschoepfter-mann-beim-bau-von-strohhuetten\/","url":"https:\/\/bpk-archive.de\/tuellmann\/produkt\/erschoepfter-mann-beim-bau-von-strohhuetten\/","name":"Ersch\u00f6pfter Mann beim Bau von Strohh\u00fctten - Abisag T\u00fcllmann","isPartOf":{"@id":"https:\/\/bpk-archive.de\/tuellmann\/#website"},"primaryImageOfPage":{"@id":"https:\/\/bpk-archive.de\/tuellmann\/produkt\/erschoepfter-mann-beim-bau-von-strohhuetten\/#primaryimage"},"image":{"@id":"https:\/\/bpk-archive.de\/tuellmann\/produkt\/erschoepfter-mann-beim-bau-von-strohhuetten\/#primaryimage"},"thumbnailUrl":"https:\/\/bpk-archive.de\/tuellmann\/wp-content\/uploads\/2019\/08\/bpk_70371573.jpg","datePublished":"2019-09-05T13:21:11+00:00","dateModified":"2020-08-11T15:02:02+00:00","breadcrumb":{"@id":"https:\/\/bpk-archive.de\/tuellmann\/produkt\/erschoepfter-mann-beim-bau-von-strohhuetten\/#breadcrumb"},"inLanguage":"de","potentialAction":[{"@type":"ReadAction","target":["https:\/\/bpk-archive.de\/tuellmann\/produkt\/erschoepfter-mann-beim-bau-von-strohhuetten\/"]}]},{"@type":"ImageObject","inLanguage":"de","@id":"https:\/\/bpk-archive.de\/tuellmann\/produkt\/erschoepfter-mann-beim-bau-von-strohhuetten\/#primaryimage","url":"https:\/\/bpk-archive.de\/tuellmann\/wp-content\/uploads\/2019\/08\/bpk_70371573.jpg","contentUrl":"https:\/\/bpk-archive.de\/tuellmann\/wp-content\/uploads\/2019\/08\/bpk_70371573.jpg","width":1200,"height":821,"caption":"Ersch\u00f6pfter Mann beim Bau von Strohh\u00fctten"},{"@type":"BreadcrumbList","@id":"https:\/\/bpk-archive.de\/tuellmann\/produkt\/erschoepfter-mann-beim-bau-von-strohhuetten\/#breadcrumb","itemListElement":[{"@type":"ListItem","position":1,"name":"Startseite","item":"https:\/\/bpk-archive.de\/tuellmann\/"},{"@type":"ListItem","position":2,"name":"Shop","item":"https:\/\/bpk-archive.de\/tuellmann\/shop\/"},{"@type":"ListItem","position":3,"name":"Ersch\u00f6pfter Mann beim Bau von Strohh\u00fctten"}]},{"@type":"WebSite","@id":"https:\/\/bpk-archive.de\/tuellmann\/#website","url":"https:\/\/bpk-archive.de\/tuellmann\/","name":"Abisag T\u00fcllmann","description":"Eine weitere WordPress-Website","potentialAction":[{"@type":"SearchAction","target":{"@type":"EntryPoint","urlTemplate":"https:\/\/bpk-archive.de\/tuellmann\/?s={search_term_string}"},"query-input":{"@type":"PropertyValueSpecification","valueRequired":true,"valueName":"search_term_string"}}],"inLanguage":"de"}]}},"_links":{"self":[{"href":"https:\/\/bpk-archive.de\/tuellmann\/wp-json\/wp\/v2\/product\/70295748","targetHints":{"allow":["GET"]}}],"collection":[{"href":"https:\/\/bpk-archive.de\/tuellmann\/wp-json\/wp\/v2\/product"}],"about":[{"href":"https:\/\/bpk-archive.de\/tuellmann\/wp-json\/wp\/v2\/types\/product"}],"wp:featuredmedia":[{"embeddable":true,"href":"https:\/\/bpk-archive.de\/tuellmann\/wp-json\/wp\/v2\/media\/70294161"}],"wp:attachment":[{"href":"https:\/\/bpk-archive.de\/tuellmann\/wp-json\/wp\/v2\/media?parent=70295748"}],"wp:term":[{"taxonomy":"product_brand","embeddable":true,"href":"https:\/\/bpk-archive.de\/tuellmann\/wp-json\/wp\/v2\/product_brand?post=70295748"},{"taxonomy":"product_cat","embeddable":true,"href":"https:\/\/bpk-archive.de\/tuellmann\/wp-json\/wp\/v2\/product_cat?post=70295748"},{"taxonomy":"product_tag","embeddable":true,"href":"https:\/\/bpk-archive.de\/tuellmann\/wp-json\/wp\/v2\/product_tag?post=70295748"}],"curies":[{"name":"wp","href":"https:\/\/api.w.org\/{rel}","templated":true}]}}