{"id":70295664,"date":"2019-09-05T15:20:12","date_gmt":"2019-09-05T13:20:12","guid":{"rendered":"http:\/\/abisagtuellmann.bpk-news.de\/atbild\/management-kurs-fuer-weibliche-fuehrungskraefte-im-lufthansa-schulungszentrum-2\/"},"modified":"2019-09-05T15:20:18","modified_gmt":"2019-09-05T13:20:18","slug":"management-kurs-fuer-weibliche-fuehrungskraefte-im-lufthansa-schulungszentrum-2","status":"publish","type":"product","link":"https:\/\/bpk-archive.de\/tuellmann\/produkt\/management-kurs-fuer-weibliche-fuehrungskraefte-im-lufthansa-schulungszentrum-2\/","title":{"rendered":"Management-Kurs f\u00fcr weibliche F\u00fchrungskr\u00e4fte im Lufthansa-Schulungszentrum"},"content":{"rendered":"<p>Veranstaltet von RKW, Referentin: Dr. Gudrun Gelbach, Personalleiterin<\/p>\n","protected":false},"excerpt":{"rendered":"<p>Veranstaltet von RKW, Referentin: Dr. Gudrun Gelbach, Personalleiterin<\/p>\n","protected":false},"featured_media":70293146,"template":"","meta":[],"product_brand":[],"product_cat":[],"product_tag":[13230,13232,13234,13231,13233,13235,53289,13777,13456,13457,47456,47457,47458,47459,47460,47461,47462,53691,55062,55291,13462,13463,13464,13465,13466,13467,13468,13469,13470,55799,55501,55502,13253,13254,13255,13256,13257,13471,13472,13473,49678,49679,49680,49681,49682,49683,48971,50142,55803,52146,55804,13293,13786,13787,13294,13295,13296,13297,13487,13488,48579,47735,47736,55805,55503,55806,14327,48988,48989,48990,48991,48992,48993,48994,48995,48996,54923,50335,50336,13492,13493,13494,13495,13496,13497,13498,55435,55436,55807,55808,53216,53217,55508,52155,55810,52156,55811,13328,13827,13828,13329,13330,13331,13332,13843,13877,13879,50340,50341,50342,50343,50344,50345,50346,55813,13865,13864,13866,13858,13859,13860,13861,13862,13863,55293,55294,13354,13869,13870,13871,13872,14243,14244,14245,14246,14247,14248,14249,13878,13880,55818,53982,13525,55814,55815,49008,49009,49010,49011,49012,49013,51812,51813],"class_list":{"0":"post-70295664","1":"product","2":"type-product","3":"status-publish","4":"has-post-thumbnail","6":"product_tag-1970er-jahre","7":"product_tag-20-jahrhundert-nach-chr","8":"product_tag-20-jh-n-chr","9":"product_tag-20-jahrhundert","10":"product_tag-20-jh","11":"product_tag-70er","12":"product_tag-abt_003","13":"product_tag-abzug","14":"product_tag-anschauen","15":"product_tag-anschauend","16":"product_tag-arbeit","17":"product_tag-arbeiten","18":"product_tag-arbeitend","19":"product_tag-arbeitende","20":"product_tag-arbeitenden","21":"product_tag-arbeitender","22":"product_tag-arbeitendes","23":"product_tag-at_frauenarbeit","24":"product_tag-ausbildung","25":"product_tag-bergstrasse","26":"product_tag-betrachten","27":"product_tag-betrachtend","28":"product_tag-betrachtende","29":"product_tag-betrachtender","30":"product_tag-betrachtendes","31":"product_tag-betrachtet","32":"product_tag-betrachtung","33":"product_tag-brd","34":"product_tag-bundesrepublik-deutschland","35":"product_tag-centrum","36":"product_tag-chefin","37":"product_tag-chefinnen","38":"product_tag-deutsch","39":"product_tag-deutsche","40":"product_tag-deutschen","41":"product_tag-deutscher","42":"product_tag-deutsches","43":"product_tag-deutschland","44":"product_tag-deutschlands","45":"product_tag-drinnen","46":"product_tag-emanzipation","47":"product_tag-emanzipiert","48":"product_tag-emanzipierte","49":"product_tag-emanzipierten","50":"product_tag-emanzipierter","51":"product_tag-emanzipiertes","52":"product_tag-erklaeren","53":"product_tag-erklaert","54":"product_tag-fluglinie","55":"product_tag-flugverkehr","56":"product_tag-fortbildung","57":"product_tag-foto","58":"product_tag-fotoabzug","59":"product_tag-fotoabzuege","60":"product_tag-fotografie","61":"product_tag-fotografien","62":"product_tag-fotografin","63":"product_tag-fotografinnen","64":"product_tag-frau","65":"product_tag-frauen","66":"product_tag-frauenarbeit","67":"product_tag-frauengruppe","68":"product_tag-frauengruppen","69":"product_tag-frauenrunde","70":"product_tag-fuehrungskraft","71":"product_tag-fuehrungskraefte","72":"product_tag-gesellschaft","73":"product_tag-gestik","74":"product_tag-gestikulation","75":"product_tag-gestikulieren","76":"product_tag-gestikulierend","77":"product_tag-gestikulierende","78":"product_tag-gestikulierenden","79":"product_tag-gestikulierender","80":"product_tag-gestikulierendes","81":"product_tag-gestikuliert","82":"product_tag-gleichberechtigung","83":"product_tag-gucken","84":"product_tag-guckt","85":"product_tag-hessen","86":"product_tag-hessisch","87":"product_tag-hessische","88":"product_tag-hessischen","89":"product_tag-hessischer","90":"product_tag-hessisches","91":"product_tag-innen","92":"product_tag-konferenzraum","93":"product_tag-konferenzraeume","94":"product_tag-konferenztisch","95":"product_tag-konferenztische","96":"product_tag-kurs","97":"product_tag-kurse","98":"product_tag-leiterin","99":"product_tag-luftfahrt","100":"product_tag-lufthansa","101":"product_tag-luftverkehr","102":"product_tag-management","103":"product_tag-photo","104":"product_tag-photoabzug","105":"product_tag-photoabzuege","106":"product_tag-photographie","107":"product_tag-photographien","108":"product_tag-photographin","109":"product_tag-photographinnen","110":"product_tag-print","111":"product_tag-s-w-fotografie","112":"product_tag-s-w-photographie","113":"product_tag-schauen","114":"product_tag-schauend","115":"product_tag-schauende","116":"product_tag-schauenden","117":"product_tag-schauender","118":"product_tag-schauendes","119":"product_tag-schaut","120":"product_tag-schulung","121":"product_tag-schwarzweissphotographie","122":"product_tag-schwarz-weiss-fotografie","123":"product_tag-schwarz-weiss-photographie","124":"product_tag-schwarzweiss","125":"product_tag-schwarzweisse","126":"product_tag-schwarzweissen","127":"product_tag-schwarzweisser","128":"product_tag-schwarzweisses","129":"product_tag-schwarzweissfotografie","130":"product_tag-seeheim","131":"product_tag-seeheimer","132":"product_tag-siebziger","133":"product_tag-silbergelatine","134":"product_tag-silbergelatineabzug","135":"product_tag-silbergelatineabzuege","136":"product_tag-silbergelatineprint","137":"product_tag-sitzen","138":"product_tag-sitzend","139":"product_tag-sitzende","140":"product_tag-sitzenden","141":"product_tag-sitzender","142":"product_tag-sitzendes","143":"product_tag-sitzt","144":"product_tag-sw-fotografie","145":"product_tag-sw-photographie","146":"product_tag-tageslichtprojektor","147":"product_tag-unternehmen","148":"product_tag-von-innen","149":"product_tag-weiterbildung","150":"product_tag-zentrum","151":"product_tag-zuhoeren","152":"product_tag-zuhoerend","153":"product_tag-zuhoerende","154":"product_tag-zuhoerenden","155":"product_tag-zuhoerender","156":"product_tag-zuhoerendes","157":"product_tag-zuhoererin","158":"product_tag-zuhoererinnen","159":"pa_datierung-juni-1978","160":"pa_fotograf-abisag-tuellmann","161":"pa_geografischer_bezug-aufnahmeort-seeheim-jugenheim-seeheim-deutschland","162":"pa_grunddaten_material_technik-foto-silbergelatine-auf-barytpapier","163":"pa_inventarnummer-tue-78-126-06","164":"pa_jahr_von-14022","165":"pa_massangaben-bildformat-foto-233-x-305-cm","166":"pa_mediennummer-55816","167":"pa_objekt_typ-fotografie","169":"first","170":"instock","171":"product-type-simple"},"yoast_head":"<!-- This site is optimized with the Yoast SEO plugin v27.3 - https:\/\/yoast.com\/product\/yoast-seo-wordpress\/ -->\n<title>Management-Kurs f\u00fcr weibliche F\u00fchrungskr\u00e4fte im Lufthansa-Schulungszentrum - Abisag T\u00fcllmann<\/title>\n<meta name=\"robots\" content=\"index, follow, max-snippet:-1, max-image-preview:large, max-video-preview:-1\" \/>\n<link rel=\"canonical\" href=\"https:\/\/bpk-archive.de\/tuellmann\/produkt\/management-kurs-fuer-weibliche-fuehrungskraefte-im-lufthansa-schulungszentrum-2\/\" \/>\n<meta property=\"og:locale\" content=\"de_DE\" \/>\n<meta property=\"og:type\" content=\"article\" \/>\n<meta property=\"og:title\" content=\"Management-Kurs f\u00fcr weibliche F\u00fchrungskr\u00e4fte im Lufthansa-Schulungszentrum - Abisag T\u00fcllmann\" \/>\n<meta property=\"og:description\" content=\"Veranstaltet von RKW, Referentin: Dr. Gudrun Gelbach, Personalleiterin\" \/>\n<meta property=\"og:url\" content=\"https:\/\/bpk-archive.de\/tuellmann\/produkt\/management-kurs-fuer-weibliche-fuehrungskraefte-im-lufthansa-schulungszentrum-2\/\" \/>\n<meta property=\"og:site_name\" content=\"Abisag T\u00fcllmann\" \/>\n<meta property=\"article:modified_time\" content=\"2019-09-05T13:20:18+00:00\" \/>\n<meta property=\"og:image\" content=\"https:\/\/bpk-archive.de\/tuellmann\/wp-content\/uploads\/2019\/08\/bpk_70279200.jpg\" \/>\n\t<meta property=\"og:image:width\" content=\"1200\" \/>\n\t<meta property=\"og:image:height\" content=\"933\" \/>\n\t<meta property=\"og:image:type\" content=\"image\/jpeg\" \/>\n<meta name=\"twitter:card\" content=\"summary_large_image\" \/>\n<script type=\"application\/ld+json\" class=\"yoast-schema-graph\">{\"@context\":\"https:\\\/\\\/schema.org\",\"@graph\":[{\"@type\":\"WebPage\",\"@id\":\"https:\\\/\\\/bpk-archive.de\\\/tuellmann\\\/produkt\\\/management-kurs-fuer-weibliche-fuehrungskraefte-im-lufthansa-schulungszentrum-2\\\/\",\"url\":\"https:\\\/\\\/bpk-archive.de\\\/tuellmann\\\/produkt\\\/management-kurs-fuer-weibliche-fuehrungskraefte-im-lufthansa-schulungszentrum-2\\\/\",\"name\":\"Management-Kurs f\u00fcr weibliche F\u00fchrungskr\u00e4fte im Lufthansa-Schulungszentrum - Abisag T\u00fcllmann\",\"isPartOf\":{\"@id\":\"https:\\\/\\\/bpk-archive.de\\\/tuellmann\\\/#website\"},\"primaryImageOfPage\":{\"@id\":\"https:\\\/\\\/bpk-archive.de\\\/tuellmann\\\/produkt\\\/management-kurs-fuer-weibliche-fuehrungskraefte-im-lufthansa-schulungszentrum-2\\\/#primaryimage\"},\"image\":{\"@id\":\"https:\\\/\\\/bpk-archive.de\\\/tuellmann\\\/produkt\\\/management-kurs-fuer-weibliche-fuehrungskraefte-im-lufthansa-schulungszentrum-2\\\/#primaryimage\"},\"thumbnailUrl\":\"https:\\\/\\\/bpk-archive.de\\\/tuellmann\\\/wp-content\\\/uploads\\\/2019\\\/08\\\/bpk_70279200.jpg\",\"datePublished\":\"2019-09-05T13:20:12+00:00\",\"dateModified\":\"2019-09-05T13:20:18+00:00\",\"breadcrumb\":{\"@id\":\"https:\\\/\\\/bpk-archive.de\\\/tuellmann\\\/produkt\\\/management-kurs-fuer-weibliche-fuehrungskraefte-im-lufthansa-schulungszentrum-2\\\/#breadcrumb\"},\"inLanguage\":\"de\",\"potentialAction\":[{\"@type\":\"ReadAction\",\"target\":[\"https:\\\/\\\/bpk-archive.de\\\/tuellmann\\\/produkt\\\/management-kurs-fuer-weibliche-fuehrungskraefte-im-lufthansa-schulungszentrum-2\\\/\"]}]},{\"@type\":\"ImageObject\",\"inLanguage\":\"de\",\"@id\":\"https:\\\/\\\/bpk-archive.de\\\/tuellmann\\\/produkt\\\/management-kurs-fuer-weibliche-fuehrungskraefte-im-lufthansa-schulungszentrum-2\\\/#primaryimage\",\"url\":\"https:\\\/\\\/bpk-archive.de\\\/tuellmann\\\/wp-content\\\/uploads\\\/2019\\\/08\\\/bpk_70279200.jpg\",\"contentUrl\":\"https:\\\/\\\/bpk-archive.de\\\/tuellmann\\\/wp-content\\\/uploads\\\/2019\\\/08\\\/bpk_70279200.jpg\",\"width\":1200,\"height\":933,\"caption\":\"Management-Kurs f\u00fcr weibliche F\u00fchrungskr\u00e4fte im Lufthansa-Schulungszentrum\"},{\"@type\":\"BreadcrumbList\",\"@id\":\"https:\\\/\\\/bpk-archive.de\\\/tuellmann\\\/produkt\\\/management-kurs-fuer-weibliche-fuehrungskraefte-im-lufthansa-schulungszentrum-2\\\/#breadcrumb\",\"itemListElement\":[{\"@type\":\"ListItem\",\"position\":1,\"name\":\"Startseite\",\"item\":\"https:\\\/\\\/bpk-archive.de\\\/tuellmann\\\/\"},{\"@type\":\"ListItem\",\"position\":2,\"name\":\"Shop\",\"item\":\"https:\\\/\\\/bpk-archive.de\\\/tuellmann\\\/shop\\\/\"},{\"@type\":\"ListItem\",\"position\":3,\"name\":\"Management-Kurs f\u00fcr weibliche F\u00fchrungskr\u00e4fte im Lufthansa-Schulungszentrum\"}]},{\"@type\":\"WebSite\",\"@id\":\"https:\\\/\\\/bpk-archive.de\\\/tuellmann\\\/#website\",\"url\":\"https:\\\/\\\/bpk-archive.de\\\/tuellmann\\\/\",\"name\":\"Abisag T\u00fcllmann\",\"description\":\"Eine weitere WordPress-Website\",\"potentialAction\":[{\"@type\":\"SearchAction\",\"target\":{\"@type\":\"EntryPoint\",\"urlTemplate\":\"https:\\\/\\\/bpk-archive.de\\\/tuellmann\\\/?s={search_term_string}\"},\"query-input\":{\"@type\":\"PropertyValueSpecification\",\"valueRequired\":true,\"valueName\":\"search_term_string\"}}],\"inLanguage\":\"de\"}]}<\/script>\n<!-- \/ Yoast SEO plugin. -->","yoast_head_json":{"title":"Management-Kurs f\u00fcr weibliche F\u00fchrungskr\u00e4fte im Lufthansa-Schulungszentrum - Abisag T\u00fcllmann","robots":{"index":"index","follow":"follow","max-snippet":"max-snippet:-1","max-image-preview":"max-image-preview:large","max-video-preview":"max-video-preview:-1"},"canonical":"https:\/\/bpk-archive.de\/tuellmann\/produkt\/management-kurs-fuer-weibliche-fuehrungskraefte-im-lufthansa-schulungszentrum-2\/","og_locale":"de_DE","og_type":"article","og_title":"Management-Kurs f\u00fcr weibliche F\u00fchrungskr\u00e4fte im Lufthansa-Schulungszentrum - Abisag T\u00fcllmann","og_description":"Veranstaltet von RKW, Referentin: Dr. Gudrun Gelbach, Personalleiterin","og_url":"https:\/\/bpk-archive.de\/tuellmann\/produkt\/management-kurs-fuer-weibliche-fuehrungskraefte-im-lufthansa-schulungszentrum-2\/","og_site_name":"Abisag T\u00fcllmann","article_modified_time":"2019-09-05T13:20:18+00:00","og_image":[{"width":1200,"height":933,"url":"https:\/\/bpk-archive.de\/tuellmann\/wp-content\/uploads\/2019\/08\/bpk_70279200.jpg","type":"image\/jpeg"}],"twitter_card":"summary_large_image","schema":{"@context":"https:\/\/schema.org","@graph":[{"@type":"WebPage","@id":"https:\/\/bpk-archive.de\/tuellmann\/produkt\/management-kurs-fuer-weibliche-fuehrungskraefte-im-lufthansa-schulungszentrum-2\/","url":"https:\/\/bpk-archive.de\/tuellmann\/produkt\/management-kurs-fuer-weibliche-fuehrungskraefte-im-lufthansa-schulungszentrum-2\/","name":"Management-Kurs f\u00fcr weibliche F\u00fchrungskr\u00e4fte im Lufthansa-Schulungszentrum - Abisag T\u00fcllmann","isPartOf":{"@id":"https:\/\/bpk-archive.de\/tuellmann\/#website"},"primaryImageOfPage":{"@id":"https:\/\/bpk-archive.de\/tuellmann\/produkt\/management-kurs-fuer-weibliche-fuehrungskraefte-im-lufthansa-schulungszentrum-2\/#primaryimage"},"image":{"@id":"https:\/\/bpk-archive.de\/tuellmann\/produkt\/management-kurs-fuer-weibliche-fuehrungskraefte-im-lufthansa-schulungszentrum-2\/#primaryimage"},"thumbnailUrl":"https:\/\/bpk-archive.de\/tuellmann\/wp-content\/uploads\/2019\/08\/bpk_70279200.jpg","datePublished":"2019-09-05T13:20:12+00:00","dateModified":"2019-09-05T13:20:18+00:00","breadcrumb":{"@id":"https:\/\/bpk-archive.de\/tuellmann\/produkt\/management-kurs-fuer-weibliche-fuehrungskraefte-im-lufthansa-schulungszentrum-2\/#breadcrumb"},"inLanguage":"de","potentialAction":[{"@type":"ReadAction","target":["https:\/\/bpk-archive.de\/tuellmann\/produkt\/management-kurs-fuer-weibliche-fuehrungskraefte-im-lufthansa-schulungszentrum-2\/"]}]},{"@type":"ImageObject","inLanguage":"de","@id":"https:\/\/bpk-archive.de\/tuellmann\/produkt\/management-kurs-fuer-weibliche-fuehrungskraefte-im-lufthansa-schulungszentrum-2\/#primaryimage","url":"https:\/\/bpk-archive.de\/tuellmann\/wp-content\/uploads\/2019\/08\/bpk_70279200.jpg","contentUrl":"https:\/\/bpk-archive.de\/tuellmann\/wp-content\/uploads\/2019\/08\/bpk_70279200.jpg","width":1200,"height":933,"caption":"Management-Kurs f\u00fcr weibliche F\u00fchrungskr\u00e4fte im Lufthansa-Schulungszentrum"},{"@type":"BreadcrumbList","@id":"https:\/\/bpk-archive.de\/tuellmann\/produkt\/management-kurs-fuer-weibliche-fuehrungskraefte-im-lufthansa-schulungszentrum-2\/#breadcrumb","itemListElement":[{"@type":"ListItem","position":1,"name":"Startseite","item":"https:\/\/bpk-archive.de\/tuellmann\/"},{"@type":"ListItem","position":2,"name":"Shop","item":"https:\/\/bpk-archive.de\/tuellmann\/shop\/"},{"@type":"ListItem","position":3,"name":"Management-Kurs f\u00fcr weibliche F\u00fchrungskr\u00e4fte im Lufthansa-Schulungszentrum"}]},{"@type":"WebSite","@id":"https:\/\/bpk-archive.de\/tuellmann\/#website","url":"https:\/\/bpk-archive.de\/tuellmann\/","name":"Abisag T\u00fcllmann","description":"Eine weitere WordPress-Website","potentialAction":[{"@type":"SearchAction","target":{"@type":"EntryPoint","urlTemplate":"https:\/\/bpk-archive.de\/tuellmann\/?s={search_term_string}"},"query-input":{"@type":"PropertyValueSpecification","valueRequired":true,"valueName":"search_term_string"}}],"inLanguage":"de"}]}},"_links":{"self":[{"href":"https:\/\/bpk-archive.de\/tuellmann\/wp-json\/wp\/v2\/product\/70295664","targetHints":{"allow":["GET"]}}],"collection":[{"href":"https:\/\/bpk-archive.de\/tuellmann\/wp-json\/wp\/v2\/product"}],"about":[{"href":"https:\/\/bpk-archive.de\/tuellmann\/wp-json\/wp\/v2\/types\/product"}],"wp:featuredmedia":[{"embeddable":true,"href":"https:\/\/bpk-archive.de\/tuellmann\/wp-json\/wp\/v2\/media\/70293146"}],"wp:attachment":[{"href":"https:\/\/bpk-archive.de\/tuellmann\/wp-json\/wp\/v2\/media?parent=70295664"}],"wp:term":[{"taxonomy":"product_brand","embeddable":true,"href":"https:\/\/bpk-archive.de\/tuellmann\/wp-json\/wp\/v2\/product_brand?post=70295664"},{"taxonomy":"product_cat","embeddable":true,"href":"https:\/\/bpk-archive.de\/tuellmann\/wp-json\/wp\/v2\/product_cat?post=70295664"},{"taxonomy":"product_tag","embeddable":true,"href":"https:\/\/bpk-archive.de\/tuellmann\/wp-json\/wp\/v2\/product_tag?post=70295664"}],"curies":[{"name":"wp","href":"https:\/\/api.w.org\/{rel}","templated":true}]}}