{"id":70295660,"date":"2019-09-05T15:20:12","date_gmt":"2019-09-05T13:20:12","guid":{"rendered":"http:\/\/abisagtuellmann.bpk-news.de\/atbild\/bueroangestellte-in-der-bank-fuer-gemeinwirtschaft\/"},"modified":"2019-09-05T15:20:16","modified_gmt":"2019-09-05T13:20:16","slug":"bueroangestellte-in-der-bank-fuer-gemeinwirtschaft","status":"publish","type":"product","link":"https:\/\/bpk-archive.de\/tuellmann\/produkt\/bueroangestellte-in-der-bank-fuer-gemeinwirtschaft\/","title":{"rendered":"B\u00fcroangestellte in der Bank f\u00fcr Gemeinwirtschaft"},"content":{"rendered":"","protected":false},"excerpt":{"rendered":"","protected":false},"featured_media":70293141,"template":"","meta":[],"product_brand":[],"product_cat":[],"product_tag":[13774,13232,13234,13231,13233,13775,53289,13777,47456,47457,47458,47459,47460,47461,47462,53691,48846,54532,54534,54535,54536,13469,13470,47881,47882,51045,51046,55034,55035,13253,13254,13255,13256,13257,13471,13472,13293,13786,13787,13294,13295,13296,13297,13485,13486,13482,13481,13483,13484,13487,13488,48579,14327,13492,13493,13494,13495,13496,13497,13328,13827,13828,13329,13330,13331,13332,13843,13877,13879,50179,50180,50181,50182,50183,52736,52737,13865,13864,13866,13858,13859,13860,13861,13862,13863,13867,13869,13870,13871,13872,13878,13880],"class_list":{"0":"post-70295660","1":"product","2":"type-product","3":"status-publish","4":"has-post-thumbnail","6":"product_tag-1960er-jahre","7":"product_tag-20-jahrhundert-nach-chr","8":"product_tag-20-jh-n-chr","9":"product_tag-20-jahrhundert","10":"product_tag-20-jh","11":"product_tag-60er","12":"product_tag-abt_003","13":"product_tag-abzug","14":"product_tag-arbeit","15":"product_tag-arbeiten","16":"product_tag-arbeitend","17":"product_tag-arbeitende","18":"product_tag-arbeitenden","19":"product_tag-arbeitender","20":"product_tag-arbeitendes","21":"product_tag-at_frauenarbeit","22":"product_tag-bank","23":"product_tag-banken","24":"product_tag-bankhaus","25":"product_tag-bankhaeuser","26":"product_tag-bankhauses","27":"product_tag-brd","28":"product_tag-bundesrepublik-deutschland","29":"product_tag-bureau","30":"product_tag-buero","31":"product_tag-bueroangestellte","32":"product_tag-bueroangestellter","33":"product_tag-bueromaschine","34":"product_tag-bueromaschinen","35":"product_tag-deutsch","36":"product_tag-deutsche","37":"product_tag-deutschen","38":"product_tag-deutscher","39":"product_tag-deutsches","40":"product_tag-deutschland","41":"product_tag-deutschlands","42":"product_tag-foto","43":"product_tag-fotoabzug","44":"product_tag-fotoabzuege","45":"product_tag-fotografie","46":"product_tag-fotografien","47":"product_tag-fotografin","48":"product_tag-fotografinnen","49":"product_tag-frankfurt-m","50":"product_tag-frankfurt-main","51":"product_tag-frankfurt-a-main","52":"product_tag-frankfurt-a-m","53":"product_tag-frankfurt-am-main","54":"product_tag-frankfurter","55":"product_tag-frau","56":"product_tag-frauen","57":"product_tag-frauenarbeit","58":"product_tag-gesellschaft","59":"product_tag-hessen","60":"product_tag-hessisch","61":"product_tag-hessische","62":"product_tag-hessischen","63":"product_tag-hessischer","64":"product_tag-hessisches","65":"product_tag-photo","66":"product_tag-photoabzug","67":"product_tag-photoabzuege","68":"product_tag-photographie","69":"product_tag-photographien","70":"product_tag-photographin","71":"product_tag-photographinnen","72":"product_tag-print","73":"product_tag-s-w-fotografie","74":"product_tag-s-w-photographie","75":"product_tag-schreibend","76":"product_tag-schreibende","77":"product_tag-schreibenden","78":"product_tag-schreibender","79":"product_tag-schreibendes","80":"product_tag-schreibmaschine","81":"product_tag-schreibmaschinen","82":"product_tag-schwarzweissphotographie","83":"product_tag-schwarz-weiss-fotografie","84":"product_tag-schwarz-weiss-photographie","85":"product_tag-schwarzweiss","86":"product_tag-schwarzweisse","87":"product_tag-schwarzweissen","88":"product_tag-schwarzweisser","89":"product_tag-schwarzweisses","90":"product_tag-schwarzweissfotografie","91":"product_tag-sechziger","92":"product_tag-silbergelatine","93":"product_tag-silbergelatineabzug","94":"product_tag-silbergelatineabzuege","95":"product_tag-silbergelatineprint","96":"product_tag-sw-fotografie","97":"product_tag-sw-photographie","98":"pa_datierung-august-1969","99":"pa_fotograf-abisag-tuellmann","100":"pa_geografischer_bezug-aufnahmeort-frankfurt-am-main-deutschland","101":"pa_grunddaten_material_technik-foto-silbergelatine-auf-barytpapier","102":"pa_inventarnummer-tue-69-227-05a","103":"pa_jahr_von-14258","104":"pa_massangaben-bildformat-foto-236-x-294-cm","105":"pa_mediennummer-55780","106":"pa_objekt_typ-fotografie","108":"first","109":"instock","110":"product-type-simple"},"yoast_head":"<!-- This site is optimized with the Yoast SEO plugin v27.4 - https:\/\/yoast.com\/product\/yoast-seo-wordpress\/ -->\n<title>B\u00fcroangestellte in der Bank f\u00fcr Gemeinwirtschaft - Abisag T\u00fcllmann<\/title>\n<meta name=\"robots\" content=\"index, follow, max-snippet:-1, max-image-preview:large, max-video-preview:-1\" \/>\n<link rel=\"canonical\" href=\"https:\/\/bpk-archive.de\/tuellmann\/produkt\/bueroangestellte-in-der-bank-fuer-gemeinwirtschaft\/\" \/>\n<meta property=\"og:locale\" content=\"de_DE\" \/>\n<meta property=\"og:type\" content=\"article\" \/>\n<meta property=\"og:title\" content=\"B\u00fcroangestellte in der Bank f\u00fcr Gemeinwirtschaft - Abisag T\u00fcllmann\" \/>\n<meta property=\"og:url\" content=\"https:\/\/bpk-archive.de\/tuellmann\/produkt\/bueroangestellte-in-der-bank-fuer-gemeinwirtschaft\/\" \/>\n<meta property=\"og:site_name\" content=\"Abisag T\u00fcllmann\" \/>\n<meta property=\"article:modified_time\" content=\"2019-09-05T13:20:16+00:00\" \/>\n<meta property=\"og:image\" content=\"https:\/\/bpk-archive.de\/tuellmann\/wp-content\/uploads\/2019\/08\/bpk_70279186.jpg\" \/>\n\t<meta property=\"og:image:width\" content=\"1200\" \/>\n\t<meta property=\"og:image:height\" content=\"974\" \/>\n\t<meta property=\"og:image:type\" content=\"image\/jpeg\" \/>\n<meta name=\"twitter:card\" content=\"summary_large_image\" \/>\n<script type=\"application\/ld+json\" class=\"yoast-schema-graph\">{\"@context\":\"https:\\\/\\\/schema.org\",\"@graph\":[{\"@type\":\"WebPage\",\"@id\":\"https:\\\/\\\/bpk-archive.de\\\/tuellmann\\\/produkt\\\/bueroangestellte-in-der-bank-fuer-gemeinwirtschaft\\\/\",\"url\":\"https:\\\/\\\/bpk-archive.de\\\/tuellmann\\\/produkt\\\/bueroangestellte-in-der-bank-fuer-gemeinwirtschaft\\\/\",\"name\":\"B\u00fcroangestellte in der Bank f\u00fcr Gemeinwirtschaft - Abisag T\u00fcllmann\",\"isPartOf\":{\"@id\":\"https:\\\/\\\/bpk-archive.de\\\/tuellmann\\\/#website\"},\"primaryImageOfPage\":{\"@id\":\"https:\\\/\\\/bpk-archive.de\\\/tuellmann\\\/produkt\\\/bueroangestellte-in-der-bank-fuer-gemeinwirtschaft\\\/#primaryimage\"},\"image\":{\"@id\":\"https:\\\/\\\/bpk-archive.de\\\/tuellmann\\\/produkt\\\/bueroangestellte-in-der-bank-fuer-gemeinwirtschaft\\\/#primaryimage\"},\"thumbnailUrl\":\"https:\\\/\\\/bpk-archive.de\\\/tuellmann\\\/wp-content\\\/uploads\\\/2019\\\/08\\\/bpk_70279186.jpg\",\"datePublished\":\"2019-09-05T13:20:12+00:00\",\"dateModified\":\"2019-09-05T13:20:16+00:00\",\"breadcrumb\":{\"@id\":\"https:\\\/\\\/bpk-archive.de\\\/tuellmann\\\/produkt\\\/bueroangestellte-in-der-bank-fuer-gemeinwirtschaft\\\/#breadcrumb\"},\"inLanguage\":\"de\",\"potentialAction\":[{\"@type\":\"ReadAction\",\"target\":[\"https:\\\/\\\/bpk-archive.de\\\/tuellmann\\\/produkt\\\/bueroangestellte-in-der-bank-fuer-gemeinwirtschaft\\\/\"]}]},{\"@type\":\"ImageObject\",\"inLanguage\":\"de\",\"@id\":\"https:\\\/\\\/bpk-archive.de\\\/tuellmann\\\/produkt\\\/bueroangestellte-in-der-bank-fuer-gemeinwirtschaft\\\/#primaryimage\",\"url\":\"https:\\\/\\\/bpk-archive.de\\\/tuellmann\\\/wp-content\\\/uploads\\\/2019\\\/08\\\/bpk_70279186.jpg\",\"contentUrl\":\"https:\\\/\\\/bpk-archive.de\\\/tuellmann\\\/wp-content\\\/uploads\\\/2019\\\/08\\\/bpk_70279186.jpg\",\"width\":1200,\"height\":974,\"caption\":\"B\u00fcroangestellte in der Bank f\u00fcr Gemeinwirtschaft\"},{\"@type\":\"BreadcrumbList\",\"@id\":\"https:\\\/\\\/bpk-archive.de\\\/tuellmann\\\/produkt\\\/bueroangestellte-in-der-bank-fuer-gemeinwirtschaft\\\/#breadcrumb\",\"itemListElement\":[{\"@type\":\"ListItem\",\"position\":1,\"name\":\"Startseite\",\"item\":\"https:\\\/\\\/bpk-archive.de\\\/tuellmann\\\/\"},{\"@type\":\"ListItem\",\"position\":2,\"name\":\"Shop\",\"item\":\"https:\\\/\\\/bpk-archive.de\\\/tuellmann\\\/shop\\\/\"},{\"@type\":\"ListItem\",\"position\":3,\"name\":\"B\u00fcroangestellte in der Bank f\u00fcr Gemeinwirtschaft\"}]},{\"@type\":\"WebSite\",\"@id\":\"https:\\\/\\\/bpk-archive.de\\\/tuellmann\\\/#website\",\"url\":\"https:\\\/\\\/bpk-archive.de\\\/tuellmann\\\/\",\"name\":\"Abisag T\u00fcllmann\",\"description\":\"Eine weitere WordPress-Website\",\"potentialAction\":[{\"@type\":\"SearchAction\",\"target\":{\"@type\":\"EntryPoint\",\"urlTemplate\":\"https:\\\/\\\/bpk-archive.de\\\/tuellmann\\\/?s={search_term_string}\"},\"query-input\":{\"@type\":\"PropertyValueSpecification\",\"valueRequired\":true,\"valueName\":\"search_term_string\"}}],\"inLanguage\":\"de\"}]}<\/script>\n<!-- \/ Yoast SEO plugin. -->","yoast_head_json":{"title":"B\u00fcroangestellte in der Bank f\u00fcr Gemeinwirtschaft - Abisag T\u00fcllmann","robots":{"index":"index","follow":"follow","max-snippet":"max-snippet:-1","max-image-preview":"max-image-preview:large","max-video-preview":"max-video-preview:-1"},"canonical":"https:\/\/bpk-archive.de\/tuellmann\/produkt\/bueroangestellte-in-der-bank-fuer-gemeinwirtschaft\/","og_locale":"de_DE","og_type":"article","og_title":"B\u00fcroangestellte in der Bank f\u00fcr Gemeinwirtschaft - Abisag T\u00fcllmann","og_url":"https:\/\/bpk-archive.de\/tuellmann\/produkt\/bueroangestellte-in-der-bank-fuer-gemeinwirtschaft\/","og_site_name":"Abisag T\u00fcllmann","article_modified_time":"2019-09-05T13:20:16+00:00","og_image":[{"width":1200,"height":974,"url":"https:\/\/bpk-archive.de\/tuellmann\/wp-content\/uploads\/2019\/08\/bpk_70279186.jpg","type":"image\/jpeg"}],"twitter_card":"summary_large_image","schema":{"@context":"https:\/\/schema.org","@graph":[{"@type":"WebPage","@id":"https:\/\/bpk-archive.de\/tuellmann\/produkt\/bueroangestellte-in-der-bank-fuer-gemeinwirtschaft\/","url":"https:\/\/bpk-archive.de\/tuellmann\/produkt\/bueroangestellte-in-der-bank-fuer-gemeinwirtschaft\/","name":"B\u00fcroangestellte in der Bank f\u00fcr Gemeinwirtschaft - Abisag T\u00fcllmann","isPartOf":{"@id":"https:\/\/bpk-archive.de\/tuellmann\/#website"},"primaryImageOfPage":{"@id":"https:\/\/bpk-archive.de\/tuellmann\/produkt\/bueroangestellte-in-der-bank-fuer-gemeinwirtschaft\/#primaryimage"},"image":{"@id":"https:\/\/bpk-archive.de\/tuellmann\/produkt\/bueroangestellte-in-der-bank-fuer-gemeinwirtschaft\/#primaryimage"},"thumbnailUrl":"https:\/\/bpk-archive.de\/tuellmann\/wp-content\/uploads\/2019\/08\/bpk_70279186.jpg","datePublished":"2019-09-05T13:20:12+00:00","dateModified":"2019-09-05T13:20:16+00:00","breadcrumb":{"@id":"https:\/\/bpk-archive.de\/tuellmann\/produkt\/bueroangestellte-in-der-bank-fuer-gemeinwirtschaft\/#breadcrumb"},"inLanguage":"de","potentialAction":[{"@type":"ReadAction","target":["https:\/\/bpk-archive.de\/tuellmann\/produkt\/bueroangestellte-in-der-bank-fuer-gemeinwirtschaft\/"]}]},{"@type":"ImageObject","inLanguage":"de","@id":"https:\/\/bpk-archive.de\/tuellmann\/produkt\/bueroangestellte-in-der-bank-fuer-gemeinwirtschaft\/#primaryimage","url":"https:\/\/bpk-archive.de\/tuellmann\/wp-content\/uploads\/2019\/08\/bpk_70279186.jpg","contentUrl":"https:\/\/bpk-archive.de\/tuellmann\/wp-content\/uploads\/2019\/08\/bpk_70279186.jpg","width":1200,"height":974,"caption":"B\u00fcroangestellte in der Bank f\u00fcr Gemeinwirtschaft"},{"@type":"BreadcrumbList","@id":"https:\/\/bpk-archive.de\/tuellmann\/produkt\/bueroangestellte-in-der-bank-fuer-gemeinwirtschaft\/#breadcrumb","itemListElement":[{"@type":"ListItem","position":1,"name":"Startseite","item":"https:\/\/bpk-archive.de\/tuellmann\/"},{"@type":"ListItem","position":2,"name":"Shop","item":"https:\/\/bpk-archive.de\/tuellmann\/shop\/"},{"@type":"ListItem","position":3,"name":"B\u00fcroangestellte in der Bank f\u00fcr Gemeinwirtschaft"}]},{"@type":"WebSite","@id":"https:\/\/bpk-archive.de\/tuellmann\/#website","url":"https:\/\/bpk-archive.de\/tuellmann\/","name":"Abisag T\u00fcllmann","description":"Eine weitere WordPress-Website","potentialAction":[{"@type":"SearchAction","target":{"@type":"EntryPoint","urlTemplate":"https:\/\/bpk-archive.de\/tuellmann\/?s={search_term_string}"},"query-input":{"@type":"PropertyValueSpecification","valueRequired":true,"valueName":"search_term_string"}}],"inLanguage":"de"}]}},"_links":{"self":[{"href":"https:\/\/bpk-archive.de\/tuellmann\/wp-json\/wp\/v2\/product\/70295660","targetHints":{"allow":["GET"]}}],"collection":[{"href":"https:\/\/bpk-archive.de\/tuellmann\/wp-json\/wp\/v2\/product"}],"about":[{"href":"https:\/\/bpk-archive.de\/tuellmann\/wp-json\/wp\/v2\/types\/product"}],"wp:featuredmedia":[{"embeddable":true,"href":"https:\/\/bpk-archive.de\/tuellmann\/wp-json\/wp\/v2\/media\/70293141"}],"wp:attachment":[{"href":"https:\/\/bpk-archive.de\/tuellmann\/wp-json\/wp\/v2\/media?parent=70295660"}],"wp:term":[{"taxonomy":"product_brand","embeddable":true,"href":"https:\/\/bpk-archive.de\/tuellmann\/wp-json\/wp\/v2\/product_brand?post=70295660"},{"taxonomy":"product_cat","embeddable":true,"href":"https:\/\/bpk-archive.de\/tuellmann\/wp-json\/wp\/v2\/product_cat?post=70295660"},{"taxonomy":"product_tag","embeddable":true,"href":"https:\/\/bpk-archive.de\/tuellmann\/wp-json\/wp\/v2\/product_tag?post=70295660"}],"curies":[{"name":"wp","href":"https:\/\/api.w.org\/{rel}","templated":true}]}}