{"id":70295635,"date":"2019-09-05T15:19:57","date_gmt":"2019-09-05T13:19:57","guid":{"rendered":"http:\/\/abisagtuellmann.bpk-news.de\/atbild\/gastarbeiter-fahren-ueber-weihnachten-in-ihre-heimatlaender\/"},"modified":"2019-09-05T15:19:58","modified_gmt":"2019-09-05T13:19:58","slug":"gastarbeiter-fahren-ueber-weihnachten-in-ihre-heimatlaender","status":"publish","type":"product","link":"https:\/\/bpk-archive.de\/tuellmann\/produkt\/gastarbeiter-fahren-ueber-weihnachten-in-ihre-heimatlaender\/","title":{"rendered":"Gastarbeiter fahren \u00fcber Weihnachten in ihre Heimatl\u00e4nder"},"content":{"rendered":"<p>R\u00fcckseitenbeschriftung von Hand der Fotografin: &#8222;Gastarbeiter fahren Weihnachten nach Hause&#8220;<\/p>\n","protected":false},"excerpt":{"rendered":"<p>R\u00fcckseitenbeschriftung von Hand der Fotografin: &#8222;Gastarbeiter fahren Weihnachten nach Hause&#8220;<\/p>\n","protected":false},"featured_media":70293162,"template":"","meta":[],"product_brand":[],"product_cat":[],"product_tag":[13774,13232,13234,13231,13233,13775,53289,13777,54005,47456,47457,47458,47459,47460,47461,47462,53193,53194,53195,53196,53197,13250,47720,47721,47722,47723,49675,53291,53292,53293,54008,54009,54010,54011,54012,54013,47876,47877,47878,47879,14326,13469,13470,13471,13472,13260,47727,47728,47729,47730,47731,47734,13288,13289,51197,53149,53150,13293,13786,13787,13294,13295,13296,13297,47267,48621,48622,48623,53202,53203,53204,53206,53209,53210,47378,47379,47380,47381,47382,53153,53154,53155,14327,55337,55338,54022,54023,52977,53400,53401,52978,13301,47744,47745,47746,53326,53327,55342,13818,13819,13826,49816,47786,47787,49544,55343,13328,13827,13828,13329,13330,13331,13332,47332,13843,53169,53170,53171,54029,53930,53931,53932,47333,47334,47335,47336,47337,55624,55625,13877,13879,52069,52070,13865,13864,13866,13858,13859,13860,13861,13862,13863,13867,13869,13870,13871,13872,13878,13880,51213,51214,54032,55633,55634,54033,54034,54035,55635,55636,47792],"class_list":{"0":"post-70295635","1":"product","2":"type-product","3":"status-publish","4":"has-post-thumbnail","6":"product_tag-1960er-jahre","7":"product_tag-20-jahrhundert-nach-chr","8":"product_tag-20-jh-n-chr","9":"product_tag-20-jahrhundert","10":"product_tag-20-jh","11":"product_tag-60er","12":"product_tag-abt_003","13":"product_tag-abzug","14":"product_tag-advent","15":"product_tag-arbeit","16":"product_tag-arbeiten","17":"product_tag-arbeitend","18":"product_tag-arbeitende","19":"product_tag-arbeitenden","20":"product_tag-arbeitender","21":"product_tag-arbeitendes","22":"product_tag-arbeitsmigrant","23":"product_tag-arbeitsmigranten","24":"product_tag-at_migranten","25":"product_tag-ausland","26":"product_tag-auslaender","27":"product_tag-aussen","28":"product_tag-auswanderer","29":"product_tag-auswanderern","30":"product_tag-auswandern","31":"product_tag-auswanderung","32":"product_tag-baden-wuerttemberg","33":"product_tag-bahnhof","34":"product_tag-bahnhoefe","35":"product_tag-bahnhofs","36":"product_tag-bahnreise","37":"product_tag-bahnreisen","38":"product_tag-bahnsteig","39":"product_tag-bahnsteige","40":"product_tag-bahnsteigen","41":"product_tag-bahnsteigs","42":"product_tag-beruf","43":"product_tag-berufe","44":"product_tag-berufes","45":"product_tag-berufs","46":"product_tag-bevoelkerung","47":"product_tag-brd","48":"product_tag-bundesrepublik-deutschland","49":"product_tag-deutschland","50":"product_tag-deutschlands","51":"product_tag-draussen","52":"product_tag-einwanderer","53":"product_tag-einwandern","54":"product_tag-einwanderung","55":"product_tag-emigrant","56":"product_tag-emigranten","57":"product_tag-emigration","58":"product_tag-feiertag","59":"product_tag-feiertage","60":"product_tag-ferien","61":"product_tag-fernreise","62":"product_tag-fernreisen","63":"product_tag-foto","64":"product_tag-fotoabzug","65":"product_tag-fotoabzuege","66":"product_tag-fotografie","67":"product_tag-fotografien","68":"product_tag-fotografin","69":"product_tag-fotografinnen","70":"product_tag-fotoreportage","71":"product_tag-freizeit","72":"product_tag-freizeitbeschaeftigung","73":"product_tag-freizeitgestaltung","74":"product_tag-fremdarbeiter","75":"product_tag-fremdarbeitern","76":"product_tag-fremdarbeiters","77":"product_tag-gastarbeiter","78":"product_tag-gastarbeitern","79":"product_tag-gastarbeiters","80":"product_tag-gehen","81":"product_tag-gehend","82":"product_tag-gehende","83":"product_tag-gehender","84":"product_tag-gehendes","85":"product_tag-gepaeck","86":"product_tag-gepaeckstueck","87":"product_tag-gepaeckstuecke","88":"product_tag-gesellschaft","89":"product_tag-heidelberg","90":"product_tag-heidelberger","91":"product_tag-heimat","92":"product_tag-heimaturlaub","93":"product_tag-heimkehr","94":"product_tag-heimkehrender","95":"product_tag-heimkehrer","96":"product_tag-heimkommen","97":"product_tag-im-freien","98":"product_tag-immigrant","99":"product_tag-immigranten","100":"product_tag-immigration","101":"product_tag-koffer","102":"product_tag-koffern","103":"product_tag-kurpfalz","104":"product_tag-mann","105":"product_tag-maenner","106":"product_tag-mannes","107":"product_tag-migrant","108":"product_tag-migranten","109":"product_tag-migration","110":"product_tag-minderheit","111":"product_tag-pfalz","112":"product_tag-photo","113":"product_tag-photoabzug","114":"product_tag-photoabzuege","115":"product_tag-photographie","116":"product_tag-photographien","117":"product_tag-photographin","118":"product_tag-photographinnen","119":"product_tag-photoreportage","120":"product_tag-print","121":"product_tag-reise","122":"product_tag-reisegepaeck","123":"product_tag-reisegepaecks","124":"product_tag-reisen","125":"product_tag-reisende","126":"product_tag-reisenden","127":"product_tag-reisender","128":"product_tag-reportage","129":"product_tag-reportagefoto","130":"product_tag-reportagefotografie","131":"product_tag-reportagephoto","132":"product_tag-reportagephotographie","133":"product_tag-rueckkehr","134":"product_tag-rueckkunft","135":"product_tag-s-w-fotografie","136":"product_tag-s-w-photographie","137":"product_tag-sack","138":"product_tag-saecke","139":"product_tag-schwarzweissphotographie","140":"product_tag-schwarz-weiss-fotografie","141":"product_tag-schwarz-weiss-photographie","142":"product_tag-schwarzweiss","143":"product_tag-schwarzweisse","144":"product_tag-schwarzweissen","145":"product_tag-schwarzweisser","146":"product_tag-schwarzweisses","147":"product_tag-schwarzweissfotografie","148":"product_tag-sechziger","149":"product_tag-silbergelatine","150":"product_tag-silbergelatineabzug","151":"product_tag-silbergelatineabzuege","152":"product_tag-silbergelatineprint","153":"product_tag-sw-fotografie","154":"product_tag-sw-photographie","155":"product_tag-urlaub","156":"product_tag-urlaubs","157":"product_tag-vorweihnachtszeit","158":"product_tag-weihnacht","159":"product_tag-weihnachten","160":"product_tag-weihnachtsferien","161":"product_tag-weihnachtsurlaub","162":"product_tag-weihnachtszeit","163":"product_tag-wiederkehr","164":"product_tag-wiederkunft","165":"product_tag-zuwanderer","166":"pa_datierung-dezember-1965","167":"pa_fotograf-abisag-tuellmann","168":"pa_geografischer_bezug-aufnahmeort-heidelberg-deutschland","169":"pa_grunddaten_material_technik-foto-silbergelatine-auf-barytpapier","170":"pa_inventarnummer-tue-65-168-23","171":"pa_jahr_von-53959","172":"pa_massangaben-bildformat-foto-233-x-297-cm","173":"pa_mediennummer-55658","174":"pa_objekt_typ-fotografie","176":"first","177":"instock","178":"product-type-simple"},"yoast_head":"<!-- This site is optimized with the Yoast SEO plugin v27.3 - https:\/\/yoast.com\/product\/yoast-seo-wordpress\/ -->\n<title>Gastarbeiter fahren \u00fcber Weihnachten in ihre Heimatl\u00e4nder - Abisag T\u00fcllmann<\/title>\n<meta name=\"robots\" content=\"index, follow, max-snippet:-1, max-image-preview:large, max-video-preview:-1\" \/>\n<link rel=\"canonical\" href=\"https:\/\/bpk-archive.de\/tuellmann\/produkt\/gastarbeiter-fahren-ueber-weihnachten-in-ihre-heimatlaender\/\" \/>\n<meta property=\"og:locale\" content=\"de_DE\" \/>\n<meta property=\"og:type\" content=\"article\" \/>\n<meta property=\"og:title\" content=\"Gastarbeiter fahren \u00fcber Weihnachten in ihre Heimatl\u00e4nder - Abisag T\u00fcllmann\" \/>\n<meta property=\"og:description\" content=\"R\u00fcckseitenbeschriftung von Hand der Fotografin: &#8222;Gastarbeiter fahren Weihnachten nach Hause&#8220;\" \/>\n<meta property=\"og:url\" content=\"https:\/\/bpk-archive.de\/tuellmann\/produkt\/gastarbeiter-fahren-ueber-weihnachten-in-ihre-heimatlaender\/\" \/>\n<meta property=\"og:site_name\" content=\"Abisag T\u00fcllmann\" \/>\n<meta property=\"article:modified_time\" content=\"2019-09-05T13:19:58+00:00\" \/>\n<meta property=\"og:image\" content=\"https:\/\/bpk-archive.de\/tuellmann\/wp-content\/uploads\/2019\/08\/bpk_70296453.jpg\" \/>\n\t<meta property=\"og:image:width\" content=\"1200\" \/>\n\t<meta property=\"og:image:height\" content=\"956\" \/>\n\t<meta property=\"og:image:type\" content=\"image\/jpeg\" \/>\n<meta name=\"twitter:card\" content=\"summary_large_image\" \/>\n<script type=\"application\/ld+json\" class=\"yoast-schema-graph\">{\"@context\":\"https:\\\/\\\/schema.org\",\"@graph\":[{\"@type\":\"WebPage\",\"@id\":\"https:\\\/\\\/bpk-archive.de\\\/tuellmann\\\/produkt\\\/gastarbeiter-fahren-ueber-weihnachten-in-ihre-heimatlaender\\\/\",\"url\":\"https:\\\/\\\/bpk-archive.de\\\/tuellmann\\\/produkt\\\/gastarbeiter-fahren-ueber-weihnachten-in-ihre-heimatlaender\\\/\",\"name\":\"Gastarbeiter fahren \u00fcber Weihnachten in ihre Heimatl\u00e4nder - Abisag T\u00fcllmann\",\"isPartOf\":{\"@id\":\"https:\\\/\\\/bpk-archive.de\\\/tuellmann\\\/#website\"},\"primaryImageOfPage\":{\"@id\":\"https:\\\/\\\/bpk-archive.de\\\/tuellmann\\\/produkt\\\/gastarbeiter-fahren-ueber-weihnachten-in-ihre-heimatlaender\\\/#primaryimage\"},\"image\":{\"@id\":\"https:\\\/\\\/bpk-archive.de\\\/tuellmann\\\/produkt\\\/gastarbeiter-fahren-ueber-weihnachten-in-ihre-heimatlaender\\\/#primaryimage\"},\"thumbnailUrl\":\"https:\\\/\\\/bpk-archive.de\\\/tuellmann\\\/wp-content\\\/uploads\\\/2019\\\/08\\\/bpk_70296453.jpg\",\"datePublished\":\"2019-09-05T13:19:57+00:00\",\"dateModified\":\"2019-09-05T13:19:58+00:00\",\"breadcrumb\":{\"@id\":\"https:\\\/\\\/bpk-archive.de\\\/tuellmann\\\/produkt\\\/gastarbeiter-fahren-ueber-weihnachten-in-ihre-heimatlaender\\\/#breadcrumb\"},\"inLanguage\":\"de\",\"potentialAction\":[{\"@type\":\"ReadAction\",\"target\":[\"https:\\\/\\\/bpk-archive.de\\\/tuellmann\\\/produkt\\\/gastarbeiter-fahren-ueber-weihnachten-in-ihre-heimatlaender\\\/\"]}]},{\"@type\":\"ImageObject\",\"inLanguage\":\"de\",\"@id\":\"https:\\\/\\\/bpk-archive.de\\\/tuellmann\\\/produkt\\\/gastarbeiter-fahren-ueber-weihnachten-in-ihre-heimatlaender\\\/#primaryimage\",\"url\":\"https:\\\/\\\/bpk-archive.de\\\/tuellmann\\\/wp-content\\\/uploads\\\/2019\\\/08\\\/bpk_70296453.jpg\",\"contentUrl\":\"https:\\\/\\\/bpk-archive.de\\\/tuellmann\\\/wp-content\\\/uploads\\\/2019\\\/08\\\/bpk_70296453.jpg\",\"width\":1200,\"height\":956,\"caption\":\"Gastarbeiter fahren \u00fcber Weihnachten in ihre Heimatl\u00e4nder\"},{\"@type\":\"BreadcrumbList\",\"@id\":\"https:\\\/\\\/bpk-archive.de\\\/tuellmann\\\/produkt\\\/gastarbeiter-fahren-ueber-weihnachten-in-ihre-heimatlaender\\\/#breadcrumb\",\"itemListElement\":[{\"@type\":\"ListItem\",\"position\":1,\"name\":\"Startseite\",\"item\":\"https:\\\/\\\/bpk-archive.de\\\/tuellmann\\\/\"},{\"@type\":\"ListItem\",\"position\":2,\"name\":\"Shop\",\"item\":\"https:\\\/\\\/bpk-archive.de\\\/tuellmann\\\/shop\\\/\"},{\"@type\":\"ListItem\",\"position\":3,\"name\":\"Gastarbeiter fahren \u00fcber Weihnachten in ihre Heimatl\u00e4nder\"}]},{\"@type\":\"WebSite\",\"@id\":\"https:\\\/\\\/bpk-archive.de\\\/tuellmann\\\/#website\",\"url\":\"https:\\\/\\\/bpk-archive.de\\\/tuellmann\\\/\",\"name\":\"Abisag T\u00fcllmann\",\"description\":\"Eine weitere WordPress-Website\",\"potentialAction\":[{\"@type\":\"SearchAction\",\"target\":{\"@type\":\"EntryPoint\",\"urlTemplate\":\"https:\\\/\\\/bpk-archive.de\\\/tuellmann\\\/?s={search_term_string}\"},\"query-input\":{\"@type\":\"PropertyValueSpecification\",\"valueRequired\":true,\"valueName\":\"search_term_string\"}}],\"inLanguage\":\"de\"}]}<\/script>\n<!-- \/ Yoast SEO plugin. -->","yoast_head_json":{"title":"Gastarbeiter fahren \u00fcber Weihnachten in ihre Heimatl\u00e4nder - Abisag T\u00fcllmann","robots":{"index":"index","follow":"follow","max-snippet":"max-snippet:-1","max-image-preview":"max-image-preview:large","max-video-preview":"max-video-preview:-1"},"canonical":"https:\/\/bpk-archive.de\/tuellmann\/produkt\/gastarbeiter-fahren-ueber-weihnachten-in-ihre-heimatlaender\/","og_locale":"de_DE","og_type":"article","og_title":"Gastarbeiter fahren \u00fcber Weihnachten in ihre Heimatl\u00e4nder - Abisag T\u00fcllmann","og_description":"R\u00fcckseitenbeschriftung von Hand der Fotografin: &#8222;Gastarbeiter fahren Weihnachten nach Hause&#8220;","og_url":"https:\/\/bpk-archive.de\/tuellmann\/produkt\/gastarbeiter-fahren-ueber-weihnachten-in-ihre-heimatlaender\/","og_site_name":"Abisag T\u00fcllmann","article_modified_time":"2019-09-05T13:19:58+00:00","og_image":[{"width":1200,"height":956,"url":"https:\/\/bpk-archive.de\/tuellmann\/wp-content\/uploads\/2019\/08\/bpk_70296453.jpg","type":"image\/jpeg"}],"twitter_card":"summary_large_image","schema":{"@context":"https:\/\/schema.org","@graph":[{"@type":"WebPage","@id":"https:\/\/bpk-archive.de\/tuellmann\/produkt\/gastarbeiter-fahren-ueber-weihnachten-in-ihre-heimatlaender\/","url":"https:\/\/bpk-archive.de\/tuellmann\/produkt\/gastarbeiter-fahren-ueber-weihnachten-in-ihre-heimatlaender\/","name":"Gastarbeiter fahren \u00fcber Weihnachten in ihre Heimatl\u00e4nder - Abisag T\u00fcllmann","isPartOf":{"@id":"https:\/\/bpk-archive.de\/tuellmann\/#website"},"primaryImageOfPage":{"@id":"https:\/\/bpk-archive.de\/tuellmann\/produkt\/gastarbeiter-fahren-ueber-weihnachten-in-ihre-heimatlaender\/#primaryimage"},"image":{"@id":"https:\/\/bpk-archive.de\/tuellmann\/produkt\/gastarbeiter-fahren-ueber-weihnachten-in-ihre-heimatlaender\/#primaryimage"},"thumbnailUrl":"https:\/\/bpk-archive.de\/tuellmann\/wp-content\/uploads\/2019\/08\/bpk_70296453.jpg","datePublished":"2019-09-05T13:19:57+00:00","dateModified":"2019-09-05T13:19:58+00:00","breadcrumb":{"@id":"https:\/\/bpk-archive.de\/tuellmann\/produkt\/gastarbeiter-fahren-ueber-weihnachten-in-ihre-heimatlaender\/#breadcrumb"},"inLanguage":"de","potentialAction":[{"@type":"ReadAction","target":["https:\/\/bpk-archive.de\/tuellmann\/produkt\/gastarbeiter-fahren-ueber-weihnachten-in-ihre-heimatlaender\/"]}]},{"@type":"ImageObject","inLanguage":"de","@id":"https:\/\/bpk-archive.de\/tuellmann\/produkt\/gastarbeiter-fahren-ueber-weihnachten-in-ihre-heimatlaender\/#primaryimage","url":"https:\/\/bpk-archive.de\/tuellmann\/wp-content\/uploads\/2019\/08\/bpk_70296453.jpg","contentUrl":"https:\/\/bpk-archive.de\/tuellmann\/wp-content\/uploads\/2019\/08\/bpk_70296453.jpg","width":1200,"height":956,"caption":"Gastarbeiter fahren \u00fcber Weihnachten in ihre Heimatl\u00e4nder"},{"@type":"BreadcrumbList","@id":"https:\/\/bpk-archive.de\/tuellmann\/produkt\/gastarbeiter-fahren-ueber-weihnachten-in-ihre-heimatlaender\/#breadcrumb","itemListElement":[{"@type":"ListItem","position":1,"name":"Startseite","item":"https:\/\/bpk-archive.de\/tuellmann\/"},{"@type":"ListItem","position":2,"name":"Shop","item":"https:\/\/bpk-archive.de\/tuellmann\/shop\/"},{"@type":"ListItem","position":3,"name":"Gastarbeiter fahren \u00fcber Weihnachten in ihre Heimatl\u00e4nder"}]},{"@type":"WebSite","@id":"https:\/\/bpk-archive.de\/tuellmann\/#website","url":"https:\/\/bpk-archive.de\/tuellmann\/","name":"Abisag T\u00fcllmann","description":"Eine weitere WordPress-Website","potentialAction":[{"@type":"SearchAction","target":{"@type":"EntryPoint","urlTemplate":"https:\/\/bpk-archive.de\/tuellmann\/?s={search_term_string}"},"query-input":{"@type":"PropertyValueSpecification","valueRequired":true,"valueName":"search_term_string"}}],"inLanguage":"de"}]}},"_links":{"self":[{"href":"https:\/\/bpk-archive.de\/tuellmann\/wp-json\/wp\/v2\/product\/70295635","targetHints":{"allow":["GET"]}}],"collection":[{"href":"https:\/\/bpk-archive.de\/tuellmann\/wp-json\/wp\/v2\/product"}],"about":[{"href":"https:\/\/bpk-archive.de\/tuellmann\/wp-json\/wp\/v2\/types\/product"}],"wp:featuredmedia":[{"embeddable":true,"href":"https:\/\/bpk-archive.de\/tuellmann\/wp-json\/wp\/v2\/media\/70293162"}],"wp:attachment":[{"href":"https:\/\/bpk-archive.de\/tuellmann\/wp-json\/wp\/v2\/media?parent=70295635"}],"wp:term":[{"taxonomy":"product_brand","embeddable":true,"href":"https:\/\/bpk-archive.de\/tuellmann\/wp-json\/wp\/v2\/product_brand?post=70295635"},{"taxonomy":"product_cat","embeddable":true,"href":"https:\/\/bpk-archive.de\/tuellmann\/wp-json\/wp\/v2\/product_cat?post=70295635"},{"taxonomy":"product_tag","embeddable":true,"href":"https:\/\/bpk-archive.de\/tuellmann\/wp-json\/wp\/v2\/product_tag?post=70295635"}],"curies":[{"name":"wp","href":"https:\/\/api.w.org\/{rel}","templated":true}]}}