{"id":70295615,"date":"2019-09-05T15:19:42","date_gmt":"2019-09-05T13:19:42","guid":{"rendered":"http:\/\/abisagtuellmann.bpk-news.de\/atbild\/italienischer-arbeiter-der-farbwerke-hoechst-klagt-beim-betriebsrat-ueber-wohnungsprobleme\/"},"modified":"2020-08-11T16:37:35","modified_gmt":"2020-08-11T14:37:35","slug":"italienischer-arbeiter-der-farbwerke-hoechst-klagt-beim-betriebsrat-ueber-wohnungsprobleme","status":"publish","type":"product","link":"https:\/\/bpk-archive.de\/tuellmann\/produkt\/italienischer-arbeiter-der-farbwerke-hoechst-klagt-beim-betriebsrat-ueber-wohnungsprobleme\/","title":{"rendered":"Italienischer Arbeiter der Farbwerke Hoechst klagt beim Betriebsrat \u00fcber Wohnungsprobleme"},"content":{"rendered":"<p>R\u00fcckseite siehe: 70294023 R\u00fcckseitenbeschriftung von Hand der Fotografin: &#8222;labourer and shop steward (Farbwerke Hoechst)&#8220;<\/p>\n","protected":false},"excerpt":{"rendered":"<p>R\u00fcckseite siehe: 70294023 R\u00fcckseitenbeschriftung von Hand der Fotografin: &#8222;labourer and shop steward (Farbwerke Hoechst)&#8220;<\/p>\n","protected":false},"featured_media":70293236,"template":"","meta":[],"product_brand":[],"product_cat":[73386],"product_tag":[13774,13232,13234,13231,13233,13775,53289,13777,47456,47457,47458,47459,47460,47461,47462,13604,13605,53193,53194,53195,53196,53197,47720,47721,47722,47723,47876,47877,47878,47879,55539,55540,55541,55542,14326,13469,13470,53198,13471,13472,47727,47728,47729,47730,47731,47734,13293,13786,13787,13294,13295,13296,13297,47267,13485,13486,13482,13481,13483,13484,53202,53203,53204,53206,53209,53210,14327,55543,55544,13492,13493,13494,13495,13496,13497,53211,47744,47745,47746,51509,51510,51511,51512,51513,51514,51515,13818,13819,13826,49816,47786,47787,49544,53224,13328,13827,13828,13329,13330,13331,13332,47332,13843,47333,47334,47335,47336,47337,13877,13879,13865,13864,13866,13858,13859,13860,13861,13862,13863,13867,13869,13870,13871,13872,13878,13880,47792],"class_list":{"0":"post-70295615","1":"product","2":"type-product","3":"status-publish","4":"has-post-thumbnail","6":"product_cat-migranten","7":"product_tag-1960er-jahre","8":"product_tag-20-jahrhundert-nach-chr","9":"product_tag-20-jh-n-chr","10":"product_tag-20-jahrhundert","11":"product_tag-20-jh","12":"product_tag-60er","13":"product_tag-abt_003","14":"product_tag-abzug","15":"product_tag-arbeit","16":"product_tag-arbeiten","17":"product_tag-arbeitend","18":"product_tag-arbeitende","19":"product_tag-arbeitenden","20":"product_tag-arbeitender","21":"product_tag-arbeitendes","22":"product_tag-arbeiter","23":"product_tag-arbeitern","24":"product_tag-arbeitsmigrant","25":"product_tag-arbeitsmigranten","26":"product_tag-at_migranten","27":"product_tag-ausland","28":"product_tag-auslaender","29":"product_tag-auswanderer","30":"product_tag-auswanderern","31":"product_tag-auswandern","32":"product_tag-auswanderung","33":"product_tag-beruf","34":"product_tag-berufe","35":"product_tag-berufes","36":"product_tag-berufs","37":"product_tag-betriebsrat","38":"product_tag-betriebsraete","39":"product_tag-betriebsrates","40":"product_tag-betriebsrats","41":"product_tag-bevoelkerung","42":"product_tag-brd","43":"product_tag-bundesrepublik-deutschland","44":"product_tag-chemieindustrie","45":"product_tag-deutschland","46":"product_tag-deutschlands","47":"product_tag-einwanderer","48":"product_tag-einwandern","49":"product_tag-einwanderung","50":"product_tag-emigrant","51":"product_tag-emigranten","52":"product_tag-emigration","53":"product_tag-foto","54":"product_tag-fotoabzug","55":"product_tag-fotoabzuege","56":"product_tag-fotografie","57":"product_tag-fotografien","58":"product_tag-fotografin","59":"product_tag-fotografinnen","60":"product_tag-fotoreportage","61":"product_tag-frankfurt-m","62":"product_tag-frankfurt-main","63":"product_tag-frankfurt-a-main","64":"product_tag-frankfurt-a-m","65":"product_tag-frankfurt-am-main","66":"product_tag-frankfurter","67":"product_tag-fremdarbeiter","68":"product_tag-fremdarbeitern","69":"product_tag-fremdarbeiters","70":"product_tag-gastarbeiter","71":"product_tag-gastarbeitern","72":"product_tag-gastarbeiters","73":"product_tag-gesellschaft","74":"product_tag-gewerkschaft","75":"product_tag-gewerkschaften","76":"product_tag-hessen","77":"product_tag-hessisch","78":"product_tag-hessische","79":"product_tag-hessischen","80":"product_tag-hessischer","81":"product_tag-hessisches","82":"product_tag-hoechst","83":"product_tag-immigrant","84":"product_tag-immigranten","85":"product_tag-immigration","86":"product_tag-italiener","87":"product_tag-italienern","88":"product_tag-italienisch","89":"product_tag-italienische","90":"product_tag-italienischen","91":"product_tag-italienischer","92":"product_tag-italienisches","93":"product_tag-mann","94":"product_tag-maenner","95":"product_tag-mannes","96":"product_tag-migrant","97":"product_tag-migranten","98":"product_tag-migration","99":"product_tag-minderheit","100":"product_tag-pharmaindustrie","101":"product_tag-photo","102":"product_tag-photoabzug","103":"product_tag-photoabzuege","104":"product_tag-photographie","105":"product_tag-photographien","106":"product_tag-photographin","107":"product_tag-photographinnen","108":"product_tag-photoreportage","109":"product_tag-print","110":"product_tag-reportage","111":"product_tag-reportagefoto","112":"product_tag-reportagefotografie","113":"product_tag-reportagephoto","114":"product_tag-reportagephotographie","115":"product_tag-s-w-fotografie","116":"product_tag-s-w-photographie","117":"product_tag-schwarzweissphotographie","118":"product_tag-schwarz-weiss-fotografie","119":"product_tag-schwarz-weiss-photographie","120":"product_tag-schwarzweiss","121":"product_tag-schwarzweisse","122":"product_tag-schwarzweissen","123":"product_tag-schwarzweisser","124":"product_tag-schwarzweisses","125":"product_tag-schwarzweissfotografie","126":"product_tag-sechziger","127":"product_tag-silbergelatine","128":"product_tag-silbergelatineabzug","129":"product_tag-silbergelatineabzuege","130":"product_tag-silbergelatineprint","131":"product_tag-sw-fotografie","132":"product_tag-sw-photographie","133":"product_tag-zuwanderer","134":"pa_datierung-januar-1969","135":"pa_fotograf-abisag-tuellmann","136":"pa_geografischer_bezug-aufnahmeort-frankfurt-am-main-deutschland","137":"pa_grunddaten_material_technik-foto-silbergelatine-auf-barytpapier","138":"pa_inventarnummer-tue-69-026-28","139":"pa_jahr_von-14258","140":"pa_massangaben-bildformat-foto-217-x-294-cm","141":"pa_mediennummer-55545","142":"pa_objekt_typ-fotografie","144":"first","145":"instock","146":"product-type-simple"},"yoast_head":"<!-- This site is optimized with the Yoast SEO plugin v27.4 - https:\/\/yoast.com\/product\/yoast-seo-wordpress\/ -->\n<title>Italienischer Arbeiter der Farbwerke Hoechst klagt beim Betriebsrat \u00fcber Wohnungsprobleme - Abisag T\u00fcllmann<\/title>\n<meta name=\"robots\" content=\"index, follow, max-snippet:-1, max-image-preview:large, max-video-preview:-1\" \/>\n<link rel=\"canonical\" href=\"https:\/\/bpk-archive.de\/tuellmann\/produkt\/italienischer-arbeiter-der-farbwerke-hoechst-klagt-beim-betriebsrat-ueber-wohnungsprobleme\/\" \/>\n<meta property=\"og:locale\" content=\"de_DE\" \/>\n<meta property=\"og:type\" content=\"article\" \/>\n<meta property=\"og:title\" content=\"Italienischer Arbeiter der Farbwerke Hoechst klagt beim Betriebsrat \u00fcber Wohnungsprobleme - Abisag T\u00fcllmann\" \/>\n<meta property=\"og:description\" content=\"R\u00fcckseite siehe: 70294023 R\u00fcckseitenbeschriftung von Hand der Fotografin: &#8222;labourer and shop steward (Farbwerke Hoechst)&#8220;\" \/>\n<meta property=\"og:url\" content=\"https:\/\/bpk-archive.de\/tuellmann\/produkt\/italienischer-arbeiter-der-farbwerke-hoechst-klagt-beim-betriebsrat-ueber-wohnungsprobleme\/\" \/>\n<meta property=\"og:site_name\" content=\"Abisag T\u00fcllmann\" \/>\n<meta property=\"article:modified_time\" content=\"2020-08-11T14:37:35+00:00\" \/>\n<meta property=\"og:image\" content=\"https:\/\/bpk-archive.de\/tuellmann\/wp-content\/uploads\/2019\/08\/bpk_70294022.jpg\" \/>\n\t<meta property=\"og:image:width\" content=\"1200\" \/>\n\t<meta property=\"og:image:height\" content=\"899\" \/>\n\t<meta property=\"og:image:type\" content=\"image\/jpeg\" \/>\n<meta name=\"twitter:card\" content=\"summary_large_image\" \/>\n<script type=\"application\/ld+json\" class=\"yoast-schema-graph\">{\"@context\":\"https:\\\/\\\/schema.org\",\"@graph\":[{\"@type\":\"WebPage\",\"@id\":\"https:\\\/\\\/bpk-archive.de\\\/tuellmann\\\/produkt\\\/italienischer-arbeiter-der-farbwerke-hoechst-klagt-beim-betriebsrat-ueber-wohnungsprobleme\\\/\",\"url\":\"https:\\\/\\\/bpk-archive.de\\\/tuellmann\\\/produkt\\\/italienischer-arbeiter-der-farbwerke-hoechst-klagt-beim-betriebsrat-ueber-wohnungsprobleme\\\/\",\"name\":\"Italienischer Arbeiter der Farbwerke Hoechst klagt beim Betriebsrat \u00fcber Wohnungsprobleme - Abisag T\u00fcllmann\",\"isPartOf\":{\"@id\":\"https:\\\/\\\/bpk-archive.de\\\/tuellmann\\\/#website\"},\"primaryImageOfPage\":{\"@id\":\"https:\\\/\\\/bpk-archive.de\\\/tuellmann\\\/produkt\\\/italienischer-arbeiter-der-farbwerke-hoechst-klagt-beim-betriebsrat-ueber-wohnungsprobleme\\\/#primaryimage\"},\"image\":{\"@id\":\"https:\\\/\\\/bpk-archive.de\\\/tuellmann\\\/produkt\\\/italienischer-arbeiter-der-farbwerke-hoechst-klagt-beim-betriebsrat-ueber-wohnungsprobleme\\\/#primaryimage\"},\"thumbnailUrl\":\"https:\\\/\\\/bpk-archive.de\\\/tuellmann\\\/wp-content\\\/uploads\\\/2019\\\/08\\\/bpk_70294022.jpg\",\"datePublished\":\"2019-09-05T13:19:42+00:00\",\"dateModified\":\"2020-08-11T14:37:35+00:00\",\"breadcrumb\":{\"@id\":\"https:\\\/\\\/bpk-archive.de\\\/tuellmann\\\/produkt\\\/italienischer-arbeiter-der-farbwerke-hoechst-klagt-beim-betriebsrat-ueber-wohnungsprobleme\\\/#breadcrumb\"},\"inLanguage\":\"de\",\"potentialAction\":[{\"@type\":\"ReadAction\",\"target\":[\"https:\\\/\\\/bpk-archive.de\\\/tuellmann\\\/produkt\\\/italienischer-arbeiter-der-farbwerke-hoechst-klagt-beim-betriebsrat-ueber-wohnungsprobleme\\\/\"]}]},{\"@type\":\"ImageObject\",\"inLanguage\":\"de\",\"@id\":\"https:\\\/\\\/bpk-archive.de\\\/tuellmann\\\/produkt\\\/italienischer-arbeiter-der-farbwerke-hoechst-klagt-beim-betriebsrat-ueber-wohnungsprobleme\\\/#primaryimage\",\"url\":\"https:\\\/\\\/bpk-archive.de\\\/tuellmann\\\/wp-content\\\/uploads\\\/2019\\\/08\\\/bpk_70294022.jpg\",\"contentUrl\":\"https:\\\/\\\/bpk-archive.de\\\/tuellmann\\\/wp-content\\\/uploads\\\/2019\\\/08\\\/bpk_70294022.jpg\",\"width\":1200,\"height\":899,\"caption\":\"Italienischer Arbeiter der Farbwerke Hoechst klagt beim Betriebsrat \u00fcber Wohnungsprobleme\"},{\"@type\":\"BreadcrumbList\",\"@id\":\"https:\\\/\\\/bpk-archive.de\\\/tuellmann\\\/produkt\\\/italienischer-arbeiter-der-farbwerke-hoechst-klagt-beim-betriebsrat-ueber-wohnungsprobleme\\\/#breadcrumb\",\"itemListElement\":[{\"@type\":\"ListItem\",\"position\":1,\"name\":\"Startseite\",\"item\":\"https:\\\/\\\/bpk-archive.de\\\/tuellmann\\\/\"},{\"@type\":\"ListItem\",\"position\":2,\"name\":\"Shop\",\"item\":\"https:\\\/\\\/bpk-archive.de\\\/tuellmann\\\/shop\\\/\"},{\"@type\":\"ListItem\",\"position\":3,\"name\":\"Italienischer Arbeiter der Farbwerke Hoechst klagt beim Betriebsrat \u00fcber Wohnungsprobleme\"}]},{\"@type\":\"WebSite\",\"@id\":\"https:\\\/\\\/bpk-archive.de\\\/tuellmann\\\/#website\",\"url\":\"https:\\\/\\\/bpk-archive.de\\\/tuellmann\\\/\",\"name\":\"Abisag T\u00fcllmann\",\"description\":\"Eine weitere WordPress-Website\",\"potentialAction\":[{\"@type\":\"SearchAction\",\"target\":{\"@type\":\"EntryPoint\",\"urlTemplate\":\"https:\\\/\\\/bpk-archive.de\\\/tuellmann\\\/?s={search_term_string}\"},\"query-input\":{\"@type\":\"PropertyValueSpecification\",\"valueRequired\":true,\"valueName\":\"search_term_string\"}}],\"inLanguage\":\"de\"}]}<\/script>\n<!-- \/ Yoast SEO plugin. -->","yoast_head_json":{"title":"Italienischer Arbeiter der Farbwerke Hoechst klagt beim Betriebsrat \u00fcber Wohnungsprobleme - Abisag T\u00fcllmann","robots":{"index":"index","follow":"follow","max-snippet":"max-snippet:-1","max-image-preview":"max-image-preview:large","max-video-preview":"max-video-preview:-1"},"canonical":"https:\/\/bpk-archive.de\/tuellmann\/produkt\/italienischer-arbeiter-der-farbwerke-hoechst-klagt-beim-betriebsrat-ueber-wohnungsprobleme\/","og_locale":"de_DE","og_type":"article","og_title":"Italienischer Arbeiter der Farbwerke Hoechst klagt beim Betriebsrat \u00fcber Wohnungsprobleme - Abisag T\u00fcllmann","og_description":"R\u00fcckseite siehe: 70294023 R\u00fcckseitenbeschriftung von Hand der Fotografin: &#8222;labourer and shop steward (Farbwerke Hoechst)&#8220;","og_url":"https:\/\/bpk-archive.de\/tuellmann\/produkt\/italienischer-arbeiter-der-farbwerke-hoechst-klagt-beim-betriebsrat-ueber-wohnungsprobleme\/","og_site_name":"Abisag T\u00fcllmann","article_modified_time":"2020-08-11T14:37:35+00:00","og_image":[{"width":1200,"height":899,"url":"https:\/\/bpk-archive.de\/tuellmann\/wp-content\/uploads\/2019\/08\/bpk_70294022.jpg","type":"image\/jpeg"}],"twitter_card":"summary_large_image","schema":{"@context":"https:\/\/schema.org","@graph":[{"@type":"WebPage","@id":"https:\/\/bpk-archive.de\/tuellmann\/produkt\/italienischer-arbeiter-der-farbwerke-hoechst-klagt-beim-betriebsrat-ueber-wohnungsprobleme\/","url":"https:\/\/bpk-archive.de\/tuellmann\/produkt\/italienischer-arbeiter-der-farbwerke-hoechst-klagt-beim-betriebsrat-ueber-wohnungsprobleme\/","name":"Italienischer Arbeiter der Farbwerke Hoechst klagt beim Betriebsrat \u00fcber Wohnungsprobleme - Abisag T\u00fcllmann","isPartOf":{"@id":"https:\/\/bpk-archive.de\/tuellmann\/#website"},"primaryImageOfPage":{"@id":"https:\/\/bpk-archive.de\/tuellmann\/produkt\/italienischer-arbeiter-der-farbwerke-hoechst-klagt-beim-betriebsrat-ueber-wohnungsprobleme\/#primaryimage"},"image":{"@id":"https:\/\/bpk-archive.de\/tuellmann\/produkt\/italienischer-arbeiter-der-farbwerke-hoechst-klagt-beim-betriebsrat-ueber-wohnungsprobleme\/#primaryimage"},"thumbnailUrl":"https:\/\/bpk-archive.de\/tuellmann\/wp-content\/uploads\/2019\/08\/bpk_70294022.jpg","datePublished":"2019-09-05T13:19:42+00:00","dateModified":"2020-08-11T14:37:35+00:00","breadcrumb":{"@id":"https:\/\/bpk-archive.de\/tuellmann\/produkt\/italienischer-arbeiter-der-farbwerke-hoechst-klagt-beim-betriebsrat-ueber-wohnungsprobleme\/#breadcrumb"},"inLanguage":"de","potentialAction":[{"@type":"ReadAction","target":["https:\/\/bpk-archive.de\/tuellmann\/produkt\/italienischer-arbeiter-der-farbwerke-hoechst-klagt-beim-betriebsrat-ueber-wohnungsprobleme\/"]}]},{"@type":"ImageObject","inLanguage":"de","@id":"https:\/\/bpk-archive.de\/tuellmann\/produkt\/italienischer-arbeiter-der-farbwerke-hoechst-klagt-beim-betriebsrat-ueber-wohnungsprobleme\/#primaryimage","url":"https:\/\/bpk-archive.de\/tuellmann\/wp-content\/uploads\/2019\/08\/bpk_70294022.jpg","contentUrl":"https:\/\/bpk-archive.de\/tuellmann\/wp-content\/uploads\/2019\/08\/bpk_70294022.jpg","width":1200,"height":899,"caption":"Italienischer Arbeiter der Farbwerke Hoechst klagt beim Betriebsrat \u00fcber Wohnungsprobleme"},{"@type":"BreadcrumbList","@id":"https:\/\/bpk-archive.de\/tuellmann\/produkt\/italienischer-arbeiter-der-farbwerke-hoechst-klagt-beim-betriebsrat-ueber-wohnungsprobleme\/#breadcrumb","itemListElement":[{"@type":"ListItem","position":1,"name":"Startseite","item":"https:\/\/bpk-archive.de\/tuellmann\/"},{"@type":"ListItem","position":2,"name":"Shop","item":"https:\/\/bpk-archive.de\/tuellmann\/shop\/"},{"@type":"ListItem","position":3,"name":"Italienischer Arbeiter der Farbwerke Hoechst klagt beim Betriebsrat \u00fcber Wohnungsprobleme"}]},{"@type":"WebSite","@id":"https:\/\/bpk-archive.de\/tuellmann\/#website","url":"https:\/\/bpk-archive.de\/tuellmann\/","name":"Abisag T\u00fcllmann","description":"Eine weitere WordPress-Website","potentialAction":[{"@type":"SearchAction","target":{"@type":"EntryPoint","urlTemplate":"https:\/\/bpk-archive.de\/tuellmann\/?s={search_term_string}"},"query-input":{"@type":"PropertyValueSpecification","valueRequired":true,"valueName":"search_term_string"}}],"inLanguage":"de"}]}},"_links":{"self":[{"href":"https:\/\/bpk-archive.de\/tuellmann\/wp-json\/wp\/v2\/product\/70295615","targetHints":{"allow":["GET"]}}],"collection":[{"href":"https:\/\/bpk-archive.de\/tuellmann\/wp-json\/wp\/v2\/product"}],"about":[{"href":"https:\/\/bpk-archive.de\/tuellmann\/wp-json\/wp\/v2\/types\/product"}],"wp:featuredmedia":[{"embeddable":true,"href":"https:\/\/bpk-archive.de\/tuellmann\/wp-json\/wp\/v2\/media\/70293236"}],"wp:attachment":[{"href":"https:\/\/bpk-archive.de\/tuellmann\/wp-json\/wp\/v2\/media?parent=70295615"}],"wp:term":[{"taxonomy":"product_brand","embeddable":true,"href":"https:\/\/bpk-archive.de\/tuellmann\/wp-json\/wp\/v2\/product_brand?post=70295615"},{"taxonomy":"product_cat","embeddable":true,"href":"https:\/\/bpk-archive.de\/tuellmann\/wp-json\/wp\/v2\/product_cat?post=70295615"},{"taxonomy":"product_tag","embeddable":true,"href":"https:\/\/bpk-archive.de\/tuellmann\/wp-json\/wp\/v2\/product_tag?post=70295615"}],"curies":[{"name":"wp","href":"https:\/\/api.w.org\/{rel}","templated":true}]}}