{"id":70295584,"date":"2019-09-05T15:19:04","date_gmt":"2019-09-05T13:19:04","guid":{"rendered":"http:\/\/abisagtuellmann.bpk-news.de\/atbild\/buchhaltung-fuer-den-home-art-laden-von-heidi-doerfler\/"},"modified":"2019-09-05T15:19:16","modified_gmt":"2019-09-05T13:19:16","slug":"buchhaltung-fuer-den-home-art-laden-von-heidi-doerfler","status":"publish","type":"product","link":"https:\/\/bpk-archive.de\/tuellmann\/produkt\/buchhaltung-fuer-den-home-art-laden-von-heidi-doerfler\/","title":{"rendered":"Buchhaltung f\u00fcr den &#8222;home art&#8220;-Laden von Heidi D\u00f6rfler"},"content":{"rendered":"<p>Aus der Serie &#8222;Frauen mit L\u00e4den&#8220;<\/p>\n","protected":false},"excerpt":{"rendered":"<p>Aus der Serie &#8222;Frauen mit L\u00e4den&#8220;<\/p>\n","protected":false},"featured_media":70293054,"template":"","meta":[],"product_brand":[],"product_cat":[],"product_tag":[47237,13232,13234,13231,13233,47238,55334,49668,13777,47240,47456,47457,47458,47459,47460,47461,47462,53691,50314,49675,47876,47877,47878,47879,13784,13785,53968,49676,13469,55335,55336,13470,47881,47882,54618,13958,13959,13253,13254,13255,13256,13257,13471,13472,50315,13473,49678,49679,49680,49681,49682,49683,51105,51106,51107,54148,13293,13786,13787,13294,13295,13296,13297,47267,49684,51505,13487,13488,48579,13974,13975,13976,13977,13978,49502,49503,47557,47558,47559,14327,55337,55338,13498,55339,55340,55341,55342,47560,55343,13328,13827,13828,13329,13330,13331,13332,47332,13829,13830,13831,13832,13833,13834,13835,13836,13837,13838,13839,13840,13841,13842,13843,50405,47333,47334,47335,47336,47337,47594,47595,13877,13879,50179,50180,50181,50182,50183,49423,49424,49425,49426,13865,13864,13866,13858,13859,13860,13861,13862,13863,55274,55275,55276,55277,55278,55279,49718,49719,13869,13870,13871,13872,13878,13880,51130,51131,51132,51134,51140,51141,51142,51143,55286,55287,47615,13525],"class_list":{"0":"post-70295584","1":"product","2":"type-product","3":"status-publish","4":"has-post-thumbnail","6":"product_tag-1980er-jahre","7":"product_tag-20-jahrhundert-nach-chr","8":"product_tag-20-jh-n-chr","9":"product_tag-20-jahrhundert","10":"product_tag-20-jh","11":"product_tag-80er","12":"product_tag-abrechnung","13":"product_tag-abt_002","14":"product_tag-abzug","15":"product_tag-achtziger","16":"product_tag-arbeit","17":"product_tag-arbeiten","18":"product_tag-arbeitend","19":"product_tag-arbeitende","20":"product_tag-arbeitenden","21":"product_tag-arbeitender","22":"product_tag-arbeitendes","23":"product_tag-at_frauenarbeit","24":"product_tag-aufsicht","25":"product_tag-baden-wuerttemberg","26":"product_tag-beruf","27":"product_tag-berufe","28":"product_tag-berufes","29":"product_tag-berufs","30":"product_tag-bildnis","31":"product_tag-bildnisse","32":"product_tag-bildserie","33":"product_tag-bildstrecke","34":"product_tag-brd","35":"product_tag-buchfuehrung","36":"product_tag-buchhaltung","37":"product_tag-bundesrepublik-deutschland","38":"product_tag-bureau","39":"product_tag-buero","40":"product_tag-buerokratie","41":"product_tag-damenportraet","42":"product_tag-damenportraets","43":"product_tag-deutsch","44":"product_tag-deutsche","45":"product_tag-deutschen","46":"product_tag-deutscher","47":"product_tag-deutsches","48":"product_tag-deutschland","49":"product_tag-deutschlands","50":"product_tag-draufsicht","51":"product_tag-drinnen","52":"product_tag-emanzipation","53":"product_tag-emanzipiert","54":"product_tag-emanzipierte","55":"product_tag-emanzipierten","56":"product_tag-emanzipierter","57":"product_tag-emanzipiertes","58":"product_tag-fernsprechapparat","59":"product_tag-fernsprechapparate","60":"product_tag-fernsprecher","61":"product_tag-finanzen","62":"product_tag-foto","63":"product_tag-fotoabzug","64":"product_tag-fotoabzuege","65":"product_tag-fotografie","66":"product_tag-fotografien","67":"product_tag-fotografin","68":"product_tag-fotografinnen","69":"product_tag-fotoreportage","70":"product_tag-fotoserie","71":"product_tag-fotostrecke","72":"product_tag-frau","73":"product_tag-frauen","74":"product_tag-frauenarbeit","75":"product_tag-frauenbildnis","76":"product_tag-frauenportrait","77":"product_tag-frauenportraits","78":"product_tag-frauenportraet","79":"product_tag-frauenportraets","80":"product_tag-frauenrolle","81":"product_tag-frauenrollen","82":"product_tag-geschaeft","83":"product_tag-geschaefte","84":"product_tag-geschaeftes","85":"product_tag-gesellschaft","86":"product_tag-heidelberg","87":"product_tag-heidelberger","88":"product_tag-innen","89":"product_tag-kassenabrechnung","90":"product_tag-kassenbuch","91":"product_tag-kassenbuecher","92":"product_tag-kurpfalz","93":"product_tag-laden","94":"product_tag-pfalz","95":"product_tag-photo","96":"product_tag-photoabzug","97":"product_tag-photoabzuege","98":"product_tag-photographie","99":"product_tag-photographien","100":"product_tag-photographin","101":"product_tag-photographinnen","102":"product_tag-photoreportage","103":"product_tag-portrait","104":"product_tag-portraitaufnahme","105":"product_tag-portraitfoto","106":"product_tag-portraitfotografie","107":"product_tag-portraitphoto","108":"product_tag-portraitphotographie","109":"product_tag-portraits","110":"product_tag-portraet","111":"product_tag-portraetaufnahme","112":"product_tag-portraetfoto","113":"product_tag-portraetfotografie","114":"product_tag-portraetphoto","115":"product_tag-portraetphotographie","116":"product_tag-portraets","117":"product_tag-print","118":"product_tag-rechnen","119":"product_tag-reportage","120":"product_tag-reportagefoto","121":"product_tag-reportagefotografie","122":"product_tag-reportagephoto","123":"product_tag-reportagephotographie","124":"product_tag-rueckansicht","125":"product_tag-rueckseite","126":"product_tag-s-w-fotografie","127":"product_tag-s-w-photographie","128":"product_tag-schreibend","129":"product_tag-schreibende","130":"product_tag-schreibenden","131":"product_tag-schreibender","132":"product_tag-schreibendes","133":"product_tag-schreibtisch","134":"product_tag-schreibtische","135":"product_tag-schreibtisches","136":"product_tag-schreibtischs","137":"product_tag-schwarzweissphotographie","138":"product_tag-schwarz-weiss-fotografie","139":"product_tag-schwarz-weiss-photographie","140":"product_tag-schwarzweiss","141":"product_tag-schwarzweisse","142":"product_tag-schwarzweissen","143":"product_tag-schwarzweisser","144":"product_tag-schwarzweisses","145":"product_tag-schwarzweissfotografie","146":"product_tag-selbstaendig","147":"product_tag-selbstaendige","148":"product_tag-selbstaendigen","149":"product_tag-selbstaendiger","150":"product_tag-selbstaendiges","151":"product_tag-selbstaendigkeit","152":"product_tag-serie","153":"product_tag-serien","154":"product_tag-silbergelatine","155":"product_tag-silbergelatineabzug","156":"product_tag-silbergelatineabzuege","157":"product_tag-silbergelatineprint","158":"product_tag-sw-fotografie","159":"product_tag-sw-photographie","160":"product_tag-telefon","161":"product_tag-telefonapparat","162":"product_tag-telefonapparate","163":"product_tag-telefonie","164":"product_tag-telephon","165":"product_tag-telephonapparat","166":"product_tag-telephonapparate","167":"product_tag-telephonie","168":"product_tag-unternehmerin","169":"product_tag-unternehmerinnen","170":"product_tag-von-hinten","171":"product_tag-von-innen","172":"pa_datierung-februar-1980","173":"pa_fotograf-abisag-tuellmann","174":"pa_geografischer_bezug-aufnahmeort-heidelberg-deutschland","175":"pa_grunddaten_material_technik-foto-silbergelatine-auf-barytpapier","176":"pa_inventarnummer-tue-80-034-20","177":"pa_jahr_von-53247","178":"pa_massangaben-bildformat-foto-239-x-30-cm","179":"pa_mediennummer-55330","180":"pa_objekt_typ-fotografie","182":"first","183":"instock","184":"product-type-simple"},"yoast_head":"<!-- This site is optimized with the Yoast SEO plugin v27.3 - https:\/\/yoast.com\/product\/yoast-seo-wordpress\/ -->\n<title>Buchhaltung f\u00fcr den &quot;home art&quot;-Laden von Heidi D\u00f6rfler - Abisag T\u00fcllmann<\/title>\n<meta name=\"robots\" content=\"index, follow, max-snippet:-1, max-image-preview:large, max-video-preview:-1\" \/>\n<link rel=\"canonical\" href=\"https:\/\/bpk-archive.de\/tuellmann\/produkt\/buchhaltung-fuer-den-home-art-laden-von-heidi-doerfler\/\" \/>\n<meta property=\"og:locale\" content=\"de_DE\" \/>\n<meta property=\"og:type\" content=\"article\" \/>\n<meta property=\"og:title\" content=\"Buchhaltung f\u00fcr den &quot;home art&quot;-Laden von Heidi D\u00f6rfler - Abisag T\u00fcllmann\" \/>\n<meta property=\"og:description\" content=\"Aus der Serie &#8222;Frauen mit L\u00e4den&#8220;\" \/>\n<meta property=\"og:url\" content=\"https:\/\/bpk-archive.de\/tuellmann\/produkt\/buchhaltung-fuer-den-home-art-laden-von-heidi-doerfler\/\" \/>\n<meta property=\"og:site_name\" content=\"Abisag T\u00fcllmann\" \/>\n<meta property=\"article:modified_time\" content=\"2019-09-05T13:19:16+00:00\" \/>\n<meta property=\"og:image\" content=\"https:\/\/bpk-archive.de\/tuellmann\/wp-content\/uploads\/2019\/08\/bpk_70278945.jpg\" \/>\n\t<meta property=\"og:image:width\" content=\"1200\" \/>\n\t<meta property=\"og:image:height\" content=\"967\" \/>\n\t<meta property=\"og:image:type\" content=\"image\/jpeg\" \/>\n<meta name=\"twitter:card\" content=\"summary_large_image\" \/>\n<script type=\"application\/ld+json\" class=\"yoast-schema-graph\">{\"@context\":\"https:\\\/\\\/schema.org\",\"@graph\":[{\"@type\":\"WebPage\",\"@id\":\"https:\\\/\\\/bpk-archive.de\\\/tuellmann\\\/produkt\\\/buchhaltung-fuer-den-home-art-laden-von-heidi-doerfler\\\/\",\"url\":\"https:\\\/\\\/bpk-archive.de\\\/tuellmann\\\/produkt\\\/buchhaltung-fuer-den-home-art-laden-von-heidi-doerfler\\\/\",\"name\":\"Buchhaltung f\u00fcr den \\\"home art\\\"-Laden von Heidi D\u00f6rfler - Abisag T\u00fcllmann\",\"isPartOf\":{\"@id\":\"https:\\\/\\\/bpk-archive.de\\\/tuellmann\\\/#website\"},\"primaryImageOfPage\":{\"@id\":\"https:\\\/\\\/bpk-archive.de\\\/tuellmann\\\/produkt\\\/buchhaltung-fuer-den-home-art-laden-von-heidi-doerfler\\\/#primaryimage\"},\"image\":{\"@id\":\"https:\\\/\\\/bpk-archive.de\\\/tuellmann\\\/produkt\\\/buchhaltung-fuer-den-home-art-laden-von-heidi-doerfler\\\/#primaryimage\"},\"thumbnailUrl\":\"https:\\\/\\\/bpk-archive.de\\\/tuellmann\\\/wp-content\\\/uploads\\\/2019\\\/08\\\/bpk_70278945.jpg\",\"datePublished\":\"2019-09-05T13:19:04+00:00\",\"dateModified\":\"2019-09-05T13:19:16+00:00\",\"breadcrumb\":{\"@id\":\"https:\\\/\\\/bpk-archive.de\\\/tuellmann\\\/produkt\\\/buchhaltung-fuer-den-home-art-laden-von-heidi-doerfler\\\/#breadcrumb\"},\"inLanguage\":\"de\",\"potentialAction\":[{\"@type\":\"ReadAction\",\"target\":[\"https:\\\/\\\/bpk-archive.de\\\/tuellmann\\\/produkt\\\/buchhaltung-fuer-den-home-art-laden-von-heidi-doerfler\\\/\"]}]},{\"@type\":\"ImageObject\",\"inLanguage\":\"de\",\"@id\":\"https:\\\/\\\/bpk-archive.de\\\/tuellmann\\\/produkt\\\/buchhaltung-fuer-den-home-art-laden-von-heidi-doerfler\\\/#primaryimage\",\"url\":\"https:\\\/\\\/bpk-archive.de\\\/tuellmann\\\/wp-content\\\/uploads\\\/2019\\\/08\\\/bpk_70278945.jpg\",\"contentUrl\":\"https:\\\/\\\/bpk-archive.de\\\/tuellmann\\\/wp-content\\\/uploads\\\/2019\\\/08\\\/bpk_70278945.jpg\",\"width\":1200,\"height\":967,\"caption\":\"Buchhaltung f\u00fcr den \\\"home art\\\"-Laden von Heidi D\u00f6rfler\"},{\"@type\":\"BreadcrumbList\",\"@id\":\"https:\\\/\\\/bpk-archive.de\\\/tuellmann\\\/produkt\\\/buchhaltung-fuer-den-home-art-laden-von-heidi-doerfler\\\/#breadcrumb\",\"itemListElement\":[{\"@type\":\"ListItem\",\"position\":1,\"name\":\"Startseite\",\"item\":\"https:\\\/\\\/bpk-archive.de\\\/tuellmann\\\/\"},{\"@type\":\"ListItem\",\"position\":2,\"name\":\"Shop\",\"item\":\"https:\\\/\\\/bpk-archive.de\\\/tuellmann\\\/shop\\\/\"},{\"@type\":\"ListItem\",\"position\":3,\"name\":\"Buchhaltung f\u00fcr den &#8220;home art&#8221;-Laden von Heidi D\u00f6rfler\"}]},{\"@type\":\"WebSite\",\"@id\":\"https:\\\/\\\/bpk-archive.de\\\/tuellmann\\\/#website\",\"url\":\"https:\\\/\\\/bpk-archive.de\\\/tuellmann\\\/\",\"name\":\"Abisag T\u00fcllmann\",\"description\":\"Eine weitere WordPress-Website\",\"potentialAction\":[{\"@type\":\"SearchAction\",\"target\":{\"@type\":\"EntryPoint\",\"urlTemplate\":\"https:\\\/\\\/bpk-archive.de\\\/tuellmann\\\/?s={search_term_string}\"},\"query-input\":{\"@type\":\"PropertyValueSpecification\",\"valueRequired\":true,\"valueName\":\"search_term_string\"}}],\"inLanguage\":\"de\"}]}<\/script>\n<!-- \/ Yoast SEO plugin. -->","yoast_head_json":{"title":"Buchhaltung f\u00fcr den \"home art\"-Laden von Heidi D\u00f6rfler - Abisag T\u00fcllmann","robots":{"index":"index","follow":"follow","max-snippet":"max-snippet:-1","max-image-preview":"max-image-preview:large","max-video-preview":"max-video-preview:-1"},"canonical":"https:\/\/bpk-archive.de\/tuellmann\/produkt\/buchhaltung-fuer-den-home-art-laden-von-heidi-doerfler\/","og_locale":"de_DE","og_type":"article","og_title":"Buchhaltung f\u00fcr den \"home art\"-Laden von Heidi D\u00f6rfler - Abisag T\u00fcllmann","og_description":"Aus der Serie &#8222;Frauen mit L\u00e4den&#8220;","og_url":"https:\/\/bpk-archive.de\/tuellmann\/produkt\/buchhaltung-fuer-den-home-art-laden-von-heidi-doerfler\/","og_site_name":"Abisag T\u00fcllmann","article_modified_time":"2019-09-05T13:19:16+00:00","og_image":[{"width":1200,"height":967,"url":"https:\/\/bpk-archive.de\/tuellmann\/wp-content\/uploads\/2019\/08\/bpk_70278945.jpg","type":"image\/jpeg"}],"twitter_card":"summary_large_image","schema":{"@context":"https:\/\/schema.org","@graph":[{"@type":"WebPage","@id":"https:\/\/bpk-archive.de\/tuellmann\/produkt\/buchhaltung-fuer-den-home-art-laden-von-heidi-doerfler\/","url":"https:\/\/bpk-archive.de\/tuellmann\/produkt\/buchhaltung-fuer-den-home-art-laden-von-heidi-doerfler\/","name":"Buchhaltung f\u00fcr den \"home art\"-Laden von Heidi D\u00f6rfler - Abisag T\u00fcllmann","isPartOf":{"@id":"https:\/\/bpk-archive.de\/tuellmann\/#website"},"primaryImageOfPage":{"@id":"https:\/\/bpk-archive.de\/tuellmann\/produkt\/buchhaltung-fuer-den-home-art-laden-von-heidi-doerfler\/#primaryimage"},"image":{"@id":"https:\/\/bpk-archive.de\/tuellmann\/produkt\/buchhaltung-fuer-den-home-art-laden-von-heidi-doerfler\/#primaryimage"},"thumbnailUrl":"https:\/\/bpk-archive.de\/tuellmann\/wp-content\/uploads\/2019\/08\/bpk_70278945.jpg","datePublished":"2019-09-05T13:19:04+00:00","dateModified":"2019-09-05T13:19:16+00:00","breadcrumb":{"@id":"https:\/\/bpk-archive.de\/tuellmann\/produkt\/buchhaltung-fuer-den-home-art-laden-von-heidi-doerfler\/#breadcrumb"},"inLanguage":"de","potentialAction":[{"@type":"ReadAction","target":["https:\/\/bpk-archive.de\/tuellmann\/produkt\/buchhaltung-fuer-den-home-art-laden-von-heidi-doerfler\/"]}]},{"@type":"ImageObject","inLanguage":"de","@id":"https:\/\/bpk-archive.de\/tuellmann\/produkt\/buchhaltung-fuer-den-home-art-laden-von-heidi-doerfler\/#primaryimage","url":"https:\/\/bpk-archive.de\/tuellmann\/wp-content\/uploads\/2019\/08\/bpk_70278945.jpg","contentUrl":"https:\/\/bpk-archive.de\/tuellmann\/wp-content\/uploads\/2019\/08\/bpk_70278945.jpg","width":1200,"height":967,"caption":"Buchhaltung f\u00fcr den \"home art\"-Laden von Heidi D\u00f6rfler"},{"@type":"BreadcrumbList","@id":"https:\/\/bpk-archive.de\/tuellmann\/produkt\/buchhaltung-fuer-den-home-art-laden-von-heidi-doerfler\/#breadcrumb","itemListElement":[{"@type":"ListItem","position":1,"name":"Startseite","item":"https:\/\/bpk-archive.de\/tuellmann\/"},{"@type":"ListItem","position":2,"name":"Shop","item":"https:\/\/bpk-archive.de\/tuellmann\/shop\/"},{"@type":"ListItem","position":3,"name":"Buchhaltung f\u00fcr den &#8220;home art&#8221;-Laden von Heidi D\u00f6rfler"}]},{"@type":"WebSite","@id":"https:\/\/bpk-archive.de\/tuellmann\/#website","url":"https:\/\/bpk-archive.de\/tuellmann\/","name":"Abisag T\u00fcllmann","description":"Eine weitere WordPress-Website","potentialAction":[{"@type":"SearchAction","target":{"@type":"EntryPoint","urlTemplate":"https:\/\/bpk-archive.de\/tuellmann\/?s={search_term_string}"},"query-input":{"@type":"PropertyValueSpecification","valueRequired":true,"valueName":"search_term_string"}}],"inLanguage":"de"}]}},"_links":{"self":[{"href":"https:\/\/bpk-archive.de\/tuellmann\/wp-json\/wp\/v2\/product\/70295584","targetHints":{"allow":["GET"]}}],"collection":[{"href":"https:\/\/bpk-archive.de\/tuellmann\/wp-json\/wp\/v2\/product"}],"about":[{"href":"https:\/\/bpk-archive.de\/tuellmann\/wp-json\/wp\/v2\/types\/product"}],"wp:featuredmedia":[{"embeddable":true,"href":"https:\/\/bpk-archive.de\/tuellmann\/wp-json\/wp\/v2\/media\/70293054"}],"wp:attachment":[{"href":"https:\/\/bpk-archive.de\/tuellmann\/wp-json\/wp\/v2\/media?parent=70295584"}],"wp:term":[{"taxonomy":"product_brand","embeddable":true,"href":"https:\/\/bpk-archive.de\/tuellmann\/wp-json\/wp\/v2\/product_brand?post=70295584"},{"taxonomy":"product_cat","embeddable":true,"href":"https:\/\/bpk-archive.de\/tuellmann\/wp-json\/wp\/v2\/product_cat?post=70295584"},{"taxonomy":"product_tag","embeddable":true,"href":"https:\/\/bpk-archive.de\/tuellmann\/wp-json\/wp\/v2\/product_tag?post=70295584"}],"curies":[{"name":"wp","href":"https:\/\/api.w.org\/{rel}","templated":true}]}}