{"id":70295583,"date":"2019-09-05T15:19:04","date_gmt":"2019-09-05T13:19:04","guid":{"rendered":"http:\/\/abisagtuellmann.bpk-news.de\/atbild\/im-wollladen-von-ursula-spaeth-2\/"},"modified":"2019-09-05T15:19:14","modified_gmt":"2019-09-05T13:19:14","slug":"im-wollladen-von-ursula-spaeth-2","status":"publish","type":"product","link":"https:\/\/bpk-archive.de\/tuellmann\/produkt\/im-wollladen-von-ursula-spaeth-2\/","title":{"rendered":"Im Wollladen von Ursula Sp\u00e4th"},"content":{"rendered":"<p>Aus der Serie &#8222;Frauen mit L\u00e4den&#8220;<\/p>\n","protected":false},"excerpt":{"rendered":"<p>Aus der Serie &#8222;Frauen mit L\u00e4den&#8220;<\/p>\n","protected":false},"featured_media":70293051,"template":"","meta":[],"product_brand":[],"product_cat":[],"product_tag":[47237,13232,13234,13231,13233,47238,49668,13777,47240,47512,48239,48240,48241,47514,47456,47457,47458,47459,47460,47461,47462,53691,50314,55291,47876,47877,47878,47879,13784,13785,53968,49676,13469,13470,13958,13959,13253,13254,13255,13256,13257,13471,13472,50315,13473,47724,47726,49678,49679,49680,49681,49682,49683,13293,13786,13787,13294,13295,13296,13297,47267,49684,51505,13487,13488,48579,13974,13975,13976,13977,13978,49502,49503,55323,47557,47558,47559,14327,51506,51507,13492,13493,13494,13495,13496,13497,55324,13498,14205,14206,14207,14213,14218,14219,47762,47763,47764,47765,47766,47560,55325,55326,47394,13328,13827,13828,13329,13330,13331,13332,47332,13829,13830,13831,13832,13833,13834,13835,13836,13837,13838,13839,13840,13841,13842,13843,47333,47334,47335,47336,47337,13877,13879,13865,13864,13866,13858,13859,13860,13861,13862,13863,55293,55294,55274,55275,55276,55277,55278,55279,49718,49719,48276,13869,13870,13871,13872,53486,55327,55328,13878,13880,52102,52103,52104,55286,55287,55329,48636,48637,13525,55297],"class_list":{"0":"post-70295583","1":"product","2":"type-product","3":"status-publish","4":"has-post-thumbnail","6":"product_tag-1980er-jahre","7":"product_tag-20-jahrhundert-nach-chr","8":"product_tag-20-jh-n-chr","9":"product_tag-20-jahrhundert","10":"product_tag-20-jh","11":"product_tag-80er","12":"product_tag-abt_002","13":"product_tag-abzug","14":"product_tag-achtziger","15":"product_tag-andrang","16":"product_tag-angestellte","17":"product_tag-angestellten","18":"product_tag-angestellter","19":"product_tag-ansturm","20":"product_tag-arbeit","21":"product_tag-arbeiten","22":"product_tag-arbeitend","23":"product_tag-arbeitende","24":"product_tag-arbeitenden","25":"product_tag-arbeitender","26":"product_tag-arbeitendes","27":"product_tag-at_frauenarbeit","28":"product_tag-aufsicht","29":"product_tag-bergstrasse","30":"product_tag-beruf","31":"product_tag-berufe","32":"product_tag-berufes","33":"product_tag-berufs","34":"product_tag-bildnis","35":"product_tag-bildnisse","36":"product_tag-bildserie","37":"product_tag-bildstrecke","38":"product_tag-brd","39":"product_tag-bundesrepublik-deutschland","40":"product_tag-damenportraet","41":"product_tag-damenportraets","42":"product_tag-deutsch","43":"product_tag-deutsche","44":"product_tag-deutschen","45":"product_tag-deutscher","46":"product_tag-deutsches","47":"product_tag-deutschland","48":"product_tag-deutschlands","49":"product_tag-draufsicht","50":"product_tag-drinnen","51":"product_tag-einkauf","52":"product_tag-einkaufen","53":"product_tag-emanzipation","54":"product_tag-emanzipiert","55":"product_tag-emanzipierte","56":"product_tag-emanzipierten","57":"product_tag-emanzipierter","58":"product_tag-emanzipiertes","59":"product_tag-foto","60":"product_tag-fotoabzug","61":"product_tag-fotoabzuege","62":"product_tag-fotografie","63":"product_tag-fotografien","64":"product_tag-fotografin","65":"product_tag-fotografinnen","66":"product_tag-fotoreportage","67":"product_tag-fotoserie","68":"product_tag-fotostrecke","69":"product_tag-frau","70":"product_tag-frauen","71":"product_tag-frauenarbeit","72":"product_tag-frauenbildnis","73":"product_tag-frauenportrait","74":"product_tag-frauenportraits","75":"product_tag-frauenportraet","76":"product_tag-frauenportraets","77":"product_tag-frauenrolle","78":"product_tag-frauenrollen","79":"product_tag-garn","80":"product_tag-geschaeft","81":"product_tag-geschaefte","82":"product_tag-geschaeftes","83":"product_tag-gesellschaft","84":"product_tag-handarbeit","85":"product_tag-handarbeiten","86":"product_tag-hessen","87":"product_tag-hessisch","88":"product_tag-hessische","89":"product_tag-hessischen","90":"product_tag-hessischer","91":"product_tag-hessisches","92":"product_tag-hobby","93":"product_tag-innen","94":"product_tag-kind","95":"product_tag-kinde","96":"product_tag-kinder","97":"product_tag-kindern","98":"product_tag-kindes","99":"product_tag-kindheit","100":"product_tag-kunde","101":"product_tag-kunden","102":"product_tag-kundin","103":"product_tag-kundinnen","104":"product_tag-kundschaft","105":"product_tag-laden","106":"product_tag-ladentheke","107":"product_tag-ladentheken","108":"product_tag-mutter","109":"product_tag-photo","110":"product_tag-photoabzug","111":"product_tag-photoabzuege","112":"product_tag-photographie","113":"product_tag-photographien","114":"product_tag-photographin","115":"product_tag-photographinnen","116":"product_tag-photoreportage","117":"product_tag-portrait","118":"product_tag-portraitaufnahme","119":"product_tag-portraitfoto","120":"product_tag-portraitfotografie","121":"product_tag-portraitphoto","122":"product_tag-portraitphotographie","123":"product_tag-portraits","124":"product_tag-portraet","125":"product_tag-portraetaufnahme","126":"product_tag-portraetfoto","127":"product_tag-portraetfotografie","128":"product_tag-portraetphoto","129":"product_tag-portraetphotographie","130":"product_tag-portraets","131":"product_tag-print","132":"product_tag-reportage","133":"product_tag-reportagefoto","134":"product_tag-reportagefotografie","135":"product_tag-reportagephoto","136":"product_tag-reportagephotographie","137":"product_tag-s-w-fotografie","138":"product_tag-s-w-photographie","139":"product_tag-schwarzweissphotographie","140":"product_tag-schwarz-weiss-fotografie","141":"product_tag-schwarz-weiss-photographie","142":"product_tag-schwarzweiss","143":"product_tag-schwarzweisse","144":"product_tag-schwarzweissen","145":"product_tag-schwarzweisser","146":"product_tag-schwarzweisses","147":"product_tag-schwarzweissfotografie","148":"product_tag-seeheim","149":"product_tag-seeheimer","150":"product_tag-selbstaendig","151":"product_tag-selbstaendige","152":"product_tag-selbstaendigen","153":"product_tag-selbstaendiger","154":"product_tag-selbstaendiges","155":"product_tag-selbstaendigkeit","156":"product_tag-serie","157":"product_tag-serien","158":"product_tag-shopping","159":"product_tag-silbergelatine","160":"product_tag-silbergelatineabzug","161":"product_tag-silbergelatineabzuege","162":"product_tag-silbergelatineprint","163":"product_tag-stricken","164":"product_tag-strickware","165":"product_tag-strickwaren","166":"product_tag-sw-fotografie","167":"product_tag-sw-photographie","168":"product_tag-theke","169":"product_tag-theken","170":"product_tag-tresen","171":"product_tag-unternehmerin","172":"product_tag-unternehmerinnen","173":"product_tag-verkauf","174":"product_tag-verkaeuferin","175":"product_tag-verkaeuferinnen","176":"product_tag-von-innen","177":"product_tag-wolle","178":"pa_datierung-februar-1980","179":"pa_fotograf-abisag-tuellmann","180":"pa_geografischer_bezug-aufnahmeort-seeheim-jugenheim-seeheim-deutschland","181":"pa_grunddaten_material_technik-foto-silbergelatine-auf-barytpapier","182":"pa_inventarnummer-tue-80-029-01a","183":"pa_jahr_von-53247","184":"pa_massangaben-bildformat-foto-234-x-304-cm","185":"pa_mediennummer-55321","186":"pa_objekt_typ-fotografie","188":"first","189":"instock","190":"product-type-simple"},"yoast_head":"<!-- This site is optimized with the Yoast SEO plugin v27.4 - https:\/\/yoast.com\/product\/yoast-seo-wordpress\/ -->\n<title>Im Wollladen von Ursula Sp\u00e4th - Abisag T\u00fcllmann<\/title>\n<meta name=\"robots\" content=\"index, follow, max-snippet:-1, max-image-preview:large, max-video-preview:-1\" \/>\n<link rel=\"canonical\" href=\"https:\/\/bpk-archive.de\/tuellmann\/produkt\/im-wollladen-von-ursula-spaeth-2\/\" \/>\n<meta property=\"og:locale\" content=\"de_DE\" \/>\n<meta property=\"og:type\" content=\"article\" \/>\n<meta property=\"og:title\" content=\"Im Wollladen von Ursula Sp\u00e4th - Abisag T\u00fcllmann\" \/>\n<meta property=\"og:description\" content=\"Aus der Serie &#8222;Frauen mit L\u00e4den&#8220;\" \/>\n<meta property=\"og:url\" content=\"https:\/\/bpk-archive.de\/tuellmann\/produkt\/im-wollladen-von-ursula-spaeth-2\/\" \/>\n<meta property=\"og:site_name\" content=\"Abisag T\u00fcllmann\" \/>\n<meta property=\"article:modified_time\" content=\"2019-09-05T13:19:14+00:00\" \/>\n<meta property=\"og:image\" content=\"https:\/\/bpk-archive.de\/tuellmann\/wp-content\/uploads\/2019\/08\/bpk_70278944.jpg\" \/>\n\t<meta property=\"og:image:width\" content=\"1200\" \/>\n\t<meta property=\"og:image:height\" content=\"903\" \/>\n\t<meta property=\"og:image:type\" content=\"image\/jpeg\" \/>\n<meta name=\"twitter:card\" content=\"summary_large_image\" \/>\n<script type=\"application\/ld+json\" class=\"yoast-schema-graph\">{\"@context\":\"https:\\\/\\\/schema.org\",\"@graph\":[{\"@type\":\"WebPage\",\"@id\":\"https:\\\/\\\/bpk-archive.de\\\/tuellmann\\\/produkt\\\/im-wollladen-von-ursula-spaeth-2\\\/\",\"url\":\"https:\\\/\\\/bpk-archive.de\\\/tuellmann\\\/produkt\\\/im-wollladen-von-ursula-spaeth-2\\\/\",\"name\":\"Im Wollladen von Ursula Sp\u00e4th - Abisag T\u00fcllmann\",\"isPartOf\":{\"@id\":\"https:\\\/\\\/bpk-archive.de\\\/tuellmann\\\/#website\"},\"primaryImageOfPage\":{\"@id\":\"https:\\\/\\\/bpk-archive.de\\\/tuellmann\\\/produkt\\\/im-wollladen-von-ursula-spaeth-2\\\/#primaryimage\"},\"image\":{\"@id\":\"https:\\\/\\\/bpk-archive.de\\\/tuellmann\\\/produkt\\\/im-wollladen-von-ursula-spaeth-2\\\/#primaryimage\"},\"thumbnailUrl\":\"https:\\\/\\\/bpk-archive.de\\\/tuellmann\\\/wp-content\\\/uploads\\\/2019\\\/08\\\/bpk_70278944.jpg\",\"datePublished\":\"2019-09-05T13:19:04+00:00\",\"dateModified\":\"2019-09-05T13:19:14+00:00\",\"breadcrumb\":{\"@id\":\"https:\\\/\\\/bpk-archive.de\\\/tuellmann\\\/produkt\\\/im-wollladen-von-ursula-spaeth-2\\\/#breadcrumb\"},\"inLanguage\":\"de\",\"potentialAction\":[{\"@type\":\"ReadAction\",\"target\":[\"https:\\\/\\\/bpk-archive.de\\\/tuellmann\\\/produkt\\\/im-wollladen-von-ursula-spaeth-2\\\/\"]}]},{\"@type\":\"ImageObject\",\"inLanguage\":\"de\",\"@id\":\"https:\\\/\\\/bpk-archive.de\\\/tuellmann\\\/produkt\\\/im-wollladen-von-ursula-spaeth-2\\\/#primaryimage\",\"url\":\"https:\\\/\\\/bpk-archive.de\\\/tuellmann\\\/wp-content\\\/uploads\\\/2019\\\/08\\\/bpk_70278944.jpg\",\"contentUrl\":\"https:\\\/\\\/bpk-archive.de\\\/tuellmann\\\/wp-content\\\/uploads\\\/2019\\\/08\\\/bpk_70278944.jpg\",\"width\":1200,\"height\":903,\"caption\":\"Im Wollladen von Ursula Sp\u00e4th\"},{\"@type\":\"BreadcrumbList\",\"@id\":\"https:\\\/\\\/bpk-archive.de\\\/tuellmann\\\/produkt\\\/im-wollladen-von-ursula-spaeth-2\\\/#breadcrumb\",\"itemListElement\":[{\"@type\":\"ListItem\",\"position\":1,\"name\":\"Startseite\",\"item\":\"https:\\\/\\\/bpk-archive.de\\\/tuellmann\\\/\"},{\"@type\":\"ListItem\",\"position\":2,\"name\":\"Shop\",\"item\":\"https:\\\/\\\/bpk-archive.de\\\/tuellmann\\\/shop\\\/\"},{\"@type\":\"ListItem\",\"position\":3,\"name\":\"Im Wollladen von Ursula Sp\u00e4th\"}]},{\"@type\":\"WebSite\",\"@id\":\"https:\\\/\\\/bpk-archive.de\\\/tuellmann\\\/#website\",\"url\":\"https:\\\/\\\/bpk-archive.de\\\/tuellmann\\\/\",\"name\":\"Abisag T\u00fcllmann\",\"description\":\"Eine weitere WordPress-Website\",\"potentialAction\":[{\"@type\":\"SearchAction\",\"target\":{\"@type\":\"EntryPoint\",\"urlTemplate\":\"https:\\\/\\\/bpk-archive.de\\\/tuellmann\\\/?s={search_term_string}\"},\"query-input\":{\"@type\":\"PropertyValueSpecification\",\"valueRequired\":true,\"valueName\":\"search_term_string\"}}],\"inLanguage\":\"de\"}]}<\/script>\n<!-- \/ Yoast SEO plugin. -->","yoast_head_json":{"title":"Im Wollladen von Ursula Sp\u00e4th - Abisag T\u00fcllmann","robots":{"index":"index","follow":"follow","max-snippet":"max-snippet:-1","max-image-preview":"max-image-preview:large","max-video-preview":"max-video-preview:-1"},"canonical":"https:\/\/bpk-archive.de\/tuellmann\/produkt\/im-wollladen-von-ursula-spaeth-2\/","og_locale":"de_DE","og_type":"article","og_title":"Im Wollladen von Ursula Sp\u00e4th - Abisag T\u00fcllmann","og_description":"Aus der Serie &#8222;Frauen mit L\u00e4den&#8220;","og_url":"https:\/\/bpk-archive.de\/tuellmann\/produkt\/im-wollladen-von-ursula-spaeth-2\/","og_site_name":"Abisag T\u00fcllmann","article_modified_time":"2019-09-05T13:19:14+00:00","og_image":[{"width":1200,"height":903,"url":"https:\/\/bpk-archive.de\/tuellmann\/wp-content\/uploads\/2019\/08\/bpk_70278944.jpg","type":"image\/jpeg"}],"twitter_card":"summary_large_image","schema":{"@context":"https:\/\/schema.org","@graph":[{"@type":"WebPage","@id":"https:\/\/bpk-archive.de\/tuellmann\/produkt\/im-wollladen-von-ursula-spaeth-2\/","url":"https:\/\/bpk-archive.de\/tuellmann\/produkt\/im-wollladen-von-ursula-spaeth-2\/","name":"Im Wollladen von Ursula Sp\u00e4th - Abisag T\u00fcllmann","isPartOf":{"@id":"https:\/\/bpk-archive.de\/tuellmann\/#website"},"primaryImageOfPage":{"@id":"https:\/\/bpk-archive.de\/tuellmann\/produkt\/im-wollladen-von-ursula-spaeth-2\/#primaryimage"},"image":{"@id":"https:\/\/bpk-archive.de\/tuellmann\/produkt\/im-wollladen-von-ursula-spaeth-2\/#primaryimage"},"thumbnailUrl":"https:\/\/bpk-archive.de\/tuellmann\/wp-content\/uploads\/2019\/08\/bpk_70278944.jpg","datePublished":"2019-09-05T13:19:04+00:00","dateModified":"2019-09-05T13:19:14+00:00","breadcrumb":{"@id":"https:\/\/bpk-archive.de\/tuellmann\/produkt\/im-wollladen-von-ursula-spaeth-2\/#breadcrumb"},"inLanguage":"de","potentialAction":[{"@type":"ReadAction","target":["https:\/\/bpk-archive.de\/tuellmann\/produkt\/im-wollladen-von-ursula-spaeth-2\/"]}]},{"@type":"ImageObject","inLanguage":"de","@id":"https:\/\/bpk-archive.de\/tuellmann\/produkt\/im-wollladen-von-ursula-spaeth-2\/#primaryimage","url":"https:\/\/bpk-archive.de\/tuellmann\/wp-content\/uploads\/2019\/08\/bpk_70278944.jpg","contentUrl":"https:\/\/bpk-archive.de\/tuellmann\/wp-content\/uploads\/2019\/08\/bpk_70278944.jpg","width":1200,"height":903,"caption":"Im Wollladen von Ursula Sp\u00e4th"},{"@type":"BreadcrumbList","@id":"https:\/\/bpk-archive.de\/tuellmann\/produkt\/im-wollladen-von-ursula-spaeth-2\/#breadcrumb","itemListElement":[{"@type":"ListItem","position":1,"name":"Startseite","item":"https:\/\/bpk-archive.de\/tuellmann\/"},{"@type":"ListItem","position":2,"name":"Shop","item":"https:\/\/bpk-archive.de\/tuellmann\/shop\/"},{"@type":"ListItem","position":3,"name":"Im Wollladen von Ursula Sp\u00e4th"}]},{"@type":"WebSite","@id":"https:\/\/bpk-archive.de\/tuellmann\/#website","url":"https:\/\/bpk-archive.de\/tuellmann\/","name":"Abisag T\u00fcllmann","description":"Eine weitere WordPress-Website","potentialAction":[{"@type":"SearchAction","target":{"@type":"EntryPoint","urlTemplate":"https:\/\/bpk-archive.de\/tuellmann\/?s={search_term_string}"},"query-input":{"@type":"PropertyValueSpecification","valueRequired":true,"valueName":"search_term_string"}}],"inLanguage":"de"}]}},"_links":{"self":[{"href":"https:\/\/bpk-archive.de\/tuellmann\/wp-json\/wp\/v2\/product\/70295583","targetHints":{"allow":["GET"]}}],"collection":[{"href":"https:\/\/bpk-archive.de\/tuellmann\/wp-json\/wp\/v2\/product"}],"about":[{"href":"https:\/\/bpk-archive.de\/tuellmann\/wp-json\/wp\/v2\/types\/product"}],"wp:featuredmedia":[{"embeddable":true,"href":"https:\/\/bpk-archive.de\/tuellmann\/wp-json\/wp\/v2\/media\/70293051"}],"wp:attachment":[{"href":"https:\/\/bpk-archive.de\/tuellmann\/wp-json\/wp\/v2\/media?parent=70295583"}],"wp:term":[{"taxonomy":"product_brand","embeddable":true,"href":"https:\/\/bpk-archive.de\/tuellmann\/wp-json\/wp\/v2\/product_brand?post=70295583"},{"taxonomy":"product_cat","embeddable":true,"href":"https:\/\/bpk-archive.de\/tuellmann\/wp-json\/wp\/v2\/product_cat?post=70295583"},{"taxonomy":"product_tag","embeddable":true,"href":"https:\/\/bpk-archive.de\/tuellmann\/wp-json\/wp\/v2\/product_tag?post=70295583"}],"curies":[{"name":"wp","href":"https:\/\/api.w.org\/{rel}","templated":true}]}}