{"id":70295582,"date":"2019-09-05T15:19:04","date_gmt":"2019-09-05T13:19:04","guid":{"rendered":"http:\/\/abisagtuellmann.bpk-news.de\/atbild\/frau-schoen-mit-ihren-soehnen-michael-und-thomas\/"},"modified":"2019-09-05T15:19:13","modified_gmt":"2019-09-05T13:19:13","slug":"frau-schoen-mit-ihren-soehnen-michael-und-thomas","status":"publish","type":"product","link":"https:\/\/bpk-archive.de\/tuellmann\/produkt\/frau-schoen-mit-ihren-soehnen-michael-und-thomas\/","title":{"rendered":"Frau Sch\u00f6n mit ihren S\u00f6hnen Michael und Thomas"},"content":{"rendered":"<p>Aus der Serie &#8222;Geschiedene Frauen&#8220; f\u00fcr die Zeitschrift &#8222;Brigitte&#8220; R\u00fcckseitenbeschriftung von anderer Hand: &#8222;Frauen und Kinder; Frau Sch\u00f6n mit Kindern Michael und Thomas (M\u00fcnchen) (Serie: geschiedene Frauen)&#8220;<\/p>\n","protected":false},"excerpt":{"rendered":"<p>Aus der Serie &#8222;Geschiedene Frauen&#8220; f\u00fcr die Zeitschrift &#8222;Brigitte&#8220; R\u00fcckseitenbeschriftung von anderer Hand: &#8222;Frauen und Kinder; Frau Sch\u00f6n mit Kindern Michael und Thomas (M\u00fcnchen) (Serie: geschiedene Frauen)&#8220;<\/p>\n","protected":false},"featured_media":70293042,"template":"","meta":[],"product_brand":[],"product_cat":[],"product_tag":[13230,13232,49666,13234,49667,13231,13233,13235,49668,13777,49669,49670,49671,49672,49673,49674,49870,49871,49872,49873,49874,49875,49876,49877,49878,49879,49880,49881,49882,49883,13784,13785,49676,13469,48848,14178,14179,13470,13958,13959,13253,13254,13255,13256,13257,13471,13472,13473,49677,55309,55310,49678,49679,49680,49681,49682,49683,47425,47426,13293,13786,13787,13294,13295,13296,13297,47267,49684,13487,13488,13974,13975,13976,13977,13978,49502,49503,49685,49686,55311,55312,55313,49687,49688,49689,49690,49691,14327,13498,13813,13814,14203,14204,14205,14206,14207,49695,14213,14218,14219,55314,55315,55316,14220,14221,51037,51038,49890,49891,49892,49893,47394,49706,13328,13827,13828,13329,13330,13331,13332,47332,55317,55318,55319,13829,13830,13831,13832,13833,13834,13835,13836,13837,13838,13839,13840,13841,13842,13843,48363,49710,49970,49971,49972,49973,49974,49975,47333,47334,47335,47336,47337,13877,13879,49711,13865,13864,13866,13858,13859,13860,13861,13862,13863,49718,49719,13354,13869,13870,13871,13872,47659,47660,47661,47662,13519,13520,13521,13522,13523,13524,49722,49723,49724,49725,49726,49727,49728,13878,13880,55320,49729,13525,48805,48804],"class_list":{"0":"post-70295582","1":"product","2":"type-product","3":"status-publish","4":"has-post-thumbnail","6":"product_tag-1970er-jahre","7":"product_tag-20-jahrhundert-nach-chr","8":"product_tag-20-jahrhundert-vor-chr","9":"product_tag-20-jh-n-chr","10":"product_tag-20-jh-v-chr","11":"product_tag-20-jahrhundert","12":"product_tag-20-jh","13":"product_tag-70er","14":"product_tag-abt_002","15":"product_tag-abzug","16":"product_tag-alleinerziehend","17":"product_tag-alleinerziehende","18":"product_tag-alleinerziehenden","19":"product_tag-alleinerziehender","20":"product_tag-at_geschiedene-frauen","21":"product_tag-auftragsarbeit","22":"product_tag-bairisch","23":"product_tag-bayerisch","24":"product_tag-bayerische","25":"product_tag-bayerischem","26":"product_tag-bayerischen","27":"product_tag-bayerischer","28":"product_tag-bayerisches","29":"product_tag-bayern","30":"product_tag-bayerns","31":"product_tag-bayrisch","32":"product_tag-bayrische","33":"product_tag-bayrischem","34":"product_tag-bayrischen","35":"product_tag-bayrisches","36":"product_tag-bildnis","37":"product_tag-bildnisse","38":"product_tag-bildstrecke","39":"product_tag-brd","40":"product_tag-bruder","41":"product_tag-bube","42":"product_tag-buben","43":"product_tag-bundesrepublik-deutschland","44":"product_tag-damenportraet","45":"product_tag-damenportraets","46":"product_tag-deutsch","47":"product_tag-deutsche","48":"product_tag-deutschen","49":"product_tag-deutscher","50":"product_tag-deutsches","51":"product_tag-deutschland","52":"product_tag-deutschlands","53":"product_tag-drinnen","54":"product_tag-ehescheidung","55":"product_tag-einbaukueche","56":"product_tag-einbaukuechen","57":"product_tag-emanzipation","58":"product_tag-emanzipiert","59":"product_tag-emanzipierte","60":"product_tag-emanzipierten","61":"product_tag-emanzipierter","62":"product_tag-emanzipiertes","63":"product_tag-familie","64":"product_tag-familien","65":"product_tag-foto","66":"product_tag-fotoabzug","67":"product_tag-fotoabzuege","68":"product_tag-fotografie","69":"product_tag-fotografien","70":"product_tag-fotografin","71":"product_tag-fotografinnen","72":"product_tag-fotoreportage","73":"product_tag-fotoserie","74":"product_tag-frau","75":"product_tag-frauen","76":"product_tag-frauenbildnis","77":"product_tag-frauenportrait","78":"product_tag-frauenportraits","79":"product_tag-frauenportraet","80":"product_tag-frauenportraets","81":"product_tag-frauenrolle","82":"product_tag-frauenrollen","83":"product_tag-frauenzeitschrift","84":"product_tag-frauenzeitschriften","85":"product_tag-geldbeutel","86":"product_tag-geldboerse","87":"product_tag-geldboersen","88":"product_tag-geschieden","89":"product_tag-geschiedene","90":"product_tag-geschiedenem","91":"product_tag-geschiedenen","92":"product_tag-geschiedener","93":"product_tag-gesellschaft","94":"product_tag-innen","95":"product_tag-junge","96":"product_tag-jungen","97":"product_tag-jungens","98":"product_tag-jungs","99":"product_tag-kind","100":"product_tag-kinde","101":"product_tag-kinder","102":"product_tag-kindererziehung","103":"product_tag-kindern","104":"product_tag-kindes","105":"product_tag-kindheit","106":"product_tag-kleingeld","107":"product_tag-kleingeldes","108":"product_tag-kleingelds","109":"product_tag-knabe","110":"product_tag-knaben","111":"product_tag-kueche","112":"product_tag-kuechen","113":"product_tag-muenchen","114":"product_tag-muenchener","115":"product_tag-muenchens","116":"product_tag-muenchner","117":"product_tag-mutter","118":"product_tag-mutterschaft","119":"product_tag-photo","120":"product_tag-photoabzug","121":"product_tag-photoabzuege","122":"product_tag-photographie","123":"product_tag-photographien","124":"product_tag-photographin","125":"product_tag-photographinnen","126":"product_tag-photoreportage","127":"product_tag-portemonnaie","128":"product_tag-portmonee","129":"product_tag-portmonnee","130":"product_tag-portrait","131":"product_tag-portraitaufnahme","132":"product_tag-portraitfoto","133":"product_tag-portraitfotografie","134":"product_tag-portraitphoto","135":"product_tag-portraitphotographie","136":"product_tag-portraits","137":"product_tag-portraet","138":"product_tag-portraetaufnahme","139":"product_tag-portraetfoto","140":"product_tag-portraetfotografie","141":"product_tag-portraetphoto","142":"product_tag-portraetphotographie","143":"product_tag-portraets","144":"product_tag-print","145":"product_tag-publikation","146":"product_tag-publiziert","147":"product_tag-putzfrau","148":"product_tag-putzfrauen","149":"product_tag-raumpflegerin","150":"product_tag-raumpflegerinnen","151":"product_tag-reinemachefrau","152":"product_tag-reinemachefrauen","153":"product_tag-reportage","154":"product_tag-reportagefoto","155":"product_tag-reportagefotografie","156":"product_tag-reportagephoto","157":"product_tag-reportagephotographie","158":"product_tag-s-w-fotografie","159":"product_tag-s-w-photographie","160":"product_tag-scheidung","161":"product_tag-schwarzweissphotographie","162":"product_tag-schwarz-weiss-fotografie","163":"product_tag-schwarz-weiss-photographie","164":"product_tag-schwarzweiss","165":"product_tag-schwarzweisse","166":"product_tag-schwarzweissen","167":"product_tag-schwarzweisser","168":"product_tag-schwarzweisses","169":"product_tag-schwarzweissfotografie","170":"product_tag-serie","171":"product_tag-serien","172":"product_tag-siebziger","173":"product_tag-silbergelatine","174":"product_tag-silbergelatineabzug","175":"product_tag-silbergelatineabzuege","176":"product_tag-silbergelatineprint","177":"product_tag-sohn","178":"product_tag-soehne","179":"product_tag-soehnen","180":"product_tag-sohnes","181":"product_tag-stehen","182":"product_tag-stehend","183":"product_tag-stehende","184":"product_tag-stehenden","185":"product_tag-stehender","186":"product_tag-stehendes","187":"product_tag-sueddeutsch","188":"product_tag-sueddeutsche","189":"product_tag-sueddeutschen","190":"product_tag-sueddeutscher","191":"product_tag-sueddeutsches","192":"product_tag-sueddeutschland","193":"product_tag-sueddeutschlands","194":"product_tag-sw-fotografie","195":"product_tag-sw-photographie","196":"product_tag-taschengeld","197":"product_tag-trennung","198":"product_tag-von-innen","199":"product_tag-zu-hause","200":"product_tag-zuhause","201":"pa_datierung-juli-1977","202":"pa_fotograf-abisag-tuellmann","203":"pa_geografischer_bezug-aufnahmeort-muenchen-deutschland","204":"pa_grunddaten_material_technik-foto-silbergelatine-auf-barytpapier","205":"pa_inventarnummer-tue-77-271-09a","206":"pa_jahr_von-49467","207":"pa_massangaben-bildformat-foto-233-x-304-cm","208":"pa_mediennummer-55307","209":"pa_objekt_typ-fotografie","211":"first","212":"instock","213":"product-type-simple"},"yoast_head":"<!-- This site is optimized with the Yoast SEO plugin v27.4 - https:\/\/yoast.com\/product\/yoast-seo-wordpress\/ -->\n<title>Frau Sch\u00f6n mit ihren S\u00f6hnen Michael und Thomas - Abisag T\u00fcllmann<\/title>\n<meta name=\"robots\" content=\"index, follow, max-snippet:-1, max-image-preview:large, max-video-preview:-1\" \/>\n<link rel=\"canonical\" href=\"https:\/\/bpk-archive.de\/tuellmann\/produkt\/frau-schoen-mit-ihren-soehnen-michael-und-thomas\/\" \/>\n<meta property=\"og:locale\" content=\"de_DE\" \/>\n<meta property=\"og:type\" content=\"article\" \/>\n<meta property=\"og:title\" content=\"Frau Sch\u00f6n mit ihren S\u00f6hnen Michael und Thomas - Abisag T\u00fcllmann\" \/>\n<meta property=\"og:description\" content=\"Aus der Serie &#8222;Geschiedene Frauen&#8220; f\u00fcr die Zeitschrift &#8222;Brigitte&#8220; R\u00fcckseitenbeschriftung von anderer Hand: &#8222;Frauen und Kinder; Frau Sch\u00f6n mit Kindern Michael und Thomas (M\u00fcnchen) (Serie: geschiedene Frauen)&#8220;\" \/>\n<meta property=\"og:url\" content=\"https:\/\/bpk-archive.de\/tuellmann\/produkt\/frau-schoen-mit-ihren-soehnen-michael-und-thomas\/\" \/>\n<meta property=\"og:site_name\" content=\"Abisag T\u00fcllmann\" \/>\n<meta property=\"article:modified_time\" content=\"2019-09-05T13:19:13+00:00\" \/>\n<meta property=\"og:image\" content=\"https:\/\/bpk-archive.de\/tuellmann\/wp-content\/uploads\/2019\/08\/bpk_70278941.jpg\" \/>\n\t<meta property=\"og:image:width\" content=\"1200\" \/>\n\t<meta property=\"og:image:height\" content=\"937\" \/>\n\t<meta property=\"og:image:type\" content=\"image\/jpeg\" \/>\n<meta name=\"twitter:card\" content=\"summary_large_image\" \/>\n<script type=\"application\/ld+json\" class=\"yoast-schema-graph\">{\"@context\":\"https:\\\/\\\/schema.org\",\"@graph\":[{\"@type\":\"WebPage\",\"@id\":\"https:\\\/\\\/bpk-archive.de\\\/tuellmann\\\/produkt\\\/frau-schoen-mit-ihren-soehnen-michael-und-thomas\\\/\",\"url\":\"https:\\\/\\\/bpk-archive.de\\\/tuellmann\\\/produkt\\\/frau-schoen-mit-ihren-soehnen-michael-und-thomas\\\/\",\"name\":\"Frau Sch\u00f6n mit ihren S\u00f6hnen Michael und Thomas - Abisag T\u00fcllmann\",\"isPartOf\":{\"@id\":\"https:\\\/\\\/bpk-archive.de\\\/tuellmann\\\/#website\"},\"primaryImageOfPage\":{\"@id\":\"https:\\\/\\\/bpk-archive.de\\\/tuellmann\\\/produkt\\\/frau-schoen-mit-ihren-soehnen-michael-und-thomas\\\/#primaryimage\"},\"image\":{\"@id\":\"https:\\\/\\\/bpk-archive.de\\\/tuellmann\\\/produkt\\\/frau-schoen-mit-ihren-soehnen-michael-und-thomas\\\/#primaryimage\"},\"thumbnailUrl\":\"https:\\\/\\\/bpk-archive.de\\\/tuellmann\\\/wp-content\\\/uploads\\\/2019\\\/08\\\/bpk_70278941.jpg\",\"datePublished\":\"2019-09-05T13:19:04+00:00\",\"dateModified\":\"2019-09-05T13:19:13+00:00\",\"breadcrumb\":{\"@id\":\"https:\\\/\\\/bpk-archive.de\\\/tuellmann\\\/produkt\\\/frau-schoen-mit-ihren-soehnen-michael-und-thomas\\\/#breadcrumb\"},\"inLanguage\":\"de\",\"potentialAction\":[{\"@type\":\"ReadAction\",\"target\":[\"https:\\\/\\\/bpk-archive.de\\\/tuellmann\\\/produkt\\\/frau-schoen-mit-ihren-soehnen-michael-und-thomas\\\/\"]}]},{\"@type\":\"ImageObject\",\"inLanguage\":\"de\",\"@id\":\"https:\\\/\\\/bpk-archive.de\\\/tuellmann\\\/produkt\\\/frau-schoen-mit-ihren-soehnen-michael-und-thomas\\\/#primaryimage\",\"url\":\"https:\\\/\\\/bpk-archive.de\\\/tuellmann\\\/wp-content\\\/uploads\\\/2019\\\/08\\\/bpk_70278941.jpg\",\"contentUrl\":\"https:\\\/\\\/bpk-archive.de\\\/tuellmann\\\/wp-content\\\/uploads\\\/2019\\\/08\\\/bpk_70278941.jpg\",\"width\":1200,\"height\":937,\"caption\":\"Frau Sch\u00f6n mit ihren S\u00f6hnen Michael und Thomas\"},{\"@type\":\"BreadcrumbList\",\"@id\":\"https:\\\/\\\/bpk-archive.de\\\/tuellmann\\\/produkt\\\/frau-schoen-mit-ihren-soehnen-michael-und-thomas\\\/#breadcrumb\",\"itemListElement\":[{\"@type\":\"ListItem\",\"position\":1,\"name\":\"Startseite\",\"item\":\"https:\\\/\\\/bpk-archive.de\\\/tuellmann\\\/\"},{\"@type\":\"ListItem\",\"position\":2,\"name\":\"Shop\",\"item\":\"https:\\\/\\\/bpk-archive.de\\\/tuellmann\\\/shop\\\/\"},{\"@type\":\"ListItem\",\"position\":3,\"name\":\"Frau Sch\u00f6n mit ihren S\u00f6hnen Michael und Thomas\"}]},{\"@type\":\"WebSite\",\"@id\":\"https:\\\/\\\/bpk-archive.de\\\/tuellmann\\\/#website\",\"url\":\"https:\\\/\\\/bpk-archive.de\\\/tuellmann\\\/\",\"name\":\"Abisag T\u00fcllmann\",\"description\":\"Eine weitere WordPress-Website\",\"potentialAction\":[{\"@type\":\"SearchAction\",\"target\":{\"@type\":\"EntryPoint\",\"urlTemplate\":\"https:\\\/\\\/bpk-archive.de\\\/tuellmann\\\/?s={search_term_string}\"},\"query-input\":{\"@type\":\"PropertyValueSpecification\",\"valueRequired\":true,\"valueName\":\"search_term_string\"}}],\"inLanguage\":\"de\"}]}<\/script>\n<!-- \/ Yoast SEO plugin. -->","yoast_head_json":{"title":"Frau Sch\u00f6n mit ihren S\u00f6hnen Michael und Thomas - Abisag T\u00fcllmann","robots":{"index":"index","follow":"follow","max-snippet":"max-snippet:-1","max-image-preview":"max-image-preview:large","max-video-preview":"max-video-preview:-1"},"canonical":"https:\/\/bpk-archive.de\/tuellmann\/produkt\/frau-schoen-mit-ihren-soehnen-michael-und-thomas\/","og_locale":"de_DE","og_type":"article","og_title":"Frau Sch\u00f6n mit ihren S\u00f6hnen Michael und Thomas - Abisag T\u00fcllmann","og_description":"Aus der Serie &#8222;Geschiedene Frauen&#8220; f\u00fcr die Zeitschrift &#8222;Brigitte&#8220; R\u00fcckseitenbeschriftung von anderer Hand: &#8222;Frauen und Kinder; Frau Sch\u00f6n mit Kindern Michael und Thomas (M\u00fcnchen) (Serie: geschiedene Frauen)&#8220;","og_url":"https:\/\/bpk-archive.de\/tuellmann\/produkt\/frau-schoen-mit-ihren-soehnen-michael-und-thomas\/","og_site_name":"Abisag T\u00fcllmann","article_modified_time":"2019-09-05T13:19:13+00:00","og_image":[{"width":1200,"height":937,"url":"https:\/\/bpk-archive.de\/tuellmann\/wp-content\/uploads\/2019\/08\/bpk_70278941.jpg","type":"image\/jpeg"}],"twitter_card":"summary_large_image","schema":{"@context":"https:\/\/schema.org","@graph":[{"@type":"WebPage","@id":"https:\/\/bpk-archive.de\/tuellmann\/produkt\/frau-schoen-mit-ihren-soehnen-michael-und-thomas\/","url":"https:\/\/bpk-archive.de\/tuellmann\/produkt\/frau-schoen-mit-ihren-soehnen-michael-und-thomas\/","name":"Frau Sch\u00f6n mit ihren S\u00f6hnen Michael und Thomas - Abisag T\u00fcllmann","isPartOf":{"@id":"https:\/\/bpk-archive.de\/tuellmann\/#website"},"primaryImageOfPage":{"@id":"https:\/\/bpk-archive.de\/tuellmann\/produkt\/frau-schoen-mit-ihren-soehnen-michael-und-thomas\/#primaryimage"},"image":{"@id":"https:\/\/bpk-archive.de\/tuellmann\/produkt\/frau-schoen-mit-ihren-soehnen-michael-und-thomas\/#primaryimage"},"thumbnailUrl":"https:\/\/bpk-archive.de\/tuellmann\/wp-content\/uploads\/2019\/08\/bpk_70278941.jpg","datePublished":"2019-09-05T13:19:04+00:00","dateModified":"2019-09-05T13:19:13+00:00","breadcrumb":{"@id":"https:\/\/bpk-archive.de\/tuellmann\/produkt\/frau-schoen-mit-ihren-soehnen-michael-und-thomas\/#breadcrumb"},"inLanguage":"de","potentialAction":[{"@type":"ReadAction","target":["https:\/\/bpk-archive.de\/tuellmann\/produkt\/frau-schoen-mit-ihren-soehnen-michael-und-thomas\/"]}]},{"@type":"ImageObject","inLanguage":"de","@id":"https:\/\/bpk-archive.de\/tuellmann\/produkt\/frau-schoen-mit-ihren-soehnen-michael-und-thomas\/#primaryimage","url":"https:\/\/bpk-archive.de\/tuellmann\/wp-content\/uploads\/2019\/08\/bpk_70278941.jpg","contentUrl":"https:\/\/bpk-archive.de\/tuellmann\/wp-content\/uploads\/2019\/08\/bpk_70278941.jpg","width":1200,"height":937,"caption":"Frau Sch\u00f6n mit ihren S\u00f6hnen Michael und Thomas"},{"@type":"BreadcrumbList","@id":"https:\/\/bpk-archive.de\/tuellmann\/produkt\/frau-schoen-mit-ihren-soehnen-michael-und-thomas\/#breadcrumb","itemListElement":[{"@type":"ListItem","position":1,"name":"Startseite","item":"https:\/\/bpk-archive.de\/tuellmann\/"},{"@type":"ListItem","position":2,"name":"Shop","item":"https:\/\/bpk-archive.de\/tuellmann\/shop\/"},{"@type":"ListItem","position":3,"name":"Frau Sch\u00f6n mit ihren S\u00f6hnen Michael und Thomas"}]},{"@type":"WebSite","@id":"https:\/\/bpk-archive.de\/tuellmann\/#website","url":"https:\/\/bpk-archive.de\/tuellmann\/","name":"Abisag T\u00fcllmann","description":"Eine weitere WordPress-Website","potentialAction":[{"@type":"SearchAction","target":{"@type":"EntryPoint","urlTemplate":"https:\/\/bpk-archive.de\/tuellmann\/?s={search_term_string}"},"query-input":{"@type":"PropertyValueSpecification","valueRequired":true,"valueName":"search_term_string"}}],"inLanguage":"de"}]}},"_links":{"self":[{"href":"https:\/\/bpk-archive.de\/tuellmann\/wp-json\/wp\/v2\/product\/70295582","targetHints":{"allow":["GET"]}}],"collection":[{"href":"https:\/\/bpk-archive.de\/tuellmann\/wp-json\/wp\/v2\/product"}],"about":[{"href":"https:\/\/bpk-archive.de\/tuellmann\/wp-json\/wp\/v2\/types\/product"}],"wp:featuredmedia":[{"embeddable":true,"href":"https:\/\/bpk-archive.de\/tuellmann\/wp-json\/wp\/v2\/media\/70293042"}],"wp:attachment":[{"href":"https:\/\/bpk-archive.de\/tuellmann\/wp-json\/wp\/v2\/media?parent=70295582"}],"wp:term":[{"taxonomy":"product_brand","embeddable":true,"href":"https:\/\/bpk-archive.de\/tuellmann\/wp-json\/wp\/v2\/product_brand?post=70295582"},{"taxonomy":"product_cat","embeddable":true,"href":"https:\/\/bpk-archive.de\/tuellmann\/wp-json\/wp\/v2\/product_cat?post=70295582"},{"taxonomy":"product_tag","embeddable":true,"href":"https:\/\/bpk-archive.de\/tuellmann\/wp-json\/wp\/v2\/product_tag?post=70295582"}],"curies":[{"name":"wp","href":"https:\/\/api.w.org\/{rel}","templated":true}]}}